{"id":10138,"date":"2025-07-03T09:31:46","date_gmt":"2025-07-03T07:31:46","guid":{"rendered":"https:\/\/koningdrone.be\/product\/dji-mavic-4-pro-nd-filters-set-nd8-16-32-64\/"},"modified":"2026-04-29T03:51:03","modified_gmt":"2026-04-29T01:51:03","slug":"dji-mavic-4-pro-nd-filter-set-nd8-16-32-64","status":"publish","type":"product","link":"https:\/\/koningdrone.be\/fr\/produit\/dji-mavic-4-pro-nd-filter-set-nd8-16-32-64\/","title":{"rendered":"DJI Mavic 4 Pro Jeu de filtres ND (ND8\/16\/32\/64)"},"content":{"rendered":"<p>Le jeu de filtres ND (ND8\/16\/32\/64) DJI Mavic 4 Pro am\u00e9liore les performances de la cam\u00e9ra de votre drone en r\u00e9duisant la quantit\u00e9 de lumi\u00e8re entrant dans l'objectif, ce qui vous permet de contr\u00f4ler avec pr\u00e9cision l'exposition dans diff\u00e9rentes conditions d'\u00e9clairage. Ces filtres permettent d'obtenir des flous de boug\u00e9 plus fluides dans les vid\u00e9os et d'\u00e9viter la surexposition dans les environnements lumineux, ce qui les rend id\u00e9aux pour capturer des images cin\u00e9matographiques et des prises de vue avec de longs temps d'exposition. Con\u00e7us sp\u00e9cifiquement pour le Mavic 4 Pro, ils garantissent une fixation s\u00fbre et une int\u00e9gration transparente avec le syst\u00e8me de cam\u00e9ra du drone.<\/p>","protected":false},"excerpt":{"rendered":"<ul>\n<li>Am\u00e9liore la qualit\u00e9 de l'image en r\u00e9duisant la lumi\u00e8re pour une exposition \u00e9quilibr\u00e9e.<\/li>\n<li>Id\u00e9al pour r\u00e9aliser des vid\u00e9os cin\u00e9matiques avec un flou de mouvement fluide.<\/li>\n<li>Emp\u00eache la surexposition dans des conditions de luminosit\u00e9 et d'ensoleillement.<\/li>\n<li>Permet de prendre des photos en exposition longue pour des prises de vue cr\u00e9atives.<\/li>\n<li>Sp\u00e9cialement con\u00e7u pour une fixation s\u00fbre sur le Mavic 4 Pro.<\/li>\n<li>Facile \u00e0 installer et \u00e0 passer d'un filtre \u00e0 l'autre.<\/li>\n<\/ul>","protected":false},"featured_media":15413,"template":"","meta":{"_acf_changed":false},"product_brand":[],"product_cat":[1415,58],"product_tag":[108],"class_list":{"0":"post-10138","1":"product","2":"type-product","3":"status-publish","4":"has-post-thumbnail","6":"product_cat-dji-mavic-4-pro","7":"product_cat-uncategorized","8":"product_tag-acsystemsall","9":"product_shipping_class-acsystemsall","10":"pa_brand-dji","11":"pa_producttype-filterset","12":"pa_series-mavic-4-pro","14":"first","15":"instock","16":"taxable","17":"shipping-taxable","18":"purchasable","19":"product-type-simple"},"acf":[],"yoast_head":"<!-- This site is optimized with the Yoast SEO Premium plugin v27.2 (Yoast SEO v27.2) - https:\/\/yoast.com\/product\/yoast-seo-premium-wordpress\/ -->\n<title>DJI Mavic 4 Pro ND Filter Set (ND8\/16\/32\/64) - koningdrone.be<\/title>\n<meta name=\"robots\" content=\"index, follow, max-snippet:-1, max-image-preview:large, max-video-preview:-1\" \/>\n<link rel=\"canonical\" href=\"https:\/\/koningdrone.be\/fr\/produit\/dji-mavic-4-pro-nd-filter-set-nd8-16-32-64\/\" \/>\n<meta property=\"og:locale\" content=\"fr_FR\" \/>\n<meta property=\"og:type\" content=\"article\" \/>\n<meta property=\"og:title\" content=\"DJI Mavic 4 Pro ND Filter Set (ND8\/16\/32\/64)\" \/>\n<meta property=\"og:description\" content=\"Verbetert de beeldkwaliteit door het licht te verminderen voor een evenwichtige belichting. Ideaal voor het maken van filmische video&#039;s met vloeiende bewegingsonscherpte. Voorkomt overbelichting bij heldere en zonnige omstandigheden. Maakt fotografie met lange belichtingstijden mogelijk voor creatieve opnames. Speciaal ontworpen voor een stevige bevestiging op de Mavic 4 Pro. Eenvoudig te installeren en te wisselen tussen verschillende filtersterktes.\" \/>\n<meta property=\"og:url\" content=\"https:\/\/koningdrone.be\/fr\/produit\/dji-mavic-4-pro-nd-filter-set-nd8-16-32-64\/\" \/>\n<meta property=\"og:site_name\" content=\"koningdrone.be\" \/>\n<meta property=\"article:modified_time\" content=\"2026-04-29T01:51:03+00:00\" \/>\n<meta property=\"og:image\" content=\"https:\/\/koningdrone.be\/wp-content\/uploads\/sites\/13\/2025\/08\/56668d92221bc7182433c9b6d7852141@origin-scaled-1.jpg\" \/>\n\t<meta property=\"og:image:width\" content=\"2560\" \/>\n\t<meta property=\"og:image:height\" content=\"1707\" \/>\n\t<meta property=\"og:image:type\" content=\"image\/jpeg\" \/>\n<meta name=\"twitter:card\" content=\"summary_large_image\" \/>\n<script type=\"application\/ld+json\" class=\"yoast-schema-graph\">{\"@context\":\"https:\/\/schema.org\",\"@graph\":[{\"@type\":\"WebPage\",\"@id\":\"https:\/\/koningdrone.be\/product\/dji-mavic-4-pro-nd-filter-set-nd8-16-32-64\/\",\"url\":\"https:\/\/koningdrone.be\/product\/dji-mavic-4-pro-nd-filter-set-nd8-16-32-64\/\",\"name\":\"DJI Mavic 4 Pro ND Filter Set (ND8\/16\/32\/64) - koningdrone.be\",\"isPartOf\":{\"@id\":\"https:\/\/koningdrone.be\/#website\"},\"primaryImageOfPage\":{\"@id\":\"https:\/\/koningdrone.be\/product\/dji-mavic-4-pro-nd-filter-set-nd8-16-32-64\/#primaryimage\"},\"image\":{\"@id\":\"https:\/\/koningdrone.be\/product\/dji-mavic-4-pro-nd-filter-set-nd8-16-32-64\/#primaryimage\"},\"thumbnailUrl\":\"https:\/\/koningdrone.be\/wp-content\/uploads\/sites\/13\/2025\/08\/56668d92221bc7182433c9b6d7852141@origin-scaled-1.jpg\",\"datePublished\":\"2025-07-03T07:31:46+00:00\",\"dateModified\":\"2026-04-29T01:51:03+00:00\",\"breadcrumb\":{\"@id\":\"https:\/\/koningdrone.be\/product\/dji-mavic-4-pro-nd-filter-set-nd8-16-32-64\/#breadcrumb\"},\"inLanguage\":\"fr-BE\",\"potentialAction\":[{\"@type\":\"ReadAction\",\"target\":[\"https:\/\/koningdrone.be\/product\/dji-mavic-4-pro-nd-filter-set-nd8-16-32-64\/\"]}]},{\"@type\":\"ImageObject\",\"inLanguage\":\"fr-BE\",\"@id\":\"https:\/\/koningdrone.be\/product\/dji-mavic-4-pro-nd-filter-set-nd8-16-32-64\/#primaryimage\",\"url\":\"https:\/\/koningdrone.be\/wp-content\/uploads\/sites\/13\/2025\/08\/56668d92221bc7182433c9b6d7852141@origin-scaled-1.jpg\",\"contentUrl\":\"https:\/\/koningdrone.be\/wp-content\/uploads\/sites\/13\/2025\/08\/56668d92221bc7182433c9b6d7852141@origin-scaled-1.jpg\",\"width\":2560,\"height\":1707},{\"@type\":\"BreadcrumbList\",\"@id\":\"https:\/\/koningdrone.be\/product\/dji-mavic-4-pro-nd-filter-set-nd8-16-32-64\/#breadcrumb\",\"itemListElement\":[{\"@type\":\"ListItem\",\"position\":1,\"name\":\"Home\",\"item\":\"https:\/\/koningdrone.be\/\"},{\"@type\":\"ListItem\",\"position\":2,\"name\":\"AVSS Parachute Recovery System for DJI Matrice 300\/350\",\"item\":\"https:\/\/koningdrone.be\/product\/avss-parachute-recovery-system-for-dji-matrice-300-350\/\"},{\"@type\":\"ListItem\",\"position\":3,\"name\":\"DJI Mavic 4 Pro\",\"item\":\"https:\/\/koningdrone.be\/categorie\/dji-mavic-4-pro\/\"},{\"@type\":\"ListItem\",\"position\":4,\"name\":\"DJI Mavic 4 Pro ND Filter Set (ND8\/16\/32\/64)\"}]},{\"@type\":\"WebSite\",\"@id\":\"https:\/\/koningdrone.be\/#website\",\"url\":\"https:\/\/koningdrone.be\/\",\"name\":\"Koningdrone.be - Uw online specialist in drones, gimbals, camera's en power stations.\",\"description\":\"De webshop in drones en gimbals\",\"publisher\":{\"@id\":\"https:\/\/koningdrone.be\/#organization\"},\"potentialAction\":[{\"@type\":\"SearchAction\",\"target\":{\"@type\":\"EntryPoint\",\"urlTemplate\":\"https:\/\/koningdrone.be\/?s={search_term_string}\"},\"query-input\":{\"@type\":\"PropertyValueSpecification\",\"valueRequired\":true,\"valueName\":\"search_term_string\"}}],\"inLanguage\":\"fr-BE\"},{\"@type\":\"Organization\",\"@id\":\"https:\/\/koningdrone.be\/#organization\",\"name\":\"Koningdrone.be\",\"url\":\"https:\/\/koningdrone.be\/\",\"logo\":{\"@type\":\"ImageObject\",\"inLanguage\":\"fr-BE\",\"@id\":\"https:\/\/koningdrone.be\/#\/schema\/logo\/image\/\",\"url\":\"https:\/\/koningdrone.be\/wp-content\/uploads\/sites\/13\/2025\/04\/koningdrone-copyright-logo.svg\",\"contentUrl\":\"https:\/\/koningdrone.be\/wp-content\/uploads\/sites\/13\/2025\/04\/koningdrone-copyright-logo.svg\",\"width\":227,\"height\":38,\"caption\":\"Koningdrone.be\"},\"image\":{\"@id\":\"https:\/\/koningdrone.be\/#\/schema\/logo\/image\/\"}}]}<\/script>\n<!-- \/ Yoast SEO Premium plugin. -->","yoast_head_json":{"title":"DJI Mavic 4 Pro ND Filter Set (ND8\/16\/32\/64) - koningdrone.be","robots":{"index":"index","follow":"follow","max-snippet":"max-snippet:-1","max-image-preview":"max-image-preview:large","max-video-preview":"max-video-preview:-1"},"canonical":"https:\/\/koningdrone.be\/fr\/produit\/dji-mavic-4-pro-nd-filter-set-nd8-16-32-64\/","og_locale":"fr_FR","og_type":"article","og_title":"DJI Mavic 4 Pro ND Filter Set (ND8\/16\/32\/64)","og_description":"Verbetert de beeldkwaliteit door het licht te verminderen voor een evenwichtige belichting. Ideaal voor het maken van filmische video's met vloeiende bewegingsonscherpte. Voorkomt overbelichting bij heldere en zonnige omstandigheden. Maakt fotografie met lange belichtingstijden mogelijk voor creatieve opnames. Speciaal ontworpen voor een stevige bevestiging op de Mavic 4 Pro. Eenvoudig te installeren en te wisselen tussen verschillende filtersterktes.","og_url":"https:\/\/koningdrone.be\/fr\/produit\/dji-mavic-4-pro-nd-filter-set-nd8-16-32-64\/","og_site_name":"koningdrone.be","article_modified_time":"2026-04-29T01:51:03+00:00","og_image":[{"width":2560,"height":1707,"url":"https:\/\/koningdrone.be\/wp-content\/uploads\/sites\/13\/2025\/08\/56668d92221bc7182433c9b6d7852141@origin-scaled-1.jpg","type":"image\/jpeg"}],"twitter_card":"summary_large_image","schema":{"@context":"https:\/\/schema.org","@graph":[{"@type":"WebPage","@id":"https:\/\/koningdrone.be\/product\/dji-mavic-4-pro-nd-filter-set-nd8-16-32-64\/","url":"https:\/\/koningdrone.be\/product\/dji-mavic-4-pro-nd-filter-set-nd8-16-32-64\/","name":"DJI Mavic 4 Pro ND Filter Set (ND8\/16\/32\/64) - koningdrone.be","isPartOf":{"@id":"https:\/\/koningdrone.be\/#website"},"primaryImageOfPage":{"@id":"https:\/\/koningdrone.be\/product\/dji-mavic-4-pro-nd-filter-set-nd8-16-32-64\/#primaryimage"},"image":{"@id":"https:\/\/koningdrone.be\/product\/dji-mavic-4-pro-nd-filter-set-nd8-16-32-64\/#primaryimage"},"thumbnailUrl":"https:\/\/koningdrone.be\/wp-content\/uploads\/sites\/13\/2025\/08\/56668d92221bc7182433c9b6d7852141@origin-scaled-1.jpg","datePublished":"2025-07-03T07:31:46+00:00","dateModified":"2026-04-29T01:51:03+00:00","breadcrumb":{"@id":"https:\/\/koningdrone.be\/product\/dji-mavic-4-pro-nd-filter-set-nd8-16-32-64\/#breadcrumb"},"inLanguage":"fr-BE","potentialAction":[{"@type":"ReadAction","target":["https:\/\/koningdrone.be\/product\/dji-mavic-4-pro-nd-filter-set-nd8-16-32-64\/"]}]},{"@type":"ImageObject","inLanguage":"fr-BE","@id":"https:\/\/koningdrone.be\/product\/dji-mavic-4-pro-nd-filter-set-nd8-16-32-64\/#primaryimage","url":"https:\/\/koningdrone.be\/wp-content\/uploads\/sites\/13\/2025\/08\/56668d92221bc7182433c9b6d7852141@origin-scaled-1.jpg","contentUrl":"https:\/\/koningdrone.be\/wp-content\/uploads\/sites\/13\/2025\/08\/56668d92221bc7182433c9b6d7852141@origin-scaled-1.jpg","width":2560,"height":1707},{"@type":"BreadcrumbList","@id":"https:\/\/koningdrone.be\/product\/dji-mavic-4-pro-nd-filter-set-nd8-16-32-64\/#breadcrumb","itemListElement":[{"@type":"ListItem","position":1,"name":"Home","item":"https:\/\/koningdrone.be\/"},{"@type":"ListItem","position":2,"name":"AVSS Parachute Recovery System for DJI Matrice 300\/350","item":"https:\/\/koningdrone.be\/product\/avss-parachute-recovery-system-for-dji-matrice-300-350\/"},{"@type":"ListItem","position":3,"name":"DJI Mavic 4 Pro","item":"https:\/\/koningdrone.be\/categorie\/dji-mavic-4-pro\/"},{"@type":"ListItem","position":4,"name":"DJI Mavic 4 Pro ND Filter Set (ND8\/16\/32\/64)"}]},{"@type":"WebSite","@id":"https:\/\/koningdrone.be\/#website","url":"https:\/\/koningdrone.be\/","name":"Koningdrone.be - Votre sp\u00e9cialiste en ligne en mati\u00e8re de drones, de cardans, de cam\u00e9ras et de centrales \u00e9lectriques.","description":"La boutique en ligne de drones et de cardans","publisher":{"@id":"https:\/\/koningdrone.be\/#organization"},"potentialAction":[{"@type":"SearchAction","target":{"@type":"EntryPoint","urlTemplate":"https:\/\/koningdrone.be\/?s={search_term_string}"},"query-input":{"@type":"PropertyValueSpecification","valueRequired":true,"valueName":"search_term_string"}}],"inLanguage":"fr-BE"},{"@type":"Organization","@id":"https:\/\/koningdrone.be\/#organization","name":"Kingdrone.co.uk","url":"https:\/\/koningdrone.be\/","logo":{"@type":"ImageObject","inLanguage":"fr-BE","@id":"https:\/\/koningdrone.be\/#\/schema\/logo\/image\/","url":"https:\/\/koningdrone.be\/wp-content\/uploads\/sites\/13\/2025\/04\/koningdrone-copyright-logo.svg","contentUrl":"https:\/\/koningdrone.be\/wp-content\/uploads\/sites\/13\/2025\/04\/koningdrone-copyright-logo.svg","width":227,"height":38,"caption":"Koningdrone.be"},"image":{"@id":"https:\/\/koningdrone.be\/#\/schema\/logo\/image\/"}}]}},"df_price":135,"df_sale_price":"","df_regular_price":135,"df_image_link":"https:\/\/koningdrone.be\/wp-content\/uploads\/sites\/13\/2025\/08\/56668d92221bc7182433c9b6d7852141@origin-scaled-1-300x200.jpg","_links":{"self":[{"href":"https:\/\/koningdrone.be\/fr\/wp-json\/wp\/v2\/product\/10138","targetHints":{"allow":["GET"]}}],"collection":[{"href":"https:\/\/koningdrone.be\/fr\/wp-json\/wp\/v2\/product"}],"about":[{"href":"https:\/\/koningdrone.be\/fr\/wp-json\/wp\/v2\/types\/product"}],"wp:featuredmedia":[{"embeddable":true,"href":"https:\/\/koningdrone.be\/fr\/wp-json\/wp\/v2\/media\/15413"}],"wp:attachment":[{"href":"https:\/\/koningdrone.be\/fr\/wp-json\/wp\/v2\/media?parent=10138"}],"wp:term":[{"taxonomy":"product_brand","embeddable":true,"href":"https:\/\/koningdrone.be\/fr\/wp-json\/wp\/v2\/product_brand?post=10138"},{"taxonomy":"product_cat","embeddable":true,"href":"https:\/\/koningdrone.be\/fr\/wp-json\/wp\/v2\/product_cat?post=10138"},{"taxonomy":"product_tag","embeddable":true,"href":"https:\/\/koningdrone.be\/fr\/wp-json\/wp\/v2\/product_tag?post=10138"}],"curies":[{"name":"wp","href":"https:\/\/api.w.org\/{rel}","templated":true}]}}