{"id":10126,"date":"2025-07-03T09:32:52","date_gmt":"2025-07-03T07:32:52","guid":{"rendered":"https:\/\/koningdrone.be\/product\/dji-mavic-4-pro-512gb-creator-combo-dji-rc-pro-2\/"},"modified":"2026-04-29T04:31:06","modified_gmt":"2026-04-29T02:31:06","slug":"dji-mavic-4-pro-512gb-creator-combo-incl-dji-rc-pro-2","status":"publish","type":"product","link":"https:\/\/koningdrone.be\/fr\/produit\/dji-mavic-4-pro-512gb-creator-combo-incl-dji-rc-pro-2\/","title":{"rendered":"DJI Mavic 4 Pro 512GB Creator Combo - incl. DJI RC Pro 2"},"content":{"rendered":"<h3>DJI Mavic 4 Pro 512GB Creator Combo : la r\u00e9volution ultime du flux de travail<\/h3>\n<p><iframe loading=\"lazy\" title=\"Unboxing DJI Mavic 4 Pro 512GB Creator Combo\" width=\"800\" height=\"450\" src=\"https:\/\/www.youtube.com\/embed\/FaU6Lrk0emc?feature=oembed&#038;enablejsapi=1&#038;origin=https:\/\/koningdrone.be\" frameborder=\"0\" allow=\"accelerometer; autoplay; clipboard-write; encrypted-media; gyroscope; picture-in-picture; web-share\" referrerpolicy=\"strict-origin-when-cross-origin\" allowfullscreen><\/iframe><\/p>\n<p style=\"margin: 20px 0\">Le <strong>DJI Mavic 4 Pro 512GB Creator Combo<\/strong> est le nec plus ultra en mati\u00e8re d'efficacit\u00e9 pour le cin\u00e9aste professionnel. Alors que les autres drones s'appuient sur des cartes SD externes qui peuvent se perdre ou se remplir, ce Creator Combo offre une gigantesque carte SD. <strong>512 Go de stockage interne ultra-rapide<\/strong>. Combin\u00e9 avec le <strong>DJI RC Pro 2<\/strong>-Le contr\u00f4leur le plus puissant de sa cat\u00e9gorie, cet ensemble est con\u00e7u pour \u00e9liminer toute barri\u00e8re entre votre vision et la prise de vue finale. C'est le drone des cr\u00e9ateurs qui ne veulent pas perdre de temps sur des questions secondaires, mais qui veulent atteindre imm\u00e9diatement le niveau cin\u00e9matographique le plus \u00e9lev\u00e9.<\/p>\n<p><a href=\"https:\/\/koningdrone.nl\/wp-content\/uploads\/2025\/07\/DJI-Mavic-4-Pro-512GB-Creator-Combo-incl.-DJI-RC-Pro-2.jpg\"><img loading=\"lazy\" decoding=\"async\" class=\"aligncenter wp-image-472490 size-full\" src=\"https:\/\/koningdrone.nl\/wp-content\/uploads\/2025\/07\/DJI-Mavic-4-Pro-512GB-Creator-Combo-incl.-DJI-RC-Pro-2.jpg\" alt=\"DJI Mavic 4 Pro 512GB Creator Combo - incl. DJI RC Pro 2\" width=\"800\" height=\"600\" \/><\/a><\/p>\n<h4>Traitement et stockage d'images in\u00e9gal\u00e9s<\/h4>\n<p>Le Creator Combo est techniquement sup\u00e9rieur pour les environnements de post-production :<\/p>\n<ul>\n<li><strong>512 Go Stockage interne \u00e0 grande vitesse :<\/strong> Enregistrez pendant des heures aux d\u00e9bits les plus \u00e9lev\u00e9s sans vous soucier de l'espace de stockage. Le disque interne est optimis\u00e9 pour le flux de donn\u00e9es massif de la vid\u00e9o 6K, ce qui garantit une exp\u00e9rience d'enregistrement extr\u00eamement fiable.<\/li>\n<li><strong>Prise en charge des codecs professionnels :<\/strong> Tirer en <strong>Vid\u00e9o 4:2:2 10 bits et codage ALL-I<\/strong>. Ces formats pr\u00e9servent au maximum l'espace colorim\u00e9trique et la gamme dynamique, ce qui est essentiel pour l'\u00e9talonnage professionnel des couleurs et les effets visuels complexes.<\/li>\n<li><strong>Ma\u00eetrise des trois cam\u00e9ras :<\/strong> Passez en toute transparence de l'appareil photo principal Hasselblad de 100 m\u00e9gapixels aux deux t\u00e9l\u00e9objectifs pour capturer n'importe quelle perspective sans avoir \u00e0 poser le drone pour changer d'objectif.<\/li>\n<\/ul>\n<h4>La puissance du RC Pro 2 et du Infinity Gimbal<\/h4>\n<p>Fonctionnement et stabilit\u00e9 \u00e0 un niveau sans pr\u00e9c\u00e9dent :<\/p>\n<ul>\n<li><strong>Contr\u00f4leur DJI RC Pro 2 :<\/strong> La nouvelle norme en mati\u00e8re de contr\u00f4le professionnel. Gr\u00e2ce \u00e0 un \u00e9cran ultra-lumineux de 1 000 lumens, chaque d\u00e9tail de votre composition est visible, m\u00eame en plein soleil de midi. Le puissant processeur garantit une connexion sans d\u00e9calage et prend en charge l'installation d'applications tierces pour une gestion instantan\u00e9e de vos images.<\/li>\n<li><strong>Balancier \u00e0 l'infini 360\u00b0 :<\/strong> Gr\u00e2ce \u00e0 la libert\u00e9 de rotation totale du cardan, vous pouvez filmer des contenus verticaux pour les m\u00e9dias sociaux ou cr\u00e9er des rouleaux dramatiques qui n'\u00e9taient auparavant possibles qu'avec des rigs de cin\u00e9ma lourds.<\/li>\n<li><strong>Temps de vol extr\u00eame :<\/strong> Avec <strong>51 minutes de vol<\/strong> par batterie, vous avez la tranquillit\u00e9 d'esprit de trouver l'angle parfait et de mener \u00e0 bien vos missions de suivi actif sans avoir \u00e0 vous poser pr\u00e9matur\u00e9ment.<\/li>\n<\/ul>\n<p><a href=\"https:\/\/koningdrone.nl\/wp-content\/uploads\/2025\/07\/DJI-Mavic-4-Pro-512GB-Creator-Combo-Product-incl.-DJI-RC-Pro-2.jpg\"><img loading=\"lazy\" decoding=\"async\" class=\"size-medium wp-image-472488 aligncenter\" src=\"https:\/\/koningdrone.nl\/wp-content\/uploads\/2025\/07\/DJI-Mavic-4-Pro-512GB-Creator-Combo-Product-incl.-DJI-RC-Pro-2-300x225.jpg\" alt=\"DJI Mavic 4 Pro 512GB Creator Combo Product - incl. DJI RC Pro 2\" width=\"300\" height=\"225\" \/><\/a><\/p>\n<h4>Pourquoi le Combo Creator est indispensable<\/h4>\n<p>Pour les cin\u00e9astes s\u00e9rieux, le Mavic 4 Pro Creator Combo est le seul choix logique. Il \u00e9limine le besoin d'accessoires suppl\u00e9mentaires tels que les smartphones, les tablettes ou les sacs remplis de cartes SD. C'est un \u00e9cosyst\u00e8me compl\u00e8tement autonome pr\u00eat pour les productions les plus exigeantes. Que vous fassiez un tournage publicitaire en pleine nature ou un rapide reportage en ville, avec 512 Go de stockage interne et le RC Pro 2, vous aurez toujours une longueur d'avance sur la concurrence.<\/p>","protected":false},"excerpt":{"rendered":"<ul>\n<li>512 Go de stockage interne pour un enregistrement instantan\u00e9<\/li>\n<li>Vid\u00e9o 4:2:2 10 bits et codage ALL-I<\/li>\n<li>Syst\u00e8me \u00e0 triple cam\u00e9ra avec capteur Hasselblad<\/li>\n<li>Jusqu'\u00e0 51 minutes de vol<\/li>\n<li>Balancier \u00e0 l'infini 360<\/li>\n<li>Contr\u00f4leur RC Pro 2 avec affichage clair<\/li>\n<li>Id\u00e9al pour les flux de travail professionnels<\/li>\n<\/ul>","protected":false},"featured_media":18790,"template":"","meta":{"_acf_changed":false},"product_brand":[],"product_cat":[1415],"product_tag":[],"class_list":{"0":"post-10126","1":"product","2":"type-product","3":"status-publish","4":"has-post-thumbnail","6":"product_cat-dji-mavic-4-pro","7":"product_shipping_class-outofstock","8":"pa_brand-dji","9":"pa_producttype-drone","10":"pa_series-mavic","12":"first","13":"outofstock","14":"taxable","15":"shipping-taxable","16":"purchasable","17":"product-type-simple"},"acf":[],"yoast_head":"<!-- This site is optimized with the Yoast SEO Premium plugin v27.2 (Yoast SEO v27.2) - https:\/\/yoast.com\/product\/yoast-seo-premium-wordpress\/ -->\n<title>DJI Mavic 4 Pro 512GB Creator Combo - incl. DJI RC Pro 2 - koningdrone.be<\/title>\n<meta name=\"robots\" content=\"index, follow, max-snippet:-1, max-image-preview:large, max-video-preview:-1\" \/>\n<link rel=\"canonical\" href=\"https:\/\/koningdrone.be\/fr\/produit\/dji-mavic-4-pro-512gb-creator-combo-incl-dji-rc-pro-2\/\" \/>\n<meta property=\"og:locale\" content=\"fr_FR\" \/>\n<meta property=\"og:type\" content=\"article\" \/>\n<meta property=\"og:title\" content=\"DJI Mavic 4 Pro 512GB Creator Combo - incl. DJI RC Pro 2\" \/>\n<meta property=\"og:description\" content=\"512GB interne opslag voor directe opname  10-bit 4:2:2 video en ALL-I encoding  Triple-camera systeem met Hasselblad sensor  Tot 51 minuten vliegtijd  360\u00b0 Infinity Gimbal  RC Pro 2 controller met helder display  Ideaal voor professionele workflows\" \/>\n<meta property=\"og:url\" content=\"https:\/\/koningdrone.be\/fr\/produit\/dji-mavic-4-pro-512gb-creator-combo-incl-dji-rc-pro-2\/\" \/>\n<meta property=\"og:site_name\" content=\"koningdrone.be\" \/>\n<meta property=\"article:modified_time\" content=\"2026-04-29T02:31:06+00:00\" \/>\n<meta property=\"og:image\" content=\"https:\/\/koningdrone.be\/wp-content\/uploads\/sites\/13\/2026\/04\/DJI-Mavic-4-Pro-512GB-Creator-Combo-incl.-DJI-RC-Pro-2.jpg\" \/>\n\t<meta property=\"og:image:width\" content=\"800\" \/>\n\t<meta property=\"og:image:height\" content=\"600\" \/>\n\t<meta property=\"og:image:type\" content=\"image\/jpeg\" \/>\n<meta name=\"twitter:card\" content=\"summary_large_image\" \/>\n<meta name=\"twitter:label1\" content=\"Dur\u00e9e de lecture est.\" \/>\n\t<meta name=\"twitter:data1\" content=\"1 minute\" \/>\n<script type=\"application\/ld+json\" class=\"yoast-schema-graph\">{\"@context\":\"https:\/\/schema.org\",\"@graph\":[{\"@type\":\"WebPage\",\"@id\":\"https:\/\/koningdrone.be\/product\/dji-mavic-4-pro-512gb-creator-combo-incl-dji-rc-pro-2\/\",\"url\":\"https:\/\/koningdrone.be\/product\/dji-mavic-4-pro-512gb-creator-combo-incl-dji-rc-pro-2\/\",\"name\":\"DJI Mavic 4 Pro 512GB Creator Combo - incl. DJI RC Pro 2 - koningdrone.be\",\"isPartOf\":{\"@id\":\"https:\/\/koningdrone.be\/#website\"},\"primaryImageOfPage\":{\"@id\":\"https:\/\/koningdrone.be\/product\/dji-mavic-4-pro-512gb-creator-combo-incl-dji-rc-pro-2\/#primaryimage\"},\"image\":{\"@id\":\"https:\/\/koningdrone.be\/product\/dji-mavic-4-pro-512gb-creator-combo-incl-dji-rc-pro-2\/#primaryimage\"},\"thumbnailUrl\":\"https:\/\/koningdrone.be\/wp-content\/uploads\/sites\/13\/2026\/04\/DJI-Mavic-4-Pro-512GB-Creator-Combo-incl.-DJI-RC-Pro-2.jpg\",\"datePublished\":\"2025-07-03T07:32:52+00:00\",\"dateModified\":\"2026-04-29T02:31:06+00:00\",\"breadcrumb\":{\"@id\":\"https:\/\/koningdrone.be\/product\/dji-mavic-4-pro-512gb-creator-combo-incl-dji-rc-pro-2\/#breadcrumb\"},\"inLanguage\":\"fr-BE\",\"potentialAction\":[{\"@type\":\"ReadAction\",\"target\":[\"https:\/\/koningdrone.be\/product\/dji-mavic-4-pro-512gb-creator-combo-incl-dji-rc-pro-2\/\"]}]},{\"@type\":\"ImageObject\",\"inLanguage\":\"fr-BE\",\"@id\":\"https:\/\/koningdrone.be\/product\/dji-mavic-4-pro-512gb-creator-combo-incl-dji-rc-pro-2\/#primaryimage\",\"url\":\"https:\/\/koningdrone.be\/wp-content\/uploads\/sites\/13\/2026\/04\/DJI-Mavic-4-Pro-512GB-Creator-Combo-incl.-DJI-RC-Pro-2.jpg\",\"contentUrl\":\"https:\/\/koningdrone.be\/wp-content\/uploads\/sites\/13\/2026\/04\/DJI-Mavic-4-Pro-512GB-Creator-Combo-incl.-DJI-RC-Pro-2.jpg\",\"width\":800,\"height\":600},{\"@type\":\"BreadcrumbList\",\"@id\":\"https:\/\/koningdrone.be\/product\/dji-mavic-4-pro-512gb-creator-combo-incl-dji-rc-pro-2\/#breadcrumb\",\"itemListElement\":[{\"@type\":\"ListItem\",\"position\":1,\"name\":\"Home\",\"item\":\"https:\/\/koningdrone.be\/\"},{\"@type\":\"ListItem\",\"position\":2,\"name\":\"AVSS Parachute Recovery System for DJI Matrice 300\/350\",\"item\":\"https:\/\/koningdrone.be\/product\/avss-parachute-recovery-system-for-dji-matrice-300-350\/\"},{\"@type\":\"ListItem\",\"position\":3,\"name\":\"DJI Mavic 4 Pro\",\"item\":\"https:\/\/koningdrone.be\/categorie\/dji-mavic-4-pro\/\"},{\"@type\":\"ListItem\",\"position\":4,\"name\":\"DJI Mavic 4 Pro 512GB Creator Combo &#8211; incl. DJI RC Pro 2\"}]},{\"@type\":\"WebSite\",\"@id\":\"https:\/\/koningdrone.be\/#website\",\"url\":\"https:\/\/koningdrone.be\/\",\"name\":\"Koningdrone.be - Uw online specialist in drones, gimbals, camera's en power stations.\",\"description\":\"De webshop in drones en gimbals\",\"publisher\":{\"@id\":\"https:\/\/koningdrone.be\/#organization\"},\"potentialAction\":[{\"@type\":\"SearchAction\",\"target\":{\"@type\":\"EntryPoint\",\"urlTemplate\":\"https:\/\/koningdrone.be\/?s={search_term_string}\"},\"query-input\":{\"@type\":\"PropertyValueSpecification\",\"valueRequired\":true,\"valueName\":\"search_term_string\"}}],\"inLanguage\":\"fr-BE\"},{\"@type\":\"Organization\",\"@id\":\"https:\/\/koningdrone.be\/#organization\",\"name\":\"Koningdrone.be\",\"url\":\"https:\/\/koningdrone.be\/\",\"logo\":{\"@type\":\"ImageObject\",\"inLanguage\":\"fr-BE\",\"@id\":\"https:\/\/koningdrone.be\/#\/schema\/logo\/image\/\",\"url\":\"https:\/\/koningdrone.be\/wp-content\/uploads\/sites\/13\/2025\/04\/koningdrone-copyright-logo.svg\",\"contentUrl\":\"https:\/\/koningdrone.be\/wp-content\/uploads\/sites\/13\/2025\/04\/koningdrone-copyright-logo.svg\",\"width\":227,\"height\":38,\"caption\":\"Koningdrone.be\"},\"image\":{\"@id\":\"https:\/\/koningdrone.be\/#\/schema\/logo\/image\/\"}}]}<\/script>\n<!-- \/ Yoast SEO Premium plugin. -->","yoast_head_json":{"title":"DJI Mavic 4 Pro 512GB Creator Combo - incl. DJI RC Pro 2 - koningdrone.be","robots":{"index":"index","follow":"follow","max-snippet":"max-snippet:-1","max-image-preview":"max-image-preview:large","max-video-preview":"max-video-preview:-1"},"canonical":"https:\/\/koningdrone.be\/fr\/produit\/dji-mavic-4-pro-512gb-creator-combo-incl-dji-rc-pro-2\/","og_locale":"fr_FR","og_type":"article","og_title":"DJI Mavic 4 Pro 512GB Creator Combo - incl. DJI RC Pro 2","og_description":"512GB interne opslag voor directe opname  10-bit 4:2:2 video en ALL-I encoding  Triple-camera systeem met Hasselblad sensor  Tot 51 minuten vliegtijd  360\u00b0 Infinity Gimbal  RC Pro 2 controller met helder display  Ideaal voor professionele workflows","og_url":"https:\/\/koningdrone.be\/fr\/produit\/dji-mavic-4-pro-512gb-creator-combo-incl-dji-rc-pro-2\/","og_site_name":"koningdrone.be","article_modified_time":"2026-04-29T02:31:06+00:00","og_image":[{"width":800,"height":600,"url":"https:\/\/koningdrone.be\/wp-content\/uploads\/sites\/13\/2026\/04\/DJI-Mavic-4-Pro-512GB-Creator-Combo-incl.-DJI-RC-Pro-2.jpg","type":"image\/jpeg"}],"twitter_card":"summary_large_image","twitter_misc":{"Dur\u00e9e de lecture est.":"1 minute"},"schema":{"@context":"https:\/\/schema.org","@graph":[{"@type":"WebPage","@id":"https:\/\/koningdrone.be\/product\/dji-mavic-4-pro-512gb-creator-combo-incl-dji-rc-pro-2\/","url":"https:\/\/koningdrone.be\/product\/dji-mavic-4-pro-512gb-creator-combo-incl-dji-rc-pro-2\/","name":"DJI Mavic 4 Pro 512GB Creator Combo - incl. DJI RC Pro 2 - koningdrone.be","isPartOf":{"@id":"https:\/\/koningdrone.be\/#website"},"primaryImageOfPage":{"@id":"https:\/\/koningdrone.be\/product\/dji-mavic-4-pro-512gb-creator-combo-incl-dji-rc-pro-2\/#primaryimage"},"image":{"@id":"https:\/\/koningdrone.be\/product\/dji-mavic-4-pro-512gb-creator-combo-incl-dji-rc-pro-2\/#primaryimage"},"thumbnailUrl":"https:\/\/koningdrone.be\/wp-content\/uploads\/sites\/13\/2026\/04\/DJI-Mavic-4-Pro-512GB-Creator-Combo-incl.-DJI-RC-Pro-2.jpg","datePublished":"2025-07-03T07:32:52+00:00","dateModified":"2026-04-29T02:31:06+00:00","breadcrumb":{"@id":"https:\/\/koningdrone.be\/product\/dji-mavic-4-pro-512gb-creator-combo-incl-dji-rc-pro-2\/#breadcrumb"},"inLanguage":"fr-BE","potentialAction":[{"@type":"ReadAction","target":["https:\/\/koningdrone.be\/product\/dji-mavic-4-pro-512gb-creator-combo-incl-dji-rc-pro-2\/"]}]},{"@type":"ImageObject","inLanguage":"fr-BE","@id":"https:\/\/koningdrone.be\/product\/dji-mavic-4-pro-512gb-creator-combo-incl-dji-rc-pro-2\/#primaryimage","url":"https:\/\/koningdrone.be\/wp-content\/uploads\/sites\/13\/2026\/04\/DJI-Mavic-4-Pro-512GB-Creator-Combo-incl.-DJI-RC-Pro-2.jpg","contentUrl":"https:\/\/koningdrone.be\/wp-content\/uploads\/sites\/13\/2026\/04\/DJI-Mavic-4-Pro-512GB-Creator-Combo-incl.-DJI-RC-Pro-2.jpg","width":800,"height":600},{"@type":"BreadcrumbList","@id":"https:\/\/koningdrone.be\/product\/dji-mavic-4-pro-512gb-creator-combo-incl-dji-rc-pro-2\/#breadcrumb","itemListElement":[{"@type":"ListItem","position":1,"name":"Home","item":"https:\/\/koningdrone.be\/"},{"@type":"ListItem","position":2,"name":"AVSS Parachute Recovery System for DJI Matrice 300\/350","item":"https:\/\/koningdrone.be\/product\/avss-parachute-recovery-system-for-dji-matrice-300-350\/"},{"@type":"ListItem","position":3,"name":"DJI Mavic 4 Pro","item":"https:\/\/koningdrone.be\/categorie\/dji-mavic-4-pro\/"},{"@type":"ListItem","position":4,"name":"DJI Mavic 4 Pro 512GB Creator Combo &#8211; incl. DJI RC Pro 2"}]},{"@type":"WebSite","@id":"https:\/\/koningdrone.be\/#website","url":"https:\/\/koningdrone.be\/","name":"Koningdrone.be - Votre sp\u00e9cialiste en ligne en mati\u00e8re de drones, de cardans, de cam\u00e9ras et de centrales \u00e9lectriques.","description":"La boutique en ligne de drones et de cardans","publisher":{"@id":"https:\/\/koningdrone.be\/#organization"},"potentialAction":[{"@type":"SearchAction","target":{"@type":"EntryPoint","urlTemplate":"https:\/\/koningdrone.be\/?s={search_term_string}"},"query-input":{"@type":"PropertyValueSpecification","valueRequired":true,"valueName":"search_term_string"}}],"inLanguage":"fr-BE"},{"@type":"Organization","@id":"https:\/\/koningdrone.be\/#organization","name":"Kingdrone.co.uk","url":"https:\/\/koningdrone.be\/","logo":{"@type":"ImageObject","inLanguage":"fr-BE","@id":"https:\/\/koningdrone.be\/#\/schema\/logo\/image\/","url":"https:\/\/koningdrone.be\/wp-content\/uploads\/sites\/13\/2025\/04\/koningdrone-copyright-logo.svg","contentUrl":"https:\/\/koningdrone.be\/wp-content\/uploads\/sites\/13\/2025\/04\/koningdrone-copyright-logo.svg","width":227,"height":38,"caption":"Koningdrone.be"},"image":{"@id":"https:\/\/koningdrone.be\/#\/schema\/logo\/image\/"}}]}},"df_price":3492,"df_sale_price":"","df_regular_price":3492,"df_image_link":"https:\/\/koningdrone.be\/wp-content\/uploads\/sites\/13\/2026\/04\/DJI-Mavic-4-Pro-512GB-Creator-Combo-incl.-DJI-RC-Pro-2-300x225.jpg","_links":{"self":[{"href":"https:\/\/koningdrone.be\/fr\/wp-json\/wp\/v2\/product\/10126","targetHints":{"allow":["GET"]}}],"collection":[{"href":"https:\/\/koningdrone.be\/fr\/wp-json\/wp\/v2\/product"}],"about":[{"href":"https:\/\/koningdrone.be\/fr\/wp-json\/wp\/v2\/types\/product"}],"wp:featuredmedia":[{"embeddable":true,"href":"https:\/\/koningdrone.be\/fr\/wp-json\/wp\/v2\/media\/18790"}],"wp:attachment":[{"href":"https:\/\/koningdrone.be\/fr\/wp-json\/wp\/v2\/media?parent=10126"}],"wp:term":[{"taxonomy":"product_brand","embeddable":true,"href":"https:\/\/koningdrone.be\/fr\/wp-json\/wp\/v2\/product_brand?post=10126"},{"taxonomy":"product_cat","embeddable":true,"href":"https:\/\/koningdrone.be\/fr\/wp-json\/wp\/v2\/product_cat?post=10126"},{"taxonomy":"product_tag","embeddable":true,"href":"https:\/\/koningdrone.be\/fr\/wp-json\/wp\/v2\/product_tag?post=10126"}],"curies":[{"name":"wp","href":"https:\/\/api.w.org\/{rel}","templated":true}]}}