{"id":8219,"date":"2025-02-25T06:50:44","date_gmt":"2025-02-25T05:50:44","guid":{"rendered":"https:\/\/koningdrone.nl\/kon\/product\/dji-matrice-4t\/"},"modified":"2026-04-29T03:30:51","modified_gmt":"2026-04-29T01:30:51","slug":"dji-matrice-4t","status":"publish","type":"product","link":"https:\/\/koningdrone.be\/es\/producto\/dji-matrice-4t\/","title":{"rendered":"DJI Matrice 4T"},"content":{"rendered":"<h3>DJI Matrice 4T (EU) SP Plus: La vanguardia t\u00e1ctica de la inteligencia a\u00e9rea t\u00e9rmica<\/h3>\n<p><iframe loading=\"lazy\" title=\"DJI Matrice 4 Series\u4e28Smart Oblique\" width=\"800\" height=\"450\" src=\"https:\/\/www.youtube.com\/embed\/zPnh8-RvLa8?feature=oembed&#038;enablejsapi=1&#038;origin=https:\/\/koningdrone.be\" frameborder=\"0\" allow=\"accelerometer; autoplay; clipboard-write; encrypted-media; gyroscope; picture-in-picture; web-share\" referrerpolicy=\"strict-origin-when-cross-origin\" allowfullscreen><\/iframe><\/p>\n<p style=\"margin: 20px 0\">En <strong>DJI Matrice 4T (EU) SP Plus<\/strong> representa el pin\u00e1culo absoluto de la tecnolog\u00eda de drones t\u00e1cticos empresariales. Espec\u00edficamente dise\u00f1ada para escenarios de misi\u00f3n cr\u00edtica como b\u00fasquedas y rescates complejos, extinci\u00f3n de incendios e inspecciones termogr\u00e1ficas de infraestructuras cr\u00edticas, esta plataforma ofrece una combinaci\u00f3n sin igual de percepci\u00f3n sensorial e inteligencia artificial. La \u201cT\u201d significa capacidad t\u00e9rmica superior, pero el Matrice 4T es esencialmente una soluci\u00f3n todo en uno que transforma los datos en decisiones que salvan vidas y en eficiencia operativa.<\/p>\n<p><a href=\"https:\/\/koningdrone.nl\/wp-content\/uploads\/2025\/02\/DJI-Matrice-4T.webp\"><img loading=\"lazy\" decoding=\"async\" class=\"size-full wp-image-466940 aligncenter\" src=\"https:\/\/koningdrone.nl\/wp-content\/uploads\/2025\/02\/DJI-Matrice-4T.webp\" alt=\"DJI Matrice 4T\" width=\"1200\" height=\"800\" \/><\/a><\/p>\n<h4>Percepci\u00f3n superior y an\u00e1lisis multiespectral<\/h4>\n<p>En el coraz\u00f3n de la Matrice 4T se encuentra el avanzado sistema de c\u00e1mara multisensor. Mediante la integraci\u00f3n de una c\u00e1mara RGB de alta resoluci\u00f3n con una potente <strong>c\u00e1mara infrarroja t\u00e9rmica radiom\u00e9trica<\/strong>, Los operadores pueden analizar simult\u00e1neamente informaci\u00f3n visual detallada y datos cr\u00edticos de temperatura. Tanto si se trata de localizar una fuente de calor en un bosque denso como de identificar c\u00e9lulas solares defectuosas, la precisi\u00f3n no tiene precedentes. El sistema <strong>distanci\u00f3metro l\u00e1ser (LRF)<\/strong> con un alcance de hasta <strong>1800 metros<\/strong> permite al dron geolocalizar objetos directamente, mientras que el <strong>Luces auxiliares NIR (infrarrojo cercano)<\/strong> proporcionan una visibilidad superior durante las operaciones nocturnas sin iluminar innecesariamente la zona circundante.<\/p>\n<h4>Funcionalidad de IA inteligente y din\u00e1mica de vuelo<\/h4>\n<p>El Matrice 4T no s\u00f3lo es potente, sino tambi\u00e9n excepcionalmente inteligente. Con un tiempo de vuelo de hasta <strong>55 minutos<\/strong> y una resistencia al viento de hasta <strong>15 m\/s<\/strong>, el dron permanece estable donde otros necesitan aterrizar. El sistema cuenta con una completa suite de IA:<\/p>\n<ul>\n<li><strong>Smart Track:<\/strong> Para el reconocimiento y seguimiento aut\u00f3nomos de objetos en movimiento, como veh\u00edculos o personas.<\/li>\n<li><strong>PinPoint y FlyTo:<\/strong> Para marcar coordenadas a la velocidad del rayo y navegar autom\u00e1ticamente hacia objetivos espec\u00edficos.<\/li>\n<li><strong>O4 Enterprise Transmission:<\/strong> Garantiza una conexi\u00f3n robusta y sin interferencias a distancias extremadamente largas, incluso en entornos con altos niveles de interferencias electromagn\u00e9ticas.<\/li>\n<\/ul>\n<p style=\"text-align: center\"><a href=\"https:\/\/koningdrone.nl\/wp-content\/uploads\/2025\/02\/DJI-Product-Matrice-4T.webp\"><img loading=\"lazy\" decoding=\"async\" class=\"alignnone wp-image-466934 size-medium\" src=\"https:\/\/koningdrone.nl\/wp-content\/uploads\/2025\/02\/DJI-Product-Matrice-4T-300x300.webp\" alt=\"DJI Product Matrice 4T\" width=\"300\" height=\"300\" \/><\/a><\/p>\n<h4>Dise\u00f1o indestructible y seguridad omnidireccional<\/h4>\n<p>Fabricado para uso profesional en las condiciones m\u00e1s duras, el Matrice 4T cuenta con <strong>seis sensores ojo de pez omnidireccionales<\/strong> formando un escudo completo de 360 grados alrededor del dispositivo. De este modo se evitan los obst\u00e1culos en todas las direcciones, incluso en entornos industriales estrechos. El escudo <strong>M\u00f3dulo RTK<\/strong> ofrece un posicionamiento con precisi\u00f3n centim\u00e9trica, crucial para la cartograf\u00eda y los aterrizajes de precisi\u00f3n. Con su robusto chasis de clase empresarial, esta unidad puede soportar un uso intensivo y condiciones meteorol\u00f3gicas cambiantes, lo que la convierte en el socio m\u00e1s fiable para cualquier organizaci\u00f3n gubernamental o comercial.<\/p>","protected":false},"excerpt":{"rendered":"<ul>\n<li>Avanzado sistema de c\u00e1mara multisensor con sensores RGB y t\u00e9rmicos.<\/li>\n<li>Tel\u00e9metro l\u00e1ser de hasta 1800 m.<\/li>\n<li>Funciones basadas en IA, como Smart Track y PinPoint.<\/li>\n<li>Tiempo de vuelo prolongado de hasta 55 minutos.<\/li>\n<li>Transmisi\u00f3n O4 Enterprise para una transmisi\u00f3n estable de v\u00eddeo en directo y datos.<\/li>\n<\/ul>","protected":false},"featured_media":16994,"template":"","meta":{"_acf_changed":false},"product_brand":[],"product_cat":[98,1735,1733],"product_tag":[],"class_list":{"0":"post-8219","1":"product","2":"type-product","3":"status-publish","4":"has-post-thumbnail","6":"product_cat-dji-matrice-4","7":"product_cat-dji-matrice-4-serie","8":"product_cat-dji-matrice-4t","9":"product_shipping_class-uavspacesall","10":"pa_brand-dji","11":"pa_producttype-enterprise-drone","12":"pa_series-matrice","14":"first","15":"instock","16":"taxable","17":"shipping-taxable","18":"purchasable","19":"product-type-simple"},"acf":[],"yoast_head":"<!-- This site is optimized with the Yoast SEO Premium plugin v27.2 (Yoast SEO v27.2) - https:\/\/yoast.com\/product\/yoast-seo-premium-wordpress\/ -->\n<title>DJI Matrice 4T - koningdrone.be<\/title>\n<meta name=\"robots\" content=\"index, follow, max-snippet:-1, max-image-preview:large, max-video-preview:-1\" \/>\n<link rel=\"canonical\" href=\"https:\/\/koningdrone.be\/es\/producto\/dji-matrice-4t\/\" \/>\n<meta property=\"og:locale\" content=\"es_ES\" \/>\n<meta property=\"og:type\" content=\"article\" \/>\n<meta property=\"og:title\" content=\"DJI Matrice 4T\" \/>\n<meta property=\"og:description\" content=\"Geavanceerd multisensor\u2011camerasysteem met RGB\u2011 en thermische sensoren.  Laser\u2011afstandsmeter tot 1800\u202fm.  AI\u2011gestuurde functies zoals Smart Track en PinPoint.  Lange vliegtijd tot 55\u202fminuten.  O4\u202fEnterprise transmissie voor stabiele live\u2011video en data\u2011overdracht.\" \/>\n<meta property=\"og:url\" content=\"https:\/\/koningdrone.be\/es\/producto\/dji-matrice-4t\/\" \/>\n<meta property=\"og:site_name\" content=\"koningdrone.be\" \/>\n<meta property=\"article:modified_time\" content=\"2026-04-29T01:30:51+00:00\" \/>\n<meta property=\"og:image\" content=\"https:\/\/koningdrone.be\/wp-content\/uploads\/sites\/13\/2026\/03\/Product-4T-DJI-Matrice.webp\" \/>\n\t<meta property=\"og:image:width\" content=\"2048\" \/>\n\t<meta property=\"og:image:height\" content=\"2048\" \/>\n\t<meta property=\"og:image:type\" content=\"image\/webp\" \/>\n<meta name=\"twitter:card\" content=\"summary_large_image\" \/>\n<meta name=\"twitter:label1\" content=\"Tiempo de lectura\" \/>\n\t<meta name=\"twitter:data1\" content=\"3 minutos\" \/>\n<script type=\"application\/ld+json\" class=\"yoast-schema-graph\">{\"@context\":\"https:\/\/schema.org\",\"@graph\":[{\"@type\":\"WebPage\",\"@id\":\"https:\/\/koningdrone.be\/product\/dji-matrice-4t\/\",\"url\":\"https:\/\/koningdrone.be\/product\/dji-matrice-4t\/\",\"name\":\"DJI Matrice 4T - koningdrone.be\",\"isPartOf\":{\"@id\":\"https:\/\/koningdrone.be\/#website\"},\"primaryImageOfPage\":{\"@id\":\"https:\/\/koningdrone.be\/product\/dji-matrice-4t\/#primaryimage\"},\"image\":{\"@id\":\"https:\/\/koningdrone.be\/product\/dji-matrice-4t\/#primaryimage\"},\"thumbnailUrl\":\"https:\/\/koningdrone.be\/wp-content\/uploads\/sites\/13\/2026\/03\/Product-4T-DJI-Matrice.webp\",\"datePublished\":\"2025-02-25T05:50:44+00:00\",\"dateModified\":\"2026-04-29T01:30:51+00:00\",\"breadcrumb\":{\"@id\":\"https:\/\/koningdrone.be\/product\/dji-matrice-4t\/#breadcrumb\"},\"inLanguage\":\"es\",\"potentialAction\":[{\"@type\":\"ReadAction\",\"target\":[\"https:\/\/koningdrone.be\/product\/dji-matrice-4t\/\"]}]},{\"@type\":\"ImageObject\",\"inLanguage\":\"es\",\"@id\":\"https:\/\/koningdrone.be\/product\/dji-matrice-4t\/#primaryimage\",\"url\":\"https:\/\/koningdrone.be\/wp-content\/uploads\/sites\/13\/2026\/03\/Product-4T-DJI-Matrice.webp\",\"contentUrl\":\"https:\/\/koningdrone.be\/wp-content\/uploads\/sites\/13\/2026\/03\/Product-4T-DJI-Matrice.webp\",\"width\":2048,\"height\":2048},{\"@type\":\"BreadcrumbList\",\"@id\":\"https:\/\/koningdrone.be\/product\/dji-matrice-4t\/#breadcrumb\",\"itemListElement\":[{\"@type\":\"ListItem\",\"position\":1,\"name\":\"Home\",\"item\":\"https:\/\/koningdrone.be\/\"},{\"@type\":\"ListItem\",\"position\":2,\"name\":\"AVSS Parachute Recovery System for DJI Matrice 300\/350\",\"item\":\"https:\/\/koningdrone.be\/product\/avss-parachute-recovery-system-for-dji-matrice-300-350\/\"},{\"@type\":\"ListItem\",\"position\":3,\"name\":\"DJI Matrice 4\",\"item\":\"https:\/\/koningdrone.be\/categorie\/dji-matrice-4\/\"},{\"@type\":\"ListItem\",\"position\":4,\"name\":\"DJI Matrice 4T\"}]},{\"@type\":\"WebSite\",\"@id\":\"https:\/\/koningdrone.be\/#website\",\"url\":\"https:\/\/koningdrone.be\/\",\"name\":\"Koningdrone.be - Uw online specialist in drones, gimbals, camera's en power stations.\",\"description\":\"De webshop in drones en gimbals\",\"publisher\":{\"@id\":\"https:\/\/koningdrone.be\/#organization\"},\"potentialAction\":[{\"@type\":\"SearchAction\",\"target\":{\"@type\":\"EntryPoint\",\"urlTemplate\":\"https:\/\/koningdrone.be\/?s={search_term_string}\"},\"query-input\":{\"@type\":\"PropertyValueSpecification\",\"valueRequired\":true,\"valueName\":\"search_term_string\"}}],\"inLanguage\":\"es\"},{\"@type\":\"Organization\",\"@id\":\"https:\/\/koningdrone.be\/#organization\",\"name\":\"Koningdrone.be\",\"url\":\"https:\/\/koningdrone.be\/\",\"logo\":{\"@type\":\"ImageObject\",\"inLanguage\":\"es\",\"@id\":\"https:\/\/koningdrone.be\/#\/schema\/logo\/image\/\",\"url\":\"https:\/\/koningdrone.be\/wp-content\/uploads\/sites\/13\/2025\/04\/koningdrone-copyright-logo.svg\",\"contentUrl\":\"https:\/\/koningdrone.be\/wp-content\/uploads\/sites\/13\/2025\/04\/koningdrone-copyright-logo.svg\",\"width\":227,\"height\":38,\"caption\":\"Koningdrone.be\"},\"image\":{\"@id\":\"https:\/\/koningdrone.be\/#\/schema\/logo\/image\/\"}}]}<\/script>\n<!-- \/ Yoast SEO Premium plugin. -->","yoast_head_json":{"title":"DJI Matrice 4T - koningdrone.be","robots":{"index":"index","follow":"follow","max-snippet":"max-snippet:-1","max-image-preview":"max-image-preview:large","max-video-preview":"max-video-preview:-1"},"canonical":"https:\/\/koningdrone.be\/es\/producto\/dji-matrice-4t\/","og_locale":"es_ES","og_type":"article","og_title":"DJI Matrice 4T","og_description":"Geavanceerd multisensor\u2011camerasysteem met RGB\u2011 en thermische sensoren.  Laser\u2011afstandsmeter tot 1800\u202fm.  AI\u2011gestuurde functies zoals Smart Track en PinPoint.  Lange vliegtijd tot 55\u202fminuten.  O4\u202fEnterprise transmissie voor stabiele live\u2011video en data\u2011overdracht.","og_url":"https:\/\/koningdrone.be\/es\/producto\/dji-matrice-4t\/","og_site_name":"koningdrone.be","article_modified_time":"2026-04-29T01:30:51+00:00","og_image":[{"width":2048,"height":2048,"url":"https:\/\/koningdrone.be\/wp-content\/uploads\/sites\/13\/2026\/03\/Product-4T-DJI-Matrice.webp","type":"image\/webp"}],"twitter_card":"summary_large_image","twitter_misc":{"Tiempo de lectura":"3 minutos"},"schema":{"@context":"https:\/\/schema.org","@graph":[{"@type":"WebPage","@id":"https:\/\/koningdrone.be\/product\/dji-matrice-4t\/","url":"https:\/\/koningdrone.be\/product\/dji-matrice-4t\/","name":"DJI Matrice 4T - koningdrone.be","isPartOf":{"@id":"https:\/\/koningdrone.be\/#website"},"primaryImageOfPage":{"@id":"https:\/\/koningdrone.be\/product\/dji-matrice-4t\/#primaryimage"},"image":{"@id":"https:\/\/koningdrone.be\/product\/dji-matrice-4t\/#primaryimage"},"thumbnailUrl":"https:\/\/koningdrone.be\/wp-content\/uploads\/sites\/13\/2026\/03\/Product-4T-DJI-Matrice.webp","datePublished":"2025-02-25T05:50:44+00:00","dateModified":"2026-04-29T01:30:51+00:00","breadcrumb":{"@id":"https:\/\/koningdrone.be\/product\/dji-matrice-4t\/#breadcrumb"},"inLanguage":"es","potentialAction":[{"@type":"ReadAction","target":["https:\/\/koningdrone.be\/product\/dji-matrice-4t\/"]}]},{"@type":"ImageObject","inLanguage":"es","@id":"https:\/\/koningdrone.be\/product\/dji-matrice-4t\/#primaryimage","url":"https:\/\/koningdrone.be\/wp-content\/uploads\/sites\/13\/2026\/03\/Product-4T-DJI-Matrice.webp","contentUrl":"https:\/\/koningdrone.be\/wp-content\/uploads\/sites\/13\/2026\/03\/Product-4T-DJI-Matrice.webp","width":2048,"height":2048},{"@type":"BreadcrumbList","@id":"https:\/\/koningdrone.be\/product\/dji-matrice-4t\/#breadcrumb","itemListElement":[{"@type":"ListItem","position":1,"name":"Home","item":"https:\/\/koningdrone.be\/"},{"@type":"ListItem","position":2,"name":"AVSS Parachute Recovery System for DJI Matrice 300\/350","item":"https:\/\/koningdrone.be\/product\/avss-parachute-recovery-system-for-dji-matrice-300-350\/"},{"@type":"ListItem","position":3,"name":"DJI Matrice 4","item":"https:\/\/koningdrone.be\/categorie\/dji-matrice-4\/"},{"@type":"ListItem","position":4,"name":"DJI Matrice 4T"}]},{"@type":"WebSite","@id":"https:\/\/koningdrone.be\/#website","url":"https:\/\/koningdrone.be\/","name":"Koningdrone.be - Su especialista en l\u00ednea en drones, cardanes, c\u00e1maras y centrales el\u00e9ctricas.","description":"La tienda virtual de drones y cardanes","publisher":{"@id":"https:\/\/koningdrone.be\/#organization"},"potentialAction":[{"@type":"SearchAction","target":{"@type":"EntryPoint","urlTemplate":"https:\/\/koningdrone.be\/?s={search_term_string}"},"query-input":{"@type":"PropertyValueSpecification","valueRequired":true,"valueName":"search_term_string"}}],"inLanguage":"es"},{"@type":"Organization","@id":"https:\/\/koningdrone.be\/#organization","name":"Kingdrone.es","url":"https:\/\/koningdrone.be\/","logo":{"@type":"ImageObject","inLanguage":"es","@id":"https:\/\/koningdrone.be\/#\/schema\/logo\/image\/","url":"https:\/\/koningdrone.be\/wp-content\/uploads\/sites\/13\/2025\/04\/koningdrone-copyright-logo.svg","contentUrl":"https:\/\/koningdrone.be\/wp-content\/uploads\/sites\/13\/2025\/04\/koningdrone-copyright-logo.svg","width":227,"height":38,"caption":"Koningdrone.be"},"image":{"@id":"https:\/\/koningdrone.be\/#\/schema\/logo\/image\/"}}]}},"df_price":6769,"df_sale_price":"","df_regular_price":6769,"df_image_link":"https:\/\/koningdrone.be\/wp-content\/uploads\/sites\/13\/2026\/03\/Product-4T-DJI-Matrice-300x300.webp","_links":{"self":[{"href":"https:\/\/koningdrone.be\/es\/wp-json\/wp\/v2\/product\/8219","targetHints":{"allow":["GET"]}}],"collection":[{"href":"https:\/\/koningdrone.be\/es\/wp-json\/wp\/v2\/product"}],"about":[{"href":"https:\/\/koningdrone.be\/es\/wp-json\/wp\/v2\/types\/product"}],"wp:featuredmedia":[{"embeddable":true,"href":"https:\/\/koningdrone.be\/es\/wp-json\/wp\/v2\/media\/16994"}],"wp:attachment":[{"href":"https:\/\/koningdrone.be\/es\/wp-json\/wp\/v2\/media?parent=8219"}],"wp:term":[{"taxonomy":"product_brand","embeddable":true,"href":"https:\/\/koningdrone.be\/es\/wp-json\/wp\/v2\/product_brand?post=8219"},{"taxonomy":"product_cat","embeddable":true,"href":"https:\/\/koningdrone.be\/es\/wp-json\/wp\/v2\/product_cat?post=8219"},{"taxonomy":"product_tag","embeddable":true,"href":"https:\/\/koningdrone.be\/es\/wp-json\/wp\/v2\/product_tag?post=8219"}],"curies":[{"name":"wp","href":"https:\/\/api.w.org\/{rel}","templated":true}]}}