{"id":8120,"date":"2021-10-03T10:00:49","date_gmt":"2021-10-03T08:00:49","guid":{"rendered":"https:\/\/koningdrone.nl\/kon\/product\/dji-zenmuse-z15-gh4-hd\/"},"modified":"2026-04-29T07:50:11","modified_gmt":"2026-04-29T05:50:11","slug":"dji-zenmuse-z15-gh4-hd","status":"publish","type":"product","link":"https:\/\/koningdrone.be\/es\/producto\/dji-zenmuse-z15-gh4-hd\/","title":{"rendered":"DJI Zenmuse Z15 GH4 (HD)"},"content":{"rendered":"<h1>DJI ZENMUSE Z15 GH4 (HD)<\/h1>\n<p><strong>Otro revolucionario card\u00e1n de 3 ejes para aplicaciones profesionales<\/strong><br \/>El DJI Zenmuse Z15-GH4 HD Gimbal se basa en la tecnolog\u00eda de la serie Zenmuse Z15 y ha heredado la excelente relaci\u00f3n potencia-peso gracias a su dise\u00f1o \u00fanico. Este producto representa un nuevo hito en el campo de los sistemas gimbal, la precisi\u00f3n del \u00e1ngulo de ajuste est\u00e1 en un rango de \u00b10,02\u00b0. Combinado con el sistema de control de vuelo profesional DJI A2 y un octoc\u00f3ptero, el gimbal puede estabilizar y controlar con precisi\u00f3n la c\u00e1mara incluso a altas velocidades de vuelo y con vientos fuertes. Este sistema es sin duda la primera opci\u00f3n para la grabaci\u00f3n de v\u00eddeo profesional o la fotograf\u00eda a\u00e9rea.<br \/><strong>Dise\u00f1o de card\u00e1n a medida para la Lumix GH4<\/strong><br \/>Para garantizar el mejor funcionamiento posible de los cardanes, DJI los ha adaptado a la \u00faltima tecnolog\u00eda de c\u00e1maras. El card\u00e1n Zenmuse Z15-GH4 HD se adapta perfectamente a la Lumix GH4. Ofrece una soluci\u00f3n de v\u00eddeo 4K (25 fps) que ninguna otra c\u00e1mara de sistema puede ofrecer actualmente, por lo que es perfecto para los entusiastas del v\u00eddeo que desean una resoluci\u00f3n 4K en el aire.<br \/><strong>DJI soluci\u00f3n completa como excelente opci\u00f3n<\/strong><br \/>El sistema de card\u00e1n Zenmuse Z15-GH4 HD encaja perfectamente con las plataformas de octoc\u00f3pteros y las electr\u00f3nicas de control A2 y Wookong-M para multic\u00f3pteros y la serie Ace para helic\u00f3pteros. Junto con el iOSD Mark II y una conexi\u00f3n de v\u00eddeo de 5,8 Ghz o el nuevo DJI Lightbridge, estos componentes forman un potente sistema completo que permite tomar fotos a\u00e9reas perfectas a la vez que es f\u00e1cil de usar.<br \/><strong>\u00c1ngulo de rotaci\u00f3n controlable en tres ejes<\/strong><br \/>El sistema de card\u00e1n de 3 ejes Zenmuse tiene un dise\u00f1o mec\u00e1nico avanzado. El potenci\u00f3metro trasero aumenta significativamente el control, la estabilidad y la precisi\u00f3n, y los anillos deslizantes internos eliminan el complicado cableado. Todas las l\u00edneas de alimentaci\u00f3n y se\u00f1al necesarias est\u00e1n integradas en la estructura, lo que permite al card\u00e1n girar en los ejes sin limitaciones. El paneo es ilimitado en el rango de 360\u00b0, la inclinaci\u00f3n va de -120\u00b0 a +15\u00b0 y en el eje de balanceo se consiguen \u00b125\u00b0. El m\u00e9todo de funcionamiento es extremadamente sencillo, el radio de movimiento del stick transmisor controla la velocidad de rotaci\u00f3n correspondiente.<br \/><strong> IMU y m\u00f3dulo de infrarrojos independientes integrados<\/strong><br \/> DJI ha perfeccionado el algoritmo de estabilizaci\u00f3n de actitud tras a\u00f1os de trabajo de desarrollo. Combinado con una mec\u00e1nica de alta precisi\u00f3n, permite un control de posici\u00f3n totalmente preciso. Al no requerir una instalaci\u00f3n complicada ni cables adicionales, la instalaci\u00f3n es correspondientemente sencilla y el sat\u00e9lite vuela extremadamente alto. Adem\u00e1s, el card\u00e1n lleva integrado un m\u00f3dulo de salida de v\u00eddeo que permite el disparo remoto por infrarrojos.<\/p>","protected":false},"excerpt":{"rendered":"<ul>\n<li>Card\u00e1n de 3 ejes para aplicaciones profesionales<\/li>\n<li>La precisi\u00f3n del \u00e1ngulo de ajuste es de \u00b1 0,02\u00b0.<\/li>\n<li>estabilizar y controlar con precisi\u00f3n a altas velocidades de vuelo y con vientos fuertes<\/li>\n<\/ul>","protected":false},"featured_media":8115,"template":"","meta":{"_acf_changed":false},"product_brand":[],"product_cat":[298,97,316],"product_tag":[],"class_list":{"0":"post-8120","1":"product","2":"type-product","3":"status-publish","4":"has-post-thumbnail","6":"product_cat-alle-industriele-camera","7":"product_cat-alle-producten","8":"product_cat-dji-zenmuse","9":"product_shipping_class-outofstock","10":"pa_brand-dji","11":"pa_productfamily-gimbal","12":"pa_producttype-gimbal","13":"pa_series-zenmuse-z15","15":"first","16":"outofstock","17":"taxable","18":"shipping-taxable","19":"product-type-simple"},"acf":[],"yoast_head":"<!-- This site is optimized with the Yoast SEO Premium plugin v27.2 (Yoast SEO v27.2) - https:\/\/yoast.com\/product\/yoast-seo-premium-wordpress\/ -->\n<title>DJI Zenmuse Z15 GH4 (HD) - koningdrone.be<\/title>\n<meta name=\"robots\" content=\"index, follow, max-snippet:-1, max-image-preview:large, max-video-preview:-1\" \/>\n<link rel=\"canonical\" href=\"https:\/\/koningdrone.be\/es\/producto\/dji-zenmuse-z15-gh4-hd\/\" \/>\n<meta property=\"og:locale\" content=\"es_ES\" \/>\n<meta property=\"og:type\" content=\"article\" \/>\n<meta property=\"og:title\" content=\"DJI Zenmuse Z15 GH4 (HD)\" \/>\n<meta property=\"og:description\" content=\"3-assige gimbal voor professionele toepassingenprecisie van de instelhoek ligt in een bereik van \u00b1 0,02\u00b0bij hoge vliegsnelheden en bij harde wind stabiliseren en nauwkeurig besturen\" \/>\n<meta property=\"og:url\" content=\"https:\/\/koningdrone.be\/es\/producto\/dji-zenmuse-z15-gh4-hd\/\" \/>\n<meta property=\"og:site_name\" content=\"koningdrone.be\" \/>\n<meta property=\"article:modified_time\" content=\"2026-04-29T05:50:11+00:00\" \/>\n<meta property=\"og:image\" content=\"https:\/\/koningdrone.be\/wp-content\/uploads\/sites\/13\/2025\/04\/6958265106781-1.jpg\" \/>\n\t<meta property=\"og:image:width\" content=\"800\" \/>\n\t<meta property=\"og:image:height\" content=\"500\" \/>\n\t<meta property=\"og:image:type\" content=\"image\/jpeg\" \/>\n<meta name=\"twitter:card\" content=\"summary_large_image\" \/>\n<meta name=\"twitter:label1\" content=\"Tiempo de lectura\" \/>\n\t<meta name=\"twitter:data1\" content=\"2 minutos\" \/>\n<script type=\"application\/ld+json\" class=\"yoast-schema-graph\">{\"@context\":\"https:\/\/schema.org\",\"@graph\":[{\"@type\":\"WebPage\",\"@id\":\"https:\/\/koningdrone.be\/product\/dji-zenmuse-z15-gh4-hd\/\",\"url\":\"https:\/\/koningdrone.be\/product\/dji-zenmuse-z15-gh4-hd\/\",\"name\":\"DJI Zenmuse Z15 GH4 (HD) - koningdrone.be\",\"isPartOf\":{\"@id\":\"https:\/\/koningdrone.be\/#website\"},\"primaryImageOfPage\":{\"@id\":\"https:\/\/koningdrone.be\/product\/dji-zenmuse-z15-gh4-hd\/#primaryimage\"},\"image\":{\"@id\":\"https:\/\/koningdrone.be\/product\/dji-zenmuse-z15-gh4-hd\/#primaryimage\"},\"thumbnailUrl\":\"https:\/\/koningdrone.be\/wp-content\/uploads\/sites\/13\/2025\/04\/6958265106781-1.jpg\",\"datePublished\":\"2021-10-03T08:00:49+00:00\",\"dateModified\":\"2026-04-29T05:50:11+00:00\",\"breadcrumb\":{\"@id\":\"https:\/\/koningdrone.be\/product\/dji-zenmuse-z15-gh4-hd\/#breadcrumb\"},\"inLanguage\":\"es\",\"potentialAction\":[{\"@type\":\"ReadAction\",\"target\":[\"https:\/\/koningdrone.be\/product\/dji-zenmuse-z15-gh4-hd\/\"]}]},{\"@type\":\"ImageObject\",\"inLanguage\":\"es\",\"@id\":\"https:\/\/koningdrone.be\/product\/dji-zenmuse-z15-gh4-hd\/#primaryimage\",\"url\":\"https:\/\/koningdrone.be\/wp-content\/uploads\/sites\/13\/2025\/04\/6958265106781-1.jpg\",\"contentUrl\":\"https:\/\/koningdrone.be\/wp-content\/uploads\/sites\/13\/2025\/04\/6958265106781-1.jpg\",\"width\":800,\"height\":500},{\"@type\":\"BreadcrumbList\",\"@id\":\"https:\/\/koningdrone.be\/product\/dji-zenmuse-z15-gh4-hd\/#breadcrumb\",\"itemListElement\":[{\"@type\":\"ListItem\",\"position\":1,\"name\":\"Home\",\"item\":\"https:\/\/koningdrone.be\/\"},{\"@type\":\"ListItem\",\"position\":2,\"name\":\"AVSS Parachute Recovery System for DJI Matrice 300\/350\",\"item\":\"https:\/\/koningdrone.be\/product\/avss-parachute-recovery-system-for-dji-matrice-300-350\/\"},{\"@type\":\"ListItem\",\"position\":3,\"name\":\"Alle industriele camera\",\"item\":\"https:\/\/koningdrone.be\/categorie\/alle-industriele-camera\/\"},{\"@type\":\"ListItem\",\"position\":4,\"name\":\"DJI Zenmuse Z15 GH4 (HD)\"}]},{\"@type\":\"WebSite\",\"@id\":\"https:\/\/koningdrone.be\/#website\",\"url\":\"https:\/\/koningdrone.be\/\",\"name\":\"Koningdrone.be - Uw online specialist in drones, gimbals, camera's en power stations.\",\"description\":\"De webshop in drones en gimbals\",\"publisher\":{\"@id\":\"https:\/\/koningdrone.be\/#organization\"},\"potentialAction\":[{\"@type\":\"SearchAction\",\"target\":{\"@type\":\"EntryPoint\",\"urlTemplate\":\"https:\/\/koningdrone.be\/?s={search_term_string}\"},\"query-input\":{\"@type\":\"PropertyValueSpecification\",\"valueRequired\":true,\"valueName\":\"search_term_string\"}}],\"inLanguage\":\"es\"},{\"@type\":\"Organization\",\"@id\":\"https:\/\/koningdrone.be\/#organization\",\"name\":\"Koningdrone.be\",\"url\":\"https:\/\/koningdrone.be\/\",\"logo\":{\"@type\":\"ImageObject\",\"inLanguage\":\"es\",\"@id\":\"https:\/\/koningdrone.be\/#\/schema\/logo\/image\/\",\"url\":\"https:\/\/koningdrone.be\/wp-content\/uploads\/sites\/13\/2025\/04\/koningdrone-copyright-logo.svg\",\"contentUrl\":\"https:\/\/koningdrone.be\/wp-content\/uploads\/sites\/13\/2025\/04\/koningdrone-copyright-logo.svg\",\"width\":227,\"height\":38,\"caption\":\"Koningdrone.be\"},\"image\":{\"@id\":\"https:\/\/koningdrone.be\/#\/schema\/logo\/image\/\"}}]}<\/script>\n<!-- \/ Yoast SEO Premium plugin. -->","yoast_head_json":{"title":"DJI Zenmuse Z15 GH4 (HD) - koningdrone.be","robots":{"index":"index","follow":"follow","max-snippet":"max-snippet:-1","max-image-preview":"max-image-preview:large","max-video-preview":"max-video-preview:-1"},"canonical":"https:\/\/koningdrone.be\/es\/producto\/dji-zenmuse-z15-gh4-hd\/","og_locale":"es_ES","og_type":"article","og_title":"DJI Zenmuse Z15 GH4 (HD)","og_description":"3-assige gimbal voor professionele toepassingenprecisie van de instelhoek ligt in een bereik van \u00b1 0,02\u00b0bij hoge vliegsnelheden en bij harde wind stabiliseren en nauwkeurig besturen","og_url":"https:\/\/koningdrone.be\/es\/producto\/dji-zenmuse-z15-gh4-hd\/","og_site_name":"koningdrone.be","article_modified_time":"2026-04-29T05:50:11+00:00","og_image":[{"width":800,"height":500,"url":"https:\/\/koningdrone.be\/wp-content\/uploads\/sites\/13\/2025\/04\/6958265106781-1.jpg","type":"image\/jpeg"}],"twitter_card":"summary_large_image","twitter_misc":{"Tiempo de lectura":"2 minutos"},"schema":{"@context":"https:\/\/schema.org","@graph":[{"@type":"WebPage","@id":"https:\/\/koningdrone.be\/product\/dji-zenmuse-z15-gh4-hd\/","url":"https:\/\/koningdrone.be\/product\/dji-zenmuse-z15-gh4-hd\/","name":"DJI Zenmuse Z15 GH4 (HD) - koningdrone.be","isPartOf":{"@id":"https:\/\/koningdrone.be\/#website"},"primaryImageOfPage":{"@id":"https:\/\/koningdrone.be\/product\/dji-zenmuse-z15-gh4-hd\/#primaryimage"},"image":{"@id":"https:\/\/koningdrone.be\/product\/dji-zenmuse-z15-gh4-hd\/#primaryimage"},"thumbnailUrl":"https:\/\/koningdrone.be\/wp-content\/uploads\/sites\/13\/2025\/04\/6958265106781-1.jpg","datePublished":"2021-10-03T08:00:49+00:00","dateModified":"2026-04-29T05:50:11+00:00","breadcrumb":{"@id":"https:\/\/koningdrone.be\/product\/dji-zenmuse-z15-gh4-hd\/#breadcrumb"},"inLanguage":"es","potentialAction":[{"@type":"ReadAction","target":["https:\/\/koningdrone.be\/product\/dji-zenmuse-z15-gh4-hd\/"]}]},{"@type":"ImageObject","inLanguage":"es","@id":"https:\/\/koningdrone.be\/product\/dji-zenmuse-z15-gh4-hd\/#primaryimage","url":"https:\/\/koningdrone.be\/wp-content\/uploads\/sites\/13\/2025\/04\/6958265106781-1.jpg","contentUrl":"https:\/\/koningdrone.be\/wp-content\/uploads\/sites\/13\/2025\/04\/6958265106781-1.jpg","width":800,"height":500},{"@type":"BreadcrumbList","@id":"https:\/\/koningdrone.be\/product\/dji-zenmuse-z15-gh4-hd\/#breadcrumb","itemListElement":[{"@type":"ListItem","position":1,"name":"Home","item":"https:\/\/koningdrone.be\/"},{"@type":"ListItem","position":2,"name":"AVSS Parachute Recovery System for DJI Matrice 300\/350","item":"https:\/\/koningdrone.be\/product\/avss-parachute-recovery-system-for-dji-matrice-300-350\/"},{"@type":"ListItem","position":3,"name":"Alle industriele camera","item":"https:\/\/koningdrone.be\/categorie\/alle-industriele-camera\/"},{"@type":"ListItem","position":4,"name":"DJI Zenmuse Z15 GH4 (HD)"}]},{"@type":"WebSite","@id":"https:\/\/koningdrone.be\/#website","url":"https:\/\/koningdrone.be\/","name":"Koningdrone.be - Su especialista en l\u00ednea en drones, cardanes, c\u00e1maras y centrales el\u00e9ctricas.","description":"La tienda virtual de drones y cardanes","publisher":{"@id":"https:\/\/koningdrone.be\/#organization"},"potentialAction":[{"@type":"SearchAction","target":{"@type":"EntryPoint","urlTemplate":"https:\/\/koningdrone.be\/?s={search_term_string}"},"query-input":{"@type":"PropertyValueSpecification","valueRequired":true,"valueName":"search_term_string"}}],"inLanguage":"es"},{"@type":"Organization","@id":"https:\/\/koningdrone.be\/#organization","name":"Kingdrone.es","url":"https:\/\/koningdrone.be\/","logo":{"@type":"ImageObject","inLanguage":"es","@id":"https:\/\/koningdrone.be\/#\/schema\/logo\/image\/","url":"https:\/\/koningdrone.be\/wp-content\/uploads\/sites\/13\/2025\/04\/koningdrone-copyright-logo.svg","contentUrl":"https:\/\/koningdrone.be\/wp-content\/uploads\/sites\/13\/2025\/04\/koningdrone-copyright-logo.svg","width":227,"height":38,"caption":"Koningdrone.be"},"image":{"@id":"https:\/\/koningdrone.be\/#\/schema\/logo\/image\/"}}]}},"df_price":"","df_sale_price":"","df_regular_price":"","df_image_link":"https:\/\/koningdrone.be\/wp-content\/uploads\/sites\/13\/2025\/04\/6958265106781-1-300x188.jpg","_links":{"self":[{"href":"https:\/\/koningdrone.be\/es\/wp-json\/wp\/v2\/product\/8120","targetHints":{"allow":["GET"]}}],"collection":[{"href":"https:\/\/koningdrone.be\/es\/wp-json\/wp\/v2\/product"}],"about":[{"href":"https:\/\/koningdrone.be\/es\/wp-json\/wp\/v2\/types\/product"}],"wp:featuredmedia":[{"embeddable":true,"href":"https:\/\/koningdrone.be\/es\/wp-json\/wp\/v2\/media\/8115"}],"wp:attachment":[{"href":"https:\/\/koningdrone.be\/es\/wp-json\/wp\/v2\/media?parent=8120"}],"wp:term":[{"taxonomy":"product_brand","embeddable":true,"href":"https:\/\/koningdrone.be\/es\/wp-json\/wp\/v2\/product_brand?post=8120"},{"taxonomy":"product_cat","embeddable":true,"href":"https:\/\/koningdrone.be\/es\/wp-json\/wp\/v2\/product_cat?post=8120"},{"taxonomy":"product_tag","embeddable":true,"href":"https:\/\/koningdrone.be\/es\/wp-json\/wp\/v2\/product_tag?post=8120"}],"curies":[{"name":"wp","href":"https:\/\/api.w.org\/{rel}","templated":true}]}}