{"id":8114,"date":"2018-06-12T20:54:28","date_gmt":"2018-06-12T18:54:28","guid":{"rendered":"https:\/\/koningdrone.nl\/kon\/product\/dji-zenmuse-x3-zoom\/"},"modified":"2026-04-29T06:50:34","modified_gmt":"2026-04-29T04:50:34","slug":"dji-zenmuse-x3-zoom","status":"publish","type":"product","link":"https:\/\/koningdrone.be\/es\/producto\/dji-zenmuse-x3-zoom\/","title":{"rendered":"DJI Zenmuse X3 Zoom"},"content":{"rendered":"<h1>Zoom Zenmuse X3<\/h1>\n<p>Compatible con Inspire 1 y Matrice 100, la c\u00e1mara m\u00e1s avanzada de DJI hasta la fecha te ofrece im\u00e1genes n\u00edtidas desde el aire.<\/p>\n<p>El card\u00e1n que sujeta la c\u00e1mara es el resultado de los a\u00f1os de experiencia de DJI en estabilizaci\u00f3n de c\u00e1maras, lo que te proporciona una imagen suave y estable en todas las condiciones de vuelo. Esta c\u00e1mara compacta graba v\u00eddeo hasta a 4Kp30 o 1080p60 y hace fotos n\u00edtidas y claras de 12 megap\u00edxeles. El dise\u00f1o rectil\u00edneo y curvado del objetivo elimina la distorsi\u00f3n, y la distancia focal de 20 mm abre tus tomas a un \u00e1ngulo notablemente amplio sin ese aspecto de ojo de pez.<\/p>\n<p><strong>CARD\u00c1N AVANZADO<\/strong><br \/>Todas las tecnolog\u00edas principales de DJI est\u00e1n integradas en el card\u00e1n Zenmuse X3, manteniendo la c\u00e1mara estable en el aire y ofreci\u00e9ndote im\u00e1genes estables y profesionales en todo momento.<\/p>\n<p>El card\u00e1n de 3 ejes se basa en los datos suministrados por el controlador de vuelo inteligente, por lo que conoce los par\u00e1metros de vuelo de la aeronave y calcula la correcci\u00f3n de movimiento correcta cada milisegundo. A trav\u00e9s de la velocidad angular, el momento, la fuerza de inercia e incluso los datos del GPS, la suspensi\u00f3n del card\u00e1n puede aplicar contrafuerza y fuerza, manteniendo la c\u00e1mara perfectamente nivelada independientemente de c\u00f3mo vueles.<\/p>\n<p>Tal precisi\u00f3n s\u00f3lo es posible gracias al procesador ultrarr\u00e1pido y personalizado exclusivo de las suspensiones card\u00e1nicas de DJI. Este procesador, que funciona a velocidades que ponen en movimiento e inclinan la suspensi\u00f3n card\u00e1nica en tiempo real, controla los motores de los tres ejes: gui\u00f1ada, inclinaci\u00f3n y balanceo.<\/p>\n<p>Los motores sin escobillas que accionan la suspensi\u00f3n del card\u00e1n est\u00e1n fabricados para ofrecer mayor precisi\u00f3n y vida \u00fatil, a la vez que soportan la tensi\u00f3n del vuelo. Funcionan a una alta velocidad de control de 120\u00b0\/s para la inclinaci\u00f3n y 180\u00b0\/s para la rotaci\u00f3n. Tambi\u00e9n puede determinar hacia d\u00f3nde apunta la c\u00e1mara con una rotaci\u00f3n de 360\u00b0 y una inclinaci\u00f3n de -90\u00b0 a +30\u00b0, todo ello con una precisi\u00f3n de \u00b10,03\u00b0.<\/p>\n<p><strong>SISTEMA MODULAR Y AMPLIABLE<\/strong><br \/>Actualizable a la serie Inspire X5 y para su uso con el DJI Osmo<\/p>","protected":false},"excerpt":{"rendered":"<ul>\n<li>C\u00e1mara con zoom \u00f3ptico<\/li>\n<li>Zoom \u00f3ptico de 3,5 aumentos y zoom digital de 2 aumentos<\/li>\n<li>Sensor CMOS de 1\/2,3<\/li>\n<li>V\u00eddeo 4K30 fps y fotos de 12 megap\u00edxeles<\/li>\n<li>Estabilizaci\u00f3n en 3 ejes<\/li>\n<li>Posibilidad de transmitir v\u00eddeo HD en directo a la aplicaci\u00f3n DJI Go<\/li>\n<li>Compatible con DJI Osmo<\/li>\n<\/ul>","protected":false},"featured_media":8111,"template":"","meta":{"_acf_changed":false},"product_brand":[],"product_cat":[315,298,97,316],"product_tag":[],"class_list":{"0":"post-8114","1":"product","2":"type-product","3":"status-publish","4":"has-post-thumbnail","6":"product_cat-alle-gimbals-en-cameras","7":"product_cat-alle-industriele-camera","8":"product_cat-alle-producten","9":"product_cat-dji-zenmuse","10":"product_shipping_class-outofstock","11":"pa_brand-dji","12":"pa_productfamily-camera","13":"pa_producttype-camera","14":"pa_series-zenmuse-x3","16":"first","17":"outofstock","18":"taxable","19":"shipping-taxable","20":"product-type-simple"},"acf":[],"yoast_head":"<!-- This site is optimized with the Yoast SEO Premium plugin v27.2 (Yoast SEO v27.2) - https:\/\/yoast.com\/product\/yoast-seo-premium-wordpress\/ -->\n<title>DJI Zenmuse X3 Zoom - koningdrone.be<\/title>\n<meta name=\"robots\" content=\"index, follow, max-snippet:-1, max-image-preview:large, max-video-preview:-1\" \/>\n<link rel=\"canonical\" href=\"https:\/\/koningdrone.be\/es\/producto\/dji-zenmuse-x3-zoom\/\" \/>\n<meta property=\"og:locale\" content=\"es_ES\" \/>\n<meta property=\"og:type\" content=\"article\" \/>\n<meta property=\"og:title\" content=\"DJI Zenmuse X3 Zoom\" \/>\n<meta property=\"og:description\" content=\"Optical Zoom Camera3.5 Optische Zoom en 2x Digitale Zoom1\/2.3 CMOS Sensor4K30fps video en 12 Megapixel foto&#039;s3-assige stabilisatieMogelijkheid om live HD video te streamen naar DJI Go AppCompatibel met DJI Osmo\" \/>\n<meta property=\"og:url\" content=\"https:\/\/koningdrone.be\/es\/producto\/dji-zenmuse-x3-zoom\/\" \/>\n<meta property=\"og:site_name\" content=\"koningdrone.be\" \/>\n<meta property=\"article:modified_time\" content=\"2026-04-29T04:50:34+00:00\" \/>\n<meta property=\"og:image\" content=\"https:\/\/koningdrone.be\/wp-content\/uploads\/sites\/13\/2025\/04\/6958265121913-1-720x660-1.jpg\" \/>\n\t<meta property=\"og:image:width\" content=\"660\" \/>\n\t<meta property=\"og:image:height\" content=\"660\" \/>\n\t<meta property=\"og:image:type\" content=\"image\/jpeg\" \/>\n<meta name=\"twitter:card\" content=\"summary_large_image\" \/>\n<meta name=\"twitter:label1\" content=\"Tiempo de lectura\" \/>\n\t<meta name=\"twitter:data1\" content=\"2 minutos\" \/>\n<script type=\"application\/ld+json\" class=\"yoast-schema-graph\">{\"@context\":\"https:\/\/schema.org\",\"@graph\":[{\"@type\":\"WebPage\",\"@id\":\"https:\/\/koningdrone.be\/product\/dji-zenmuse-x3-zoom\/\",\"url\":\"https:\/\/koningdrone.be\/product\/dji-zenmuse-x3-zoom\/\",\"name\":\"DJI Zenmuse X3 Zoom - koningdrone.be\",\"isPartOf\":{\"@id\":\"https:\/\/koningdrone.be\/#website\"},\"primaryImageOfPage\":{\"@id\":\"https:\/\/koningdrone.be\/product\/dji-zenmuse-x3-zoom\/#primaryimage\"},\"image\":{\"@id\":\"https:\/\/koningdrone.be\/product\/dji-zenmuse-x3-zoom\/#primaryimage\"},\"thumbnailUrl\":\"https:\/\/koningdrone.be\/wp-content\/uploads\/sites\/13\/2025\/04\/6958265121913-1-720x660-1.jpg\",\"datePublished\":\"2018-06-12T18:54:28+00:00\",\"dateModified\":\"2026-04-29T04:50:34+00:00\",\"breadcrumb\":{\"@id\":\"https:\/\/koningdrone.be\/product\/dji-zenmuse-x3-zoom\/#breadcrumb\"},\"inLanguage\":\"es\",\"potentialAction\":[{\"@type\":\"ReadAction\",\"target\":[\"https:\/\/koningdrone.be\/product\/dji-zenmuse-x3-zoom\/\"]}]},{\"@type\":\"ImageObject\",\"inLanguage\":\"es\",\"@id\":\"https:\/\/koningdrone.be\/product\/dji-zenmuse-x3-zoom\/#primaryimage\",\"url\":\"https:\/\/koningdrone.be\/wp-content\/uploads\/sites\/13\/2025\/04\/6958265121913-1-720x660-1.jpg\",\"contentUrl\":\"https:\/\/koningdrone.be\/wp-content\/uploads\/sites\/13\/2025\/04\/6958265121913-1-720x660-1.jpg\",\"width\":660,\"height\":660},{\"@type\":\"BreadcrumbList\",\"@id\":\"https:\/\/koningdrone.be\/product\/dji-zenmuse-x3-zoom\/#breadcrumb\",\"itemListElement\":[{\"@type\":\"ListItem\",\"position\":1,\"name\":\"Home\",\"item\":\"https:\/\/koningdrone.be\/\"},{\"@type\":\"ListItem\",\"position\":2,\"name\":\"AVSS Parachute Recovery System for DJI Matrice 300\/350\",\"item\":\"https:\/\/koningdrone.be\/product\/avss-parachute-recovery-system-for-dji-matrice-300-350\/\"},{\"@type\":\"ListItem\",\"position\":3,\"name\":\"Alle gimbals en cameras\",\"item\":\"https:\/\/koningdrone.be\/categorie\/alle-gimbals-en-cameras\/\"},{\"@type\":\"ListItem\",\"position\":4,\"name\":\"DJI Zenmuse X3 Zoom\"}]},{\"@type\":\"WebSite\",\"@id\":\"https:\/\/koningdrone.be\/#website\",\"url\":\"https:\/\/koningdrone.be\/\",\"name\":\"Koningdrone.be - Uw online specialist in drones, gimbals, camera's en power stations.\",\"description\":\"De webshop in drones en gimbals\",\"publisher\":{\"@id\":\"https:\/\/koningdrone.be\/#organization\"},\"potentialAction\":[{\"@type\":\"SearchAction\",\"target\":{\"@type\":\"EntryPoint\",\"urlTemplate\":\"https:\/\/koningdrone.be\/?s={search_term_string}\"},\"query-input\":{\"@type\":\"PropertyValueSpecification\",\"valueRequired\":true,\"valueName\":\"search_term_string\"}}],\"inLanguage\":\"es\"},{\"@type\":\"Organization\",\"@id\":\"https:\/\/koningdrone.be\/#organization\",\"name\":\"Koningdrone.be\",\"url\":\"https:\/\/koningdrone.be\/\",\"logo\":{\"@type\":\"ImageObject\",\"inLanguage\":\"es\",\"@id\":\"https:\/\/koningdrone.be\/#\/schema\/logo\/image\/\",\"url\":\"https:\/\/koningdrone.be\/wp-content\/uploads\/sites\/13\/2025\/04\/koningdrone-copyright-logo.svg\",\"contentUrl\":\"https:\/\/koningdrone.be\/wp-content\/uploads\/sites\/13\/2025\/04\/koningdrone-copyright-logo.svg\",\"width\":227,\"height\":38,\"caption\":\"Koningdrone.be\"},\"image\":{\"@id\":\"https:\/\/koningdrone.be\/#\/schema\/logo\/image\/\"}}]}<\/script>\n<!-- \/ Yoast SEO Premium plugin. -->","yoast_head_json":{"title":"DJI Zenmuse X3 Zoom - koningdrone.be","robots":{"index":"index","follow":"follow","max-snippet":"max-snippet:-1","max-image-preview":"max-image-preview:large","max-video-preview":"max-video-preview:-1"},"canonical":"https:\/\/koningdrone.be\/es\/producto\/dji-zenmuse-x3-zoom\/","og_locale":"es_ES","og_type":"article","og_title":"DJI Zenmuse X3 Zoom","og_description":"Optical Zoom Camera3.5 Optische Zoom en 2x Digitale Zoom1\/2.3 CMOS Sensor4K30fps video en 12 Megapixel foto's3-assige stabilisatieMogelijkheid om live HD video te streamen naar DJI Go AppCompatibel met DJI Osmo","og_url":"https:\/\/koningdrone.be\/es\/producto\/dji-zenmuse-x3-zoom\/","og_site_name":"koningdrone.be","article_modified_time":"2026-04-29T04:50:34+00:00","og_image":[{"width":660,"height":660,"url":"https:\/\/koningdrone.be\/wp-content\/uploads\/sites\/13\/2025\/04\/6958265121913-1-720x660-1.jpg","type":"image\/jpeg"}],"twitter_card":"summary_large_image","twitter_misc":{"Tiempo de lectura":"2 minutos"},"schema":{"@context":"https:\/\/schema.org","@graph":[{"@type":"WebPage","@id":"https:\/\/koningdrone.be\/product\/dji-zenmuse-x3-zoom\/","url":"https:\/\/koningdrone.be\/product\/dji-zenmuse-x3-zoom\/","name":"DJI Zenmuse X3 Zoom - koningdrone.be","isPartOf":{"@id":"https:\/\/koningdrone.be\/#website"},"primaryImageOfPage":{"@id":"https:\/\/koningdrone.be\/product\/dji-zenmuse-x3-zoom\/#primaryimage"},"image":{"@id":"https:\/\/koningdrone.be\/product\/dji-zenmuse-x3-zoom\/#primaryimage"},"thumbnailUrl":"https:\/\/koningdrone.be\/wp-content\/uploads\/sites\/13\/2025\/04\/6958265121913-1-720x660-1.jpg","datePublished":"2018-06-12T18:54:28+00:00","dateModified":"2026-04-29T04:50:34+00:00","breadcrumb":{"@id":"https:\/\/koningdrone.be\/product\/dji-zenmuse-x3-zoom\/#breadcrumb"},"inLanguage":"es","potentialAction":[{"@type":"ReadAction","target":["https:\/\/koningdrone.be\/product\/dji-zenmuse-x3-zoom\/"]}]},{"@type":"ImageObject","inLanguage":"es","@id":"https:\/\/koningdrone.be\/product\/dji-zenmuse-x3-zoom\/#primaryimage","url":"https:\/\/koningdrone.be\/wp-content\/uploads\/sites\/13\/2025\/04\/6958265121913-1-720x660-1.jpg","contentUrl":"https:\/\/koningdrone.be\/wp-content\/uploads\/sites\/13\/2025\/04\/6958265121913-1-720x660-1.jpg","width":660,"height":660},{"@type":"BreadcrumbList","@id":"https:\/\/koningdrone.be\/product\/dji-zenmuse-x3-zoom\/#breadcrumb","itemListElement":[{"@type":"ListItem","position":1,"name":"Home","item":"https:\/\/koningdrone.be\/"},{"@type":"ListItem","position":2,"name":"AVSS Parachute Recovery System for DJI Matrice 300\/350","item":"https:\/\/koningdrone.be\/product\/avss-parachute-recovery-system-for-dji-matrice-300-350\/"},{"@type":"ListItem","position":3,"name":"Alle gimbals en cameras","item":"https:\/\/koningdrone.be\/categorie\/alle-gimbals-en-cameras\/"},{"@type":"ListItem","position":4,"name":"DJI Zenmuse X3 Zoom"}]},{"@type":"WebSite","@id":"https:\/\/koningdrone.be\/#website","url":"https:\/\/koningdrone.be\/","name":"Koningdrone.be - Su especialista en l\u00ednea en drones, cardanes, c\u00e1maras y centrales el\u00e9ctricas.","description":"La tienda virtual de drones y cardanes","publisher":{"@id":"https:\/\/koningdrone.be\/#organization"},"potentialAction":[{"@type":"SearchAction","target":{"@type":"EntryPoint","urlTemplate":"https:\/\/koningdrone.be\/?s={search_term_string}"},"query-input":{"@type":"PropertyValueSpecification","valueRequired":true,"valueName":"search_term_string"}}],"inLanguage":"es"},{"@type":"Organization","@id":"https:\/\/koningdrone.be\/#organization","name":"Kingdrone.es","url":"https:\/\/koningdrone.be\/","logo":{"@type":"ImageObject","inLanguage":"es","@id":"https:\/\/koningdrone.be\/#\/schema\/logo\/image\/","url":"https:\/\/koningdrone.be\/wp-content\/uploads\/sites\/13\/2025\/04\/koningdrone-copyright-logo.svg","contentUrl":"https:\/\/koningdrone.be\/wp-content\/uploads\/sites\/13\/2025\/04\/koningdrone-copyright-logo.svg","width":227,"height":38,"caption":"Koningdrone.be"},"image":{"@id":"https:\/\/koningdrone.be\/#\/schema\/logo\/image\/"}}]}},"df_price":"","df_sale_price":"","df_regular_price":"","df_image_link":"https:\/\/koningdrone.be\/wp-content\/uploads\/sites\/13\/2025\/04\/6958265121913-1-720x660-1-300x300.jpg","_links":{"self":[{"href":"https:\/\/koningdrone.be\/es\/wp-json\/wp\/v2\/product\/8114","targetHints":{"allow":["GET"]}}],"collection":[{"href":"https:\/\/koningdrone.be\/es\/wp-json\/wp\/v2\/product"}],"about":[{"href":"https:\/\/koningdrone.be\/es\/wp-json\/wp\/v2\/types\/product"}],"wp:featuredmedia":[{"embeddable":true,"href":"https:\/\/koningdrone.be\/es\/wp-json\/wp\/v2\/media\/8111"}],"wp:attachment":[{"href":"https:\/\/koningdrone.be\/es\/wp-json\/wp\/v2\/media?parent=8114"}],"wp:term":[{"taxonomy":"product_brand","embeddable":true,"href":"https:\/\/koningdrone.be\/es\/wp-json\/wp\/v2\/product_brand?post=8114"},{"taxonomy":"product_cat","embeddable":true,"href":"https:\/\/koningdrone.be\/es\/wp-json\/wp\/v2\/product_cat?post=8114"},{"taxonomy":"product_tag","embeddable":true,"href":"https:\/\/koningdrone.be\/es\/wp-json\/wp\/v2\/product_tag?post=8114"}],"curies":[{"name":"wp","href":"https:\/\/api.w.org\/{rel}","templated":true}]}}