{"id":7950,"date":"2018-06-12T20:53:28","date_gmt":"2018-06-12T18:53:28","guid":{"rendered":"https:\/\/koningdrone.nl\/kon\/product\/dji-crystalsky-785-inch-monitor\/"},"modified":"2026-04-29T06:50:41","modified_gmt":"2026-04-29T04:50:41","slug":"dji-crystalsky-785-inch-monitor","status":"publish","type":"product","link":"https:\/\/koningdrone.be\/es\/producto\/dji-crystalsky-785-inch-monitor\/","title":{"rendered":"Monitor DJI CrystalSky de 7,85 pulgadas"},"content":{"rendered":"<h1>Monitor DJI Crystalsky de 7,85 pulgadas<\/h1>\n<p>Hecho para la fotograf\u00eda a\u00e9rea, el monitor CrystalSky tiene una pantalla ultrabrillante que es muy visible con luz solar intensa. Est\u00e1 dise\u00f1ado para funcionar con la app DJI GO, para un control total de la c\u00e1mara.<\/p>\n<p><strong>Ultrabrillante<\/strong><\/p>\n<p>Con un m\u00e1ximo de 2000 cd\/m\u00b2, el CrystalSky es 4 veces m\u00e1s brillante que los smartphones, por ejemplo. Los detalles son n\u00edtidos, los colores vivos y la calidad de imagen se puede ajustar con precisi\u00f3n.<\/p>\n<p><strong>Reproducci\u00f3n de v\u00eddeo fluida<\/strong><br \/>La pantalla DJI CrystalSky de 5,5 pulgadas est\u00e1 optimizada para decodificar v\u00eddeo fluido en tiempo real con una latencia m\u00ednima.<\/p>\n<p><strong>Sistema personalizado y la aplicaci\u00f3n DJI GO\/DJI GO 4<\/strong><br \/>A trav\u00e9s de un nuevo sistema, el monitor DJI CrystalSky de 5,5 pulgadas consigue un rendimiento \u00f3ptimo y funciona a la perfecci\u00f3n con la aplicaci\u00f3n DJI GO\/DJI GO 4, d\u00e1ndote acceso a las siguientes opciones: par\u00e1metros aicraft, control de la c\u00e1mara, gesti\u00f3n de clips de imagen y reproducci\u00f3n del metraje.<br \/>Tambi\u00e9n se pueden descargar mapas sin conexi\u00f3n, por lo que nunca depender\u00e1s de Internet.<\/p>\n<p><strong>Bater\u00eda y tiempo de funcionamiento<\/strong><br \/>La bater\u00eda es de 4920 mAh y admite carga r\u00e1pida. Conseguir\u00e1s una autonom\u00eda de entre 5 y 6 horas.<br \/>Debido a la eficiencia de la bater\u00eda, se agota simult\u00e1neamente.<\/p>\n<p><strong>Doble puerto micro SD<\/strong><br \/>Equipado con dos puertos micro SD, el monitor CrystalSky permite ampliar su capacidad de almacenamiento o reproducir directamente en \u00e9l las grabaciones almacenadas en una tarjeta micro SD. Tambi\u00e9n se puede utilizar para hacer copias de seguridad del metraje. Gracias a los editores integrados en DJI GO, se pueden realizar ediciones r\u00e1pidamente y compartirlas directamente en las redes sociales.<\/p>\n<p>El monitor CrystalSky es compatible con la decodificaci\u00f3n de v\u00eddeo H.264 y H.265, lo que permite visualizar estos archivos a 30 fps y 60 fps respectivamente. Estos v\u00eddeos tambi\u00e9n pueden emitirse a trav\u00e9s del puerto HDMI.<\/p>\n<p><strong>Puertos y red<\/strong><\/p>\n<p>Se puede reproducir v\u00eddeo de hasta 4K en el puerto HDMI del monitor CrystalSky en gafas FPV u otros dispositivos de visualizaci\u00f3n.<br \/>El Wi-Fi de doble banda integrado permite conectarse a redes y puntos de acceso Wi-Fi desde dispositivos m\u00f3viles, y tambi\u00e9n es compatible con dongles 4G y almacenamiento USB a trav\u00e9s del puerto USB-A. Cuando est\u00e1 conectado a Internet, el monitor CrystalSky accede f\u00e1cilmente a las actualizaciones del sistema, la transmisi\u00f3n en directo, el uso compartido de fotos o v\u00eddeos, la sincronizaci\u00f3n de datos y mucho m\u00e1s.<\/p>\n<p>Los tama\u00f1os de los archivos se optimizan al m\u00e1ximo para minimizar los requisitos de datos m\u00f3viles. Los puertos Micro USB y USB-C permiten conectar f\u00e1cilmente el monitor CrystalSky a un mando a distancia u otros dispositivos.<\/p>\n<p><strong>Optimizado para temperaturas extremas<\/strong><\/p>\n<p>La mayor\u00eda de los dispositivos est\u00e1n dise\u00f1ados para funcionar en rangos de temperatura normales. La bater\u00eda externa del monitor CrystalSky est\u00e1 dise\u00f1ada para temperaturas m\u00e1s extremas. Puede funcionar a una temperatura de -20\u00b0C (-4\u00b0F) y funciona con normalidad a temperaturas de hasta 40\u00b0C (104\u00b0F) con el sistema de refrigeraci\u00f3n interno.<\/p>\n<p><strong>Compatibilidad DJI AIR SYSTEM<\/strong><\/p>\n<p>El monitor CrystalSky puede conectarse por Wi-Fi o por control remoto al:<\/p>\n<ul> <\/p>\n<li>Serie Inspire<\/li>\n<p> <\/p>\n<li>Serie Phantom 4<\/li>\n<p> <\/p>\n<li>Serie Phantom 3 (Phantom 3 Professional, Phantom 3 Advanced)<\/li>\n<p> <\/p>\n<li>Serie Matrice<\/li>\n<p> <\/p>\n<li>Mavic Pro<\/li>\n<p> <\/p>\n<li>Serie Osmo (excepto el Osmo Mobile)<\/li>\n<p><\/ul>\n<p>Adem\u00e1s, CrystalSky puede conectarse f\u00e1cilmente al mando a distancia Cendence sin necesidad de un soporte de monitor adicional. Sin embargo, se recomienda el soporte para monitor. Las c\u00e1maras gimbal de las series Mavic Pro y Osmo (a excepci\u00f3n del Osmo Mobile) solo son compatibles con monitores Crystalsky de 5,5 \".<\/p>","protected":false},"excerpt":{"rendered":"<ul>\n<li>Ultrabrillante<\/li>\n<li>Reproducci\u00f3n de v\u00eddeo fluida<\/li>\n<li>Bater\u00eda de 4920 mAh con hasta 6 horas de uso<\/li>\n<li>Doble puerto micro SD<\/li>\n<li>Optimizado para temperaturas extremas<\/li>\n<li>Nota: cargador no incluido<\/li>\n<\/ul>","protected":false},"featured_media":7947,"template":"","meta":{"_acf_changed":false},"product_brand":[],"product_cat":[651,97,646],"product_tag":[],"class_list":{"0":"post-7950","1":"product","2":"type-product","3":"status-publish","4":"has-post-thumbnail","6":"product_cat-alle-monitoren","7":"product_cat-alle-producten","8":"product_cat-dji-crystalsky","9":"product_shipping_class-outofstock","10":"pa_brand-dji","11":"pa_productfamily-monitor","12":"pa_producttype-monitor","13":"pa_series-crystalsky","15":"first","16":"outofstock","17":"taxable","18":"shipping-taxable","19":"product-type-simple"},"acf":[],"yoast_head":"<!-- This site is optimized with the Yoast SEO Premium plugin v27.2 (Yoast SEO v27.2) - https:\/\/yoast.com\/product\/yoast-seo-premium-wordpress\/ -->\n<title>DJI CrystalSky 7,85 Inch Monitor - koningdrone.be<\/title>\n<meta name=\"robots\" content=\"index, follow, max-snippet:-1, max-image-preview:large, max-video-preview:-1\" \/>\n<link rel=\"canonical\" href=\"https:\/\/koningdrone.be\/es\/producto\/dji-crystalsky-785-inch-monitor\/\" \/>\n<meta property=\"og:locale\" content=\"es_ES\" \/>\n<meta property=\"og:type\" content=\"article\" \/>\n<meta property=\"og:title\" content=\"DJI CrystalSky 7,85 Inch Monitor\" \/>\n<meta property=\"og:description\" content=\"Ultra-helderSoepele video weergaveBatterij van 4920 mAh met maximaal 6 uur gebruiksplezierDubbele micro SD poortGeoptimaliseerd voor extreme temperaturenLet op: oplader zit er niet bij\" \/>\n<meta property=\"og:url\" content=\"https:\/\/koningdrone.be\/es\/producto\/dji-crystalsky-785-inch-monitor\/\" \/>\n<meta property=\"og:site_name\" content=\"koningdrone.be\" \/>\n<meta property=\"article:modified_time\" content=\"2026-04-29T04:50:41+00:00\" \/>\n<meta property=\"og:image\" content=\"https:\/\/koningdrone.be\/wp-content\/uploads\/sites\/13\/2025\/04\/6958265144554-1-720x660-1.jpg\" \/>\n\t<meta property=\"og:image:width\" content=\"660\" \/>\n\t<meta property=\"og:image:height\" content=\"660\" \/>\n\t<meta property=\"og:image:type\" content=\"image\/jpeg\" \/>\n<meta name=\"twitter:card\" content=\"summary_large_image\" \/>\n<meta name=\"twitter:label1\" content=\"Tiempo de lectura\" \/>\n\t<meta name=\"twitter:data1\" content=\"2 minutos\" \/>\n<script type=\"application\/ld+json\" class=\"yoast-schema-graph\">{\"@context\":\"https:\/\/schema.org\",\"@graph\":[{\"@type\":\"WebPage\",\"@id\":\"https:\/\/koningdrone.be\/product\/dji-crystalsky-785-inch-monitor\/\",\"url\":\"https:\/\/koningdrone.be\/product\/dji-crystalsky-785-inch-monitor\/\",\"name\":\"DJI CrystalSky 7,85 Inch Monitor - koningdrone.be\",\"isPartOf\":{\"@id\":\"https:\/\/koningdrone.be\/#website\"},\"primaryImageOfPage\":{\"@id\":\"https:\/\/koningdrone.be\/product\/dji-crystalsky-785-inch-monitor\/#primaryimage\"},\"image\":{\"@id\":\"https:\/\/koningdrone.be\/product\/dji-crystalsky-785-inch-monitor\/#primaryimage\"},\"thumbnailUrl\":\"https:\/\/koningdrone.be\/wp-content\/uploads\/sites\/13\/2025\/04\/6958265144554-1-720x660-1.jpg\",\"datePublished\":\"2018-06-12T18:53:28+00:00\",\"dateModified\":\"2026-04-29T04:50:41+00:00\",\"breadcrumb\":{\"@id\":\"https:\/\/koningdrone.be\/product\/dji-crystalsky-785-inch-monitor\/#breadcrumb\"},\"inLanguage\":\"es\",\"potentialAction\":[{\"@type\":\"ReadAction\",\"target\":[\"https:\/\/koningdrone.be\/product\/dji-crystalsky-785-inch-monitor\/\"]}]},{\"@type\":\"ImageObject\",\"inLanguage\":\"es\",\"@id\":\"https:\/\/koningdrone.be\/product\/dji-crystalsky-785-inch-monitor\/#primaryimage\",\"url\":\"https:\/\/koningdrone.be\/wp-content\/uploads\/sites\/13\/2025\/04\/6958265144554-1-720x660-1.jpg\",\"contentUrl\":\"https:\/\/koningdrone.be\/wp-content\/uploads\/sites\/13\/2025\/04\/6958265144554-1-720x660-1.jpg\",\"width\":660,\"height\":660},{\"@type\":\"BreadcrumbList\",\"@id\":\"https:\/\/koningdrone.be\/product\/dji-crystalsky-785-inch-monitor\/#breadcrumb\",\"itemListElement\":[{\"@type\":\"ListItem\",\"position\":1,\"name\":\"Home\",\"item\":\"https:\/\/koningdrone.be\/\"},{\"@type\":\"ListItem\",\"position\":2,\"name\":\"AVSS Parachute Recovery System for DJI Matrice 300\/350\",\"item\":\"https:\/\/koningdrone.be\/product\/avss-parachute-recovery-system-for-dji-matrice-300-350\/\"},{\"@type\":\"ListItem\",\"position\":3,\"name\":\"Alle monitoren\",\"item\":\"https:\/\/koningdrone.be\/categorie\/alle-monitoren\/\"},{\"@type\":\"ListItem\",\"position\":4,\"name\":\"DJI CrystalSky 7,85 Inch Monitor\"}]},{\"@type\":\"WebSite\",\"@id\":\"https:\/\/koningdrone.be\/#website\",\"url\":\"https:\/\/koningdrone.be\/\",\"name\":\"Koningdrone.be - Uw online specialist in drones, gimbals, camera's en power stations.\",\"description\":\"De webshop in drones en gimbals\",\"publisher\":{\"@id\":\"https:\/\/koningdrone.be\/#organization\"},\"potentialAction\":[{\"@type\":\"SearchAction\",\"target\":{\"@type\":\"EntryPoint\",\"urlTemplate\":\"https:\/\/koningdrone.be\/?s={search_term_string}\"},\"query-input\":{\"@type\":\"PropertyValueSpecification\",\"valueRequired\":true,\"valueName\":\"search_term_string\"}}],\"inLanguage\":\"es\"},{\"@type\":\"Organization\",\"@id\":\"https:\/\/koningdrone.be\/#organization\",\"name\":\"Koningdrone.be\",\"url\":\"https:\/\/koningdrone.be\/\",\"logo\":{\"@type\":\"ImageObject\",\"inLanguage\":\"es\",\"@id\":\"https:\/\/koningdrone.be\/#\/schema\/logo\/image\/\",\"url\":\"https:\/\/koningdrone.be\/wp-content\/uploads\/sites\/13\/2025\/04\/koningdrone-copyright-logo.svg\",\"contentUrl\":\"https:\/\/koningdrone.be\/wp-content\/uploads\/sites\/13\/2025\/04\/koningdrone-copyright-logo.svg\",\"width\":227,\"height\":38,\"caption\":\"Koningdrone.be\"},\"image\":{\"@id\":\"https:\/\/koningdrone.be\/#\/schema\/logo\/image\/\"}}]}<\/script>\n<!-- \/ Yoast SEO Premium plugin. -->","yoast_head_json":{"title":"DJI CrystalSky 7,85 Inch Monitor - koningdrone.be","robots":{"index":"index","follow":"follow","max-snippet":"max-snippet:-1","max-image-preview":"max-image-preview:large","max-video-preview":"max-video-preview:-1"},"canonical":"https:\/\/koningdrone.be\/es\/producto\/dji-crystalsky-785-inch-monitor\/","og_locale":"es_ES","og_type":"article","og_title":"DJI CrystalSky 7,85 Inch Monitor","og_description":"Ultra-helderSoepele video weergaveBatterij van 4920 mAh met maximaal 6 uur gebruiksplezierDubbele micro SD poortGeoptimaliseerd voor extreme temperaturenLet op: oplader zit er niet bij","og_url":"https:\/\/koningdrone.be\/es\/producto\/dji-crystalsky-785-inch-monitor\/","og_site_name":"koningdrone.be","article_modified_time":"2026-04-29T04:50:41+00:00","og_image":[{"width":660,"height":660,"url":"https:\/\/koningdrone.be\/wp-content\/uploads\/sites\/13\/2025\/04\/6958265144554-1-720x660-1.jpg","type":"image\/jpeg"}],"twitter_card":"summary_large_image","twitter_misc":{"Tiempo de lectura":"2 minutos"},"schema":{"@context":"https:\/\/schema.org","@graph":[{"@type":"WebPage","@id":"https:\/\/koningdrone.be\/product\/dji-crystalsky-785-inch-monitor\/","url":"https:\/\/koningdrone.be\/product\/dji-crystalsky-785-inch-monitor\/","name":"DJI CrystalSky 7,85 Inch Monitor - koningdrone.be","isPartOf":{"@id":"https:\/\/koningdrone.be\/#website"},"primaryImageOfPage":{"@id":"https:\/\/koningdrone.be\/product\/dji-crystalsky-785-inch-monitor\/#primaryimage"},"image":{"@id":"https:\/\/koningdrone.be\/product\/dji-crystalsky-785-inch-monitor\/#primaryimage"},"thumbnailUrl":"https:\/\/koningdrone.be\/wp-content\/uploads\/sites\/13\/2025\/04\/6958265144554-1-720x660-1.jpg","datePublished":"2018-06-12T18:53:28+00:00","dateModified":"2026-04-29T04:50:41+00:00","breadcrumb":{"@id":"https:\/\/koningdrone.be\/product\/dji-crystalsky-785-inch-monitor\/#breadcrumb"},"inLanguage":"es","potentialAction":[{"@type":"ReadAction","target":["https:\/\/koningdrone.be\/product\/dji-crystalsky-785-inch-monitor\/"]}]},{"@type":"ImageObject","inLanguage":"es","@id":"https:\/\/koningdrone.be\/product\/dji-crystalsky-785-inch-monitor\/#primaryimage","url":"https:\/\/koningdrone.be\/wp-content\/uploads\/sites\/13\/2025\/04\/6958265144554-1-720x660-1.jpg","contentUrl":"https:\/\/koningdrone.be\/wp-content\/uploads\/sites\/13\/2025\/04\/6958265144554-1-720x660-1.jpg","width":660,"height":660},{"@type":"BreadcrumbList","@id":"https:\/\/koningdrone.be\/product\/dji-crystalsky-785-inch-monitor\/#breadcrumb","itemListElement":[{"@type":"ListItem","position":1,"name":"Home","item":"https:\/\/koningdrone.be\/"},{"@type":"ListItem","position":2,"name":"AVSS Parachute Recovery System for DJI Matrice 300\/350","item":"https:\/\/koningdrone.be\/product\/avss-parachute-recovery-system-for-dji-matrice-300-350\/"},{"@type":"ListItem","position":3,"name":"Alle monitoren","item":"https:\/\/koningdrone.be\/categorie\/alle-monitoren\/"},{"@type":"ListItem","position":4,"name":"DJI CrystalSky 7,85 Inch Monitor"}]},{"@type":"WebSite","@id":"https:\/\/koningdrone.be\/#website","url":"https:\/\/koningdrone.be\/","name":"Koningdrone.be - Su especialista en l\u00ednea en drones, cardanes, c\u00e1maras y centrales el\u00e9ctricas.","description":"La tienda virtual de drones y cardanes","publisher":{"@id":"https:\/\/koningdrone.be\/#organization"},"potentialAction":[{"@type":"SearchAction","target":{"@type":"EntryPoint","urlTemplate":"https:\/\/koningdrone.be\/?s={search_term_string}"},"query-input":{"@type":"PropertyValueSpecification","valueRequired":true,"valueName":"search_term_string"}}],"inLanguage":"es"},{"@type":"Organization","@id":"https:\/\/koningdrone.be\/#organization","name":"Kingdrone.es","url":"https:\/\/koningdrone.be\/","logo":{"@type":"ImageObject","inLanguage":"es","@id":"https:\/\/koningdrone.be\/#\/schema\/logo\/image\/","url":"https:\/\/koningdrone.be\/wp-content\/uploads\/sites\/13\/2025\/04\/koningdrone-copyright-logo.svg","contentUrl":"https:\/\/koningdrone.be\/wp-content\/uploads\/sites\/13\/2025\/04\/koningdrone-copyright-logo.svg","width":227,"height":38,"caption":"Koningdrone.be"},"image":{"@id":"https:\/\/koningdrone.be\/#\/schema\/logo\/image\/"}}]}},"df_price":"","df_sale_price":"","df_regular_price":"","df_image_link":"https:\/\/koningdrone.be\/wp-content\/uploads\/sites\/13\/2025\/04\/6958265144554-1-720x660-1-300x300.jpg","_links":{"self":[{"href":"https:\/\/koningdrone.be\/es\/wp-json\/wp\/v2\/product\/7950","targetHints":{"allow":["GET"]}}],"collection":[{"href":"https:\/\/koningdrone.be\/es\/wp-json\/wp\/v2\/product"}],"about":[{"href":"https:\/\/koningdrone.be\/es\/wp-json\/wp\/v2\/types\/product"}],"wp:featuredmedia":[{"embeddable":true,"href":"https:\/\/koningdrone.be\/es\/wp-json\/wp\/v2\/media\/7947"}],"wp:attachment":[{"href":"https:\/\/koningdrone.be\/es\/wp-json\/wp\/v2\/media?parent=7950"}],"wp:term":[{"taxonomy":"product_brand","embeddable":true,"href":"https:\/\/koningdrone.be\/es\/wp-json\/wp\/v2\/product_brand?post=7950"},{"taxonomy":"product_cat","embeddable":true,"href":"https:\/\/koningdrone.be\/es\/wp-json\/wp\/v2\/product_cat?post=7950"},{"taxonomy":"product_tag","embeddable":true,"href":"https:\/\/koningdrone.be\/es\/wp-json\/wp\/v2\/product_tag?post=7950"}],"curies":[{"name":"wp","href":"https:\/\/api.w.org\/{rel}","templated":true}]}}