{"id":7942,"date":"2018-06-12T20:53:28","date_gmt":"2018-06-12T18:53:28","guid":{"rendered":"https:\/\/koningdrone.nl\/kon\/product\/dji-cendence-remote-controller\/"},"modified":"2026-04-29T04:40:35","modified_gmt":"2026-04-29T02:40:35","slug":"dji-cendence-remote-controller","status":"publish","type":"product","link":"https:\/\/koningdrone.be\/es\/producto\/dji-cendence-remote-controller\/","title":{"rendered":"Mando a distancia DJI Cendence"},"content":{"rendered":"<h1>Mando a distancia DJI Cendence<\/h1>\n<p>El mando a distancia Cendence de DJI es un transmisor profesional para controlar drones DJI Inspire 2 o Matrice Serie 200. Cinco canales de control anal\u00f3gicos y diez botones personalizables proporcionan una plataforma flexible para controles precisos de vuelo y v\u00eddeo. Nada m\u00e1s sacarlo de la caja, el controlador Cendence es compatible con los monitores CrystalSky, gracias al soporte de montaje para monitor incluido. Adem\u00e1s, el controlador tiene un dise\u00f1o modular que permite intercambiar las antenas y los accesorios de la palanca de control. Si prefieres utilizar el mando con tu tel\u00e9fono o tableta, puedes usar un soporte de montaje disponible por separado.<\/p>\n<p><strong>Botones personalizables<\/strong><br \/>Los botones personalizables permiten activar o desactivar r\u00e1pidamente las funciones m\u00e1s utilizadas, como el pico de enfoque, la forma de onda de color, la evitaci\u00f3n de obst\u00e1culos y el restablecimiento del punto de inicio, o detener las alertas y los consejos a mitad de camino, todo ello sin necesidad de utilizar una aplicaci\u00f3n. Tambi\u00e9n puede personalizar diferentes botones de acceso directo para determinados grupos de ajustes o guardar los ajustes utilizados con m\u00e1s frecuencia.<\/p>\n<p><strong>Dise\u00f1o modular compatible con CrystalSky<\/strong><br \/>Las antenas, las placas de circuito impreso, el soporte de montaje y la bater\u00eda del mando a distancia Cendence son desmontables, lo que facilita la actualizaci\u00f3n del hardware y permite adaptar el mando para que sea compatible con futuros drones de DJI. Se puede acoplar un monitor CrystalSky al mando a distancia Cendence mediante el soporte de montaje del monitor Cendence incluido.<\/p>\n<p><strong>Control de doble operador<\/strong><br \/>Cuando se requiere un control preciso de la c\u00e1mara, el mando a distancia Cendence puede conectarse como controlador maestro o esclavo con el mando a distancia del Inspire 2 o con otro mando a distancia Cendence.<\/p>\n<p><strong>Sistema de bater\u00edas<\/strong><br \/>Cendence utiliza una bater\u00eda extra\u00edble que funciona hasta cuatro horas. Si se queda sin energ\u00eda, basta con cambiar una bater\u00eda cargada o cargar Cendence a trav\u00e9s del puerto de alimentaci\u00f3n. Cendence utiliza las mismas bater\u00edas que los monitores CrystalSky, unificando los dos sistemas.<\/p>\n<p><strong>Adecuado para:<\/strong><br \/> - Inspire 2<br \/> - Matrice serie 200<\/p>","protected":false},"excerpt":{"rendered":"<ul>\n<li>Emisi\u00f3n en 1080i 50 fps y 720p 60 fps<\/li>\n<li>Control de operador doble (maestro o esclavo)<\/li>\n<li>Mando a distancia personalizable<\/li>\n<li>Apto para Inspire 2 y Matrice 200<\/li>\n<li>Incluye soporte de montaje para monitor Cendence<\/li>\n<li>Compatible con CrystalSky<\/li>\n<li>Nueva pantalla LCD<\/li>\n<\/ul>","protected":false},"featured_media":7937,"template":"","meta":{"_acf_changed":false},"product_brand":[],"product_cat":[122,97,641,788,426,1155],"product_tag":[],"class_list":{"0":"post-7942","1":"product","2":"type-product","3":"status-publish","4":"has-post-thumbnail","6":"product_cat-alle-afstandsbedieningen","7":"product_cat-alle-producten","8":"product_cat-dji-inspire","9":"product_cat-dji-inspire-2","10":"product_cat-dji-matrice","11":"product_cat-dji-matrice-200","12":"product_shipping_class-outofstock","13":"pa_brand-dji","14":"pa_productfamily-afstandsbediening","15":"pa_producttype-afstandsbediening","17":"first","18":"outofstock","19":"taxable","20":"shipping-taxable","21":"purchasable","22":"product-type-simple"},"acf":[],"yoast_head":"<!-- This site is optimized with the Yoast SEO Premium plugin v27.2 (Yoast SEO v27.2) - https:\/\/yoast.com\/product\/yoast-seo-premium-wordpress\/ -->\n<title>DJI Cendence Remote Controller - koningdrone.be<\/title>\n<meta name=\"robots\" content=\"index, follow, max-snippet:-1, max-image-preview:large, max-video-preview:-1\" \/>\n<link rel=\"canonical\" href=\"https:\/\/koningdrone.be\/es\/producto\/dji-cendence-remote-controller\/\" \/>\n<meta property=\"og:locale\" content=\"es_ES\" \/>\n<meta property=\"og:type\" content=\"article\" \/>\n<meta property=\"og:title\" content=\"DJI Cendence Remote Controller\" \/>\n<meta property=\"og:description\" content=\"Broadcast in\u00a01080i 50 fps en 720p 60 fpsDual operator control (master of slave)Aanpasbare afstandsbedieningGeschikt voor de Inspire 2 en Matrice 200Inclusief Cendence Monitor Mounting BracketCrystalSky compatibelNieuw LCD display\" \/>\n<meta property=\"og:url\" content=\"https:\/\/koningdrone.be\/es\/producto\/dji-cendence-remote-controller\/\" \/>\n<meta property=\"og:site_name\" content=\"koningdrone.be\" \/>\n<meta property=\"article:modified_time\" content=\"2026-04-29T02:40:35+00:00\" \/>\n<meta property=\"og:image\" content=\"https:\/\/koningdrone.be\/wp-content\/uploads\/sites\/13\/2025\/04\/6958265147494-1-720x660-1.jpg\" \/>\n\t<meta property=\"og:image:width\" content=\"660\" \/>\n\t<meta property=\"og:image:height\" content=\"660\" \/>\n\t<meta property=\"og:image:type\" content=\"image\/jpeg\" \/>\n<meta name=\"twitter:card\" content=\"summary_large_image\" \/>\n<meta name=\"twitter:label1\" content=\"Tiempo de lectura\" \/>\n\t<meta name=\"twitter:data1\" content=\"1 minuto\" \/>\n<script type=\"application\/ld+json\" class=\"yoast-schema-graph\">{\"@context\":\"https:\/\/schema.org\",\"@graph\":[{\"@type\":\"WebPage\",\"@id\":\"https:\/\/koningdrone.be\/product\/dji-cendence-remote-controller\/\",\"url\":\"https:\/\/koningdrone.be\/product\/dji-cendence-remote-controller\/\",\"name\":\"DJI Cendence Remote Controller - koningdrone.be\",\"isPartOf\":{\"@id\":\"https:\/\/koningdrone.be\/#website\"},\"primaryImageOfPage\":{\"@id\":\"https:\/\/koningdrone.be\/product\/dji-cendence-remote-controller\/#primaryimage\"},\"image\":{\"@id\":\"https:\/\/koningdrone.be\/product\/dji-cendence-remote-controller\/#primaryimage\"},\"thumbnailUrl\":\"https:\/\/koningdrone.be\/wp-content\/uploads\/sites\/13\/2025\/04\/6958265147494-1-720x660-1.jpg\",\"datePublished\":\"2018-06-12T18:53:28+00:00\",\"dateModified\":\"2026-04-29T02:40:35+00:00\",\"breadcrumb\":{\"@id\":\"https:\/\/koningdrone.be\/product\/dji-cendence-remote-controller\/#breadcrumb\"},\"inLanguage\":\"es\",\"potentialAction\":[{\"@type\":\"ReadAction\",\"target\":[\"https:\/\/koningdrone.be\/product\/dji-cendence-remote-controller\/\"]}]},{\"@type\":\"ImageObject\",\"inLanguage\":\"es\",\"@id\":\"https:\/\/koningdrone.be\/product\/dji-cendence-remote-controller\/#primaryimage\",\"url\":\"https:\/\/koningdrone.be\/wp-content\/uploads\/sites\/13\/2025\/04\/6958265147494-1-720x660-1.jpg\",\"contentUrl\":\"https:\/\/koningdrone.be\/wp-content\/uploads\/sites\/13\/2025\/04\/6958265147494-1-720x660-1.jpg\",\"width\":660,\"height\":660},{\"@type\":\"BreadcrumbList\",\"@id\":\"https:\/\/koningdrone.be\/product\/dji-cendence-remote-controller\/#breadcrumb\",\"itemListElement\":[{\"@type\":\"ListItem\",\"position\":1,\"name\":\"Home\",\"item\":\"https:\/\/koningdrone.be\/\"},{\"@type\":\"ListItem\",\"position\":2,\"name\":\"AVSS Parachute Recovery System for DJI Matrice 300\/350\",\"item\":\"https:\/\/koningdrone.be\/product\/avss-parachute-recovery-system-for-dji-matrice-300-350\/\"},{\"@type\":\"ListItem\",\"position\":3,\"name\":\"Alle afstandsbedieningen\",\"item\":\"https:\/\/koningdrone.be\/categorie\/alle-afstandsbedieningen\/\"},{\"@type\":\"ListItem\",\"position\":4,\"name\":\"DJI Cendence Remote Controller\"}]},{\"@type\":\"WebSite\",\"@id\":\"https:\/\/koningdrone.be\/#website\",\"url\":\"https:\/\/koningdrone.be\/\",\"name\":\"Koningdrone.be - Uw online specialist in drones, gimbals, camera's en power stations.\",\"description\":\"De webshop in drones en gimbals\",\"publisher\":{\"@id\":\"https:\/\/koningdrone.be\/#organization\"},\"potentialAction\":[{\"@type\":\"SearchAction\",\"target\":{\"@type\":\"EntryPoint\",\"urlTemplate\":\"https:\/\/koningdrone.be\/?s={search_term_string}\"},\"query-input\":{\"@type\":\"PropertyValueSpecification\",\"valueRequired\":true,\"valueName\":\"search_term_string\"}}],\"inLanguage\":\"es\"},{\"@type\":\"Organization\",\"@id\":\"https:\/\/koningdrone.be\/#organization\",\"name\":\"Koningdrone.be\",\"url\":\"https:\/\/koningdrone.be\/\",\"logo\":{\"@type\":\"ImageObject\",\"inLanguage\":\"es\",\"@id\":\"https:\/\/koningdrone.be\/#\/schema\/logo\/image\/\",\"url\":\"https:\/\/koningdrone.be\/wp-content\/uploads\/sites\/13\/2025\/04\/koningdrone-copyright-logo.svg\",\"contentUrl\":\"https:\/\/koningdrone.be\/wp-content\/uploads\/sites\/13\/2025\/04\/koningdrone-copyright-logo.svg\",\"width\":227,\"height\":38,\"caption\":\"Koningdrone.be\"},\"image\":{\"@id\":\"https:\/\/koningdrone.be\/#\/schema\/logo\/image\/\"}}]}<\/script>\n<!-- \/ Yoast SEO Premium plugin. -->","yoast_head_json":{"title":"DJI Cendence Remote Controller - koningdrone.be","robots":{"index":"index","follow":"follow","max-snippet":"max-snippet:-1","max-image-preview":"max-image-preview:large","max-video-preview":"max-video-preview:-1"},"canonical":"https:\/\/koningdrone.be\/es\/producto\/dji-cendence-remote-controller\/","og_locale":"es_ES","og_type":"article","og_title":"DJI Cendence Remote Controller","og_description":"Broadcast in\u00a01080i 50 fps en 720p 60 fpsDual operator control (master of slave)Aanpasbare afstandsbedieningGeschikt voor de Inspire 2 en Matrice 200Inclusief Cendence Monitor Mounting BracketCrystalSky compatibelNieuw LCD display","og_url":"https:\/\/koningdrone.be\/es\/producto\/dji-cendence-remote-controller\/","og_site_name":"koningdrone.be","article_modified_time":"2026-04-29T02:40:35+00:00","og_image":[{"width":660,"height":660,"url":"https:\/\/koningdrone.be\/wp-content\/uploads\/sites\/13\/2025\/04\/6958265147494-1-720x660-1.jpg","type":"image\/jpeg"}],"twitter_card":"summary_large_image","twitter_misc":{"Tiempo de lectura":"1 minuto"},"schema":{"@context":"https:\/\/schema.org","@graph":[{"@type":"WebPage","@id":"https:\/\/koningdrone.be\/product\/dji-cendence-remote-controller\/","url":"https:\/\/koningdrone.be\/product\/dji-cendence-remote-controller\/","name":"DJI Cendence Remote Controller - koningdrone.be","isPartOf":{"@id":"https:\/\/koningdrone.be\/#website"},"primaryImageOfPage":{"@id":"https:\/\/koningdrone.be\/product\/dji-cendence-remote-controller\/#primaryimage"},"image":{"@id":"https:\/\/koningdrone.be\/product\/dji-cendence-remote-controller\/#primaryimage"},"thumbnailUrl":"https:\/\/koningdrone.be\/wp-content\/uploads\/sites\/13\/2025\/04\/6958265147494-1-720x660-1.jpg","datePublished":"2018-06-12T18:53:28+00:00","dateModified":"2026-04-29T02:40:35+00:00","breadcrumb":{"@id":"https:\/\/koningdrone.be\/product\/dji-cendence-remote-controller\/#breadcrumb"},"inLanguage":"es","potentialAction":[{"@type":"ReadAction","target":["https:\/\/koningdrone.be\/product\/dji-cendence-remote-controller\/"]}]},{"@type":"ImageObject","inLanguage":"es","@id":"https:\/\/koningdrone.be\/product\/dji-cendence-remote-controller\/#primaryimage","url":"https:\/\/koningdrone.be\/wp-content\/uploads\/sites\/13\/2025\/04\/6958265147494-1-720x660-1.jpg","contentUrl":"https:\/\/koningdrone.be\/wp-content\/uploads\/sites\/13\/2025\/04\/6958265147494-1-720x660-1.jpg","width":660,"height":660},{"@type":"BreadcrumbList","@id":"https:\/\/koningdrone.be\/product\/dji-cendence-remote-controller\/#breadcrumb","itemListElement":[{"@type":"ListItem","position":1,"name":"Home","item":"https:\/\/koningdrone.be\/"},{"@type":"ListItem","position":2,"name":"AVSS Parachute Recovery System for DJI Matrice 300\/350","item":"https:\/\/koningdrone.be\/product\/avss-parachute-recovery-system-for-dji-matrice-300-350\/"},{"@type":"ListItem","position":3,"name":"Alle afstandsbedieningen","item":"https:\/\/koningdrone.be\/categorie\/alle-afstandsbedieningen\/"},{"@type":"ListItem","position":4,"name":"DJI Cendence Remote Controller"}]},{"@type":"WebSite","@id":"https:\/\/koningdrone.be\/#website","url":"https:\/\/koningdrone.be\/","name":"Koningdrone.be - Su especialista en l\u00ednea en drones, cardanes, c\u00e1maras y centrales el\u00e9ctricas.","description":"La tienda virtual de drones y cardanes","publisher":{"@id":"https:\/\/koningdrone.be\/#organization"},"potentialAction":[{"@type":"SearchAction","target":{"@type":"EntryPoint","urlTemplate":"https:\/\/koningdrone.be\/?s={search_term_string}"},"query-input":{"@type":"PropertyValueSpecification","valueRequired":true,"valueName":"search_term_string"}}],"inLanguage":"es"},{"@type":"Organization","@id":"https:\/\/koningdrone.be\/#organization","name":"Kingdrone.es","url":"https:\/\/koningdrone.be\/","logo":{"@type":"ImageObject","inLanguage":"es","@id":"https:\/\/koningdrone.be\/#\/schema\/logo\/image\/","url":"https:\/\/koningdrone.be\/wp-content\/uploads\/sites\/13\/2025\/04\/koningdrone-copyright-logo.svg","contentUrl":"https:\/\/koningdrone.be\/wp-content\/uploads\/sites\/13\/2025\/04\/koningdrone-copyright-logo.svg","width":227,"height":38,"caption":"Koningdrone.be"},"image":{"@id":"https:\/\/koningdrone.be\/#\/schema\/logo\/image\/"}}]}},"df_price":1017,"df_sale_price":"","df_regular_price":1017,"df_image_link":"https:\/\/koningdrone.be\/wp-content\/uploads\/sites\/13\/2025\/04\/6958265147494-1-720x660-1-300x300.jpg","_links":{"self":[{"href":"https:\/\/koningdrone.be\/es\/wp-json\/wp\/v2\/product\/7942","targetHints":{"allow":["GET"]}}],"collection":[{"href":"https:\/\/koningdrone.be\/es\/wp-json\/wp\/v2\/product"}],"about":[{"href":"https:\/\/koningdrone.be\/es\/wp-json\/wp\/v2\/types\/product"}],"wp:featuredmedia":[{"embeddable":true,"href":"https:\/\/koningdrone.be\/es\/wp-json\/wp\/v2\/media\/7937"}],"wp:attachment":[{"href":"https:\/\/koningdrone.be\/es\/wp-json\/wp\/v2\/media?parent=7942"}],"wp:term":[{"taxonomy":"product_brand","embeddable":true,"href":"https:\/\/koningdrone.be\/es\/wp-json\/wp\/v2\/product_brand?post=7942"},{"taxonomy":"product_cat","embeddable":true,"href":"https:\/\/koningdrone.be\/es\/wp-json\/wp\/v2\/product_cat?post=7942"},{"taxonomy":"product_tag","embeddable":true,"href":"https:\/\/koningdrone.be\/es\/wp-json\/wp\/v2\/product_tag?post=7942"}],"curies":[{"name":"wp","href":"https:\/\/api.w.org\/{rel}","templated":true}]}}