{"id":7936,"date":"2018-06-12T20:53:28","date_gmt":"2018-06-12T18:53:28","guid":{"rendered":"https:\/\/koningdrone.nl\/kon\/product\/dji-zenmuse-x7-dl-dl-s-lens-set-part-14-dl-dl-s-lens-set-drone-lens-set\/"},"modified":"2026-04-29T10:20:35","modified_gmt":"2026-04-29T08:20:35","slug":"dji-zenmuse-x7-dl-dl-s-lens-set-part-14-dl-dl-s-lens-set-drone-lens-set","status":"publish","type":"product","link":"https:\/\/koningdrone.be\/es\/producto\/dji-zenmuse-x7-dl-dl-s-lens-set-part-14-dl-dl-s-lens-set-drone-lens-set\/","title":{"rendered":"DJI Zenmuse X7 DL\/DL-S Lens Set Parte 14"},"content":{"rendered":"<h1>Conjunto de lentes DJI Zenmuse X7 DL\/DL-S<\/h1>\n<p>El DJI Zenmuse X7 DL\/DL-S Lens Set es un conjunto de 4 lentes dise\u00f1adas espec\u00edficamente para la Zenmuse X7. Las lentes est\u00e1n hechas de fibra de carbono, lo que las hace ligeras y resistentes. Con el sistema de montaje DL de DJI, las lentes se pueden montar en la Zenmuse X7. Esto le da una opci\u00f3n de longitudes focales.<\/p>\n<p>DJI utiliza tecnolog\u00eda FSI-Cu de reciente desarrollo y una interconexi\u00f3n m\u00e1s fina en el sensor Zenmuse X7. Esto hace que el objetivo sea m\u00e1s sensible a la luz, ya que ahora la luz puede llegar al sensor a trav\u00e9s de un \u00e1ngulo de incidencia m\u00e1s amplio. A su vez, esto permite utilizar un objetivo m\u00e1s peque\u00f1o y compacto, manteniendo la calidad de imagen, y proporcionando una distancia focal de brida m\u00e1s peque\u00f1a. Esta distancia es ahora de 16,84 mm, aproximadamente 1\/3 de una montura PL.<\/p>\n<p><strong>Lentes<\/strong><\/p>\n<ul> <\/p>\n<li>DL-S 16mm F2.8 ND ASPH<\/li>\n<p> <\/p>\n<li>DL 24mm F2.8 LS ASPH<\/li>\n<p> <\/p>\n<li>DL 35mm F2.8 LS ASPH<\/li>\n<p> <\/p>\n<li>DL 50mm F2.8 LS ASPH<\/li>\n<p><\/ul>\n<p><strong>Apertura m\u00e1xima<\/strong><\/p>\n<p>F2.8~F16 F2.8~F16 F2.8~F16 F2.8~F16 F2.8~F16<\/p>\n<p><strong>C\u00edrculo de imagen m\u00e1ximo<\/strong><\/p>\n<p><strong>Super 35 35mm 35mm<\/strong><\/p>\n<p><strong>Elementos\/Grupos\/ASPH<\/strong><\/p>\n<p>13\/12\/4 9\/8\/3 9\/8\/3 9\/7\/2<\/p>\n<p><strong>Profundidad de campo<\/strong><\/p>\n<p>0,40 m 0,65 m 0,85 m 0,93 m<\/p>","protected":false},"excerpt":{"rendered":"<ul>\n<li>Juego de cuatro lentes diferentes<\/li>\n<li>Fabricado especialmente para la Zenmuse X7<\/li>\n<li>Dise\u00f1ado para fotograf\u00eda a\u00e9rea<\/li>\n<li>Con una conexi\u00f3n DL<\/li>\n<li>Fabricado en fibra de carbono ligera<\/li>\n<\/ul>","protected":false},"featured_media":7934,"template":"","meta":{"_acf_changed":false},"product_brand":[],"product_cat":[315,298,126,97,316,1381],"product_tag":[],"class_list":{"0":"post-7936","1":"product","2":"type-product","3":"status-publish","4":"has-post-thumbnail","6":"product_cat-alle-gimbals-en-cameras","7":"product_cat-alle-industriele-camera","8":"product_cat-alle-payloads","9":"product_cat-alle-producten","10":"product_cat-dji-zenmuse","11":"product_cat-dji-zenmuse-x7","12":"product_shipping_class-outofstock","13":"pa_brand-dji","14":"pa_productfamily-camera-lens","15":"pa_producttype-camera-lens","16":"pa_series-zenmuse-x7","18":"first","19":"outofstock","20":"taxable","21":"shipping-taxable","22":"product-type-simple"},"acf":[],"yoast_head":"<!-- This site is optimized with the Yoast SEO Premium plugin v27.2 (Yoast SEO v27.2) - https:\/\/yoast.com\/product\/yoast-seo-premium-wordpress\/ -->\n<title>DJI Zenmuse X7 DL\/DL-S Lens Set Part 14 - koningdrone.be<\/title>\n<meta name=\"robots\" content=\"index, follow, max-snippet:-1, max-image-preview:large, max-video-preview:-1\" \/>\n<link rel=\"canonical\" href=\"https:\/\/koningdrone.be\/es\/producto\/dji-zenmuse-x7-dl-dl-s-lens-set-part-14-dl-dl-s-lens-set-drone-lens-set\/\" \/>\n<meta property=\"og:locale\" content=\"es_ES\" \/>\n<meta property=\"og:type\" content=\"article\" \/>\n<meta property=\"og:title\" content=\"DJI Zenmuse X7 DL\/DL-S Lens Set Part 14\" \/>\n<meta property=\"og:description\" content=\"Set van vier verschillende lenzenSpeciaal gemaakt voor de Zenmuse X7Ontworpen voor luchtfotografieMet een DL-aansluitingGemaakt van lichtgewicht carbon fiber\" \/>\n<meta property=\"og:url\" content=\"https:\/\/koningdrone.be\/es\/producto\/dji-zenmuse-x7-dl-dl-s-lens-set-part-14-dl-dl-s-lens-set-drone-lens-set\/\" \/>\n<meta property=\"og:site_name\" content=\"koningdrone.be\" \/>\n<meta property=\"article:modified_time\" content=\"2026-04-29T08:20:35+00:00\" \/>\n<meta property=\"og:image\" content=\"https:\/\/koningdrone.be\/wp-content\/uploads\/sites\/13\/2025\/04\/6958265156762-1-720x660-1.jpg\" \/>\n\t<meta property=\"og:image:width\" content=\"660\" \/>\n\t<meta property=\"og:image:height\" content=\"660\" \/>\n\t<meta property=\"og:image:type\" content=\"image\/jpeg\" \/>\n<meta name=\"twitter:card\" content=\"summary_large_image\" \/>\n<meta name=\"twitter:label1\" content=\"Tiempo de lectura\" \/>\n\t<meta name=\"twitter:data1\" content=\"1 minuto\" \/>\n<script type=\"application\/ld+json\" class=\"yoast-schema-graph\">{\"@context\":\"https:\/\/schema.org\",\"@graph\":[{\"@type\":\"WebPage\",\"@id\":\"https:\/\/koningdrone.be\/product\/dji-zenmuse-x7-dl-dl-s-lens-set-part-14-dl-dl-s-lens-set-drone-lens-set\/\",\"url\":\"https:\/\/koningdrone.be\/product\/dji-zenmuse-x7-dl-dl-s-lens-set-part-14-dl-dl-s-lens-set-drone-lens-set\/\",\"name\":\"DJI Zenmuse X7 DL\/DL-S Lens Set Part 14 - koningdrone.be\",\"isPartOf\":{\"@id\":\"https:\/\/koningdrone.be\/#website\"},\"primaryImageOfPage\":{\"@id\":\"https:\/\/koningdrone.be\/product\/dji-zenmuse-x7-dl-dl-s-lens-set-part-14-dl-dl-s-lens-set-drone-lens-set\/#primaryimage\"},\"image\":{\"@id\":\"https:\/\/koningdrone.be\/product\/dji-zenmuse-x7-dl-dl-s-lens-set-part-14-dl-dl-s-lens-set-drone-lens-set\/#primaryimage\"},\"thumbnailUrl\":\"https:\/\/koningdrone.be\/wp-content\/uploads\/sites\/13\/2025\/04\/6958265156762-1-720x660-1.jpg\",\"datePublished\":\"2018-06-12T18:53:28+00:00\",\"dateModified\":\"2026-04-29T08:20:35+00:00\",\"breadcrumb\":{\"@id\":\"https:\/\/koningdrone.be\/product\/dji-zenmuse-x7-dl-dl-s-lens-set-part-14-dl-dl-s-lens-set-drone-lens-set\/#breadcrumb\"},\"inLanguage\":\"es\",\"potentialAction\":[{\"@type\":\"ReadAction\",\"target\":[\"https:\/\/koningdrone.be\/product\/dji-zenmuse-x7-dl-dl-s-lens-set-part-14-dl-dl-s-lens-set-drone-lens-set\/\"]}]},{\"@type\":\"ImageObject\",\"inLanguage\":\"es\",\"@id\":\"https:\/\/koningdrone.be\/product\/dji-zenmuse-x7-dl-dl-s-lens-set-part-14-dl-dl-s-lens-set-drone-lens-set\/#primaryimage\",\"url\":\"https:\/\/koningdrone.be\/wp-content\/uploads\/sites\/13\/2025\/04\/6958265156762-1-720x660-1.jpg\",\"contentUrl\":\"https:\/\/koningdrone.be\/wp-content\/uploads\/sites\/13\/2025\/04\/6958265156762-1-720x660-1.jpg\",\"width\":660,\"height\":660},{\"@type\":\"BreadcrumbList\",\"@id\":\"https:\/\/koningdrone.be\/product\/dji-zenmuse-x7-dl-dl-s-lens-set-part-14-dl-dl-s-lens-set-drone-lens-set\/#breadcrumb\",\"itemListElement\":[{\"@type\":\"ListItem\",\"position\":1,\"name\":\"Home\",\"item\":\"https:\/\/koningdrone.be\/\"},{\"@type\":\"ListItem\",\"position\":2,\"name\":\"AVSS Parachute Recovery System for DJI Matrice 300\/350\",\"item\":\"https:\/\/koningdrone.be\/product\/avss-parachute-recovery-system-for-dji-matrice-300-350\/\"},{\"@type\":\"ListItem\",\"position\":3,\"name\":\"Alle gimbals en cameras\",\"item\":\"https:\/\/koningdrone.be\/categorie\/alle-gimbals-en-cameras\/\"},{\"@type\":\"ListItem\",\"position\":4,\"name\":\"DJI Zenmuse X7 DL\/DL-S Lens Set Part 14\"}]},{\"@type\":\"WebSite\",\"@id\":\"https:\/\/koningdrone.be\/#website\",\"url\":\"https:\/\/koningdrone.be\/\",\"name\":\"Koningdrone.be - Uw online specialist in drones, gimbals, camera's en power stations.\",\"description\":\"De webshop in drones en gimbals\",\"publisher\":{\"@id\":\"https:\/\/koningdrone.be\/#organization\"},\"potentialAction\":[{\"@type\":\"SearchAction\",\"target\":{\"@type\":\"EntryPoint\",\"urlTemplate\":\"https:\/\/koningdrone.be\/?s={search_term_string}\"},\"query-input\":{\"@type\":\"PropertyValueSpecification\",\"valueRequired\":true,\"valueName\":\"search_term_string\"}}],\"inLanguage\":\"es\"},{\"@type\":\"Organization\",\"@id\":\"https:\/\/koningdrone.be\/#organization\",\"name\":\"Koningdrone.be\",\"url\":\"https:\/\/koningdrone.be\/\",\"logo\":{\"@type\":\"ImageObject\",\"inLanguage\":\"es\",\"@id\":\"https:\/\/koningdrone.be\/#\/schema\/logo\/image\/\",\"url\":\"https:\/\/koningdrone.be\/wp-content\/uploads\/sites\/13\/2025\/04\/koningdrone-copyright-logo.svg\",\"contentUrl\":\"https:\/\/koningdrone.be\/wp-content\/uploads\/sites\/13\/2025\/04\/koningdrone-copyright-logo.svg\",\"width\":227,\"height\":38,\"caption\":\"Koningdrone.be\"},\"image\":{\"@id\":\"https:\/\/koningdrone.be\/#\/schema\/logo\/image\/\"}}]}<\/script>\n<!-- \/ Yoast SEO Premium plugin. -->","yoast_head_json":{"title":"DJI Zenmuse X7 DL\/DL-S Lens Set Part 14 - koningdrone.be","robots":{"index":"index","follow":"follow","max-snippet":"max-snippet:-1","max-image-preview":"max-image-preview:large","max-video-preview":"max-video-preview:-1"},"canonical":"https:\/\/koningdrone.be\/es\/producto\/dji-zenmuse-x7-dl-dl-s-lens-set-part-14-dl-dl-s-lens-set-drone-lens-set\/","og_locale":"es_ES","og_type":"article","og_title":"DJI Zenmuse X7 DL\/DL-S Lens Set Part 14","og_description":"Set van vier verschillende lenzenSpeciaal gemaakt voor de Zenmuse X7Ontworpen voor luchtfotografieMet een DL-aansluitingGemaakt van lichtgewicht carbon fiber","og_url":"https:\/\/koningdrone.be\/es\/producto\/dji-zenmuse-x7-dl-dl-s-lens-set-part-14-dl-dl-s-lens-set-drone-lens-set\/","og_site_name":"koningdrone.be","article_modified_time":"2026-04-29T08:20:35+00:00","og_image":[{"width":660,"height":660,"url":"https:\/\/koningdrone.be\/wp-content\/uploads\/sites\/13\/2025\/04\/6958265156762-1-720x660-1.jpg","type":"image\/jpeg"}],"twitter_card":"summary_large_image","twitter_misc":{"Tiempo de lectura":"1 minuto"},"schema":{"@context":"https:\/\/schema.org","@graph":[{"@type":"WebPage","@id":"https:\/\/koningdrone.be\/product\/dji-zenmuse-x7-dl-dl-s-lens-set-part-14-dl-dl-s-lens-set-drone-lens-set\/","url":"https:\/\/koningdrone.be\/product\/dji-zenmuse-x7-dl-dl-s-lens-set-part-14-dl-dl-s-lens-set-drone-lens-set\/","name":"DJI Zenmuse X7 DL\/DL-S Lens Set Part 14 - koningdrone.be","isPartOf":{"@id":"https:\/\/koningdrone.be\/#website"},"primaryImageOfPage":{"@id":"https:\/\/koningdrone.be\/product\/dji-zenmuse-x7-dl-dl-s-lens-set-part-14-dl-dl-s-lens-set-drone-lens-set\/#primaryimage"},"image":{"@id":"https:\/\/koningdrone.be\/product\/dji-zenmuse-x7-dl-dl-s-lens-set-part-14-dl-dl-s-lens-set-drone-lens-set\/#primaryimage"},"thumbnailUrl":"https:\/\/koningdrone.be\/wp-content\/uploads\/sites\/13\/2025\/04\/6958265156762-1-720x660-1.jpg","datePublished":"2018-06-12T18:53:28+00:00","dateModified":"2026-04-29T08:20:35+00:00","breadcrumb":{"@id":"https:\/\/koningdrone.be\/product\/dji-zenmuse-x7-dl-dl-s-lens-set-part-14-dl-dl-s-lens-set-drone-lens-set\/#breadcrumb"},"inLanguage":"es","potentialAction":[{"@type":"ReadAction","target":["https:\/\/koningdrone.be\/product\/dji-zenmuse-x7-dl-dl-s-lens-set-part-14-dl-dl-s-lens-set-drone-lens-set\/"]}]},{"@type":"ImageObject","inLanguage":"es","@id":"https:\/\/koningdrone.be\/product\/dji-zenmuse-x7-dl-dl-s-lens-set-part-14-dl-dl-s-lens-set-drone-lens-set\/#primaryimage","url":"https:\/\/koningdrone.be\/wp-content\/uploads\/sites\/13\/2025\/04\/6958265156762-1-720x660-1.jpg","contentUrl":"https:\/\/koningdrone.be\/wp-content\/uploads\/sites\/13\/2025\/04\/6958265156762-1-720x660-1.jpg","width":660,"height":660},{"@type":"BreadcrumbList","@id":"https:\/\/koningdrone.be\/product\/dji-zenmuse-x7-dl-dl-s-lens-set-part-14-dl-dl-s-lens-set-drone-lens-set\/#breadcrumb","itemListElement":[{"@type":"ListItem","position":1,"name":"Home","item":"https:\/\/koningdrone.be\/"},{"@type":"ListItem","position":2,"name":"AVSS Parachute Recovery System for DJI Matrice 300\/350","item":"https:\/\/koningdrone.be\/product\/avss-parachute-recovery-system-for-dji-matrice-300-350\/"},{"@type":"ListItem","position":3,"name":"Alle gimbals en cameras","item":"https:\/\/koningdrone.be\/categorie\/alle-gimbals-en-cameras\/"},{"@type":"ListItem","position":4,"name":"DJI Zenmuse X7 DL\/DL-S Lens Set Part 14"}]},{"@type":"WebSite","@id":"https:\/\/koningdrone.be\/#website","url":"https:\/\/koningdrone.be\/","name":"Koningdrone.be - Su especialista en l\u00ednea en drones, cardanes, c\u00e1maras y centrales el\u00e9ctricas.","description":"La tienda virtual de drones y cardanes","publisher":{"@id":"https:\/\/koningdrone.be\/#organization"},"potentialAction":[{"@type":"SearchAction","target":{"@type":"EntryPoint","urlTemplate":"https:\/\/koningdrone.be\/?s={search_term_string}"},"query-input":{"@type":"PropertyValueSpecification","valueRequired":true,"valueName":"search_term_string"}}],"inLanguage":"es"},{"@type":"Organization","@id":"https:\/\/koningdrone.be\/#organization","name":"Kingdrone.es","url":"https:\/\/koningdrone.be\/","logo":{"@type":"ImageObject","inLanguage":"es","@id":"https:\/\/koningdrone.be\/#\/schema\/logo\/image\/","url":"https:\/\/koningdrone.be\/wp-content\/uploads\/sites\/13\/2025\/04\/koningdrone-copyright-logo.svg","contentUrl":"https:\/\/koningdrone.be\/wp-content\/uploads\/sites\/13\/2025\/04\/koningdrone-copyright-logo.svg","width":227,"height":38,"caption":"Koningdrone.be"},"image":{"@id":"https:\/\/koningdrone.be\/#\/schema\/logo\/image\/"}}]}},"df_price":"","df_sale_price":"","df_regular_price":"","df_image_link":"https:\/\/koningdrone.be\/wp-content\/uploads\/sites\/13\/2025\/04\/6958265156762-1-720x660-1-300x300.jpg","_links":{"self":[{"href":"https:\/\/koningdrone.be\/es\/wp-json\/wp\/v2\/product\/7936","targetHints":{"allow":["GET"]}}],"collection":[{"href":"https:\/\/koningdrone.be\/es\/wp-json\/wp\/v2\/product"}],"about":[{"href":"https:\/\/koningdrone.be\/es\/wp-json\/wp\/v2\/types\/product"}],"wp:featuredmedia":[{"embeddable":true,"href":"https:\/\/koningdrone.be\/es\/wp-json\/wp\/v2\/media\/7934"}],"wp:attachment":[{"href":"https:\/\/koningdrone.be\/es\/wp-json\/wp\/v2\/media?parent=7936"}],"wp:term":[{"taxonomy":"product_brand","embeddable":true,"href":"https:\/\/koningdrone.be\/es\/wp-json\/wp\/v2\/product_brand?post=7936"},{"taxonomy":"product_cat","embeddable":true,"href":"https:\/\/koningdrone.be\/es\/wp-json\/wp\/v2\/product_cat?post=7936"},{"taxonomy":"product_tag","embeddable":true,"href":"https:\/\/koningdrone.be\/es\/wp-json\/wp\/v2\/product_tag?post=7936"}],"curies":[{"name":"wp","href":"https:\/\/api.w.org\/{rel}","templated":true}]}}