{"id":7928,"date":"2018-06-12T20:53:35","date_gmt":"2018-06-12T18:53:35","guid":{"rendered":"https:\/\/koningdrone.nl\/kon\/product\/dji-crystalsky-batterij-oplaadhub-wch2\/"},"modified":"2026-04-29T12:50:45","modified_gmt":"2026-04-29T10:50:45","slug":"dji-crystalsky-batterij-oplaadhub-wch2","status":"publish","type":"product","link":"https:\/\/koningdrone.be\/es\/producto\/dji-crystalsky-batterij-oplaadhub-wch2\/","title":{"rendered":"Hub de carga DJI CrystalSky WCH2"},"content":{"rendered":"<h2>Bater\u00eda DJI CrystalSky Hub de carga (WCH2)<\/h2>\n<p>El Hub de Carga de Bater\u00edas DJI CrystalSky carga dos Bater\u00edas CrystalSky &amp; Cendence simult\u00e1neamente. Charging Hub ver\u00e1 cu\u00e1l de las dos bater\u00edas est\u00e1 casi cargada y le dar\u00e1 prioridad con la carga.<br \/>No se incluye ning\u00fan cable de carga con el Hub de Carga de Bater\u00eda DJI CrystalSky &amp; Cendence. Los siguientes cables funcionan con el Hub de Carga de Bater\u00eda DJI CrystalSky &amp; Cendence:<br \/>Cargador de bater\u00eda Inspire 2 (IN2C180)<br \/>Cargador de bater\u00eda Inspire 2 (ADE018)<br \/>Cargador de coche para Inspire 2 (C6S90-2)<br \/>Bater\u00eda Inspire 1 (A14-100P1A)<br \/>Cargador de bater\u00eda Inspire 1 (ADE018)<br \/>Cargador de coche para Inspire 1 (C6S90)<br \/>Cargador de bater\u00eda de la serie Phantom 4 (PH4C100)<br \/>Cargador de coche para Phantom 4 (C6S90)<br \/>Cargador de bater\u00eda Phantom 3 (ADE019)<br \/>Phantom 3 Cargador de coche (C4S90)<br \/>Cargador de bater\u00eda Phantom 3 de 57 W (A14-057N1A)*<br \/>Osmo 57W Cargador de bater\u00eda (A14-057N1A)*<br \/>Los cables de carga de 57W (A14-057N1A) no tienen suficiente potencia para cargar otros dispositivos adem\u00e1s de las bater\u00edas. DJI recomienda conectar \u00fanicamente el Hub de carga de bater\u00edas DJI CrystalSky &amp; Cendence al puerto USB.<br \/><strong>Especificaciones<\/strong><br \/>Modelo: WCH2<br \/>Tensi\u00f3n de entrada 17,3 - 26,2V<br \/>Tensi\u00f3n y corriente de salida 8,7 V, 6 A, 5 V, 2 A<br \/>Temperatura de funcionamiento De 5 a 40 grados Celsius<br \/>Tiempo de carga 71 minutos<\/p>","protected":false},"excerpt":{"rendered":"<ul>\n<li>Carga simult\u00e1neamente 2 pilas CrystalSky y Cendence Intelligence<\/li>\n<li>La bater\u00eda que est\u00e1 casi llena tiene prioridad autom\u00e1ticamente<\/li>\n<li>Tiempo de carga: 71 min<\/li>\n<li>Nota: cable de carga no incluido<\/li>\n<\/ul>","protected":false},"featured_media":7927,"template":"","meta":{"_acf_changed":false},"product_brand":[],"product_cat":[111,97,646],"product_tag":[],"class_list":{"0":"post-7928","1":"product","2":"type-product","3":"status-publish","4":"has-post-thumbnail","6":"product_cat-alle-opladers","7":"product_cat-alle-producten","8":"product_cat-dji-crystalsky","9":"product_shipping_class-outofstock","10":"pa_brand-dji","11":"pa_productfamily-oplader","12":"pa_producttype-oplader","13":"pa_series-crystalsky","15":"first","16":"outofstock","17":"taxable","18":"shipping-taxable","19":"product-type-simple"},"acf":[],"yoast_head":"<!-- This site is optimized with the Yoast SEO Premium plugin v27.2 (Yoast SEO v27.2) - https:\/\/yoast.com\/product\/yoast-seo-premium-wordpress\/ -->\n<title>DJI CrystalSky Oplaadhub WCH2 - koningdrone.be<\/title>\n<meta name=\"robots\" content=\"index, follow, max-snippet:-1, max-image-preview:large, max-video-preview:-1\" \/>\n<link rel=\"canonical\" href=\"https:\/\/koningdrone.be\/es\/producto\/dji-crystalsky-batterij-oplaadhub-wch2\/\" \/>\n<meta property=\"og:locale\" content=\"es_ES\" \/>\n<meta property=\"og:type\" content=\"article\" \/>\n<meta property=\"og:title\" content=\"DJI CrystalSky Oplaadhub WCH2\" \/>\n<meta property=\"og:description\" content=\"Laadt 2 CrystalSky en Cendence Intelligence Batteries tegelijkertijd opDe batterij die bijna vol is krijgt automatisch prioriteitOplaadtijd: 71 minLet op: oplaadkabel niet bijgeleverd\" \/>\n<meta property=\"og:url\" content=\"https:\/\/koningdrone.be\/es\/producto\/dji-crystalsky-batterij-oplaadhub-wch2\/\" \/>\n<meta property=\"og:site_name\" content=\"koningdrone.be\" \/>\n<meta property=\"article:modified_time\" content=\"2026-04-29T10:50:45+00:00\" \/>\n<meta property=\"og:image\" content=\"https:\/\/koningdrone.be\/wp-content\/uploads\/sites\/13\/2025\/04\/6958265145834-1-720x660-1.jpg\" \/>\n\t<meta property=\"og:image:width\" content=\"720\" \/>\n\t<meta property=\"og:image:height\" content=\"479\" \/>\n\t<meta property=\"og:image:type\" content=\"image\/jpeg\" \/>\n<meta name=\"twitter:card\" content=\"summary_large_image\" \/>\n<meta name=\"twitter:label1\" content=\"Tiempo de lectura\" \/>\n\t<meta name=\"twitter:data1\" content=\"1 minuto\" \/>\n<script type=\"application\/ld+json\" class=\"yoast-schema-graph\">{\"@context\":\"https:\/\/schema.org\",\"@graph\":[{\"@type\":\"WebPage\",\"@id\":\"https:\/\/koningdrone.be\/product\/dji-crystalsky-batterij-oplaadhub-wch2\/\",\"url\":\"https:\/\/koningdrone.be\/product\/dji-crystalsky-batterij-oplaadhub-wch2\/\",\"name\":\"DJI CrystalSky Oplaadhub WCH2 - koningdrone.be\",\"isPartOf\":{\"@id\":\"https:\/\/koningdrone.be\/#website\"},\"primaryImageOfPage\":{\"@id\":\"https:\/\/koningdrone.be\/product\/dji-crystalsky-batterij-oplaadhub-wch2\/#primaryimage\"},\"image\":{\"@id\":\"https:\/\/koningdrone.be\/product\/dji-crystalsky-batterij-oplaadhub-wch2\/#primaryimage\"},\"thumbnailUrl\":\"https:\/\/koningdrone.be\/wp-content\/uploads\/sites\/13\/2025\/04\/6958265145834-1-720x660-1.jpg\",\"datePublished\":\"2018-06-12T18:53:35+00:00\",\"dateModified\":\"2026-04-29T10:50:45+00:00\",\"breadcrumb\":{\"@id\":\"https:\/\/koningdrone.be\/product\/dji-crystalsky-batterij-oplaadhub-wch2\/#breadcrumb\"},\"inLanguage\":\"es\",\"potentialAction\":[{\"@type\":\"ReadAction\",\"target\":[\"https:\/\/koningdrone.be\/product\/dji-crystalsky-batterij-oplaadhub-wch2\/\"]}]},{\"@type\":\"ImageObject\",\"inLanguage\":\"es\",\"@id\":\"https:\/\/koningdrone.be\/product\/dji-crystalsky-batterij-oplaadhub-wch2\/#primaryimage\",\"url\":\"https:\/\/koningdrone.be\/wp-content\/uploads\/sites\/13\/2025\/04\/6958265145834-1-720x660-1.jpg\",\"contentUrl\":\"https:\/\/koningdrone.be\/wp-content\/uploads\/sites\/13\/2025\/04\/6958265145834-1-720x660-1.jpg\",\"width\":720,\"height\":479},{\"@type\":\"BreadcrumbList\",\"@id\":\"https:\/\/koningdrone.be\/product\/dji-crystalsky-batterij-oplaadhub-wch2\/#breadcrumb\",\"itemListElement\":[{\"@type\":\"ListItem\",\"position\":1,\"name\":\"Home\",\"item\":\"https:\/\/koningdrone.be\/\"},{\"@type\":\"ListItem\",\"position\":2,\"name\":\"AVSS Parachute Recovery System for DJI Matrice 300\/350\",\"item\":\"https:\/\/koningdrone.be\/product\/avss-parachute-recovery-system-for-dji-matrice-300-350\/\"},{\"@type\":\"ListItem\",\"position\":3,\"name\":\"Alle opladers\",\"item\":\"https:\/\/koningdrone.be\/categorie\/alle-opladers\/\"},{\"@type\":\"ListItem\",\"position\":4,\"name\":\"DJI CrystalSky Oplaadhub WCH2\"}]},{\"@type\":\"WebSite\",\"@id\":\"https:\/\/koningdrone.be\/#website\",\"url\":\"https:\/\/koningdrone.be\/\",\"name\":\"Koningdrone.be - Uw online specialist in drones, gimbals, camera's en power stations.\",\"description\":\"De webshop in drones en gimbals\",\"publisher\":{\"@id\":\"https:\/\/koningdrone.be\/#organization\"},\"potentialAction\":[{\"@type\":\"SearchAction\",\"target\":{\"@type\":\"EntryPoint\",\"urlTemplate\":\"https:\/\/koningdrone.be\/?s={search_term_string}\"},\"query-input\":{\"@type\":\"PropertyValueSpecification\",\"valueRequired\":true,\"valueName\":\"search_term_string\"}}],\"inLanguage\":\"es\"},{\"@type\":\"Organization\",\"@id\":\"https:\/\/koningdrone.be\/#organization\",\"name\":\"Koningdrone.be\",\"url\":\"https:\/\/koningdrone.be\/\",\"logo\":{\"@type\":\"ImageObject\",\"inLanguage\":\"es\",\"@id\":\"https:\/\/koningdrone.be\/#\/schema\/logo\/image\/\",\"url\":\"https:\/\/koningdrone.be\/wp-content\/uploads\/sites\/13\/2025\/04\/koningdrone-copyright-logo.svg\",\"contentUrl\":\"https:\/\/koningdrone.be\/wp-content\/uploads\/sites\/13\/2025\/04\/koningdrone-copyright-logo.svg\",\"width\":227,\"height\":38,\"caption\":\"Koningdrone.be\"},\"image\":{\"@id\":\"https:\/\/koningdrone.be\/#\/schema\/logo\/image\/\"}}]}<\/script>\n<!-- \/ Yoast SEO Premium plugin. -->","yoast_head_json":{"title":"DJI CrystalSky Oplaadhub WCH2 - koningdrone.be","robots":{"index":"index","follow":"follow","max-snippet":"max-snippet:-1","max-image-preview":"max-image-preview:large","max-video-preview":"max-video-preview:-1"},"canonical":"https:\/\/koningdrone.be\/es\/producto\/dji-crystalsky-batterij-oplaadhub-wch2\/","og_locale":"es_ES","og_type":"article","og_title":"DJI CrystalSky Oplaadhub WCH2","og_description":"Laadt 2 CrystalSky en Cendence Intelligence Batteries tegelijkertijd opDe batterij die bijna vol is krijgt automatisch prioriteitOplaadtijd: 71 minLet op: oplaadkabel niet bijgeleverd","og_url":"https:\/\/koningdrone.be\/es\/producto\/dji-crystalsky-batterij-oplaadhub-wch2\/","og_site_name":"koningdrone.be","article_modified_time":"2026-04-29T10:50:45+00:00","og_image":[{"width":720,"height":479,"url":"https:\/\/koningdrone.be\/wp-content\/uploads\/sites\/13\/2025\/04\/6958265145834-1-720x660-1.jpg","type":"image\/jpeg"}],"twitter_card":"summary_large_image","twitter_misc":{"Tiempo de lectura":"1 minuto"},"schema":{"@context":"https:\/\/schema.org","@graph":[{"@type":"WebPage","@id":"https:\/\/koningdrone.be\/product\/dji-crystalsky-batterij-oplaadhub-wch2\/","url":"https:\/\/koningdrone.be\/product\/dji-crystalsky-batterij-oplaadhub-wch2\/","name":"DJI CrystalSky Oplaadhub WCH2 - koningdrone.be","isPartOf":{"@id":"https:\/\/koningdrone.be\/#website"},"primaryImageOfPage":{"@id":"https:\/\/koningdrone.be\/product\/dji-crystalsky-batterij-oplaadhub-wch2\/#primaryimage"},"image":{"@id":"https:\/\/koningdrone.be\/product\/dji-crystalsky-batterij-oplaadhub-wch2\/#primaryimage"},"thumbnailUrl":"https:\/\/koningdrone.be\/wp-content\/uploads\/sites\/13\/2025\/04\/6958265145834-1-720x660-1.jpg","datePublished":"2018-06-12T18:53:35+00:00","dateModified":"2026-04-29T10:50:45+00:00","breadcrumb":{"@id":"https:\/\/koningdrone.be\/product\/dji-crystalsky-batterij-oplaadhub-wch2\/#breadcrumb"},"inLanguage":"es","potentialAction":[{"@type":"ReadAction","target":["https:\/\/koningdrone.be\/product\/dji-crystalsky-batterij-oplaadhub-wch2\/"]}]},{"@type":"ImageObject","inLanguage":"es","@id":"https:\/\/koningdrone.be\/product\/dji-crystalsky-batterij-oplaadhub-wch2\/#primaryimage","url":"https:\/\/koningdrone.be\/wp-content\/uploads\/sites\/13\/2025\/04\/6958265145834-1-720x660-1.jpg","contentUrl":"https:\/\/koningdrone.be\/wp-content\/uploads\/sites\/13\/2025\/04\/6958265145834-1-720x660-1.jpg","width":720,"height":479},{"@type":"BreadcrumbList","@id":"https:\/\/koningdrone.be\/product\/dji-crystalsky-batterij-oplaadhub-wch2\/#breadcrumb","itemListElement":[{"@type":"ListItem","position":1,"name":"Home","item":"https:\/\/koningdrone.be\/"},{"@type":"ListItem","position":2,"name":"AVSS Parachute Recovery System for DJI Matrice 300\/350","item":"https:\/\/koningdrone.be\/product\/avss-parachute-recovery-system-for-dji-matrice-300-350\/"},{"@type":"ListItem","position":3,"name":"Alle opladers","item":"https:\/\/koningdrone.be\/categorie\/alle-opladers\/"},{"@type":"ListItem","position":4,"name":"DJI CrystalSky Oplaadhub WCH2"}]},{"@type":"WebSite","@id":"https:\/\/koningdrone.be\/#website","url":"https:\/\/koningdrone.be\/","name":"Koningdrone.be - Su especialista en l\u00ednea en drones, cardanes, c\u00e1maras y centrales el\u00e9ctricas.","description":"La tienda virtual de drones y cardanes","publisher":{"@id":"https:\/\/koningdrone.be\/#organization"},"potentialAction":[{"@type":"SearchAction","target":{"@type":"EntryPoint","urlTemplate":"https:\/\/koningdrone.be\/?s={search_term_string}"},"query-input":{"@type":"PropertyValueSpecification","valueRequired":true,"valueName":"search_term_string"}}],"inLanguage":"es"},{"@type":"Organization","@id":"https:\/\/koningdrone.be\/#organization","name":"Kingdrone.es","url":"https:\/\/koningdrone.be\/","logo":{"@type":"ImageObject","inLanguage":"es","@id":"https:\/\/koningdrone.be\/#\/schema\/logo\/image\/","url":"https:\/\/koningdrone.be\/wp-content\/uploads\/sites\/13\/2025\/04\/koningdrone-copyright-logo.svg","contentUrl":"https:\/\/koningdrone.be\/wp-content\/uploads\/sites\/13\/2025\/04\/koningdrone-copyright-logo.svg","width":227,"height":38,"caption":"Koningdrone.be"},"image":{"@id":"https:\/\/koningdrone.be\/#\/schema\/logo\/image\/"}}]}},"df_price":"","df_sale_price":"","df_regular_price":"","df_image_link":"https:\/\/koningdrone.be\/wp-content\/uploads\/sites\/13\/2025\/04\/6958265145834-1-720x660-1-300x200.jpg","_links":{"self":[{"href":"https:\/\/koningdrone.be\/es\/wp-json\/wp\/v2\/product\/7928","targetHints":{"allow":["GET"]}}],"collection":[{"href":"https:\/\/koningdrone.be\/es\/wp-json\/wp\/v2\/product"}],"about":[{"href":"https:\/\/koningdrone.be\/es\/wp-json\/wp\/v2\/types\/product"}],"wp:featuredmedia":[{"embeddable":true,"href":"https:\/\/koningdrone.be\/es\/wp-json\/wp\/v2\/media\/7927"}],"wp:attachment":[{"href":"https:\/\/koningdrone.be\/es\/wp-json\/wp\/v2\/media?parent=7928"}],"wp:term":[{"taxonomy":"product_brand","embeddable":true,"href":"https:\/\/koningdrone.be\/es\/wp-json\/wp\/v2\/product_brand?post=7928"},{"taxonomy":"product_cat","embeddable":true,"href":"https:\/\/koningdrone.be\/es\/wp-json\/wp\/v2\/product_cat?post=7928"},{"taxonomy":"product_tag","embeddable":true,"href":"https:\/\/koningdrone.be\/es\/wp-json\/wp\/v2\/product_tag?post=7928"}],"curies":[{"name":"wp","href":"https:\/\/api.w.org\/{rel}","templated":true}]}}