{"id":7921,"date":"2018-06-12T20:53:41","date_gmt":"2018-06-12T18:53:41","guid":{"rendered":"https:\/\/koningdrone.nl\/kon\/product\/dji-zenmuse-x5s\/"},"modified":"2026-04-29T15:20:52","modified_gmt":"2026-04-29T13:20:52","slug":"dji-zenmuse-x5s","status":"publish","type":"product","link":"https:\/\/koningdrone.be\/es\/producto\/dji-zenmuse-x5s\/","title":{"rendered":"DJI Zenmuse X5S"},"content":{"rendered":"<h1>DJI Zenmuse X5S<\/h1>\n<p>Equipada con un sensor Micro 4\/3 mejorado, la Zenmuse X5S tiene un rango din\u00e1mico de 12,8 pasos con una relaci\u00f3n se\u00f1al\/ruido mucho mejor.<br \/>y sensibilidad crom\u00e1tica que la X5R. Admite hasta ocho objetivos M4 \/ 3 est\u00e1ndar (incluidos los objetivos zoom) con distancias focales de 9 a 45 mm.<br \/>(equivalente a 18 mm-90 mm en una c\u00e1mara de 35 mm), ofreciendo una mayor flexibilidad creativa. El nuevo sistema de procesamiento de im\u00e1genes CineCore 2.0 de la Inspire 2<br \/>Permite a la Zenmuse X5S grabar v\u00eddeo CinemaDNG de 5,2K a 30 fps y v\u00eddeo Apple ProRes, as\u00ed como 4K a 60 fps con H.264 y 4K a 30 fps<br \/>con H.265 (ambos a 100 Mbps). Tambi\u00e9n es compatible el disparo continuo en r\u00e1faga DNG a 20 fps con im\u00e1genes de 20,8 MP. La Zenmuse X5S est\u00e1 dise\u00f1ada<br \/>para seguir el ritmo de los rigores de la imagen a\u00e9rea profesional de alta calidad.<\/p>\n<p><strong>V\u00cdDEO DIGNO DE HOLLYWOOD<\/strong><br \/>Utilizando CineCore 2.0, la Zenmuse X5S graba v\u00eddeo a una resoluci\u00f3n m\u00e1xima de 5,2K \/ 30fps en CinemaDNG 12bit1, 5,2K 30fps Apple ProRes 422 HQ y 4K 30fps Apple ProRes 4444 XQ (sin alfa) 2. Las opciones de grabaci\u00f3n adicionales incluyen v\u00eddeo en 4K \/ 60fps con H.264 o v\u00eddeo oversampling en 4K \/ 30fps con H.264 \/ H.265, ambos a una tasa de bits de 100Mbps.<\/p>\n<p><strong>DETALLE<\/strong><br \/>Usando s\u00f3lo la tarjeta Micro SD, se pueden tomar fotos de 20,8 MP a 14 fps en modo r\u00e1faga en JPEG + DNG. El uso de la DJI CINESSD abre un continuo<br \/>Modo r\u00e1faga DNG de 20 fps con una resoluci\u00f3n m\u00e1xima de imagen de 20,8 megap\u00edxeles. Tambi\u00e9n se pueden hacer fotos durante la grabaci\u00f3n de v\u00eddeo sin interrupci\u00f3n.<\/p>\n<p><strong>ESTABILIZACI\u00d3N DE LA C\u00c1MARA MEJORADA<\/strong><br \/>La estabilizaci\u00f3n de la Zenmuse X5S es un card\u00e1n de 3 ejes altamente optimizado con rotaci\u00f3n del motor ajustada con precisi\u00f3n con una precisi\u00f3n de control de \u00b10,01\u00b0, controlado por un procesador dedicado.<br \/>En lugar de basarse en anillos deslizantes el\u00e9ctricos, como es com\u00fan en muchos cardanes, la Zenmuse X5S utiliza un dise\u00f1o \u00fanico con restricciones mec\u00e1nicas y cables ocultos para garantizar<br \/>transmisi\u00f3n de datos m\u00e1s estable y mayor durabilidad. Las vibraciones se eliminan mediante tres bolas de amortiguaci\u00f3n y una placa de amortiguaci\u00f3n ligera, lo que crea un v\u00eddeo fluido sin interrupciones.<br \/>La rotaci\u00f3n de 360\u00b0 sigue siendo posible gracias a la rotaci\u00f3n del motor giratorio y al suave movimiento del plano. Se pueden capturar secuencias estables y fluidas1 incluso cuando se utiliza un objetivo de 90 mm2.<\/p>","protected":false},"excerpt":{"rendered":"<ul>\n<li>Sensor Micro Cuatro Tercios<\/li>\n<li>V\u00eddeo 5,2K 30 fps \/ 4K 60 fps \/ 4K 30 fps<\/li>\n<li>Foto de 20,8 MP<\/li>\n<li>R\u00e1faga continua de 20 fps<\/li>\n<li>12,8 pasos de rango din\u00e1mico<\/li>\n<li>ISO: 100-6400 (v\u00eddeo) \/ 100-25600 (foto)<\/li>\n<li>Velocidad de obturaci\u00f3n: 8-1\/8000s<\/li>\n<li>Peso: 461 g<\/li>\n<\/ul>","protected":false},"featured_media":7917,"template":"","meta":{"_acf_changed":false},"product_brand":[],"product_cat":[315,298,126,97,316],"product_tag":[],"class_list":{"0":"post-7921","1":"product","2":"type-product","3":"status-publish","4":"has-post-thumbnail","6":"product_cat-alle-gimbals-en-cameras","7":"product_cat-alle-industriele-camera","8":"product_cat-alle-payloads","9":"product_cat-alle-producten","10":"product_cat-dji-zenmuse","11":"product_shipping_class-outofstock","12":"pa_brand-dji","13":"pa_productfamily-camera","14":"pa_producttype-camera","15":"pa_series-zenmuse-x5s","17":"first","18":"outofstock","19":"taxable","20":"shipping-taxable","21":"purchasable","22":"product-type-simple"},"acf":[],"yoast_head":"<!-- This site is optimized with the Yoast SEO Premium plugin v27.2 (Yoast SEO v27.2) - https:\/\/yoast.com\/product\/yoast-seo-premium-wordpress\/ -->\n<title>DJI Zenmuse X5S - koningdrone.be<\/title>\n<meta name=\"robots\" content=\"index, follow, max-snippet:-1, max-image-preview:large, max-video-preview:-1\" \/>\n<link rel=\"canonical\" href=\"https:\/\/koningdrone.be\/es\/producto\/dji-zenmuse-x5s\/\" \/>\n<meta property=\"og:locale\" content=\"es_ES\" \/>\n<meta property=\"og:type\" content=\"article\" \/>\n<meta property=\"og:title\" content=\"DJI Zenmuse X5S\" \/>\n<meta property=\"og:description\" content=\"Micro Four Thirds sensor5.2K 30fps \/ 4K 60fps \/ 4K 30fps video20.8MP foto20fps Continue Burst12.8 stops dynamisch bereikISO: 100-6400 (video) \/ 100-25600 (foto)Sluitertijd: 8-1\/8000sGewicht: 461g\" \/>\n<meta property=\"og:url\" content=\"https:\/\/koningdrone.be\/es\/producto\/dji-zenmuse-x5s\/\" \/>\n<meta property=\"og:site_name\" content=\"koningdrone.be\" \/>\n<meta property=\"article:modified_time\" content=\"2026-04-29T13:20:52+00:00\" \/>\n<meta property=\"og:image\" content=\"https:\/\/koningdrone.be\/wp-content\/uploads\/sites\/13\/2025\/04\/6958265139161-1-720x660-1.jpg\" \/>\n\t<meta property=\"og:image:width\" content=\"660\" \/>\n\t<meta property=\"og:image:height\" content=\"660\" \/>\n\t<meta property=\"og:image:type\" content=\"image\/jpeg\" \/>\n<meta name=\"twitter:card\" content=\"summary_large_image\" \/>\n<meta name=\"twitter:label1\" content=\"Tiempo de lectura\" \/>\n\t<meta name=\"twitter:data1\" content=\"2 minutos\" \/>\n<script type=\"application\/ld+json\" class=\"yoast-schema-graph\">{\"@context\":\"https:\/\/schema.org\",\"@graph\":[{\"@type\":\"WebPage\",\"@id\":\"https:\/\/koningdrone.be\/product\/dji-zenmuse-x5s\/\",\"url\":\"https:\/\/koningdrone.be\/product\/dji-zenmuse-x5s\/\",\"name\":\"DJI Zenmuse X5S - koningdrone.be\",\"isPartOf\":{\"@id\":\"https:\/\/koningdrone.be\/#website\"},\"primaryImageOfPage\":{\"@id\":\"https:\/\/koningdrone.be\/product\/dji-zenmuse-x5s\/#primaryimage\"},\"image\":{\"@id\":\"https:\/\/koningdrone.be\/product\/dji-zenmuse-x5s\/#primaryimage\"},\"thumbnailUrl\":\"https:\/\/koningdrone.be\/wp-content\/uploads\/sites\/13\/2025\/04\/6958265139161-1-720x660-1.jpg\",\"datePublished\":\"2018-06-12T18:53:41+00:00\",\"dateModified\":\"2026-04-29T13:20:52+00:00\",\"breadcrumb\":{\"@id\":\"https:\/\/koningdrone.be\/product\/dji-zenmuse-x5s\/#breadcrumb\"},\"inLanguage\":\"es\",\"potentialAction\":[{\"@type\":\"ReadAction\",\"target\":[\"https:\/\/koningdrone.be\/product\/dji-zenmuse-x5s\/\"]}]},{\"@type\":\"ImageObject\",\"inLanguage\":\"es\",\"@id\":\"https:\/\/koningdrone.be\/product\/dji-zenmuse-x5s\/#primaryimage\",\"url\":\"https:\/\/koningdrone.be\/wp-content\/uploads\/sites\/13\/2025\/04\/6958265139161-1-720x660-1.jpg\",\"contentUrl\":\"https:\/\/koningdrone.be\/wp-content\/uploads\/sites\/13\/2025\/04\/6958265139161-1-720x660-1.jpg\",\"width\":660,\"height\":660},{\"@type\":\"BreadcrumbList\",\"@id\":\"https:\/\/koningdrone.be\/product\/dji-zenmuse-x5s\/#breadcrumb\",\"itemListElement\":[{\"@type\":\"ListItem\",\"position\":1,\"name\":\"Home\",\"item\":\"https:\/\/koningdrone.be\/\"},{\"@type\":\"ListItem\",\"position\":2,\"name\":\"AVSS Parachute Recovery System for DJI Matrice 300\/350\",\"item\":\"https:\/\/koningdrone.be\/product\/avss-parachute-recovery-system-for-dji-matrice-300-350\/\"},{\"@type\":\"ListItem\",\"position\":3,\"name\":\"Alle gimbals en cameras\",\"item\":\"https:\/\/koningdrone.be\/categorie\/alle-gimbals-en-cameras\/\"},{\"@type\":\"ListItem\",\"position\":4,\"name\":\"DJI Zenmuse X5S\"}]},{\"@type\":\"WebSite\",\"@id\":\"https:\/\/koningdrone.be\/#website\",\"url\":\"https:\/\/koningdrone.be\/\",\"name\":\"Koningdrone.be - Uw online specialist in drones, gimbals, camera's en power stations.\",\"description\":\"De webshop in drones en gimbals\",\"publisher\":{\"@id\":\"https:\/\/koningdrone.be\/#organization\"},\"potentialAction\":[{\"@type\":\"SearchAction\",\"target\":{\"@type\":\"EntryPoint\",\"urlTemplate\":\"https:\/\/koningdrone.be\/?s={search_term_string}\"},\"query-input\":{\"@type\":\"PropertyValueSpecification\",\"valueRequired\":true,\"valueName\":\"search_term_string\"}}],\"inLanguage\":\"es\"},{\"@type\":\"Organization\",\"@id\":\"https:\/\/koningdrone.be\/#organization\",\"name\":\"Koningdrone.be\",\"url\":\"https:\/\/koningdrone.be\/\",\"logo\":{\"@type\":\"ImageObject\",\"inLanguage\":\"es\",\"@id\":\"https:\/\/koningdrone.be\/#\/schema\/logo\/image\/\",\"url\":\"https:\/\/koningdrone.be\/wp-content\/uploads\/sites\/13\/2025\/04\/koningdrone-copyright-logo.svg\",\"contentUrl\":\"https:\/\/koningdrone.be\/wp-content\/uploads\/sites\/13\/2025\/04\/koningdrone-copyright-logo.svg\",\"width\":227,\"height\":38,\"caption\":\"Koningdrone.be\"},\"image\":{\"@id\":\"https:\/\/koningdrone.be\/#\/schema\/logo\/image\/\"}}]}<\/script>\n<!-- \/ Yoast SEO Premium plugin. -->","yoast_head_json":{"title":"DJI Zenmuse X5S - koningdrone.be","robots":{"index":"index","follow":"follow","max-snippet":"max-snippet:-1","max-image-preview":"max-image-preview:large","max-video-preview":"max-video-preview:-1"},"canonical":"https:\/\/koningdrone.be\/es\/producto\/dji-zenmuse-x5s\/","og_locale":"es_ES","og_type":"article","og_title":"DJI Zenmuse X5S","og_description":"Micro Four Thirds sensor5.2K 30fps \/ 4K 60fps \/ 4K 30fps video20.8MP foto20fps Continue Burst12.8 stops dynamisch bereikISO: 100-6400 (video) \/ 100-25600 (foto)Sluitertijd: 8-1\/8000sGewicht: 461g","og_url":"https:\/\/koningdrone.be\/es\/producto\/dji-zenmuse-x5s\/","og_site_name":"koningdrone.be","article_modified_time":"2026-04-29T13:20:52+00:00","og_image":[{"width":660,"height":660,"url":"https:\/\/koningdrone.be\/wp-content\/uploads\/sites\/13\/2025\/04\/6958265139161-1-720x660-1.jpg","type":"image\/jpeg"}],"twitter_card":"summary_large_image","twitter_misc":{"Tiempo de lectura":"2 minutos"},"schema":{"@context":"https:\/\/schema.org","@graph":[{"@type":"WebPage","@id":"https:\/\/koningdrone.be\/product\/dji-zenmuse-x5s\/","url":"https:\/\/koningdrone.be\/product\/dji-zenmuse-x5s\/","name":"DJI Zenmuse X5S - koningdrone.be","isPartOf":{"@id":"https:\/\/koningdrone.be\/#website"},"primaryImageOfPage":{"@id":"https:\/\/koningdrone.be\/product\/dji-zenmuse-x5s\/#primaryimage"},"image":{"@id":"https:\/\/koningdrone.be\/product\/dji-zenmuse-x5s\/#primaryimage"},"thumbnailUrl":"https:\/\/koningdrone.be\/wp-content\/uploads\/sites\/13\/2025\/04\/6958265139161-1-720x660-1.jpg","datePublished":"2018-06-12T18:53:41+00:00","dateModified":"2026-04-29T13:20:52+00:00","breadcrumb":{"@id":"https:\/\/koningdrone.be\/product\/dji-zenmuse-x5s\/#breadcrumb"},"inLanguage":"es","potentialAction":[{"@type":"ReadAction","target":["https:\/\/koningdrone.be\/product\/dji-zenmuse-x5s\/"]}]},{"@type":"ImageObject","inLanguage":"es","@id":"https:\/\/koningdrone.be\/product\/dji-zenmuse-x5s\/#primaryimage","url":"https:\/\/koningdrone.be\/wp-content\/uploads\/sites\/13\/2025\/04\/6958265139161-1-720x660-1.jpg","contentUrl":"https:\/\/koningdrone.be\/wp-content\/uploads\/sites\/13\/2025\/04\/6958265139161-1-720x660-1.jpg","width":660,"height":660},{"@type":"BreadcrumbList","@id":"https:\/\/koningdrone.be\/product\/dji-zenmuse-x5s\/#breadcrumb","itemListElement":[{"@type":"ListItem","position":1,"name":"Home","item":"https:\/\/koningdrone.be\/"},{"@type":"ListItem","position":2,"name":"AVSS Parachute Recovery System for DJI Matrice 300\/350","item":"https:\/\/koningdrone.be\/product\/avss-parachute-recovery-system-for-dji-matrice-300-350\/"},{"@type":"ListItem","position":3,"name":"Alle gimbals en cameras","item":"https:\/\/koningdrone.be\/categorie\/alle-gimbals-en-cameras\/"},{"@type":"ListItem","position":4,"name":"DJI Zenmuse X5S"}]},{"@type":"WebSite","@id":"https:\/\/koningdrone.be\/#website","url":"https:\/\/koningdrone.be\/","name":"Koningdrone.be - Su especialista en l\u00ednea en drones, cardanes, c\u00e1maras y centrales el\u00e9ctricas.","description":"La tienda virtual de drones y cardanes","publisher":{"@id":"https:\/\/koningdrone.be\/#organization"},"potentialAction":[{"@type":"SearchAction","target":{"@type":"EntryPoint","urlTemplate":"https:\/\/koningdrone.be\/?s={search_term_string}"},"query-input":{"@type":"PropertyValueSpecification","valueRequired":true,"valueName":"search_term_string"}}],"inLanguage":"es"},{"@type":"Organization","@id":"https:\/\/koningdrone.be\/#organization","name":"Kingdrone.es","url":"https:\/\/koningdrone.be\/","logo":{"@type":"ImageObject","inLanguage":"es","@id":"https:\/\/koningdrone.be\/#\/schema\/logo\/image\/","url":"https:\/\/koningdrone.be\/wp-content\/uploads\/sites\/13\/2025\/04\/koningdrone-copyright-logo.svg","contentUrl":"https:\/\/koningdrone.be\/wp-content\/uploads\/sites\/13\/2025\/04\/koningdrone-copyright-logo.svg","width":227,"height":38,"caption":"Koningdrone.be"},"image":{"@id":"https:\/\/koningdrone.be\/#\/schema\/logo\/image\/"}}]}},"df_price":2199.01,"df_sale_price":"","df_regular_price":2199.01,"df_image_link":"https:\/\/koningdrone.be\/wp-content\/uploads\/sites\/13\/2025\/04\/6958265139161-1-720x660-1-300x300.jpg","_links":{"self":[{"href":"https:\/\/koningdrone.be\/es\/wp-json\/wp\/v2\/product\/7921","targetHints":{"allow":["GET"]}}],"collection":[{"href":"https:\/\/koningdrone.be\/es\/wp-json\/wp\/v2\/product"}],"about":[{"href":"https:\/\/koningdrone.be\/es\/wp-json\/wp\/v2\/types\/product"}],"wp:featuredmedia":[{"embeddable":true,"href":"https:\/\/koningdrone.be\/es\/wp-json\/wp\/v2\/media\/7917"}],"wp:attachment":[{"href":"https:\/\/koningdrone.be\/es\/wp-json\/wp\/v2\/media?parent=7921"}],"wp:term":[{"taxonomy":"product_brand","embeddable":true,"href":"https:\/\/koningdrone.be\/es\/wp-json\/wp\/v2\/product_brand?post=7921"},{"taxonomy":"product_cat","embeddable":true,"href":"https:\/\/koningdrone.be\/es\/wp-json\/wp\/v2\/product_cat?post=7921"},{"taxonomy":"product_tag","embeddable":true,"href":"https:\/\/koningdrone.be\/es\/wp-json\/wp\/v2\/product_tag?post=7921"}],"curies":[{"name":"wp","href":"https:\/\/api.w.org\/{rel}","templated":true}]}}