{"id":7913,"date":"2018-06-12T20:53:54","date_gmt":"2018-06-12T18:53:54","guid":{"rendered":"https:\/\/koningdrone.nl\/kon\/product\/dji-osmo-with-sport-accessory-kit-sport-action-cam\/"},"modified":"2026-04-29T08:20:39","modified_gmt":"2026-04-29T06:20:39","slug":"dji-osmo-with-sport-accessory-kit-sport-action-cam","status":"publish","type":"product","link":"https:\/\/koningdrone.be\/es\/producto\/dji-osmo-with-sport-accessory-kit-sport-action-cam\/","title":{"rendered":"DJI Osmo Camera + Kit de accesorios deportivos"},"content":{"rendered":"<h1>Kit de accesorios DJI Osmo Sport<\/h1>\n<p>El kit de accesorios DJI Osmo Sport contiene varios soportes y otros accesorios para capturar tomas creativas y de acci\u00f3n con tu c\u00e1mara de mano DJI Osmo 4K. En este kit, encontrar\u00e1s el DJI Osmo Extension Stick, el Osmo Car Mount, el Osmo Tripod, el Osmo Bike Mount, el Osmo Straight Extension Arm y la Osmo Base.<\/p>\n<p><strong>Soporte para bicicleta<\/strong><br \/>Sujeta el Osmo al manillar de tu bicicleta o moto.<\/p>\n<p><strong>Montaje universal<\/strong><br \/>Este producto te permite conectar una l\u00e1mpara LED o un micr\u00f3fono a tu Osmo. Muy pr\u00e1ctico si quieres filmar con poca luz.<\/p>\n<p><strong>Alargadera<\/strong><br \/>El bast\u00f3n de extensi\u00f3n es un mango extralargo y un tr\u00edpode ajustable en uno.<\/p>\n<p><strong>Soporte para coche<\/strong><br \/>Con sus ventosas fuertes y seguras, el soporte para coche se puede fijar a un coche, cami\u00f3n o cualquier veh\u00edculo sobre una superficie plana.<\/p>\n<p><strong>Brazo de extensi\u00f3n recto<\/strong><br \/>\u00bfQuieres poner tres accesorios en tu Osmo? No hay problema. Utilizando el brazo de extensi\u00f3n recto, puedes acoplar tres accesorios adicionales a tu Osmo.<\/p>\n<p><strong>Tr\u00edpode<\/strong><br \/>Usando el tr\u00edpode, puedes colocar tu Osmo sobre superficies para tomar hermosas fotos panor\u00e1micas, por ejemplo.<\/p>","protected":false},"excerpt":{"rendered":"<ul>\n<li>El pack de accesorios m\u00e1s completo para el DJI Osmo<\/li>\n<li>Base DJI Osmo<\/li>\n<li>Brazo de extensi\u00f3n recto DJI Osmo<\/li>\n<li>Soporte para bicicleta DJI Osmo<\/li>\n<li>Tr\u00edpode DJI Osmo<\/li>\n<li>Soporte para coche DJI Osmo<\/li>\n<li>DJI Osmo Extension Stick<\/li>\n<li>000D_<\/li>\n<li>bsp;<\/li>\n<\/ul>","protected":false},"featured_media":7911,"template":"","meta":{"_acf_changed":false},"product_brand":[],"product_cat":[315,410,97,297],"product_tag":[],"class_list":{"0":"post-7913","1":"product","2":"type-product","3":"status-publish","4":"has-post-thumbnail","6":"product_cat-alle-gimbals-en-cameras","7":"product_cat-alle-handheld-gimbals","8":"product_cat-alle-producten","9":"product_cat-dji-osmo","10":"product_shipping_class-outofstock","11":"pa_brand-dji","12":"pa_productfamily-camera","13":"pa_producttype-camera","14":"pa_series-osmo","16":"first","17":"outofstock","18":"taxable","19":"shipping-taxable","20":"product-type-simple"},"acf":[],"yoast_head":"<!-- This site is optimized with the Yoast SEO Premium plugin v27.2 (Yoast SEO v27.2) - https:\/\/yoast.com\/product\/yoast-seo-premium-wordpress\/ -->\n<title>DJI Osmo Camera + Sport Accessory Kit - koningdrone.be<\/title>\n<meta name=\"robots\" content=\"index, follow, max-snippet:-1, max-image-preview:large, max-video-preview:-1\" \/>\n<link rel=\"canonical\" href=\"https:\/\/koningdrone.be\/es\/producto\/dji-osmo-with-sport-accessory-kit-sport-action-cam\/\" \/>\n<meta property=\"og:locale\" content=\"es_ES\" \/>\n<meta property=\"og:type\" content=\"article\" \/>\n<meta property=\"og:title\" content=\"DJI Osmo Camera + Sport Accessory Kit\" \/>\n<meta property=\"og:description\" content=\"Het meest complete accessoire pakket voor de DJI OsmoDJI Osmo BaseDJI Osmo Straight Extension ArmDJI Osmo Bike MountDJI Osmo TripodDJI Osmo Car MountDJI Osmo Extension Stick000D_bsp;\" \/>\n<meta property=\"og:url\" content=\"https:\/\/koningdrone.be\/es\/producto\/dji-osmo-with-sport-accessory-kit-sport-action-cam\/\" \/>\n<meta property=\"og:site_name\" content=\"koningdrone.be\" \/>\n<meta property=\"article:modified_time\" content=\"2026-04-29T06:20:39+00:00\" \/>\n<meta property=\"og:image\" content=\"https:\/\/koningdrone.be\/wp-content\/uploads\/sites\/13\/2025\/04\/6958265122880-1-720x660-1.jpg\" \/>\n\t<meta property=\"og:image:width\" content=\"720\" \/>\n\t<meta property=\"og:image:height\" content=\"480\" \/>\n\t<meta property=\"og:image:type\" content=\"image\/jpeg\" \/>\n<meta name=\"twitter:card\" content=\"summary_large_image\" \/>\n<meta name=\"twitter:label1\" content=\"Tiempo de lectura\" \/>\n\t<meta name=\"twitter:data1\" content=\"1 minuto\" \/>\n<script type=\"application\/ld+json\" class=\"yoast-schema-graph\">{\"@context\":\"https:\/\/schema.org\",\"@graph\":[{\"@type\":\"WebPage\",\"@id\":\"https:\/\/koningdrone.be\/product\/dji-osmo-with-sport-accessory-kit-sport-action-cam\/\",\"url\":\"https:\/\/koningdrone.be\/product\/dji-osmo-with-sport-accessory-kit-sport-action-cam\/\",\"name\":\"DJI Osmo Camera + Sport Accessory Kit - koningdrone.be\",\"isPartOf\":{\"@id\":\"https:\/\/koningdrone.be\/#website\"},\"primaryImageOfPage\":{\"@id\":\"https:\/\/koningdrone.be\/product\/dji-osmo-with-sport-accessory-kit-sport-action-cam\/#primaryimage\"},\"image\":{\"@id\":\"https:\/\/koningdrone.be\/product\/dji-osmo-with-sport-accessory-kit-sport-action-cam\/#primaryimage\"},\"thumbnailUrl\":\"https:\/\/koningdrone.be\/wp-content\/uploads\/sites\/13\/2025\/04\/6958265122880-1-720x660-1.jpg\",\"datePublished\":\"2018-06-12T18:53:54+00:00\",\"dateModified\":\"2026-04-29T06:20:39+00:00\",\"breadcrumb\":{\"@id\":\"https:\/\/koningdrone.be\/product\/dji-osmo-with-sport-accessory-kit-sport-action-cam\/#breadcrumb\"},\"inLanguage\":\"es\",\"potentialAction\":[{\"@type\":\"ReadAction\",\"target\":[\"https:\/\/koningdrone.be\/product\/dji-osmo-with-sport-accessory-kit-sport-action-cam\/\"]}]},{\"@type\":\"ImageObject\",\"inLanguage\":\"es\",\"@id\":\"https:\/\/koningdrone.be\/product\/dji-osmo-with-sport-accessory-kit-sport-action-cam\/#primaryimage\",\"url\":\"https:\/\/koningdrone.be\/wp-content\/uploads\/sites\/13\/2025\/04\/6958265122880-1-720x660-1.jpg\",\"contentUrl\":\"https:\/\/koningdrone.be\/wp-content\/uploads\/sites\/13\/2025\/04\/6958265122880-1-720x660-1.jpg\",\"width\":720,\"height\":480},{\"@type\":\"BreadcrumbList\",\"@id\":\"https:\/\/koningdrone.be\/product\/dji-osmo-with-sport-accessory-kit-sport-action-cam\/#breadcrumb\",\"itemListElement\":[{\"@type\":\"ListItem\",\"position\":1,\"name\":\"Home\",\"item\":\"https:\/\/koningdrone.be\/\"},{\"@type\":\"ListItem\",\"position\":2,\"name\":\"AVSS Parachute Recovery System for DJI Matrice 300\/350\",\"item\":\"https:\/\/koningdrone.be\/product\/avss-parachute-recovery-system-for-dji-matrice-300-350\/\"},{\"@type\":\"ListItem\",\"position\":3,\"name\":\"Alle gimbals en cameras\",\"item\":\"https:\/\/koningdrone.be\/categorie\/alle-gimbals-en-cameras\/\"},{\"@type\":\"ListItem\",\"position\":4,\"name\":\"DJI Osmo Camera + Sport Accessory Kit\"}]},{\"@type\":\"WebSite\",\"@id\":\"https:\/\/koningdrone.be\/#website\",\"url\":\"https:\/\/koningdrone.be\/\",\"name\":\"Koningdrone.be - Uw online specialist in drones, gimbals, camera's en power stations.\",\"description\":\"De webshop in drones en gimbals\",\"publisher\":{\"@id\":\"https:\/\/koningdrone.be\/#organization\"},\"potentialAction\":[{\"@type\":\"SearchAction\",\"target\":{\"@type\":\"EntryPoint\",\"urlTemplate\":\"https:\/\/koningdrone.be\/?s={search_term_string}\"},\"query-input\":{\"@type\":\"PropertyValueSpecification\",\"valueRequired\":true,\"valueName\":\"search_term_string\"}}],\"inLanguage\":\"es\"},{\"@type\":\"Organization\",\"@id\":\"https:\/\/koningdrone.be\/#organization\",\"name\":\"Koningdrone.be\",\"url\":\"https:\/\/koningdrone.be\/\",\"logo\":{\"@type\":\"ImageObject\",\"inLanguage\":\"es\",\"@id\":\"https:\/\/koningdrone.be\/#\/schema\/logo\/image\/\",\"url\":\"https:\/\/koningdrone.be\/wp-content\/uploads\/sites\/13\/2025\/04\/koningdrone-copyright-logo.svg\",\"contentUrl\":\"https:\/\/koningdrone.be\/wp-content\/uploads\/sites\/13\/2025\/04\/koningdrone-copyright-logo.svg\",\"width\":227,\"height\":38,\"caption\":\"Koningdrone.be\"},\"image\":{\"@id\":\"https:\/\/koningdrone.be\/#\/schema\/logo\/image\/\"}}]}<\/script>\n<!-- \/ Yoast SEO Premium plugin. -->","yoast_head_json":{"title":"DJI Osmo Camera + Sport Accessory Kit - koningdrone.be","robots":{"index":"index","follow":"follow","max-snippet":"max-snippet:-1","max-image-preview":"max-image-preview:large","max-video-preview":"max-video-preview:-1"},"canonical":"https:\/\/koningdrone.be\/es\/producto\/dji-osmo-with-sport-accessory-kit-sport-action-cam\/","og_locale":"es_ES","og_type":"article","og_title":"DJI Osmo Camera + Sport Accessory Kit","og_description":"Het meest complete accessoire pakket voor de DJI OsmoDJI Osmo BaseDJI Osmo Straight Extension ArmDJI Osmo Bike MountDJI Osmo TripodDJI Osmo Car MountDJI Osmo Extension Stick000D_bsp;","og_url":"https:\/\/koningdrone.be\/es\/producto\/dji-osmo-with-sport-accessory-kit-sport-action-cam\/","og_site_name":"koningdrone.be","article_modified_time":"2026-04-29T06:20:39+00:00","og_image":[{"width":720,"height":480,"url":"https:\/\/koningdrone.be\/wp-content\/uploads\/sites\/13\/2025\/04\/6958265122880-1-720x660-1.jpg","type":"image\/jpeg"}],"twitter_card":"summary_large_image","twitter_misc":{"Tiempo de lectura":"1 minuto"},"schema":{"@context":"https:\/\/schema.org","@graph":[{"@type":"WebPage","@id":"https:\/\/koningdrone.be\/product\/dji-osmo-with-sport-accessory-kit-sport-action-cam\/","url":"https:\/\/koningdrone.be\/product\/dji-osmo-with-sport-accessory-kit-sport-action-cam\/","name":"DJI Osmo Camera + Sport Accessory Kit - koningdrone.be","isPartOf":{"@id":"https:\/\/koningdrone.be\/#website"},"primaryImageOfPage":{"@id":"https:\/\/koningdrone.be\/product\/dji-osmo-with-sport-accessory-kit-sport-action-cam\/#primaryimage"},"image":{"@id":"https:\/\/koningdrone.be\/product\/dji-osmo-with-sport-accessory-kit-sport-action-cam\/#primaryimage"},"thumbnailUrl":"https:\/\/koningdrone.be\/wp-content\/uploads\/sites\/13\/2025\/04\/6958265122880-1-720x660-1.jpg","datePublished":"2018-06-12T18:53:54+00:00","dateModified":"2026-04-29T06:20:39+00:00","breadcrumb":{"@id":"https:\/\/koningdrone.be\/product\/dji-osmo-with-sport-accessory-kit-sport-action-cam\/#breadcrumb"},"inLanguage":"es","potentialAction":[{"@type":"ReadAction","target":["https:\/\/koningdrone.be\/product\/dji-osmo-with-sport-accessory-kit-sport-action-cam\/"]}]},{"@type":"ImageObject","inLanguage":"es","@id":"https:\/\/koningdrone.be\/product\/dji-osmo-with-sport-accessory-kit-sport-action-cam\/#primaryimage","url":"https:\/\/koningdrone.be\/wp-content\/uploads\/sites\/13\/2025\/04\/6958265122880-1-720x660-1.jpg","contentUrl":"https:\/\/koningdrone.be\/wp-content\/uploads\/sites\/13\/2025\/04\/6958265122880-1-720x660-1.jpg","width":720,"height":480},{"@type":"BreadcrumbList","@id":"https:\/\/koningdrone.be\/product\/dji-osmo-with-sport-accessory-kit-sport-action-cam\/#breadcrumb","itemListElement":[{"@type":"ListItem","position":1,"name":"Home","item":"https:\/\/koningdrone.be\/"},{"@type":"ListItem","position":2,"name":"AVSS Parachute Recovery System for DJI Matrice 300\/350","item":"https:\/\/koningdrone.be\/product\/avss-parachute-recovery-system-for-dji-matrice-300-350\/"},{"@type":"ListItem","position":3,"name":"Alle gimbals en cameras","item":"https:\/\/koningdrone.be\/categorie\/alle-gimbals-en-cameras\/"},{"@type":"ListItem","position":4,"name":"DJI Osmo Camera + Sport Accessory Kit"}]},{"@type":"WebSite","@id":"https:\/\/koningdrone.be\/#website","url":"https:\/\/koningdrone.be\/","name":"Koningdrone.be - Su especialista en l\u00ednea en drones, cardanes, c\u00e1maras y centrales el\u00e9ctricas.","description":"La tienda virtual de drones y cardanes","publisher":{"@id":"https:\/\/koningdrone.be\/#organization"},"potentialAction":[{"@type":"SearchAction","target":{"@type":"EntryPoint","urlTemplate":"https:\/\/koningdrone.be\/?s={search_term_string}"},"query-input":{"@type":"PropertyValueSpecification","valueRequired":true,"valueName":"search_term_string"}}],"inLanguage":"es"},{"@type":"Organization","@id":"https:\/\/koningdrone.be\/#organization","name":"Kingdrone.es","url":"https:\/\/koningdrone.be\/","logo":{"@type":"ImageObject","inLanguage":"es","@id":"https:\/\/koningdrone.be\/#\/schema\/logo\/image\/","url":"https:\/\/koningdrone.be\/wp-content\/uploads\/sites\/13\/2025\/04\/koningdrone-copyright-logo.svg","contentUrl":"https:\/\/koningdrone.be\/wp-content\/uploads\/sites\/13\/2025\/04\/koningdrone-copyright-logo.svg","width":227,"height":38,"caption":"Koningdrone.be"},"image":{"@id":"https:\/\/koningdrone.be\/#\/schema\/logo\/image\/"}}]}},"df_price":"","df_sale_price":"","df_regular_price":"","df_image_link":"https:\/\/koningdrone.be\/wp-content\/uploads\/sites\/13\/2025\/04\/6958265122880-1-720x660-1-300x200.jpg","_links":{"self":[{"href":"https:\/\/koningdrone.be\/es\/wp-json\/wp\/v2\/product\/7913","targetHints":{"allow":["GET"]}}],"collection":[{"href":"https:\/\/koningdrone.be\/es\/wp-json\/wp\/v2\/product"}],"about":[{"href":"https:\/\/koningdrone.be\/es\/wp-json\/wp\/v2\/types\/product"}],"wp:featuredmedia":[{"embeddable":true,"href":"https:\/\/koningdrone.be\/es\/wp-json\/wp\/v2\/media\/7911"}],"wp:attachment":[{"href":"https:\/\/koningdrone.be\/es\/wp-json\/wp\/v2\/media?parent=7913"}],"wp:term":[{"taxonomy":"product_brand","embeddable":true,"href":"https:\/\/koningdrone.be\/es\/wp-json\/wp\/v2\/product_brand?post=7913"},{"taxonomy":"product_cat","embeddable":true,"href":"https:\/\/koningdrone.be\/es\/wp-json\/wp\/v2\/product_cat?post=7913"},{"taxonomy":"product_tag","embeddable":true,"href":"https:\/\/koningdrone.be\/es\/wp-json\/wp\/v2\/product_tag?post=7913"}],"curies":[{"name":"wp","href":"https:\/\/api.w.org\/{rel}","templated":true}]}}