{"id":7897,"date":"2018-06-12T20:53:59","date_gmt":"2018-06-12T18:53:59","guid":{"rendered":"https:\/\/koningdrone.nl\/kon\/product\/dji-zenmuse-x7-lens-16-mm-f-2-8-dl-part-1-dji-zenmuse\/"},"modified":"2026-04-29T08:40:39","modified_gmt":"2026-04-29T06:40:39","slug":"dji-zenmuse-x7-lens-16-mm-f-2-8-dl-part-1-dji-zenmuse","status":"publish","type":"product","link":"https:\/\/koningdrone.be\/es\/producto\/dji-zenmuse-x7-lens-16-mm-f-2-8-dl-part-1-dji-zenmuse\/","title":{"rendered":"Objetivo DJI Zenmuse X7 16 mm F\/2.8 DL Parte 1"},"content":{"rendered":"<h1>Objetivo DJI Zenmuse X7 DL 16mm F2.8 LS ASPH<\/h1>\n<p>La Zenmuse X7 es una c\u00e1mara compacta Super 35 con suspensi\u00f3n de card\u00e1n integrada hecha para la cinematograf\u00eda de gama alta que requiere una resoluci\u00f3n y una calidad de imagen impresionantes. Su compatibilidad con el Inspire 2 ofrece lo mejor en cinematograf\u00eda a\u00e9rea profesional.<\/p>\n<p>Un sensor CMOS de 24 MP con un rango din\u00e1mico de 14 stops conserva detalles asombrosos y ofrece tanto CinemaDNG 6K como<br \/>5,2K Apple ProRes con soporte para grabaci\u00f3n continua en r\u00e1faga RAW a 20 fps y fotos de 24 MP.<\/p>\n<p>La X7 tambi\u00e9n presenta la montura DL, la primera montura a\u00e9rea integrada del mundo que permite cambiar entre los cuatro objetivos disponibles<br \/>r\u00e1pidamente. Para una edici\u00f3n fluida, el nuevo DJI Cinema Colour System conserva los colores precisos para facilitar el posprocesamiento.<br \/>Con estas \u00faltimas innovaciones, los cineastas pueden alcanzar nuevas cotas y capturar escenas tal y como imaginan con la DJI Zenmuse X7.<\/p>\n<p><strong>Dise\u00f1ado para la excelencia<\/strong><br \/>La X7 utiliza un sensor Super 35 y su alta velocidad de lectura admite salida RAW a 6K \/ 30 fps y 3,9K \/ 59,94 fps. El tama\u00f1o de p\u00edxel alcanza los 3,91 \u03bcm y la longitud diagonal del sensor es de 26,6 mm durante la grabaci\u00f3n. Un sensor de este tama\u00f1o ofrece una mayor sensibilidad a la luz y 14 stops de rango din\u00e1mico, mucho m\u00e1s amplio que los 12,8 stops de la Zenmuse X5S.<br \/>Adem\u00e1s, la SNR de la X7 es de 46 dB, 8 dB superior a la de la X5S, y su rango tonal alcanza los 9,41 bits. Todas estas caracter\u00edsticas ofrecen opciones creativas ilimitadas para un mejor flujo de trabajo en las situaciones m\u00e1s exigentes del plat\u00f3.<\/p>\n<p><strong>RAW ProRes de Apple<\/strong><br \/>DJI ha obtenido la aprobaci\u00f3n de Apple para el \u00faltimo Apple ProRes RAW. Cuando se monta en el Inspire 2, la Zenmuse X7 puede grabar v\u00eddeo 6K 14-bit Apple ProRes RAW a 23.976 fps. *<\/p>\n<p><strong>M\u00e1s flexibilidad creativa<\/strong><br \/>Para liberar todo el potencial de la X7, el sistema de procesamiento de im\u00e1genes CineCore de la Inspire 2 se ha actualizado completamente a CineCore 2.1.<br \/>Es capaz de grabar 6K \/ 30fps CinemaDNG y 5.2K \/ 30fps<br \/>Apple ProRes, dejando m\u00e1s opciones creativas en la postproducci\u00f3n.<br \/>CineCore 2.1 integra un nuevo modo EI que permite tomar im\u00e1genes de alta calidad con distintos niveles de sensibilidad. Adem\u00e1s, el sistema de procesamiento de im\u00e1genes mejorado reduce a\u00fan m\u00e1s las im\u00e1genes y el ruido, conservando m\u00e1s detalles y utilizando un sistema mejorado de correcci\u00f3n del nivel de oscuridad para obtener im\u00e1genes cinematogr\u00e1ficas de nivel profesional.<br \/>Adem\u00e1s de mejorar el rendimiento del procesamiento de im\u00e1genes, CineCore 2.1 tambi\u00e9n incorpora un nuevo sistema de color que ofrece a los cineastas profesionales una mayor flexibilidad creativa en la postproducci\u00f3n.<\/p>","protected":false},"excerpt":{"rendered":"<ul>\n<li>Apertura: F2.8<\/li>\n<li>Distancia focal: 16 mm<\/li>\n<li>Lente DL<\/li>\n<li>Compatible con Zenmuse X7 y DJI Inspire 2<\/li>\n<li>Peso: 180 g aprox.<\/li>\n<li>Con obturador central (Leaf shutter)<\/li>\n<li>De fibra de carbono<\/li>\n<\/ul>","protected":false},"featured_media":7895,"template":"","meta":{"_acf_changed":false},"product_brand":[],"product_cat":[315,298,126,97,316,1381],"product_tag":[],"class_list":{"0":"post-7897","1":"product","2":"type-product","3":"status-publish","4":"has-post-thumbnail","6":"product_cat-alle-gimbals-en-cameras","7":"product_cat-alle-industriele-camera","8":"product_cat-alle-payloads","9":"product_cat-alle-producten","10":"product_cat-dji-zenmuse","11":"product_cat-dji-zenmuse-x7","12":"product_shipping_class-outofstock","13":"pa_brand-dji","14":"pa_productfamily-camera-lens","15":"pa_producttype-camera-lens","16":"pa_series-zenmuse-x7","18":"first","19":"outofstock","20":"taxable","21":"shipping-taxable","22":"product-type-simple"},"acf":[],"yoast_head":"<!-- This site is optimized with the Yoast SEO Premium plugin v27.2 (Yoast SEO v27.2) - https:\/\/yoast.com\/product\/yoast-seo-premium-wordpress\/ -->\n<title>DJI Zenmuse X7 Lens 16 mm F\/2.8 DL Part 1 - koningdrone.be<\/title>\n<meta name=\"robots\" content=\"index, follow, max-snippet:-1, max-image-preview:large, max-video-preview:-1\" \/>\n<link rel=\"canonical\" href=\"https:\/\/koningdrone.be\/es\/producto\/dji-zenmuse-x7-lens-16-mm-f-2-8-dl-part-1-dji-zenmuse\/\" \/>\n<meta property=\"og:locale\" content=\"es_ES\" \/>\n<meta property=\"og:type\" content=\"article\" \/>\n<meta property=\"og:title\" content=\"DJI Zenmuse X7 Lens 16 mm F\/2.8 DL Part 1\" \/>\n<meta property=\"og:description\" content=\"Diafragma: F2.8Brandpuntsafstand: 16mmDL LensCompatibel met Zenmuse X7 en DJI Inspire 2Gewicht: ong. 180gMet centraalsluiter (Leaf shutter)Gemaakt van Carbon Fiber\" \/>\n<meta property=\"og:url\" content=\"https:\/\/koningdrone.be\/es\/producto\/dji-zenmuse-x7-lens-16-mm-f-2-8-dl-part-1-dji-zenmuse\/\" \/>\n<meta property=\"og:site_name\" content=\"koningdrone.be\" \/>\n<meta property=\"article:modified_time\" content=\"2026-04-29T06:40:39+00:00\" \/>\n<meta property=\"og:image\" content=\"https:\/\/koningdrone.be\/wp-content\/uploads\/sites\/13\/2025\/04\/6958265154737-2-720x660-1.jpg\" \/>\n\t<meta property=\"og:image:width\" content=\"660\" \/>\n\t<meta property=\"og:image:height\" content=\"660\" \/>\n\t<meta property=\"og:image:type\" content=\"image\/jpeg\" \/>\n<meta name=\"twitter:card\" content=\"summary_large_image\" \/>\n<meta name=\"twitter:label1\" content=\"Tiempo de lectura\" \/>\n\t<meta name=\"twitter:data1\" content=\"2 minutos\" \/>\n<script type=\"application\/ld+json\" class=\"yoast-schema-graph\">{\"@context\":\"https:\/\/schema.org\",\"@graph\":[{\"@type\":\"WebPage\",\"@id\":\"https:\/\/koningdrone.be\/product\/dji-zenmuse-x7-lens-16-mm-f-2-8-dl-part-1-dji-zenmuse\/\",\"url\":\"https:\/\/koningdrone.be\/product\/dji-zenmuse-x7-lens-16-mm-f-2-8-dl-part-1-dji-zenmuse\/\",\"name\":\"DJI Zenmuse X7 Lens 16 mm F\/2.8 DL Part 1 - koningdrone.be\",\"isPartOf\":{\"@id\":\"https:\/\/koningdrone.be\/#website\"},\"primaryImageOfPage\":{\"@id\":\"https:\/\/koningdrone.be\/product\/dji-zenmuse-x7-lens-16-mm-f-2-8-dl-part-1-dji-zenmuse\/#primaryimage\"},\"image\":{\"@id\":\"https:\/\/koningdrone.be\/product\/dji-zenmuse-x7-lens-16-mm-f-2-8-dl-part-1-dji-zenmuse\/#primaryimage\"},\"thumbnailUrl\":\"https:\/\/koningdrone.be\/wp-content\/uploads\/sites\/13\/2025\/04\/6958265154737-2-720x660-1.jpg\",\"datePublished\":\"2018-06-12T18:53:59+00:00\",\"dateModified\":\"2026-04-29T06:40:39+00:00\",\"breadcrumb\":{\"@id\":\"https:\/\/koningdrone.be\/product\/dji-zenmuse-x7-lens-16-mm-f-2-8-dl-part-1-dji-zenmuse\/#breadcrumb\"},\"inLanguage\":\"es\",\"potentialAction\":[{\"@type\":\"ReadAction\",\"target\":[\"https:\/\/koningdrone.be\/product\/dji-zenmuse-x7-lens-16-mm-f-2-8-dl-part-1-dji-zenmuse\/\"]}]},{\"@type\":\"ImageObject\",\"inLanguage\":\"es\",\"@id\":\"https:\/\/koningdrone.be\/product\/dji-zenmuse-x7-lens-16-mm-f-2-8-dl-part-1-dji-zenmuse\/#primaryimage\",\"url\":\"https:\/\/koningdrone.be\/wp-content\/uploads\/sites\/13\/2025\/04\/6958265154737-2-720x660-1.jpg\",\"contentUrl\":\"https:\/\/koningdrone.be\/wp-content\/uploads\/sites\/13\/2025\/04\/6958265154737-2-720x660-1.jpg\",\"width\":660,\"height\":660},{\"@type\":\"BreadcrumbList\",\"@id\":\"https:\/\/koningdrone.be\/product\/dji-zenmuse-x7-lens-16-mm-f-2-8-dl-part-1-dji-zenmuse\/#breadcrumb\",\"itemListElement\":[{\"@type\":\"ListItem\",\"position\":1,\"name\":\"Home\",\"item\":\"https:\/\/koningdrone.be\/\"},{\"@type\":\"ListItem\",\"position\":2,\"name\":\"AVSS Parachute Recovery System for DJI Matrice 300\/350\",\"item\":\"https:\/\/koningdrone.be\/product\/avss-parachute-recovery-system-for-dji-matrice-300-350\/\"},{\"@type\":\"ListItem\",\"position\":3,\"name\":\"Alle gimbals en cameras\",\"item\":\"https:\/\/koningdrone.be\/categorie\/alle-gimbals-en-cameras\/\"},{\"@type\":\"ListItem\",\"position\":4,\"name\":\"DJI Zenmuse X7 Lens 16 mm F\/2.8 DL Part 1\"}]},{\"@type\":\"WebSite\",\"@id\":\"https:\/\/koningdrone.be\/#website\",\"url\":\"https:\/\/koningdrone.be\/\",\"name\":\"Koningdrone.be - Uw online specialist in drones, gimbals, camera's en power stations.\",\"description\":\"De webshop in drones en gimbals\",\"publisher\":{\"@id\":\"https:\/\/koningdrone.be\/#organization\"},\"potentialAction\":[{\"@type\":\"SearchAction\",\"target\":{\"@type\":\"EntryPoint\",\"urlTemplate\":\"https:\/\/koningdrone.be\/?s={search_term_string}\"},\"query-input\":{\"@type\":\"PropertyValueSpecification\",\"valueRequired\":true,\"valueName\":\"search_term_string\"}}],\"inLanguage\":\"es\"},{\"@type\":\"Organization\",\"@id\":\"https:\/\/koningdrone.be\/#organization\",\"name\":\"Koningdrone.be\",\"url\":\"https:\/\/koningdrone.be\/\",\"logo\":{\"@type\":\"ImageObject\",\"inLanguage\":\"es\",\"@id\":\"https:\/\/koningdrone.be\/#\/schema\/logo\/image\/\",\"url\":\"https:\/\/koningdrone.be\/wp-content\/uploads\/sites\/13\/2025\/04\/koningdrone-copyright-logo.svg\",\"contentUrl\":\"https:\/\/koningdrone.be\/wp-content\/uploads\/sites\/13\/2025\/04\/koningdrone-copyright-logo.svg\",\"width\":227,\"height\":38,\"caption\":\"Koningdrone.be\"},\"image\":{\"@id\":\"https:\/\/koningdrone.be\/#\/schema\/logo\/image\/\"}}]}<\/script>\n<!-- \/ Yoast SEO Premium plugin. -->","yoast_head_json":{"title":"DJI Zenmuse X7 Lens 16 mm F\/2.8 DL Part 1 - koningdrone.be","robots":{"index":"index","follow":"follow","max-snippet":"max-snippet:-1","max-image-preview":"max-image-preview:large","max-video-preview":"max-video-preview:-1"},"canonical":"https:\/\/koningdrone.be\/es\/producto\/dji-zenmuse-x7-lens-16-mm-f-2-8-dl-part-1-dji-zenmuse\/","og_locale":"es_ES","og_type":"article","og_title":"DJI Zenmuse X7 Lens 16 mm F\/2.8 DL Part 1","og_description":"Diafragma: F2.8Brandpuntsafstand: 16mmDL LensCompatibel met Zenmuse X7 en DJI Inspire 2Gewicht: ong. 180gMet centraalsluiter (Leaf shutter)Gemaakt van Carbon Fiber","og_url":"https:\/\/koningdrone.be\/es\/producto\/dji-zenmuse-x7-lens-16-mm-f-2-8-dl-part-1-dji-zenmuse\/","og_site_name":"koningdrone.be","article_modified_time":"2026-04-29T06:40:39+00:00","og_image":[{"width":660,"height":660,"url":"https:\/\/koningdrone.be\/wp-content\/uploads\/sites\/13\/2025\/04\/6958265154737-2-720x660-1.jpg","type":"image\/jpeg"}],"twitter_card":"summary_large_image","twitter_misc":{"Tiempo de lectura":"2 minutos"},"schema":{"@context":"https:\/\/schema.org","@graph":[{"@type":"WebPage","@id":"https:\/\/koningdrone.be\/product\/dji-zenmuse-x7-lens-16-mm-f-2-8-dl-part-1-dji-zenmuse\/","url":"https:\/\/koningdrone.be\/product\/dji-zenmuse-x7-lens-16-mm-f-2-8-dl-part-1-dji-zenmuse\/","name":"DJI Zenmuse X7 Lens 16 mm F\/2.8 DL Part 1 - koningdrone.be","isPartOf":{"@id":"https:\/\/koningdrone.be\/#website"},"primaryImageOfPage":{"@id":"https:\/\/koningdrone.be\/product\/dji-zenmuse-x7-lens-16-mm-f-2-8-dl-part-1-dji-zenmuse\/#primaryimage"},"image":{"@id":"https:\/\/koningdrone.be\/product\/dji-zenmuse-x7-lens-16-mm-f-2-8-dl-part-1-dji-zenmuse\/#primaryimage"},"thumbnailUrl":"https:\/\/koningdrone.be\/wp-content\/uploads\/sites\/13\/2025\/04\/6958265154737-2-720x660-1.jpg","datePublished":"2018-06-12T18:53:59+00:00","dateModified":"2026-04-29T06:40:39+00:00","breadcrumb":{"@id":"https:\/\/koningdrone.be\/product\/dji-zenmuse-x7-lens-16-mm-f-2-8-dl-part-1-dji-zenmuse\/#breadcrumb"},"inLanguage":"es","potentialAction":[{"@type":"ReadAction","target":["https:\/\/koningdrone.be\/product\/dji-zenmuse-x7-lens-16-mm-f-2-8-dl-part-1-dji-zenmuse\/"]}]},{"@type":"ImageObject","inLanguage":"es","@id":"https:\/\/koningdrone.be\/product\/dji-zenmuse-x7-lens-16-mm-f-2-8-dl-part-1-dji-zenmuse\/#primaryimage","url":"https:\/\/koningdrone.be\/wp-content\/uploads\/sites\/13\/2025\/04\/6958265154737-2-720x660-1.jpg","contentUrl":"https:\/\/koningdrone.be\/wp-content\/uploads\/sites\/13\/2025\/04\/6958265154737-2-720x660-1.jpg","width":660,"height":660},{"@type":"BreadcrumbList","@id":"https:\/\/koningdrone.be\/product\/dji-zenmuse-x7-lens-16-mm-f-2-8-dl-part-1-dji-zenmuse\/#breadcrumb","itemListElement":[{"@type":"ListItem","position":1,"name":"Home","item":"https:\/\/koningdrone.be\/"},{"@type":"ListItem","position":2,"name":"AVSS Parachute Recovery System for DJI Matrice 300\/350","item":"https:\/\/koningdrone.be\/product\/avss-parachute-recovery-system-for-dji-matrice-300-350\/"},{"@type":"ListItem","position":3,"name":"Alle gimbals en cameras","item":"https:\/\/koningdrone.be\/categorie\/alle-gimbals-en-cameras\/"},{"@type":"ListItem","position":4,"name":"DJI Zenmuse X7 Lens 16 mm F\/2.8 DL Part 1"}]},{"@type":"WebSite","@id":"https:\/\/koningdrone.be\/#website","url":"https:\/\/koningdrone.be\/","name":"Koningdrone.be - Su especialista en l\u00ednea en drones, cardanes, c\u00e1maras y centrales el\u00e9ctricas.","description":"La tienda virtual de drones y cardanes","publisher":{"@id":"https:\/\/koningdrone.be\/#organization"},"potentialAction":[{"@type":"SearchAction","target":{"@type":"EntryPoint","urlTemplate":"https:\/\/koningdrone.be\/?s={search_term_string}"},"query-input":{"@type":"PropertyValueSpecification","valueRequired":true,"valueName":"search_term_string"}}],"inLanguage":"es"},{"@type":"Organization","@id":"https:\/\/koningdrone.be\/#organization","name":"Kingdrone.es","url":"https:\/\/koningdrone.be\/","logo":{"@type":"ImageObject","inLanguage":"es","@id":"https:\/\/koningdrone.be\/#\/schema\/logo\/image\/","url":"https:\/\/koningdrone.be\/wp-content\/uploads\/sites\/13\/2025\/04\/koningdrone-copyright-logo.svg","contentUrl":"https:\/\/koningdrone.be\/wp-content\/uploads\/sites\/13\/2025\/04\/koningdrone-copyright-logo.svg","width":227,"height":38,"caption":"Koningdrone.be"},"image":{"@id":"https:\/\/koningdrone.be\/#\/schema\/logo\/image\/"}}]}},"df_price":"","df_sale_price":"","df_regular_price":"","df_image_link":"https:\/\/koningdrone.be\/wp-content\/uploads\/sites\/13\/2025\/04\/6958265154737-2-720x660-1-300x300.jpg","_links":{"self":[{"href":"https:\/\/koningdrone.be\/es\/wp-json\/wp\/v2\/product\/7897","targetHints":{"allow":["GET"]}}],"collection":[{"href":"https:\/\/koningdrone.be\/es\/wp-json\/wp\/v2\/product"}],"about":[{"href":"https:\/\/koningdrone.be\/es\/wp-json\/wp\/v2\/types\/product"}],"wp:featuredmedia":[{"embeddable":true,"href":"https:\/\/koningdrone.be\/es\/wp-json\/wp\/v2\/media\/7895"}],"wp:attachment":[{"href":"https:\/\/koningdrone.be\/es\/wp-json\/wp\/v2\/media?parent=7897"}],"wp:term":[{"taxonomy":"product_brand","embeddable":true,"href":"https:\/\/koningdrone.be\/es\/wp-json\/wp\/v2\/product_brand?post=7897"},{"taxonomy":"product_cat","embeddable":true,"href":"https:\/\/koningdrone.be\/es\/wp-json\/wp\/v2\/product_cat?post=7897"},{"taxonomy":"product_tag","embeddable":true,"href":"https:\/\/koningdrone.be\/es\/wp-json\/wp\/v2\/product_tag?post=7897"}],"curies":[{"name":"wp","href":"https:\/\/api.w.org\/{rel}","templated":true}]}}