{"id":7867,"date":"2018-06-12T20:54:50","date_gmt":"2018-06-12T18:54:50","guid":{"rendered":"https:\/\/koningdrone.nl\/kon\/product\/dji-goggles-racing-edition-ocusync-air-unit\/"},"modified":"2026-04-29T08:40:46","modified_gmt":"2026-04-29T06:40:46","slug":"dji-goggles-racing-edition-ocusync-air-unit","status":"publish","type":"product","link":"https:\/\/koningdrone.be\/es\/producto\/dji-goggles-racing-edition-ocusync-air-unit\/","title":{"rendered":"Gafas DJI Racing Edition Unidad OcuSync Air"},"content":{"rendered":"<h1>Gafas DJI Racing Edition Unidad OcuSync Air<\/h1>\n<p>El sistema DJI OcuSync Air es una soluci\u00f3n integrada de transmisi\u00f3n de v\u00eddeo de alta resoluci\u00f3n que consta de una c\u00e1mara, un m\u00f3dulo de unidad a\u00e9rea, tres antenas y otros conectores. <br \/>En colaboraci\u00f3n con DJI Goggles RE, el sistema OcuSync Air admite la transmisi\u00f3n inal\u00e1mbrica de v\u00eddeo, im\u00e1genes e informaci\u00f3n del controlador de vuelo. La unidad a\u00e9rea puede acoplarse a drones de carreras, aeromodelos, coches RC o veh\u00edculos utilitarios no tripulados utilizados en operaciones de rescate e inspecciones.<\/p>","protected":false},"excerpt":{"rendered":"<ul>\n<li>Admite transmisi\u00f3n de doble frecuencia a 2,4 \/ 5,8 GHz<\/li>\n<li>Admite FHSS y hasta 19 canales fijos<\/li>\n<li>Transmisi\u00f3n de v\u00eddeo de alta resoluci\u00f3n de hasta 1280 \u00d7 960 a 50 fps<\/li>\n<li>Latencia m\u00ednima: tan s\u00f3lo 50 ms (a 480p a 50 fps)<\/li>\n<li>M\u00e1x. Alcance de transmisi\u00f3n: hasta 7 km (2,4 GHz, conformidad FCC, sin obst\u00e1culos)<\/li>\n<\/ul>","protected":false},"featured_media":7863,"template":"","meta":{"_acf_changed":false},"product_brand":[],"product_cat":[731,97,733],"product_tag":[],"class_list":{"0":"post-7867","1":"product","2":"type-product","3":"status-publish","4":"has-post-thumbnail","6":"product_cat-alle-goggles","7":"product_cat-alle-producten","8":"product_cat-dji-goggles","9":"product_shipping_class-outofstock","10":"pa_brand-dji","11":"pa_productfamily-video-transmissie","12":"pa_producttype-video-transmissie","13":"pa_series-goggles","15":"first","16":"outofstock","17":"taxable","18":"shipping-taxable","19":"product-type-simple"},"acf":[],"yoast_head":"<!-- This site is optimized with the Yoast SEO Premium plugin v27.2 (Yoast SEO v27.2) - https:\/\/yoast.com\/product\/yoast-seo-premium-wordpress\/ -->\n<title>DJI Goggles Racing Edition OcuSync Air Unit - koningdrone.be<\/title>\n<meta name=\"robots\" content=\"index, follow, max-snippet:-1, max-image-preview:large, max-video-preview:-1\" \/>\n<link rel=\"canonical\" href=\"https:\/\/koningdrone.be\/es\/producto\/dji-goggles-racing-edition-ocusync-air-unit\/\" \/>\n<meta property=\"og:locale\" content=\"es_ES\" \/>\n<meta property=\"og:type\" content=\"article\" \/>\n<meta property=\"og:title\" content=\"DJI Goggles Racing Edition OcuSync Air Unit\" \/>\n<meta property=\"og:description\" content=\"Ondersteunt 2,4 \/ 5,8 GHz dual-frequentie overdrachtOndersteunt FHSS en tot 19 vaste kanalenHoge resolutie videotransmissie tot 1280 \u00d7 960 bij 50 fpsMinimale latentie: zo laag als 50 ms (bij 480p bij 50 fps)Max. Verzendbereik: tot 7 km (2,4 GHz, FCC-conformiteit, onbelemmerd)\" \/>\n<meta property=\"og:url\" content=\"https:\/\/koningdrone.be\/es\/producto\/dji-goggles-racing-edition-ocusync-air-unit\/\" \/>\n<meta property=\"og:site_name\" content=\"koningdrone.be\" \/>\n<meta property=\"article:modified_time\" content=\"2026-04-29T06:40:46+00:00\" \/>\n<meta property=\"og:image\" content=\"https:\/\/koningdrone.be\/wp-content\/uploads\/sites\/13\/2025\/04\/DJI-Goggles-Racing-Edition-OcuSync-Air-Unit.jpg\" \/>\n\t<meta property=\"og:image:width\" content=\"450\" \/>\n\t<meta property=\"og:image:height\" content=\"450\" \/>\n\t<meta property=\"og:image:type\" content=\"image\/jpeg\" \/>\n<meta name=\"twitter:card\" content=\"summary_large_image\" \/>\n<script type=\"application\/ld+json\" class=\"yoast-schema-graph\">{\"@context\":\"https:\/\/schema.org\",\"@graph\":[{\"@type\":\"WebPage\",\"@id\":\"https:\/\/koningdrone.be\/product\/dji-goggles-racing-edition-ocusync-air-unit\/\",\"url\":\"https:\/\/koningdrone.be\/product\/dji-goggles-racing-edition-ocusync-air-unit\/\",\"name\":\"DJI Goggles Racing Edition OcuSync Air Unit - koningdrone.be\",\"isPartOf\":{\"@id\":\"https:\/\/koningdrone.be\/#website\"},\"primaryImageOfPage\":{\"@id\":\"https:\/\/koningdrone.be\/product\/dji-goggles-racing-edition-ocusync-air-unit\/#primaryimage\"},\"image\":{\"@id\":\"https:\/\/koningdrone.be\/product\/dji-goggles-racing-edition-ocusync-air-unit\/#primaryimage\"},\"thumbnailUrl\":\"https:\/\/koningdrone.be\/wp-content\/uploads\/sites\/13\/2025\/04\/DJI-Goggles-Racing-Edition-OcuSync-Air-Unit.jpg\",\"datePublished\":\"2018-06-12T18:54:50+00:00\",\"dateModified\":\"2026-04-29T06:40:46+00:00\",\"breadcrumb\":{\"@id\":\"https:\/\/koningdrone.be\/product\/dji-goggles-racing-edition-ocusync-air-unit\/#breadcrumb\"},\"inLanguage\":\"es\",\"potentialAction\":[{\"@type\":\"ReadAction\",\"target\":[\"https:\/\/koningdrone.be\/product\/dji-goggles-racing-edition-ocusync-air-unit\/\"]}]},{\"@type\":\"ImageObject\",\"inLanguage\":\"es\",\"@id\":\"https:\/\/koningdrone.be\/product\/dji-goggles-racing-edition-ocusync-air-unit\/#primaryimage\",\"url\":\"https:\/\/koningdrone.be\/wp-content\/uploads\/sites\/13\/2025\/04\/DJI-Goggles-Racing-Edition-OcuSync-Air-Unit.jpg\",\"contentUrl\":\"https:\/\/koningdrone.be\/wp-content\/uploads\/sites\/13\/2025\/04\/DJI-Goggles-Racing-Edition-OcuSync-Air-Unit.jpg\",\"width\":450,\"height\":450},{\"@type\":\"BreadcrumbList\",\"@id\":\"https:\/\/koningdrone.be\/product\/dji-goggles-racing-edition-ocusync-air-unit\/#breadcrumb\",\"itemListElement\":[{\"@type\":\"ListItem\",\"position\":1,\"name\":\"Home\",\"item\":\"https:\/\/koningdrone.be\/\"},{\"@type\":\"ListItem\",\"position\":2,\"name\":\"AVSS Parachute Recovery System for DJI Matrice 300\/350\",\"item\":\"https:\/\/koningdrone.be\/product\/avss-parachute-recovery-system-for-dji-matrice-300-350\/\"},{\"@type\":\"ListItem\",\"position\":3,\"name\":\"Alle goggles\",\"item\":\"https:\/\/koningdrone.be\/categorie\/alle-goggles\/\"},{\"@type\":\"ListItem\",\"position\":4,\"name\":\"DJI Goggles Racing Edition OcuSync Air Unit\"}]},{\"@type\":\"WebSite\",\"@id\":\"https:\/\/koningdrone.be\/#website\",\"url\":\"https:\/\/koningdrone.be\/\",\"name\":\"Koningdrone.be - Uw online specialist in drones, gimbals, camera's en power stations.\",\"description\":\"De webshop in drones en gimbals\",\"publisher\":{\"@id\":\"https:\/\/koningdrone.be\/#organization\"},\"potentialAction\":[{\"@type\":\"SearchAction\",\"target\":{\"@type\":\"EntryPoint\",\"urlTemplate\":\"https:\/\/koningdrone.be\/?s={search_term_string}\"},\"query-input\":{\"@type\":\"PropertyValueSpecification\",\"valueRequired\":true,\"valueName\":\"search_term_string\"}}],\"inLanguage\":\"es\"},{\"@type\":\"Organization\",\"@id\":\"https:\/\/koningdrone.be\/#organization\",\"name\":\"Koningdrone.be\",\"url\":\"https:\/\/koningdrone.be\/\",\"logo\":{\"@type\":\"ImageObject\",\"inLanguage\":\"es\",\"@id\":\"https:\/\/koningdrone.be\/#\/schema\/logo\/image\/\",\"url\":\"https:\/\/koningdrone.be\/wp-content\/uploads\/sites\/13\/2025\/04\/koningdrone-copyright-logo.svg\",\"contentUrl\":\"https:\/\/koningdrone.be\/wp-content\/uploads\/sites\/13\/2025\/04\/koningdrone-copyright-logo.svg\",\"width\":227,\"height\":38,\"caption\":\"Koningdrone.be\"},\"image\":{\"@id\":\"https:\/\/koningdrone.be\/#\/schema\/logo\/image\/\"}}]}<\/script>\n<!-- \/ Yoast SEO Premium plugin. -->","yoast_head_json":{"title":"DJI Goggles Racing Edition OcuSync Air Unit - koningdrone.be","robots":{"index":"index","follow":"follow","max-snippet":"max-snippet:-1","max-image-preview":"max-image-preview:large","max-video-preview":"max-video-preview:-1"},"canonical":"https:\/\/koningdrone.be\/es\/producto\/dji-goggles-racing-edition-ocusync-air-unit\/","og_locale":"es_ES","og_type":"article","og_title":"DJI Goggles Racing Edition OcuSync Air Unit","og_description":"Ondersteunt 2,4 \/ 5,8 GHz dual-frequentie overdrachtOndersteunt FHSS en tot 19 vaste kanalenHoge resolutie videotransmissie tot 1280 \u00d7 960 bij 50 fpsMinimale latentie: zo laag als 50 ms (bij 480p bij 50 fps)Max. Verzendbereik: tot 7 km (2,4 GHz, FCC-conformiteit, onbelemmerd)","og_url":"https:\/\/koningdrone.be\/es\/producto\/dji-goggles-racing-edition-ocusync-air-unit\/","og_site_name":"koningdrone.be","article_modified_time":"2026-04-29T06:40:46+00:00","og_image":[{"width":450,"height":450,"url":"https:\/\/koningdrone.be\/wp-content\/uploads\/sites\/13\/2025\/04\/DJI-Goggles-Racing-Edition-OcuSync-Air-Unit.jpg","type":"image\/jpeg"}],"twitter_card":"summary_large_image","schema":{"@context":"https:\/\/schema.org","@graph":[{"@type":"WebPage","@id":"https:\/\/koningdrone.be\/product\/dji-goggles-racing-edition-ocusync-air-unit\/","url":"https:\/\/koningdrone.be\/product\/dji-goggles-racing-edition-ocusync-air-unit\/","name":"DJI Goggles Racing Edition OcuSync Air Unit - koningdrone.be","isPartOf":{"@id":"https:\/\/koningdrone.be\/#website"},"primaryImageOfPage":{"@id":"https:\/\/koningdrone.be\/product\/dji-goggles-racing-edition-ocusync-air-unit\/#primaryimage"},"image":{"@id":"https:\/\/koningdrone.be\/product\/dji-goggles-racing-edition-ocusync-air-unit\/#primaryimage"},"thumbnailUrl":"https:\/\/koningdrone.be\/wp-content\/uploads\/sites\/13\/2025\/04\/DJI-Goggles-Racing-Edition-OcuSync-Air-Unit.jpg","datePublished":"2018-06-12T18:54:50+00:00","dateModified":"2026-04-29T06:40:46+00:00","breadcrumb":{"@id":"https:\/\/koningdrone.be\/product\/dji-goggles-racing-edition-ocusync-air-unit\/#breadcrumb"},"inLanguage":"es","potentialAction":[{"@type":"ReadAction","target":["https:\/\/koningdrone.be\/product\/dji-goggles-racing-edition-ocusync-air-unit\/"]}]},{"@type":"ImageObject","inLanguage":"es","@id":"https:\/\/koningdrone.be\/product\/dji-goggles-racing-edition-ocusync-air-unit\/#primaryimage","url":"https:\/\/koningdrone.be\/wp-content\/uploads\/sites\/13\/2025\/04\/DJI-Goggles-Racing-Edition-OcuSync-Air-Unit.jpg","contentUrl":"https:\/\/koningdrone.be\/wp-content\/uploads\/sites\/13\/2025\/04\/DJI-Goggles-Racing-Edition-OcuSync-Air-Unit.jpg","width":450,"height":450},{"@type":"BreadcrumbList","@id":"https:\/\/koningdrone.be\/product\/dji-goggles-racing-edition-ocusync-air-unit\/#breadcrumb","itemListElement":[{"@type":"ListItem","position":1,"name":"Home","item":"https:\/\/koningdrone.be\/"},{"@type":"ListItem","position":2,"name":"AVSS Parachute Recovery System for DJI Matrice 300\/350","item":"https:\/\/koningdrone.be\/product\/avss-parachute-recovery-system-for-dji-matrice-300-350\/"},{"@type":"ListItem","position":3,"name":"Alle goggles","item":"https:\/\/koningdrone.be\/categorie\/alle-goggles\/"},{"@type":"ListItem","position":4,"name":"DJI Goggles Racing Edition OcuSync Air Unit"}]},{"@type":"WebSite","@id":"https:\/\/koningdrone.be\/#website","url":"https:\/\/koningdrone.be\/","name":"Koningdrone.be - Su especialista en l\u00ednea en drones, cardanes, c\u00e1maras y centrales el\u00e9ctricas.","description":"La tienda virtual de drones y cardanes","publisher":{"@id":"https:\/\/koningdrone.be\/#organization"},"potentialAction":[{"@type":"SearchAction","target":{"@type":"EntryPoint","urlTemplate":"https:\/\/koningdrone.be\/?s={search_term_string}"},"query-input":{"@type":"PropertyValueSpecification","valueRequired":true,"valueName":"search_term_string"}}],"inLanguage":"es"},{"@type":"Organization","@id":"https:\/\/koningdrone.be\/#organization","name":"Kingdrone.es","url":"https:\/\/koningdrone.be\/","logo":{"@type":"ImageObject","inLanguage":"es","@id":"https:\/\/koningdrone.be\/#\/schema\/logo\/image\/","url":"https:\/\/koningdrone.be\/wp-content\/uploads\/sites\/13\/2025\/04\/koningdrone-copyright-logo.svg","contentUrl":"https:\/\/koningdrone.be\/wp-content\/uploads\/sites\/13\/2025\/04\/koningdrone-copyright-logo.svg","width":227,"height":38,"caption":"Koningdrone.be"},"image":{"@id":"https:\/\/koningdrone.be\/#\/schema\/logo\/image\/"}}]}},"df_price":"","df_sale_price":"","df_regular_price":"","df_image_link":"https:\/\/koningdrone.be\/wp-content\/uploads\/sites\/13\/2025\/04\/DJI-Goggles-Racing-Edition-OcuSync-Air-Unit-300x300.jpg","_links":{"self":[{"href":"https:\/\/koningdrone.be\/es\/wp-json\/wp\/v2\/product\/7867","targetHints":{"allow":["GET"]}}],"collection":[{"href":"https:\/\/koningdrone.be\/es\/wp-json\/wp\/v2\/product"}],"about":[{"href":"https:\/\/koningdrone.be\/es\/wp-json\/wp\/v2\/types\/product"}],"wp:featuredmedia":[{"embeddable":true,"href":"https:\/\/koningdrone.be\/es\/wp-json\/wp\/v2\/media\/7863"}],"wp:attachment":[{"href":"https:\/\/koningdrone.be\/es\/wp-json\/wp\/v2\/media?parent=7867"}],"wp:term":[{"taxonomy":"product_brand","embeddable":true,"href":"https:\/\/koningdrone.be\/es\/wp-json\/wp\/v2\/product_brand?post=7867"},{"taxonomy":"product_cat","embeddable":true,"href":"https:\/\/koningdrone.be\/es\/wp-json\/wp\/v2\/product_cat?post=7867"},{"taxonomy":"product_tag","embeddable":true,"href":"https:\/\/koningdrone.be\/es\/wp-json\/wp\/v2\/product_tag?post=7867"}],"curies":[{"name":"wp","href":"https:\/\/api.w.org\/{rel}","templated":true}]}}