{"id":7854,"date":"2018-06-12T20:54:56","date_gmt":"2018-06-12T18:54:56","guid":{"rendered":"https:\/\/koningdrone.nl\/kon\/product\/inspire-2-handle-grips\/"},"modified":"2026-04-29T15:40:20","modified_gmt":"2026-04-29T13:40:20","slug":"inspire-2-handle-grips","status":"publish","type":"product","link":"https:\/\/koningdrone.be\/es\/producto\/inspire-2-handle-grips\/","title":{"rendered":"Empu\u00f1aduras Inspire 2"},"content":{"rendered":"<p><strong>Dise\u00f1o innovador para disparar desde el suelo<\/strong><\/p>\n<p> Transforma tu forma de capturar el mundo con nuestras innovadoras empu\u00f1aduras dise\u00f1adas para el Inspire 2. Estas empu\u00f1aduras de dise\u00f1o ergon\u00f3mico se adaptan perfectamente a tu Inspire 2, permiti\u00e9ndote pasar sin problemas de la fotograf\u00eda a\u00e9rea a la videograf\u00eda a ras de suelo. Tanto si eres un principiante explorando nuevas perspectivas como un experto buscando opciones de disparo vers\u00e1tiles, estas empu\u00f1aduras te permiten dar rienda suelta a tu creatividad desde cualquier \u00e1ngulo. Prep\u00e1rate para realizar impresionantes tomas en tierra con la facilidad y flexibilidad de una c\u00e1mara de mano.<\/p>\n<p><strong>Fortalece tus historias<\/strong><\/p>\n<p> Mejore su narraci\u00f3n a\u00f1adiendo este din\u00e1mico accesorio a sus herramientas. La posibilidad de cambiar sin esfuerzo entre tomas a\u00e9reas y terrestres te ofrece una libertad creativa sin precedentes. Nuestras empu\u00f1aduras para la Inspire 2 est\u00e1n dise\u00f1adas para inspirar a fot\u00f3grafos y vide\u00f3grafos a explorar, capturar y compartir el mundo de formas que nunca creyeron posibles. Mejora tu historia visual con las caracter\u00edsticas innovadoras y el dise\u00f1o ergon\u00f3mico de estas empu\u00f1aduras.<\/p>\n<p><\/p>","protected":false},"excerpt":{"rendered":"<ul>\n<li>Potencia la creatividad desde diferentes perspectivas<\/li>\n<li> Convierte el Inspire 2 en una c\u00e1mara port\u00e1til<\/li>\n<li> Facilita la captura de tomas del terreno<\/li>\n<\/ul>","protected":false},"featured_media":7846,"template":"","meta":{"_acf_changed":false},"product_brand":[],"product_cat":[756,97,641,788],"product_tag":[],"class_list":{"0":"post-7854","1":"product","2":"type-product","3":"status-publish","4":"has-post-thumbnail","6":"product_cat-accessoires","7":"product_cat-alle-producten","8":"product_cat-dji-inspire","9":"product_cat-dji-inspire-2","10":"product_shipping_class-outofstock","11":"pa_brand-dji","12":"pa_productfamily-grip","13":"pa_producttype-grip","14":"pa_series-inspire-2","16":"first","17":"outofstock","18":"taxable","19":"shipping-taxable","20":"purchasable","21":"product-type-simple"},"acf":[],"yoast_head":"<!-- This site is optimized with the Yoast SEO Premium plugin v27.2 (Yoast SEO v27.2) - https:\/\/yoast.com\/product\/yoast-seo-premium-wordpress\/ -->\n<title>Inspire 2 Handle Grips - koningdrone.be<\/title>\n<meta name=\"robots\" content=\"index, follow, max-snippet:-1, max-image-preview:large, max-video-preview:-1\" \/>\n<link rel=\"canonical\" href=\"https:\/\/koningdrone.be\/es\/producto\/inspire-2-handle-grips\/\" \/>\n<meta property=\"og:locale\" content=\"es_ES\" \/>\n<meta property=\"og:type\" content=\"article\" \/>\n<meta property=\"og:title\" content=\"Inspire 2 Handle Grips\" \/>\n<meta property=\"og:description\" content=\"Verbetert de creativiteit vanuit verschillende invalshoeken Converteert Inspire 2 in een handcamera Vergemakkelijkt het eenvoudig vastleggen van grondschoten\" \/>\n<meta property=\"og:url\" content=\"https:\/\/koningdrone.be\/es\/producto\/inspire-2-handle-grips\/\" \/>\n<meta property=\"og:site_name\" content=\"koningdrone.be\" \/>\n<meta property=\"article:modified_time\" content=\"2026-04-29T13:40:20+00:00\" \/>\n<meta property=\"og:image\" content=\"https:\/\/koningdrone.be\/wp-content\/uploads\/sites\/13\/2025\/04\/large_4c9e1cd8-4382-4ace-91fd-6d2f49e96d08.jpg\" \/>\n\t<meta property=\"og:image:width\" content=\"1200\" \/>\n\t<meta property=\"og:image:height\" content=\"800\" \/>\n\t<meta property=\"og:image:type\" content=\"image\/jpeg\" \/>\n<meta name=\"twitter:card\" content=\"summary_large_image\" \/>\n<meta name=\"twitter:label1\" content=\"Tiempo de lectura\" \/>\n\t<meta name=\"twitter:data1\" content=\"1 minuto\" \/>\n<script type=\"application\/ld+json\" class=\"yoast-schema-graph\">{\"@context\":\"https:\/\/schema.org\",\"@graph\":[{\"@type\":\"WebPage\",\"@id\":\"https:\/\/koningdrone.be\/product\/inspire-2-handle-grips\/\",\"url\":\"https:\/\/koningdrone.be\/product\/inspire-2-handle-grips\/\",\"name\":\"Inspire 2 Handle Grips - koningdrone.be\",\"isPartOf\":{\"@id\":\"https:\/\/koningdrone.be\/#website\"},\"primaryImageOfPage\":{\"@id\":\"https:\/\/koningdrone.be\/product\/inspire-2-handle-grips\/#primaryimage\"},\"image\":{\"@id\":\"https:\/\/koningdrone.be\/product\/inspire-2-handle-grips\/#primaryimage\"},\"thumbnailUrl\":\"https:\/\/koningdrone.be\/wp-content\/uploads\/sites\/13\/2025\/04\/large_4c9e1cd8-4382-4ace-91fd-6d2f49e96d08.jpg\",\"datePublished\":\"2018-06-12T18:54:56+00:00\",\"dateModified\":\"2026-04-29T13:40:20+00:00\",\"breadcrumb\":{\"@id\":\"https:\/\/koningdrone.be\/product\/inspire-2-handle-grips\/#breadcrumb\"},\"inLanguage\":\"es\",\"potentialAction\":[{\"@type\":\"ReadAction\",\"target\":[\"https:\/\/koningdrone.be\/product\/inspire-2-handle-grips\/\"]}]},{\"@type\":\"ImageObject\",\"inLanguage\":\"es\",\"@id\":\"https:\/\/koningdrone.be\/product\/inspire-2-handle-grips\/#primaryimage\",\"url\":\"https:\/\/koningdrone.be\/wp-content\/uploads\/sites\/13\/2025\/04\/large_4c9e1cd8-4382-4ace-91fd-6d2f49e96d08.jpg\",\"contentUrl\":\"https:\/\/koningdrone.be\/wp-content\/uploads\/sites\/13\/2025\/04\/large_4c9e1cd8-4382-4ace-91fd-6d2f49e96d08.jpg\",\"width\":1200,\"height\":800},{\"@type\":\"BreadcrumbList\",\"@id\":\"https:\/\/koningdrone.be\/product\/inspire-2-handle-grips\/#breadcrumb\",\"itemListElement\":[{\"@type\":\"ListItem\",\"position\":1,\"name\":\"Home\",\"item\":\"https:\/\/koningdrone.be\/\"},{\"@type\":\"ListItem\",\"position\":2,\"name\":\"AVSS Parachute Recovery System for DJI Matrice 300\/350\",\"item\":\"https:\/\/koningdrone.be\/product\/avss-parachute-recovery-system-for-dji-matrice-300-350\/\"},{\"@type\":\"ListItem\",\"position\":3,\"name\":\"Accessoires\",\"item\":\"https:\/\/koningdrone.be\/categorie\/accessoires\/\"},{\"@type\":\"ListItem\",\"position\":4,\"name\":\"Inspire 2 Handle Grips\"}]},{\"@type\":\"WebSite\",\"@id\":\"https:\/\/koningdrone.be\/#website\",\"url\":\"https:\/\/koningdrone.be\/\",\"name\":\"Koningdrone.be - Uw online specialist in drones, gimbals, camera's en power stations.\",\"description\":\"De webshop in drones en gimbals\",\"publisher\":{\"@id\":\"https:\/\/koningdrone.be\/#organization\"},\"potentialAction\":[{\"@type\":\"SearchAction\",\"target\":{\"@type\":\"EntryPoint\",\"urlTemplate\":\"https:\/\/koningdrone.be\/?s={search_term_string}\"},\"query-input\":{\"@type\":\"PropertyValueSpecification\",\"valueRequired\":true,\"valueName\":\"search_term_string\"}}],\"inLanguage\":\"es\"},{\"@type\":\"Organization\",\"@id\":\"https:\/\/koningdrone.be\/#organization\",\"name\":\"Koningdrone.be\",\"url\":\"https:\/\/koningdrone.be\/\",\"logo\":{\"@type\":\"ImageObject\",\"inLanguage\":\"es\",\"@id\":\"https:\/\/koningdrone.be\/#\/schema\/logo\/image\/\",\"url\":\"https:\/\/koningdrone.be\/wp-content\/uploads\/sites\/13\/2025\/04\/koningdrone-copyright-logo.svg\",\"contentUrl\":\"https:\/\/koningdrone.be\/wp-content\/uploads\/sites\/13\/2025\/04\/koningdrone-copyright-logo.svg\",\"width\":227,\"height\":38,\"caption\":\"Koningdrone.be\"},\"image\":{\"@id\":\"https:\/\/koningdrone.be\/#\/schema\/logo\/image\/\"}}]}<\/script>\n<!-- \/ Yoast SEO Premium plugin. -->","yoast_head_json":{"title":"Inspire 2 Handle Grips - koningdrone.be","robots":{"index":"index","follow":"follow","max-snippet":"max-snippet:-1","max-image-preview":"max-image-preview:large","max-video-preview":"max-video-preview:-1"},"canonical":"https:\/\/koningdrone.be\/es\/producto\/inspire-2-handle-grips\/","og_locale":"es_ES","og_type":"article","og_title":"Inspire 2 Handle Grips","og_description":"Verbetert de creativiteit vanuit verschillende invalshoeken Converteert Inspire 2 in een handcamera Vergemakkelijkt het eenvoudig vastleggen van grondschoten","og_url":"https:\/\/koningdrone.be\/es\/producto\/inspire-2-handle-grips\/","og_site_name":"koningdrone.be","article_modified_time":"2026-04-29T13:40:20+00:00","og_image":[{"width":1200,"height":800,"url":"https:\/\/koningdrone.be\/wp-content\/uploads\/sites\/13\/2025\/04\/large_4c9e1cd8-4382-4ace-91fd-6d2f49e96d08.jpg","type":"image\/jpeg"}],"twitter_card":"summary_large_image","twitter_misc":{"Tiempo de lectura":"1 minuto"},"schema":{"@context":"https:\/\/schema.org","@graph":[{"@type":"WebPage","@id":"https:\/\/koningdrone.be\/product\/inspire-2-handle-grips\/","url":"https:\/\/koningdrone.be\/product\/inspire-2-handle-grips\/","name":"Inspire 2 Handle Grips - koningdrone.be","isPartOf":{"@id":"https:\/\/koningdrone.be\/#website"},"primaryImageOfPage":{"@id":"https:\/\/koningdrone.be\/product\/inspire-2-handle-grips\/#primaryimage"},"image":{"@id":"https:\/\/koningdrone.be\/product\/inspire-2-handle-grips\/#primaryimage"},"thumbnailUrl":"https:\/\/koningdrone.be\/wp-content\/uploads\/sites\/13\/2025\/04\/large_4c9e1cd8-4382-4ace-91fd-6d2f49e96d08.jpg","datePublished":"2018-06-12T18:54:56+00:00","dateModified":"2026-04-29T13:40:20+00:00","breadcrumb":{"@id":"https:\/\/koningdrone.be\/product\/inspire-2-handle-grips\/#breadcrumb"},"inLanguage":"es","potentialAction":[{"@type":"ReadAction","target":["https:\/\/koningdrone.be\/product\/inspire-2-handle-grips\/"]}]},{"@type":"ImageObject","inLanguage":"es","@id":"https:\/\/koningdrone.be\/product\/inspire-2-handle-grips\/#primaryimage","url":"https:\/\/koningdrone.be\/wp-content\/uploads\/sites\/13\/2025\/04\/large_4c9e1cd8-4382-4ace-91fd-6d2f49e96d08.jpg","contentUrl":"https:\/\/koningdrone.be\/wp-content\/uploads\/sites\/13\/2025\/04\/large_4c9e1cd8-4382-4ace-91fd-6d2f49e96d08.jpg","width":1200,"height":800},{"@type":"BreadcrumbList","@id":"https:\/\/koningdrone.be\/product\/inspire-2-handle-grips\/#breadcrumb","itemListElement":[{"@type":"ListItem","position":1,"name":"Home","item":"https:\/\/koningdrone.be\/"},{"@type":"ListItem","position":2,"name":"AVSS Parachute Recovery System for DJI Matrice 300\/350","item":"https:\/\/koningdrone.be\/product\/avss-parachute-recovery-system-for-dji-matrice-300-350\/"},{"@type":"ListItem","position":3,"name":"Accessoires","item":"https:\/\/koningdrone.be\/categorie\/accessoires\/"},{"@type":"ListItem","position":4,"name":"Inspire 2 Handle Grips"}]},{"@type":"WebSite","@id":"https:\/\/koningdrone.be\/#website","url":"https:\/\/koningdrone.be\/","name":"Koningdrone.be - Su especialista en l\u00ednea en drones, cardanes, c\u00e1maras y centrales el\u00e9ctricas.","description":"La tienda virtual de drones y cardanes","publisher":{"@id":"https:\/\/koningdrone.be\/#organization"},"potentialAction":[{"@type":"SearchAction","target":{"@type":"EntryPoint","urlTemplate":"https:\/\/koningdrone.be\/?s={search_term_string}"},"query-input":{"@type":"PropertyValueSpecification","valueRequired":true,"valueName":"search_term_string"}}],"inLanguage":"es"},{"@type":"Organization","@id":"https:\/\/koningdrone.be\/#organization","name":"Kingdrone.es","url":"https:\/\/koningdrone.be\/","logo":{"@type":"ImageObject","inLanguage":"es","@id":"https:\/\/koningdrone.be\/#\/schema\/logo\/image\/","url":"https:\/\/koningdrone.be\/wp-content\/uploads\/sites\/13\/2025\/04\/koningdrone-copyright-logo.svg","contentUrl":"https:\/\/koningdrone.be\/wp-content\/uploads\/sites\/13\/2025\/04\/koningdrone-copyright-logo.svg","width":227,"height":38,"caption":"Koningdrone.be"},"image":{"@id":"https:\/\/koningdrone.be\/#\/schema\/logo\/image\/"}}]}},"df_price":159.01,"df_sale_price":"","df_regular_price":159.01,"df_image_link":"https:\/\/koningdrone.be\/wp-content\/uploads\/sites\/13\/2025\/04\/large_4c9e1cd8-4382-4ace-91fd-6d2f49e96d08-300x200.jpg","_links":{"self":[{"href":"https:\/\/koningdrone.be\/es\/wp-json\/wp\/v2\/product\/7854","targetHints":{"allow":["GET"]}}],"collection":[{"href":"https:\/\/koningdrone.be\/es\/wp-json\/wp\/v2\/product"}],"about":[{"href":"https:\/\/koningdrone.be\/es\/wp-json\/wp\/v2\/types\/product"}],"wp:featuredmedia":[{"embeddable":true,"href":"https:\/\/koningdrone.be\/es\/wp-json\/wp\/v2\/media\/7846"}],"wp:attachment":[{"href":"https:\/\/koningdrone.be\/es\/wp-json\/wp\/v2\/media?parent=7854"}],"wp:term":[{"taxonomy":"product_brand","embeddable":true,"href":"https:\/\/koningdrone.be\/es\/wp-json\/wp\/v2\/product_brand?post=7854"},{"taxonomy":"product_cat","embeddable":true,"href":"https:\/\/koningdrone.be\/es\/wp-json\/wp\/v2\/product_cat?post=7854"},{"taxonomy":"product_tag","embeddable":true,"href":"https:\/\/koningdrone.be\/es\/wp-json\/wp\/v2\/product_tag?post=7854"}],"curies":[{"name":"wp","href":"https:\/\/api.w.org\/{rel}","templated":true}]}}