{"id":7824,"date":"2018-06-12T20:55:01","date_gmt":"2018-06-12T18:55:01","guid":{"rendered":"https:\/\/koningdrone.nl\/kon\/product\/zenmuse-z3\/"},"modified":"2026-04-29T08:40:09","modified_gmt":"2026-04-29T06:40:09","slug":"zenmuse-z3","status":"publish","type":"product","link":"https:\/\/koningdrone.be\/es\/producto\/zenmuse-z3\/","title":{"rendered":"DJI Zenmuse Z3"},"content":{"rendered":"<h1>DJI Zenmuse Z3<\/h1>\n<p>El Zenmuse Z3 card\u00e1n y la c\u00e1mara tiene una lente de zoom \u00f3ptico de 3,5 y una lente de zoom digital 2x, el tipo 1 \/ 2.3 sensor CMOS soporta la grabaci\u00f3n de v\u00eddeo 4K y fotos de 12 megap\u00edxeles<br \/>La Zenmuse Z3 puede montarse en un dron DJI* y transmitir v\u00eddeo HD en directo a la aplicaci\u00f3n DJI GO.<\/p>\n<p>* Actualmente es compatible con las series Inspire 1, Inspire 1 v2.0, Matrice 100 y Matrice 600.<\/p>\n<p>Ampliar y ver m\u00e1s<br \/>La DJI Zenmuse Z3 es una c\u00e1mara con zoom integrado basada en la DJI Zenmuse X3 y optimizada para fotograf\u00eda fija. Un objetivo zoom 7x, compuesto por 3,5x \u00f3ptico y 2x digital sin p\u00e9rdidas, le confiere una distancia focal que va de 22 mm a 77 mm, lo que la hace ideal para aplicaciones industriales.<\/p>\n<p>Visualizaci\u00f3n del zoom en tiempo real<br \/>Cuando se graba a la m\u00e1xima resoluci\u00f3n posible, v\u00eddeo 4K o fotos de 12 megap\u00edxeles, se puede utilizar el zoom \u00f3ptico y la imagen ampliada es inmediatamente visible en la livefeed de DJI GO. Cuando se toman fotos a 1080p, la funci\u00f3n de zoom sin p\u00e9rdidas permite utilizar el zoom 7x completo sin sacrificar la calidad de imagen Full HD.<\/p>\n<p>Mejora de la estabilidad<br \/>Cuando se ampl\u00eda una c\u00e1mara, los movimientos m\u00e1s peque\u00f1os se magnifican. Al a\u00f1adir una capa adicional de control al motor de gui\u00f1ada se ha conseguido un movimiento m\u00e1s refinado y controlado posible.<\/p>\n<p>Alta calidad de imagen<br \/>Con el mismo sensor Sony 1 \/ 2,3 pulgadas altamente refinado que el DJI Inspire 1 2.0 y el DJI Phantom 4, la calidad de imagen es l\u00edder en la industria. Las im\u00e1genes fijas se pueden capturar a una resoluci\u00f3n de 12 megap\u00edxeles, mientras que la compatibilidad con Adobe DNG RAW permite el procesamiento avanzado de im\u00e1genes. El v\u00eddeo se puede grabar a una velocidad de hasta 30 fotogramas por segundo en n\u00edtido 4K.<\/p>\n<p>Aplicaciones<br \/>La capacidad de hacer zoom desde el aire crea muchas nuevas oportunidades para agilizar y mejorar el uso industrial y comercial de los drones, desde la inspecci\u00f3n de l\u00edneas el\u00e9ctricas hasta la b\u00fasqueda y rescate. Tambi\u00e9n ofrece a los fot\u00f3grafos a\u00e9reos un mayor control sobre la composici\u00f3n.<\/p>","protected":false},"excerpt":{"rendered":"<ul>\n<li>Graba en 4K y haz fotos de 12 megap\u00edxeles<\/li>\n<li>Zoom \u00f3ptico de 3,5 aumentos y zoom digital de 2 aumentos<\/li>\n<li>Sensor CMOS EXMOR de 1\/2,3\u2033 de Sony<\/li>\n<li>Card\u00e1n de tres ejes con una precisi\u00f3n de control de +\/- 0,02 grados<\/li>\n<li>Panor\u00e1mica completa de 360 grados<\/li>\n<li>Inclinaci\u00f3n de +30 a -90 grados<\/li>\n<\/ul>","protected":false},"featured_media":7818,"template":"","meta":{"_acf_changed":false},"product_brand":[],"product_cat":[315,298,126,97,316],"product_tag":[],"class_list":{"0":"post-7824","1":"product","2":"type-product","3":"status-publish","4":"has-post-thumbnail","6":"product_cat-alle-gimbals-en-cameras","7":"product_cat-alle-industriele-camera","8":"product_cat-alle-payloads","9":"product_cat-alle-producten","10":"product_cat-dji-zenmuse","11":"product_shipping_class-outofstock","12":"pa_brand-dji","13":"pa_productfamily-camera","14":"pa_producttype-camera","15":"pa_series-zenmuse-z3","17":"first","18":"outofstock","19":"taxable","20":"shipping-taxable","21":"product-type-simple"},"acf":[],"yoast_head":"<!-- This site is optimized with the Yoast SEO Premium plugin v27.2 (Yoast SEO v27.2) - https:\/\/yoast.com\/product\/yoast-seo-premium-wordpress\/ -->\n<title>DJI Zenmuse Z3 - koningdrone.be<\/title>\n<meta name=\"robots\" content=\"index, follow, max-snippet:-1, max-image-preview:large, max-video-preview:-1\" \/>\n<link rel=\"canonical\" href=\"https:\/\/koningdrone.be\/es\/producto\/zenmuse-z3\/\" \/>\n<meta property=\"og:locale\" content=\"es_ES\" \/>\n<meta property=\"og:type\" content=\"article\" \/>\n<meta property=\"og:title\" content=\"DJI Zenmuse Z3\" \/>\n<meta property=\"og:description\" content=\"Film in 4K en maak 12 megapixel foto&#039;s3.5 keer optische en 2 keer digitale zoomSony EXMOR 1\/2.3&quot; CMOS-sensorDrie-assige gimbal met een controlenauwkeurigheid van +\/- 0.02 gradenVolledig 360 graden pannenTilt van +30 tot -90 graden\" \/>\n<meta property=\"og:url\" content=\"https:\/\/koningdrone.be\/es\/producto\/zenmuse-z3\/\" \/>\n<meta property=\"og:site_name\" content=\"koningdrone.be\" \/>\n<meta property=\"article:modified_time\" content=\"2026-04-29T06:40:09+00:00\" \/>\n<meta property=\"og:image\" content=\"https:\/\/koningdrone.be\/wp-content\/uploads\/sites\/13\/2025\/04\/6958265127663-1-720x660-1.jpg\" \/>\n\t<meta property=\"og:image:width\" content=\"660\" \/>\n\t<meta property=\"og:image:height\" content=\"660\" \/>\n\t<meta property=\"og:image:type\" content=\"image\/jpeg\" \/>\n<meta name=\"twitter:card\" content=\"summary_large_image\" \/>\n<meta name=\"twitter:label1\" content=\"Tiempo de lectura\" \/>\n\t<meta name=\"twitter:data1\" content=\"1 minuto\" \/>\n<script type=\"application\/ld+json\" class=\"yoast-schema-graph\">{\"@context\":\"https:\/\/schema.org\",\"@graph\":[{\"@type\":\"WebPage\",\"@id\":\"https:\/\/koningdrone.be\/product\/zenmuse-z3\/\",\"url\":\"https:\/\/koningdrone.be\/product\/zenmuse-z3\/\",\"name\":\"DJI Zenmuse Z3 - koningdrone.be\",\"isPartOf\":{\"@id\":\"https:\/\/koningdrone.be\/#website\"},\"primaryImageOfPage\":{\"@id\":\"https:\/\/koningdrone.be\/product\/zenmuse-z3\/#primaryimage\"},\"image\":{\"@id\":\"https:\/\/koningdrone.be\/product\/zenmuse-z3\/#primaryimage\"},\"thumbnailUrl\":\"https:\/\/koningdrone.be\/wp-content\/uploads\/sites\/13\/2025\/04\/6958265127663-1-720x660-1.jpg\",\"datePublished\":\"2018-06-12T18:55:01+00:00\",\"dateModified\":\"2026-04-29T06:40:09+00:00\",\"breadcrumb\":{\"@id\":\"https:\/\/koningdrone.be\/product\/zenmuse-z3\/#breadcrumb\"},\"inLanguage\":\"es\",\"potentialAction\":[{\"@type\":\"ReadAction\",\"target\":[\"https:\/\/koningdrone.be\/product\/zenmuse-z3\/\"]}]},{\"@type\":\"ImageObject\",\"inLanguage\":\"es\",\"@id\":\"https:\/\/koningdrone.be\/product\/zenmuse-z3\/#primaryimage\",\"url\":\"https:\/\/koningdrone.be\/wp-content\/uploads\/sites\/13\/2025\/04\/6958265127663-1-720x660-1.jpg\",\"contentUrl\":\"https:\/\/koningdrone.be\/wp-content\/uploads\/sites\/13\/2025\/04\/6958265127663-1-720x660-1.jpg\",\"width\":660,\"height\":660},{\"@type\":\"BreadcrumbList\",\"@id\":\"https:\/\/koningdrone.be\/product\/zenmuse-z3\/#breadcrumb\",\"itemListElement\":[{\"@type\":\"ListItem\",\"position\":1,\"name\":\"Home\",\"item\":\"https:\/\/koningdrone.be\/\"},{\"@type\":\"ListItem\",\"position\":2,\"name\":\"AVSS Parachute Recovery System for DJI Matrice 300\/350\",\"item\":\"https:\/\/koningdrone.be\/product\/avss-parachute-recovery-system-for-dji-matrice-300-350\/\"},{\"@type\":\"ListItem\",\"position\":3,\"name\":\"Alle gimbals en cameras\",\"item\":\"https:\/\/koningdrone.be\/categorie\/alle-gimbals-en-cameras\/\"},{\"@type\":\"ListItem\",\"position\":4,\"name\":\"DJI Zenmuse Z3\"}]},{\"@type\":\"WebSite\",\"@id\":\"https:\/\/koningdrone.be\/#website\",\"url\":\"https:\/\/koningdrone.be\/\",\"name\":\"Koningdrone.be - Uw online specialist in drones, gimbals, camera's en power stations.\",\"description\":\"De webshop in drones en gimbals\",\"publisher\":{\"@id\":\"https:\/\/koningdrone.be\/#organization\"},\"potentialAction\":[{\"@type\":\"SearchAction\",\"target\":{\"@type\":\"EntryPoint\",\"urlTemplate\":\"https:\/\/koningdrone.be\/?s={search_term_string}\"},\"query-input\":{\"@type\":\"PropertyValueSpecification\",\"valueRequired\":true,\"valueName\":\"search_term_string\"}}],\"inLanguage\":\"es\"},{\"@type\":\"Organization\",\"@id\":\"https:\/\/koningdrone.be\/#organization\",\"name\":\"Koningdrone.be\",\"url\":\"https:\/\/koningdrone.be\/\",\"logo\":{\"@type\":\"ImageObject\",\"inLanguage\":\"es\",\"@id\":\"https:\/\/koningdrone.be\/#\/schema\/logo\/image\/\",\"url\":\"https:\/\/koningdrone.be\/wp-content\/uploads\/sites\/13\/2025\/04\/koningdrone-copyright-logo.svg\",\"contentUrl\":\"https:\/\/koningdrone.be\/wp-content\/uploads\/sites\/13\/2025\/04\/koningdrone-copyright-logo.svg\",\"width\":227,\"height\":38,\"caption\":\"Koningdrone.be\"},\"image\":{\"@id\":\"https:\/\/koningdrone.be\/#\/schema\/logo\/image\/\"}}]}<\/script>\n<!-- \/ Yoast SEO Premium plugin. -->","yoast_head_json":{"title":"DJI Zenmuse Z3 - koningdrone.be","robots":{"index":"index","follow":"follow","max-snippet":"max-snippet:-1","max-image-preview":"max-image-preview:large","max-video-preview":"max-video-preview:-1"},"canonical":"https:\/\/koningdrone.be\/es\/producto\/zenmuse-z3\/","og_locale":"es_ES","og_type":"article","og_title":"DJI Zenmuse Z3","og_description":"Film in 4K en maak 12 megapixel foto's3.5 keer optische en 2 keer digitale zoomSony EXMOR 1\/2.3\" CMOS-sensorDrie-assige gimbal met een controlenauwkeurigheid van +\/- 0.02 gradenVolledig 360 graden pannenTilt van +30 tot -90 graden","og_url":"https:\/\/koningdrone.be\/es\/producto\/zenmuse-z3\/","og_site_name":"koningdrone.be","article_modified_time":"2026-04-29T06:40:09+00:00","og_image":[{"width":660,"height":660,"url":"https:\/\/koningdrone.be\/wp-content\/uploads\/sites\/13\/2025\/04\/6958265127663-1-720x660-1.jpg","type":"image\/jpeg"}],"twitter_card":"summary_large_image","twitter_misc":{"Tiempo de lectura":"1 minuto"},"schema":{"@context":"https:\/\/schema.org","@graph":[{"@type":"WebPage","@id":"https:\/\/koningdrone.be\/product\/zenmuse-z3\/","url":"https:\/\/koningdrone.be\/product\/zenmuse-z3\/","name":"DJI Zenmuse Z3 - koningdrone.be","isPartOf":{"@id":"https:\/\/koningdrone.be\/#website"},"primaryImageOfPage":{"@id":"https:\/\/koningdrone.be\/product\/zenmuse-z3\/#primaryimage"},"image":{"@id":"https:\/\/koningdrone.be\/product\/zenmuse-z3\/#primaryimage"},"thumbnailUrl":"https:\/\/koningdrone.be\/wp-content\/uploads\/sites\/13\/2025\/04\/6958265127663-1-720x660-1.jpg","datePublished":"2018-06-12T18:55:01+00:00","dateModified":"2026-04-29T06:40:09+00:00","breadcrumb":{"@id":"https:\/\/koningdrone.be\/product\/zenmuse-z3\/#breadcrumb"},"inLanguage":"es","potentialAction":[{"@type":"ReadAction","target":["https:\/\/koningdrone.be\/product\/zenmuse-z3\/"]}]},{"@type":"ImageObject","inLanguage":"es","@id":"https:\/\/koningdrone.be\/product\/zenmuse-z3\/#primaryimage","url":"https:\/\/koningdrone.be\/wp-content\/uploads\/sites\/13\/2025\/04\/6958265127663-1-720x660-1.jpg","contentUrl":"https:\/\/koningdrone.be\/wp-content\/uploads\/sites\/13\/2025\/04\/6958265127663-1-720x660-1.jpg","width":660,"height":660},{"@type":"BreadcrumbList","@id":"https:\/\/koningdrone.be\/product\/zenmuse-z3\/#breadcrumb","itemListElement":[{"@type":"ListItem","position":1,"name":"Home","item":"https:\/\/koningdrone.be\/"},{"@type":"ListItem","position":2,"name":"AVSS Parachute Recovery System for DJI Matrice 300\/350","item":"https:\/\/koningdrone.be\/product\/avss-parachute-recovery-system-for-dji-matrice-300-350\/"},{"@type":"ListItem","position":3,"name":"Alle gimbals en cameras","item":"https:\/\/koningdrone.be\/categorie\/alle-gimbals-en-cameras\/"},{"@type":"ListItem","position":4,"name":"DJI Zenmuse Z3"}]},{"@type":"WebSite","@id":"https:\/\/koningdrone.be\/#website","url":"https:\/\/koningdrone.be\/","name":"Koningdrone.be - Su especialista en l\u00ednea en drones, cardanes, c\u00e1maras y centrales el\u00e9ctricas.","description":"La tienda virtual de drones y cardanes","publisher":{"@id":"https:\/\/koningdrone.be\/#organization"},"potentialAction":[{"@type":"SearchAction","target":{"@type":"EntryPoint","urlTemplate":"https:\/\/koningdrone.be\/?s={search_term_string}"},"query-input":{"@type":"PropertyValueSpecification","valueRequired":true,"valueName":"search_term_string"}}],"inLanguage":"es"},{"@type":"Organization","@id":"https:\/\/koningdrone.be\/#organization","name":"Kingdrone.es","url":"https:\/\/koningdrone.be\/","logo":{"@type":"ImageObject","inLanguage":"es","@id":"https:\/\/koningdrone.be\/#\/schema\/logo\/image\/","url":"https:\/\/koningdrone.be\/wp-content\/uploads\/sites\/13\/2025\/04\/koningdrone-copyright-logo.svg","contentUrl":"https:\/\/koningdrone.be\/wp-content\/uploads\/sites\/13\/2025\/04\/koningdrone-copyright-logo.svg","width":227,"height":38,"caption":"Koningdrone.be"},"image":{"@id":"https:\/\/koningdrone.be\/#\/schema\/logo\/image\/"}}]}},"df_price":"","df_sale_price":"","df_regular_price":"","df_image_link":"https:\/\/koningdrone.be\/wp-content\/uploads\/sites\/13\/2025\/04\/6958265127663-1-720x660-1-300x300.jpg","_links":{"self":[{"href":"https:\/\/koningdrone.be\/es\/wp-json\/wp\/v2\/product\/7824","targetHints":{"allow":["GET"]}}],"collection":[{"href":"https:\/\/koningdrone.be\/es\/wp-json\/wp\/v2\/product"}],"about":[{"href":"https:\/\/koningdrone.be\/es\/wp-json\/wp\/v2\/types\/product"}],"wp:featuredmedia":[{"embeddable":true,"href":"https:\/\/koningdrone.be\/es\/wp-json\/wp\/v2\/media\/7818"}],"wp:attachment":[{"href":"https:\/\/koningdrone.be\/es\/wp-json\/wp\/v2\/media?parent=7824"}],"wp:term":[{"taxonomy":"product_brand","embeddable":true,"href":"https:\/\/koningdrone.be\/es\/wp-json\/wp\/v2\/product_brand?post=7824"},{"taxonomy":"product_cat","embeddable":true,"href":"https:\/\/koningdrone.be\/es\/wp-json\/wp\/v2\/product_cat?post=7824"},{"taxonomy":"product_tag","embeddable":true,"href":"https:\/\/koningdrone.be\/es\/wp-json\/wp\/v2\/product_tag?post=7824"}],"curies":[{"name":"wp","href":"https:\/\/api.w.org\/{rel}","templated":true}]}}