{"id":7813,"date":"2018-06-12T20:55:17","date_gmt":"2018-06-12T18:55:17","guid":{"rendered":"https:\/\/koningdrone.nl\/kon\/product\/dji-focus-remote-controller\/"},"modified":"2026-04-29T08:40:04","modified_gmt":"2026-04-29T06:40:04","slug":"dji-focus-remote-controller","status":"publish","type":"product","link":"https:\/\/koningdrone.be\/es\/producto\/dji-focus-remote-controller\/","title":{"rendered":"Mando a distancia DJI Focus"},"content":{"rendered":"<h1>Mando a distancia DJI Focus<\/h1>\n<p>El mando a distancia DJI Focus, el mando a distancia para el DJI Focus. Nota: excluido el motor.<br \/>Puntos finales ajustables<br \/>Mientras que los objetivos de cine llevan incorporados topes duros, los objetivos fotogr\u00e1ficos no. Al enfocar, puedes ajustar el objetivo a los puntos extremos de cualquier lente que quieras utilizar. Como el motor utiliza un codificador, el procesador incorporado sabe exactamente en qu\u00e9 posici\u00f3n se encuentra el motor, lo que te permite ajustarlo en segundos girando el propio objetivo hasta el infinito y marc\u00e1ndolo, y repitiendo despu\u00e9s en el otro extremo.<br \/>Controlador Zenmuse X5 \/ X5R<br \/>Un cable disponible por separado permite conectar la unidad de mano DJI Focus a un transmisor Inspire. Con esta conexi\u00f3n, el enfoque del objetivo y el iris se pueden controlar directamente en tiempo real con el Focus.<br \/>Baja latencia<br \/>En tierra, el mando transmite a distancias de hasta 100 metros con s\u00f3lo 14 ms de retardo en espacio abierto.<br \/>Tensi\u00f3n de rueda ajustable<br \/>La rueda de enfoque, ya de por s\u00ed t\u00e1ctil, es ajustable para responder a sus necesidades. Solo tienes que girar el mando de control hasta que alcance la rigidez o soltura que mejor se adapte a tu mano.<br \/>Anillo marcador sustituible<br \/>Un anillo blanco de marcado alrededor del disco de enfoque puede cambiarse y marcarse utilizando cualquier cosa, desde cinta adhesiva hasta l\u00e1piz de cera, para diferentes objetivos o proyectos. Una l\u00e1mpara situada detr\u00e1s del anillo lo ilumina desde atr\u00e1s, lo que hace que las marcas sean visibles incluso en un plat\u00f3 oscuro.<br \/>La orientaci\u00f3n al cliente<br \/>Un men\u00fa OLED en el mando a distancia le permite ajustar con precisi\u00f3n el funcionamiento del Enfoque. Incluso puedes configurar varios puntos de enfoque y la velocidad a la que la c\u00e1mara pasa de uno a otro, para que los movimientos complejos sean sencillos y repetibles.<br \/>Montaje en roseta<br \/>Conecte otros accesorios al mando a distancia Focus o incluso con\u00e9ctelo a otras partes de su equipo. Gracias a su soporte de roseta integrado, puede colocarlo donde desee con total seguridad.<br \/>Bater\u00eda recargable<br \/>La bater\u00eda de iones de litio incluida puede alimentar el Focus durante una sesi\u00f3n fotogr\u00e1fica y puede cambiarse en cuesti\u00f3n de segundos cuando se agote. Puedes cargarla en el estudio o incluso sobre la marcha desde una fuente de alimentaci\u00f3n a trav\u00e9s del puerto de carga USB.<\/p>","protected":false},"excerpt":{"rendered":"<ul>\n<li>Controla la c\u00e1mara y el card\u00e1n Zenmuse X5<\/li>\n<li>Puerto de comunicaci\u00f3n de bus CAN<\/li>\n<li>Puerto de carga Micro-USB<\/li>\n<li>Frecuencia de 2,415 a 2,473 GHz<\/li>\n<\/ul>","protected":false},"featured_media":7810,"template":"","meta":{"_acf_changed":false},"product_brand":[],"product_cat":[122,97,640,265],"product_tag":[],"class_list":{"0":"post-7813","1":"product","2":"type-product","3":"status-publish","4":"has-post-thumbnail","6":"product_cat-alle-afstandsbedieningen","7":"product_cat-alle-producten","8":"product_cat-dji-focus","9":"product_cat-dji-ronin","10":"product_shipping_class-outofstock","11":"pa_brand-dji","12":"pa_productfamily-afstandsbediening","13":"pa_producttype-afstandsbediening","14":"pa_series-focus","16":"first","17":"outofstock","18":"taxable","19":"shipping-taxable","20":"product-type-simple"},"acf":[],"yoast_head":"<!-- This site is optimized with the Yoast SEO Premium plugin v27.2 (Yoast SEO v27.2) - https:\/\/yoast.com\/product\/yoast-seo-premium-wordpress\/ -->\n<title>DJI Focus Remote Controller - koningdrone.be<\/title>\n<meta name=\"robots\" content=\"index, follow, max-snippet:-1, max-image-preview:large, max-video-preview:-1\" \/>\n<link rel=\"canonical\" href=\"https:\/\/koningdrone.be\/es\/producto\/dji-focus-remote-controller\/\" \/>\n<meta property=\"og:locale\" content=\"es_ES\" \/>\n<meta property=\"og:type\" content=\"article\" \/>\n<meta property=\"og:title\" content=\"DJI Focus Remote Controller\" \/>\n<meta property=\"og:description\" content=\"Regelt de Zenmuse X5 Gimbal \/ CameraCAN-bus communicatiepoortMicro-USB oplaadpoort2,415 tot 2,473 GHz-frequentie\" \/>\n<meta property=\"og:url\" content=\"https:\/\/koningdrone.be\/es\/producto\/dji-focus-remote-controller\/\" \/>\n<meta property=\"og:site_name\" content=\"koningdrone.be\" \/>\n<meta property=\"article:modified_time\" content=\"2026-04-29T06:40:04+00:00\" \/>\n<meta property=\"og:image\" content=\"https:\/\/koningdrone.be\/wp-content\/uploads\/sites\/13\/2025\/04\/6958265104558-1-720x660-1.jpg\" \/>\n\t<meta property=\"og:image:width\" content=\"660\" \/>\n\t<meta property=\"og:image:height\" content=\"660\" \/>\n\t<meta property=\"og:image:type\" content=\"image\/jpeg\" \/>\n<meta name=\"twitter:card\" content=\"summary_large_image\" \/>\n<meta name=\"twitter:label1\" content=\"Tiempo de lectura\" \/>\n\t<meta name=\"twitter:data1\" content=\"2 minutos\" \/>\n<script type=\"application\/ld+json\" class=\"yoast-schema-graph\">{\"@context\":\"https:\/\/schema.org\",\"@graph\":[{\"@type\":\"WebPage\",\"@id\":\"https:\/\/koningdrone.be\/product\/dji-focus-remote-controller\/\",\"url\":\"https:\/\/koningdrone.be\/product\/dji-focus-remote-controller\/\",\"name\":\"DJI Focus Remote Controller - koningdrone.be\",\"isPartOf\":{\"@id\":\"https:\/\/koningdrone.be\/#website\"},\"primaryImageOfPage\":{\"@id\":\"https:\/\/koningdrone.be\/product\/dji-focus-remote-controller\/#primaryimage\"},\"image\":{\"@id\":\"https:\/\/koningdrone.be\/product\/dji-focus-remote-controller\/#primaryimage\"},\"thumbnailUrl\":\"https:\/\/koningdrone.be\/wp-content\/uploads\/sites\/13\/2025\/04\/6958265104558-1-720x660-1.jpg\",\"datePublished\":\"2018-06-12T18:55:17+00:00\",\"dateModified\":\"2026-04-29T06:40:04+00:00\",\"breadcrumb\":{\"@id\":\"https:\/\/koningdrone.be\/product\/dji-focus-remote-controller\/#breadcrumb\"},\"inLanguage\":\"es\",\"potentialAction\":[{\"@type\":\"ReadAction\",\"target\":[\"https:\/\/koningdrone.be\/product\/dji-focus-remote-controller\/\"]}]},{\"@type\":\"ImageObject\",\"inLanguage\":\"es\",\"@id\":\"https:\/\/koningdrone.be\/product\/dji-focus-remote-controller\/#primaryimage\",\"url\":\"https:\/\/koningdrone.be\/wp-content\/uploads\/sites\/13\/2025\/04\/6958265104558-1-720x660-1.jpg\",\"contentUrl\":\"https:\/\/koningdrone.be\/wp-content\/uploads\/sites\/13\/2025\/04\/6958265104558-1-720x660-1.jpg\",\"width\":660,\"height\":660},{\"@type\":\"BreadcrumbList\",\"@id\":\"https:\/\/koningdrone.be\/product\/dji-focus-remote-controller\/#breadcrumb\",\"itemListElement\":[{\"@type\":\"ListItem\",\"position\":1,\"name\":\"Home\",\"item\":\"https:\/\/koningdrone.be\/\"},{\"@type\":\"ListItem\",\"position\":2,\"name\":\"AVSS Parachute Recovery System for DJI Matrice 300\/350\",\"item\":\"https:\/\/koningdrone.be\/product\/avss-parachute-recovery-system-for-dji-matrice-300-350\/\"},{\"@type\":\"ListItem\",\"position\":3,\"name\":\"Alle afstandsbedieningen\",\"item\":\"https:\/\/koningdrone.be\/categorie\/alle-afstandsbedieningen\/\"},{\"@type\":\"ListItem\",\"position\":4,\"name\":\"DJI Focus Remote Controller\"}]},{\"@type\":\"WebSite\",\"@id\":\"https:\/\/koningdrone.be\/#website\",\"url\":\"https:\/\/koningdrone.be\/\",\"name\":\"Koningdrone.be - Uw online specialist in drones, gimbals, camera's en power stations.\",\"description\":\"De webshop in drones en gimbals\",\"publisher\":{\"@id\":\"https:\/\/koningdrone.be\/#organization\"},\"potentialAction\":[{\"@type\":\"SearchAction\",\"target\":{\"@type\":\"EntryPoint\",\"urlTemplate\":\"https:\/\/koningdrone.be\/?s={search_term_string}\"},\"query-input\":{\"@type\":\"PropertyValueSpecification\",\"valueRequired\":true,\"valueName\":\"search_term_string\"}}],\"inLanguage\":\"es\"},{\"@type\":\"Organization\",\"@id\":\"https:\/\/koningdrone.be\/#organization\",\"name\":\"Koningdrone.be\",\"url\":\"https:\/\/koningdrone.be\/\",\"logo\":{\"@type\":\"ImageObject\",\"inLanguage\":\"es\",\"@id\":\"https:\/\/koningdrone.be\/#\/schema\/logo\/image\/\",\"url\":\"https:\/\/koningdrone.be\/wp-content\/uploads\/sites\/13\/2025\/04\/koningdrone-copyright-logo.svg\",\"contentUrl\":\"https:\/\/koningdrone.be\/wp-content\/uploads\/sites\/13\/2025\/04\/koningdrone-copyright-logo.svg\",\"width\":227,\"height\":38,\"caption\":\"Koningdrone.be\"},\"image\":{\"@id\":\"https:\/\/koningdrone.be\/#\/schema\/logo\/image\/\"}}]}<\/script>\n<!-- \/ Yoast SEO Premium plugin. -->","yoast_head_json":{"title":"DJI Focus Remote Controller - koningdrone.be","robots":{"index":"index","follow":"follow","max-snippet":"max-snippet:-1","max-image-preview":"max-image-preview:large","max-video-preview":"max-video-preview:-1"},"canonical":"https:\/\/koningdrone.be\/es\/producto\/dji-focus-remote-controller\/","og_locale":"es_ES","og_type":"article","og_title":"DJI Focus Remote Controller","og_description":"Regelt de Zenmuse X5 Gimbal \/ CameraCAN-bus communicatiepoortMicro-USB oplaadpoort2,415 tot 2,473 GHz-frequentie","og_url":"https:\/\/koningdrone.be\/es\/producto\/dji-focus-remote-controller\/","og_site_name":"koningdrone.be","article_modified_time":"2026-04-29T06:40:04+00:00","og_image":[{"width":660,"height":660,"url":"https:\/\/koningdrone.be\/wp-content\/uploads\/sites\/13\/2025\/04\/6958265104558-1-720x660-1.jpg","type":"image\/jpeg"}],"twitter_card":"summary_large_image","twitter_misc":{"Tiempo de lectura":"2 minutos"},"schema":{"@context":"https:\/\/schema.org","@graph":[{"@type":"WebPage","@id":"https:\/\/koningdrone.be\/product\/dji-focus-remote-controller\/","url":"https:\/\/koningdrone.be\/product\/dji-focus-remote-controller\/","name":"DJI Focus Remote Controller - koningdrone.be","isPartOf":{"@id":"https:\/\/koningdrone.be\/#website"},"primaryImageOfPage":{"@id":"https:\/\/koningdrone.be\/product\/dji-focus-remote-controller\/#primaryimage"},"image":{"@id":"https:\/\/koningdrone.be\/product\/dji-focus-remote-controller\/#primaryimage"},"thumbnailUrl":"https:\/\/koningdrone.be\/wp-content\/uploads\/sites\/13\/2025\/04\/6958265104558-1-720x660-1.jpg","datePublished":"2018-06-12T18:55:17+00:00","dateModified":"2026-04-29T06:40:04+00:00","breadcrumb":{"@id":"https:\/\/koningdrone.be\/product\/dji-focus-remote-controller\/#breadcrumb"},"inLanguage":"es","potentialAction":[{"@type":"ReadAction","target":["https:\/\/koningdrone.be\/product\/dji-focus-remote-controller\/"]}]},{"@type":"ImageObject","inLanguage":"es","@id":"https:\/\/koningdrone.be\/product\/dji-focus-remote-controller\/#primaryimage","url":"https:\/\/koningdrone.be\/wp-content\/uploads\/sites\/13\/2025\/04\/6958265104558-1-720x660-1.jpg","contentUrl":"https:\/\/koningdrone.be\/wp-content\/uploads\/sites\/13\/2025\/04\/6958265104558-1-720x660-1.jpg","width":660,"height":660},{"@type":"BreadcrumbList","@id":"https:\/\/koningdrone.be\/product\/dji-focus-remote-controller\/#breadcrumb","itemListElement":[{"@type":"ListItem","position":1,"name":"Home","item":"https:\/\/koningdrone.be\/"},{"@type":"ListItem","position":2,"name":"AVSS Parachute Recovery System for DJI Matrice 300\/350","item":"https:\/\/koningdrone.be\/product\/avss-parachute-recovery-system-for-dji-matrice-300-350\/"},{"@type":"ListItem","position":3,"name":"Alle afstandsbedieningen","item":"https:\/\/koningdrone.be\/categorie\/alle-afstandsbedieningen\/"},{"@type":"ListItem","position":4,"name":"DJI Focus Remote Controller"}]},{"@type":"WebSite","@id":"https:\/\/koningdrone.be\/#website","url":"https:\/\/koningdrone.be\/","name":"Koningdrone.be - Su especialista en l\u00ednea en drones, cardanes, c\u00e1maras y centrales el\u00e9ctricas.","description":"La tienda virtual de drones y cardanes","publisher":{"@id":"https:\/\/koningdrone.be\/#organization"},"potentialAction":[{"@type":"SearchAction","target":{"@type":"EntryPoint","urlTemplate":"https:\/\/koningdrone.be\/?s={search_term_string}"},"query-input":{"@type":"PropertyValueSpecification","valueRequired":true,"valueName":"search_term_string"}}],"inLanguage":"es"},{"@type":"Organization","@id":"https:\/\/koningdrone.be\/#organization","name":"Kingdrone.es","url":"https:\/\/koningdrone.be\/","logo":{"@type":"ImageObject","inLanguage":"es","@id":"https:\/\/koningdrone.be\/#\/schema\/logo\/image\/","url":"https:\/\/koningdrone.be\/wp-content\/uploads\/sites\/13\/2025\/04\/koningdrone-copyright-logo.svg","contentUrl":"https:\/\/koningdrone.be\/wp-content\/uploads\/sites\/13\/2025\/04\/koningdrone-copyright-logo.svg","width":227,"height":38,"caption":"Koningdrone.be"},"image":{"@id":"https:\/\/koningdrone.be\/#\/schema\/logo\/image\/"}}]}},"df_price":"","df_sale_price":"","df_regular_price":"","df_image_link":"https:\/\/koningdrone.be\/wp-content\/uploads\/sites\/13\/2025\/04\/6958265104558-1-720x660-1-300x300.jpg","_links":{"self":[{"href":"https:\/\/koningdrone.be\/es\/wp-json\/wp\/v2\/product\/7813","targetHints":{"allow":["GET"]}}],"collection":[{"href":"https:\/\/koningdrone.be\/es\/wp-json\/wp\/v2\/product"}],"about":[{"href":"https:\/\/koningdrone.be\/es\/wp-json\/wp\/v2\/types\/product"}],"wp:featuredmedia":[{"embeddable":true,"href":"https:\/\/koningdrone.be\/es\/wp-json\/wp\/v2\/media\/7810"}],"wp:attachment":[{"href":"https:\/\/koningdrone.be\/es\/wp-json\/wp\/v2\/media?parent=7813"}],"wp:term":[{"taxonomy":"product_brand","embeddable":true,"href":"https:\/\/koningdrone.be\/es\/wp-json\/wp\/v2\/product_brand?post=7813"},{"taxonomy":"product_cat","embeddable":true,"href":"https:\/\/koningdrone.be\/es\/wp-json\/wp\/v2\/product_cat?post=7813"},{"taxonomy":"product_tag","embeddable":true,"href":"https:\/\/koningdrone.be\/es\/wp-json\/wp\/v2\/product_tag?post=7813"}],"curies":[{"name":"wp","href":"https:\/\/api.w.org\/{rel}","templated":true}]}}