{"id":7805,"date":"2018-08-12T08:58:19","date_gmt":"2018-08-12T06:58:19","guid":{"rendered":"https:\/\/koningdrone.nl\/kon\/product\/dji-zenmuse-x5r\/"},"modified":"2026-04-29T08:20:40","modified_gmt":"2026-04-29T06:20:40","slug":"dji-zenmuse-x5r","status":"publish","type":"product","link":"https:\/\/koningdrone.be\/es\/producto\/dji-zenmuse-x5r\/","title":{"rendered":"DJI Zenmuse X5R"},"content":{"rendered":"<h1>DJI Zenmuse X5R<\/h1>\n<p>La Zenmuse X5R es la primera c\u00e1mara a\u00e9rea Micro Cuatro Tercios del mundo capaz de grabar v\u00eddeo 4K en RAW. Con una velocidad de fotogramas de hasta 30 fps y una tasa de bits media de 1,7 Gbps, la X5R te permite capturar una y otra vez impresionantes im\u00e1genes de nivel profesional. Equipada con un potente sensor MFT, la c\u00e1mara tambi\u00e9n toma fotos de 16 MP con un detalle impresionante, mientras que el soporte de estabilizaci\u00f3n de 3 ejes integrado mantiene la c\u00e1mara nivelada. Por fin, una c\u00e1mara a\u00e9rea realmente apta para profesionales.<\/p>\n<p><strong>Hecho para el aire<\/strong><br \/>Para crear el primer sistema de imagen a\u00e9rea profesional totalmente integrado, la Zenmuse X5R se dise\u00f1\u00f3 desde cero para ser perfectamente compatible con el Inspire 1, el cuadric\u00f3ptero m\u00e1s avanzado de DJI. Con movimiento de c\u00e1mara de 360 grados y compatibilidad con controlador dual, el Inspire 1 es la plataforma a\u00e9rea lista para volar favorita de entusiastas y profesionales de todo el mundo. Ahora, con un sencillo procedimiento de instalaci\u00f3n, puedes actualizar la c\u00e1mara de tu ordenador Inspire 1 en la Zenmuse X5R, aumentando significativamente sus capacidades de imagen y manteniendo su facilidad de uso y fiabilidad.<\/p>\n<p><strong>Fuerza bruta<\/strong><br \/>Con la Zenmuse X5R, DJI ha llevado por primera vez la potencia de RAW a una c\u00e1mara a\u00e9rea dedicada. Capaz de grabar v\u00eddeos 4K (3840 x 2160) en<br \/>RAW de hasta 30 fps, la Zenmuse X5R te ofrece la posibilidad de grabar cualquier v\u00eddeo con todos los datos originales intactos, d\u00e1ndote un control total para editar cualquier v\u00eddeo<br \/>fotograma a fotograma como archivo RAW. Combinados con una tasa de bits m\u00e1xima de asombrosos 2,4 Gbps, los v\u00eddeos 4K capturados por la Zenmuse X5R te sorprender\u00e1n<br \/>con un nivel de detalle y claridad totalmente inigualable por ninguna otra c\u00e1mara a\u00e9rea.<\/p>\n<p><strong>Estabilizaci\u00f3n de nivel superior<\/strong><br \/>Perfectamente integrado con la c\u00e1mara, un card\u00e1n de 3 ejes utiliza la tecnolog\u00eda de estabilizaci\u00f3n l\u00edder del sector de DJI para estabilizar autom\u00e1ticamente la c\u00e1mara en vuelo. Este card\u00e1n se comunica continuamente con la aeronave mientras vuelas, y los potentes motores sin escobillas reaccionan instant\u00e1neamente a cualquier peque\u00f1o movimiento para mantener la c\u00e1mara nivelada, incluso al grabar contenidos de larga exposici\u00f3n o time-lapse. As\u00ed que conc\u00e9ntrate en lo que quieres fotografiar, sabiendo que las im\u00e1genes resultantes ser\u00e1n estables y estar\u00e1n listas para usar.<\/p>\n<p>Como primera c\u00e1mara Micro Four Thirds del mundo dise\u00f1ada espec\u00edficamente para fotograf\u00eda y videograf\u00eda a\u00e9rea profesional, la Zenmuse X5R le ofrece libertad de elecci\u00f3n. Tu objetivo Al utilizar la montura MFT est\u00e1ndar, la Zenmuse X5R est\u00e1 bien posicionada para aprovechar los nuevos productos e innovaciones de los principales fabricantes de objetivos.<\/p>\n<p>Actualmente hay una gama de objetivos compatibles con la Zenmuse X5R. Con las diferentes especificaciones, pero con la misma calidad premium, estas tres lentes le ofrecen una gran flexibilidad.<\/p>","protected":false},"excerpt":{"rendered":"<ul>\n<li>Fotos de 16 megap\u00edxeles<\/li>\n<li>Resoluci\u00f3n fotogr\u00e1fica m\u00e1xima de 4608 x 3456 p\u00edxeles<\/li>\n<li>Ultra HD 4096\u00d72160 (24 y 25p) - 3840\u00d72160 (25 y 30p)<\/li>\n<li>Full HD 1920\u00d71080 (24, 25, 30, 48, 50 y 60p)<\/li>\n<li>Gama ISO de 100 - 25600<\/li>\n<li>Velocidad de obturaci\u00f3n ajustable de 8s a 1\/8000s<\/li>\n<li>Velocidad de bits de v\u00eddeo m\u00e1xima de 2,4 Gbps (media de 1,7 Gbps)<\/li>\n<li>Disparo \u00fanico o en r\u00e1faga de 3, 5 \u00f3 7 im\u00e1genes<\/li>\n<li>Grabaci\u00f3n de v\u00eddeo 4K RAW de cine sin p\u00e9rdidas con una resoluci\u00f3n de 4096\u00d72160 p\u00edxeles<\/li>\n<li>Graba en tarjetas de memoria micro-SD o en una unidad SSD de 512 GB<\/li>\n<li>Montura Micro Cuatro Tercios<\/li>\n<li>M\u00e1s de 12 pasos de rango din\u00e1mico<\/li>\n<li>Horquillado autom\u00e1tico de la exposici\u00f3n<\/li>\n<li>Lapso de tiempo (5, 7, 10, 20 y 30s)<\/li>\n<li>Formatos de archivo compatibles FAT32\/exFAT, JPEG, DNG, MP4, MOV, RAW<\/li>\n<li>Funciona con el cuadric\u00f3ptero Inspire 1<\/li>\n<\/ul>","protected":false},"featured_media":7804,"template":"","meta":{"_acf_changed":false},"product_brand":[],"product_cat":[315,298,97,316],"product_tag":[],"class_list":{"0":"post-7805","1":"product","2":"type-product","3":"status-publish","4":"has-post-thumbnail","6":"product_cat-alle-gimbals-en-cameras","7":"product_cat-alle-industriele-camera","8":"product_cat-alle-producten","9":"product_cat-dji-zenmuse","10":"product_shipping_class-outofstock","11":"pa_brand-dji","12":"pa_productfamily-camera","13":"pa_producttype-camera","14":"pa_series-zenmuse-x5r","16":"first","17":"outofstock","18":"taxable","19":"shipping-taxable","20":"product-type-simple"},"acf":[],"yoast_head":"<!-- This site is optimized with the Yoast SEO Premium plugin v27.2 (Yoast SEO v27.2) - https:\/\/yoast.com\/product\/yoast-seo-premium-wordpress\/ -->\n<title>DJI Zenmuse X5R - koningdrone.be<\/title>\n<meta name=\"robots\" content=\"index, follow, max-snippet:-1, max-image-preview:large, max-video-preview:-1\" \/>\n<link rel=\"canonical\" href=\"https:\/\/koningdrone.be\/es\/producto\/dji-zenmuse-x5r\/\" \/>\n<meta property=\"og:locale\" content=\"es_ES\" \/>\n<meta property=\"og:type\" content=\"article\" \/>\n<meta property=\"og:title\" content=\"DJI Zenmuse X5R\" \/>\n<meta property=\"og:description\" content=\"16 megapixel foto&#039;sMaximale fotoresolutie van 4608 x 3456 pixelsUltra HD 4096x2160 (24 en 25p) \u2022 3840x2160 (25 en 30p)Full HD 1920x1080 (24, 25, 30, 48, 50 en 60p)ISO-bereik van 100 \u2022 25600Sluitertijd instelbaar van 8s tot 1\/8000sMaximale video bitrate van 2.4Gbps (gemiddeld 1.7Gbps)Enkele opname, burst-opname van 3, 5 of 7 beeldenLossless cinema 4K RAW videoopnames met een resolutie van 4096x2160 pixelsNeemt op op micro-SD-geheugenkaarten of op een 512GB SSD-schijfMicro Four Thirds mountMeer dan 12 stops dynamisch bereikAuto exposure bracketingTime-lapse (5, 7, 10, 20 en 30s)Ondersteunde bestandsformaten FAT32\/exFAT, JPEG, DNG, MP4, MOV, RAWWerkt met de Inspire 1 quadcopter\" \/>\n<meta property=\"og:url\" content=\"https:\/\/koningdrone.be\/es\/producto\/dji-zenmuse-x5r\/\" \/>\n<meta property=\"og:site_name\" content=\"koningdrone.be\" \/>\n<meta property=\"article:modified_time\" content=\"2026-04-29T06:20:40+00:00\" \/>\n<meta property=\"og:image\" content=\"https:\/\/koningdrone.be\/wp-content\/uploads\/sites\/13\/2025\/04\/6958265121500-1.jpg\" \/>\n\t<meta property=\"og:image:width\" content=\"660\" \/>\n\t<meta property=\"og:image:height\" content=\"660\" \/>\n\t<meta property=\"og:image:type\" content=\"image\/jpeg\" \/>\n<meta name=\"twitter:card\" content=\"summary_large_image\" \/>\n<meta name=\"twitter:label1\" content=\"Tiempo de lectura\" \/>\n\t<meta name=\"twitter:data1\" content=\"2 minutos\" \/>\n<script type=\"application\/ld+json\" class=\"yoast-schema-graph\">{\"@context\":\"https:\/\/schema.org\",\"@graph\":[{\"@type\":\"WebPage\",\"@id\":\"https:\/\/koningdrone.be\/product\/dji-zenmuse-x5r\/\",\"url\":\"https:\/\/koningdrone.be\/product\/dji-zenmuse-x5r\/\",\"name\":\"DJI Zenmuse X5R - koningdrone.be\",\"isPartOf\":{\"@id\":\"https:\/\/koningdrone.be\/#website\"},\"primaryImageOfPage\":{\"@id\":\"https:\/\/koningdrone.be\/product\/dji-zenmuse-x5r\/#primaryimage\"},\"image\":{\"@id\":\"https:\/\/koningdrone.be\/product\/dji-zenmuse-x5r\/#primaryimage\"},\"thumbnailUrl\":\"https:\/\/koningdrone.be\/wp-content\/uploads\/sites\/13\/2025\/04\/6958265121500-1.jpg\",\"datePublished\":\"2018-08-12T06:58:19+00:00\",\"dateModified\":\"2026-04-29T06:20:40+00:00\",\"breadcrumb\":{\"@id\":\"https:\/\/koningdrone.be\/product\/dji-zenmuse-x5r\/#breadcrumb\"},\"inLanguage\":\"es\",\"potentialAction\":[{\"@type\":\"ReadAction\",\"target\":[\"https:\/\/koningdrone.be\/product\/dji-zenmuse-x5r\/\"]}]},{\"@type\":\"ImageObject\",\"inLanguage\":\"es\",\"@id\":\"https:\/\/koningdrone.be\/product\/dji-zenmuse-x5r\/#primaryimage\",\"url\":\"https:\/\/koningdrone.be\/wp-content\/uploads\/sites\/13\/2025\/04\/6958265121500-1.jpg\",\"contentUrl\":\"https:\/\/koningdrone.be\/wp-content\/uploads\/sites\/13\/2025\/04\/6958265121500-1.jpg\",\"width\":660,\"height\":660},{\"@type\":\"BreadcrumbList\",\"@id\":\"https:\/\/koningdrone.be\/product\/dji-zenmuse-x5r\/#breadcrumb\",\"itemListElement\":[{\"@type\":\"ListItem\",\"position\":1,\"name\":\"Home\",\"item\":\"https:\/\/koningdrone.be\/\"},{\"@type\":\"ListItem\",\"position\":2,\"name\":\"AVSS Parachute Recovery System for DJI Matrice 300\/350\",\"item\":\"https:\/\/koningdrone.be\/product\/avss-parachute-recovery-system-for-dji-matrice-300-350\/\"},{\"@type\":\"ListItem\",\"position\":3,\"name\":\"Alle gimbals en cameras\",\"item\":\"https:\/\/koningdrone.be\/categorie\/alle-gimbals-en-cameras\/\"},{\"@type\":\"ListItem\",\"position\":4,\"name\":\"DJI Zenmuse X5R\"}]},{\"@type\":\"WebSite\",\"@id\":\"https:\/\/koningdrone.be\/#website\",\"url\":\"https:\/\/koningdrone.be\/\",\"name\":\"Koningdrone.be - Uw online specialist in drones, gimbals, camera's en power stations.\",\"description\":\"De webshop in drones en gimbals\",\"publisher\":{\"@id\":\"https:\/\/koningdrone.be\/#organization\"},\"potentialAction\":[{\"@type\":\"SearchAction\",\"target\":{\"@type\":\"EntryPoint\",\"urlTemplate\":\"https:\/\/koningdrone.be\/?s={search_term_string}\"},\"query-input\":{\"@type\":\"PropertyValueSpecification\",\"valueRequired\":true,\"valueName\":\"search_term_string\"}}],\"inLanguage\":\"es\"},{\"@type\":\"Organization\",\"@id\":\"https:\/\/koningdrone.be\/#organization\",\"name\":\"Koningdrone.be\",\"url\":\"https:\/\/koningdrone.be\/\",\"logo\":{\"@type\":\"ImageObject\",\"inLanguage\":\"es\",\"@id\":\"https:\/\/koningdrone.be\/#\/schema\/logo\/image\/\",\"url\":\"https:\/\/koningdrone.be\/wp-content\/uploads\/sites\/13\/2025\/04\/koningdrone-copyright-logo.svg\",\"contentUrl\":\"https:\/\/koningdrone.be\/wp-content\/uploads\/sites\/13\/2025\/04\/koningdrone-copyright-logo.svg\",\"width\":227,\"height\":38,\"caption\":\"Koningdrone.be\"},\"image\":{\"@id\":\"https:\/\/koningdrone.be\/#\/schema\/logo\/image\/\"}}]}<\/script>\n<!-- \/ Yoast SEO Premium plugin. -->","yoast_head_json":{"title":"DJI Zenmuse X5R - koningdrone.be","robots":{"index":"index","follow":"follow","max-snippet":"max-snippet:-1","max-image-preview":"max-image-preview:large","max-video-preview":"max-video-preview:-1"},"canonical":"https:\/\/koningdrone.be\/es\/producto\/dji-zenmuse-x5r\/","og_locale":"es_ES","og_type":"article","og_title":"DJI Zenmuse X5R","og_description":"16 megapixel foto'sMaximale fotoresolutie van 4608 x 3456 pixelsUltra HD 4096x2160 (24 en 25p) \u2022 3840x2160 (25 en 30p)Full HD 1920x1080 (24, 25, 30, 48, 50 en 60p)ISO-bereik van 100 \u2022 25600Sluitertijd instelbaar van 8s tot 1\/8000sMaximale video bitrate van 2.4Gbps (gemiddeld 1.7Gbps)Enkele opname, burst-opname van 3, 5 of 7 beeldenLossless cinema 4K RAW videoopnames met een resolutie van 4096x2160 pixelsNeemt op op micro-SD-geheugenkaarten of op een 512GB SSD-schijfMicro Four Thirds mountMeer dan 12 stops dynamisch bereikAuto exposure bracketingTime-lapse (5, 7, 10, 20 en 30s)Ondersteunde bestandsformaten FAT32\/exFAT, JPEG, DNG, MP4, MOV, RAWWerkt met de Inspire 1 quadcopter","og_url":"https:\/\/koningdrone.be\/es\/producto\/dji-zenmuse-x5r\/","og_site_name":"koningdrone.be","article_modified_time":"2026-04-29T06:20:40+00:00","og_image":[{"width":660,"height":660,"url":"https:\/\/koningdrone.be\/wp-content\/uploads\/sites\/13\/2025\/04\/6958265121500-1.jpg","type":"image\/jpeg"}],"twitter_card":"summary_large_image","twitter_misc":{"Tiempo de lectura":"2 minutos"},"schema":{"@context":"https:\/\/schema.org","@graph":[{"@type":"WebPage","@id":"https:\/\/koningdrone.be\/product\/dji-zenmuse-x5r\/","url":"https:\/\/koningdrone.be\/product\/dji-zenmuse-x5r\/","name":"DJI Zenmuse X5R - koningdrone.be","isPartOf":{"@id":"https:\/\/koningdrone.be\/#website"},"primaryImageOfPage":{"@id":"https:\/\/koningdrone.be\/product\/dji-zenmuse-x5r\/#primaryimage"},"image":{"@id":"https:\/\/koningdrone.be\/product\/dji-zenmuse-x5r\/#primaryimage"},"thumbnailUrl":"https:\/\/koningdrone.be\/wp-content\/uploads\/sites\/13\/2025\/04\/6958265121500-1.jpg","datePublished":"2018-08-12T06:58:19+00:00","dateModified":"2026-04-29T06:20:40+00:00","breadcrumb":{"@id":"https:\/\/koningdrone.be\/product\/dji-zenmuse-x5r\/#breadcrumb"},"inLanguage":"es","potentialAction":[{"@type":"ReadAction","target":["https:\/\/koningdrone.be\/product\/dji-zenmuse-x5r\/"]}]},{"@type":"ImageObject","inLanguage":"es","@id":"https:\/\/koningdrone.be\/product\/dji-zenmuse-x5r\/#primaryimage","url":"https:\/\/koningdrone.be\/wp-content\/uploads\/sites\/13\/2025\/04\/6958265121500-1.jpg","contentUrl":"https:\/\/koningdrone.be\/wp-content\/uploads\/sites\/13\/2025\/04\/6958265121500-1.jpg","width":660,"height":660},{"@type":"BreadcrumbList","@id":"https:\/\/koningdrone.be\/product\/dji-zenmuse-x5r\/#breadcrumb","itemListElement":[{"@type":"ListItem","position":1,"name":"Home","item":"https:\/\/koningdrone.be\/"},{"@type":"ListItem","position":2,"name":"AVSS Parachute Recovery System for DJI Matrice 300\/350","item":"https:\/\/koningdrone.be\/product\/avss-parachute-recovery-system-for-dji-matrice-300-350\/"},{"@type":"ListItem","position":3,"name":"Alle gimbals en cameras","item":"https:\/\/koningdrone.be\/categorie\/alle-gimbals-en-cameras\/"},{"@type":"ListItem","position":4,"name":"DJI Zenmuse X5R"}]},{"@type":"WebSite","@id":"https:\/\/koningdrone.be\/#website","url":"https:\/\/koningdrone.be\/","name":"Koningdrone.be - Su especialista en l\u00ednea en drones, cardanes, c\u00e1maras y centrales el\u00e9ctricas.","description":"La tienda virtual de drones y cardanes","publisher":{"@id":"https:\/\/koningdrone.be\/#organization"},"potentialAction":[{"@type":"SearchAction","target":{"@type":"EntryPoint","urlTemplate":"https:\/\/koningdrone.be\/?s={search_term_string}"},"query-input":{"@type":"PropertyValueSpecification","valueRequired":true,"valueName":"search_term_string"}}],"inLanguage":"es"},{"@type":"Organization","@id":"https:\/\/koningdrone.be\/#organization","name":"Kingdrone.es","url":"https:\/\/koningdrone.be\/","logo":{"@type":"ImageObject","inLanguage":"es","@id":"https:\/\/koningdrone.be\/#\/schema\/logo\/image\/","url":"https:\/\/koningdrone.be\/wp-content\/uploads\/sites\/13\/2025\/04\/koningdrone-copyright-logo.svg","contentUrl":"https:\/\/koningdrone.be\/wp-content\/uploads\/sites\/13\/2025\/04\/koningdrone-copyright-logo.svg","width":227,"height":38,"caption":"Koningdrone.be"},"image":{"@id":"https:\/\/koningdrone.be\/#\/schema\/logo\/image\/"}}]}},"df_price":"","df_sale_price":"","df_regular_price":"","df_image_link":"https:\/\/koningdrone.be\/wp-content\/uploads\/sites\/13\/2025\/04\/6958265121500-1-300x300.jpg","_links":{"self":[{"href":"https:\/\/koningdrone.be\/es\/wp-json\/wp\/v2\/product\/7805","targetHints":{"allow":["GET"]}}],"collection":[{"href":"https:\/\/koningdrone.be\/es\/wp-json\/wp\/v2\/product"}],"about":[{"href":"https:\/\/koningdrone.be\/es\/wp-json\/wp\/v2\/types\/product"}],"wp:featuredmedia":[{"embeddable":true,"href":"https:\/\/koningdrone.be\/es\/wp-json\/wp\/v2\/media\/7804"}],"wp:attachment":[{"href":"https:\/\/koningdrone.be\/es\/wp-json\/wp\/v2\/media?parent=7805"}],"wp:term":[{"taxonomy":"product_brand","embeddable":true,"href":"https:\/\/koningdrone.be\/es\/wp-json\/wp\/v2\/product_brand?post=7805"},{"taxonomy":"product_cat","embeddable":true,"href":"https:\/\/koningdrone.be\/es\/wp-json\/wp\/v2\/product_cat?post=7805"},{"taxonomy":"product_tag","embeddable":true,"href":"https:\/\/koningdrone.be\/es\/wp-json\/wp\/v2\/product_tag?post=7805"}],"curies":[{"name":"wp","href":"https:\/\/api.w.org\/{rel}","templated":true}]}}