{"id":7797,"date":"2018-08-12T08:58:19","date_gmt":"2018-08-12T06:58:19","guid":{"rendered":"https:\/\/koningdrone.nl\/kon\/product\/dji-zenmuse-x5\/"},"modified":"2026-04-29T06:50:36","modified_gmt":"2026-04-29T04:50:36","slug":"dji-zenmuse-x5","status":"publish","type":"product","link":"https:\/\/koningdrone.be\/es\/producto\/dji-zenmuse-x5\/","title":{"rendered":"DJI Zenmuse X5"},"content":{"rendered":"<h1>DJI Zenmuse X5<\/h1>\n<p>Conoce la Zenmuse X5, la primera c\u00e1mara Micro Cuatro Tercios compacta y sin espejo del mundo dise\u00f1ada espec\u00edficamente para la fotograf\u00eda a\u00e9rea<br \/>y cinematograf\u00eda. Dise\u00f1ada para trabajar con la plataforma voladora DJI Inspire 1, la Zenmuse X5 cuenta con un potente sensor<br \/>que es capaz de grabar v\u00eddeos 4K a hasta 30 fps y capturar im\u00e1genes fijas a 16 MP. Equipada de serie con<br \/>MFT y para un control remoto total del enfoque, la apertura y mucho m\u00e1s, deja que la Zenmuse X5<br \/>dispara como quieras. Bienvenido al futuro de los fot\u00f3grafos a\u00e9reos.<\/p>\n<p>La Zenmuse X5 incorpora un potente sensor Micro Cuatro Tercios absolutamente revolucionario para una c\u00e1mara a\u00e9rea. Con un sensor ocho veces<br \/>Con el tama\u00f1o de la anterior c\u00e1mara X3 incluida en Inspire 1, este nuevo sensor MFT permite capturar im\u00e1genes de alta calidad y alta sensibilidad<br \/>una gama ISO de 100-25600. Con un sofisticado equilibrio de alta resoluci\u00f3n, gradaci\u00f3n precisa y bajo ruido, te dar\u00e1s cuenta de la tuya<br \/>visi\u00f3n art\u00edstica y creativa como nunca antes.<\/p>\n<p>Desp\u00eddete de las frustrantes y largas configuraciones. La Zenmuse X5 es perfectamente compatible con la Inspire 1, la plataforma a\u00e9rea profesional de DJI lista para volar. instant\u00e1nea.<br \/>y aportan un nivel de control y comodidad que s\u00f3lo puede ofrecer un sistema totalmente integrado, dispondr\u00e1 de una combinaci\u00f3n de potencia de imagen y<br \/>La facilidad de uso no tiene precedentes en ning\u00fan sistema de im\u00e1genes a\u00e9reas.<\/p>","protected":false},"excerpt":{"rendered":"<ul>\n<li>Adecuado para el DJI Inspire 1<\/li>\n<li>Resoluci\u00f3n m\u00e1xima de v\u00eddeo: 4096 x 2160 24\/25 (4K, Ultra HD)<\/li>\n<li>Fotos de 16 megap\u00edxeles<\/li>\n<li>Objetivo ASPH f\/1,7 con un campo de visi\u00f3n del 72\u2070.<\/li>\n<li>Sensor Micro 4\/3, 8\u00d7 mayor que en la Zenmuse X3<\/li>\n<li>Velocidad de bits m\u00e1xima (v\u00eddeo): 60 Mbps<\/li>\n<\/ul>","protected":false},"featured_media":7792,"template":"","meta":{"_acf_changed":false},"product_brand":[],"product_cat":[315,298,126,97,316],"product_tag":[],"class_list":{"0":"post-7797","1":"product","2":"type-product","3":"status-publish","4":"has-post-thumbnail","6":"product_cat-alle-gimbals-en-cameras","7":"product_cat-alle-industriele-camera","8":"product_cat-alle-payloads","9":"product_cat-alle-producten","10":"product_cat-dji-zenmuse","11":"product_shipping_class-outofstock","12":"pa_brand-dji","13":"pa_productfamily-camera","14":"pa_producttype-camera","15":"pa_series-zenmuse-x5","17":"first","18":"outofstock","19":"taxable","20":"shipping-taxable","21":"product-type-simple"},"acf":[],"yoast_head":"<!-- This site is optimized with the Yoast SEO Premium plugin v27.2 (Yoast SEO v27.2) - https:\/\/yoast.com\/product\/yoast-seo-premium-wordpress\/ -->\n<title>DJI Zenmuse X5 - koningdrone.be<\/title>\n<meta name=\"robots\" content=\"index, follow, max-snippet:-1, max-image-preview:large, max-video-preview:-1\" \/>\n<link rel=\"canonical\" href=\"https:\/\/koningdrone.be\/es\/producto\/dji-zenmuse-x5\/\" \/>\n<meta property=\"og:locale\" content=\"es_ES\" \/>\n<meta property=\"og:type\" content=\"article\" \/>\n<meta property=\"og:title\" content=\"DJI Zenmuse X5\" \/>\n<meta property=\"og:description\" content=\"Geschikt voor de DJI Inspire 1Maximale videoresolutie: 4096 x 2160 24\/25 (4K, Ultra HD)16 megapixel foto&#039;sf\/1.7 ASPH-lens met gezichtsveld van 72\u2070Micro 4\/3-sensor, 8\u00d7 groter dan bij de Zenmuse X3Maximale bitrate (video): 60 Mbps\" \/>\n<meta property=\"og:url\" content=\"https:\/\/koningdrone.be\/es\/producto\/dji-zenmuse-x5\/\" \/>\n<meta property=\"og:site_name\" content=\"koningdrone.be\" \/>\n<meta property=\"article:modified_time\" content=\"2026-04-29T04:50:36+00:00\" \/>\n<meta property=\"og:image\" content=\"https:\/\/koningdrone.be\/wp-content\/uploads\/sites\/13\/2025\/04\/6958265115677-1.jpg\" \/>\n\t<meta property=\"og:image:width\" content=\"720\" \/>\n\t<meta property=\"og:image:height\" content=\"480\" \/>\n\t<meta property=\"og:image:type\" content=\"image\/jpeg\" \/>\n<meta name=\"twitter:card\" content=\"summary_large_image\" \/>\n<meta name=\"twitter:label1\" content=\"Tiempo de lectura\" \/>\n\t<meta name=\"twitter:data1\" content=\"1 minuto\" \/>\n<script type=\"application\/ld+json\" class=\"yoast-schema-graph\">{\"@context\":\"https:\/\/schema.org\",\"@graph\":[{\"@type\":\"WebPage\",\"@id\":\"https:\/\/koningdrone.be\/product\/dji-zenmuse-x5\/\",\"url\":\"https:\/\/koningdrone.be\/product\/dji-zenmuse-x5\/\",\"name\":\"DJI Zenmuse X5 - koningdrone.be\",\"isPartOf\":{\"@id\":\"https:\/\/koningdrone.be\/#website\"},\"primaryImageOfPage\":{\"@id\":\"https:\/\/koningdrone.be\/product\/dji-zenmuse-x5\/#primaryimage\"},\"image\":{\"@id\":\"https:\/\/koningdrone.be\/product\/dji-zenmuse-x5\/#primaryimage\"},\"thumbnailUrl\":\"https:\/\/koningdrone.be\/wp-content\/uploads\/sites\/13\/2025\/04\/6958265115677-1.jpg\",\"datePublished\":\"2018-08-12T06:58:19+00:00\",\"dateModified\":\"2026-04-29T04:50:36+00:00\",\"breadcrumb\":{\"@id\":\"https:\/\/koningdrone.be\/product\/dji-zenmuse-x5\/#breadcrumb\"},\"inLanguage\":\"es\",\"potentialAction\":[{\"@type\":\"ReadAction\",\"target\":[\"https:\/\/koningdrone.be\/product\/dji-zenmuse-x5\/\"]}]},{\"@type\":\"ImageObject\",\"inLanguage\":\"es\",\"@id\":\"https:\/\/koningdrone.be\/product\/dji-zenmuse-x5\/#primaryimage\",\"url\":\"https:\/\/koningdrone.be\/wp-content\/uploads\/sites\/13\/2025\/04\/6958265115677-1.jpg\",\"contentUrl\":\"https:\/\/koningdrone.be\/wp-content\/uploads\/sites\/13\/2025\/04\/6958265115677-1.jpg\",\"width\":720,\"height\":480},{\"@type\":\"BreadcrumbList\",\"@id\":\"https:\/\/koningdrone.be\/product\/dji-zenmuse-x5\/#breadcrumb\",\"itemListElement\":[{\"@type\":\"ListItem\",\"position\":1,\"name\":\"Home\",\"item\":\"https:\/\/koningdrone.be\/\"},{\"@type\":\"ListItem\",\"position\":2,\"name\":\"AVSS Parachute Recovery System for DJI Matrice 300\/350\",\"item\":\"https:\/\/koningdrone.be\/product\/avss-parachute-recovery-system-for-dji-matrice-300-350\/\"},{\"@type\":\"ListItem\",\"position\":3,\"name\":\"Alle gimbals en cameras\",\"item\":\"https:\/\/koningdrone.be\/categorie\/alle-gimbals-en-cameras\/\"},{\"@type\":\"ListItem\",\"position\":4,\"name\":\"DJI Zenmuse X5\"}]},{\"@type\":\"WebSite\",\"@id\":\"https:\/\/koningdrone.be\/#website\",\"url\":\"https:\/\/koningdrone.be\/\",\"name\":\"Koningdrone.be - Uw online specialist in drones, gimbals, camera's en power stations.\",\"description\":\"De webshop in drones en gimbals\",\"publisher\":{\"@id\":\"https:\/\/koningdrone.be\/#organization\"},\"potentialAction\":[{\"@type\":\"SearchAction\",\"target\":{\"@type\":\"EntryPoint\",\"urlTemplate\":\"https:\/\/koningdrone.be\/?s={search_term_string}\"},\"query-input\":{\"@type\":\"PropertyValueSpecification\",\"valueRequired\":true,\"valueName\":\"search_term_string\"}}],\"inLanguage\":\"es\"},{\"@type\":\"Organization\",\"@id\":\"https:\/\/koningdrone.be\/#organization\",\"name\":\"Koningdrone.be\",\"url\":\"https:\/\/koningdrone.be\/\",\"logo\":{\"@type\":\"ImageObject\",\"inLanguage\":\"es\",\"@id\":\"https:\/\/koningdrone.be\/#\/schema\/logo\/image\/\",\"url\":\"https:\/\/koningdrone.be\/wp-content\/uploads\/sites\/13\/2025\/04\/koningdrone-copyright-logo.svg\",\"contentUrl\":\"https:\/\/koningdrone.be\/wp-content\/uploads\/sites\/13\/2025\/04\/koningdrone-copyright-logo.svg\",\"width\":227,\"height\":38,\"caption\":\"Koningdrone.be\"},\"image\":{\"@id\":\"https:\/\/koningdrone.be\/#\/schema\/logo\/image\/\"}}]}<\/script>\n<!-- \/ Yoast SEO Premium plugin. -->","yoast_head_json":{"title":"DJI Zenmuse X5 - koningdrone.be","robots":{"index":"index","follow":"follow","max-snippet":"max-snippet:-1","max-image-preview":"max-image-preview:large","max-video-preview":"max-video-preview:-1"},"canonical":"https:\/\/koningdrone.be\/es\/producto\/dji-zenmuse-x5\/","og_locale":"es_ES","og_type":"article","og_title":"DJI Zenmuse X5","og_description":"Geschikt voor de DJI Inspire 1Maximale videoresolutie: 4096 x 2160 24\/25 (4K, Ultra HD)16 megapixel foto'sf\/1.7 ASPH-lens met gezichtsveld van 72\u2070Micro 4\/3-sensor, 8\u00d7 groter dan bij de Zenmuse X3Maximale bitrate (video): 60 Mbps","og_url":"https:\/\/koningdrone.be\/es\/producto\/dji-zenmuse-x5\/","og_site_name":"koningdrone.be","article_modified_time":"2026-04-29T04:50:36+00:00","og_image":[{"width":720,"height":480,"url":"https:\/\/koningdrone.be\/wp-content\/uploads\/sites\/13\/2025\/04\/6958265115677-1.jpg","type":"image\/jpeg"}],"twitter_card":"summary_large_image","twitter_misc":{"Tiempo de lectura":"1 minuto"},"schema":{"@context":"https:\/\/schema.org","@graph":[{"@type":"WebPage","@id":"https:\/\/koningdrone.be\/product\/dji-zenmuse-x5\/","url":"https:\/\/koningdrone.be\/product\/dji-zenmuse-x5\/","name":"DJI Zenmuse X5 - koningdrone.be","isPartOf":{"@id":"https:\/\/koningdrone.be\/#website"},"primaryImageOfPage":{"@id":"https:\/\/koningdrone.be\/product\/dji-zenmuse-x5\/#primaryimage"},"image":{"@id":"https:\/\/koningdrone.be\/product\/dji-zenmuse-x5\/#primaryimage"},"thumbnailUrl":"https:\/\/koningdrone.be\/wp-content\/uploads\/sites\/13\/2025\/04\/6958265115677-1.jpg","datePublished":"2018-08-12T06:58:19+00:00","dateModified":"2026-04-29T04:50:36+00:00","breadcrumb":{"@id":"https:\/\/koningdrone.be\/product\/dji-zenmuse-x5\/#breadcrumb"},"inLanguage":"es","potentialAction":[{"@type":"ReadAction","target":["https:\/\/koningdrone.be\/product\/dji-zenmuse-x5\/"]}]},{"@type":"ImageObject","inLanguage":"es","@id":"https:\/\/koningdrone.be\/product\/dji-zenmuse-x5\/#primaryimage","url":"https:\/\/koningdrone.be\/wp-content\/uploads\/sites\/13\/2025\/04\/6958265115677-1.jpg","contentUrl":"https:\/\/koningdrone.be\/wp-content\/uploads\/sites\/13\/2025\/04\/6958265115677-1.jpg","width":720,"height":480},{"@type":"BreadcrumbList","@id":"https:\/\/koningdrone.be\/product\/dji-zenmuse-x5\/#breadcrumb","itemListElement":[{"@type":"ListItem","position":1,"name":"Home","item":"https:\/\/koningdrone.be\/"},{"@type":"ListItem","position":2,"name":"AVSS Parachute Recovery System for DJI Matrice 300\/350","item":"https:\/\/koningdrone.be\/product\/avss-parachute-recovery-system-for-dji-matrice-300-350\/"},{"@type":"ListItem","position":3,"name":"Alle gimbals en cameras","item":"https:\/\/koningdrone.be\/categorie\/alle-gimbals-en-cameras\/"},{"@type":"ListItem","position":4,"name":"DJI Zenmuse X5"}]},{"@type":"WebSite","@id":"https:\/\/koningdrone.be\/#website","url":"https:\/\/koningdrone.be\/","name":"Koningdrone.be - Su especialista en l\u00ednea en drones, cardanes, c\u00e1maras y centrales el\u00e9ctricas.","description":"La tienda virtual de drones y cardanes","publisher":{"@id":"https:\/\/koningdrone.be\/#organization"},"potentialAction":[{"@type":"SearchAction","target":{"@type":"EntryPoint","urlTemplate":"https:\/\/koningdrone.be\/?s={search_term_string}"},"query-input":{"@type":"PropertyValueSpecification","valueRequired":true,"valueName":"search_term_string"}}],"inLanguage":"es"},{"@type":"Organization","@id":"https:\/\/koningdrone.be\/#organization","name":"Kingdrone.es","url":"https:\/\/koningdrone.be\/","logo":{"@type":"ImageObject","inLanguage":"es","@id":"https:\/\/koningdrone.be\/#\/schema\/logo\/image\/","url":"https:\/\/koningdrone.be\/wp-content\/uploads\/sites\/13\/2025\/04\/koningdrone-copyright-logo.svg","contentUrl":"https:\/\/koningdrone.be\/wp-content\/uploads\/sites\/13\/2025\/04\/koningdrone-copyright-logo.svg","width":227,"height":38,"caption":"Koningdrone.be"},"image":{"@id":"https:\/\/koningdrone.be\/#\/schema\/logo\/image\/"}}]}},"df_price":"","df_sale_price":"","df_regular_price":"","df_image_link":"https:\/\/koningdrone.be\/wp-content\/uploads\/sites\/13\/2025\/04\/6958265115677-1-300x200.jpg","_links":{"self":[{"href":"https:\/\/koningdrone.be\/es\/wp-json\/wp\/v2\/product\/7797","targetHints":{"allow":["GET"]}}],"collection":[{"href":"https:\/\/koningdrone.be\/es\/wp-json\/wp\/v2\/product"}],"about":[{"href":"https:\/\/koningdrone.be\/es\/wp-json\/wp\/v2\/types\/product"}],"wp:featuredmedia":[{"embeddable":true,"href":"https:\/\/koningdrone.be\/es\/wp-json\/wp\/v2\/media\/7792"}],"wp:attachment":[{"href":"https:\/\/koningdrone.be\/es\/wp-json\/wp\/v2\/media?parent=7797"}],"wp:term":[{"taxonomy":"product_brand","embeddable":true,"href":"https:\/\/koningdrone.be\/es\/wp-json\/wp\/v2\/product_brand?post=7797"},{"taxonomy":"product_cat","embeddable":true,"href":"https:\/\/koningdrone.be\/es\/wp-json\/wp\/v2\/product_cat?post=7797"},{"taxonomy":"product_tag","embeddable":true,"href":"https:\/\/koningdrone.be\/es\/wp-json\/wp\/v2\/product_tag?post=7797"}],"curies":[{"name":"wp","href":"https:\/\/api.w.org\/{rel}","templated":true}]}}