{"id":7628,"date":"2018-08-12T08:58:38","date_gmt":"2018-08-12T06:58:38","guid":{"rendered":"https:\/\/koningdrone.nl\/kon\/product\/dji-inspire-2-battery-station-tb50\/"},"modified":"2026-04-29T08:50:08","modified_gmt":"2026-04-29T06:50:08","slug":"dji-inspire-2-battery-station-tb50","status":"publish","type":"product","link":"https:\/\/koningdrone.be\/es\/producto\/dji-inspire-2-battery-station-tb50\/","title":{"rendered":"Estaci\u00f3n de bater\u00eda DJI Inspire 2 TB50"},"content":{"rendered":"<h1>Estaci\u00f3n de bater\u00eda DJI Inspire 2 TB50<\/h1>\n<p>Para garantizar la eficiencia de los equipos de rodaje profesionales en todas las tareas de rodaje, DJI presenta una nueva estaci\u00f3n de bater\u00edas construida espec\u00edficamente para la Bater\u00eda Inteligente TB50. La DJI Battery Station es la soluci\u00f3n todo en uno para cargar, almacenar y transportar bater\u00edas.<br \/>Carga completa<br \/>Con una gesti\u00f3n eficiente e inteligente, la Estaci\u00f3n de Bater\u00eda DJI garantiza que el equipo de grabaci\u00f3n est\u00e9 siempre listo para su uso. La estaci\u00f3n de bater\u00edas puede cargar hasta ocho bater\u00edas inteligentes TB50 simult\u00e1neamente. Adem\u00e1s, puede cargar otros dispositivos, incluyendo el mando a distancia Inspire 2 y la bater\u00eda inteligente CrystalSky \/ Cendence a trav\u00e9s de m\u00faltiples puertos de carga, e incluso dispositivos m\u00f3viles a trav\u00e9s de puertos USB. En pocas palabras, la DJI Battery Station est\u00e1 equipada para satisfacer las necesidades de todos tus dispositivos dependientes de energ\u00eda.<br \/>Adem\u00e1s de energ\u00eda, la Estaci\u00f3n de Bater\u00eda DJI proporciona informaci\u00f3n esencial sobre tus bater\u00edas para asegurar una gesti\u00f3n adecuada. Cuando se conecta una Bater\u00eda Inteligente TB50, la versi\u00f3n actual del firmware se muestra en la pantalla LCD de la estaci\u00f3n. Cuando se conecta a un ordenador mediante el cable USB, la Estaci\u00f3n de Bater\u00edas puede actualizar hasta ocho bater\u00edas a su \u00faltima versi\u00f3n de firmware mediante DJI Assistant 2 en el ordenador*.<br \/>La Estaci\u00f3n de Bater\u00edas DJI est\u00e1 construida en un estuche que proporciona el m\u00e1ximo almacenamiento. Puede almacenar hasta 12 Bater\u00edas Inteligentes TB50, dos Bater\u00edas Inteligentes CrystalSky \/ Cendence y un Hub de Carga de Bater\u00edas CrystalSky \/ Cendence. Equipada con ruedas y un asa telesc\u00f3pica para viajar, la Battery Station permite disparar durante todo el d\u00eda.<br \/>* Compatibilidad disponible en breve. Se requiere una actualizaci\u00f3n de software.<br \/>M\u00faltiples modos de carga<br \/>En un set de rodaje, cada segundo cuenta.  La Estaci\u00f3n de Bater\u00eda DJI utiliza 3 modos de carga -Normal, R\u00e1pido y Silencioso- para proporcionar la mejor gesti\u00f3n de la energ\u00eda para cada escenario.<br \/>En el modo Normal, se pueden cargar simult\u00e1neamente ocho Bater\u00edas Inteligentes TB50 conectadas hasta que todas las bater\u00edas est\u00e9n completamente cargadas.<br \/>El modo r\u00e1pido carga las cuatro bater\u00edas inteligentes TB50 con el nivel de bater\u00eda m\u00e1s alto del mismo grupo a 90% en s\u00f3lo 35 minutos, lo que lo convierte en una opci\u00f3n \u00fatil para uso urgente.<br \/>En el modo Silencioso, la velocidad de carga se reduce para proporcionar un proceso m\u00e1s silencioso para cargas nocturnas o cuando se permite un ruido limitado en el plat\u00f3.<br \/>Descarga r\u00e1pida y f\u00e1cil<br \/>La DJI Battery Station tambi\u00e9n viene con funciones para mantener la calidad de la bater\u00eda. El modo de descarga lleva las bater\u00edas a 25% para el transporte y 50% para el almacenamiento. Esta funci\u00f3n de descarga inteligente y f\u00e1cil de usar mejora el mantenimiento de las bater\u00edas para prolongar su vida \u00fatil.<br \/>Dise\u00f1o sofisticado para mayor seguridad y fiabilidad<br \/>Entendemos que la seguridad es una prioridad m\u00e1xima cuando se trata de bater\u00edas. Por eso la DJI Battery Station est\u00e1 dise\u00f1ada con medidas robustas para garantizar una carga y almacenamiento fiables de todas tus bater\u00edas.<br \/>Un ventilador de refrigeraci\u00f3n integrado disipa el calor durante la carga. La detecci\u00f3n de sobrecalentamiento controla la temperatura de la bater\u00eda en tiempo real para garantizar que cada bater\u00eda se mantiene dentro de un rango seguro. Si se detecta sobrecalentamiento, la Battery Station cancelar\u00e1 autom\u00e1ticamente la carga y descarga para evitar riesgos de seguridad.<br \/>La Estaci\u00f3n de Bater\u00eda DJI est\u00e1 fabricada con pl\u00e1stico que cumple las normas de ignici\u00f3n UL94 V-0 de EE.UU., reduciendo los riesgos que pueden producirse en entornos extremos. Desde el dise\u00f1o hasta los materiales, todos los aspectos son seguros y fiables.<\/p>","protected":false},"excerpt":{"rendered":"<ul>\n<li>Almacenamiento de gran tama\u00f1o para hasta 12 bater\u00edas inteligentes TB50, dos bater\u00edas inteligentes CrystalSky \/ Cendence y un concentrador de carga de bater\u00edas CrystalSky \/ Cendence.<\/li>\n<li>Carga hasta ocho bater\u00edas TB50 simult\u00e1neamente. En varios puertos, tambi\u00e9n puede cargar el mando a distancia Inspire 2, CrystalSky \/ Cendence bater\u00eda inteligente y un dispositivo m\u00f3vil.<\/li>\n<li>Al cargar una Bater\u00eda Inteligente TB50, la pantalla LCD de la Estaci\u00f3n de Bater\u00edas muestra la versi\u00f3n actual del firmware<\/li>\n<li>La funci\u00f3n de descarga r\u00e1pida, f\u00e1cil e inteligente mejora el mantenimiento de la bater\u00eda para el almacenamiento y los viajes<\/li>\n<li>Un ventilador de refrigeraci\u00f3n incorporado garantiza que cada bater\u00eda se mantenga dentro de un rango seguro<\/li>\n<li>Protecci\u00f3n contra sobrecalentamiento<\/li>\n<li>Las ruedas y el asa hacen que la DJI Battery Station sea pr\u00e1ctica para viajar<\/li>\n<\/ul>","protected":false},"featured_media":7623,"template":"","meta":{"_acf_changed":false},"product_brand":[],"product_cat":[113,97,201,641,788],"product_tag":[],"class_list":{"0":"post-7628","1":"product","2":"type-product","3":"status-publish","4":"has-post-thumbnail","6":"product_cat-alle-batterijen","7":"product_cat-alle-producten","8":"product_cat-alle-tassen-en-koffers","9":"product_cat-dji-inspire","10":"product_cat-dji-inspire-2","11":"product_shipping_class-outofstock","12":"pa_brand-dji","13":"pa_productfamily-koffer","14":"pa_producttype-koffer","15":"pa_series-inspire-2","17":"first","18":"outofstock","19":"taxable","20":"shipping-taxable","21":"product-type-simple"},"acf":[],"yoast_head":"<!-- This site is optimized with the Yoast SEO Premium plugin v27.2 (Yoast SEO v27.2) - https:\/\/yoast.com\/product\/yoast-seo-premium-wordpress\/ -->\n<title>DJI Inspire 2 Battery Station TB50 - koningdrone.be<\/title>\n<meta name=\"robots\" content=\"index, follow, max-snippet:-1, max-image-preview:large, max-video-preview:-1\" \/>\n<link rel=\"canonical\" href=\"https:\/\/koningdrone.be\/es\/producto\/dji-inspire-2-battery-station-tb50\/\" \/>\n<meta property=\"og:locale\" content=\"es_ES\" \/>\n<meta property=\"og:type\" content=\"article\" \/>\n<meta property=\"og:title\" content=\"DJI Inspire 2 Battery Station TB50\" \/>\n<meta property=\"og:description\" content=\"Supergrote opslagruimte voor maximaal 12 TB50 intelligente batterijen, twee CrystalSky \/ Cendence intelligente batterijen en een CrystalSky \/ Cendence batterij laadhubLaad tot acht TB50-batterijen tegelijkertijd op. Op meerdere poorten kunt u ook de Inspire 2-afstandsbediening, CrystalSky \/ Cendence Intelligent Battery en een mobiel apparaat opladenBij het opladen van een TB50 Intelligent Battery geeft het LCD-scherm van het Battery Station de huidige firmwareversie weerSnelle, eenvoudige en intelligente ontlaadfunctie verbetert het batterijonderhoud voor opslag en reizenEen ingebouwde koelventilator zorgt ervoor dat elke batterij binnen een veilig bereik blijftBescherming tegen oververhittingWielen en een handgreep maken de DJI Battery Station handig om te reizen\" \/>\n<meta property=\"og:url\" content=\"https:\/\/koningdrone.be\/es\/producto\/dji-inspire-2-battery-station-tb50\/\" \/>\n<meta property=\"og:site_name\" content=\"koningdrone.be\" \/>\n<meta property=\"article:modified_time\" content=\"2026-04-29T06:50:08+00:00\" \/>\n<meta property=\"og:image\" content=\"https:\/\/koningdrone.be\/wp-content\/uploads\/sites\/13\/2025\/04\/6958265154287-1.jpg\" \/>\n\t<meta property=\"og:image:width\" content=\"660\" \/>\n\t<meta property=\"og:image:height\" content=\"660\" \/>\n\t<meta property=\"og:image:type\" content=\"image\/jpeg\" \/>\n<meta name=\"twitter:card\" content=\"summary_large_image\" \/>\n<meta name=\"twitter:label1\" content=\"Tiempo de lectura\" \/>\n\t<meta name=\"twitter:data1\" content=\"3 minutos\" \/>\n<script type=\"application\/ld+json\" class=\"yoast-schema-graph\">{\"@context\":\"https:\/\/schema.org\",\"@graph\":[{\"@type\":\"WebPage\",\"@id\":\"https:\/\/koningdrone.be\/product\/dji-inspire-2-battery-station-tb50\/\",\"url\":\"https:\/\/koningdrone.be\/product\/dji-inspire-2-battery-station-tb50\/\",\"name\":\"DJI Inspire 2 Battery Station TB50 - koningdrone.be\",\"isPartOf\":{\"@id\":\"https:\/\/koningdrone.be\/#website\"},\"primaryImageOfPage\":{\"@id\":\"https:\/\/koningdrone.be\/product\/dji-inspire-2-battery-station-tb50\/#primaryimage\"},\"image\":{\"@id\":\"https:\/\/koningdrone.be\/product\/dji-inspire-2-battery-station-tb50\/#primaryimage\"},\"thumbnailUrl\":\"https:\/\/koningdrone.be\/wp-content\/uploads\/sites\/13\/2025\/04\/6958265154287-1.jpg\",\"datePublished\":\"2018-08-12T06:58:38+00:00\",\"dateModified\":\"2026-04-29T06:50:08+00:00\",\"breadcrumb\":{\"@id\":\"https:\/\/koningdrone.be\/product\/dji-inspire-2-battery-station-tb50\/#breadcrumb\"},\"inLanguage\":\"es\",\"potentialAction\":[{\"@type\":\"ReadAction\",\"target\":[\"https:\/\/koningdrone.be\/product\/dji-inspire-2-battery-station-tb50\/\"]}]},{\"@type\":\"ImageObject\",\"inLanguage\":\"es\",\"@id\":\"https:\/\/koningdrone.be\/product\/dji-inspire-2-battery-station-tb50\/#primaryimage\",\"url\":\"https:\/\/koningdrone.be\/wp-content\/uploads\/sites\/13\/2025\/04\/6958265154287-1.jpg\",\"contentUrl\":\"https:\/\/koningdrone.be\/wp-content\/uploads\/sites\/13\/2025\/04\/6958265154287-1.jpg\",\"width\":660,\"height\":660},{\"@type\":\"BreadcrumbList\",\"@id\":\"https:\/\/koningdrone.be\/product\/dji-inspire-2-battery-station-tb50\/#breadcrumb\",\"itemListElement\":[{\"@type\":\"ListItem\",\"position\":1,\"name\":\"Home\",\"item\":\"https:\/\/koningdrone.be\/\"},{\"@type\":\"ListItem\",\"position\":2,\"name\":\"AVSS Parachute Recovery System for DJI Matrice 300\/350\",\"item\":\"https:\/\/koningdrone.be\/product\/avss-parachute-recovery-system-for-dji-matrice-300-350\/\"},{\"@type\":\"ListItem\",\"position\":3,\"name\":\"Alle batterijen\",\"item\":\"https:\/\/koningdrone.be\/categorie\/alle-batterijen\/\"},{\"@type\":\"ListItem\",\"position\":4,\"name\":\"DJI Inspire 2 Battery Station TB50\"}]},{\"@type\":\"WebSite\",\"@id\":\"https:\/\/koningdrone.be\/#website\",\"url\":\"https:\/\/koningdrone.be\/\",\"name\":\"Koningdrone.be - Uw online specialist in drones, gimbals, camera's en power stations.\",\"description\":\"De webshop in drones en gimbals\",\"publisher\":{\"@id\":\"https:\/\/koningdrone.be\/#organization\"},\"potentialAction\":[{\"@type\":\"SearchAction\",\"target\":{\"@type\":\"EntryPoint\",\"urlTemplate\":\"https:\/\/koningdrone.be\/?s={search_term_string}\"},\"query-input\":{\"@type\":\"PropertyValueSpecification\",\"valueRequired\":true,\"valueName\":\"search_term_string\"}}],\"inLanguage\":\"es\"},{\"@type\":\"Organization\",\"@id\":\"https:\/\/koningdrone.be\/#organization\",\"name\":\"Koningdrone.be\",\"url\":\"https:\/\/koningdrone.be\/\",\"logo\":{\"@type\":\"ImageObject\",\"inLanguage\":\"es\",\"@id\":\"https:\/\/koningdrone.be\/#\/schema\/logo\/image\/\",\"url\":\"https:\/\/koningdrone.be\/wp-content\/uploads\/sites\/13\/2025\/04\/koningdrone-copyright-logo.svg\",\"contentUrl\":\"https:\/\/koningdrone.be\/wp-content\/uploads\/sites\/13\/2025\/04\/koningdrone-copyright-logo.svg\",\"width\":227,\"height\":38,\"caption\":\"Koningdrone.be\"},\"image\":{\"@id\":\"https:\/\/koningdrone.be\/#\/schema\/logo\/image\/\"}}]}<\/script>\n<!-- \/ Yoast SEO Premium plugin. -->","yoast_head_json":{"title":"DJI Inspire 2 Battery Station TB50 - koningdrone.be","robots":{"index":"index","follow":"follow","max-snippet":"max-snippet:-1","max-image-preview":"max-image-preview:large","max-video-preview":"max-video-preview:-1"},"canonical":"https:\/\/koningdrone.be\/es\/producto\/dji-inspire-2-battery-station-tb50\/","og_locale":"es_ES","og_type":"article","og_title":"DJI Inspire 2 Battery Station TB50","og_description":"Supergrote opslagruimte voor maximaal 12 TB50 intelligente batterijen, twee CrystalSky \/ Cendence intelligente batterijen en een CrystalSky \/ Cendence batterij laadhubLaad tot acht TB50-batterijen tegelijkertijd op. Op meerdere poorten kunt u ook de Inspire 2-afstandsbediening, CrystalSky \/ Cendence Intelligent Battery en een mobiel apparaat opladenBij het opladen van een TB50 Intelligent Battery geeft het LCD-scherm van het Battery Station de huidige firmwareversie weerSnelle, eenvoudige en intelligente ontlaadfunctie verbetert het batterijonderhoud voor opslag en reizenEen ingebouwde koelventilator zorgt ervoor dat elke batterij binnen een veilig bereik blijftBescherming tegen oververhittingWielen en een handgreep maken de DJI Battery Station handig om te reizen","og_url":"https:\/\/koningdrone.be\/es\/producto\/dji-inspire-2-battery-station-tb50\/","og_site_name":"koningdrone.be","article_modified_time":"2026-04-29T06:50:08+00:00","og_image":[{"width":660,"height":660,"url":"https:\/\/koningdrone.be\/wp-content\/uploads\/sites\/13\/2025\/04\/6958265154287-1.jpg","type":"image\/jpeg"}],"twitter_card":"summary_large_image","twitter_misc":{"Tiempo de lectura":"3 minutos"},"schema":{"@context":"https:\/\/schema.org","@graph":[{"@type":"WebPage","@id":"https:\/\/koningdrone.be\/product\/dji-inspire-2-battery-station-tb50\/","url":"https:\/\/koningdrone.be\/product\/dji-inspire-2-battery-station-tb50\/","name":"DJI Inspire 2 Battery Station TB50 - koningdrone.be","isPartOf":{"@id":"https:\/\/koningdrone.be\/#website"},"primaryImageOfPage":{"@id":"https:\/\/koningdrone.be\/product\/dji-inspire-2-battery-station-tb50\/#primaryimage"},"image":{"@id":"https:\/\/koningdrone.be\/product\/dji-inspire-2-battery-station-tb50\/#primaryimage"},"thumbnailUrl":"https:\/\/koningdrone.be\/wp-content\/uploads\/sites\/13\/2025\/04\/6958265154287-1.jpg","datePublished":"2018-08-12T06:58:38+00:00","dateModified":"2026-04-29T06:50:08+00:00","breadcrumb":{"@id":"https:\/\/koningdrone.be\/product\/dji-inspire-2-battery-station-tb50\/#breadcrumb"},"inLanguage":"es","potentialAction":[{"@type":"ReadAction","target":["https:\/\/koningdrone.be\/product\/dji-inspire-2-battery-station-tb50\/"]}]},{"@type":"ImageObject","inLanguage":"es","@id":"https:\/\/koningdrone.be\/product\/dji-inspire-2-battery-station-tb50\/#primaryimage","url":"https:\/\/koningdrone.be\/wp-content\/uploads\/sites\/13\/2025\/04\/6958265154287-1.jpg","contentUrl":"https:\/\/koningdrone.be\/wp-content\/uploads\/sites\/13\/2025\/04\/6958265154287-1.jpg","width":660,"height":660},{"@type":"BreadcrumbList","@id":"https:\/\/koningdrone.be\/product\/dji-inspire-2-battery-station-tb50\/#breadcrumb","itemListElement":[{"@type":"ListItem","position":1,"name":"Home","item":"https:\/\/koningdrone.be\/"},{"@type":"ListItem","position":2,"name":"AVSS Parachute Recovery System for DJI Matrice 300\/350","item":"https:\/\/koningdrone.be\/product\/avss-parachute-recovery-system-for-dji-matrice-300-350\/"},{"@type":"ListItem","position":3,"name":"Alle batterijen","item":"https:\/\/koningdrone.be\/categorie\/alle-batterijen\/"},{"@type":"ListItem","position":4,"name":"DJI Inspire 2 Battery Station TB50"}]},{"@type":"WebSite","@id":"https:\/\/koningdrone.be\/#website","url":"https:\/\/koningdrone.be\/","name":"Koningdrone.be - Su especialista en l\u00ednea en drones, cardanes, c\u00e1maras y centrales el\u00e9ctricas.","description":"La tienda virtual de drones y cardanes","publisher":{"@id":"https:\/\/koningdrone.be\/#organization"},"potentialAction":[{"@type":"SearchAction","target":{"@type":"EntryPoint","urlTemplate":"https:\/\/koningdrone.be\/?s={search_term_string}"},"query-input":{"@type":"PropertyValueSpecification","valueRequired":true,"valueName":"search_term_string"}}],"inLanguage":"es"},{"@type":"Organization","@id":"https:\/\/koningdrone.be\/#organization","name":"Kingdrone.es","url":"https:\/\/koningdrone.be\/","logo":{"@type":"ImageObject","inLanguage":"es","@id":"https:\/\/koningdrone.be\/#\/schema\/logo\/image\/","url":"https:\/\/koningdrone.be\/wp-content\/uploads\/sites\/13\/2025\/04\/koningdrone-copyright-logo.svg","contentUrl":"https:\/\/koningdrone.be\/wp-content\/uploads\/sites\/13\/2025\/04\/koningdrone-copyright-logo.svg","width":227,"height":38,"caption":"Koningdrone.be"},"image":{"@id":"https:\/\/koningdrone.be\/#\/schema\/logo\/image\/"}}]}},"df_price":"","df_sale_price":"","df_regular_price":"","df_image_link":"https:\/\/koningdrone.be\/wp-content\/uploads\/sites\/13\/2025\/04\/6958265154287-1-300x300.jpg","_links":{"self":[{"href":"https:\/\/koningdrone.be\/es\/wp-json\/wp\/v2\/product\/7628","targetHints":{"allow":["GET"]}}],"collection":[{"href":"https:\/\/koningdrone.be\/es\/wp-json\/wp\/v2\/product"}],"about":[{"href":"https:\/\/koningdrone.be\/es\/wp-json\/wp\/v2\/types\/product"}],"wp:featuredmedia":[{"embeddable":true,"href":"https:\/\/koningdrone.be\/es\/wp-json\/wp\/v2\/media\/7623"}],"wp:attachment":[{"href":"https:\/\/koningdrone.be\/es\/wp-json\/wp\/v2\/media?parent=7628"}],"wp:term":[{"taxonomy":"product_brand","embeddable":true,"href":"https:\/\/koningdrone.be\/es\/wp-json\/wp\/v2\/product_brand?post=7628"},{"taxonomy":"product_cat","embeddable":true,"href":"https:\/\/koningdrone.be\/es\/wp-json\/wp\/v2\/product_cat?post=7628"},{"taxonomy":"product_tag","embeddable":true,"href":"https:\/\/koningdrone.be\/es\/wp-json\/wp\/v2\/product_tag?post=7628"}],"curies":[{"name":"wp","href":"https:\/\/api.w.org\/{rel}","templated":true}]}}