{"id":7611,"date":"2018-10-10T06:42:44","date_gmt":"2018-10-10T04:42:44","guid":{"rendered":"https:\/\/koningdrone.nl\/kon\/product\/dji-mavic-2-flymore-kit\/"},"modified":"2026-04-29T07:20:15","modified_gmt":"2026-04-29T05:20:15","slug":"dji-mavic-2-flymore-kit","status":"publish","type":"product","link":"https:\/\/koningdrone.be\/es\/producto\/dji-mavic-2-flymore-kit\/","title":{"rendered":"Kit DJI Mavic 2 Flymore"},"content":{"rendered":"<h1>Kit DJI Mavic 2 Flymore<\/h1>\n<p>El kit Mavic 2 Fly More incluye 2 bater\u00edas Intelligent Flight, un cargador de coche para el Mavic 2, un concentrador de carga, un adaptador de bater\u00eda a banco de energ\u00eda, h\u00e9lices de bajo ruido y una bolsa de hombro para el Mavic 2, que te ofrece un apoyo integral mientras grabas.<\/p>\n<p><strong>Bater\u00edas de vuelo inteligentes<\/strong><\/p>\n<p>Ambas bater\u00edas de Vuelo Inteligente tienen una capacidad de hasta 59,29 Wh y cada una tiene un tiempo m\u00e1ximo de vuelo de 31 minutos. Con un Sistema de Gesti\u00f3n de Bater\u00eda Inteligente DJI integrado, el estado de la bater\u00eda se monitoriza y se informa en tiempo real, para que puedas centrarte menos en la energ\u00eda y m\u00e1s en un vuelo \u00e9pico.<\/p>\n<p><strong>Cargador de coche<\/strong><\/p>\n<p>El cargador de coche del Mavic 2 te permite cargar las bater\u00edas mientras conduces y tiene una potencia m\u00e1xima de salida de hasta 80 W y est\u00e1 equipado con tecnolog\u00eda de protecci\u00f3n contra baja tensi\u00f3n que garantiza que la carga no impida que tu coche arranque con normalidad.<\/p>\n<p><strong>Centro de carga<\/strong><\/p>\n<p>El Battery Charging Hub aumenta la eficiencia cargando las bater\u00edas en el orden correcto en funci\u00f3n de su nivel de energ\u00eda restante, con las bater\u00edas m\u00e1s cargadas recibiendo energ\u00eda en primer lugar. El dise\u00f1o plegable del Battery Charging Hub hace que sea f\u00e1cil llevarlo a cualquier parte. Incluso puede disfrutar de hasta cuatro puertos de carga cuando lo utilice con el cargador de coche o el cargador de bater\u00eda.<\/p>\n<p><strong>Powerbank para tel\u00e9fono m\u00f3vil<\/strong><\/p>\n<p>El adaptador de bater\u00eda a banco de energ\u00eda convierte las bater\u00edas de vuelo inteligentes en un banco de energ\u00eda de alta capacidad. Cada adaptador de bater\u00eda a power bank tiene dos puertos USB de tipo A, con una salida doble de 10 W, para que puedas cargar por completo un smartphone con solo 20% de bater\u00eda.<\/p>\n<p><strong>H\u00e9lices<\/strong><\/p>\n<p>El kit tambi\u00e9n incluye dos pares de h\u00e9lices silenciosas. Estas h\u00e9lices de \u00faltima generaci\u00f3n adoptan un dise\u00f1o aerodin\u00e1mico totalmente nuevo, lo que se traduce en un vuelo m\u00e1s silencioso, una mayor eficiencia y un mayor tiempo de vuelo.<\/p>\n<p><strong>Bandolera<\/strong><\/p>\n<p>Dise\u00f1ada espec\u00edficamente para el Mavic 2, la vers\u00e1til bolsa bandolera Mavic 2 tiene capacidad para una aeronave, un mando a distancia, cuatro bater\u00edas Intelligent Flight, un smartphone, h\u00e9lices adicionales, filtros ND, cables, tarjetas microSD y muchos otros accesorios.<\/p>","protected":false},"excerpt":{"rendered":"<ul>\n<li>Varias bater\u00edas Intelligent Flight para vuelos m\u00e1s largos<\/li>\n<li>Carga las pilas mientras conduces<\/li>\n<li>Convierte tus pilas en bancos de energ\u00eda<\/li>\n<li>H\u00e9lices silenciosas para un vuelo m\u00e1s tranquilo<\/li>\n<li>Una bandolera vers\u00e1til para llevarlo todo<\/li>\n<\/ul>","protected":false},"featured_media":7610,"template":"","meta":{"_acf_changed":false},"product_brand":[],"product_cat":[135,97,871],"product_tag":[],"class_list":{"0":"post-7611","1":"product","2":"type-product","3":"status-publish","4":"has-post-thumbnail","6":"product_cat-alle-drones","7":"product_cat-alle-producten","8":"product_cat-dji-mavic","9":"product_shipping_class-outofstock","10":"pa_brand-dji","11":"pa_productfamily-flymore-pakket","12":"pa_producttype-flymore-pakket","13":"pa_series-mavic-2-enterprise-dual","14":"pa_series-mavic-2-enterprise-zoom","15":"pa_series-mavic-2-pro","16":"pa_series-mavic-2-zoom","18":"first","19":"outofstock","20":"taxable","21":"shipping-taxable","22":"product-type-simple"},"acf":[],"yoast_head":"<!-- This site is optimized with the Yoast SEO Premium plugin v27.2 (Yoast SEO v27.2) - https:\/\/yoast.com\/product\/yoast-seo-premium-wordpress\/ -->\n<title>DJI Mavic 2 Flymore Kit - koningdrone.be<\/title>\n<meta name=\"robots\" content=\"index, follow, max-snippet:-1, max-image-preview:large, max-video-preview:-1\" \/>\n<link rel=\"canonical\" href=\"https:\/\/koningdrone.be\/es\/producto\/dji-mavic-2-flymore-kit\/\" \/>\n<meta property=\"og:locale\" content=\"es_ES\" \/>\n<meta property=\"og:type\" content=\"article\" \/>\n<meta property=\"og:title\" content=\"DJI Mavic 2 Flymore Kit\" \/>\n<meta property=\"og:description\" content=\"Meerdere Intelligent Flight-batterijen voor een langere vluchtLaad batterijen op tijdens het rijdenVerander uw batterijen in power banksStille propellers voor een stillere vluchtEen veelzijdige schoudertas om alles mee te dragen\" \/>\n<meta property=\"og:url\" content=\"https:\/\/koningdrone.be\/es\/producto\/dji-mavic-2-flymore-kit\/\" \/>\n<meta property=\"og:site_name\" content=\"koningdrone.be\" \/>\n<meta property=\"article:modified_time\" content=\"2026-04-29T05:20:15+00:00\" \/>\n<meta property=\"og:image\" content=\"https:\/\/koningdrone.be\/wp-content\/uploads\/sites\/13\/2025\/04\/6958265174605-1.jpg\" \/>\n\t<meta property=\"og:image:width\" content=\"653\" \/>\n\t<meta property=\"og:image:height\" content=\"660\" \/>\n\t<meta property=\"og:image:type\" content=\"image\/jpeg\" \/>\n<meta name=\"twitter:card\" content=\"summary_large_image\" \/>\n<meta name=\"twitter:label1\" content=\"Tiempo de lectura\" \/>\n\t<meta name=\"twitter:data1\" content=\"2 minutos\" \/>\n<script type=\"application\/ld+json\" class=\"yoast-schema-graph\">{\"@context\":\"https:\/\/schema.org\",\"@graph\":[{\"@type\":\"WebPage\",\"@id\":\"https:\/\/koningdrone.be\/product\/dji-mavic-2-flymore-kit\/\",\"url\":\"https:\/\/koningdrone.be\/product\/dji-mavic-2-flymore-kit\/\",\"name\":\"DJI Mavic 2 Flymore Kit - koningdrone.be\",\"isPartOf\":{\"@id\":\"https:\/\/koningdrone.be\/#website\"},\"primaryImageOfPage\":{\"@id\":\"https:\/\/koningdrone.be\/product\/dji-mavic-2-flymore-kit\/#primaryimage\"},\"image\":{\"@id\":\"https:\/\/koningdrone.be\/product\/dji-mavic-2-flymore-kit\/#primaryimage\"},\"thumbnailUrl\":\"https:\/\/koningdrone.be\/wp-content\/uploads\/sites\/13\/2025\/04\/6958265174605-1.jpg\",\"datePublished\":\"2018-10-10T04:42:44+00:00\",\"dateModified\":\"2026-04-29T05:20:15+00:00\",\"breadcrumb\":{\"@id\":\"https:\/\/koningdrone.be\/product\/dji-mavic-2-flymore-kit\/#breadcrumb\"},\"inLanguage\":\"es\",\"potentialAction\":[{\"@type\":\"ReadAction\",\"target\":[\"https:\/\/koningdrone.be\/product\/dji-mavic-2-flymore-kit\/\"]}]},{\"@type\":\"ImageObject\",\"inLanguage\":\"es\",\"@id\":\"https:\/\/koningdrone.be\/product\/dji-mavic-2-flymore-kit\/#primaryimage\",\"url\":\"https:\/\/koningdrone.be\/wp-content\/uploads\/sites\/13\/2025\/04\/6958265174605-1.jpg\",\"contentUrl\":\"https:\/\/koningdrone.be\/wp-content\/uploads\/sites\/13\/2025\/04\/6958265174605-1.jpg\",\"width\":653,\"height\":660},{\"@type\":\"BreadcrumbList\",\"@id\":\"https:\/\/koningdrone.be\/product\/dji-mavic-2-flymore-kit\/#breadcrumb\",\"itemListElement\":[{\"@type\":\"ListItem\",\"position\":1,\"name\":\"Home\",\"item\":\"https:\/\/koningdrone.be\/\"},{\"@type\":\"ListItem\",\"position\":2,\"name\":\"AVSS Parachute Recovery System for DJI Matrice 300\/350\",\"item\":\"https:\/\/koningdrone.be\/product\/avss-parachute-recovery-system-for-dji-matrice-300-350\/\"},{\"@type\":\"ListItem\",\"position\":3,\"name\":\"Alle drones\",\"item\":\"https:\/\/koningdrone.be\/categorie\/alle-drones\/\"},{\"@type\":\"ListItem\",\"position\":4,\"name\":\"DJI Mavic 2 Flymore Kit\"}]},{\"@type\":\"WebSite\",\"@id\":\"https:\/\/koningdrone.be\/#website\",\"url\":\"https:\/\/koningdrone.be\/\",\"name\":\"Koningdrone.be - Uw online specialist in drones, gimbals, camera's en power stations.\",\"description\":\"De webshop in drones en gimbals\",\"publisher\":{\"@id\":\"https:\/\/koningdrone.be\/#organization\"},\"potentialAction\":[{\"@type\":\"SearchAction\",\"target\":{\"@type\":\"EntryPoint\",\"urlTemplate\":\"https:\/\/koningdrone.be\/?s={search_term_string}\"},\"query-input\":{\"@type\":\"PropertyValueSpecification\",\"valueRequired\":true,\"valueName\":\"search_term_string\"}}],\"inLanguage\":\"es\"},{\"@type\":\"Organization\",\"@id\":\"https:\/\/koningdrone.be\/#organization\",\"name\":\"Koningdrone.be\",\"url\":\"https:\/\/koningdrone.be\/\",\"logo\":{\"@type\":\"ImageObject\",\"inLanguage\":\"es\",\"@id\":\"https:\/\/koningdrone.be\/#\/schema\/logo\/image\/\",\"url\":\"https:\/\/koningdrone.be\/wp-content\/uploads\/sites\/13\/2025\/04\/koningdrone-copyright-logo.svg\",\"contentUrl\":\"https:\/\/koningdrone.be\/wp-content\/uploads\/sites\/13\/2025\/04\/koningdrone-copyright-logo.svg\",\"width\":227,\"height\":38,\"caption\":\"Koningdrone.be\"},\"image\":{\"@id\":\"https:\/\/koningdrone.be\/#\/schema\/logo\/image\/\"}}]}<\/script>\n<!-- \/ Yoast SEO Premium plugin. -->","yoast_head_json":{"title":"DJI Mavic 2 Flymore Kit - koningdrone.be","robots":{"index":"index","follow":"follow","max-snippet":"max-snippet:-1","max-image-preview":"max-image-preview:large","max-video-preview":"max-video-preview:-1"},"canonical":"https:\/\/koningdrone.be\/es\/producto\/dji-mavic-2-flymore-kit\/","og_locale":"es_ES","og_type":"article","og_title":"DJI Mavic 2 Flymore Kit","og_description":"Meerdere Intelligent Flight-batterijen voor een langere vluchtLaad batterijen op tijdens het rijdenVerander uw batterijen in power banksStille propellers voor een stillere vluchtEen veelzijdige schoudertas om alles mee te dragen","og_url":"https:\/\/koningdrone.be\/es\/producto\/dji-mavic-2-flymore-kit\/","og_site_name":"koningdrone.be","article_modified_time":"2026-04-29T05:20:15+00:00","og_image":[{"width":653,"height":660,"url":"https:\/\/koningdrone.be\/wp-content\/uploads\/sites\/13\/2025\/04\/6958265174605-1.jpg","type":"image\/jpeg"}],"twitter_card":"summary_large_image","twitter_misc":{"Tiempo de lectura":"2 minutos"},"schema":{"@context":"https:\/\/schema.org","@graph":[{"@type":"WebPage","@id":"https:\/\/koningdrone.be\/product\/dji-mavic-2-flymore-kit\/","url":"https:\/\/koningdrone.be\/product\/dji-mavic-2-flymore-kit\/","name":"DJI Mavic 2 Flymore Kit - koningdrone.be","isPartOf":{"@id":"https:\/\/koningdrone.be\/#website"},"primaryImageOfPage":{"@id":"https:\/\/koningdrone.be\/product\/dji-mavic-2-flymore-kit\/#primaryimage"},"image":{"@id":"https:\/\/koningdrone.be\/product\/dji-mavic-2-flymore-kit\/#primaryimage"},"thumbnailUrl":"https:\/\/koningdrone.be\/wp-content\/uploads\/sites\/13\/2025\/04\/6958265174605-1.jpg","datePublished":"2018-10-10T04:42:44+00:00","dateModified":"2026-04-29T05:20:15+00:00","breadcrumb":{"@id":"https:\/\/koningdrone.be\/product\/dji-mavic-2-flymore-kit\/#breadcrumb"},"inLanguage":"es","potentialAction":[{"@type":"ReadAction","target":["https:\/\/koningdrone.be\/product\/dji-mavic-2-flymore-kit\/"]}]},{"@type":"ImageObject","inLanguage":"es","@id":"https:\/\/koningdrone.be\/product\/dji-mavic-2-flymore-kit\/#primaryimage","url":"https:\/\/koningdrone.be\/wp-content\/uploads\/sites\/13\/2025\/04\/6958265174605-1.jpg","contentUrl":"https:\/\/koningdrone.be\/wp-content\/uploads\/sites\/13\/2025\/04\/6958265174605-1.jpg","width":653,"height":660},{"@type":"BreadcrumbList","@id":"https:\/\/koningdrone.be\/product\/dji-mavic-2-flymore-kit\/#breadcrumb","itemListElement":[{"@type":"ListItem","position":1,"name":"Home","item":"https:\/\/koningdrone.be\/"},{"@type":"ListItem","position":2,"name":"AVSS Parachute Recovery System for DJI Matrice 300\/350","item":"https:\/\/koningdrone.be\/product\/avss-parachute-recovery-system-for-dji-matrice-300-350\/"},{"@type":"ListItem","position":3,"name":"Alle drones","item":"https:\/\/koningdrone.be\/categorie\/alle-drones\/"},{"@type":"ListItem","position":4,"name":"DJI Mavic 2 Flymore Kit"}]},{"@type":"WebSite","@id":"https:\/\/koningdrone.be\/#website","url":"https:\/\/koningdrone.be\/","name":"Koningdrone.be - Su especialista en l\u00ednea en drones, cardanes, c\u00e1maras y centrales el\u00e9ctricas.","description":"La tienda virtual de drones y cardanes","publisher":{"@id":"https:\/\/koningdrone.be\/#organization"},"potentialAction":[{"@type":"SearchAction","target":{"@type":"EntryPoint","urlTemplate":"https:\/\/koningdrone.be\/?s={search_term_string}"},"query-input":{"@type":"PropertyValueSpecification","valueRequired":true,"valueName":"search_term_string"}}],"inLanguage":"es"},{"@type":"Organization","@id":"https:\/\/koningdrone.be\/#organization","name":"Kingdrone.es","url":"https:\/\/koningdrone.be\/","logo":{"@type":"ImageObject","inLanguage":"es","@id":"https:\/\/koningdrone.be\/#\/schema\/logo\/image\/","url":"https:\/\/koningdrone.be\/wp-content\/uploads\/sites\/13\/2025\/04\/koningdrone-copyright-logo.svg","contentUrl":"https:\/\/koningdrone.be\/wp-content\/uploads\/sites\/13\/2025\/04\/koningdrone-copyright-logo.svg","width":227,"height":38,"caption":"Koningdrone.be"},"image":{"@id":"https:\/\/koningdrone.be\/#\/schema\/logo\/image\/"}}]}},"df_price":"","df_sale_price":"","df_regular_price":"","df_image_link":"https:\/\/koningdrone.be\/wp-content\/uploads\/sites\/13\/2025\/04\/6958265174605-1-297x300.jpg","_links":{"self":[{"href":"https:\/\/koningdrone.be\/es\/wp-json\/wp\/v2\/product\/7611","targetHints":{"allow":["GET"]}}],"collection":[{"href":"https:\/\/koningdrone.be\/es\/wp-json\/wp\/v2\/product"}],"about":[{"href":"https:\/\/koningdrone.be\/es\/wp-json\/wp\/v2\/types\/product"}],"wp:featuredmedia":[{"embeddable":true,"href":"https:\/\/koningdrone.be\/es\/wp-json\/wp\/v2\/media\/7610"}],"wp:attachment":[{"href":"https:\/\/koningdrone.be\/es\/wp-json\/wp\/v2\/media?parent=7611"}],"wp:term":[{"taxonomy":"product_brand","embeddable":true,"href":"https:\/\/koningdrone.be\/es\/wp-json\/wp\/v2\/product_brand?post=7611"},{"taxonomy":"product_cat","embeddable":true,"href":"https:\/\/koningdrone.be\/es\/wp-json\/wp\/v2\/product_cat?post=7611"},{"taxonomy":"product_tag","embeddable":true,"href":"https:\/\/koningdrone.be\/es\/wp-json\/wp\/v2\/product_tag?post=7611"}],"curies":[{"name":"wp","href":"https:\/\/api.w.org\/{rel}","templated":true}]}}