{"id":7579,"date":"2019-06-18T21:40:23","date_gmt":"2019-06-18T19:40:23","guid":{"rendered":"https:\/\/koningdrone.nl\/kon\/product\/dji-ronin-s\/"},"modified":"2026-04-29T10:20:44","modified_gmt":"2026-04-29T08:20:44","slug":"dji-ronin-s","status":"publish","type":"product","link":"https:\/\/koningdrone.be\/es\/producto\/dji-ronin-s\/","title":{"rendered":"DJI Ronin-S"},"content":{"rendered":"<h1>DJI Ronin-S<\/h1>\n<p>Con el DJI Ronin-S, puedes grabar f\u00e1cilmente secuencias estables mientras est\u00e1s en movimiento. Captura un evento, un viaje o un partido deportivo, por ejemplo. Utiliza el estabilizador con una c\u00e1mara r\u00e9flex o de sistema. El potente motor estabiliza tus im\u00e1genes cuando el card\u00e1n est\u00e1 sujeto a un objeto en movimiento. Estabiliza hasta una velocidad de 75 kil\u00f3metros por hora. Al girar la rueda de enfoque, enfocar\u00e1 con precisi\u00f3n el sujeto. Con una pulsaci\u00f3n del bot\u00f3n, cambias entre diferentes modos. Por ejemplo, utiliza el modo Sport para captar con nitidez sujetos en r\u00e1pido movimiento. Puedes conectar varios accesorios al estabilizador, por lo que tambi\u00e9n es adecuado para la industria cinematogr\u00e1fica profesional. Piensa en un mando a distancia o un micr\u00f3fono externo.<\/p>\n<p><strong>Comodidad y sencillez<\/strong><br \/>Fotografiar sobre la marcha utilizando c\u00e1maras con o sin espejo siempre ha sido una tarea dif\u00edcil. La aparici\u00f3n en el mercado de una nueva generaci\u00f3n de estabilizadores de mano Ronin-S es una gran oportunidad para que muchos aficionados y profesionales hagan realidad sus ideas creativas de la forma m\u00e1s c\u00f3moda.<\/p>\n<p><strong>Sistema de estabilizaci\u00f3n<\/strong><br \/>La tecnolog\u00eda de estabilizaci\u00f3n integrada en el Ronin-S es compatible con tecnolog\u00edas de c\u00e1maras y objetivos similares. Este enfoque garantiza mejores resultados de disparo y funciona perfectamente con c\u00e1maras con un objetivo de zoom alto y un anillo de zoom exterior.<\/p>\n<p><strong>Modo de empuje<\/strong><br \/>Simplemente enciende el Ronin-S y prep\u00e1ralo para disparar para poner los ejes de rotaci\u00f3n o inclinaci\u00f3n en modo Push. Este sencillo procedimiento. Adem\u00e1s, puede utilizar bloqueos especiales del eje para acelerar la preparaci\u00f3n del dispositivo para el rodaje.<\/p>\n<p><b>Cambio r\u00e1pido de pilas<\/b><br \/>Una bater\u00eda intercambiable en caliente ahorra mucho tiempo mientras disparas, especialmente si necesitas utilizar la c\u00e1mara durante mucho tiempo. El Suspension Ronin-S simplemente tiene la funci\u00f3n de sustituci\u00f3n r\u00e1pida de la bater\u00eda sin apagar el dispositivo. Es muy f\u00e1cil, c\u00f3modo y completamente seguro instalar una bater\u00eda nueva.<\/p>","protected":false},"excerpt":{"rendered":"<ul>\n<li>Estabilizador para c\u00e1maras r\u00e9flex y sin espejo<\/li>\n<li>Dise\u00f1o moderno y c\u00f3modo<\/li>\n<li>Acceso permanente a la pantalla de la c\u00e1mara gracias al exclusivo accionamiento<\/li>\n<li>Manejo sencillo con una sola mano<\/li>\n<li>Posibilidad de conectar dispositivos adicionales<\/li>\n<\/ul>","protected":false},"featured_media":7576,"template":"","meta":{"_acf_changed":false},"product_brand":[],"product_cat":[315,410,97,265,579],"product_tag":[],"class_list":{"0":"post-7579","1":"product","2":"type-product","3":"status-publish","4":"has-post-thumbnail","6":"product_cat-alle-gimbals-en-cameras","7":"product_cat-alle-handheld-gimbals","8":"product_cat-alle-producten","9":"product_cat-dji-ronin","10":"product_cat-dji-ronin-s","11":"product_shipping_class-outofstock","12":"pa_brand-dji","13":"pa_productfamily-gimbal","14":"pa_producttype-gimbal","15":"pa_series-ronin-s","17":"first","18":"outofstock","19":"taxable","20":"shipping-taxable","21":"product-type-simple"},"acf":[],"yoast_head":"<!-- This site is optimized with the Yoast SEO Premium plugin v27.2 (Yoast SEO v27.2) - https:\/\/yoast.com\/product\/yoast-seo-premium-wordpress\/ -->\n<title>DJI Ronin-S - koningdrone.be<\/title>\n<meta name=\"robots\" content=\"index, follow, max-snippet:-1, max-image-preview:large, max-video-preview:-1\" \/>\n<link rel=\"canonical\" href=\"https:\/\/koningdrone.be\/es\/producto\/dji-ronin-s\/\" \/>\n<meta property=\"og:locale\" content=\"es_ES\" \/>\n<meta property=\"og:type\" content=\"article\" \/>\n<meta property=\"og:title\" content=\"DJI Ronin-S\" \/>\n<meta property=\"og:description\" content=\"Stabilisator voor spiegelreflexcamera&#039;s en spiegelloze camera&#039;sModern ontwerp en comfortabel ontwerpPermanente toegang tot het camerascherm dankzij de unieke driveEenvoudige bediening met \u00e9\u00e9n handMogelijkheid om extra apparaten aan te sluiten\" \/>\n<meta property=\"og:url\" content=\"https:\/\/koningdrone.be\/es\/producto\/dji-ronin-s\/\" \/>\n<meta property=\"og:site_name\" content=\"koningdrone.be\" \/>\n<meta property=\"article:modified_time\" content=\"2026-04-29T08:20:44+00:00\" \/>\n<meta property=\"og:image\" content=\"https:\/\/koningdrone.be\/wp-content\/uploads\/sites\/13\/2025\/04\/6958265171338-1.jpg\" \/>\n\t<meta property=\"og:image:width\" content=\"600\" \/>\n\t<meta property=\"og:image:height\" content=\"600\" \/>\n\t<meta property=\"og:image:type\" content=\"image\/jpeg\" \/>\n<meta name=\"twitter:card\" content=\"summary_large_image\" \/>\n<meta name=\"twitter:label1\" content=\"Tiempo de lectura\" \/>\n\t<meta name=\"twitter:data1\" content=\"2 minutos\" \/>\n<script type=\"application\/ld+json\" class=\"yoast-schema-graph\">{\"@context\":\"https:\/\/schema.org\",\"@graph\":[{\"@type\":\"WebPage\",\"@id\":\"https:\/\/koningdrone.be\/product\/dji-ronin-s\/\",\"url\":\"https:\/\/koningdrone.be\/product\/dji-ronin-s\/\",\"name\":\"DJI Ronin-S - koningdrone.be\",\"isPartOf\":{\"@id\":\"https:\/\/koningdrone.be\/#website\"},\"primaryImageOfPage\":{\"@id\":\"https:\/\/koningdrone.be\/product\/dji-ronin-s\/#primaryimage\"},\"image\":{\"@id\":\"https:\/\/koningdrone.be\/product\/dji-ronin-s\/#primaryimage\"},\"thumbnailUrl\":\"https:\/\/koningdrone.be\/wp-content\/uploads\/sites\/13\/2025\/04\/6958265171338-1.jpg\",\"datePublished\":\"2019-06-18T19:40:23+00:00\",\"dateModified\":\"2026-04-29T08:20:44+00:00\",\"breadcrumb\":{\"@id\":\"https:\/\/koningdrone.be\/product\/dji-ronin-s\/#breadcrumb\"},\"inLanguage\":\"es\",\"potentialAction\":[{\"@type\":\"ReadAction\",\"target\":[\"https:\/\/koningdrone.be\/product\/dji-ronin-s\/\"]}]},{\"@type\":\"ImageObject\",\"inLanguage\":\"es\",\"@id\":\"https:\/\/koningdrone.be\/product\/dji-ronin-s\/#primaryimage\",\"url\":\"https:\/\/koningdrone.be\/wp-content\/uploads\/sites\/13\/2025\/04\/6958265171338-1.jpg\",\"contentUrl\":\"https:\/\/koningdrone.be\/wp-content\/uploads\/sites\/13\/2025\/04\/6958265171338-1.jpg\",\"width\":600,\"height\":600},{\"@type\":\"BreadcrumbList\",\"@id\":\"https:\/\/koningdrone.be\/product\/dji-ronin-s\/#breadcrumb\",\"itemListElement\":[{\"@type\":\"ListItem\",\"position\":1,\"name\":\"Home\",\"item\":\"https:\/\/koningdrone.be\/\"},{\"@type\":\"ListItem\",\"position\":2,\"name\":\"AVSS Parachute Recovery System for DJI Matrice 300\/350\",\"item\":\"https:\/\/koningdrone.be\/product\/avss-parachute-recovery-system-for-dji-matrice-300-350\/\"},{\"@type\":\"ListItem\",\"position\":3,\"name\":\"Alle gimbals en cameras\",\"item\":\"https:\/\/koningdrone.be\/categorie\/alle-gimbals-en-cameras\/\"},{\"@type\":\"ListItem\",\"position\":4,\"name\":\"DJI Ronin-S\"}]},{\"@type\":\"WebSite\",\"@id\":\"https:\/\/koningdrone.be\/#website\",\"url\":\"https:\/\/koningdrone.be\/\",\"name\":\"Koningdrone.be - Uw online specialist in drones, gimbals, camera's en power stations.\",\"description\":\"De webshop in drones en gimbals\",\"publisher\":{\"@id\":\"https:\/\/koningdrone.be\/#organization\"},\"potentialAction\":[{\"@type\":\"SearchAction\",\"target\":{\"@type\":\"EntryPoint\",\"urlTemplate\":\"https:\/\/koningdrone.be\/?s={search_term_string}\"},\"query-input\":{\"@type\":\"PropertyValueSpecification\",\"valueRequired\":true,\"valueName\":\"search_term_string\"}}],\"inLanguage\":\"es\"},{\"@type\":\"Organization\",\"@id\":\"https:\/\/koningdrone.be\/#organization\",\"name\":\"Koningdrone.be\",\"url\":\"https:\/\/koningdrone.be\/\",\"logo\":{\"@type\":\"ImageObject\",\"inLanguage\":\"es\",\"@id\":\"https:\/\/koningdrone.be\/#\/schema\/logo\/image\/\",\"url\":\"https:\/\/koningdrone.be\/wp-content\/uploads\/sites\/13\/2025\/04\/koningdrone-copyright-logo.svg\",\"contentUrl\":\"https:\/\/koningdrone.be\/wp-content\/uploads\/sites\/13\/2025\/04\/koningdrone-copyright-logo.svg\",\"width\":227,\"height\":38,\"caption\":\"Koningdrone.be\"},\"image\":{\"@id\":\"https:\/\/koningdrone.be\/#\/schema\/logo\/image\/\"}}]}<\/script>\n<!-- \/ Yoast SEO Premium plugin. -->","yoast_head_json":{"title":"DJI Ronin-S - koningdrone.be","robots":{"index":"index","follow":"follow","max-snippet":"max-snippet:-1","max-image-preview":"max-image-preview:large","max-video-preview":"max-video-preview:-1"},"canonical":"https:\/\/koningdrone.be\/es\/producto\/dji-ronin-s\/","og_locale":"es_ES","og_type":"article","og_title":"DJI Ronin-S","og_description":"Stabilisator voor spiegelreflexcamera's en spiegelloze camera'sModern ontwerp en comfortabel ontwerpPermanente toegang tot het camerascherm dankzij de unieke driveEenvoudige bediening met \u00e9\u00e9n handMogelijkheid om extra apparaten aan te sluiten","og_url":"https:\/\/koningdrone.be\/es\/producto\/dji-ronin-s\/","og_site_name":"koningdrone.be","article_modified_time":"2026-04-29T08:20:44+00:00","og_image":[{"width":600,"height":600,"url":"https:\/\/koningdrone.be\/wp-content\/uploads\/sites\/13\/2025\/04\/6958265171338-1.jpg","type":"image\/jpeg"}],"twitter_card":"summary_large_image","twitter_misc":{"Tiempo de lectura":"2 minutos"},"schema":{"@context":"https:\/\/schema.org","@graph":[{"@type":"WebPage","@id":"https:\/\/koningdrone.be\/product\/dji-ronin-s\/","url":"https:\/\/koningdrone.be\/product\/dji-ronin-s\/","name":"DJI Ronin-S - koningdrone.be","isPartOf":{"@id":"https:\/\/koningdrone.be\/#website"},"primaryImageOfPage":{"@id":"https:\/\/koningdrone.be\/product\/dji-ronin-s\/#primaryimage"},"image":{"@id":"https:\/\/koningdrone.be\/product\/dji-ronin-s\/#primaryimage"},"thumbnailUrl":"https:\/\/koningdrone.be\/wp-content\/uploads\/sites\/13\/2025\/04\/6958265171338-1.jpg","datePublished":"2019-06-18T19:40:23+00:00","dateModified":"2026-04-29T08:20:44+00:00","breadcrumb":{"@id":"https:\/\/koningdrone.be\/product\/dji-ronin-s\/#breadcrumb"},"inLanguage":"es","potentialAction":[{"@type":"ReadAction","target":["https:\/\/koningdrone.be\/product\/dji-ronin-s\/"]}]},{"@type":"ImageObject","inLanguage":"es","@id":"https:\/\/koningdrone.be\/product\/dji-ronin-s\/#primaryimage","url":"https:\/\/koningdrone.be\/wp-content\/uploads\/sites\/13\/2025\/04\/6958265171338-1.jpg","contentUrl":"https:\/\/koningdrone.be\/wp-content\/uploads\/sites\/13\/2025\/04\/6958265171338-1.jpg","width":600,"height":600},{"@type":"BreadcrumbList","@id":"https:\/\/koningdrone.be\/product\/dji-ronin-s\/#breadcrumb","itemListElement":[{"@type":"ListItem","position":1,"name":"Home","item":"https:\/\/koningdrone.be\/"},{"@type":"ListItem","position":2,"name":"AVSS Parachute Recovery System for DJI Matrice 300\/350","item":"https:\/\/koningdrone.be\/product\/avss-parachute-recovery-system-for-dji-matrice-300-350\/"},{"@type":"ListItem","position":3,"name":"Alle gimbals en cameras","item":"https:\/\/koningdrone.be\/categorie\/alle-gimbals-en-cameras\/"},{"@type":"ListItem","position":4,"name":"DJI Ronin-S"}]},{"@type":"WebSite","@id":"https:\/\/koningdrone.be\/#website","url":"https:\/\/koningdrone.be\/","name":"Koningdrone.be - Su especialista en l\u00ednea en drones, cardanes, c\u00e1maras y centrales el\u00e9ctricas.","description":"La tienda virtual de drones y cardanes","publisher":{"@id":"https:\/\/koningdrone.be\/#organization"},"potentialAction":[{"@type":"SearchAction","target":{"@type":"EntryPoint","urlTemplate":"https:\/\/koningdrone.be\/?s={search_term_string}"},"query-input":{"@type":"PropertyValueSpecification","valueRequired":true,"valueName":"search_term_string"}}],"inLanguage":"es"},{"@type":"Organization","@id":"https:\/\/koningdrone.be\/#organization","name":"Kingdrone.es","url":"https:\/\/koningdrone.be\/","logo":{"@type":"ImageObject","inLanguage":"es","@id":"https:\/\/koningdrone.be\/#\/schema\/logo\/image\/","url":"https:\/\/koningdrone.be\/wp-content\/uploads\/sites\/13\/2025\/04\/koningdrone-copyright-logo.svg","contentUrl":"https:\/\/koningdrone.be\/wp-content\/uploads\/sites\/13\/2025\/04\/koningdrone-copyright-logo.svg","width":227,"height":38,"caption":"Koningdrone.be"},"image":{"@id":"https:\/\/koningdrone.be\/#\/schema\/logo\/image\/"}}]}},"df_price":"","df_sale_price":"","df_regular_price":"","df_image_link":"https:\/\/koningdrone.be\/wp-content\/uploads\/sites\/13\/2025\/04\/6958265171338-1-300x300.jpg","_links":{"self":[{"href":"https:\/\/koningdrone.be\/es\/wp-json\/wp\/v2\/product\/7579","targetHints":{"allow":["GET"]}}],"collection":[{"href":"https:\/\/koningdrone.be\/es\/wp-json\/wp\/v2\/product"}],"about":[{"href":"https:\/\/koningdrone.be\/es\/wp-json\/wp\/v2\/types\/product"}],"wp:featuredmedia":[{"embeddable":true,"href":"https:\/\/koningdrone.be\/es\/wp-json\/wp\/v2\/media\/7576"}],"wp:attachment":[{"href":"https:\/\/koningdrone.be\/es\/wp-json\/wp\/v2\/media?parent=7579"}],"wp:term":[{"taxonomy":"product_brand","embeddable":true,"href":"https:\/\/koningdrone.be\/es\/wp-json\/wp\/v2\/product_brand?post=7579"},{"taxonomy":"product_cat","embeddable":true,"href":"https:\/\/koningdrone.be\/es\/wp-json\/wp\/v2\/product_cat?post=7579"},{"taxonomy":"product_tag","embeddable":true,"href":"https:\/\/koningdrone.be\/es\/wp-json\/wp\/v2\/product_tag?post=7579"}],"curies":[{"name":"wp","href":"https:\/\/api.w.org\/{rel}","templated":true}]}}