{"id":7538,"date":"2019-07-20T01:30:13","date_gmt":"2019-07-19T23:30:13","guid":{"rendered":"https:\/\/koningdrone.nl\/kon\/product\/dji-ronin-sc\/"},"modified":"2026-04-29T13:10:30","modified_gmt":"2026-04-29T11:10:30","slug":"dji-ronin-sc","status":"publish","type":"product","link":"https:\/\/koningdrone.be\/es\/producto\/dji-ronin-sc\/","title":{"rendered":"DJI Ronin-SC"},"content":{"rendered":"<p>[embedyt] https:\/\/www.youtube.com\/watch?v=YClxvIailKw[\/embedyt]<\/p>\n<p><span style=\"font-size: 14pt\">De Ronin-S Compact (SC) een enkel-handed drieassige cardanische ontworpen voor populaire spiegelloze camera.<\/span><\/p>\n<p><span style=\"font-size: 14pt\">De Ronin-SC biedt een zeer compact design, hoogwaardige materialen en geavanceerde technologie in de wereld van creatieve mogelijkheden openen voor de gebruikers het vastleggen van video&#8217;s en foto&#8217;s.<\/span><\/p>\n<p><span style=\"font-size: 14pt\">Het biedt dezelfde functies als Ronin-S, maar met een aantal opwindende nieuwe toevoegingen, waaronder Force Mobile en ActiveTrack 3.0, en is ook bijna de helft van het gewicht van de Ronin-S.<\/span><\/p>\n<p><span style=\"font-size: 14pt\">De Ronin-SC Standaard pakket omvat de belangrijkste gimbal en een aantal essenti\u00eble om u up and running. Een Pro Combo editie is ook beschikbaar, die duurder is, maar omvat meer accessoires, zoals de focus wiel samen met de externe focus motor en de Remote Start Stop (RSS) Splitter.<\/span><\/p>\n<p><span style=\"font-size: 18pt\">Belangrijkste kenmerken<\/span><\/p>\n<p><span style=\"font-size: 14pt\">De Ronin-Sc is gemaakt om draagbaar en reisvriendelijk gewicht van 1,1 kg worden &#8211; 41% lichter dan de Ronin-S &#8211; en kan worden gedemonteerd om gemakkelijk in rugzakken en cases.<\/span><\/p>\n<p><span style=\"font-size: 14pt\">Het gebruik van hoogwaardige materialen zoals magnesium, staal, aluminium en kunststof composiet, wordt duurzame constructie de Ronin-SC&#8217;s gebouwd om lang mee en verduren dagelijks gebruik.\u00a0De krachtige high-grade motoren zijn in staat de ondersteuning tot 2 kg en haar toegewijde batterij biedt de gebruikers tot 11 uur van de exploitatie.<\/span><\/p>\n<p><span style=\"font-size: 14pt\">Het nemen van feedback van de Ronin-S, de Ronin-SC biedt nieuwe ontwerp functies, waaronder drie-assige sloten op de pan, tilt en roll as waardoor het balanceren van de camera vereenvoudigd en helpt tijdens het transport.<\/span><\/p>\n<p><span style=\"font-size: 14pt\">Daarnaast is de Ronin-SC is voorzien van een nieuwe positie lock-systeem.\u00a0Zodra de gimbal is evenwichtig, de tijd die nodig is om de camera opnieuw te monteren en te beginnen met werken is enkele seconden, bespaart kostbare tijd tijdens shoots.<\/span><\/p>\n<p><span style=\"font-size: 14pt\">Met behulp van de vernieuwde Ronin app kunnen gebruikers maximaal drie verschillende aangepaste profielen, passen diverse instellingen, zoals motorvermogen en lopen zelfs balans tests om ervoor te zorgen dat de camera systeem goed is setup.<\/span><\/p>\n<p><span style=\"font-size: 14pt\">De populaire 360-graden roll beweging kan in een van de aangepaste profielen worden bespaard door het gewoon te selecteren in de app en het is tijd voor snelle sc\u00e8nes, Sport-modus, die de reactiesnelheid van de gimbal toeneemt, is gemakkelijk bereikbaar met het vasthouden van de Mode ( M) knop.<\/span><\/p>\n<p><span style=\"font-size: 18pt\">Stand-out Modes<\/span><\/p>\n<p><span style=\"font-size: 14pt\">De Ronin-SC biedt dezelfde functies als Ronin-S, maar met een aantal spannende nieuwe toevoegingen.\u00a0Belangrijkste kenmerken en modi zijn:<\/span><\/p>\n<ul> <\/p>\n<li><span style=\"font-size: 14pt\"><br \/><strong>New Force Mobile 1:<\/strong>De nieuwe Force Mobile, vergelijkbaar met Force Pro, gunstig synchroniseert de beweging van je aangesloten mobiele apparaat met de Ronin-SC gimbal, het aanbieden van een meeslepende film-ervaring.\u00a0Gebruikers kunnen nu werken gimbal bewegingen op een maximale afstand van 24,9 meter met behulp van de nieuwe Bluetooth 5.0 verbinding.\u00a0Op dit moment, zal Force Mobile functionaliteit alleen met iOS-apparaten.<\/span><\/li>\n<p> <\/p>\n<li><span style=\"font-size: 14pt\"><br \/><strong>New ActiveTrack 3.0:<\/strong>Met behulp van een mobiel apparaat, kan Ronin-SC gebruikers een onderwerp voor het gimbal om nauwkeurig te volgen selecteren.\u00a0De nieuwe algoritmes diep leren en geoptimaliseerd berekeningen voor menselijke figuren.\u00a0Vergelijkbaar met de technologie in sommige DJI drones en de Osmo Series, ActiveTrack 3.0 maakt gebruik van de mobiele telefoon van de camera bekijken en stuurt deze informatie naar de Ronin-SC.\u00a0Gebruikers kunnen de mobiele telefoon bevestigen aan de bovenkant van flitsschoen van de camera met de meegeleverde telefoon houder te monteren, de Ronin app te openen en selecteer het onderwerp automatisch volgen.<\/span><\/li>\n<p> <\/p>\n<li><span style=\"font-size: 14pt\"><br \/><strong>Virtual Joystick:<\/strong>Controle cardanische beweging op afstand met behulp van de virtuele joystick, ideaal voor als Ronin-SC is op een statief of monopod.<\/span><\/li>\n<p> <\/p>\n<li><span style=\"font-size: 14pt\"><br \/><strong>TimeLapse:<\/strong>Maak boeiende TimeLapse inhoud, het aanpassen van instellingen, inclusief interval, clips en frames per seconde.<\/span><\/li>\n<p> <\/p>\n<li><span style=\"font-size: 14pt\"><br \/><strong>Motionlapse:<\/strong>Voeg het element van beweging naar uw TimeLapse.<\/span><\/li>\n<p> <\/p>\n<li><span style=\"font-size: 14pt\"><br \/><strong>Motion Control:<\/strong>Reeks unieke bewegingsbanen Motion Control van maximaal selecteren 10 verschillende punten.<\/span><\/li>\n<p> <\/p>\n<li><span style=\"font-size: 14pt\"><br \/><strong>Panorama:<\/strong>Automatische registratie van panorama&#8217;s in meerdere rijen of kolommen.<\/span><\/li>\n<p><\/ul>\n<p><span style=\"font-size: 18pt\">verenigbaarheid<\/span><\/p>\n<p><span style=\"font-size: 14pt\">De Ronin-SC is compatibel met de volgende camera&#8217;s:<\/span><\/p>\n<ul> <\/p>\n<li><span style=\"font-size: 14pt\"><br \/><strong>Sony:\u00a0\u00a0<\/strong>A7 Series,\u00a0\u00a0A9,\u00a0\u00a0A6500,\u00a0\u00a0A6400,\u00a0\u00a0a6300,\u00a0\u00a0RX100.<\/span><\/li>\n<p> <\/p>\n<li><span style=\"font-size: 14pt\"><br \/><strong>Nikon:<\/strong>Z6, Z7.<\/span><\/li>\n<p> <\/p>\n<li><span style=\"font-size: 14pt\"><br \/><strong>Canon:<\/strong>EOS R, M50.<\/span><\/li>\n<p> <\/p>\n<li><span style=\"font-size: 14pt\"><br \/><strong>Panasonic:<\/strong>GH5, GH5S, G9.<\/span><\/li>\n<p> <\/p>\n<li><span style=\"font-size: 14pt\"><br \/><strong>Fujifilm:<\/strong>X-T2, X-T3.<\/span><\/li>\n<p><\/ul>\n","protected":false},"excerpt":{"rendered":"<p><span style=\"font-size: 14pt\">Con un dise\u00f1o ligero y una estabilizaci\u00f3n superior, el Ronin-SC es un estabilizador de 3 ejes para c\u00e1maras sin espejo, que permite a los usuarios capturar f\u00e1cilmente metraje profesional.<\/span><\/p>\n<p>&nbsp;<\/p>\n<p><span style=\"font-size: 14pt\">Caracter\u00edsticas principales<\/span><\/p>\n<ul>\n<li><span style=\"font-size: 14pt\">Estabilizador card\u00e1nico motorizado de tres ejes<\/span><\/li>\n<li><span style=\"font-size: 14pt\">Dise\u00f1ado para c\u00e1maras sin espejo<\/span><\/li>\n<li><span style=\"font-size: 14pt\">Funcionamiento con una sola mano, m\u00e1x. 4,4 lb. Carga<\/span><\/li>\n<li><span style=\"font-size: 14pt\">Forzar el control del smartphone m\u00f3vil<\/span><\/li>\n<\/ul>","protected":false},"featured_media":7534,"template":"","meta":{"_acf_changed":false},"product_brand":[],"product_cat":[315,410,97,265,1279],"product_tag":[],"class_list":{"0":"post-7538","1":"product","2":"type-product","3":"status-publish","4":"has-post-thumbnail","6":"product_cat-alle-gimbals-en-cameras","7":"product_cat-alle-handheld-gimbals","8":"product_cat-alle-producten","9":"product_cat-dji-ronin","10":"product_cat-dji-ronin-sc","11":"product_shipping_class-outofstock","12":"pa_brand-dji","13":"pa_productfamily-gimbal","14":"pa_producttype-gimbal","15":"pa_series-ronin-sc","17":"first","18":"outofstock","19":"taxable","20":"shipping-taxable","21":"product-type-simple"},"acf":[],"yoast_head":"<!-- This site is optimized with the Yoast SEO Premium plugin v27.2 (Yoast SEO v27.2) - https:\/\/yoast.com\/product\/yoast-seo-premium-wordpress\/ -->\n<title>DJI Ronin-SC - koningdrone.be<\/title>\n<meta name=\"robots\" content=\"index, follow, max-snippet:-1, max-image-preview:large, max-video-preview:-1\" \/>\n<link rel=\"canonical\" href=\"https:\/\/koningdrone.be\/es\/producto\/dji-ronin-sc\/\" \/>\n<meta property=\"og:locale\" content=\"es_ES\" \/>\n<meta property=\"og:type\" content=\"article\" \/>\n<meta property=\"og:title\" content=\"DJI Ronin-SC\" \/>\n<meta property=\"og:description\" content=\"Met een lichtgewicht ontwerp en superieure stabilisatie is Ronin-SC een 3-assige stabilisator voor spiegelloze camera&#039;s, waarmee gebruikers gemakkelijk professioneel beeldmateriaal kunnen maken. &nbsp; Belangrijkste kenmerken  Gemotoriseerde cardanische stabilisator met drie assen  Ontworpen voor spiegelloze camera&#039;s  Bediening met \u00e9\u00e9n hand, max. 4,4 lb. Laden  Forceer mobiele smartphonecontrole\" \/>\n<meta property=\"og:url\" content=\"https:\/\/koningdrone.be\/es\/producto\/dji-ronin-sc\/\" \/>\n<meta property=\"og:site_name\" content=\"koningdrone.be\" \/>\n<meta property=\"article:modified_time\" content=\"2026-04-29T11:10:30+00:00\" \/>\n<meta property=\"og:image\" content=\"https:\/\/koningdrone.be\/wp-content\/uploads\/sites\/13\/2025\/04\/6958265191183-2.jpg\" \/>\n\t<meta property=\"og:image:width\" content=\"1200\" \/>\n\t<meta property=\"og:image:height\" content=\"800\" \/>\n\t<meta property=\"og:image:type\" content=\"image\/jpeg\" \/>\n<meta name=\"twitter:card\" content=\"summary_large_image\" \/>\n<meta name=\"twitter:label1\" content=\"Tiempo de lectura\" \/>\n\t<meta name=\"twitter:data1\" content=\"3 minutos\" \/>\n<script type=\"application\/ld+json\" class=\"yoast-schema-graph\">{\"@context\":\"https:\/\/schema.org\",\"@graph\":[{\"@type\":\"WebPage\",\"@id\":\"https:\/\/koningdrone.be\/product\/dji-ronin-sc\/\",\"url\":\"https:\/\/koningdrone.be\/product\/dji-ronin-sc\/\",\"name\":\"DJI Ronin-SC - koningdrone.be\",\"isPartOf\":{\"@id\":\"https:\/\/koningdrone.be\/#website\"},\"primaryImageOfPage\":{\"@id\":\"https:\/\/koningdrone.be\/product\/dji-ronin-sc\/#primaryimage\"},\"image\":{\"@id\":\"https:\/\/koningdrone.be\/product\/dji-ronin-sc\/#primaryimage\"},\"thumbnailUrl\":\"https:\/\/koningdrone.be\/wp-content\/uploads\/sites\/13\/2025\/04\/6958265191183-2.jpg\",\"datePublished\":\"2019-07-19T23:30:13+00:00\",\"dateModified\":\"2026-04-29T11:10:30+00:00\",\"breadcrumb\":{\"@id\":\"https:\/\/koningdrone.be\/product\/dji-ronin-sc\/#breadcrumb\"},\"inLanguage\":\"es\",\"potentialAction\":[{\"@type\":\"ReadAction\",\"target\":[\"https:\/\/koningdrone.be\/product\/dji-ronin-sc\/\"]}]},{\"@type\":\"ImageObject\",\"inLanguage\":\"es\",\"@id\":\"https:\/\/koningdrone.be\/product\/dji-ronin-sc\/#primaryimage\",\"url\":\"https:\/\/koningdrone.be\/wp-content\/uploads\/sites\/13\/2025\/04\/6958265191183-2.jpg\",\"contentUrl\":\"https:\/\/koningdrone.be\/wp-content\/uploads\/sites\/13\/2025\/04\/6958265191183-2.jpg\",\"width\":1200,\"height\":800},{\"@type\":\"BreadcrumbList\",\"@id\":\"https:\/\/koningdrone.be\/product\/dji-ronin-sc\/#breadcrumb\",\"itemListElement\":[{\"@type\":\"ListItem\",\"position\":1,\"name\":\"Home\",\"item\":\"https:\/\/koningdrone.be\/\"},{\"@type\":\"ListItem\",\"position\":2,\"name\":\"AVSS Parachute Recovery System for DJI Matrice 300\/350\",\"item\":\"https:\/\/koningdrone.be\/product\/avss-parachute-recovery-system-for-dji-matrice-300-350\/\"},{\"@type\":\"ListItem\",\"position\":3,\"name\":\"Alle gimbals en cameras\",\"item\":\"https:\/\/koningdrone.be\/categorie\/alle-gimbals-en-cameras\/\"},{\"@type\":\"ListItem\",\"position\":4,\"name\":\"DJI Ronin-SC\"}]},{\"@type\":\"WebSite\",\"@id\":\"https:\/\/koningdrone.be\/#website\",\"url\":\"https:\/\/koningdrone.be\/\",\"name\":\"Koningdrone.be - Uw online specialist in drones, gimbals, camera's en power stations.\",\"description\":\"De webshop in drones en gimbals\",\"publisher\":{\"@id\":\"https:\/\/koningdrone.be\/#organization\"},\"potentialAction\":[{\"@type\":\"SearchAction\",\"target\":{\"@type\":\"EntryPoint\",\"urlTemplate\":\"https:\/\/koningdrone.be\/?s={search_term_string}\"},\"query-input\":{\"@type\":\"PropertyValueSpecification\",\"valueRequired\":true,\"valueName\":\"search_term_string\"}}],\"inLanguage\":\"es\"},{\"@type\":\"Organization\",\"@id\":\"https:\/\/koningdrone.be\/#organization\",\"name\":\"Koningdrone.be\",\"url\":\"https:\/\/koningdrone.be\/\",\"logo\":{\"@type\":\"ImageObject\",\"inLanguage\":\"es\",\"@id\":\"https:\/\/koningdrone.be\/#\/schema\/logo\/image\/\",\"url\":\"https:\/\/koningdrone.be\/wp-content\/uploads\/sites\/13\/2025\/04\/koningdrone-copyright-logo.svg\",\"contentUrl\":\"https:\/\/koningdrone.be\/wp-content\/uploads\/sites\/13\/2025\/04\/koningdrone-copyright-logo.svg\",\"width\":227,\"height\":38,\"caption\":\"Koningdrone.be\"},\"image\":{\"@id\":\"https:\/\/koningdrone.be\/#\/schema\/logo\/image\/\"}}]}<\/script>\n<!-- \/ Yoast SEO Premium plugin. -->","yoast_head_json":{"title":"DJI Ronin-SC - koningdrone.be","robots":{"index":"index","follow":"follow","max-snippet":"max-snippet:-1","max-image-preview":"max-image-preview:large","max-video-preview":"max-video-preview:-1"},"canonical":"https:\/\/koningdrone.be\/es\/producto\/dji-ronin-sc\/","og_locale":"es_ES","og_type":"article","og_title":"DJI Ronin-SC","og_description":"Met een lichtgewicht ontwerp en superieure stabilisatie is Ronin-SC een 3-assige stabilisator voor spiegelloze camera's, waarmee gebruikers gemakkelijk professioneel beeldmateriaal kunnen maken. &nbsp; Belangrijkste kenmerken  Gemotoriseerde cardanische stabilisator met drie assen  Ontworpen voor spiegelloze camera's  Bediening met \u00e9\u00e9n hand, max. 4,4 lb. Laden  Forceer mobiele smartphonecontrole","og_url":"https:\/\/koningdrone.be\/es\/producto\/dji-ronin-sc\/","og_site_name":"koningdrone.be","article_modified_time":"2026-04-29T11:10:30+00:00","og_image":[{"width":1200,"height":800,"url":"https:\/\/koningdrone.be\/wp-content\/uploads\/sites\/13\/2025\/04\/6958265191183-2.jpg","type":"image\/jpeg"}],"twitter_card":"summary_large_image","twitter_misc":{"Tiempo de lectura":"3 minutos"},"schema":{"@context":"https:\/\/schema.org","@graph":[{"@type":"WebPage","@id":"https:\/\/koningdrone.be\/product\/dji-ronin-sc\/","url":"https:\/\/koningdrone.be\/product\/dji-ronin-sc\/","name":"DJI Ronin-SC - koningdrone.be","isPartOf":{"@id":"https:\/\/koningdrone.be\/#website"},"primaryImageOfPage":{"@id":"https:\/\/koningdrone.be\/product\/dji-ronin-sc\/#primaryimage"},"image":{"@id":"https:\/\/koningdrone.be\/product\/dji-ronin-sc\/#primaryimage"},"thumbnailUrl":"https:\/\/koningdrone.be\/wp-content\/uploads\/sites\/13\/2025\/04\/6958265191183-2.jpg","datePublished":"2019-07-19T23:30:13+00:00","dateModified":"2026-04-29T11:10:30+00:00","breadcrumb":{"@id":"https:\/\/koningdrone.be\/product\/dji-ronin-sc\/#breadcrumb"},"inLanguage":"es","potentialAction":[{"@type":"ReadAction","target":["https:\/\/koningdrone.be\/product\/dji-ronin-sc\/"]}]},{"@type":"ImageObject","inLanguage":"es","@id":"https:\/\/koningdrone.be\/product\/dji-ronin-sc\/#primaryimage","url":"https:\/\/koningdrone.be\/wp-content\/uploads\/sites\/13\/2025\/04\/6958265191183-2.jpg","contentUrl":"https:\/\/koningdrone.be\/wp-content\/uploads\/sites\/13\/2025\/04\/6958265191183-2.jpg","width":1200,"height":800},{"@type":"BreadcrumbList","@id":"https:\/\/koningdrone.be\/product\/dji-ronin-sc\/#breadcrumb","itemListElement":[{"@type":"ListItem","position":1,"name":"Home","item":"https:\/\/koningdrone.be\/"},{"@type":"ListItem","position":2,"name":"AVSS Parachute Recovery System for DJI Matrice 300\/350","item":"https:\/\/koningdrone.be\/product\/avss-parachute-recovery-system-for-dji-matrice-300-350\/"},{"@type":"ListItem","position":3,"name":"Alle gimbals en cameras","item":"https:\/\/koningdrone.be\/categorie\/alle-gimbals-en-cameras\/"},{"@type":"ListItem","position":4,"name":"DJI Ronin-SC"}]},{"@type":"WebSite","@id":"https:\/\/koningdrone.be\/#website","url":"https:\/\/koningdrone.be\/","name":"Koningdrone.be - Su especialista en l\u00ednea en drones, cardanes, c\u00e1maras y centrales el\u00e9ctricas.","description":"La tienda virtual de drones y cardanes","publisher":{"@id":"https:\/\/koningdrone.be\/#organization"},"potentialAction":[{"@type":"SearchAction","target":{"@type":"EntryPoint","urlTemplate":"https:\/\/koningdrone.be\/?s={search_term_string}"},"query-input":{"@type":"PropertyValueSpecification","valueRequired":true,"valueName":"search_term_string"}}],"inLanguage":"es"},{"@type":"Organization","@id":"https:\/\/koningdrone.be\/#organization","name":"Kingdrone.es","url":"https:\/\/koningdrone.be\/","logo":{"@type":"ImageObject","inLanguage":"es","@id":"https:\/\/koningdrone.be\/#\/schema\/logo\/image\/","url":"https:\/\/koningdrone.be\/wp-content\/uploads\/sites\/13\/2025\/04\/koningdrone-copyright-logo.svg","contentUrl":"https:\/\/koningdrone.be\/wp-content\/uploads\/sites\/13\/2025\/04\/koningdrone-copyright-logo.svg","width":227,"height":38,"caption":"Koningdrone.be"},"image":{"@id":"https:\/\/koningdrone.be\/#\/schema\/logo\/image\/"}}]}},"df_price":"","df_sale_price":"","df_regular_price":"","df_image_link":"https:\/\/koningdrone.be\/wp-content\/uploads\/sites\/13\/2025\/04\/6958265191183-2-300x200.jpg","_links":{"self":[{"href":"https:\/\/koningdrone.be\/es\/wp-json\/wp\/v2\/product\/7538","targetHints":{"allow":["GET"]}}],"collection":[{"href":"https:\/\/koningdrone.be\/es\/wp-json\/wp\/v2\/product"}],"about":[{"href":"https:\/\/koningdrone.be\/es\/wp-json\/wp\/v2\/types\/product"}],"wp:featuredmedia":[{"embeddable":true,"href":"https:\/\/koningdrone.be\/es\/wp-json\/wp\/v2\/media\/7534"}],"wp:attachment":[{"href":"https:\/\/koningdrone.be\/es\/wp-json\/wp\/v2\/media?parent=7538"}],"wp:term":[{"taxonomy":"product_brand","embeddable":true,"href":"https:\/\/koningdrone.be\/es\/wp-json\/wp\/v2\/product_brand?post=7538"},{"taxonomy":"product_cat","embeddable":true,"href":"https:\/\/koningdrone.be\/es\/wp-json\/wp\/v2\/product_cat?post=7538"},{"taxonomy":"product_tag","embeddable":true,"href":"https:\/\/koningdrone.be\/es\/wp-json\/wp\/v2\/product_tag?post=7538"}],"curies":[{"name":"wp","href":"https:\/\/api.w.org\/{rel}","templated":true}]}}