{"id":7474,"date":"2019-11-15T11:48:20","date_gmt":"2019-11-15T10:48:20","guid":{"rendered":"https:\/\/koningdrone.nl\/kon\/product\/dji-care-refresh-card-osmo-mobile-3\/"},"modified":"2026-04-29T05:40:04","modified_gmt":"2026-04-29T03:40:04","slug":"dji-care-refresh-card-osmo-mobile-3","status":"publish","type":"product","link":"https:\/\/koningdrone.be\/es\/producto\/dji-care-refresh-card-osmo-mobile-3\/","title":{"rendered":"DJI Care Refresh Card Osmo Mobile 3"},"content":{"rendered":"<h1>DJI Care Refresh Card Osmo Mobile 3<\/h1>\n<p>DJI Care Refresh (Osmo Mobile 3)<br \/>Ofrece dos unidades de sustituci\u00f3n por un peque\u00f1o coste adicional en un a\u00f1o y cubre una amplia gama de accidentes, lo que le da m\u00e1s tranquilidad.<\/p>\n<p>Tenga en cuenta que:<br \/>Si compras DJI Care Refresh por separado para un producto DJI comprado anteriormente, DJI Care Refresh se activa autom\u00e1ticamente en 24 horas. Tu contrato de servicio te ser\u00e1 enviado por correo electr\u00f3nico.<\/p>\n<p>DJI Care Refresh y el producto asociado deben adquirirse en el mismo pa\u00eds o regi\u00f3n. DJI Care Refresh solo es compatible con productos adquiridos en canales oficiales o autorizados y los beneficios solo son elegibles en la regi\u00f3n en la que se adquiri\u00f3.<br \/>Cada vez que solicite una sustituci\u00f3n, recibir\u00e1 una unidad de sustituci\u00f3n nueva o equivalente a nueva en t\u00e9rminos de rendimiento y fiabilidad.<\/p>\n<p>C\u00f3mo activar la DJI Care Refresh Card<br \/> - Ve a la p\u00e1gina de activaci\u00f3n: support.dji.com\/care\/active<br \/> - Introduce lo siguiente aqu\u00ed: N\u00famero de serie del dron, c\u00f3digo de activaci\u00f3n de DJI Care Refresh e Informaci\u00f3n personal.<br \/> - El acuerdo DJI Care Refresh se enviar\u00e1 a tu correo electr\u00f3nico <br \/> - \u00bfCu\u00e1les son las condiciones?<\/p>\n<p>El DJI Care Refresh impone algunas condiciones al seguro:<br \/> - La actioncam a\u00fan no se ha activado o se ha activado recientemente<br \/> - En los 30 d\u00edas siguientes a la compra, debes activar DJI Care Refresh<br \/> - Las repercusiones s\u00f3lo son v\u00e1lidas en las regiones indicadas<br \/> - El Care Refresh es v\u00e1lido durante 1 a\u00f1o (12 meses)<\/p>\n<p>\u00bfC\u00f3mo es el proceso de reparaci\u00f3n?<br \/>El proceso sigue los cinco pasos siguientes:<br \/> - En caso de defecto\/da\u00f1o, ponte en contacto con DJI en: www.dji.com\/support. Aqu\u00ed tienes instrucciones sobre c\u00f3mo enviar tu DJI Osmo Mobile 3 defectuoso\/da\u00f1ado.<br \/> - Realice una solicitud de reparaci\u00f3n en: www.dji.com\/service\/repair<br \/> - La solicitud se enviar\u00e1 al Centro de Reparaciones DJI<br \/> - A continuaci\u00f3n, deber\u00e1 pagar una peque\u00f1a tasa por la sustituci\u00f3n. La primera vez son 10 euros y la segunda 15 euros.<br \/> - Te enviaremos tu DJI Osmo Mobile 3 reparado de forma gratuita<\/p>","protected":false},"excerpt":{"rendered":"<ul>\n<li>Protege el DJI Osmo Mobile de da\u00f1os y defectos<\/li>\n<\/ul>","protected":false},"featured_media":7473,"template":"","meta":{"_acf_changed":false},"product_brand":[],"product_cat":[175,410,97,297],"product_tag":[],"class_list":{"0":"post-7474","1":"product","2":"type-product","3":"status-publish","4":"has-post-thumbnail","6":"product_cat-alle-care-refresh","7":"product_cat-alle-handheld-gimbals","8":"product_cat-alle-producten","9":"product_cat-dji-osmo","10":"product_shipping_class-outofstock","11":"pa_brand-dji","12":"pa_productfamily-care-refresh","13":"pa_producttype-care-refresh","14":"pa_series-osmo-mobile","16":"first","17":"outofstock","18":"taxable","19":"shipping-taxable","20":"product-type-simple"},"acf":[],"yoast_head":"<!-- This site is optimized with the Yoast SEO Premium plugin v27.2 (Yoast SEO v27.2) - https:\/\/yoast.com\/product\/yoast-seo-premium-wordpress\/ -->\n<title>DJI Care Refresh Card Osmo Mobile 3 - koningdrone.be<\/title>\n<meta name=\"robots\" content=\"index, follow, max-snippet:-1, max-image-preview:large, max-video-preview:-1\" \/>\n<link rel=\"canonical\" href=\"https:\/\/koningdrone.be\/es\/producto\/dji-care-refresh-card-osmo-mobile-3\/\" \/>\n<meta property=\"og:locale\" content=\"es_ES\" \/>\n<meta property=\"og:type\" content=\"article\" \/>\n<meta property=\"og:title\" content=\"DJI Care Refresh Card Osmo Mobile 3\" \/>\n<meta property=\"og:description\" content=\"Bescherm de DJI Osmo Mobile tegen beschadigingen en defecten\" \/>\n<meta property=\"og:url\" content=\"https:\/\/koningdrone.be\/es\/producto\/dji-care-refresh-card-osmo-mobile-3\/\" \/>\n<meta property=\"og:site_name\" content=\"koningdrone.be\" \/>\n<meta property=\"article:modified_time\" content=\"2026-04-29T03:40:04+00:00\" \/>\n<meta property=\"og:image\" content=\"https:\/\/koningdrone.be\/wp-content\/uploads\/sites\/13\/2025\/04\/6958265192272-1.jpg\" \/>\n\t<meta property=\"og:image:width\" content=\"660\" \/>\n\t<meta property=\"og:image:height\" content=\"660\" \/>\n\t<meta property=\"og:image:type\" content=\"image\/jpeg\" \/>\n<meta name=\"twitter:card\" content=\"summary_large_image\" \/>\n<meta name=\"twitter:label1\" content=\"Tiempo de lectura\" \/>\n\t<meta name=\"twitter:data1\" content=\"2 minutos\" \/>\n<script type=\"application\/ld+json\" class=\"yoast-schema-graph\">{\"@context\":\"https:\/\/schema.org\",\"@graph\":[{\"@type\":\"WebPage\",\"@id\":\"https:\/\/koningdrone.be\/product\/dji-care-refresh-card-osmo-mobile-3\/\",\"url\":\"https:\/\/koningdrone.be\/product\/dji-care-refresh-card-osmo-mobile-3\/\",\"name\":\"DJI Care Refresh Card Osmo Mobile 3 - koningdrone.be\",\"isPartOf\":{\"@id\":\"https:\/\/koningdrone.be\/#website\"},\"primaryImageOfPage\":{\"@id\":\"https:\/\/koningdrone.be\/product\/dji-care-refresh-card-osmo-mobile-3\/#primaryimage\"},\"image\":{\"@id\":\"https:\/\/koningdrone.be\/product\/dji-care-refresh-card-osmo-mobile-3\/#primaryimage\"},\"thumbnailUrl\":\"https:\/\/koningdrone.be\/wp-content\/uploads\/sites\/13\/2025\/04\/6958265192272-1.jpg\",\"datePublished\":\"2019-11-15T10:48:20+00:00\",\"dateModified\":\"2026-04-29T03:40:04+00:00\",\"breadcrumb\":{\"@id\":\"https:\/\/koningdrone.be\/product\/dji-care-refresh-card-osmo-mobile-3\/#breadcrumb\"},\"inLanguage\":\"es\",\"potentialAction\":[{\"@type\":\"ReadAction\",\"target\":[\"https:\/\/koningdrone.be\/product\/dji-care-refresh-card-osmo-mobile-3\/\"]}]},{\"@type\":\"ImageObject\",\"inLanguage\":\"es\",\"@id\":\"https:\/\/koningdrone.be\/product\/dji-care-refresh-card-osmo-mobile-3\/#primaryimage\",\"url\":\"https:\/\/koningdrone.be\/wp-content\/uploads\/sites\/13\/2025\/04\/6958265192272-1.jpg\",\"contentUrl\":\"https:\/\/koningdrone.be\/wp-content\/uploads\/sites\/13\/2025\/04\/6958265192272-1.jpg\",\"width\":660,\"height\":660},{\"@type\":\"BreadcrumbList\",\"@id\":\"https:\/\/koningdrone.be\/product\/dji-care-refresh-card-osmo-mobile-3\/#breadcrumb\",\"itemListElement\":[{\"@type\":\"ListItem\",\"position\":1,\"name\":\"Home\",\"item\":\"https:\/\/koningdrone.be\/\"},{\"@type\":\"ListItem\",\"position\":2,\"name\":\"AVSS Parachute Recovery System for DJI Matrice 300\/350\",\"item\":\"https:\/\/koningdrone.be\/product\/avss-parachute-recovery-system-for-dji-matrice-300-350\/\"},{\"@type\":\"ListItem\",\"position\":3,\"name\":\"Alle care refresh\",\"item\":\"https:\/\/koningdrone.be\/categorie\/alle-care-refresh\/\"},{\"@type\":\"ListItem\",\"position\":4,\"name\":\"DJI Care Refresh Card Osmo Mobile 3\"}]},{\"@type\":\"WebSite\",\"@id\":\"https:\/\/koningdrone.be\/#website\",\"url\":\"https:\/\/koningdrone.be\/\",\"name\":\"Koningdrone.be - Uw online specialist in drones, gimbals, camera's en power stations.\",\"description\":\"De webshop in drones en gimbals\",\"publisher\":{\"@id\":\"https:\/\/koningdrone.be\/#organization\"},\"potentialAction\":[{\"@type\":\"SearchAction\",\"target\":{\"@type\":\"EntryPoint\",\"urlTemplate\":\"https:\/\/koningdrone.be\/?s={search_term_string}\"},\"query-input\":{\"@type\":\"PropertyValueSpecification\",\"valueRequired\":true,\"valueName\":\"search_term_string\"}}],\"inLanguage\":\"es\"},{\"@type\":\"Organization\",\"@id\":\"https:\/\/koningdrone.be\/#organization\",\"name\":\"Koningdrone.be\",\"url\":\"https:\/\/koningdrone.be\/\",\"logo\":{\"@type\":\"ImageObject\",\"inLanguage\":\"es\",\"@id\":\"https:\/\/koningdrone.be\/#\/schema\/logo\/image\/\",\"url\":\"https:\/\/koningdrone.be\/wp-content\/uploads\/sites\/13\/2025\/04\/koningdrone-copyright-logo.svg\",\"contentUrl\":\"https:\/\/koningdrone.be\/wp-content\/uploads\/sites\/13\/2025\/04\/koningdrone-copyright-logo.svg\",\"width\":227,\"height\":38,\"caption\":\"Koningdrone.be\"},\"image\":{\"@id\":\"https:\/\/koningdrone.be\/#\/schema\/logo\/image\/\"}}]}<\/script>\n<!-- \/ Yoast SEO Premium plugin. -->","yoast_head_json":{"title":"DJI Care Refresh Card Osmo Mobile 3 - koningdrone.be","robots":{"index":"index","follow":"follow","max-snippet":"max-snippet:-1","max-image-preview":"max-image-preview:large","max-video-preview":"max-video-preview:-1"},"canonical":"https:\/\/koningdrone.be\/es\/producto\/dji-care-refresh-card-osmo-mobile-3\/","og_locale":"es_ES","og_type":"article","og_title":"DJI Care Refresh Card Osmo Mobile 3","og_description":"Bescherm de DJI Osmo Mobile tegen beschadigingen en defecten","og_url":"https:\/\/koningdrone.be\/es\/producto\/dji-care-refresh-card-osmo-mobile-3\/","og_site_name":"koningdrone.be","article_modified_time":"2026-04-29T03:40:04+00:00","og_image":[{"width":660,"height":660,"url":"https:\/\/koningdrone.be\/wp-content\/uploads\/sites\/13\/2025\/04\/6958265192272-1.jpg","type":"image\/jpeg"}],"twitter_card":"summary_large_image","twitter_misc":{"Tiempo de lectura":"2 minutos"},"schema":{"@context":"https:\/\/schema.org","@graph":[{"@type":"WebPage","@id":"https:\/\/koningdrone.be\/product\/dji-care-refresh-card-osmo-mobile-3\/","url":"https:\/\/koningdrone.be\/product\/dji-care-refresh-card-osmo-mobile-3\/","name":"DJI Care Refresh Card Osmo Mobile 3 - koningdrone.be","isPartOf":{"@id":"https:\/\/koningdrone.be\/#website"},"primaryImageOfPage":{"@id":"https:\/\/koningdrone.be\/product\/dji-care-refresh-card-osmo-mobile-3\/#primaryimage"},"image":{"@id":"https:\/\/koningdrone.be\/product\/dji-care-refresh-card-osmo-mobile-3\/#primaryimage"},"thumbnailUrl":"https:\/\/koningdrone.be\/wp-content\/uploads\/sites\/13\/2025\/04\/6958265192272-1.jpg","datePublished":"2019-11-15T10:48:20+00:00","dateModified":"2026-04-29T03:40:04+00:00","breadcrumb":{"@id":"https:\/\/koningdrone.be\/product\/dji-care-refresh-card-osmo-mobile-3\/#breadcrumb"},"inLanguage":"es","potentialAction":[{"@type":"ReadAction","target":["https:\/\/koningdrone.be\/product\/dji-care-refresh-card-osmo-mobile-3\/"]}]},{"@type":"ImageObject","inLanguage":"es","@id":"https:\/\/koningdrone.be\/product\/dji-care-refresh-card-osmo-mobile-3\/#primaryimage","url":"https:\/\/koningdrone.be\/wp-content\/uploads\/sites\/13\/2025\/04\/6958265192272-1.jpg","contentUrl":"https:\/\/koningdrone.be\/wp-content\/uploads\/sites\/13\/2025\/04\/6958265192272-1.jpg","width":660,"height":660},{"@type":"BreadcrumbList","@id":"https:\/\/koningdrone.be\/product\/dji-care-refresh-card-osmo-mobile-3\/#breadcrumb","itemListElement":[{"@type":"ListItem","position":1,"name":"Home","item":"https:\/\/koningdrone.be\/"},{"@type":"ListItem","position":2,"name":"AVSS Parachute Recovery System for DJI Matrice 300\/350","item":"https:\/\/koningdrone.be\/product\/avss-parachute-recovery-system-for-dji-matrice-300-350\/"},{"@type":"ListItem","position":3,"name":"Alle care refresh","item":"https:\/\/koningdrone.be\/categorie\/alle-care-refresh\/"},{"@type":"ListItem","position":4,"name":"DJI Care Refresh Card Osmo Mobile 3"}]},{"@type":"WebSite","@id":"https:\/\/koningdrone.be\/#website","url":"https:\/\/koningdrone.be\/","name":"Koningdrone.be - Su especialista en l\u00ednea en drones, cardanes, c\u00e1maras y centrales el\u00e9ctricas.","description":"La tienda virtual de drones y cardanes","publisher":{"@id":"https:\/\/koningdrone.be\/#organization"},"potentialAction":[{"@type":"SearchAction","target":{"@type":"EntryPoint","urlTemplate":"https:\/\/koningdrone.be\/?s={search_term_string}"},"query-input":{"@type":"PropertyValueSpecification","valueRequired":true,"valueName":"search_term_string"}}],"inLanguage":"es"},{"@type":"Organization","@id":"https:\/\/koningdrone.be\/#organization","name":"Kingdrone.es","url":"https:\/\/koningdrone.be\/","logo":{"@type":"ImageObject","inLanguage":"es","@id":"https:\/\/koningdrone.be\/#\/schema\/logo\/image\/","url":"https:\/\/koningdrone.be\/wp-content\/uploads\/sites\/13\/2025\/04\/koningdrone-copyright-logo.svg","contentUrl":"https:\/\/koningdrone.be\/wp-content\/uploads\/sites\/13\/2025\/04\/koningdrone-copyright-logo.svg","width":227,"height":38,"caption":"Koningdrone.be"},"image":{"@id":"https:\/\/koningdrone.be\/#\/schema\/logo\/image\/"}}]}},"df_price":"","df_sale_price":"","df_regular_price":"","df_image_link":"https:\/\/koningdrone.be\/wp-content\/uploads\/sites\/13\/2025\/04\/6958265192272-1-300x300.jpg","_links":{"self":[{"href":"https:\/\/koningdrone.be\/es\/wp-json\/wp\/v2\/product\/7474","targetHints":{"allow":["GET"]}}],"collection":[{"href":"https:\/\/koningdrone.be\/es\/wp-json\/wp\/v2\/product"}],"about":[{"href":"https:\/\/koningdrone.be\/es\/wp-json\/wp\/v2\/types\/product"}],"wp:featuredmedia":[{"embeddable":true,"href":"https:\/\/koningdrone.be\/es\/wp-json\/wp\/v2\/media\/7473"}],"wp:attachment":[{"href":"https:\/\/koningdrone.be\/es\/wp-json\/wp\/v2\/media?parent=7474"}],"wp:term":[{"taxonomy":"product_brand","embeddable":true,"href":"https:\/\/koningdrone.be\/es\/wp-json\/wp\/v2\/product_brand?post=7474"},{"taxonomy":"product_cat","embeddable":true,"href":"https:\/\/koningdrone.be\/es\/wp-json\/wp\/v2\/product_cat?post=7474"},{"taxonomy":"product_tag","embeddable":true,"href":"https:\/\/koningdrone.be\/es\/wp-json\/wp\/v2\/product_tag?post=7474"}],"curies":[{"name":"wp","href":"https:\/\/api.w.org\/{rel}","templated":true}]}}