{"id":7428,"date":"2019-11-15T11:48:45","date_gmt":"2019-11-15T10:48:45","guid":{"rendered":"https:\/\/koningdrone.nl\/kon\/product\/dji-fpv-remote-controller-mode-1\/"},"modified":"2026-04-29T07:00:22","modified_gmt":"2026-04-29T05:00:22","slug":"dji-fpv-remote-controller-mode-1","status":"publish","type":"product","link":"https:\/\/koningdrone.be\/es\/producto\/dji-fpv-remote-controller-mode-1\/","title":{"rendered":"Mando a distancia DJI FPV (Modo 1)"},"content":{"rendered":"<h1>Mando a distancia DJI FPV (Modo 1)<\/h1>\n<p>Con el mando a distancia DJI FPV, los par\u00e1metros de cada componente se pueden ajustar a distancia. La compra de las gafas DJI FPV y la unidad a\u00e9rea DJI FPV elimina la necesidad de un receptor adicional. Los usuarios tambi\u00e9n pueden disfrutar de una latencia ultrabaja de 7 ms entre el control remoto y la unidad a\u00e9rea.<\/p>\n<p>Consejos<br \/>Se recomienda utilizar el adaptador USB de las DJI Goggles RE, Ronin-S, Spark o un adaptador USB con certificaci\u00f3n FCC \/ CE compatible con Quick Charge 2.0.<br \/>Si est\u00e1s utilizando las gafas DJI FPV y el mando a distancia DJI FPV al mismo tiempo, tienes que emparejar primero la unidad a\u00e9rea y las gafas y, a continuaci\u00f3n, emparejar el mando a distancia.<\/p>\n<p>cubiertos<\/p>\n<p>Mando a distancia<br \/>Peso: 765 gramos<br \/>Frecuencia de funcionamiento: 5,725-5,850 GHz<br \/>M\u00e1x. Distancia de transmisi\u00f3n (libre, sin interferencias): FCC \/ SRRC: 4 km; CE: 0,7 km<br \/>Potencia de salida del transmisor (EIRP): FCC: &lt;30 dBm; CE: &lt;14 dBm; Seal Cr\u00e8che: &lt;19dBm<br \/>Corriente \/ tensi\u00f3n de funcionamiento: 0,6 A @ 7,6 V<br \/>Temperatura de funcionamiento: de 0 \u00b0C a 40 \u00b0C (de 32 \u00b0 a 104 \u00b0 F)<br \/>Temperatura de carga: de 5 \u00b0C a 40 \u00b0C (de 41 \u00b0 a 104 \u00b0 F)<\/p>\n<p>Mando a distancia Bater\u00eda inteligente<br \/>Tipo de bater\u00eda: LiPo 2S<br \/>Capacidad: 4920 mAh<br \/>Tensi\u00f3n: 7,6 V<br \/>Energ\u00eda: 37,39 Wh<\/p>","protected":false},"excerpt":{"rendered":"<ul>\n<li>Permite controlar a distancia cualquier parte del sistema FPV<\/li>\n<li>La compra de unas gafas DJI FPV y un mando a distancia DJI FPV Air elimina la necesidad de receptores adicionales.<\/li>\n<li>Latencia ultrabaja 7 ms<\/li>\n<\/ul>","protected":false},"featured_media":7424,"template":"","meta":{"_acf_changed":false},"product_brand":[],"product_cat":[122,97,719],"product_tag":[],"class_list":{"0":"post-7428","1":"product","2":"type-product","3":"status-publish","4":"has-post-thumbnail","6":"product_cat-alle-afstandsbedieningen","7":"product_cat-alle-producten","8":"product_cat-dji-fpv","9":"product_shipping_class-outofstock","10":"pa_brand-dji","11":"pa_productfamily-afstandsbediening","12":"pa_producttype-afstandsbediening","13":"pa_series-goggles-v1","15":"first","16":"outofstock","17":"taxable","18":"shipping-taxable","19":"product-type-simple"},"acf":[],"yoast_head":"<!-- This site is optimized with the Yoast SEO Premium plugin v27.2 (Yoast SEO v27.2) - https:\/\/yoast.com\/product\/yoast-seo-premium-wordpress\/ -->\n<title>DJI FPV Remote Controller (Mode 1) - koningdrone.be<\/title>\n<meta name=\"robots\" content=\"index, follow, max-snippet:-1, max-image-preview:large, max-video-preview:-1\" \/>\n<link rel=\"canonical\" href=\"https:\/\/koningdrone.be\/es\/producto\/dji-fpv-remote-controller-mode-1\/\" \/>\n<meta property=\"og:locale\" content=\"es_ES\" \/>\n<meta property=\"og:type\" content=\"article\" \/>\n<meta property=\"og:title\" content=\"DJI FPV Remote Controller (Mode 1)\" \/>\n<meta property=\"og:description\" content=\"Hiermee kunt u elk onderdeel van het FPV-systeem op afstand bedienenDoor de aankoop van een DJI FPV-bril en een DJI FPV Air-afstandsbediening zijn er geen extra ontvangers nodig.Ultra-lage latentie 7 ms\" \/>\n<meta property=\"og:url\" content=\"https:\/\/koningdrone.be\/es\/producto\/dji-fpv-remote-controller-mode-1\/\" \/>\n<meta property=\"og:site_name\" content=\"koningdrone.be\" \/>\n<meta property=\"article:modified_time\" content=\"2026-04-29T05:00:22+00:00\" \/>\n<meta property=\"og:image\" content=\"https:\/\/koningdrone.be\/wp-content\/uploads\/sites\/13\/2025\/04\/6958265190339-1.jpg\" \/>\n\t<meta property=\"og:image:width\" content=\"660\" \/>\n\t<meta property=\"og:image:height\" content=\"660\" \/>\n\t<meta property=\"og:image:type\" content=\"image\/jpeg\" \/>\n<meta name=\"twitter:card\" content=\"summary_large_image\" \/>\n<meta name=\"twitter:label1\" content=\"Tiempo de lectura\" \/>\n\t<meta name=\"twitter:data1\" content=\"1 minuto\" \/>\n<script type=\"application\/ld+json\" class=\"yoast-schema-graph\">{\"@context\":\"https:\/\/schema.org\",\"@graph\":[{\"@type\":\"WebPage\",\"@id\":\"https:\/\/koningdrone.be\/product\/dji-fpv-remote-controller-mode-1\/\",\"url\":\"https:\/\/koningdrone.be\/product\/dji-fpv-remote-controller-mode-1\/\",\"name\":\"DJI FPV Remote Controller (Mode 1) - koningdrone.be\",\"isPartOf\":{\"@id\":\"https:\/\/koningdrone.be\/#website\"},\"primaryImageOfPage\":{\"@id\":\"https:\/\/koningdrone.be\/product\/dji-fpv-remote-controller-mode-1\/#primaryimage\"},\"image\":{\"@id\":\"https:\/\/koningdrone.be\/product\/dji-fpv-remote-controller-mode-1\/#primaryimage\"},\"thumbnailUrl\":\"https:\/\/koningdrone.be\/wp-content\/uploads\/sites\/13\/2025\/04\/6958265190339-1.jpg\",\"datePublished\":\"2019-11-15T10:48:45+00:00\",\"dateModified\":\"2026-04-29T05:00:22+00:00\",\"breadcrumb\":{\"@id\":\"https:\/\/koningdrone.be\/product\/dji-fpv-remote-controller-mode-1\/#breadcrumb\"},\"inLanguage\":\"es\",\"potentialAction\":[{\"@type\":\"ReadAction\",\"target\":[\"https:\/\/koningdrone.be\/product\/dji-fpv-remote-controller-mode-1\/\"]}]},{\"@type\":\"ImageObject\",\"inLanguage\":\"es\",\"@id\":\"https:\/\/koningdrone.be\/product\/dji-fpv-remote-controller-mode-1\/#primaryimage\",\"url\":\"https:\/\/koningdrone.be\/wp-content\/uploads\/sites\/13\/2025\/04\/6958265190339-1.jpg\",\"contentUrl\":\"https:\/\/koningdrone.be\/wp-content\/uploads\/sites\/13\/2025\/04\/6958265190339-1.jpg\",\"width\":660,\"height\":660},{\"@type\":\"BreadcrumbList\",\"@id\":\"https:\/\/koningdrone.be\/product\/dji-fpv-remote-controller-mode-1\/#breadcrumb\",\"itemListElement\":[{\"@type\":\"ListItem\",\"position\":1,\"name\":\"Home\",\"item\":\"https:\/\/koningdrone.be\/\"},{\"@type\":\"ListItem\",\"position\":2,\"name\":\"AVSS Parachute Recovery System for DJI Matrice 300\/350\",\"item\":\"https:\/\/koningdrone.be\/product\/avss-parachute-recovery-system-for-dji-matrice-300-350\/\"},{\"@type\":\"ListItem\",\"position\":3,\"name\":\"Alle afstandsbedieningen\",\"item\":\"https:\/\/koningdrone.be\/categorie\/alle-afstandsbedieningen\/\"},{\"@type\":\"ListItem\",\"position\":4,\"name\":\"DJI FPV Remote Controller (Mode 1)\"}]},{\"@type\":\"WebSite\",\"@id\":\"https:\/\/koningdrone.be\/#website\",\"url\":\"https:\/\/koningdrone.be\/\",\"name\":\"Koningdrone.be - Uw online specialist in drones, gimbals, camera's en power stations.\",\"description\":\"De webshop in drones en gimbals\",\"publisher\":{\"@id\":\"https:\/\/koningdrone.be\/#organization\"},\"potentialAction\":[{\"@type\":\"SearchAction\",\"target\":{\"@type\":\"EntryPoint\",\"urlTemplate\":\"https:\/\/koningdrone.be\/?s={search_term_string}\"},\"query-input\":{\"@type\":\"PropertyValueSpecification\",\"valueRequired\":true,\"valueName\":\"search_term_string\"}}],\"inLanguage\":\"es\"},{\"@type\":\"Organization\",\"@id\":\"https:\/\/koningdrone.be\/#organization\",\"name\":\"Koningdrone.be\",\"url\":\"https:\/\/koningdrone.be\/\",\"logo\":{\"@type\":\"ImageObject\",\"inLanguage\":\"es\",\"@id\":\"https:\/\/koningdrone.be\/#\/schema\/logo\/image\/\",\"url\":\"https:\/\/koningdrone.be\/wp-content\/uploads\/sites\/13\/2025\/04\/koningdrone-copyright-logo.svg\",\"contentUrl\":\"https:\/\/koningdrone.be\/wp-content\/uploads\/sites\/13\/2025\/04\/koningdrone-copyright-logo.svg\",\"width\":227,\"height\":38,\"caption\":\"Koningdrone.be\"},\"image\":{\"@id\":\"https:\/\/koningdrone.be\/#\/schema\/logo\/image\/\"}}]}<\/script>\n<!-- \/ Yoast SEO Premium plugin. -->","yoast_head_json":{"title":"DJI FPV Remote Controller (Mode 1) - koningdrone.be","robots":{"index":"index","follow":"follow","max-snippet":"max-snippet:-1","max-image-preview":"max-image-preview:large","max-video-preview":"max-video-preview:-1"},"canonical":"https:\/\/koningdrone.be\/es\/producto\/dji-fpv-remote-controller-mode-1\/","og_locale":"es_ES","og_type":"article","og_title":"DJI FPV Remote Controller (Mode 1)","og_description":"Hiermee kunt u elk onderdeel van het FPV-systeem op afstand bedienenDoor de aankoop van een DJI FPV-bril en een DJI FPV Air-afstandsbediening zijn er geen extra ontvangers nodig.Ultra-lage latentie 7 ms","og_url":"https:\/\/koningdrone.be\/es\/producto\/dji-fpv-remote-controller-mode-1\/","og_site_name":"koningdrone.be","article_modified_time":"2026-04-29T05:00:22+00:00","og_image":[{"width":660,"height":660,"url":"https:\/\/koningdrone.be\/wp-content\/uploads\/sites\/13\/2025\/04\/6958265190339-1.jpg","type":"image\/jpeg"}],"twitter_card":"summary_large_image","twitter_misc":{"Tiempo de lectura":"1 minuto"},"schema":{"@context":"https:\/\/schema.org","@graph":[{"@type":"WebPage","@id":"https:\/\/koningdrone.be\/product\/dji-fpv-remote-controller-mode-1\/","url":"https:\/\/koningdrone.be\/product\/dji-fpv-remote-controller-mode-1\/","name":"DJI FPV Remote Controller (Mode 1) - koningdrone.be","isPartOf":{"@id":"https:\/\/koningdrone.be\/#website"},"primaryImageOfPage":{"@id":"https:\/\/koningdrone.be\/product\/dji-fpv-remote-controller-mode-1\/#primaryimage"},"image":{"@id":"https:\/\/koningdrone.be\/product\/dji-fpv-remote-controller-mode-1\/#primaryimage"},"thumbnailUrl":"https:\/\/koningdrone.be\/wp-content\/uploads\/sites\/13\/2025\/04\/6958265190339-1.jpg","datePublished":"2019-11-15T10:48:45+00:00","dateModified":"2026-04-29T05:00:22+00:00","breadcrumb":{"@id":"https:\/\/koningdrone.be\/product\/dji-fpv-remote-controller-mode-1\/#breadcrumb"},"inLanguage":"es","potentialAction":[{"@type":"ReadAction","target":["https:\/\/koningdrone.be\/product\/dji-fpv-remote-controller-mode-1\/"]}]},{"@type":"ImageObject","inLanguage":"es","@id":"https:\/\/koningdrone.be\/product\/dji-fpv-remote-controller-mode-1\/#primaryimage","url":"https:\/\/koningdrone.be\/wp-content\/uploads\/sites\/13\/2025\/04\/6958265190339-1.jpg","contentUrl":"https:\/\/koningdrone.be\/wp-content\/uploads\/sites\/13\/2025\/04\/6958265190339-1.jpg","width":660,"height":660},{"@type":"BreadcrumbList","@id":"https:\/\/koningdrone.be\/product\/dji-fpv-remote-controller-mode-1\/#breadcrumb","itemListElement":[{"@type":"ListItem","position":1,"name":"Home","item":"https:\/\/koningdrone.be\/"},{"@type":"ListItem","position":2,"name":"AVSS Parachute Recovery System for DJI Matrice 300\/350","item":"https:\/\/koningdrone.be\/product\/avss-parachute-recovery-system-for-dji-matrice-300-350\/"},{"@type":"ListItem","position":3,"name":"Alle afstandsbedieningen","item":"https:\/\/koningdrone.be\/categorie\/alle-afstandsbedieningen\/"},{"@type":"ListItem","position":4,"name":"DJI FPV Remote Controller (Mode 1)"}]},{"@type":"WebSite","@id":"https:\/\/koningdrone.be\/#website","url":"https:\/\/koningdrone.be\/","name":"Koningdrone.be - Su especialista en l\u00ednea en drones, cardanes, c\u00e1maras y centrales el\u00e9ctricas.","description":"La tienda virtual de drones y cardanes","publisher":{"@id":"https:\/\/koningdrone.be\/#organization"},"potentialAction":[{"@type":"SearchAction","target":{"@type":"EntryPoint","urlTemplate":"https:\/\/koningdrone.be\/?s={search_term_string}"},"query-input":{"@type":"PropertyValueSpecification","valueRequired":true,"valueName":"search_term_string"}}],"inLanguage":"es"},{"@type":"Organization","@id":"https:\/\/koningdrone.be\/#organization","name":"Kingdrone.es","url":"https:\/\/koningdrone.be\/","logo":{"@type":"ImageObject","inLanguage":"es","@id":"https:\/\/koningdrone.be\/#\/schema\/logo\/image\/","url":"https:\/\/koningdrone.be\/wp-content\/uploads\/sites\/13\/2025\/04\/koningdrone-copyright-logo.svg","contentUrl":"https:\/\/koningdrone.be\/wp-content\/uploads\/sites\/13\/2025\/04\/koningdrone-copyright-logo.svg","width":227,"height":38,"caption":"Koningdrone.be"},"image":{"@id":"https:\/\/koningdrone.be\/#\/schema\/logo\/image\/"}}]}},"df_price":"","df_sale_price":"","df_regular_price":"","df_image_link":"https:\/\/koningdrone.be\/wp-content\/uploads\/sites\/13\/2025\/04\/6958265190339-1-300x300.jpg","_links":{"self":[{"href":"https:\/\/koningdrone.be\/es\/wp-json\/wp\/v2\/product\/7428","targetHints":{"allow":["GET"]}}],"collection":[{"href":"https:\/\/koningdrone.be\/es\/wp-json\/wp\/v2\/product"}],"about":[{"href":"https:\/\/koningdrone.be\/es\/wp-json\/wp\/v2\/types\/product"}],"wp:featuredmedia":[{"embeddable":true,"href":"https:\/\/koningdrone.be\/es\/wp-json\/wp\/v2\/media\/7424"}],"wp:attachment":[{"href":"https:\/\/koningdrone.be\/es\/wp-json\/wp\/v2\/media?parent=7428"}],"wp:term":[{"taxonomy":"product_brand","embeddable":true,"href":"https:\/\/koningdrone.be\/es\/wp-json\/wp\/v2\/product_brand?post=7428"},{"taxonomy":"product_cat","embeddable":true,"href":"https:\/\/koningdrone.be\/es\/wp-json\/wp\/v2\/product_cat?post=7428"},{"taxonomy":"product_tag","embeddable":true,"href":"https:\/\/koningdrone.be\/es\/wp-json\/wp\/v2\/product_tag?post=7428"}],"curies":[{"name":"wp","href":"https:\/\/api.w.org\/{rel}","templated":true}]}}