{"id":7363,"date":"2019-12-18T00:49:00","date_gmt":"2019-12-17T23:49:00","guid":{"rendered":"https:\/\/koningdrone.nl\/kon\/product\/tello-edu-single-combo\/"},"modified":"2026-04-29T13:10:27","modified_gmt":"2026-04-29T11:10:27","slug":"tello-edu-single-combo","status":"publish","type":"product","link":"https:\/\/koningdrone.be\/es\/producto\/tello-edu-single-combo\/","title":{"rendered":"Tello EDU Single Combo"},"content":{"rendered":"<h1>RYZE Tello EDU<\/h1>\n<p>DJI Tello: un dron que puedes programar sobre la marcha<\/p>\n<p>Tello EDU es un mini-UAV programable y ultraligero que puede alcanzar altitudes de hasta 30 m y realizar notables movimientos acrob\u00e1ticos. Volteretas, bucles... \u00a1este robot volador no se anda con chiquitas! Puedes controlarlo desde tu iPad con la aplicaci\u00f3n Tello o con un mando Bluetooth compatible. Puedes manejar hasta cuatro drones DJI Tello EDU simult\u00e1neamente, ideal para crear tu propia fuerza a\u00e9rea.<\/p>\n<p>El dron educativo de Tello viene con todo lo que necesita un programador principiante. Hay una app Swift Playgrounds con una interfaz intuitiva que te permite aprender los primeros principios de la rob\u00f3tica y el lenguaje de programaci\u00f3n Swift. Esto significa que obtienes un UAV Tello \"Scratch\" que puedes programar moviendo bloques de control seg\u00fan lo que quieras que haga. El tutorial de Tello Space Travel te ayudar\u00e1 a dar tus primeros pasos con Swift para que puedas volar r\u00e1pidamente tu dron.<\/p>\n<p><strong>Funciones avanzadas de programaci\u00f3n de Tello EDU<\/strong><br \/>Una vez que te hayas familiarizado con los distintos modos de control que puedes programar con Swift o Scratch, puedes mejorar tu juego realizando misiones de vuelo con las tarjetas de misi\u00f3n. Estas tarjetas tienen su propio identificador \u00fanico y pueden integrarse en tu c\u00f3digo. Cuando el UAV vuela sobre ellas, puede realizar acciones programadas siguiendo las diferentes coordenadas de vuelo.<\/p>\n<p>Y eso no es todo: tambi\u00e9n puedes explorar todas las capacidades de la c\u00e1mara de v\u00eddeo Tello EDU y ense\u00f1ar a tu dron a reconocer objetos o interpretar tus acciones. Adem\u00e1s, el SDK 2.0 que acompa\u00f1a a Tello te da acceso a funciones de desarrollo de IA, reconstrucci\u00f3n 3D, servoing visual y aprendizaje por ordenador.<\/p>\n<p><strong>Especificaciones t\u00e9cnicas del dron Tello EDU<\/strong><\/p>\n<ul> <\/p>\n<li>Fotos de 5 megap\u00edxeles<\/li>\n<p> <\/p>\n<li>Tiempo de vuelo: 13 min (Sin viento, a 15 km\/h)<\/li>\n<p> <\/p>\n<li>Vuelo de planeo preciso<\/li>\n<p> <\/p>\n<li>Drone programable<\/li>\n<p> <\/p>\n<li>M\u00faltiples modos de vuelo<\/li>\n<p> <\/p>\n<li>Velocidad m\u00e1x. Velocidad: 28,8 km\/h<\/li>\n<p> <\/p>\n<li>Temperatura de funcionamiento: de 0 a 40 \u00b0C<\/li>\n<p> <\/p>\n<li>Gama de frecuencias de funcionamiento: de 2,4 a 2,4835 GHz<\/li>\n<p> <\/p>\n<li>Transmisores: 20 dBm (FCC), 19 dBm (CE), 19 dBm (SRRC)<\/li>\n<p> <\/p>\n<li>Peso: 87 g (con protectores de h\u00e9lice)<\/li>\n<p> <\/p>\n<li>M\u00e1x. Tama\u00f1o de imagen: 2592 x 1936<\/li>\n<p> <\/p>\n<li>Formato de v\u00eddeo: MP4<\/li>\n<p> <\/p>\n<li>Bater\u00eda de escape:<\/li>\n<p> <\/p>\n<li>Capacidad: 1100 mAh<\/li>\n<p> <\/p>\n<li>Tensi\u00f3n nominal: 3,8 V<\/li>\n<p> <\/p>\n<li>Tipo de bater\u00eda: LiPo<\/li>\n<p> <\/p>\n<li>Potencia: 4,18 Wh<\/li>\n<p> <\/p>\n<li>Peso: 25 gramos<\/li>\n<p> <\/p>\n<li>Temperatura de carga: de 5 a 45 \u00b0C<\/li>\n<p> <\/p>\n<li>Max. Potencia de carga: 10 W<\/li>\n<p><\/ul>","protected":false},"excerpt":{"rendered":"<ul>\n<li>Alcance de vuelo: hasta 100 m<\/li>\n<li>Velocidad: 8 km\/h<\/li>\n<li>Tiempo de vuelo: 13 minutos<\/li>\n<li>Altura: hasta 10 m<\/li>\n<li>FPV: visi\u00f3n en primera persona<\/li>\n<li>Bater\u00eda recargable integrada de 3,8 V \/ 1,1 Ah<\/li>\n<li>Puerto de carga: microUSB<\/li>\n<li>Resoluci\u00f3n de la c\u00e1mara: 5 Mpx<\/li>\n<li>\u00c1ngulo: 82,6<\/li>\n<li>Formato de v\u00eddeo: JPG, MP4<\/li>\n<li>Dimensiones: 98 x 92,5 x 41 mm<\/li>\n<li>Peso: 80 gramos<\/li>\n<\/ul>","protected":false},"featured_media":7357,"template":"","meta":{"_acf_changed":false},"product_brand":[],"product_cat":[135,1316,97,136,1151,177],"product_tag":[],"class_list":{"0":"post-7363","1":"product","2":"type-product","3":"status-publish","4":"has-post-thumbnail","6":"product_cat-alle-drones","7":"product_cat-alle-educatie","8":"product_cat-alle-producten","9":"product_cat-consumer-drones","10":"product_cat-dji-tello","11":"product_cat-drones-zonder-certificaat","12":"product_shipping_class-outofstock","13":"pa_brand-dji","14":"pa_dronegrade-consumer","15":"pa_productfamily-drone","16":"pa_producttype-drone","17":"pa_series-tello","18":"pa_vliegbewijs-a1-a3-niet-verplicht","20":"first","21":"outofstock","22":"taxable","23":"shipping-taxable","24":"product-type-simple"},"acf":[],"yoast_head":"<!-- This site is optimized with the Yoast SEO Premium plugin v27.2 (Yoast SEO v27.2) - https:\/\/yoast.com\/product\/yoast-seo-premium-wordpress\/ -->\n<title>Tello EDU Single Combo - koningdrone.be<\/title>\n<meta name=\"robots\" content=\"index, follow, max-snippet:-1, max-image-preview:large, max-video-preview:-1\" \/>\n<link rel=\"canonical\" href=\"https:\/\/koningdrone.be\/es\/producto\/tello-edu-single-combo\/\" \/>\n<meta property=\"og:locale\" content=\"es_ES\" \/>\n<meta property=\"og:type\" content=\"article\" \/>\n<meta property=\"og:title\" content=\"Tello EDU Single Combo\" \/>\n<meta property=\"og:description\" content=\"Vliegbereik: tot 100 mSnelheid: 8 km \/ uVliegtijd: 13 minutenHoogte: tot 10 mFPV: first person viewIngebouwde oplaadbare batterij 3,8 V \/ 1,1 AhOplaadpoort: microUSBCameraresolutie: 5 MPxHoek: 82,6 \u00b0Videoformaat: JPG, MP4Afmetingen: 98 x 92,5 x 41 mmGewicht: 80 gram\" \/>\n<meta property=\"og:url\" content=\"https:\/\/koningdrone.be\/es\/producto\/tello-edu-single-combo\/\" \/>\n<meta property=\"og:site_name\" content=\"koningdrone.be\" \/>\n<meta property=\"article:modified_time\" content=\"2026-04-29T11:10:27+00:00\" \/>\n<meta property=\"og:image\" content=\"https:\/\/koningdrone.be\/wp-content\/uploads\/sites\/13\/2025\/04\/telloedu.jpg\" \/>\n\t<meta property=\"og:image:width\" content=\"1200\" \/>\n\t<meta property=\"og:image:height\" content=\"800\" \/>\n\t<meta property=\"og:image:type\" content=\"image\/jpeg\" \/>\n<meta name=\"twitter:card\" content=\"summary_large_image\" \/>\n<meta name=\"twitter:label1\" content=\"Tiempo de lectura\" \/>\n\t<meta name=\"twitter:data1\" content=\"2 minutos\" \/>\n<script type=\"application\/ld+json\" class=\"yoast-schema-graph\">{\"@context\":\"https:\/\/schema.org\",\"@graph\":[{\"@type\":\"WebPage\",\"@id\":\"https:\/\/koningdrone.be\/product\/tello-edu-single-combo\/\",\"url\":\"https:\/\/koningdrone.be\/product\/tello-edu-single-combo\/\",\"name\":\"Tello EDU Single Combo - koningdrone.be\",\"isPartOf\":{\"@id\":\"https:\/\/koningdrone.be\/#website\"},\"primaryImageOfPage\":{\"@id\":\"https:\/\/koningdrone.be\/product\/tello-edu-single-combo\/#primaryimage\"},\"image\":{\"@id\":\"https:\/\/koningdrone.be\/product\/tello-edu-single-combo\/#primaryimage\"},\"thumbnailUrl\":\"https:\/\/koningdrone.be\/wp-content\/uploads\/sites\/13\/2025\/04\/telloedu.jpg\",\"datePublished\":\"2019-12-17T23:49:00+00:00\",\"dateModified\":\"2026-04-29T11:10:27+00:00\",\"breadcrumb\":{\"@id\":\"https:\/\/koningdrone.be\/product\/tello-edu-single-combo\/#breadcrumb\"},\"inLanguage\":\"es\",\"potentialAction\":[{\"@type\":\"ReadAction\",\"target\":[\"https:\/\/koningdrone.be\/product\/tello-edu-single-combo\/\"]}]},{\"@type\":\"ImageObject\",\"inLanguage\":\"es\",\"@id\":\"https:\/\/koningdrone.be\/product\/tello-edu-single-combo\/#primaryimage\",\"url\":\"https:\/\/koningdrone.be\/wp-content\/uploads\/sites\/13\/2025\/04\/telloedu.jpg\",\"contentUrl\":\"https:\/\/koningdrone.be\/wp-content\/uploads\/sites\/13\/2025\/04\/telloedu.jpg\",\"width\":1200,\"height\":800},{\"@type\":\"BreadcrumbList\",\"@id\":\"https:\/\/koningdrone.be\/product\/tello-edu-single-combo\/#breadcrumb\",\"itemListElement\":[{\"@type\":\"ListItem\",\"position\":1,\"name\":\"Home\",\"item\":\"https:\/\/koningdrone.be\/\"},{\"@type\":\"ListItem\",\"position\":2,\"name\":\"AVSS Parachute Recovery System for DJI Matrice 300\/350\",\"item\":\"https:\/\/koningdrone.be\/product\/avss-parachute-recovery-system-for-dji-matrice-300-350\/\"},{\"@type\":\"ListItem\",\"position\":3,\"name\":\"Alle drones\",\"item\":\"https:\/\/koningdrone.be\/categorie\/alle-drones\/\"},{\"@type\":\"ListItem\",\"position\":4,\"name\":\"Tello EDU Single Combo\"}]},{\"@type\":\"WebSite\",\"@id\":\"https:\/\/koningdrone.be\/#website\",\"url\":\"https:\/\/koningdrone.be\/\",\"name\":\"Koningdrone.be - Uw online specialist in drones, gimbals, camera's en power stations.\",\"description\":\"De webshop in drones en gimbals\",\"publisher\":{\"@id\":\"https:\/\/koningdrone.be\/#organization\"},\"potentialAction\":[{\"@type\":\"SearchAction\",\"target\":{\"@type\":\"EntryPoint\",\"urlTemplate\":\"https:\/\/koningdrone.be\/?s={search_term_string}\"},\"query-input\":{\"@type\":\"PropertyValueSpecification\",\"valueRequired\":true,\"valueName\":\"search_term_string\"}}],\"inLanguage\":\"es\"},{\"@type\":\"Organization\",\"@id\":\"https:\/\/koningdrone.be\/#organization\",\"name\":\"Koningdrone.be\",\"url\":\"https:\/\/koningdrone.be\/\",\"logo\":{\"@type\":\"ImageObject\",\"inLanguage\":\"es\",\"@id\":\"https:\/\/koningdrone.be\/#\/schema\/logo\/image\/\",\"url\":\"https:\/\/koningdrone.be\/wp-content\/uploads\/sites\/13\/2025\/04\/koningdrone-copyright-logo.svg\",\"contentUrl\":\"https:\/\/koningdrone.be\/wp-content\/uploads\/sites\/13\/2025\/04\/koningdrone-copyright-logo.svg\",\"width\":227,\"height\":38,\"caption\":\"Koningdrone.be\"},\"image\":{\"@id\":\"https:\/\/koningdrone.be\/#\/schema\/logo\/image\/\"}}]}<\/script>\n<!-- \/ Yoast SEO Premium plugin. -->","yoast_head_json":{"title":"Tello EDU Single Combo - koningdrone.be","robots":{"index":"index","follow":"follow","max-snippet":"max-snippet:-1","max-image-preview":"max-image-preview:large","max-video-preview":"max-video-preview:-1"},"canonical":"https:\/\/koningdrone.be\/es\/producto\/tello-edu-single-combo\/","og_locale":"es_ES","og_type":"article","og_title":"Tello EDU Single Combo","og_description":"Vliegbereik: tot 100 mSnelheid: 8 km \/ uVliegtijd: 13 minutenHoogte: tot 10 mFPV: first person viewIngebouwde oplaadbare batterij 3,8 V \/ 1,1 AhOplaadpoort: microUSBCameraresolutie: 5 MPxHoek: 82,6 \u00b0Videoformaat: JPG, MP4Afmetingen: 98 x 92,5 x 41 mmGewicht: 80 gram","og_url":"https:\/\/koningdrone.be\/es\/producto\/tello-edu-single-combo\/","og_site_name":"koningdrone.be","article_modified_time":"2026-04-29T11:10:27+00:00","og_image":[{"width":1200,"height":800,"url":"https:\/\/koningdrone.be\/wp-content\/uploads\/sites\/13\/2025\/04\/telloedu.jpg","type":"image\/jpeg"}],"twitter_card":"summary_large_image","twitter_misc":{"Tiempo de lectura":"2 minutos"},"schema":{"@context":"https:\/\/schema.org","@graph":[{"@type":"WebPage","@id":"https:\/\/koningdrone.be\/product\/tello-edu-single-combo\/","url":"https:\/\/koningdrone.be\/product\/tello-edu-single-combo\/","name":"Tello EDU Single Combo - koningdrone.be","isPartOf":{"@id":"https:\/\/koningdrone.be\/#website"},"primaryImageOfPage":{"@id":"https:\/\/koningdrone.be\/product\/tello-edu-single-combo\/#primaryimage"},"image":{"@id":"https:\/\/koningdrone.be\/product\/tello-edu-single-combo\/#primaryimage"},"thumbnailUrl":"https:\/\/koningdrone.be\/wp-content\/uploads\/sites\/13\/2025\/04\/telloedu.jpg","datePublished":"2019-12-17T23:49:00+00:00","dateModified":"2026-04-29T11:10:27+00:00","breadcrumb":{"@id":"https:\/\/koningdrone.be\/product\/tello-edu-single-combo\/#breadcrumb"},"inLanguage":"es","potentialAction":[{"@type":"ReadAction","target":["https:\/\/koningdrone.be\/product\/tello-edu-single-combo\/"]}]},{"@type":"ImageObject","inLanguage":"es","@id":"https:\/\/koningdrone.be\/product\/tello-edu-single-combo\/#primaryimage","url":"https:\/\/koningdrone.be\/wp-content\/uploads\/sites\/13\/2025\/04\/telloedu.jpg","contentUrl":"https:\/\/koningdrone.be\/wp-content\/uploads\/sites\/13\/2025\/04\/telloedu.jpg","width":1200,"height":800},{"@type":"BreadcrumbList","@id":"https:\/\/koningdrone.be\/product\/tello-edu-single-combo\/#breadcrumb","itemListElement":[{"@type":"ListItem","position":1,"name":"Home","item":"https:\/\/koningdrone.be\/"},{"@type":"ListItem","position":2,"name":"AVSS Parachute Recovery System for DJI Matrice 300\/350","item":"https:\/\/koningdrone.be\/product\/avss-parachute-recovery-system-for-dji-matrice-300-350\/"},{"@type":"ListItem","position":3,"name":"Alle drones","item":"https:\/\/koningdrone.be\/categorie\/alle-drones\/"},{"@type":"ListItem","position":4,"name":"Tello EDU Single Combo"}]},{"@type":"WebSite","@id":"https:\/\/koningdrone.be\/#website","url":"https:\/\/koningdrone.be\/","name":"Koningdrone.be - Su especialista en l\u00ednea en drones, cardanes, c\u00e1maras y centrales el\u00e9ctricas.","description":"La tienda virtual de drones y cardanes","publisher":{"@id":"https:\/\/koningdrone.be\/#organization"},"potentialAction":[{"@type":"SearchAction","target":{"@type":"EntryPoint","urlTemplate":"https:\/\/koningdrone.be\/?s={search_term_string}"},"query-input":{"@type":"PropertyValueSpecification","valueRequired":true,"valueName":"search_term_string"}}],"inLanguage":"es"},{"@type":"Organization","@id":"https:\/\/koningdrone.be\/#organization","name":"Kingdrone.es","url":"https:\/\/koningdrone.be\/","logo":{"@type":"ImageObject","inLanguage":"es","@id":"https:\/\/koningdrone.be\/#\/schema\/logo\/image\/","url":"https:\/\/koningdrone.be\/wp-content\/uploads\/sites\/13\/2025\/04\/koningdrone-copyright-logo.svg","contentUrl":"https:\/\/koningdrone.be\/wp-content\/uploads\/sites\/13\/2025\/04\/koningdrone-copyright-logo.svg","width":227,"height":38,"caption":"Koningdrone.be"},"image":{"@id":"https:\/\/koningdrone.be\/#\/schema\/logo\/image\/"}}]}},"df_price":"","df_sale_price":"","df_regular_price":"","df_image_link":"https:\/\/koningdrone.be\/wp-content\/uploads\/sites\/13\/2025\/04\/telloedu-300x200.jpg","_links":{"self":[{"href":"https:\/\/koningdrone.be\/es\/wp-json\/wp\/v2\/product\/7363","targetHints":{"allow":["GET"]}}],"collection":[{"href":"https:\/\/koningdrone.be\/es\/wp-json\/wp\/v2\/product"}],"about":[{"href":"https:\/\/koningdrone.be\/es\/wp-json\/wp\/v2\/types\/product"}],"wp:featuredmedia":[{"embeddable":true,"href":"https:\/\/koningdrone.be\/es\/wp-json\/wp\/v2\/media\/7357"}],"wp:attachment":[{"href":"https:\/\/koningdrone.be\/es\/wp-json\/wp\/v2\/media?parent=7363"}],"wp:term":[{"taxonomy":"product_brand","embeddable":true,"href":"https:\/\/koningdrone.be\/es\/wp-json\/wp\/v2\/product_brand?post=7363"},{"taxonomy":"product_cat","embeddable":true,"href":"https:\/\/koningdrone.be\/es\/wp-json\/wp\/v2\/product_cat?post=7363"},{"taxonomy":"product_tag","embeddable":true,"href":"https:\/\/koningdrone.be\/es\/wp-json\/wp\/v2\/product_tag?post=7363"}],"curies":[{"name":"wp","href":"https:\/\/api.w.org\/{rel}","templated":true}]}}