{"id":7310,"date":"2019-12-22T12:22:33","date_gmt":"2019-12-22T11:22:33","guid":{"rendered":"https:\/\/koningdrone.nl\/kon\/product\/dji-matrice-200-accu-tb50-p01\/"},"modified":"2026-04-29T09:30:36","modified_gmt":"2026-04-29T07:30:36","slug":"dji-matrice-200-accu-tb50-p01","status":"publish","type":"product","link":"https:\/\/koningdrone.be\/es\/producto\/dji-matrice-200-accu-tb50-p01\/","title":{"rendered":"DJI Matrice 200 Bater\u00eda TB50 (P01)"},"content":{"rendered":"<h1>DJI Matrice 200 Bater\u00eda TB50 (P01)<\/h1>\n<p>El tiempo m\u00e1ximo de vuelo (con X4S) es de unos 27 minutos. La nueva bater\u00eda del Inspire 2 utiliza un mayor rendimiento y una bater\u00eda de mayor densidad con mayor capacidad global, as\u00ed como una unidad de gesti\u00f3n actualizada. El rendimiento en entornos de baja temperatura se ha optimizado con un sistema integrado de autocalentamiento de 70 W que puede calentarse hasta 5 \u00b0C cada minuto. Esta funci\u00f3n de autocalentamiento puede activarse autom\u00e1tica o manualmente. La unidad de gesti\u00f3n supervisa continuamente el estado de la bater\u00eda y hace que toda la informaci\u00f3n, incluidos el nivel y la temperatura de la bater\u00eda, sea f\u00e1cilmente visible en DJI GO. Visita nuestro blog sobre bater\u00edas para drones y soluciones de carga para obtener m\u00e1s informaci\u00f3n.<br \/>Tenga en cuenta que las pilas TB50 no son compatibles con la versi\u00f3n 2 de la serie Matrice 200.<\/p>","protected":false},"excerpt":{"rendered":"<ul>\n<li>El tiempo m\u00e1ximo de vuelo (con X4S) es de unos 27 minutos<\/li>\n<li>Utiliza una bater\u00eda de mayor rendimiento y densidad<\/li>\n<li>Sistema de autocalentamiento integrado de 70 W<\/li>\n<li>Controla el estado de la bater\u00eda<\/li>\n<li>Nota: se necesitan 2 pilas para el vuelo<\/li>\n<\/ul>","protected":false},"featured_media":7308,"template":"","meta":{"_acf_changed":false},"product_brand":[],"product_cat":[113,97,426,1155],"product_tag":[],"class_list":{"0":"post-7310","1":"product","2":"type-product","3":"status-publish","4":"has-post-thumbnail","6":"product_cat-alle-batterijen","7":"product_cat-alle-producten","8":"product_cat-dji-matrice","9":"product_cat-dji-matrice-200","10":"product_shipping_class-outofstock","11":"pa_brand-dji","12":"pa_productfamily-batterij","13":"pa_producttype-batterij","14":"pa_series-matrice-200","15":"pa_series-matrice-210","16":"pa_series-matrice-210-rtk","18":"first","19":"outofstock","20":"taxable","21":"shipping-taxable","22":"product-type-simple"},"acf":[],"yoast_head":"<!-- This site is optimized with the Yoast SEO Premium plugin v27.2 (Yoast SEO v27.2) - https:\/\/yoast.com\/product\/yoast-seo-premium-wordpress\/ -->\n<title>DJI Matrice 200 Accu TB50 (P01) - koningdrone.be<\/title>\n<meta name=\"robots\" content=\"index, follow, max-snippet:-1, max-image-preview:large, max-video-preview:-1\" \/>\n<link rel=\"canonical\" href=\"https:\/\/koningdrone.be\/es\/producto\/dji-matrice-200-accu-tb50-p01\/\" \/>\n<meta property=\"og:locale\" content=\"es_ES\" \/>\n<meta property=\"og:type\" content=\"article\" \/>\n<meta property=\"og:title\" content=\"DJI Matrice 200 Accu TB50 (P01)\" \/>\n<meta property=\"og:description\" content=\"De maximale vliegtijd (met X4S) is ongeveer 27 minutenGebruikt hogere prestaties en een batterij met een hogere dichtheidIngebouwd 70W zelfverwarmingssysteemBewaakt de batterijstatusOpmerking: 2x batterijen nodig voor de vlucht\" \/>\n<meta property=\"og:url\" content=\"https:\/\/koningdrone.be\/es\/producto\/dji-matrice-200-accu-tb50-p01\/\" \/>\n<meta property=\"og:site_name\" content=\"koningdrone.be\" \/>\n<meta property=\"article:modified_time\" content=\"2026-04-29T07:30:36+00:00\" \/>\n<meta property=\"og:image\" content=\"https:\/\/koningdrone.be\/wp-content\/uploads\/sites\/13\/2025\/04\/6958265150456-1.jpg\" \/>\n\t<meta property=\"og:image:width\" content=\"660\" \/>\n\t<meta property=\"og:image:height\" content=\"413\" \/>\n\t<meta property=\"og:image:type\" content=\"image\/jpeg\" \/>\n<meta name=\"twitter:card\" content=\"summary_large_image\" \/>\n<meta name=\"twitter:label1\" content=\"Tiempo de lectura\" \/>\n\t<meta name=\"twitter:data1\" content=\"1 minuto\" \/>\n<script type=\"application\/ld+json\" class=\"yoast-schema-graph\">{\"@context\":\"https:\/\/schema.org\",\"@graph\":[{\"@type\":\"WebPage\",\"@id\":\"https:\/\/koningdrone.be\/product\/dji-matrice-200-accu-tb50-p01\/\",\"url\":\"https:\/\/koningdrone.be\/product\/dji-matrice-200-accu-tb50-p01\/\",\"name\":\"DJI Matrice 200 Accu TB50 (P01) - koningdrone.be\",\"isPartOf\":{\"@id\":\"https:\/\/koningdrone.be\/#website\"},\"primaryImageOfPage\":{\"@id\":\"https:\/\/koningdrone.be\/product\/dji-matrice-200-accu-tb50-p01\/#primaryimage\"},\"image\":{\"@id\":\"https:\/\/koningdrone.be\/product\/dji-matrice-200-accu-tb50-p01\/#primaryimage\"},\"thumbnailUrl\":\"https:\/\/koningdrone.be\/wp-content\/uploads\/sites\/13\/2025\/04\/6958265150456-1.jpg\",\"datePublished\":\"2019-12-22T11:22:33+00:00\",\"dateModified\":\"2026-04-29T07:30:36+00:00\",\"breadcrumb\":{\"@id\":\"https:\/\/koningdrone.be\/product\/dji-matrice-200-accu-tb50-p01\/#breadcrumb\"},\"inLanguage\":\"es\",\"potentialAction\":[{\"@type\":\"ReadAction\",\"target\":[\"https:\/\/koningdrone.be\/product\/dji-matrice-200-accu-tb50-p01\/\"]}]},{\"@type\":\"ImageObject\",\"inLanguage\":\"es\",\"@id\":\"https:\/\/koningdrone.be\/product\/dji-matrice-200-accu-tb50-p01\/#primaryimage\",\"url\":\"https:\/\/koningdrone.be\/wp-content\/uploads\/sites\/13\/2025\/04\/6958265150456-1.jpg\",\"contentUrl\":\"https:\/\/koningdrone.be\/wp-content\/uploads\/sites\/13\/2025\/04\/6958265150456-1.jpg\",\"width\":660,\"height\":413},{\"@type\":\"BreadcrumbList\",\"@id\":\"https:\/\/koningdrone.be\/product\/dji-matrice-200-accu-tb50-p01\/#breadcrumb\",\"itemListElement\":[{\"@type\":\"ListItem\",\"position\":1,\"name\":\"Home\",\"item\":\"https:\/\/koningdrone.be\/\"},{\"@type\":\"ListItem\",\"position\":2,\"name\":\"AVSS Parachute Recovery System for DJI Matrice 300\/350\",\"item\":\"https:\/\/koningdrone.be\/product\/avss-parachute-recovery-system-for-dji-matrice-300-350\/\"},{\"@type\":\"ListItem\",\"position\":3,\"name\":\"Alle batterijen\",\"item\":\"https:\/\/koningdrone.be\/categorie\/alle-batterijen\/\"},{\"@type\":\"ListItem\",\"position\":4,\"name\":\"DJI Matrice 200 Accu TB50 (P01)\"}]},{\"@type\":\"WebSite\",\"@id\":\"https:\/\/koningdrone.be\/#website\",\"url\":\"https:\/\/koningdrone.be\/\",\"name\":\"Koningdrone.be - Uw online specialist in drones, gimbals, camera's en power stations.\",\"description\":\"De webshop in drones en gimbals\",\"publisher\":{\"@id\":\"https:\/\/koningdrone.be\/#organization\"},\"potentialAction\":[{\"@type\":\"SearchAction\",\"target\":{\"@type\":\"EntryPoint\",\"urlTemplate\":\"https:\/\/koningdrone.be\/?s={search_term_string}\"},\"query-input\":{\"@type\":\"PropertyValueSpecification\",\"valueRequired\":true,\"valueName\":\"search_term_string\"}}],\"inLanguage\":\"es\"},{\"@type\":\"Organization\",\"@id\":\"https:\/\/koningdrone.be\/#organization\",\"name\":\"Koningdrone.be\",\"url\":\"https:\/\/koningdrone.be\/\",\"logo\":{\"@type\":\"ImageObject\",\"inLanguage\":\"es\",\"@id\":\"https:\/\/koningdrone.be\/#\/schema\/logo\/image\/\",\"url\":\"https:\/\/koningdrone.be\/wp-content\/uploads\/sites\/13\/2025\/04\/koningdrone-copyright-logo.svg\",\"contentUrl\":\"https:\/\/koningdrone.be\/wp-content\/uploads\/sites\/13\/2025\/04\/koningdrone-copyright-logo.svg\",\"width\":227,\"height\":38,\"caption\":\"Koningdrone.be\"},\"image\":{\"@id\":\"https:\/\/koningdrone.be\/#\/schema\/logo\/image\/\"}}]}<\/script>\n<!-- \/ Yoast SEO Premium plugin. -->","yoast_head_json":{"title":"DJI Matrice 200 Accu TB50 (P01) - koningdrone.be","robots":{"index":"index","follow":"follow","max-snippet":"max-snippet:-1","max-image-preview":"max-image-preview:large","max-video-preview":"max-video-preview:-1"},"canonical":"https:\/\/koningdrone.be\/es\/producto\/dji-matrice-200-accu-tb50-p01\/","og_locale":"es_ES","og_type":"article","og_title":"DJI Matrice 200 Accu TB50 (P01)","og_description":"De maximale vliegtijd (met X4S) is ongeveer 27 minutenGebruikt hogere prestaties en een batterij met een hogere dichtheidIngebouwd 70W zelfverwarmingssysteemBewaakt de batterijstatusOpmerking: 2x batterijen nodig voor de vlucht","og_url":"https:\/\/koningdrone.be\/es\/producto\/dji-matrice-200-accu-tb50-p01\/","og_site_name":"koningdrone.be","article_modified_time":"2026-04-29T07:30:36+00:00","og_image":[{"width":660,"height":413,"url":"https:\/\/koningdrone.be\/wp-content\/uploads\/sites\/13\/2025\/04\/6958265150456-1.jpg","type":"image\/jpeg"}],"twitter_card":"summary_large_image","twitter_misc":{"Tiempo de lectura":"1 minuto"},"schema":{"@context":"https:\/\/schema.org","@graph":[{"@type":"WebPage","@id":"https:\/\/koningdrone.be\/product\/dji-matrice-200-accu-tb50-p01\/","url":"https:\/\/koningdrone.be\/product\/dji-matrice-200-accu-tb50-p01\/","name":"DJI Matrice 200 Accu TB50 (P01) - koningdrone.be","isPartOf":{"@id":"https:\/\/koningdrone.be\/#website"},"primaryImageOfPage":{"@id":"https:\/\/koningdrone.be\/product\/dji-matrice-200-accu-tb50-p01\/#primaryimage"},"image":{"@id":"https:\/\/koningdrone.be\/product\/dji-matrice-200-accu-tb50-p01\/#primaryimage"},"thumbnailUrl":"https:\/\/koningdrone.be\/wp-content\/uploads\/sites\/13\/2025\/04\/6958265150456-1.jpg","datePublished":"2019-12-22T11:22:33+00:00","dateModified":"2026-04-29T07:30:36+00:00","breadcrumb":{"@id":"https:\/\/koningdrone.be\/product\/dji-matrice-200-accu-tb50-p01\/#breadcrumb"},"inLanguage":"es","potentialAction":[{"@type":"ReadAction","target":["https:\/\/koningdrone.be\/product\/dji-matrice-200-accu-tb50-p01\/"]}]},{"@type":"ImageObject","inLanguage":"es","@id":"https:\/\/koningdrone.be\/product\/dji-matrice-200-accu-tb50-p01\/#primaryimage","url":"https:\/\/koningdrone.be\/wp-content\/uploads\/sites\/13\/2025\/04\/6958265150456-1.jpg","contentUrl":"https:\/\/koningdrone.be\/wp-content\/uploads\/sites\/13\/2025\/04\/6958265150456-1.jpg","width":660,"height":413},{"@type":"BreadcrumbList","@id":"https:\/\/koningdrone.be\/product\/dji-matrice-200-accu-tb50-p01\/#breadcrumb","itemListElement":[{"@type":"ListItem","position":1,"name":"Home","item":"https:\/\/koningdrone.be\/"},{"@type":"ListItem","position":2,"name":"AVSS Parachute Recovery System for DJI Matrice 300\/350","item":"https:\/\/koningdrone.be\/product\/avss-parachute-recovery-system-for-dji-matrice-300-350\/"},{"@type":"ListItem","position":3,"name":"Alle batterijen","item":"https:\/\/koningdrone.be\/categorie\/alle-batterijen\/"},{"@type":"ListItem","position":4,"name":"DJI Matrice 200 Accu TB50 (P01)"}]},{"@type":"WebSite","@id":"https:\/\/koningdrone.be\/#website","url":"https:\/\/koningdrone.be\/","name":"Koningdrone.be - Su especialista en l\u00ednea en drones, cardanes, c\u00e1maras y centrales el\u00e9ctricas.","description":"La tienda virtual de drones y cardanes","publisher":{"@id":"https:\/\/koningdrone.be\/#organization"},"potentialAction":[{"@type":"SearchAction","target":{"@type":"EntryPoint","urlTemplate":"https:\/\/koningdrone.be\/?s={search_term_string}"},"query-input":{"@type":"PropertyValueSpecification","valueRequired":true,"valueName":"search_term_string"}}],"inLanguage":"es"},{"@type":"Organization","@id":"https:\/\/koningdrone.be\/#organization","name":"Kingdrone.es","url":"https:\/\/koningdrone.be\/","logo":{"@type":"ImageObject","inLanguage":"es","@id":"https:\/\/koningdrone.be\/#\/schema\/logo\/image\/","url":"https:\/\/koningdrone.be\/wp-content\/uploads\/sites\/13\/2025\/04\/koningdrone-copyright-logo.svg","contentUrl":"https:\/\/koningdrone.be\/wp-content\/uploads\/sites\/13\/2025\/04\/koningdrone-copyright-logo.svg","width":227,"height":38,"caption":"Koningdrone.be"},"image":{"@id":"https:\/\/koningdrone.be\/#\/schema\/logo\/image\/"}}]}},"df_price":"","df_sale_price":"","df_regular_price":"","df_image_link":"https:\/\/koningdrone.be\/wp-content\/uploads\/sites\/13\/2025\/04\/6958265150456-1-300x188.jpg","_links":{"self":[{"href":"https:\/\/koningdrone.be\/es\/wp-json\/wp\/v2\/product\/7310","targetHints":{"allow":["GET"]}}],"collection":[{"href":"https:\/\/koningdrone.be\/es\/wp-json\/wp\/v2\/product"}],"about":[{"href":"https:\/\/koningdrone.be\/es\/wp-json\/wp\/v2\/types\/product"}],"wp:featuredmedia":[{"embeddable":true,"href":"https:\/\/koningdrone.be\/es\/wp-json\/wp\/v2\/media\/7308"}],"wp:attachment":[{"href":"https:\/\/koningdrone.be\/es\/wp-json\/wp\/v2\/media?parent=7310"}],"wp:term":[{"taxonomy":"product_brand","embeddable":true,"href":"https:\/\/koningdrone.be\/es\/wp-json\/wp\/v2\/product_brand?post=7310"},{"taxonomy":"product_cat","embeddable":true,"href":"https:\/\/koningdrone.be\/es\/wp-json\/wp\/v2\/product_cat?post=7310"},{"taxonomy":"product_tag","embeddable":true,"href":"https:\/\/koningdrone.be\/es\/wp-json\/wp\/v2\/product_tag?post=7310"}],"curies":[{"name":"wp","href":"https:\/\/api.w.org\/{rel}","templated":true}]}}