{"id":7180,"date":"2020-09-18T13:11:35","date_gmt":"2020-09-18T11:11:35","guid":{"rendered":"https:\/\/koningdrone.nl\/kon\/product\/dji-zenmuse-xt-perf-v2-0-336x256-30fps-9mm\/"},"modified":"2026-04-29T08:10:09","modified_gmt":"2026-04-29T06:10:09","slug":"dji-zenmuse-xt-perf-v2-0-336x256-30fps-9mm","status":"publish","type":"product","link":"https:\/\/koningdrone.be\/es\/producto\/dji-zenmuse-xt-perf-v2-0-336x256-30fps-9mm\/","title":{"rendered":"DJI Zenmuse XT Perf. V2.0 336\u00d7256 30FPS 9mm"},"content":{"rendered":"<p>[embedyt] https:\/\/www.youtube.com\/watch?v=Z625R9eljIc[\/embedyt]<\/p>\n<h1>DJI Zenmuse XT Perf. V2.0 336&#215;256 30FPS 9mm<\/h1>\n<p>Warmtebeeldvorming vanuit de lucht was nog nooit zo eenvoudig als met de DJI Zenmuse XT. Door DJI&#8217;s onge\u00ebvenaarde expertise op het gebied van cardanische technologie en beeldoverdracht te combineren met de toonaangevende warmtebeeldtechnologie van FLIR, is de Zenmuse XT de ultieme oplossing voor snelle en betrouwbare thermische beeldvorming vanuit de lucht. Leg sneller en met uiterste precisie grote gebieden vast en bewaar ze voor analyse en rapportage.<\/p>\n<p><strong>Ge\u00efntegreerde Thermische Camera<\/strong><br \/>De camera op de DJI Zenmuse XT is ontwikkeld door FLIR. Het biedt hooggevoelige (50mK) infraroodscanning met 640\/30 fps of 336\/60 fps, afhankelijk van het cameramodel. Deze gevoeligheid zorgt voor nauwkeurige temperatuurmetingen, ideaal voor analyse en telemetrie. Beide camera&#8217;s zijn verkrijgbaar met vier lensopties om aan verschillende zakelijke behoeften te voldoen. Gestabiliseerd en bestuurd door een aangepaste DJI-cardanische ophanging, biedt het vloeiende, duidelijke beelden en 360 graden naadloze rotatiebeweging.<\/p>\n<p>FLIR + DJI = Zeer innovatieve luchtoplossingen<br \/>De Zenmuse-gimbaltechnologie van DJI is de industriestandaard geworden onder veeleisende luchtcinematografen, en alles wat de hoogwerkers van DJI van wereldklasse maakt voor cinematografie, maakt ze ook tot de perfecte platforms voor thermische beeldvorming vanuit de lucht: ze zijn stabiel, gemakkelijk te vliegen en volledig ge\u00efntegreerd. met apps.<\/p>\n<p>Als je er helemaal klaar voor bent, is het belangrijkste doel van elke drone om een \u200b\u200bsensor in een driedimensionale ruimte te plaatsen; wanneer die sensor een warmtebeeldcamera van FLIR is, breidt u de mogelijkheden uit voor zowel drone-operators als thermische inspecteurs. Het gebruik van FLIR-warmtebeeldcamera&#8217;s van kleine drones biedt nieuwe mogelijkheden voor tientallen toepassingen zoals zoeken en redden, de inspectie van hoogspanningsleidingen, zendmasten, bruggen, onderstations en gebouwen, brandbestrijding, precisielandbouw en bescherming van natuurlijke hulpbronnen en dieren in het wild.<\/p>\n<p>Zie het onzichtbare. FLIR-camera&#8217;s onthullen details die met het blote oog onzichtbaar zijn door subtiele temperatuurverschillen zichtbaar te maken. Deze nieuwe kijk op de wereld kan onthullen wanneer apparatuur of gebouwen zijn beschadigd, de locatie van verloren mensen en nog veel meer.<\/p>\n","protected":false},"excerpt":{"rendered":"<ul>\n<li>C\u00e1mara de calor de FLiR<\/li>\n<li>Barrido t\u00e9rmico por infrarrojos de alta sensibilidad (50mK)<\/li>\n<li>20 configuraciones posibles<\/li>\n<li>Modos de grabaci\u00f3n individual o por intervalos<\/li>\n<li>Medici\u00f3n puntual, medici\u00f3n de la temperatura en el centro<\/li>\n<li>Haz fotos mientras grabas v\u00eddeo<\/li>\n<li>Compatible con Matrice 100, Matrice 200, Matrice 600 y DJI Inspire 1<\/li>\n<li>103 mm x 74 mm x 102 mm, 270 gramos<\/li>\n<\/ul>","protected":false},"featured_media":6672,"template":"","meta":{"_acf_changed":false},"product_brand":[],"product_cat":[298,126,97,316],"product_tag":[],"class_list":{"0":"post-7180","1":"product","2":"type-product","3":"status-publish","4":"has-post-thumbnail","6":"product_cat-alle-industriele-camera","7":"product_cat-alle-payloads","8":"product_cat-alle-producten","9":"product_cat-dji-zenmuse","10":"product_shipping_class-outofstock","11":"pa_brand-dji","12":"pa_productfamily-camera","13":"pa_producttype-camera","14":"pa_series-zenmuse-xt","16":"first","17":"outofstock","18":"taxable","19":"shipping-taxable","20":"product-type-simple"},"acf":[],"yoast_head":"<!-- This site is optimized with the Yoast SEO Premium plugin v27.2 (Yoast SEO v27.2) - https:\/\/yoast.com\/product\/yoast-seo-premium-wordpress\/ -->\n<title>DJI Zenmuse XT Perf. V2.0 336x256 30FPS 9mm - koningdrone.be<\/title>\n<meta name=\"robots\" content=\"index, follow, max-snippet:-1, max-image-preview:large, max-video-preview:-1\" \/>\n<link rel=\"canonical\" href=\"https:\/\/koningdrone.be\/es\/producto\/dji-zenmuse-xt-perf-v2-0-336x256-30fps-9mm\/\" \/>\n<meta property=\"og:locale\" content=\"es_ES\" \/>\n<meta property=\"og:type\" content=\"article\" \/>\n<meta property=\"og:title\" content=\"DJI Zenmuse XT Perf. V2.0 336x256 30FPS 9mm\" \/>\n<meta property=\"og:description\" content=\"Warmtecamera van FLiRHoge gevoeligheid (50mK) infrarood thermisch scannen20 configuraties mogelijkEnkele of intervalopnamemodiSpotmeting, temperatuurmeting in het middenMaak foto&#039;s tijdens het opnemen van videoCompatibel met Matrice 100, Matrice 200, Matrice 600 en DJI Inspire 1103 mm x 74 mm x 102 mm, 270 gram\" \/>\n<meta property=\"og:url\" content=\"https:\/\/koningdrone.be\/es\/producto\/dji-zenmuse-xt-perf-v2-0-336x256-30fps-9mm\/\" \/>\n<meta property=\"og:site_name\" content=\"koningdrone.be\" \/>\n<meta property=\"article:modified_time\" content=\"2026-04-29T06:10:09+00:00\" \/>\n<meta property=\"og:image\" content=\"https:\/\/koningdrone.be\/wp-content\/uploads\/sites\/13\/2025\/04\/6958265146985-1-1.jpg\" \/>\n\t<meta property=\"og:image:width\" content=\"700\" \/>\n\t<meta property=\"og:image:height\" content=\"700\" \/>\n\t<meta property=\"og:image:type\" content=\"image\/jpeg\" \/>\n<meta name=\"twitter:card\" content=\"summary_large_image\" \/>\n<meta name=\"twitter:label1\" content=\"Tiempo de lectura\" \/>\n\t<meta name=\"twitter:data1\" content=\"2 minutos\" \/>\n<script type=\"application\/ld+json\" class=\"yoast-schema-graph\">{\"@context\":\"https:\/\/schema.org\",\"@graph\":[{\"@type\":\"WebPage\",\"@id\":\"https:\/\/koningdrone.be\/product\/dji-zenmuse-xt-perf-v2-0-336x256-30fps-9mm\/\",\"url\":\"https:\/\/koningdrone.be\/product\/dji-zenmuse-xt-perf-v2-0-336x256-30fps-9mm\/\",\"name\":\"DJI Zenmuse XT Perf. V2.0 336x256 30FPS 9mm - koningdrone.be\",\"isPartOf\":{\"@id\":\"https:\/\/koningdrone.be\/#website\"},\"primaryImageOfPage\":{\"@id\":\"https:\/\/koningdrone.be\/product\/dji-zenmuse-xt-perf-v2-0-336x256-30fps-9mm\/#primaryimage\"},\"image\":{\"@id\":\"https:\/\/koningdrone.be\/product\/dji-zenmuse-xt-perf-v2-0-336x256-30fps-9mm\/#primaryimage\"},\"thumbnailUrl\":\"https:\/\/koningdrone.be\/wp-content\/uploads\/sites\/13\/2025\/04\/6958265146985-1-1.jpg\",\"datePublished\":\"2020-09-18T11:11:35+00:00\",\"dateModified\":\"2026-04-29T06:10:09+00:00\",\"breadcrumb\":{\"@id\":\"https:\/\/koningdrone.be\/product\/dji-zenmuse-xt-perf-v2-0-336x256-30fps-9mm\/#breadcrumb\"},\"inLanguage\":\"es\",\"potentialAction\":[{\"@type\":\"ReadAction\",\"target\":[\"https:\/\/koningdrone.be\/product\/dji-zenmuse-xt-perf-v2-0-336x256-30fps-9mm\/\"]}]},{\"@type\":\"ImageObject\",\"inLanguage\":\"es\",\"@id\":\"https:\/\/koningdrone.be\/product\/dji-zenmuse-xt-perf-v2-0-336x256-30fps-9mm\/#primaryimage\",\"url\":\"https:\/\/koningdrone.be\/wp-content\/uploads\/sites\/13\/2025\/04\/6958265146985-1-1.jpg\",\"contentUrl\":\"https:\/\/koningdrone.be\/wp-content\/uploads\/sites\/13\/2025\/04\/6958265146985-1-1.jpg\",\"width\":700,\"height\":700},{\"@type\":\"BreadcrumbList\",\"@id\":\"https:\/\/koningdrone.be\/product\/dji-zenmuse-xt-perf-v2-0-336x256-30fps-9mm\/#breadcrumb\",\"itemListElement\":[{\"@type\":\"ListItem\",\"position\":1,\"name\":\"Home\",\"item\":\"https:\/\/koningdrone.be\/\"},{\"@type\":\"ListItem\",\"position\":2,\"name\":\"AVSS Parachute Recovery System for DJI Matrice 300\/350\",\"item\":\"https:\/\/koningdrone.be\/product\/avss-parachute-recovery-system-for-dji-matrice-300-350\/\"},{\"@type\":\"ListItem\",\"position\":3,\"name\":\"Alle industriele camera\",\"item\":\"https:\/\/koningdrone.be\/categorie\/alle-industriele-camera\/\"},{\"@type\":\"ListItem\",\"position\":4,\"name\":\"DJI Zenmuse XT Perf. V2.0 336&#215;256 30FPS 9mm\"}]},{\"@type\":\"WebSite\",\"@id\":\"https:\/\/koningdrone.be\/#website\",\"url\":\"https:\/\/koningdrone.be\/\",\"name\":\"Koningdrone.be - Uw online specialist in drones, gimbals, camera's en power stations.\",\"description\":\"De webshop in drones en gimbals\",\"publisher\":{\"@id\":\"https:\/\/koningdrone.be\/#organization\"},\"potentialAction\":[{\"@type\":\"SearchAction\",\"target\":{\"@type\":\"EntryPoint\",\"urlTemplate\":\"https:\/\/koningdrone.be\/?s={search_term_string}\"},\"query-input\":{\"@type\":\"PropertyValueSpecification\",\"valueRequired\":true,\"valueName\":\"search_term_string\"}}],\"inLanguage\":\"es\"},{\"@type\":\"Organization\",\"@id\":\"https:\/\/koningdrone.be\/#organization\",\"name\":\"Koningdrone.be\",\"url\":\"https:\/\/koningdrone.be\/\",\"logo\":{\"@type\":\"ImageObject\",\"inLanguage\":\"es\",\"@id\":\"https:\/\/koningdrone.be\/#\/schema\/logo\/image\/\",\"url\":\"https:\/\/koningdrone.be\/wp-content\/uploads\/sites\/13\/2025\/04\/koningdrone-copyright-logo.svg\",\"contentUrl\":\"https:\/\/koningdrone.be\/wp-content\/uploads\/sites\/13\/2025\/04\/koningdrone-copyright-logo.svg\",\"width\":227,\"height\":38,\"caption\":\"Koningdrone.be\"},\"image\":{\"@id\":\"https:\/\/koningdrone.be\/#\/schema\/logo\/image\/\"}}]}<\/script>\n<!-- \/ Yoast SEO Premium plugin. -->","yoast_head_json":{"title":"DJI Zenmuse XT Perf. V2.0 336x256 30FPS 9mm - koningdrone.be","robots":{"index":"index","follow":"follow","max-snippet":"max-snippet:-1","max-image-preview":"max-image-preview:large","max-video-preview":"max-video-preview:-1"},"canonical":"https:\/\/koningdrone.be\/es\/producto\/dji-zenmuse-xt-perf-v2-0-336x256-30fps-9mm\/","og_locale":"es_ES","og_type":"article","og_title":"DJI Zenmuse XT Perf. V2.0 336x256 30FPS 9mm","og_description":"Warmtecamera van FLiRHoge gevoeligheid (50mK) infrarood thermisch scannen20 configuraties mogelijkEnkele of intervalopnamemodiSpotmeting, temperatuurmeting in het middenMaak foto's tijdens het opnemen van videoCompatibel met Matrice 100, Matrice 200, Matrice 600 en DJI Inspire 1103 mm x 74 mm x 102 mm, 270 gram","og_url":"https:\/\/koningdrone.be\/es\/producto\/dji-zenmuse-xt-perf-v2-0-336x256-30fps-9mm\/","og_site_name":"koningdrone.be","article_modified_time":"2026-04-29T06:10:09+00:00","og_image":[{"width":700,"height":700,"url":"https:\/\/koningdrone.be\/wp-content\/uploads\/sites\/13\/2025\/04\/6958265146985-1-1.jpg","type":"image\/jpeg"}],"twitter_card":"summary_large_image","twitter_misc":{"Tiempo de lectura":"2 minutos"},"schema":{"@context":"https:\/\/schema.org","@graph":[{"@type":"WebPage","@id":"https:\/\/koningdrone.be\/product\/dji-zenmuse-xt-perf-v2-0-336x256-30fps-9mm\/","url":"https:\/\/koningdrone.be\/product\/dji-zenmuse-xt-perf-v2-0-336x256-30fps-9mm\/","name":"DJI Zenmuse XT Perf. V2.0 336x256 30FPS 9mm - koningdrone.be","isPartOf":{"@id":"https:\/\/koningdrone.be\/#website"},"primaryImageOfPage":{"@id":"https:\/\/koningdrone.be\/product\/dji-zenmuse-xt-perf-v2-0-336x256-30fps-9mm\/#primaryimage"},"image":{"@id":"https:\/\/koningdrone.be\/product\/dji-zenmuse-xt-perf-v2-0-336x256-30fps-9mm\/#primaryimage"},"thumbnailUrl":"https:\/\/koningdrone.be\/wp-content\/uploads\/sites\/13\/2025\/04\/6958265146985-1-1.jpg","datePublished":"2020-09-18T11:11:35+00:00","dateModified":"2026-04-29T06:10:09+00:00","breadcrumb":{"@id":"https:\/\/koningdrone.be\/product\/dji-zenmuse-xt-perf-v2-0-336x256-30fps-9mm\/#breadcrumb"},"inLanguage":"es","potentialAction":[{"@type":"ReadAction","target":["https:\/\/koningdrone.be\/product\/dji-zenmuse-xt-perf-v2-0-336x256-30fps-9mm\/"]}]},{"@type":"ImageObject","inLanguage":"es","@id":"https:\/\/koningdrone.be\/product\/dji-zenmuse-xt-perf-v2-0-336x256-30fps-9mm\/#primaryimage","url":"https:\/\/koningdrone.be\/wp-content\/uploads\/sites\/13\/2025\/04\/6958265146985-1-1.jpg","contentUrl":"https:\/\/koningdrone.be\/wp-content\/uploads\/sites\/13\/2025\/04\/6958265146985-1-1.jpg","width":700,"height":700},{"@type":"BreadcrumbList","@id":"https:\/\/koningdrone.be\/product\/dji-zenmuse-xt-perf-v2-0-336x256-30fps-9mm\/#breadcrumb","itemListElement":[{"@type":"ListItem","position":1,"name":"Home","item":"https:\/\/koningdrone.be\/"},{"@type":"ListItem","position":2,"name":"AVSS Parachute Recovery System for DJI Matrice 300\/350","item":"https:\/\/koningdrone.be\/product\/avss-parachute-recovery-system-for-dji-matrice-300-350\/"},{"@type":"ListItem","position":3,"name":"Alle industriele camera","item":"https:\/\/koningdrone.be\/categorie\/alle-industriele-camera\/"},{"@type":"ListItem","position":4,"name":"DJI Zenmuse XT Perf. V2.0 336&#215;256 30FPS 9mm"}]},{"@type":"WebSite","@id":"https:\/\/koningdrone.be\/#website","url":"https:\/\/koningdrone.be\/","name":"Koningdrone.be - Su especialista en l\u00ednea en drones, cardanes, c\u00e1maras y centrales el\u00e9ctricas.","description":"La tienda virtual de drones y cardanes","publisher":{"@id":"https:\/\/koningdrone.be\/#organization"},"potentialAction":[{"@type":"SearchAction","target":{"@type":"EntryPoint","urlTemplate":"https:\/\/koningdrone.be\/?s={search_term_string}"},"query-input":{"@type":"PropertyValueSpecification","valueRequired":true,"valueName":"search_term_string"}}],"inLanguage":"es"},{"@type":"Organization","@id":"https:\/\/koningdrone.be\/#organization","name":"Kingdrone.es","url":"https:\/\/koningdrone.be\/","logo":{"@type":"ImageObject","inLanguage":"es","@id":"https:\/\/koningdrone.be\/#\/schema\/logo\/image\/","url":"https:\/\/koningdrone.be\/wp-content\/uploads\/sites\/13\/2025\/04\/koningdrone-copyright-logo.svg","contentUrl":"https:\/\/koningdrone.be\/wp-content\/uploads\/sites\/13\/2025\/04\/koningdrone-copyright-logo.svg","width":227,"height":38,"caption":"Koningdrone.be"},"image":{"@id":"https:\/\/koningdrone.be\/#\/schema\/logo\/image\/"}}]}},"df_price":"","df_sale_price":"","df_regular_price":"","df_image_link":"https:\/\/koningdrone.be\/wp-content\/uploads\/sites\/13\/2025\/04\/6958265146985-1-1-300x300.jpg","_links":{"self":[{"href":"https:\/\/koningdrone.be\/es\/wp-json\/wp\/v2\/product\/7180","targetHints":{"allow":["GET"]}}],"collection":[{"href":"https:\/\/koningdrone.be\/es\/wp-json\/wp\/v2\/product"}],"about":[{"href":"https:\/\/koningdrone.be\/es\/wp-json\/wp\/v2\/types\/product"}],"wp:featuredmedia":[{"embeddable":true,"href":"https:\/\/koningdrone.be\/es\/wp-json\/wp\/v2\/media\/6672"}],"wp:attachment":[{"href":"https:\/\/koningdrone.be\/es\/wp-json\/wp\/v2\/media?parent=7180"}],"wp:term":[{"taxonomy":"product_brand","embeddable":true,"href":"https:\/\/koningdrone.be\/es\/wp-json\/wp\/v2\/product_brand?post=7180"},{"taxonomy":"product_cat","embeddable":true,"href":"https:\/\/koningdrone.be\/es\/wp-json\/wp\/v2\/product_cat?post=7180"},{"taxonomy":"product_tag","embeddable":true,"href":"https:\/\/koningdrone.be\/es\/wp-json\/wp\/v2\/product_tag?post=7180"}],"curies":[{"name":"wp","href":"https:\/\/api.w.org\/{rel}","templated":true}]}}