{"id":7171,"date":"2020-09-18T13:11:46","date_gmt":"2020-09-18T11:11:46","guid":{"rendered":"https:\/\/koningdrone.nl\/kon\/product\/flir-zenmuse-xt2-radio-336x256-9fps-9mm\/"},"modified":"2026-04-29T08:10:55","modified_gmt":"2026-04-29T06:10:55","slug":"flir-zenmuse-xt2-radio-336x256-9fps-9mm","status":"publish","type":"product","link":"https:\/\/koningdrone.be\/es\/producto\/flir-zenmuse-xt2-radio-336x256-9fps-9mm\/","title":{"rendered":"FLIR Zenmuse XT2 Radio. 336\u00d7256 9FPS 9mm"},"content":{"rendered":"<p>[embedyt]https:\/\/www.youtube.com\/watch?v=JOwgSrQXY_E[\/embedyt]<\/p>\n<h1>DJI Zenmuse XT2 Radio. 336&#215;256 9FPS 9mm<\/h1>\n<p>De Zenmuse XT2 336&#215;256 heeft een framerate van 9Hz en is verkrijgbaar met 3 verschillende lensopties. Een FLIR-warmtebeeldcamera gecombineerd met een 4K-camera en stabilisatie- en machine-intelligentietechnologie van DJI.<br \/><strong>Dubbele zicht &amp; superieure intelligentie<\/strong><br \/>Ervaar de volgende generatie commerci\u00eble drone-oplossingen met de XT2. Door de FLIR Tau 2-temperatuursensor, een 4K vision-camera, toonaangevende stabilisatietechnologie en kunstmatige intelligentie van DJI te combineren, cre\u00ebert de XT2 zinvolle informatie van luchtfoto&#8217;s die tijd, geld en levens kunnen besparen.<br \/><strong>Robuuste Thermische Beeldoplossing Met Robuuste Sensoren<\/strong><br \/>De moderne radiometrische FLIR-temperatuursensor is samen met de 4K vision-sensor ondergebracht in een weerbestendige behuizing, naadloos ge\u00efntegreerd met de enterprise-drones van DJI.<br \/><strong>Krijg Nuttige Informatie In Real Time<\/strong><br \/>Met een veelvoud aan processoren en beeldherkenningsalgoritmen helpt de virtuele intelligentie van de XT2 de teams ter plaatse om informatie onmiddellijk te filteren, in plaats van langdurige analyses achteraf.<br \/><strong>Toepassingen<\/strong><br \/>Ontdek het onzichtbare. FLIR-camera&#8217;s laten de kleinste temperatuurverschillen zien die met het blote oog niet zichtbaar zijn. Deze nieuwe kijk op de wereld helpt om te identificeren welke faciliteiten of gebouwen beschadigd zijn, vindt vermiste mensen en kan nog veel meer.<br \/><strong>Compatibel Met De M200-Serie En De M600 Pro<\/strong><br \/>De Zenmuse XT2 zit in een mum van tijd in de aansluitingen van de M200-serie of de M600 Pro DJI-drones, waardoor piloten direct zicht en controle hebben over deze krachtige warmtebeeldsensor. Als de XT2 wordt gecombineerd met de M200, krijgt de piloot een oplossing voor langdurige drone-operaties onder ongunstige omstandigheden. Deze missies kunnen ook veilig worden uitgevoerd in omstandigheden met weinig licht, harde wind of lichte regen. Met de M210 als basis kunnen piloten zelf een robuuste drone-oplossing cre\u00ebren. Naast de XT2 kunnen, afhankelijk van het doel, andere apparatuur zoals zoomcamera&#8217;s of extra boordcomputers worden gecombineerd met de drone.<br \/><strong>Professionele Controle Met De DJI Pilot-App<\/strong><br \/>De krachtige DJI Pilot App is speciaal ontwikkeld voor bedrijven om het volledige potentieel van het vliegtuig te kunnen benutten. Speciaal ontwikkeld voor de XT2, verbetert de DJI Pilot-app de vlucht en het opnameproces voor luchtfoto&#8217;s.<\/p>\n","protected":false},"excerpt":{"rendered":"<ul>\n<li>Rango de temperatura de -40 a 550 \u00b0C (-40 a 1022 \u00b0F)<\/li>\n<li>2 opciones de resoluci\u00f3n para sensores t\u00e9rmicos 336 x 256 y 640 x 512<\/li>\n<li>Resoluci\u00f3n de v\u00eddeo 4K Ultra HD de 3840 \u00d7 2160<\/li>\n<li>Sensibilidad t\u00e9rmica &lt;50 mK<\/li>\n<li>C\u00e1mara de imagen t\u00e9rmica VOx Microbolometer no refrigerada<\/li>\n<li>Frecuencia de imagen t\u00e9rmica de 30 Hz<\/li>\n<li>Sensor visual de 12 MP<\/li>\n<li>Banda espectral de 7,5 - 13,5 \u00b5m<\/li>\n<li>57,12 \u00b0 x 42,44 \u00b0 FOV visible de la c\u00e1mara<\/li>\n<\/ul>","protected":false},"featured_media":7166,"template":"","meta":{"_acf_changed":false},"product_brand":[],"product_cat":[298,126,97,316],"product_tag":[],"class_list":{"0":"post-7171","1":"product","2":"type-product","3":"status-publish","4":"has-post-thumbnail","6":"product_cat-alle-industriele-camera","7":"product_cat-alle-payloads","8":"product_cat-alle-producten","9":"product_cat-dji-zenmuse","10":"product_shipping_class-outofstock","11":"pa_brand-dji","12":"pa_productfamily-warmtebeeld-camera","13":"pa_producttype-warmtebeeld-camera","14":"pa_series-zenmuse-xt2","16":"first","17":"outofstock","18":"taxable","19":"shipping-taxable","20":"product-type-simple"},"acf":[],"yoast_head":"<!-- This site is optimized with the Yoast SEO Premium plugin v27.2 (Yoast SEO v27.2) - https:\/\/yoast.com\/product\/yoast-seo-premium-wordpress\/ -->\n<title>FLIR Zenmuse XT2 Radio. 336x256 9FPS 9mm - koningdrone.be<\/title>\n<meta name=\"robots\" content=\"index, follow, max-snippet:-1, max-image-preview:large, max-video-preview:-1\" \/>\n<link rel=\"canonical\" href=\"https:\/\/koningdrone.be\/es\/producto\/flir-zenmuse-xt2-radio-336x256-9fps-9mm\/\" \/>\n<meta property=\"og:locale\" content=\"es_ES\" \/>\n<meta property=\"og:type\" content=\"article\" \/>\n<meta property=\"og:title\" content=\"FLIR Zenmuse XT2 Radio. 336x256 9FPS 9mm\" \/>\n<meta property=\"og:description\" content=\"-40 tot 1022 \u00b0 F (-40 tot 550 \u00b0 C) temperatuurbereik2 resolutie-opties voor thermische sensoren 336 x 256 &amp; 640 x 5123840 \u00d7 2160 4K Ultra HD-videoresolutie&lt;50 mK thermische gevoeligheidOngekoelde VOx Microbolometer warmtebeeldcamera30 Hz thermische framesnelheid12 MP visuele sensorSpectrale band van 7,5 - 13,5 \u00b5m57.12 \u00b0 x 42.44 \u00b0 zichtbare camera FOV\" \/>\n<meta property=\"og:url\" content=\"https:\/\/koningdrone.be\/es\/producto\/flir-zenmuse-xt2-radio-336x256-9fps-9mm\/\" \/>\n<meta property=\"og:site_name\" content=\"koningdrone.be\" \/>\n<meta property=\"article:modified_time\" content=\"2026-04-29T06:10:55+00:00\" \/>\n<meta property=\"og:image\" content=\"https:\/\/koningdrone.be\/wp-content\/uploads\/sites\/13\/2025\/04\/4251088412971-1.jpg\" \/>\n\t<meta property=\"og:image:width\" content=\"600\" \/>\n\t<meta property=\"og:image:height\" content=\"375\" \/>\n\t<meta property=\"og:image:type\" content=\"image\/jpeg\" \/>\n<meta name=\"twitter:card\" content=\"summary_large_image\" \/>\n<meta name=\"twitter:label1\" content=\"Tiempo de lectura\" \/>\n\t<meta name=\"twitter:data1\" content=\"2 minutos\" \/>\n<script type=\"application\/ld+json\" class=\"yoast-schema-graph\">{\"@context\":\"https:\/\/schema.org\",\"@graph\":[{\"@type\":\"WebPage\",\"@id\":\"https:\/\/koningdrone.be\/product\/flir-zenmuse-xt2-radio-336x256-9fps-9mm\/\",\"url\":\"https:\/\/koningdrone.be\/product\/flir-zenmuse-xt2-radio-336x256-9fps-9mm\/\",\"name\":\"FLIR Zenmuse XT2 Radio. 336x256 9FPS 9mm - koningdrone.be\",\"isPartOf\":{\"@id\":\"https:\/\/koningdrone.be\/#website\"},\"primaryImageOfPage\":{\"@id\":\"https:\/\/koningdrone.be\/product\/flir-zenmuse-xt2-radio-336x256-9fps-9mm\/#primaryimage\"},\"image\":{\"@id\":\"https:\/\/koningdrone.be\/product\/flir-zenmuse-xt2-radio-336x256-9fps-9mm\/#primaryimage\"},\"thumbnailUrl\":\"https:\/\/koningdrone.be\/wp-content\/uploads\/sites\/13\/2025\/04\/4251088412971-1.jpg\",\"datePublished\":\"2020-09-18T11:11:46+00:00\",\"dateModified\":\"2026-04-29T06:10:55+00:00\",\"breadcrumb\":{\"@id\":\"https:\/\/koningdrone.be\/product\/flir-zenmuse-xt2-radio-336x256-9fps-9mm\/#breadcrumb\"},\"inLanguage\":\"es\",\"potentialAction\":[{\"@type\":\"ReadAction\",\"target\":[\"https:\/\/koningdrone.be\/product\/flir-zenmuse-xt2-radio-336x256-9fps-9mm\/\"]}]},{\"@type\":\"ImageObject\",\"inLanguage\":\"es\",\"@id\":\"https:\/\/koningdrone.be\/product\/flir-zenmuse-xt2-radio-336x256-9fps-9mm\/#primaryimage\",\"url\":\"https:\/\/koningdrone.be\/wp-content\/uploads\/sites\/13\/2025\/04\/4251088412971-1.jpg\",\"contentUrl\":\"https:\/\/koningdrone.be\/wp-content\/uploads\/sites\/13\/2025\/04\/4251088412971-1.jpg\",\"width\":600,\"height\":375},{\"@type\":\"BreadcrumbList\",\"@id\":\"https:\/\/koningdrone.be\/product\/flir-zenmuse-xt2-radio-336x256-9fps-9mm\/#breadcrumb\",\"itemListElement\":[{\"@type\":\"ListItem\",\"position\":1,\"name\":\"Home\",\"item\":\"https:\/\/koningdrone.be\/\"},{\"@type\":\"ListItem\",\"position\":2,\"name\":\"AVSS Parachute Recovery System for DJI Matrice 300\/350\",\"item\":\"https:\/\/koningdrone.be\/product\/avss-parachute-recovery-system-for-dji-matrice-300-350\/\"},{\"@type\":\"ListItem\",\"position\":3,\"name\":\"Alle industriele camera\",\"item\":\"https:\/\/koningdrone.be\/categorie\/alle-industriele-camera\/\"},{\"@type\":\"ListItem\",\"position\":4,\"name\":\"FLIR Zenmuse XT2 Radio. 336&#215;256 9FPS 9mm\"}]},{\"@type\":\"WebSite\",\"@id\":\"https:\/\/koningdrone.be\/#website\",\"url\":\"https:\/\/koningdrone.be\/\",\"name\":\"Koningdrone.be - Uw online specialist in drones, gimbals, camera's en power stations.\",\"description\":\"De webshop in drones en gimbals\",\"publisher\":{\"@id\":\"https:\/\/koningdrone.be\/#organization\"},\"potentialAction\":[{\"@type\":\"SearchAction\",\"target\":{\"@type\":\"EntryPoint\",\"urlTemplate\":\"https:\/\/koningdrone.be\/?s={search_term_string}\"},\"query-input\":{\"@type\":\"PropertyValueSpecification\",\"valueRequired\":true,\"valueName\":\"search_term_string\"}}],\"inLanguage\":\"es\"},{\"@type\":\"Organization\",\"@id\":\"https:\/\/koningdrone.be\/#organization\",\"name\":\"Koningdrone.be\",\"url\":\"https:\/\/koningdrone.be\/\",\"logo\":{\"@type\":\"ImageObject\",\"inLanguage\":\"es\",\"@id\":\"https:\/\/koningdrone.be\/#\/schema\/logo\/image\/\",\"url\":\"https:\/\/koningdrone.be\/wp-content\/uploads\/sites\/13\/2025\/04\/koningdrone-copyright-logo.svg\",\"contentUrl\":\"https:\/\/koningdrone.be\/wp-content\/uploads\/sites\/13\/2025\/04\/koningdrone-copyright-logo.svg\",\"width\":227,\"height\":38,\"caption\":\"Koningdrone.be\"},\"image\":{\"@id\":\"https:\/\/koningdrone.be\/#\/schema\/logo\/image\/\"}}]}<\/script>\n<!-- \/ Yoast SEO Premium plugin. -->","yoast_head_json":{"title":"FLIR Zenmuse XT2 Radio. 336x256 9FPS 9mm - koningdrone.be","robots":{"index":"index","follow":"follow","max-snippet":"max-snippet:-1","max-image-preview":"max-image-preview:large","max-video-preview":"max-video-preview:-1"},"canonical":"https:\/\/koningdrone.be\/es\/producto\/flir-zenmuse-xt2-radio-336x256-9fps-9mm\/","og_locale":"es_ES","og_type":"article","og_title":"FLIR Zenmuse XT2 Radio. 336x256 9FPS 9mm","og_description":"-40 tot 1022 \u00b0 F (-40 tot 550 \u00b0 C) temperatuurbereik2 resolutie-opties voor thermische sensoren 336 x 256 &amp; 640 x 5123840 \u00d7 2160 4K Ultra HD-videoresolutie&lt;50 mK thermische gevoeligheidOngekoelde VOx Microbolometer warmtebeeldcamera30 Hz thermische framesnelheid12 MP visuele sensorSpectrale band van 7,5 - 13,5 \u00b5m57.12 \u00b0 x 42.44 \u00b0 zichtbare camera FOV","og_url":"https:\/\/koningdrone.be\/es\/producto\/flir-zenmuse-xt2-radio-336x256-9fps-9mm\/","og_site_name":"koningdrone.be","article_modified_time":"2026-04-29T06:10:55+00:00","og_image":[{"width":600,"height":375,"url":"https:\/\/koningdrone.be\/wp-content\/uploads\/sites\/13\/2025\/04\/4251088412971-1.jpg","type":"image\/jpeg"}],"twitter_card":"summary_large_image","twitter_misc":{"Tiempo de lectura":"2 minutos"},"schema":{"@context":"https:\/\/schema.org","@graph":[{"@type":"WebPage","@id":"https:\/\/koningdrone.be\/product\/flir-zenmuse-xt2-radio-336x256-9fps-9mm\/","url":"https:\/\/koningdrone.be\/product\/flir-zenmuse-xt2-radio-336x256-9fps-9mm\/","name":"FLIR Zenmuse XT2 Radio. 336x256 9FPS 9mm - koningdrone.be","isPartOf":{"@id":"https:\/\/koningdrone.be\/#website"},"primaryImageOfPage":{"@id":"https:\/\/koningdrone.be\/product\/flir-zenmuse-xt2-radio-336x256-9fps-9mm\/#primaryimage"},"image":{"@id":"https:\/\/koningdrone.be\/product\/flir-zenmuse-xt2-radio-336x256-9fps-9mm\/#primaryimage"},"thumbnailUrl":"https:\/\/koningdrone.be\/wp-content\/uploads\/sites\/13\/2025\/04\/4251088412971-1.jpg","datePublished":"2020-09-18T11:11:46+00:00","dateModified":"2026-04-29T06:10:55+00:00","breadcrumb":{"@id":"https:\/\/koningdrone.be\/product\/flir-zenmuse-xt2-radio-336x256-9fps-9mm\/#breadcrumb"},"inLanguage":"es","potentialAction":[{"@type":"ReadAction","target":["https:\/\/koningdrone.be\/product\/flir-zenmuse-xt2-radio-336x256-9fps-9mm\/"]}]},{"@type":"ImageObject","inLanguage":"es","@id":"https:\/\/koningdrone.be\/product\/flir-zenmuse-xt2-radio-336x256-9fps-9mm\/#primaryimage","url":"https:\/\/koningdrone.be\/wp-content\/uploads\/sites\/13\/2025\/04\/4251088412971-1.jpg","contentUrl":"https:\/\/koningdrone.be\/wp-content\/uploads\/sites\/13\/2025\/04\/4251088412971-1.jpg","width":600,"height":375},{"@type":"BreadcrumbList","@id":"https:\/\/koningdrone.be\/product\/flir-zenmuse-xt2-radio-336x256-9fps-9mm\/#breadcrumb","itemListElement":[{"@type":"ListItem","position":1,"name":"Home","item":"https:\/\/koningdrone.be\/"},{"@type":"ListItem","position":2,"name":"AVSS Parachute Recovery System for DJI Matrice 300\/350","item":"https:\/\/koningdrone.be\/product\/avss-parachute-recovery-system-for-dji-matrice-300-350\/"},{"@type":"ListItem","position":3,"name":"Alle industriele camera","item":"https:\/\/koningdrone.be\/categorie\/alle-industriele-camera\/"},{"@type":"ListItem","position":4,"name":"FLIR Zenmuse XT2 Radio. 336&#215;256 9FPS 9mm"}]},{"@type":"WebSite","@id":"https:\/\/koningdrone.be\/#website","url":"https:\/\/koningdrone.be\/","name":"Koningdrone.be - Su especialista en l\u00ednea en drones, cardanes, c\u00e1maras y centrales el\u00e9ctricas.","description":"La tienda virtual de drones y cardanes","publisher":{"@id":"https:\/\/koningdrone.be\/#organization"},"potentialAction":[{"@type":"SearchAction","target":{"@type":"EntryPoint","urlTemplate":"https:\/\/koningdrone.be\/?s={search_term_string}"},"query-input":{"@type":"PropertyValueSpecification","valueRequired":true,"valueName":"search_term_string"}}],"inLanguage":"es"},{"@type":"Organization","@id":"https:\/\/koningdrone.be\/#organization","name":"Kingdrone.es","url":"https:\/\/koningdrone.be\/","logo":{"@type":"ImageObject","inLanguage":"es","@id":"https:\/\/koningdrone.be\/#\/schema\/logo\/image\/","url":"https:\/\/koningdrone.be\/wp-content\/uploads\/sites\/13\/2025\/04\/koningdrone-copyright-logo.svg","contentUrl":"https:\/\/koningdrone.be\/wp-content\/uploads\/sites\/13\/2025\/04\/koningdrone-copyright-logo.svg","width":227,"height":38,"caption":"Koningdrone.be"},"image":{"@id":"https:\/\/koningdrone.be\/#\/schema\/logo\/image\/"}}]}},"df_price":"","df_sale_price":"","df_regular_price":"","df_image_link":"https:\/\/koningdrone.be\/wp-content\/uploads\/sites\/13\/2025\/04\/4251088412971-1-300x188.jpg","_links":{"self":[{"href":"https:\/\/koningdrone.be\/es\/wp-json\/wp\/v2\/product\/7171","targetHints":{"allow":["GET"]}}],"collection":[{"href":"https:\/\/koningdrone.be\/es\/wp-json\/wp\/v2\/product"}],"about":[{"href":"https:\/\/koningdrone.be\/es\/wp-json\/wp\/v2\/types\/product"}],"wp:featuredmedia":[{"embeddable":true,"href":"https:\/\/koningdrone.be\/es\/wp-json\/wp\/v2\/media\/7166"}],"wp:attachment":[{"href":"https:\/\/koningdrone.be\/es\/wp-json\/wp\/v2\/media?parent=7171"}],"wp:term":[{"taxonomy":"product_brand","embeddable":true,"href":"https:\/\/koningdrone.be\/es\/wp-json\/wp\/v2\/product_brand?post=7171"},{"taxonomy":"product_cat","embeddable":true,"href":"https:\/\/koningdrone.be\/es\/wp-json\/wp\/v2\/product_cat?post=7171"},{"taxonomy":"product_tag","embeddable":true,"href":"https:\/\/koningdrone.be\/es\/wp-json\/wp\/v2\/product_tag?post=7171"}],"curies":[{"name":"wp","href":"https:\/\/api.w.org\/{rel}","templated":true}]}}