{"id":7109,"date":"2020-09-18T13:12:08","date_gmt":"2020-09-18T11:12:08","guid":{"rendered":"https:\/\/koningdrone.nl\/kon\/product\/micasense-altum-kit-dji-skyport-multibox\/"},"modified":"2026-04-29T08:10:37","modified_gmt":"2026-04-29T06:10:37","slug":"micasense-altum-kit-dji-skyport-multibox","status":"publish","type":"product","link":"https:\/\/koningdrone.be\/es\/producto\/micasense-altum-kit-dji-skyport-multibox\/","title":{"rendered":"MICASENSE Altum Kit &amp; DJI Skyport (Multibox)"},"content":{"rendered":"<h1>MICASENSE Altum Kit &amp; DJI Skyport (Multibox)<\/h1>\n<p>MICASENSE Altum Kit &amp; DJI Skyport (Multibox)<br \/>MicaSense Altum es un sensor calibrado y sincronizado para im\u00e1genes t\u00e9rmicas, multiespectrales y RGB de alta resoluci\u00f3n, para an\u00e1lisis avanzados. La c\u00e1mara termogr\u00e1fica radiom\u00e9trica toma las im\u00e1genes sobre la marcha.<br \/><strong>Caracter\u00edsticas:<\/strong><br \/> - Sensores radiom\u00e9tricos-t\u00e9rmicos y multiespectrales y DLS 2 para resultados precisos y fiables<br \/> - M\u00faltiples opciones de interfaz, API abierta y puntos de montaje para facilitar la integraci\u00f3n<br \/> - Salida de archivos TIFF est\u00e1ndar. Elija sus propias plataformas de procesamiento y an\u00e1lisis o procese los datos usted mismo.<br \/> - Almacenamiento USB 3.0 de gran capacidad: vuele m\u00e1s tiempo sin cambiar de dispositivo de almacenamiento<br \/> - Adquisici\u00f3n t\u00e9rmica y multiespectral sincronizada para un an\u00e1lisis exhaustivo<br \/> - Dise\u00f1o robusto sin piezas m\u00f3viles<br \/> - Mayor velocidad de grabaci\u00f3n para velocidades de aire m\u00e1s altas<br \/> - Recogida de datos fitosanitarios y mucho m\u00e1s<br \/><strong>Integraci\u00f3n perfecta a trav\u00e9s de DJI SkySport<\/strong><br \/> - Los sensores est\u00e1ndar del sector pueden integrarse ahora completamente en los drones DJI Matrice 200 y 210:<br \/> - El DJI SkyPort Kit contiene todo lo necesario para la integraci\u00f3n<br \/> - El adaptador SkyPort permite una r\u00e1pida conexi\u00f3n y desconexi\u00f3n<br \/> - Control de la c\u00e1mara a trav\u00e9s del planificador de vuelo, sin conexi\u00f3n a la c\u00e1mara<br \/> - Los sensores avanzados combinados con drones fiables y profesionales le garantizan datos precisos y de alta calidad.<\/p>","protected":false},"excerpt":{"rendered":"<ul>\n<li>Sensores radiom\u00e9tricos-t\u00e9rmicos y multiespectrales y DLS 2 para resultados precisos y fiables<\/li>\n<li>M\u00faltiples opciones de interfaz, API abierta y puntos de montaje para facilitar la integraci\u00f3n<\/li>\n<li>Salida de archivos TIFF est\u00e1ndar. Elija sus propias plataformas de procesamiento y an\u00e1lisis o procese los datos usted mismo.<\/li>\n<li>Almacenamiento USB 3.0 de gran capacidad: vuele m\u00e1s tiempo sin cambiar de dispositivo de almacenamiento<\/li>\n<li>Adquisici\u00f3n t\u00e9rmica y multiespectral sincronizada para un an\u00e1lisis exhaustivo<\/li>\n<li>Dise\u00f1o robusto sin piezas m\u00f3viles<\/li>\n<li>Mayor velocidad de grabaci\u00f3n para velocidades de aire m\u00e1s altas<\/li>\n<li>Recogida de datos fitosanitarios y mucho m\u00e1s<\/li>\n<\/ul>","protected":false},"featured_media":7106,"template":"","meta":{"_acf_changed":false},"product_brand":[],"product_cat":[298,97,427],"product_tag":[],"class_list":{"0":"post-7109","1":"product","2":"type-product","3":"status-publish","4":"has-post-thumbnail","6":"product_cat-alle-industriele-camera","7":"product_cat-alle-producten","8":"product_cat-micasense","9":"product_shipping_class-outofstock","10":"pa_brand-micasense","11":"pa_productfamily-warmtebeeld-camera","12":"pa_producttype-warmtebeeld-camera","14":"first","15":"outofstock","16":"taxable","17":"shipping-taxable","18":"product-type-simple"},"acf":[],"yoast_head":"<!-- This site is optimized with the Yoast SEO Premium plugin v27.2 (Yoast SEO v27.2) - https:\/\/yoast.com\/product\/yoast-seo-premium-wordpress\/ -->\n<title>MICASENSE Altum Kit &amp; DJI Skyport (Multibox) - koningdrone.be<\/title>\n<meta name=\"robots\" content=\"index, follow, max-snippet:-1, max-image-preview:large, max-video-preview:-1\" \/>\n<link rel=\"canonical\" href=\"https:\/\/koningdrone.be\/es\/producto\/micasense-altum-kit-dji-skyport-multibox\/\" \/>\n<meta property=\"og:locale\" content=\"es_ES\" \/>\n<meta property=\"og:type\" content=\"article\" \/>\n<meta property=\"og:title\" content=\"MICASENSE Altum Kit &amp; DJI Skyport (Multibox)\" \/>\n<meta property=\"og:description\" content=\"Radiometrisch-thermische en multispectrale sensoren en DLS 2 voor nauwkeurige en betrouwbare resultatenMeerdere interface-opties, open API en montagepunten voor eenvoudige integratieStandaard TIFF-bestandsuitvoer. Kies uw eigen verwerkings- en analyseplatforms of verwerk de data zelfUSB 3.0-opslag met hoge capaciteit: vlieg langer zonder opslagapparaten te wisselenGesynchroniseerde thermische en multispectrale acquisitie voor uitgebreide analyseRobuust ontwerp zonder bewegende delenSnellere opnamesnelheid voor hogere luchtsnelhedenVerzameling van gegevens over plantgezondheid en meer\" \/>\n<meta property=\"og:url\" content=\"https:\/\/koningdrone.be\/es\/producto\/micasense-altum-kit-dji-skyport-multibox\/\" \/>\n<meta property=\"og:site_name\" content=\"koningdrone.be\" \/>\n<meta property=\"article:modified_time\" content=\"2026-04-29T06:10:37+00:00\" \/>\n<meta property=\"og:image\" content=\"https:\/\/koningdrone.be\/wp-content\/uploads\/sites\/13\/2025\/04\/4251088411332-1.jpg\" \/>\n\t<meta property=\"og:image:width\" content=\"600\" \/>\n\t<meta property=\"og:image:height\" content=\"375\" \/>\n\t<meta property=\"og:image:type\" content=\"image\/jpeg\" \/>\n<meta name=\"twitter:card\" content=\"summary_large_image\" \/>\n<meta name=\"twitter:label1\" content=\"Tiempo de lectura\" \/>\n\t<meta name=\"twitter:data1\" content=\"1 minuto\" \/>\n<script type=\"application\/ld+json\" class=\"yoast-schema-graph\">{\"@context\":\"https:\/\/schema.org\",\"@graph\":[{\"@type\":\"WebPage\",\"@id\":\"https:\/\/koningdrone.be\/product\/micasense-altum-kit-dji-skyport-multibox\/\",\"url\":\"https:\/\/koningdrone.be\/product\/micasense-altum-kit-dji-skyport-multibox\/\",\"name\":\"MICASENSE Altum Kit &amp; DJI Skyport (Multibox) - koningdrone.be\",\"isPartOf\":{\"@id\":\"https:\/\/koningdrone.be\/#website\"},\"primaryImageOfPage\":{\"@id\":\"https:\/\/koningdrone.be\/product\/micasense-altum-kit-dji-skyport-multibox\/#primaryimage\"},\"image\":{\"@id\":\"https:\/\/koningdrone.be\/product\/micasense-altum-kit-dji-skyport-multibox\/#primaryimage\"},\"thumbnailUrl\":\"https:\/\/koningdrone.be\/wp-content\/uploads\/sites\/13\/2025\/04\/4251088411332-1.jpg\",\"datePublished\":\"2020-09-18T11:12:08+00:00\",\"dateModified\":\"2026-04-29T06:10:37+00:00\",\"breadcrumb\":{\"@id\":\"https:\/\/koningdrone.be\/product\/micasense-altum-kit-dji-skyport-multibox\/#breadcrumb\"},\"inLanguage\":\"es\",\"potentialAction\":[{\"@type\":\"ReadAction\",\"target\":[\"https:\/\/koningdrone.be\/product\/micasense-altum-kit-dji-skyport-multibox\/\"]}]},{\"@type\":\"ImageObject\",\"inLanguage\":\"es\",\"@id\":\"https:\/\/koningdrone.be\/product\/micasense-altum-kit-dji-skyport-multibox\/#primaryimage\",\"url\":\"https:\/\/koningdrone.be\/wp-content\/uploads\/sites\/13\/2025\/04\/4251088411332-1.jpg\",\"contentUrl\":\"https:\/\/koningdrone.be\/wp-content\/uploads\/sites\/13\/2025\/04\/4251088411332-1.jpg\",\"width\":600,\"height\":375},{\"@type\":\"BreadcrumbList\",\"@id\":\"https:\/\/koningdrone.be\/product\/micasense-altum-kit-dji-skyport-multibox\/#breadcrumb\",\"itemListElement\":[{\"@type\":\"ListItem\",\"position\":1,\"name\":\"Home\",\"item\":\"https:\/\/koningdrone.be\/\"},{\"@type\":\"ListItem\",\"position\":2,\"name\":\"AVSS Parachute Recovery System for DJI Matrice 300\/350\",\"item\":\"https:\/\/koningdrone.be\/product\/avss-parachute-recovery-system-for-dji-matrice-300-350\/\"},{\"@type\":\"ListItem\",\"position\":3,\"name\":\"Alle industriele camera\",\"item\":\"https:\/\/koningdrone.be\/categorie\/alle-industriele-camera\/\"},{\"@type\":\"ListItem\",\"position\":4,\"name\":\"MICASENSE Altum Kit &amp; DJI Skyport (Multibox)\"}]},{\"@type\":\"WebSite\",\"@id\":\"https:\/\/koningdrone.be\/#website\",\"url\":\"https:\/\/koningdrone.be\/\",\"name\":\"Koningdrone.be - Uw online specialist in drones, gimbals, camera's en power stations.\",\"description\":\"De webshop in drones en gimbals\",\"publisher\":{\"@id\":\"https:\/\/koningdrone.be\/#organization\"},\"potentialAction\":[{\"@type\":\"SearchAction\",\"target\":{\"@type\":\"EntryPoint\",\"urlTemplate\":\"https:\/\/koningdrone.be\/?s={search_term_string}\"},\"query-input\":{\"@type\":\"PropertyValueSpecification\",\"valueRequired\":true,\"valueName\":\"search_term_string\"}}],\"inLanguage\":\"es\"},{\"@type\":\"Organization\",\"@id\":\"https:\/\/koningdrone.be\/#organization\",\"name\":\"Koningdrone.be\",\"url\":\"https:\/\/koningdrone.be\/\",\"logo\":{\"@type\":\"ImageObject\",\"inLanguage\":\"es\",\"@id\":\"https:\/\/koningdrone.be\/#\/schema\/logo\/image\/\",\"url\":\"https:\/\/koningdrone.be\/wp-content\/uploads\/sites\/13\/2025\/04\/koningdrone-copyright-logo.svg\",\"contentUrl\":\"https:\/\/koningdrone.be\/wp-content\/uploads\/sites\/13\/2025\/04\/koningdrone-copyright-logo.svg\",\"width\":227,\"height\":38,\"caption\":\"Koningdrone.be\"},\"image\":{\"@id\":\"https:\/\/koningdrone.be\/#\/schema\/logo\/image\/\"}}]}<\/script>\n<!-- \/ Yoast SEO Premium plugin. -->","yoast_head_json":{"title":"MICASENSE Altum Kit &amp; DJI Skyport (Multibox) - koningdrone.be","robots":{"index":"index","follow":"follow","max-snippet":"max-snippet:-1","max-image-preview":"max-image-preview:large","max-video-preview":"max-video-preview:-1"},"canonical":"https:\/\/koningdrone.be\/es\/producto\/micasense-altum-kit-dji-skyport-multibox\/","og_locale":"es_ES","og_type":"article","og_title":"MICASENSE Altum Kit &amp; DJI Skyport (Multibox)","og_description":"Radiometrisch-thermische en multispectrale sensoren en DLS 2 voor nauwkeurige en betrouwbare resultatenMeerdere interface-opties, open API en montagepunten voor eenvoudige integratieStandaard TIFF-bestandsuitvoer. Kies uw eigen verwerkings- en analyseplatforms of verwerk de data zelfUSB 3.0-opslag met hoge capaciteit: vlieg langer zonder opslagapparaten te wisselenGesynchroniseerde thermische en multispectrale acquisitie voor uitgebreide analyseRobuust ontwerp zonder bewegende delenSnellere opnamesnelheid voor hogere luchtsnelhedenVerzameling van gegevens over plantgezondheid en meer","og_url":"https:\/\/koningdrone.be\/es\/producto\/micasense-altum-kit-dji-skyport-multibox\/","og_site_name":"koningdrone.be","article_modified_time":"2026-04-29T06:10:37+00:00","og_image":[{"width":600,"height":375,"url":"https:\/\/koningdrone.be\/wp-content\/uploads\/sites\/13\/2025\/04\/4251088411332-1.jpg","type":"image\/jpeg"}],"twitter_card":"summary_large_image","twitter_misc":{"Tiempo de lectura":"1 minuto"},"schema":{"@context":"https:\/\/schema.org","@graph":[{"@type":"WebPage","@id":"https:\/\/koningdrone.be\/product\/micasense-altum-kit-dji-skyport-multibox\/","url":"https:\/\/koningdrone.be\/product\/micasense-altum-kit-dji-skyport-multibox\/","name":"MICASENSE Altum Kit &amp; DJI Skyport (Multibox) - koningdrone.be","isPartOf":{"@id":"https:\/\/koningdrone.be\/#website"},"primaryImageOfPage":{"@id":"https:\/\/koningdrone.be\/product\/micasense-altum-kit-dji-skyport-multibox\/#primaryimage"},"image":{"@id":"https:\/\/koningdrone.be\/product\/micasense-altum-kit-dji-skyport-multibox\/#primaryimage"},"thumbnailUrl":"https:\/\/koningdrone.be\/wp-content\/uploads\/sites\/13\/2025\/04\/4251088411332-1.jpg","datePublished":"2020-09-18T11:12:08+00:00","dateModified":"2026-04-29T06:10:37+00:00","breadcrumb":{"@id":"https:\/\/koningdrone.be\/product\/micasense-altum-kit-dji-skyport-multibox\/#breadcrumb"},"inLanguage":"es","potentialAction":[{"@type":"ReadAction","target":["https:\/\/koningdrone.be\/product\/micasense-altum-kit-dji-skyport-multibox\/"]}]},{"@type":"ImageObject","inLanguage":"es","@id":"https:\/\/koningdrone.be\/product\/micasense-altum-kit-dji-skyport-multibox\/#primaryimage","url":"https:\/\/koningdrone.be\/wp-content\/uploads\/sites\/13\/2025\/04\/4251088411332-1.jpg","contentUrl":"https:\/\/koningdrone.be\/wp-content\/uploads\/sites\/13\/2025\/04\/4251088411332-1.jpg","width":600,"height":375},{"@type":"BreadcrumbList","@id":"https:\/\/koningdrone.be\/product\/micasense-altum-kit-dji-skyport-multibox\/#breadcrumb","itemListElement":[{"@type":"ListItem","position":1,"name":"Home","item":"https:\/\/koningdrone.be\/"},{"@type":"ListItem","position":2,"name":"AVSS Parachute Recovery System for DJI Matrice 300\/350","item":"https:\/\/koningdrone.be\/product\/avss-parachute-recovery-system-for-dji-matrice-300-350\/"},{"@type":"ListItem","position":3,"name":"Alle industriele camera","item":"https:\/\/koningdrone.be\/categorie\/alle-industriele-camera\/"},{"@type":"ListItem","position":4,"name":"MICASENSE Altum Kit &amp; DJI Skyport (Multibox)"}]},{"@type":"WebSite","@id":"https:\/\/koningdrone.be\/#website","url":"https:\/\/koningdrone.be\/","name":"Koningdrone.be - Su especialista en l\u00ednea en drones, cardanes, c\u00e1maras y centrales el\u00e9ctricas.","description":"La tienda virtual de drones y cardanes","publisher":{"@id":"https:\/\/koningdrone.be\/#organization"},"potentialAction":[{"@type":"SearchAction","target":{"@type":"EntryPoint","urlTemplate":"https:\/\/koningdrone.be\/?s={search_term_string}"},"query-input":{"@type":"PropertyValueSpecification","valueRequired":true,"valueName":"search_term_string"}}],"inLanguage":"es"},{"@type":"Organization","@id":"https:\/\/koningdrone.be\/#organization","name":"Kingdrone.es","url":"https:\/\/koningdrone.be\/","logo":{"@type":"ImageObject","inLanguage":"es","@id":"https:\/\/koningdrone.be\/#\/schema\/logo\/image\/","url":"https:\/\/koningdrone.be\/wp-content\/uploads\/sites\/13\/2025\/04\/koningdrone-copyright-logo.svg","contentUrl":"https:\/\/koningdrone.be\/wp-content\/uploads\/sites\/13\/2025\/04\/koningdrone-copyright-logo.svg","width":227,"height":38,"caption":"Koningdrone.be"},"image":{"@id":"https:\/\/koningdrone.be\/#\/schema\/logo\/image\/"}}]}},"df_price":"","df_sale_price":"","df_regular_price":"","df_image_link":"https:\/\/koningdrone.be\/wp-content\/uploads\/sites\/13\/2025\/04\/4251088411332-1-300x188.jpg","_links":{"self":[{"href":"https:\/\/koningdrone.be\/es\/wp-json\/wp\/v2\/product\/7109","targetHints":{"allow":["GET"]}}],"collection":[{"href":"https:\/\/koningdrone.be\/es\/wp-json\/wp\/v2\/product"}],"about":[{"href":"https:\/\/koningdrone.be\/es\/wp-json\/wp\/v2\/types\/product"}],"wp:featuredmedia":[{"embeddable":true,"href":"https:\/\/koningdrone.be\/es\/wp-json\/wp\/v2\/media\/7106"}],"wp:attachment":[{"href":"https:\/\/koningdrone.be\/es\/wp-json\/wp\/v2\/media?parent=7109"}],"wp:term":[{"taxonomy":"product_brand","embeddable":true,"href":"https:\/\/koningdrone.be\/es\/wp-json\/wp\/v2\/product_brand?post=7109"},{"taxonomy":"product_cat","embeddable":true,"href":"https:\/\/koningdrone.be\/es\/wp-json\/wp\/v2\/product_cat?post=7109"},{"taxonomy":"product_tag","embeddable":true,"href":"https:\/\/koningdrone.be\/es\/wp-json\/wp\/v2\/product_tag?post=7109"}],"curies":[{"name":"wp","href":"https:\/\/api.w.org\/{rel}","templated":true}]}}