{"id":7064,"date":"2020-09-18T13:12:24","date_gmt":"2020-09-18T11:12:24","guid":{"rendered":"https:\/\/koningdrone.nl\/kon\/product\/dji-aeroscope-mobile\/"},"modified":"2026-05-17T08:20:02","modified_gmt":"2026-05-17T06:20:02","slug":"dji-aeroscope-mobile","status":"publish","type":"product","link":"https:\/\/koningdrone.be\/es\/producto\/dji-aeroscope-mobile\/","title":{"rendered":"DJI Aeroscope Mobile"},"content":{"rendered":"<h1>DJI Aeroscope Mobile<\/h1>\n<p>Con AeroScope, DJI ha lanzado un sistema de detecci\u00f3n de drones especialmente desarrollado que permite a un operador rastrear f\u00e1cilmente los datos de telemetr\u00eda de los drones DJI en el espacio a\u00e9reo circundante hasta una distancia de 5 km. B\u00e1sicamente, se trata de un sistema de reconocimiento de caracter\u00edsticas de drones que proporciona a los equipos de seguridad de los aeropuertos los datos que necesitan para protegerse de forma r\u00e1pida y eficaz contra los intrusos.<\/p>\n<p>Al interceptar el enlace de comunicaci\u00f3n actual entre un dron DJI y su control remoto, AeroScope puede proporcionar informaci\u00f3n de identificaci\u00f3n en tiempo real, incluido el c\u00f3digo de serie del UAV, la marca y el modelo, la posici\u00f3n del UAV, la velocidad, la latitud y la posici\u00f3n del controlador de tierra. Esto permite al operador tomar medidas contra la amenaza del dron.<\/p>\n<p>Dise\u00f1ada para la protecci\u00f3n continua de emplazamientos a gran escala, la unidad estacionaria AeroScope admite la personalizaci\u00f3n y construcci\u00f3n en funci\u00f3n de la ubicaci\u00f3n espec\u00edfica y los requisitos del usuario para cubrir por completo el espacio a\u00e9reo circundante. En condiciones ideales, el sistema puede vigilar un radio de acci\u00f3n de hasta 50 km y obtener informaci\u00f3n clave de los drones en 2 segundos.<br \/>Los datos de vigilancia pueden integrarse con los sistemas de seguridad existentes de los usuarios para proporcionar eficazmente un sistema de vigilancia integrado.<br \/>Este sistema tambi\u00e9n admite la nube p\u00fablica, la nube privada y la implantaci\u00f3n local, y puede satisfacer necesidades espec\u00edficas, como la supervisi\u00f3n remota y la separaci\u00f3n de datos.<\/p>\n<p>Caracter\u00edsticas de Aeroscope Mobile<br \/> - Despliegues m\u00f3viles para uso temporal o de emergencia<br \/> - M\u00ednimo<br \/> - Telemetr\u00eda detallada<br \/> - Port\u00e1til<\/p>","protected":false},"excerpt":{"rendered":"<ul>\n<li>50 km Alcance m\u00e1x. Alcance<\/li>\n<li>Informaci\u00f3n detallada<\/li>\n<li>F\u00e1cil de instalar<\/li>\n<li>IP65<\/li>\n<li>Informaci\u00f3n en tiempo real<\/li>\n<li>Reproducci\u00f3n<\/li>\n<li>An\u00e1lisis de datos<\/li>\n<li>SDK<\/li>\n<\/ul>","protected":false},"featured_media":7060,"template":"","meta":{"_acf_changed":false},"product_brand":[],"product_cat":[97,1256,624],"product_tag":[],"class_list":{"0":"post-7064","1":"product","2":"type-product","3":"status-publish","4":"has-post-thumbnail","6":"product_cat-alle-producten","7":"product_cat-dji-aeroscope","8":"product_cat-enterprise-accessoires","9":"product_shipping_class-outofstock","10":"pa_brand-dji","11":"pa_productfamily-drone-detectie","12":"pa_producttype-drone-detectie","13":"pa_series-aeroscope","15":"first","16":"outofstock","17":"taxable","18":"shipping-taxable","19":"product-type-simple"},"acf":[],"yoast_head":"<!-- This site is optimized with the Yoast SEO Premium plugin v27.2 (Yoast SEO v27.2) - https:\/\/yoast.com\/product\/yoast-seo-premium-wordpress\/ -->\n<title>DJI Aeroscope Mobile - koningdrone.be<\/title>\n<meta name=\"robots\" content=\"index, follow, max-snippet:-1, max-image-preview:large, max-video-preview:-1\" \/>\n<link rel=\"canonical\" href=\"https:\/\/koningdrone.be\/es\/producto\/dji-aeroscope-mobile\/\" \/>\n<meta property=\"og:locale\" content=\"es_ES\" \/>\n<meta property=\"og:type\" content=\"article\" \/>\n<meta property=\"og:title\" content=\"DJI Aeroscope Mobile\" \/>\n<meta property=\"og:description\" content=\"50 km Max. BereikGedetailleerde informatieMakkelijk te installerenIP65Real-time informatiePlaybackGegevensanalyseSDK\" \/>\n<meta property=\"og:url\" content=\"https:\/\/koningdrone.be\/es\/producto\/dji-aeroscope-mobile\/\" \/>\n<meta property=\"og:site_name\" content=\"koningdrone.be\" \/>\n<meta property=\"article:modified_time\" content=\"2026-05-17T06:20:02+00:00\" \/>\n<meta property=\"og:image\" content=\"https:\/\/koningdrone.be\/wp-content\/uploads\/sites\/13\/2025\/04\/4251088400558-1.png\" \/>\n\t<meta property=\"og:image:width\" content=\"600\" \/>\n\t<meta property=\"og:image:height\" content=\"375\" \/>\n\t<meta property=\"og:image:type\" content=\"image\/png\" \/>\n<meta name=\"twitter:card\" content=\"summary_large_image\" \/>\n<meta name=\"twitter:label1\" content=\"Tiempo de lectura\" \/>\n\t<meta name=\"twitter:data1\" content=\"1 minuto\" \/>\n<script type=\"application\/ld+json\" class=\"yoast-schema-graph\">{\"@context\":\"https:\/\/schema.org\",\"@graph\":[{\"@type\":\"WebPage\",\"@id\":\"https:\/\/koningdrone.be\/product\/dji-aeroscope-mobile\/\",\"url\":\"https:\/\/koningdrone.be\/product\/dji-aeroscope-mobile\/\",\"name\":\"DJI Aeroscope Mobile - koningdrone.be\",\"isPartOf\":{\"@id\":\"https:\/\/koningdrone.be\/#website\"},\"primaryImageOfPage\":{\"@id\":\"https:\/\/koningdrone.be\/product\/dji-aeroscope-mobile\/#primaryimage\"},\"image\":{\"@id\":\"https:\/\/koningdrone.be\/product\/dji-aeroscope-mobile\/#primaryimage\"},\"thumbnailUrl\":\"https:\/\/koningdrone.be\/wp-content\/uploads\/sites\/13\/2025\/04\/4251088400558-1.png\",\"datePublished\":\"2020-09-18T11:12:24+00:00\",\"dateModified\":\"2026-05-17T06:20:02+00:00\",\"breadcrumb\":{\"@id\":\"https:\/\/koningdrone.be\/product\/dji-aeroscope-mobile\/#breadcrumb\"},\"inLanguage\":\"es\",\"potentialAction\":[{\"@type\":\"ReadAction\",\"target\":[\"https:\/\/koningdrone.be\/product\/dji-aeroscope-mobile\/\"]}]},{\"@type\":\"ImageObject\",\"inLanguage\":\"es\",\"@id\":\"https:\/\/koningdrone.be\/product\/dji-aeroscope-mobile\/#primaryimage\",\"url\":\"https:\/\/koningdrone.be\/wp-content\/uploads\/sites\/13\/2025\/04\/4251088400558-1.png\",\"contentUrl\":\"https:\/\/koningdrone.be\/wp-content\/uploads\/sites\/13\/2025\/04\/4251088400558-1.png\",\"width\":600,\"height\":375},{\"@type\":\"BreadcrumbList\",\"@id\":\"https:\/\/koningdrone.be\/product\/dji-aeroscope-mobile\/#breadcrumb\",\"itemListElement\":[{\"@type\":\"ListItem\",\"position\":1,\"name\":\"Home\",\"item\":\"https:\/\/koningdrone.be\/\"},{\"@type\":\"ListItem\",\"position\":2,\"name\":\"AVSS Parachute Recovery System for DJI Matrice 300\/350\",\"item\":\"https:\/\/koningdrone.be\/product\/avss-parachute-recovery-system-for-dji-matrice-300-350\/\"},{\"@type\":\"ListItem\",\"position\":3,\"name\":\"Alle producten\",\"item\":\"https:\/\/koningdrone.be\/categorie\/alle-producten\/\"},{\"@type\":\"ListItem\",\"position\":4,\"name\":\"DJI Aeroscope Mobile\"}]},{\"@type\":\"WebSite\",\"@id\":\"https:\/\/koningdrone.be\/#website\",\"url\":\"https:\/\/koningdrone.be\/\",\"name\":\"Koningdrone.be - Uw online specialist in drones, gimbals, camera's en power stations.\",\"description\":\"De webshop in drones en gimbals\",\"publisher\":{\"@id\":\"https:\/\/koningdrone.be\/#organization\"},\"potentialAction\":[{\"@type\":\"SearchAction\",\"target\":{\"@type\":\"EntryPoint\",\"urlTemplate\":\"https:\/\/koningdrone.be\/?s={search_term_string}\"},\"query-input\":{\"@type\":\"PropertyValueSpecification\",\"valueRequired\":true,\"valueName\":\"search_term_string\"}}],\"inLanguage\":\"es\"},{\"@type\":\"Organization\",\"@id\":\"https:\/\/koningdrone.be\/#organization\",\"name\":\"Koningdrone.be\",\"url\":\"https:\/\/koningdrone.be\/\",\"logo\":{\"@type\":\"ImageObject\",\"inLanguage\":\"es\",\"@id\":\"https:\/\/koningdrone.be\/#\/schema\/logo\/image\/\",\"url\":\"https:\/\/koningdrone.be\/wp-content\/uploads\/sites\/13\/2025\/04\/koningdrone-copyright-logo.svg\",\"contentUrl\":\"https:\/\/koningdrone.be\/wp-content\/uploads\/sites\/13\/2025\/04\/koningdrone-copyright-logo.svg\",\"width\":227,\"height\":38,\"caption\":\"Koningdrone.be\"},\"image\":{\"@id\":\"https:\/\/koningdrone.be\/#\/schema\/logo\/image\/\"}}]}<\/script>\n<!-- \/ Yoast SEO Premium plugin. -->","yoast_head_json":{"title":"DJI Aeroscope Mobile - koningdrone.be","robots":{"index":"index","follow":"follow","max-snippet":"max-snippet:-1","max-image-preview":"max-image-preview:large","max-video-preview":"max-video-preview:-1"},"canonical":"https:\/\/koningdrone.be\/es\/producto\/dji-aeroscope-mobile\/","og_locale":"es_ES","og_type":"article","og_title":"DJI Aeroscope Mobile","og_description":"50 km Max. BereikGedetailleerde informatieMakkelijk te installerenIP65Real-time informatiePlaybackGegevensanalyseSDK","og_url":"https:\/\/koningdrone.be\/es\/producto\/dji-aeroscope-mobile\/","og_site_name":"koningdrone.be","article_modified_time":"2026-05-17T06:20:02+00:00","og_image":[{"width":600,"height":375,"url":"https:\/\/koningdrone.be\/wp-content\/uploads\/sites\/13\/2025\/04\/4251088400558-1.png","type":"image\/png"}],"twitter_card":"summary_large_image","twitter_misc":{"Tiempo de lectura":"1 minuto"},"schema":{"@context":"https:\/\/schema.org","@graph":[{"@type":"WebPage","@id":"https:\/\/koningdrone.be\/product\/dji-aeroscope-mobile\/","url":"https:\/\/koningdrone.be\/product\/dji-aeroscope-mobile\/","name":"DJI Aeroscope Mobile - koningdrone.be","isPartOf":{"@id":"https:\/\/koningdrone.be\/#website"},"primaryImageOfPage":{"@id":"https:\/\/koningdrone.be\/product\/dji-aeroscope-mobile\/#primaryimage"},"image":{"@id":"https:\/\/koningdrone.be\/product\/dji-aeroscope-mobile\/#primaryimage"},"thumbnailUrl":"https:\/\/koningdrone.be\/wp-content\/uploads\/sites\/13\/2025\/04\/4251088400558-1.png","datePublished":"2020-09-18T11:12:24+00:00","dateModified":"2026-05-17T06:20:02+00:00","breadcrumb":{"@id":"https:\/\/koningdrone.be\/product\/dji-aeroscope-mobile\/#breadcrumb"},"inLanguage":"es","potentialAction":[{"@type":"ReadAction","target":["https:\/\/koningdrone.be\/product\/dji-aeroscope-mobile\/"]}]},{"@type":"ImageObject","inLanguage":"es","@id":"https:\/\/koningdrone.be\/product\/dji-aeroscope-mobile\/#primaryimage","url":"https:\/\/koningdrone.be\/wp-content\/uploads\/sites\/13\/2025\/04\/4251088400558-1.png","contentUrl":"https:\/\/koningdrone.be\/wp-content\/uploads\/sites\/13\/2025\/04\/4251088400558-1.png","width":600,"height":375},{"@type":"BreadcrumbList","@id":"https:\/\/koningdrone.be\/product\/dji-aeroscope-mobile\/#breadcrumb","itemListElement":[{"@type":"ListItem","position":1,"name":"Home","item":"https:\/\/koningdrone.be\/"},{"@type":"ListItem","position":2,"name":"AVSS Parachute Recovery System for DJI Matrice 300\/350","item":"https:\/\/koningdrone.be\/product\/avss-parachute-recovery-system-for-dji-matrice-300-350\/"},{"@type":"ListItem","position":3,"name":"Alle producten","item":"https:\/\/koningdrone.be\/categorie\/alle-producten\/"},{"@type":"ListItem","position":4,"name":"DJI Aeroscope Mobile"}]},{"@type":"WebSite","@id":"https:\/\/koningdrone.be\/#website","url":"https:\/\/koningdrone.be\/","name":"Koningdrone.be - Su especialista en l\u00ednea en drones, cardanes, c\u00e1maras y centrales el\u00e9ctricas.","description":"La tienda virtual de drones y cardanes","publisher":{"@id":"https:\/\/koningdrone.be\/#organization"},"potentialAction":[{"@type":"SearchAction","target":{"@type":"EntryPoint","urlTemplate":"https:\/\/koningdrone.be\/?s={search_term_string}"},"query-input":{"@type":"PropertyValueSpecification","valueRequired":true,"valueName":"search_term_string"}}],"inLanguage":"es"},{"@type":"Organization","@id":"https:\/\/koningdrone.be\/#organization","name":"Kingdrone.es","url":"https:\/\/koningdrone.be\/","logo":{"@type":"ImageObject","inLanguage":"es","@id":"https:\/\/koningdrone.be\/#\/schema\/logo\/image\/","url":"https:\/\/koningdrone.be\/wp-content\/uploads\/sites\/13\/2025\/04\/koningdrone-copyright-logo.svg","contentUrl":"https:\/\/koningdrone.be\/wp-content\/uploads\/sites\/13\/2025\/04\/koningdrone-copyright-logo.svg","width":227,"height":38,"caption":"Koningdrone.be"},"image":{"@id":"https:\/\/koningdrone.be\/#\/schema\/logo\/image\/"}}]}},"df_price":"","df_sale_price":"","df_regular_price":"","df_image_link":"https:\/\/koningdrone.be\/wp-content\/uploads\/sites\/13\/2025\/04\/4251088400558-1-300x188.png","_links":{"self":[{"href":"https:\/\/koningdrone.be\/es\/wp-json\/wp\/v2\/product\/7064","targetHints":{"allow":["GET"]}}],"collection":[{"href":"https:\/\/koningdrone.be\/es\/wp-json\/wp\/v2\/product"}],"about":[{"href":"https:\/\/koningdrone.be\/es\/wp-json\/wp\/v2\/types\/product"}],"wp:featuredmedia":[{"embeddable":true,"href":"https:\/\/koningdrone.be\/es\/wp-json\/wp\/v2\/media\/7060"}],"wp:attachment":[{"href":"https:\/\/koningdrone.be\/es\/wp-json\/wp\/v2\/media?parent=7064"}],"wp:term":[{"taxonomy":"product_brand","embeddable":true,"href":"https:\/\/koningdrone.be\/es\/wp-json\/wp\/v2\/product_brand?post=7064"},{"taxonomy":"product_cat","embeddable":true,"href":"https:\/\/koningdrone.be\/es\/wp-json\/wp\/v2\/product_cat?post=7064"},{"taxonomy":"product_tag","embeddable":true,"href":"https:\/\/koningdrone.be\/es\/wp-json\/wp\/v2\/product_tag?post=7064"}],"curies":[{"name":"wp","href":"https:\/\/api.w.org\/{rel}","templated":true}]}}