{"id":7059,"date":"2020-10-19T12:41:05","date_gmt":"2020-10-19T10:41:05","guid":{"rendered":"https:\/\/koningdrone.nl\/kon\/product\/dji-rs-2-pro-combo\/"},"modified":"2026-04-29T15:30:59","modified_gmt":"2026-04-29T13:30:59","slug":"dji-rs-2-pro-combo","status":"publish","type":"product","link":"https:\/\/koningdrone.be\/es\/producto\/dji-rs-2-pro-combo\/","title":{"rendered":"Combo DJI RS 2 Pro"},"content":{"rendered":"<h1>Combo DJI RS 2 Pro<\/h1>\n<p>El DJI RS 2 es un estabilizador con card\u00e1n de 3 ejes de alta calidad que te permite tomar im\u00e1genes profesionales con casi todas las c\u00e1maras de sistema y r\u00e9flex. Es el sucesor de la conocida serie DJI Ronin. El dise\u00f1o plegable del gimbal RS 2 garantiza una gran facilidad de uso, y el estabilizador incluye numerosas funciones de alta calidad, como el algoritmo de estabilizaci\u00f3n Titan (tecnolog\u00eda de estabilizaci\u00f3n \u00fanica) y ActiveTrack 3.0. Cree los v\u00eddeos profesionales m\u00e1s fluidos , disfrute de la tecnolog\u00eda que incorpora el RS 2 y cambie r\u00e1pidamente entre las distintas funcionalidades con las opciones de control inteligente.<\/p>\n<p><\/p>\n<h3><strong>Compacto y manejable<\/strong><\/h3>\n<p>El dise\u00f1o funcional del estabilizador DJI RS 2 te garantiza una gran comodidad de uso mientras grabas. El estabilizador pesa solo 1 kg y est\u00e1 fabricado con fibra de carbono s\u00f3lida como una roca, lo que te permite pasar horas y horas sin problemas. La capacidad de carga del card\u00e1n es de 4,5 kg, por lo que tambi\u00e9n es adecuado para c\u00e1maras SLR y de sistema de mayor tama\u00f1o. Gracias a su dise\u00f1o plegable, el RS 2 tambi\u00e9n es f\u00e1cil de transportar.<\/p>\n<p>Manejar el gimbal DJI es f\u00e1cil a trav\u00e9s de la pantalla a color OLED de 1\u2033 con controles t\u00e1ctiles. Esto te permite desplazarte r\u00e1pidamente entre las opciones y activar funciones \u00fatiles como ActiveTrack 3.0 y elegir entre seis configuraciones diferentes para tomar incluso las fotos m\u00e1s complejas. Adem\u00e1s, el estabilizador incorpora un dial que permite enfocar la imagen durante la filmaci\u00f3n. Los bloqueos de eje y los tornillos de c\u00e1mara con anillo en D facilitan la instalaci\u00f3n de la c\u00e1mara sin necesidad de herramientas. Las placas de liberaci\u00f3n r\u00e1pida de doble capa Manfrotto y Arca-Swiss garantizan un agarre r\u00e1pido y seguro. Otra ventaja es la larga duraci\u00f3n de la bater\u00eda, consigue hasta 12 horas con una bater\u00eda llena (empu\u00f1adura BG30) y c\u00e1rgala hasta 2 horas de tiempo de uso en s\u00f3lo 15 minutos.<\/p>\n<p><\/p>\n<h3><strong>Tecnolog\u00eda de alta calidad\u00a0<\/strong><\/h3>\n<p>El RS 2 es un card\u00e1n compacto y con numerosas configuraciones puedes ir en cualquier direcci\u00f3n. Una caracter\u00edstica \u00fanica es el cambio r\u00e1pido a disparo vertical y con el bot\u00f3n Fine-Tune siempre te aseguras el equilibrio perfecto. Con el algoritmo de estabilizaci\u00f3n Titan de DJI, el gimbal ofrece una estabilizaci\u00f3n perfecta en cualquier situaci\u00f3n y con la tecnolog\u00eda SuperSmooth, incluso los micro movimientos no aparecer\u00e1n en tus grabaciones. Incluso si grabas con un objetivo de 100 mm.<\/p>\n<p>Con el transmisor WiFi RavenEye (de serie con RS 2 Pro Combo), puedes ver en directo en tu smartphone lo que est\u00e1s grabando en calidad Full HD. Tambi\u00e9n puedes cambiar m\u00faltiples ajustes en tu c\u00e1mara y transmitir en directo a trav\u00e9s de tus redes sociales. Env\u00ede v\u00eddeo 1080p, ajuste los par\u00e1metros del card\u00e1n y modifique la configuraci\u00f3n a 200 m de distancia. El sistema 3D Focus utiliza sensores ToF para medir la distancia entre el sujeto y el d elente.  Esto le proporciona una imagen n\u00edtida incluso con poca luz. Esta tecnolog\u00eda de alto rendimiento permite un enfoque autom\u00e1tico r\u00e1pido en objetivos manuales con grandes aperturas. Otra funci\u00f3n interesante es Force Mobile, que te permite grabar a trav\u00e9s de tu smartphone y el card\u00e1n se mueve autom\u00e1ticamente con tu direcci\u00f3n de disparo. En resumen, todo lo necesario para grabar v\u00eddeos perfectos.<\/p>\n<p><\/p>\n<h3><strong>Funciones creativas<\/strong><\/h3>\n<p>Tal y como esperas de DJI, la RS 2 viene repleta de funciones \u00fatiles y creativas para sacar el m\u00e1ximo partido a tus fotos y v\u00eddeos. ActiveTrack 3.0 rastrea autom\u00e1ticamente los objetos que selecciones y la tecnolog\u00eda SuperSmooth elimina incluso los movimientos m\u00e1s peque\u00f1os para conseguir unas grabaciones fluidas. T\u00fanel del tiempo le permite crear movimientos de 360\u00b0 combinados con v\u00eddeos hyperlapse para obtener im\u00e1genes \u00fanicas. Y Track te permite programar los movimientos de la c\u00e1mara para que puedas hacer exactamente la misma toma la pr\u00f3xima vez.<\/p>\n<p>Adem\u00e1s, el card\u00e1n DJI ofrece funciones como TimeLapse, Panaroma, modo paisaje y retrato. Y todo se activa con solo pulsar un bot\u00f3n y es f\u00e1cil de compartir en tus Redes Sociales. Para profesionales e influencers, este es el gimbal ideal para llevar el contenido creativo al siguiente nivel.<\/p>","protected":false},"excerpt":{"rendered":"<ul>\n<li>RS 2 Pro versi\u00f3n Combo<\/li>\n<li>Capacidad de carga probada de 4,5 kg<\/li>\n<li>De fibra de carbono<\/li>\n<li>Pantalla t\u00e1ctil en color de 1,4 pulgadas<\/li>\n<li>Opciones de montaje profesionales<\/li>\n<li>Equilibrio eficaz entre los montajes<\/li>\n<li>Tiempo m\u00e1ximo de funcionamiento de 12 horas<\/li>\n<li>Incluye rueda de enfoque y transmisor de im\u00e1genes RavenEye<\/li>\n<\/ul>","protected":false},"featured_media":7054,"template":"","meta":{"_acf_changed":false},"product_brand":[],"product_cat":[410,97,265,809],"product_tag":[],"class_list":{"0":"post-7059","1":"product","2":"type-product","3":"status-publish","4":"has-post-thumbnail","6":"product_cat-alle-handheld-gimbals","7":"product_cat-alle-producten","8":"product_cat-dji-ronin","9":"product_cat-dji-ronin-rs-2","10":"product_shipping_class-outofstock","11":"pa_brand-dji","12":"pa_productfamily-gimbal","13":"pa_producttype-gimbal","14":"pa_series-ronin-rs-2","16":"first","17":"outofstock","18":"taxable","19":"shipping-taxable","20":"purchasable","21":"product-type-simple"},"acf":[],"yoast_head":"<!-- This site is optimized with the Yoast SEO Premium plugin v27.2 (Yoast SEO v27.2) - https:\/\/yoast.com\/product\/yoast-seo-premium-wordpress\/ -->\n<title>DJI RS 2 Pro Combo - koningdrone.be<\/title>\n<meta name=\"robots\" content=\"index, follow, max-snippet:-1, max-image-preview:large, max-video-preview:-1\" \/>\n<link rel=\"canonical\" href=\"https:\/\/koningdrone.be\/es\/producto\/dji-rs-2-pro-combo\/\" \/>\n<meta property=\"og:locale\" content=\"es_ES\" \/>\n<meta property=\"og:type\" content=\"article\" \/>\n<meta property=\"og:title\" content=\"DJI RS 2 Pro Combo\" \/>\n<meta property=\"og:description\" content=\"RS 2 Pro Combo uitvoering4.5kg getest draagvermogenGemaakt van carbonfiber1.4 inch kleuren touchscreenProfessionele montage-optiesEffici\u00ebnte balans tussen set-upsMaximale bedrijfsduur van 12 uurInclusief focuswiel en RavenEye beeldzender\" \/>\n<meta property=\"og:url\" content=\"https:\/\/koningdrone.be\/es\/producto\/dji-rs-2-pro-combo\/\" \/>\n<meta property=\"og:site_name\" content=\"koningdrone.be\" \/>\n<meta property=\"article:modified_time\" content=\"2026-04-29T13:30:59+00:00\" \/>\n<meta property=\"og:image\" content=\"https:\/\/koningdrone.be\/wp-content\/uploads\/sites\/13\/2025\/04\/6941565901569-1.jpg\" \/>\n\t<meta property=\"og:image:width\" content=\"600\" \/>\n\t<meta property=\"og:image:height\" content=\"600\" \/>\n\t<meta property=\"og:image:type\" content=\"image\/jpeg\" \/>\n<meta name=\"twitter:card\" content=\"summary_large_image\" \/>\n<meta name=\"twitter:label1\" content=\"Tiempo de lectura\" \/>\n\t<meta name=\"twitter:data1\" content=\"3 minutos\" \/>\n<script type=\"application\/ld+json\" class=\"yoast-schema-graph\">{\"@context\":\"https:\/\/schema.org\",\"@graph\":[{\"@type\":\"WebPage\",\"@id\":\"https:\/\/koningdrone.be\/product\/dji-rs-2-pro-combo\/\",\"url\":\"https:\/\/koningdrone.be\/product\/dji-rs-2-pro-combo\/\",\"name\":\"DJI RS 2 Pro Combo - koningdrone.be\",\"isPartOf\":{\"@id\":\"https:\/\/koningdrone.be\/#website\"},\"primaryImageOfPage\":{\"@id\":\"https:\/\/koningdrone.be\/product\/dji-rs-2-pro-combo\/#primaryimage\"},\"image\":{\"@id\":\"https:\/\/koningdrone.be\/product\/dji-rs-2-pro-combo\/#primaryimage\"},\"thumbnailUrl\":\"https:\/\/koningdrone.be\/wp-content\/uploads\/sites\/13\/2025\/04\/6941565901569-1.jpg\",\"datePublished\":\"2020-10-19T10:41:05+00:00\",\"dateModified\":\"2026-04-29T13:30:59+00:00\",\"breadcrumb\":{\"@id\":\"https:\/\/koningdrone.be\/product\/dji-rs-2-pro-combo\/#breadcrumb\"},\"inLanguage\":\"es\",\"potentialAction\":[{\"@type\":\"ReadAction\",\"target\":[\"https:\/\/koningdrone.be\/product\/dji-rs-2-pro-combo\/\"]}]},{\"@type\":\"ImageObject\",\"inLanguage\":\"es\",\"@id\":\"https:\/\/koningdrone.be\/product\/dji-rs-2-pro-combo\/#primaryimage\",\"url\":\"https:\/\/koningdrone.be\/wp-content\/uploads\/sites\/13\/2025\/04\/6941565901569-1.jpg\",\"contentUrl\":\"https:\/\/koningdrone.be\/wp-content\/uploads\/sites\/13\/2025\/04\/6941565901569-1.jpg\",\"width\":600,\"height\":600},{\"@type\":\"BreadcrumbList\",\"@id\":\"https:\/\/koningdrone.be\/product\/dji-rs-2-pro-combo\/#breadcrumb\",\"itemListElement\":[{\"@type\":\"ListItem\",\"position\":1,\"name\":\"Home\",\"item\":\"https:\/\/koningdrone.be\/\"},{\"@type\":\"ListItem\",\"position\":2,\"name\":\"AVSS Parachute Recovery System for DJI Matrice 300\/350\",\"item\":\"https:\/\/koningdrone.be\/product\/avss-parachute-recovery-system-for-dji-matrice-300-350\/\"},{\"@type\":\"ListItem\",\"position\":3,\"name\":\"Alle handheld gimbals\",\"item\":\"https:\/\/koningdrone.be\/categorie\/alle-handheld-gimbals\/\"},{\"@type\":\"ListItem\",\"position\":4,\"name\":\"DJI RS 2 Pro Combo\"}]},{\"@type\":\"WebSite\",\"@id\":\"https:\/\/koningdrone.be\/#website\",\"url\":\"https:\/\/koningdrone.be\/\",\"name\":\"Koningdrone.be - Uw online specialist in drones, gimbals, camera's en power stations.\",\"description\":\"De webshop in drones en gimbals\",\"publisher\":{\"@id\":\"https:\/\/koningdrone.be\/#organization\"},\"potentialAction\":[{\"@type\":\"SearchAction\",\"target\":{\"@type\":\"EntryPoint\",\"urlTemplate\":\"https:\/\/koningdrone.be\/?s={search_term_string}\"},\"query-input\":{\"@type\":\"PropertyValueSpecification\",\"valueRequired\":true,\"valueName\":\"search_term_string\"}}],\"inLanguage\":\"es\"},{\"@type\":\"Organization\",\"@id\":\"https:\/\/koningdrone.be\/#organization\",\"name\":\"Koningdrone.be\",\"url\":\"https:\/\/koningdrone.be\/\",\"logo\":{\"@type\":\"ImageObject\",\"inLanguage\":\"es\",\"@id\":\"https:\/\/koningdrone.be\/#\/schema\/logo\/image\/\",\"url\":\"https:\/\/koningdrone.be\/wp-content\/uploads\/sites\/13\/2025\/04\/koningdrone-copyright-logo.svg\",\"contentUrl\":\"https:\/\/koningdrone.be\/wp-content\/uploads\/sites\/13\/2025\/04\/koningdrone-copyright-logo.svg\",\"width\":227,\"height\":38,\"caption\":\"Koningdrone.be\"},\"image\":{\"@id\":\"https:\/\/koningdrone.be\/#\/schema\/logo\/image\/\"}}]}<\/script>\n<!-- \/ Yoast SEO Premium plugin. -->","yoast_head_json":{"title":"DJI RS 2 Pro Combo - koningdrone.be","robots":{"index":"index","follow":"follow","max-snippet":"max-snippet:-1","max-image-preview":"max-image-preview:large","max-video-preview":"max-video-preview:-1"},"canonical":"https:\/\/koningdrone.be\/es\/producto\/dji-rs-2-pro-combo\/","og_locale":"es_ES","og_type":"article","og_title":"DJI RS 2 Pro Combo","og_description":"RS 2 Pro Combo uitvoering4.5kg getest draagvermogenGemaakt van carbonfiber1.4 inch kleuren touchscreenProfessionele montage-optiesEffici\u00ebnte balans tussen set-upsMaximale bedrijfsduur van 12 uurInclusief focuswiel en RavenEye beeldzender","og_url":"https:\/\/koningdrone.be\/es\/producto\/dji-rs-2-pro-combo\/","og_site_name":"koningdrone.be","article_modified_time":"2026-04-29T13:30:59+00:00","og_image":[{"width":600,"height":600,"url":"https:\/\/koningdrone.be\/wp-content\/uploads\/sites\/13\/2025\/04\/6941565901569-1.jpg","type":"image\/jpeg"}],"twitter_card":"summary_large_image","twitter_misc":{"Tiempo de lectura":"3 minutos"},"schema":{"@context":"https:\/\/schema.org","@graph":[{"@type":"WebPage","@id":"https:\/\/koningdrone.be\/product\/dji-rs-2-pro-combo\/","url":"https:\/\/koningdrone.be\/product\/dji-rs-2-pro-combo\/","name":"DJI RS 2 Pro Combo - koningdrone.be","isPartOf":{"@id":"https:\/\/koningdrone.be\/#website"},"primaryImageOfPage":{"@id":"https:\/\/koningdrone.be\/product\/dji-rs-2-pro-combo\/#primaryimage"},"image":{"@id":"https:\/\/koningdrone.be\/product\/dji-rs-2-pro-combo\/#primaryimage"},"thumbnailUrl":"https:\/\/koningdrone.be\/wp-content\/uploads\/sites\/13\/2025\/04\/6941565901569-1.jpg","datePublished":"2020-10-19T10:41:05+00:00","dateModified":"2026-04-29T13:30:59+00:00","breadcrumb":{"@id":"https:\/\/koningdrone.be\/product\/dji-rs-2-pro-combo\/#breadcrumb"},"inLanguage":"es","potentialAction":[{"@type":"ReadAction","target":["https:\/\/koningdrone.be\/product\/dji-rs-2-pro-combo\/"]}]},{"@type":"ImageObject","inLanguage":"es","@id":"https:\/\/koningdrone.be\/product\/dji-rs-2-pro-combo\/#primaryimage","url":"https:\/\/koningdrone.be\/wp-content\/uploads\/sites\/13\/2025\/04\/6941565901569-1.jpg","contentUrl":"https:\/\/koningdrone.be\/wp-content\/uploads\/sites\/13\/2025\/04\/6941565901569-1.jpg","width":600,"height":600},{"@type":"BreadcrumbList","@id":"https:\/\/koningdrone.be\/product\/dji-rs-2-pro-combo\/#breadcrumb","itemListElement":[{"@type":"ListItem","position":1,"name":"Home","item":"https:\/\/koningdrone.be\/"},{"@type":"ListItem","position":2,"name":"AVSS Parachute Recovery System for DJI Matrice 300\/350","item":"https:\/\/koningdrone.be\/product\/avss-parachute-recovery-system-for-dji-matrice-300-350\/"},{"@type":"ListItem","position":3,"name":"Alle handheld gimbals","item":"https:\/\/koningdrone.be\/categorie\/alle-handheld-gimbals\/"},{"@type":"ListItem","position":4,"name":"DJI RS 2 Pro Combo"}]},{"@type":"WebSite","@id":"https:\/\/koningdrone.be\/#website","url":"https:\/\/koningdrone.be\/","name":"Koningdrone.be - Su especialista en l\u00ednea en drones, cardanes, c\u00e1maras y centrales el\u00e9ctricas.","description":"La tienda virtual de drones y cardanes","publisher":{"@id":"https:\/\/koningdrone.be\/#organization"},"potentialAction":[{"@type":"SearchAction","target":{"@type":"EntryPoint","urlTemplate":"https:\/\/koningdrone.be\/?s={search_term_string}"},"query-input":{"@type":"PropertyValueSpecification","valueRequired":true,"valueName":"search_term_string"}}],"inLanguage":"es"},{"@type":"Organization","@id":"https:\/\/koningdrone.be\/#organization","name":"Kingdrone.es","url":"https:\/\/koningdrone.be\/","logo":{"@type":"ImageObject","inLanguage":"es","@id":"https:\/\/koningdrone.be\/#\/schema\/logo\/image\/","url":"https:\/\/koningdrone.be\/wp-content\/uploads\/sites\/13\/2025\/04\/koningdrone-copyright-logo.svg","contentUrl":"https:\/\/koningdrone.be\/wp-content\/uploads\/sites\/13\/2025\/04\/koningdrone-copyright-logo.svg","width":227,"height":38,"caption":"Koningdrone.be"},"image":{"@id":"https:\/\/koningdrone.be\/#\/schema\/logo\/image\/"}}]}},"df_price":899.01,"df_sale_price":"","df_regular_price":899.01,"df_image_link":"https:\/\/koningdrone.be\/wp-content\/uploads\/sites\/13\/2025\/04\/6941565901569-1-300x300.jpg","_links":{"self":[{"href":"https:\/\/koningdrone.be\/es\/wp-json\/wp\/v2\/product\/7059","targetHints":{"allow":["GET"]}}],"collection":[{"href":"https:\/\/koningdrone.be\/es\/wp-json\/wp\/v2\/product"}],"about":[{"href":"https:\/\/koningdrone.be\/es\/wp-json\/wp\/v2\/types\/product"}],"wp:featuredmedia":[{"embeddable":true,"href":"https:\/\/koningdrone.be\/es\/wp-json\/wp\/v2\/media\/7054"}],"wp:attachment":[{"href":"https:\/\/koningdrone.be\/es\/wp-json\/wp\/v2\/media?parent=7059"}],"wp:term":[{"taxonomy":"product_brand","embeddable":true,"href":"https:\/\/koningdrone.be\/es\/wp-json\/wp\/v2\/product_brand?post=7059"},{"taxonomy":"product_cat","embeddable":true,"href":"https:\/\/koningdrone.be\/es\/wp-json\/wp\/v2\/product_cat?post=7059"},{"taxonomy":"product_tag","embeddable":true,"href":"https:\/\/koningdrone.be\/es\/wp-json\/wp\/v2\/product_tag?post=7059"}],"curies":[{"name":"wp","href":"https:\/\/api.w.org\/{rel}","templated":true}]}}