{"id":7053,"date":"2020-10-24T13:19:21","date_gmt":"2020-10-24T11:19:21","guid":{"rendered":"https:\/\/koningdrone.nl\/kon\/product\/dji-zenmuse-p1\/"},"modified":"2026-05-01T03:50:49","modified_gmt":"2026-05-01T01:50:49","slug":"dji-zenmuse-p1","status":"publish","type":"product","link":"https:\/\/koningdrone.be\/es\/producto\/dji-zenmuse-p1\/","title":{"rendered":"DJI Zenmuse P1 - C\u00e1mara de fotograma completo"},"content":{"rendered":"<h3>DJI Zenmuse P1: la revoluci\u00f3n de la precisi\u00f3n fotogram\u00e9trica con pantalla completa<\/h3>\n<p><iframe loading=\"lazy\" title=\"DJI Enterprise Zenmuse P1 - Soluci\u00f3n de fotogrametr\u00eda de fotograma completo\" width=\"800\" height=\"450\" src=\"https:\/\/www.youtube.com\/embed\/HsdnkkuCtV8?feature=oembed&#038;enablejsapi=1&#038;origin=https:\/\/koningdrone.be\" frameborder=\"0\" allow=\"accelerometer; autoplay; clipboard-write; encrypted-media; gyroscope; picture-in-picture; web-share\" referrerpolicy=\"strict-origin-when-cross-origin\" allowfullscreen><\/iframe><\/p>\n<p style=\"margin: 20px 0\">En <strong>DJI Zenmuse P1<\/strong> marca una nueva era para el reconocimiento a\u00e9reo profesional y la cartograf\u00eda a gran escala. Como primera carga \u00fatil de c\u00e1mara de fotograma completo de DJI desarrollada espec\u00edficamente para aplicaciones empresariales, la P1 integra una resoluci\u00f3n sin precedentes con una precisi\u00f3n n\u00edtida. Este sistema es el est\u00e1ndar indiscutible para top\u00f3grafos, ingenieros y especialistas en SIG que buscan resultados con precisi\u00f3n centim\u00e9trica sin renunciar a la velocidad. Combinando una \u00f3ptica de alta calidad y una integraci\u00f3n de software inteligente, el P1 transforma la compleja adquisici\u00f3n de datos en un proceso industrial racionalizado.<\/p>\n<p style=\"text-align: center\"><a href=\"https:\/\/koningdrone.nl\/wp-content\/uploads\/2020\/10\/Product-DJI-Zenmuse-P1-Full-frame-Camera.webp\"><img loading=\"lazy\" decoding=\"async\" class=\"size-full wp-image-467219 aligncenter\" src=\"https:\/\/koningdrone.nl\/wp-content\/uploads\/2020\/10\/Product-DJI-Zenmuse-P1-Full-frame-Camera.webp\" alt=\"Product DJI Zenmuse P1 - Full-frame Camera\" width=\"1200\" height=\"800\" \/><\/a><\/p>\n<h4>Imagen superior y perfecci\u00f3n mec\u00e1nica<\/h4>\n<p>En el coraz\u00f3n de la Zenmuse P1 se encuentra un impresionante <strong>Sensor CMOS de fotograma completo de 45 MP<\/strong>. A diferencia de los sensores m\u00e1s peque\u00f1os, esta arquitectura de fotograma completo ofrece un mayor rango din\u00e1mico y una sensibilidad lum\u00ednica superior, lo que se traduce en im\u00e1genes sin ruido incluso en condiciones atmosf\u00e9ricas dif\u00edciles. Crucial para la eficiencia de mapeo es la integraci\u00f3n de un <strong>Persiana mec\u00e1nica global<\/strong>, que elimina por completo la temida distorsi\u00f3n del rolling-shutter a velocidades de vuelo de hasta 15 m\/s. Combinado con el <strong>Funci\u00f3n de captura oblicua inteligente<\/strong>, La P1, en la que el card\u00e1n gira autom\u00e1ticamente para tomar im\u00e1genes desde distintos \u00e1ngulos, ofrece los modelos 3D m\u00e1s detallados con una fracci\u00f3n del esfuerzo habitual.<\/p>\n<h4>Integraci\u00f3n y flexibilidad avanzadas del flujo de trabajo<\/h4>\n<p>La Zenmuse P1 est\u00e1 dise\u00f1ada para funcionar a la perfecci\u00f3n dentro del ecosistema DJI Enterprise. Gracias al sistema TimeSync 2.0, las posiciones de la c\u00e1mara, el controlador de vuelo y el m\u00f3dulo RTK se sincronizan a nivel de microsegundos, lo que se traduce en una precisi\u00f3n absoluta sin necesidad de numerosos puntos de control terrestre (GCP). El sistema ofrece la m\u00e1xima flexibilidad al admitir <strong>Objetivos DJI DL<\/strong> (24 mm, 35 mm y 50 mm), lo que permite a los operadores ajustar la distancia de enfoque a los requisitos espec\u00edficos del terreno. Tanto para inspecciones verticales como para cartograf\u00eda horizontal, la P1 se adapta sin esfuerzo.<\/p>\n<p style=\"text-align: center\"><a href=\"https:\/\/koningdrone.nl\/wp-content\/uploads\/2020\/10\/DJI-Zenmuse-P1-Full-frame-Camera.webp\"><img loading=\"lazy\" decoding=\"async\" class=\"aligncenter wp-image-467220 size-medium\" src=\"https:\/\/koningdrone.nl\/wp-content\/uploads\/2020\/10\/DJI-Zenmuse-P1-Full-frame-Camera-300x300.webp\" alt=\"DJI Zenmuse P1 - Full-frame Camera\" width=\"300\" height=\"300\" \/><\/a><\/p>\n<h4>Fiabilidad y dise\u00f1o industrial<\/h4>\n<p>Dise\u00f1ada para un uso intensivo sobre el terreno, la Zenmuse P1 cuenta con un robusto cuerpo fabricado con un material de alta calidad. <strong>aleaci\u00f3n de magnesio<\/strong>. Con un peso de s\u00f3lo 1,2 kg, el dron mantiene su maniobrabilidad y un tiempo de vuelo m\u00e1ximo, mientras que el <strong>Clasificaci\u00f3n IP44<\/strong> proporciona protecci\u00f3n contra el polvo y las salpicaduras de agua. El sistema est\u00e1 optimizado para el Matrice 300 y 350 RTK a trav\u00e9s del DJI SkyPort, lo que garantiza una transferencia de datos estable y r\u00e1pida. Se trata de un instrumento construido no s\u00f3lo para la precisi\u00f3n, sino tambi\u00e9n para la durabilidad necesaria durante proyectos de infraestructuras de varios a\u00f1os.<\/p>","protected":false},"excerpt":{"rendered":"<ul>\n<li>Sensor CMOS Full-frame de 45 MP para la m\u00e1xima resoluci\u00f3n<\/li>\n<li>El obturador mec\u00e1nico reduce la distorsi\u00f3n en los vuelos r\u00e1pidos<\/li>\n<li>Compatible con DJI Terra, DJI FlightHub 2 y DJI Pilot 2<\/li>\n<li>Dise\u00f1o robusto y ligero con clasificaci\u00f3n IP44<\/li>\n<li>F\u00e1cil instalaci\u00f3n mediante el soporte desmontable DJI SKYPORT<\/li>\n<\/ul>","protected":false},"featured_media":17043,"template":"","meta":{"_acf_changed":false},"product_brand":[],"product_cat":[298,153,1317,299,115],"product_tag":[],"class_list":{"0":"post-7053","1":"product","2":"type-product","3":"status-publish","4":"has-post-thumbnail","6":"product_cat-alle-industriele-camera","7":"product_cat-dji-matrice-350","8":"product_cat-dji-zenmuse-p1","9":"product_cat-gimbals-en-cameras","10":"product_cat-inspecties-met-drones","11":"product_shipping_class-uavspacesshowall","12":"pa_brand-dji","13":"pa_producttype-bedrijfscamera-payload","14":"pa_series-zenmuse","16":"first","17":"instock","18":"taxable","19":"shipping-taxable","20":"purchasable","21":"product-type-simple"},"acf":[],"yoast_head":"<!-- This site is optimized with the Yoast SEO Premium plugin v27.2 (Yoast SEO v27.2) - https:\/\/yoast.com\/product\/yoast-seo-premium-wordpress\/ -->\n<title>DJI Zenmuse P1 - Full-frame Camera - koningdrone.be<\/title>\n<meta name=\"robots\" content=\"index, follow, max-snippet:-1, max-image-preview:large, max-video-preview:-1\" \/>\n<link rel=\"canonical\" href=\"https:\/\/koningdrone.be\/es\/producto\/dji-zenmuse-p1\/\" \/>\n<meta property=\"og:locale\" content=\"es_ES\" \/>\n<meta property=\"og:type\" content=\"article\" \/>\n<meta property=\"og:title\" content=\"DJI Zenmuse P1 - Full-frame Camera\" \/>\n<meta property=\"og:description\" content=\"Volledige frame 45\u202fMP CMOS-sensor voor maximale resolutie  Mechanische sluiter vermindert vervorming bij snelle vluchten  Compatibel met DJI Terra, DJI FlightHub 2 en DJI Pilot 2  Robuust, lichtgewicht ontwerp met IP44\u2011classificatie  Eenvoudige installatie via afneembare DJI SKYPORT-montage\" \/>\n<meta property=\"og:url\" content=\"https:\/\/koningdrone.be\/es\/producto\/dji-zenmuse-p1\/\" \/>\n<meta property=\"og:site_name\" content=\"koningdrone.be\" \/>\n<meta property=\"article:modified_time\" content=\"2026-05-01T01:50:49+00:00\" \/>\n<meta property=\"og:image\" content=\"https:\/\/koningdrone.be\/wp-content\/uploads\/sites\/13\/2026\/03\/DJI-Zenmuse-P1-Full-frame-Camera-Product.webp\" \/>\n\t<meta property=\"og:image:width\" content=\"2048\" \/>\n\t<meta property=\"og:image:height\" content=\"2048\" \/>\n\t<meta property=\"og:image:type\" content=\"image\/webp\" \/>\n<meta name=\"twitter:card\" content=\"summary_large_image\" \/>\n<meta name=\"twitter:label1\" content=\"Tiempo de lectura\" \/>\n\t<meta name=\"twitter:data1\" content=\"2 minutos\" \/>\n<script type=\"application\/ld+json\" class=\"yoast-schema-graph\">{\"@context\":\"https:\/\/schema.org\",\"@graph\":[{\"@type\":\"WebPage\",\"@id\":\"https:\/\/koningdrone.be\/product\/dji-zenmuse-p1\/\",\"url\":\"https:\/\/koningdrone.be\/product\/dji-zenmuse-p1\/\",\"name\":\"DJI Zenmuse P1 - Full-frame Camera - koningdrone.be\",\"isPartOf\":{\"@id\":\"https:\/\/koningdrone.be\/#website\"},\"primaryImageOfPage\":{\"@id\":\"https:\/\/koningdrone.be\/product\/dji-zenmuse-p1\/#primaryimage\"},\"image\":{\"@id\":\"https:\/\/koningdrone.be\/product\/dji-zenmuse-p1\/#primaryimage\"},\"thumbnailUrl\":\"https:\/\/koningdrone.be\/wp-content\/uploads\/sites\/13\/2026\/03\/DJI-Zenmuse-P1-Full-frame-Camera-Product.webp\",\"datePublished\":\"2020-10-24T11:19:21+00:00\",\"dateModified\":\"2026-05-01T01:50:49+00:00\",\"breadcrumb\":{\"@id\":\"https:\/\/koningdrone.be\/product\/dji-zenmuse-p1\/#breadcrumb\"},\"inLanguage\":\"es\",\"potentialAction\":[{\"@type\":\"ReadAction\",\"target\":[\"https:\/\/koningdrone.be\/product\/dji-zenmuse-p1\/\"]}]},{\"@type\":\"ImageObject\",\"inLanguage\":\"es\",\"@id\":\"https:\/\/koningdrone.be\/product\/dji-zenmuse-p1\/#primaryimage\",\"url\":\"https:\/\/koningdrone.be\/wp-content\/uploads\/sites\/13\/2026\/03\/DJI-Zenmuse-P1-Full-frame-Camera-Product.webp\",\"contentUrl\":\"https:\/\/koningdrone.be\/wp-content\/uploads\/sites\/13\/2026\/03\/DJI-Zenmuse-P1-Full-frame-Camera-Product.webp\",\"width\":2048,\"height\":2048},{\"@type\":\"BreadcrumbList\",\"@id\":\"https:\/\/koningdrone.be\/product\/dji-zenmuse-p1\/#breadcrumb\",\"itemListElement\":[{\"@type\":\"ListItem\",\"position\":1,\"name\":\"Home\",\"item\":\"https:\/\/koningdrone.be\/\"},{\"@type\":\"ListItem\",\"position\":2,\"name\":\"AVSS Parachute Recovery System for DJI Matrice 300\/350\",\"item\":\"https:\/\/koningdrone.be\/product\/avss-parachute-recovery-system-for-dji-matrice-300-350\/\"},{\"@type\":\"ListItem\",\"position\":3,\"name\":\"Alle industriele camera\",\"item\":\"https:\/\/koningdrone.be\/categorie\/alle-industriele-camera\/\"},{\"@type\":\"ListItem\",\"position\":4,\"name\":\"DJI Zenmuse P1 &#8211; Full-frame Camera\"}]},{\"@type\":\"WebSite\",\"@id\":\"https:\/\/koningdrone.be\/#website\",\"url\":\"https:\/\/koningdrone.be\/\",\"name\":\"Koningdrone.be - Uw online specialist in drones, gimbals, camera's en power stations.\",\"description\":\"De webshop in drones en gimbals\",\"publisher\":{\"@id\":\"https:\/\/koningdrone.be\/#organization\"},\"potentialAction\":[{\"@type\":\"SearchAction\",\"target\":{\"@type\":\"EntryPoint\",\"urlTemplate\":\"https:\/\/koningdrone.be\/?s={search_term_string}\"},\"query-input\":{\"@type\":\"PropertyValueSpecification\",\"valueRequired\":true,\"valueName\":\"search_term_string\"}}],\"inLanguage\":\"es\"},{\"@type\":\"Organization\",\"@id\":\"https:\/\/koningdrone.be\/#organization\",\"name\":\"Koningdrone.be\",\"url\":\"https:\/\/koningdrone.be\/\",\"logo\":{\"@type\":\"ImageObject\",\"inLanguage\":\"es\",\"@id\":\"https:\/\/koningdrone.be\/#\/schema\/logo\/image\/\",\"url\":\"https:\/\/koningdrone.be\/wp-content\/uploads\/sites\/13\/2025\/04\/koningdrone-copyright-logo.svg\",\"contentUrl\":\"https:\/\/koningdrone.be\/wp-content\/uploads\/sites\/13\/2025\/04\/koningdrone-copyright-logo.svg\",\"width\":227,\"height\":38,\"caption\":\"Koningdrone.be\"},\"image\":{\"@id\":\"https:\/\/koningdrone.be\/#\/schema\/logo\/image\/\"}}]}<\/script>\n<!-- \/ Yoast SEO Premium plugin. -->","yoast_head_json":{"title":"DJI Zenmuse P1 - Full-frame Camera - koningdrone.be","robots":{"index":"index","follow":"follow","max-snippet":"max-snippet:-1","max-image-preview":"max-image-preview:large","max-video-preview":"max-video-preview:-1"},"canonical":"https:\/\/koningdrone.be\/es\/producto\/dji-zenmuse-p1\/","og_locale":"es_ES","og_type":"article","og_title":"DJI Zenmuse P1 - Full-frame Camera","og_description":"Volledige frame 45\u202fMP CMOS-sensor voor maximale resolutie  Mechanische sluiter vermindert vervorming bij snelle vluchten  Compatibel met DJI Terra, DJI FlightHub 2 en DJI Pilot 2  Robuust, lichtgewicht ontwerp met IP44\u2011classificatie  Eenvoudige installatie via afneembare DJI SKYPORT-montage","og_url":"https:\/\/koningdrone.be\/es\/producto\/dji-zenmuse-p1\/","og_site_name":"koningdrone.be","article_modified_time":"2026-05-01T01:50:49+00:00","og_image":[{"width":2048,"height":2048,"url":"https:\/\/koningdrone.be\/wp-content\/uploads\/sites\/13\/2026\/03\/DJI-Zenmuse-P1-Full-frame-Camera-Product.webp","type":"image\/webp"}],"twitter_card":"summary_large_image","twitter_misc":{"Tiempo de lectura":"2 minutos"},"schema":{"@context":"https:\/\/schema.org","@graph":[{"@type":"WebPage","@id":"https:\/\/koningdrone.be\/product\/dji-zenmuse-p1\/","url":"https:\/\/koningdrone.be\/product\/dji-zenmuse-p1\/","name":"DJI Zenmuse P1 - Full-frame Camera - koningdrone.be","isPartOf":{"@id":"https:\/\/koningdrone.be\/#website"},"primaryImageOfPage":{"@id":"https:\/\/koningdrone.be\/product\/dji-zenmuse-p1\/#primaryimage"},"image":{"@id":"https:\/\/koningdrone.be\/product\/dji-zenmuse-p1\/#primaryimage"},"thumbnailUrl":"https:\/\/koningdrone.be\/wp-content\/uploads\/sites\/13\/2026\/03\/DJI-Zenmuse-P1-Full-frame-Camera-Product.webp","datePublished":"2020-10-24T11:19:21+00:00","dateModified":"2026-05-01T01:50:49+00:00","breadcrumb":{"@id":"https:\/\/koningdrone.be\/product\/dji-zenmuse-p1\/#breadcrumb"},"inLanguage":"es","potentialAction":[{"@type":"ReadAction","target":["https:\/\/koningdrone.be\/product\/dji-zenmuse-p1\/"]}]},{"@type":"ImageObject","inLanguage":"es","@id":"https:\/\/koningdrone.be\/product\/dji-zenmuse-p1\/#primaryimage","url":"https:\/\/koningdrone.be\/wp-content\/uploads\/sites\/13\/2026\/03\/DJI-Zenmuse-P1-Full-frame-Camera-Product.webp","contentUrl":"https:\/\/koningdrone.be\/wp-content\/uploads\/sites\/13\/2026\/03\/DJI-Zenmuse-P1-Full-frame-Camera-Product.webp","width":2048,"height":2048},{"@type":"BreadcrumbList","@id":"https:\/\/koningdrone.be\/product\/dji-zenmuse-p1\/#breadcrumb","itemListElement":[{"@type":"ListItem","position":1,"name":"Home","item":"https:\/\/koningdrone.be\/"},{"@type":"ListItem","position":2,"name":"AVSS Parachute Recovery System for DJI Matrice 300\/350","item":"https:\/\/koningdrone.be\/product\/avss-parachute-recovery-system-for-dji-matrice-300-350\/"},{"@type":"ListItem","position":3,"name":"Alle industriele camera","item":"https:\/\/koningdrone.be\/categorie\/alle-industriele-camera\/"},{"@type":"ListItem","position":4,"name":"DJI Zenmuse P1 &#8211; Full-frame Camera"}]},{"@type":"WebSite","@id":"https:\/\/koningdrone.be\/#website","url":"https:\/\/koningdrone.be\/","name":"Koningdrone.be - Su especialista en l\u00ednea en drones, cardanes, c\u00e1maras y centrales el\u00e9ctricas.","description":"La tienda virtual de drones y cardanes","publisher":{"@id":"https:\/\/koningdrone.be\/#organization"},"potentialAction":[{"@type":"SearchAction","target":{"@type":"EntryPoint","urlTemplate":"https:\/\/koningdrone.be\/?s={search_term_string}"},"query-input":{"@type":"PropertyValueSpecification","valueRequired":true,"valueName":"search_term_string"}}],"inLanguage":"es"},{"@type":"Organization","@id":"https:\/\/koningdrone.be\/#organization","name":"Kingdrone.es","url":"https:\/\/koningdrone.be\/","logo":{"@type":"ImageObject","inLanguage":"es","@id":"https:\/\/koningdrone.be\/#\/schema\/logo\/image\/","url":"https:\/\/koningdrone.be\/wp-content\/uploads\/sites\/13\/2025\/04\/koningdrone-copyright-logo.svg","contentUrl":"https:\/\/koningdrone.be\/wp-content\/uploads\/sites\/13\/2025\/04\/koningdrone-copyright-logo.svg","width":227,"height":38,"caption":"Koningdrone.be"},"image":{"@id":"https:\/\/koningdrone.be\/#\/schema\/logo\/image\/"}}]}},"df_price":6009,"df_sale_price":"","df_regular_price":6009,"df_image_link":"https:\/\/koningdrone.be\/wp-content\/uploads\/sites\/13\/2026\/03\/DJI-Zenmuse-P1-Full-frame-Camera-Product-300x300.webp","_links":{"self":[{"href":"https:\/\/koningdrone.be\/es\/wp-json\/wp\/v2\/product\/7053","targetHints":{"allow":["GET"]}}],"collection":[{"href":"https:\/\/koningdrone.be\/es\/wp-json\/wp\/v2\/product"}],"about":[{"href":"https:\/\/koningdrone.be\/es\/wp-json\/wp\/v2\/types\/product"}],"wp:featuredmedia":[{"embeddable":true,"href":"https:\/\/koningdrone.be\/es\/wp-json\/wp\/v2\/media\/17043"}],"wp:attachment":[{"href":"https:\/\/koningdrone.be\/es\/wp-json\/wp\/v2\/media?parent=7053"}],"wp:term":[{"taxonomy":"product_brand","embeddable":true,"href":"https:\/\/koningdrone.be\/es\/wp-json\/wp\/v2\/product_brand?post=7053"},{"taxonomy":"product_cat","embeddable":true,"href":"https:\/\/koningdrone.be\/es\/wp-json\/wp\/v2\/product_cat?post=7053"},{"taxonomy":"product_tag","embeddable":true,"href":"https:\/\/koningdrone.be\/es\/wp-json\/wp\/v2\/product_tag?post=7053"}],"curies":[{"name":"wp","href":"https:\/\/api.w.org\/{rel}","templated":true}]}}