{"id":7037,"date":"2020-11-10T16:17:57","date_gmt":"2020-11-10T15:17:57","guid":{"rendered":"https:\/\/koningdrone.nl\/kon\/product\/dji-pocket-2-creator-combo\/"},"modified":"2026-04-29T15:30:58","modified_gmt":"2026-04-29T13:30:58","slug":"dji-pocket-2-creator-combo","status":"publish","type":"product","link":"https:\/\/koningdrone.be\/es\/producto\/dji-pocket-2-creator-combo\/","title":{"rendered":"DJI Pocket 2 Creator Combo"},"content":{"rendered":"<h1>DJI Pocket 2 Creator Combo<\/h1>\n<p>DJI Pocket 2 cabe perfectamente en tu mano, bolso o bolsillo para que puedas llevarla a cualquier parte. Cuando comience tu viaje o algo te llame la atenci\u00f3n de repente, Pocket 2 estar\u00e1 listo para capturarlo todo.<\/p>\n<p><strong>Captura r\u00e1pida - Captura con una sola mano<\/strong><\/p>\n<p>Empieza a disparar en un segundo para capturar fotos y v\u00eddeos a la velocidad de la vida.<\/p>\n<p>Glamour Effects te permite compartir siempre tu mejor selfie. Con un \u00e1ngulo de visi\u00f3n de 93\u00b0, Pocket 2 permite una captura m\u00e1s flexible y tomas perfectamente compuestas para las redes sociales.<\/p>\n<p><strong>Panorama de alta definici\u00f3n<\/strong><br \/>\nHaz clic aqu\u00ed para ver toda la cordillera con una panor\u00e1mica de 180\u00b0 o a todos en un selfie de grupo con una panor\u00e1mica de 3\u00d73. No te creer\u00e1s c\u00f3mo una c\u00e1mara tan peque\u00f1a puede hacer una foto tan grande.<\/p>\n<p><strong>ActiveTrack 3.0<\/strong><br \/>\nNo importa c\u00f3mo te muevas, Pocket 2 te mantiene a ti y a tus amigos en el punto de mira con ActiveTrack 3.0.<\/p>\n<p><strong>Timelapse<\/strong><br \/>\nTimelapse te permite convertir horas en segundos. Motionlapse a\u00f1ade un movimiento suave de la c\u00e1mara. Hyperlapse utiliza EIS para mantener un fotograma estable mientras viajas en el tiempo.<\/p>\n<p><strong>Modo historia<\/strong><br \/>\nEl modo Historia utiliza plantillas de v\u00eddeo y m\u00fasica para crear emocionantes minipel\u00edculas en unos pocos toques.<\/p>\n<p><strong>Editor de IA<\/strong><br \/>\n\u00bfNo te gusta editar? AI Editor combina autom\u00e1ticamente tus clips con transiciones y m\u00fasica para crear contenidos dignos de compartir.<\/p>\n<p><strong>Estabilizador de c\u00e1mara avanzado -Estabilizaci\u00f3n motorizada<\/strong><\/p>\n<p>\u00bfCu\u00e1l es el secreto de DJI Pocket 2? Un card\u00e1n de 3 ejes estabiliza la c\u00e1mara para un movimiento de v\u00eddeo suave. Esta tecnolog\u00eda tambi\u00e9n es ideal para la fotograf\u00eda creativa como tomas de larga exposici\u00f3n c\u00e1mara en mano.<\/p>\n<p>Calidad de la imagen<br \/>\n1 \/ Sensor de 1,7 pulgadas<br \/>\nFoto de 64 MP<br \/>\nV\u00eddeo 4K \/ 60 fps<br \/>\nAF h\u00edbrido 2.0<\/p>\n<p><strong>V\u00eddeo HDR<\/strong><br \/>\nUna buena vida est\u00e1 llena de color, as\u00ed que mu\u00e9stralo todo. Con el v\u00eddeo HDR, la Pocket 2 separa la exposici\u00f3n por zonas y estratifica la imagen, de modo que las im\u00e1genes saltan a la vista con todo lujo de detalles.<\/p>\n<p><strong>Zoom 8x<\/strong><br \/>\nSi lo que buscas es una locura de detalle, Pocket 2 es una locura. Al tomar fotos de 64 MP, la c\u00e1mara estabilizada hace tomas n\u00edtidas con zoom 8x.<\/p>\n<p><strong>Audio - V\u00eddeo incre\u00edble, sonido envolvente<\/strong><\/p>\n<p>La tecnolog\u00eda DJI Matrix Stereo captura el sonido con tanto detalle real que te hace revivir la escena.<\/p>\n<p><strong>Grabaci\u00f3n est\u00e9reo<\/strong><br \/>\nCuatro micr\u00f3fonos en la empu\u00f1adura proporcionan un sonido envolvente que le permitir\u00e1 revivir la magia.<\/p>\n<p><strong>Banda sonora<\/strong><br \/>\nBolsillo 2 Ajusta la direcci\u00f3n de la mejora de audio, hacia donde apunta la c\u00e1mara, para que el sujeto se oiga claramente.<\/p>\n<p><strong>Audio direccional<\/strong><br \/>\nPocket 2 te permite utilizar tres patrones de sonido diferentes para personalizar la escena.<\/p>","protected":false},"excerpt":{"rendered":"<ul>\n<li>De bolsillo<\/li>\n<li>C\u00e1mara estabilizada en 3 ejes<\/li>\n<li>ActiveTrack 3.0<\/li>\n<li>Editor de IA<\/li>\n<li>Excelente calidad de imagen<\/li>\n<li>DJI Matrix Est\u00e9reo<\/li>\n<li>Pocket-Sized - C\u00e1mara Gimbal peque\u00f1a, grandes momentos<\/li>\n<\/ul>","protected":false},"featured_media":6836,"template":"","meta":{"_acf_changed":false},"product_brand":[],"product_cat":[315,410,97,297,804],"product_tag":[],"class_list":{"0":"post-7037","1":"product","2":"type-product","3":"status-publish","4":"has-post-thumbnail","6":"product_cat-alle-gimbals-en-cameras","7":"product_cat-alle-handheld-gimbals","8":"product_cat-alle-producten","9":"product_cat-dji-osmo","10":"product_cat-dji-pocket-2","11":"product_shipping_class-outofstock","12":"pa_brand-dji","13":"pa_productfamily-camera","14":"pa_producttype-camera","15":"pa_series-osmo-pocket","17":"first","18":"outofstock","19":"taxable","20":"shipping-taxable","21":"purchasable","22":"product-type-simple"},"acf":[],"yoast_head":"<!-- This site is optimized with the Yoast SEO Premium plugin v27.2 (Yoast SEO v27.2) - https:\/\/yoast.com\/product\/yoast-seo-premium-wordpress\/ -->\n<title>DJI Pocket 2 Creator Combo - koningdrone.be<\/title>\n<meta name=\"robots\" content=\"index, follow, max-snippet:-1, max-image-preview:large, max-video-preview:-1\" \/>\n<link rel=\"canonical\" href=\"https:\/\/koningdrone.be\/es\/producto\/dji-pocket-2-creator-combo\/\" \/>\n<meta property=\"og:locale\" content=\"es_ES\" \/>\n<meta property=\"og:type\" content=\"article\" \/>\n<meta property=\"og:title\" content=\"DJI Pocket 2 Creator Combo\" \/>\n<meta property=\"og:description\" content=\"Zakformaat  3-as gestabiliseerd camera  ActiveTrack 3,0  AI Editor  Uitstekende beeldkwaliteit  DJI Matrix Stereo  Pocket-Sized - Kleine Gimbal Camera, grote momenten\" \/>\n<meta property=\"og:url\" content=\"https:\/\/koningdrone.be\/es\/producto\/dji-pocket-2-creator-combo\/\" \/>\n<meta property=\"og:site_name\" content=\"koningdrone.be\" \/>\n<meta property=\"article:modified_time\" content=\"2026-04-29T13:30:58+00:00\" \/>\n<meta property=\"og:image\" content=\"https:\/\/koningdrone.be\/wp-content\/uploads\/sites\/13\/2025\/04\/6941565903150-1.jpg\" \/>\n\t<meta property=\"og:image:width\" content=\"600\" \/>\n\t<meta property=\"og:image:height\" content=\"600\" \/>\n\t<meta property=\"og:image:type\" content=\"image\/jpeg\" \/>\n<meta name=\"twitter:card\" content=\"summary_large_image\" \/>\n<meta name=\"twitter:label1\" content=\"Tiempo de lectura\" \/>\n\t<meta name=\"twitter:data1\" content=\"2 minutos\" \/>\n<script type=\"application\/ld+json\" class=\"yoast-schema-graph\">{\"@context\":\"https:\/\/schema.org\",\"@graph\":[{\"@type\":\"WebPage\",\"@id\":\"https:\/\/koningdrone.be\/product\/dji-pocket-2-creator-combo\/\",\"url\":\"https:\/\/koningdrone.be\/product\/dji-pocket-2-creator-combo\/\",\"name\":\"DJI Pocket 2 Creator Combo - koningdrone.be\",\"isPartOf\":{\"@id\":\"https:\/\/koningdrone.be\/#website\"},\"primaryImageOfPage\":{\"@id\":\"https:\/\/koningdrone.be\/product\/dji-pocket-2-creator-combo\/#primaryimage\"},\"image\":{\"@id\":\"https:\/\/koningdrone.be\/product\/dji-pocket-2-creator-combo\/#primaryimage\"},\"thumbnailUrl\":\"https:\/\/koningdrone.be\/wp-content\/uploads\/sites\/13\/2025\/04\/6941565903150-1.jpg\",\"datePublished\":\"2020-11-10T15:17:57+00:00\",\"dateModified\":\"2026-04-29T13:30:58+00:00\",\"breadcrumb\":{\"@id\":\"https:\/\/koningdrone.be\/product\/dji-pocket-2-creator-combo\/#breadcrumb\"},\"inLanguage\":\"es\",\"potentialAction\":[{\"@type\":\"ReadAction\",\"target\":[\"https:\/\/koningdrone.be\/product\/dji-pocket-2-creator-combo\/\"]}]},{\"@type\":\"ImageObject\",\"inLanguage\":\"es\",\"@id\":\"https:\/\/koningdrone.be\/product\/dji-pocket-2-creator-combo\/#primaryimage\",\"url\":\"https:\/\/koningdrone.be\/wp-content\/uploads\/sites\/13\/2025\/04\/6941565903150-1.jpg\",\"contentUrl\":\"https:\/\/koningdrone.be\/wp-content\/uploads\/sites\/13\/2025\/04\/6941565903150-1.jpg\",\"width\":600,\"height\":600},{\"@type\":\"BreadcrumbList\",\"@id\":\"https:\/\/koningdrone.be\/product\/dji-pocket-2-creator-combo\/#breadcrumb\",\"itemListElement\":[{\"@type\":\"ListItem\",\"position\":1,\"name\":\"Home\",\"item\":\"https:\/\/koningdrone.be\/\"},{\"@type\":\"ListItem\",\"position\":2,\"name\":\"AVSS Parachute Recovery System for DJI Matrice 300\/350\",\"item\":\"https:\/\/koningdrone.be\/product\/avss-parachute-recovery-system-for-dji-matrice-300-350\/\"},{\"@type\":\"ListItem\",\"position\":3,\"name\":\"Alle gimbals en cameras\",\"item\":\"https:\/\/koningdrone.be\/categorie\/alle-gimbals-en-cameras\/\"},{\"@type\":\"ListItem\",\"position\":4,\"name\":\"DJI Pocket 2 Creator Combo\"}]},{\"@type\":\"WebSite\",\"@id\":\"https:\/\/koningdrone.be\/#website\",\"url\":\"https:\/\/koningdrone.be\/\",\"name\":\"Koningdrone.be - Uw online specialist in drones, gimbals, camera's en power stations.\",\"description\":\"De webshop in drones en gimbals\",\"publisher\":{\"@id\":\"https:\/\/koningdrone.be\/#organization\"},\"potentialAction\":[{\"@type\":\"SearchAction\",\"target\":{\"@type\":\"EntryPoint\",\"urlTemplate\":\"https:\/\/koningdrone.be\/?s={search_term_string}\"},\"query-input\":{\"@type\":\"PropertyValueSpecification\",\"valueRequired\":true,\"valueName\":\"search_term_string\"}}],\"inLanguage\":\"es\"},{\"@type\":\"Organization\",\"@id\":\"https:\/\/koningdrone.be\/#organization\",\"name\":\"Koningdrone.be\",\"url\":\"https:\/\/koningdrone.be\/\",\"logo\":{\"@type\":\"ImageObject\",\"inLanguage\":\"es\",\"@id\":\"https:\/\/koningdrone.be\/#\/schema\/logo\/image\/\",\"url\":\"https:\/\/koningdrone.be\/wp-content\/uploads\/sites\/13\/2025\/04\/koningdrone-copyright-logo.svg\",\"contentUrl\":\"https:\/\/koningdrone.be\/wp-content\/uploads\/sites\/13\/2025\/04\/koningdrone-copyright-logo.svg\",\"width\":227,\"height\":38,\"caption\":\"Koningdrone.be\"},\"image\":{\"@id\":\"https:\/\/koningdrone.be\/#\/schema\/logo\/image\/\"}}]}<\/script>\n<!-- \/ Yoast SEO Premium plugin. -->","yoast_head_json":{"title":"DJI Pocket 2 Creator Combo - koningdrone.be","robots":{"index":"index","follow":"follow","max-snippet":"max-snippet:-1","max-image-preview":"max-image-preview:large","max-video-preview":"max-video-preview:-1"},"canonical":"https:\/\/koningdrone.be\/es\/producto\/dji-pocket-2-creator-combo\/","og_locale":"es_ES","og_type":"article","og_title":"DJI Pocket 2 Creator Combo","og_description":"Zakformaat  3-as gestabiliseerd camera  ActiveTrack 3,0  AI Editor  Uitstekende beeldkwaliteit  DJI Matrix Stereo  Pocket-Sized - Kleine Gimbal Camera, grote momenten","og_url":"https:\/\/koningdrone.be\/es\/producto\/dji-pocket-2-creator-combo\/","og_site_name":"koningdrone.be","article_modified_time":"2026-04-29T13:30:58+00:00","og_image":[{"width":600,"height":600,"url":"https:\/\/koningdrone.be\/wp-content\/uploads\/sites\/13\/2025\/04\/6941565903150-1.jpg","type":"image\/jpeg"}],"twitter_card":"summary_large_image","twitter_misc":{"Tiempo de lectura":"2 minutos"},"schema":{"@context":"https:\/\/schema.org","@graph":[{"@type":"WebPage","@id":"https:\/\/koningdrone.be\/product\/dji-pocket-2-creator-combo\/","url":"https:\/\/koningdrone.be\/product\/dji-pocket-2-creator-combo\/","name":"DJI Pocket 2 Creator Combo - koningdrone.be","isPartOf":{"@id":"https:\/\/koningdrone.be\/#website"},"primaryImageOfPage":{"@id":"https:\/\/koningdrone.be\/product\/dji-pocket-2-creator-combo\/#primaryimage"},"image":{"@id":"https:\/\/koningdrone.be\/product\/dji-pocket-2-creator-combo\/#primaryimage"},"thumbnailUrl":"https:\/\/koningdrone.be\/wp-content\/uploads\/sites\/13\/2025\/04\/6941565903150-1.jpg","datePublished":"2020-11-10T15:17:57+00:00","dateModified":"2026-04-29T13:30:58+00:00","breadcrumb":{"@id":"https:\/\/koningdrone.be\/product\/dji-pocket-2-creator-combo\/#breadcrumb"},"inLanguage":"es","potentialAction":[{"@type":"ReadAction","target":["https:\/\/koningdrone.be\/product\/dji-pocket-2-creator-combo\/"]}]},{"@type":"ImageObject","inLanguage":"es","@id":"https:\/\/koningdrone.be\/product\/dji-pocket-2-creator-combo\/#primaryimage","url":"https:\/\/koningdrone.be\/wp-content\/uploads\/sites\/13\/2025\/04\/6941565903150-1.jpg","contentUrl":"https:\/\/koningdrone.be\/wp-content\/uploads\/sites\/13\/2025\/04\/6941565903150-1.jpg","width":600,"height":600},{"@type":"BreadcrumbList","@id":"https:\/\/koningdrone.be\/product\/dji-pocket-2-creator-combo\/#breadcrumb","itemListElement":[{"@type":"ListItem","position":1,"name":"Home","item":"https:\/\/koningdrone.be\/"},{"@type":"ListItem","position":2,"name":"AVSS Parachute Recovery System for DJI Matrice 300\/350","item":"https:\/\/koningdrone.be\/product\/avss-parachute-recovery-system-for-dji-matrice-300-350\/"},{"@type":"ListItem","position":3,"name":"Alle gimbals en cameras","item":"https:\/\/koningdrone.be\/categorie\/alle-gimbals-en-cameras\/"},{"@type":"ListItem","position":4,"name":"DJI Pocket 2 Creator Combo"}]},{"@type":"WebSite","@id":"https:\/\/koningdrone.be\/#website","url":"https:\/\/koningdrone.be\/","name":"Koningdrone.be - Su especialista en l\u00ednea en drones, cardanes, c\u00e1maras y centrales el\u00e9ctricas.","description":"La tienda virtual de drones y cardanes","publisher":{"@id":"https:\/\/koningdrone.be\/#organization"},"potentialAction":[{"@type":"SearchAction","target":{"@type":"EntryPoint","urlTemplate":"https:\/\/koningdrone.be\/?s={search_term_string}"},"query-input":{"@type":"PropertyValueSpecification","valueRequired":true,"valueName":"search_term_string"}}],"inLanguage":"es"},{"@type":"Organization","@id":"https:\/\/koningdrone.be\/#organization","name":"Kingdrone.es","url":"https:\/\/koningdrone.be\/","logo":{"@type":"ImageObject","inLanguage":"es","@id":"https:\/\/koningdrone.be\/#\/schema\/logo\/image\/","url":"https:\/\/koningdrone.be\/wp-content\/uploads\/sites\/13\/2025\/04\/koningdrone-copyright-logo.svg","contentUrl":"https:\/\/koningdrone.be\/wp-content\/uploads\/sites\/13\/2025\/04\/koningdrone-copyright-logo.svg","width":227,"height":38,"caption":"Koningdrone.be"},"image":{"@id":"https:\/\/koningdrone.be\/#\/schema\/logo\/image\/"}}]}},"df_price":509,"df_sale_price":"","df_regular_price":509,"df_image_link":"https:\/\/koningdrone.be\/wp-content\/uploads\/sites\/13\/2025\/04\/6941565903150-1-300x300.jpg","_links":{"self":[{"href":"https:\/\/koningdrone.be\/es\/wp-json\/wp\/v2\/product\/7037","targetHints":{"allow":["GET"]}}],"collection":[{"href":"https:\/\/koningdrone.be\/es\/wp-json\/wp\/v2\/product"}],"about":[{"href":"https:\/\/koningdrone.be\/es\/wp-json\/wp\/v2\/types\/product"}],"wp:featuredmedia":[{"embeddable":true,"href":"https:\/\/koningdrone.be\/es\/wp-json\/wp\/v2\/media\/6836"}],"wp:attachment":[{"href":"https:\/\/koningdrone.be\/es\/wp-json\/wp\/v2\/media?parent=7037"}],"wp:term":[{"taxonomy":"product_brand","embeddable":true,"href":"https:\/\/koningdrone.be\/es\/wp-json\/wp\/v2\/product_brand?post=7037"},{"taxonomy":"product_cat","embeddable":true,"href":"https:\/\/koningdrone.be\/es\/wp-json\/wp\/v2\/product_cat?post=7037"},{"taxonomy":"product_tag","embeddable":true,"href":"https:\/\/koningdrone.be\/es\/wp-json\/wp\/v2\/product_tag?post=7037"}],"curies":[{"name":"wp","href":"https:\/\/api.w.org\/{rel}","templated":true}]}}