{"id":7036,"date":"2020-11-10T16:17:57","date_gmt":"2020-11-10T15:17:57","guid":{"rendered":"https:\/\/koningdrone.nl\/kon\/product\/ryze-tello-edu-combo\/"},"modified":"2026-04-29T08:00:49","modified_gmt":"2026-04-29T06:00:49","slug":"ryze-tello-edu-combo","status":"publish","type":"product","link":"https:\/\/koningdrone.be\/es\/producto\/ryze-tello-edu-combo\/","title":{"rendered":"RYZE Tello EDU Combo"},"content":{"rendered":"<h1>RYZE Tello EDU Combo<\/h1>\n<p>El Combo Tello EDU incluye 4x el paquete Tello. \u00a1Tello EDU es un dron impresionante y programable que te permite divertirte y aprender programaci\u00f3n al mismo tiempo! Lenguajes de programaci\u00f3n como Scratch, Python y Swift se pueden aprender muy f\u00e1cilmente. \u00a1Programar con Tello EDU nunca ha sido tan divertido!<\/p>\n<p>MEGA ENJAMBRE DE DRONES<br \/>Con un solo dispositivo se pueden controlar simult\u00e1neamente varios drones Tello EDU. Se puede controlar todo un enjambre de drones Tello EDU con un emocionante c\u00f3digo escrito por uno mismo. Da grandes volteretas sobre las plataformas de misi\u00f3n o realiza otros trucos. Mejora tus habilidades de programaci\u00f3n mientras rompes los l\u00edmites de tu imaginaci\u00f3n.<\/p>","protected":false},"excerpt":{"rendered":"<ul>\n<li>Vuelo preciso con la tecnolog\u00eda de control de vuelo de DJI<\/li>\n<li>Aprende a programar Swift, Scratch o Python<\/li>\n<li>Programaci\u00f3n de drones en enjambres, plataformas de misi\u00f3n<\/li>\n<li>M\u00e1s posibilidades de programaci\u00f3n con el nuevo SDK 2.0<\/li>\n<li>Control con la aplicaci\u00f3n Tello Edu en su tel\u00e9fono m\u00f3vil o iPad<\/li>\n<li>Fotos de 5 MP y v\u00eddeo de 720p con estabilizaci\u00f3n electr\u00f3nica de imagen<\/li>\n<li>M\u00faltiples modos de vuelo<\/li>\n<li>Seguro y f\u00e1cil de usar<\/li>\n<\/ul>","protected":false},"featured_media":7031,"template":"","meta":{"_acf_changed":false},"product_brand":[],"product_cat":[135,1316,97,136,1151],"product_tag":[],"class_list":{"0":"post-7036","1":"product","2":"type-product","3":"status-publish","4":"has-post-thumbnail","6":"product_cat-alle-drones","7":"product_cat-alle-educatie","8":"product_cat-alle-producten","9":"product_cat-consumer-drones","10":"product_cat-dji-tello","11":"product_shipping_class-outofstock","12":"pa_brand-ryze","13":"pa_productfamily-educatie","14":"pa_producttype-educatie","15":"pa_series-tello-edu","17":"first","18":"outofstock","19":"taxable","20":"shipping-taxable","21":"product-type-simple"},"acf":[],"yoast_head":"<!-- This site is optimized with the Yoast SEO Premium plugin v27.2 (Yoast SEO v27.2) - https:\/\/yoast.com\/product\/yoast-seo-premium-wordpress\/ -->\n<title>RYZE Tello EDU Combo - koningdrone.be<\/title>\n<meta name=\"robots\" content=\"index, follow, max-snippet:-1, max-image-preview:large, max-video-preview:-1\" \/>\n<link rel=\"canonical\" href=\"https:\/\/koningdrone.be\/es\/producto\/ryze-tello-edu-combo\/\" \/>\n<meta property=\"og:locale\" content=\"es_ES\" \/>\n<meta property=\"og:type\" content=\"article\" \/>\n<meta property=\"og:title\" content=\"RYZE Tello EDU Combo\" \/>\n<meta property=\"og:description\" content=\"Nauwkeurig vliegen met de vluchtbesturingstechnologie van DJILeer Swift, Scratch of Python programmerenDrones programmeren in zwermen, missiepadsMeer programmeermogelijkheden met de nieuwe SDK 2.0Bedien met de Tello Edu-app op uw mobiele telefoon of iPad5 MP-foto&#039;s en 720p-video met elektronische beeldstabilisatieMeerdere vliegmodiVeilig en gemakkelijk te gebruiken\" \/>\n<meta property=\"og:url\" content=\"https:\/\/koningdrone.be\/es\/producto\/ryze-tello-edu-combo\/\" \/>\n<meta property=\"og:site_name\" content=\"koningdrone.be\" \/>\n<meta property=\"article:modified_time\" content=\"2026-04-29T06:00:49+00:00\" \/>\n<meta property=\"og:image\" content=\"https:\/\/koningdrone.be\/wp-content\/uploads\/sites\/13\/2025\/04\/4251088421898-1.jpg\" \/>\n\t<meta property=\"og:image:width\" content=\"600\" \/>\n\t<meta property=\"og:image:height\" content=\"375\" \/>\n\t<meta property=\"og:image:type\" content=\"image\/jpeg\" \/>\n<meta name=\"twitter:card\" content=\"summary_large_image\" \/>\n<script type=\"application\/ld+json\" class=\"yoast-schema-graph\">{\"@context\":\"https:\/\/schema.org\",\"@graph\":[{\"@type\":\"WebPage\",\"@id\":\"https:\/\/koningdrone.be\/product\/ryze-tello-edu-combo\/\",\"url\":\"https:\/\/koningdrone.be\/product\/ryze-tello-edu-combo\/\",\"name\":\"RYZE Tello EDU Combo - koningdrone.be\",\"isPartOf\":{\"@id\":\"https:\/\/koningdrone.be\/#website\"},\"primaryImageOfPage\":{\"@id\":\"https:\/\/koningdrone.be\/product\/ryze-tello-edu-combo\/#primaryimage\"},\"image\":{\"@id\":\"https:\/\/koningdrone.be\/product\/ryze-tello-edu-combo\/#primaryimage\"},\"thumbnailUrl\":\"https:\/\/koningdrone.be\/wp-content\/uploads\/sites\/13\/2025\/04\/4251088421898-1.jpg\",\"datePublished\":\"2020-11-10T15:17:57+00:00\",\"dateModified\":\"2026-04-29T06:00:49+00:00\",\"breadcrumb\":{\"@id\":\"https:\/\/koningdrone.be\/product\/ryze-tello-edu-combo\/#breadcrumb\"},\"inLanguage\":\"es\",\"potentialAction\":[{\"@type\":\"ReadAction\",\"target\":[\"https:\/\/koningdrone.be\/product\/ryze-tello-edu-combo\/\"]}]},{\"@type\":\"ImageObject\",\"inLanguage\":\"es\",\"@id\":\"https:\/\/koningdrone.be\/product\/ryze-tello-edu-combo\/#primaryimage\",\"url\":\"https:\/\/koningdrone.be\/wp-content\/uploads\/sites\/13\/2025\/04\/4251088421898-1.jpg\",\"contentUrl\":\"https:\/\/koningdrone.be\/wp-content\/uploads\/sites\/13\/2025\/04\/4251088421898-1.jpg\",\"width\":600,\"height\":375},{\"@type\":\"BreadcrumbList\",\"@id\":\"https:\/\/koningdrone.be\/product\/ryze-tello-edu-combo\/#breadcrumb\",\"itemListElement\":[{\"@type\":\"ListItem\",\"position\":1,\"name\":\"Home\",\"item\":\"https:\/\/koningdrone.be\/\"},{\"@type\":\"ListItem\",\"position\":2,\"name\":\"AVSS Parachute Recovery System for DJI Matrice 300\/350\",\"item\":\"https:\/\/koningdrone.be\/product\/avss-parachute-recovery-system-for-dji-matrice-300-350\/\"},{\"@type\":\"ListItem\",\"position\":3,\"name\":\"Alle drones\",\"item\":\"https:\/\/koningdrone.be\/categorie\/alle-drones\/\"},{\"@type\":\"ListItem\",\"position\":4,\"name\":\"RYZE Tello EDU Combo\"}]},{\"@type\":\"WebSite\",\"@id\":\"https:\/\/koningdrone.be\/#website\",\"url\":\"https:\/\/koningdrone.be\/\",\"name\":\"Koningdrone.be - Uw online specialist in drones, gimbals, camera's en power stations.\",\"description\":\"De webshop in drones en gimbals\",\"publisher\":{\"@id\":\"https:\/\/koningdrone.be\/#organization\"},\"potentialAction\":[{\"@type\":\"SearchAction\",\"target\":{\"@type\":\"EntryPoint\",\"urlTemplate\":\"https:\/\/koningdrone.be\/?s={search_term_string}\"},\"query-input\":{\"@type\":\"PropertyValueSpecification\",\"valueRequired\":true,\"valueName\":\"search_term_string\"}}],\"inLanguage\":\"es\"},{\"@type\":\"Organization\",\"@id\":\"https:\/\/koningdrone.be\/#organization\",\"name\":\"Koningdrone.be\",\"url\":\"https:\/\/koningdrone.be\/\",\"logo\":{\"@type\":\"ImageObject\",\"inLanguage\":\"es\",\"@id\":\"https:\/\/koningdrone.be\/#\/schema\/logo\/image\/\",\"url\":\"https:\/\/koningdrone.be\/wp-content\/uploads\/sites\/13\/2025\/04\/koningdrone-copyright-logo.svg\",\"contentUrl\":\"https:\/\/koningdrone.be\/wp-content\/uploads\/sites\/13\/2025\/04\/koningdrone-copyright-logo.svg\",\"width\":227,\"height\":38,\"caption\":\"Koningdrone.be\"},\"image\":{\"@id\":\"https:\/\/koningdrone.be\/#\/schema\/logo\/image\/\"}}]}<\/script>\n<!-- \/ Yoast SEO Premium plugin. -->","yoast_head_json":{"title":"RYZE Tello EDU Combo - koningdrone.be","robots":{"index":"index","follow":"follow","max-snippet":"max-snippet:-1","max-image-preview":"max-image-preview:large","max-video-preview":"max-video-preview:-1"},"canonical":"https:\/\/koningdrone.be\/es\/producto\/ryze-tello-edu-combo\/","og_locale":"es_ES","og_type":"article","og_title":"RYZE Tello EDU Combo","og_description":"Nauwkeurig vliegen met de vluchtbesturingstechnologie van DJILeer Swift, Scratch of Python programmerenDrones programmeren in zwermen, missiepadsMeer programmeermogelijkheden met de nieuwe SDK 2.0Bedien met de Tello Edu-app op uw mobiele telefoon of iPad5 MP-foto's en 720p-video met elektronische beeldstabilisatieMeerdere vliegmodiVeilig en gemakkelijk te gebruiken","og_url":"https:\/\/koningdrone.be\/es\/producto\/ryze-tello-edu-combo\/","og_site_name":"koningdrone.be","article_modified_time":"2026-04-29T06:00:49+00:00","og_image":[{"width":600,"height":375,"url":"https:\/\/koningdrone.be\/wp-content\/uploads\/sites\/13\/2025\/04\/4251088421898-1.jpg","type":"image\/jpeg"}],"twitter_card":"summary_large_image","schema":{"@context":"https:\/\/schema.org","@graph":[{"@type":"WebPage","@id":"https:\/\/koningdrone.be\/product\/ryze-tello-edu-combo\/","url":"https:\/\/koningdrone.be\/product\/ryze-tello-edu-combo\/","name":"RYZE Tello EDU Combo - koningdrone.be","isPartOf":{"@id":"https:\/\/koningdrone.be\/#website"},"primaryImageOfPage":{"@id":"https:\/\/koningdrone.be\/product\/ryze-tello-edu-combo\/#primaryimage"},"image":{"@id":"https:\/\/koningdrone.be\/product\/ryze-tello-edu-combo\/#primaryimage"},"thumbnailUrl":"https:\/\/koningdrone.be\/wp-content\/uploads\/sites\/13\/2025\/04\/4251088421898-1.jpg","datePublished":"2020-11-10T15:17:57+00:00","dateModified":"2026-04-29T06:00:49+00:00","breadcrumb":{"@id":"https:\/\/koningdrone.be\/product\/ryze-tello-edu-combo\/#breadcrumb"},"inLanguage":"es","potentialAction":[{"@type":"ReadAction","target":["https:\/\/koningdrone.be\/product\/ryze-tello-edu-combo\/"]}]},{"@type":"ImageObject","inLanguage":"es","@id":"https:\/\/koningdrone.be\/product\/ryze-tello-edu-combo\/#primaryimage","url":"https:\/\/koningdrone.be\/wp-content\/uploads\/sites\/13\/2025\/04\/4251088421898-1.jpg","contentUrl":"https:\/\/koningdrone.be\/wp-content\/uploads\/sites\/13\/2025\/04\/4251088421898-1.jpg","width":600,"height":375},{"@type":"BreadcrumbList","@id":"https:\/\/koningdrone.be\/product\/ryze-tello-edu-combo\/#breadcrumb","itemListElement":[{"@type":"ListItem","position":1,"name":"Home","item":"https:\/\/koningdrone.be\/"},{"@type":"ListItem","position":2,"name":"AVSS Parachute Recovery System for DJI Matrice 300\/350","item":"https:\/\/koningdrone.be\/product\/avss-parachute-recovery-system-for-dji-matrice-300-350\/"},{"@type":"ListItem","position":3,"name":"Alle drones","item":"https:\/\/koningdrone.be\/categorie\/alle-drones\/"},{"@type":"ListItem","position":4,"name":"RYZE Tello EDU Combo"}]},{"@type":"WebSite","@id":"https:\/\/koningdrone.be\/#website","url":"https:\/\/koningdrone.be\/","name":"Koningdrone.be - Su especialista en l\u00ednea en drones, cardanes, c\u00e1maras y centrales el\u00e9ctricas.","description":"La tienda virtual de drones y cardanes","publisher":{"@id":"https:\/\/koningdrone.be\/#organization"},"potentialAction":[{"@type":"SearchAction","target":{"@type":"EntryPoint","urlTemplate":"https:\/\/koningdrone.be\/?s={search_term_string}"},"query-input":{"@type":"PropertyValueSpecification","valueRequired":true,"valueName":"search_term_string"}}],"inLanguage":"es"},{"@type":"Organization","@id":"https:\/\/koningdrone.be\/#organization","name":"Kingdrone.es","url":"https:\/\/koningdrone.be\/","logo":{"@type":"ImageObject","inLanguage":"es","@id":"https:\/\/koningdrone.be\/#\/schema\/logo\/image\/","url":"https:\/\/koningdrone.be\/wp-content\/uploads\/sites\/13\/2025\/04\/koningdrone-copyright-logo.svg","contentUrl":"https:\/\/koningdrone.be\/wp-content\/uploads\/sites\/13\/2025\/04\/koningdrone-copyright-logo.svg","width":227,"height":38,"caption":"Koningdrone.be"},"image":{"@id":"https:\/\/koningdrone.be\/#\/schema\/logo\/image\/"}}]}},"df_price":"","df_sale_price":"","df_regular_price":"","df_image_link":"https:\/\/koningdrone.be\/wp-content\/uploads\/sites\/13\/2025\/04\/4251088421898-1-300x188.jpg","_links":{"self":[{"href":"https:\/\/koningdrone.be\/es\/wp-json\/wp\/v2\/product\/7036","targetHints":{"allow":["GET"]}}],"collection":[{"href":"https:\/\/koningdrone.be\/es\/wp-json\/wp\/v2\/product"}],"about":[{"href":"https:\/\/koningdrone.be\/es\/wp-json\/wp\/v2\/types\/product"}],"wp:featuredmedia":[{"embeddable":true,"href":"https:\/\/koningdrone.be\/es\/wp-json\/wp\/v2\/media\/7031"}],"wp:attachment":[{"href":"https:\/\/koningdrone.be\/es\/wp-json\/wp\/v2\/media?parent=7036"}],"wp:term":[{"taxonomy":"product_brand","embeddable":true,"href":"https:\/\/koningdrone.be\/es\/wp-json\/wp\/v2\/product_brand?post=7036"},{"taxonomy":"product_cat","embeddable":true,"href":"https:\/\/koningdrone.be\/es\/wp-json\/wp\/v2\/product_cat?post=7036"},{"taxonomy":"product_tag","embeddable":true,"href":"https:\/\/koningdrone.be\/es\/wp-json\/wp\/v2\/product_tag?post=7036"}],"curies":[{"name":"wp","href":"https:\/\/api.w.org\/{rel}","templated":true}]}}