{"id":6904,"date":"2020-12-11T11:06:08","date_gmt":"2020-12-11T10:06:08","guid":{"rendered":"https:\/\/koningdrone.nl\/kon\/product\/dji-inspire-2-x5s-standard-kit\/"},"modified":"2026-04-29T13:10:56","modified_gmt":"2026-04-29T11:10:56","slug":"dji-inspire-2-x5s-standard-kit","status":"publish","type":"product","link":"https:\/\/koningdrone.be\/es\/producto\/dji-inspire-2-x5s-standard-kit\/","title":{"rendered":"DJI Inspire 2 X5s Kit Est\u00e1ndar"},"content":{"rendered":"<p><strong>Kit est\u00e1ndar DJI Inspire 2 X5s<\/strong><\/p>\n<p> El DJI Inspire 2 mejora a su predecesor con un nuevo sistema de imagen CineCore2.1, capaz de grabar hasta 6K en CinemaDNG\/RAW. Acelera de 0 a 80 km\/h en solo 5 segundos, alcanza una velocidad m\u00e1xima de 94 km\/h y una velocidad m\u00e1xima de descenso de 9 m\/s. Los sistemas de doble bater\u00eda ampl\u00edan el tiempo de vuelo hasta 27 minutos, mientras que la tecnolog\u00eda de autocalentamiento permite volar a bajas temperaturas. FlightAutonomy se ha revisado para evitar obst\u00e1culos de forma bidireccional y redundancia de sensores, a\u00f1adiendo modos de vuelo inteligentes como Spotlight Pro para tomas complejas y espectaculares.<\/p>\n<p> Un sistema de transmisi\u00f3n de v\u00eddeo mejorado admite doble frecuencia de se\u00f1al y doble canal, transmitiendo simult\u00e1neamente desde las c\u00e1maras FPV y principal. Entre otras caracter\u00edsticas, el Inspire 2 es compatible con CinemaDNG y Apple ProRes para postproducci\u00f3n. Los sistemas de detecci\u00f3n de obst\u00e1culos mejoran la seguridad con sistemas de visi\u00f3n hacia delante y hacia abajo que detectan obst\u00e1culos a una distancia de hasta 30 metros y admiten vuelos de hasta 54 mph con evitaci\u00f3n de obst\u00e1culos en varios modos de vuelo inteligente.<\/p>","protected":false},"excerpt":{"rendered":"<ul>\n<li>Incluye Zenmuse X7 + objetivo de 16 mm<\/li>\n<li>Bater\u00eda de vuelo inteligente<\/li>\n<li>Velocidad m\u00e1xima de 94 km\/h<\/li>\n<li>Tiempo de vuelo m\u00e1ximo de 25 - 27 minutos<\/li>\n<li>Detecci\u00f3n de obst\u00e1culos hasta 30 m<\/li>\n<li>Bater\u00eda doble, autocalentamiento, redundancia de bater\u00eda, 98 Wh<\/li>\n<li>Detecci\u00f3n visual, c\u00e1mara FPV de 2 ejes, gama de c\u00e1maras compatibles.<\/li>\n<li>Alcance: 4,3 km.<\/li>\n<li>Control remoto total de la c\u00e1mara. Ajustes manuales de la c\u00e1mara controlados por app.<\/li>\n<\/ul>","protected":false},"featured_media":6903,"template":"","meta":{"_acf_changed":false},"product_brand":[],"product_cat":[135,97,136,641,788,99],"product_tag":[],"class_list":{"0":"post-6904","1":"product","2":"type-product","3":"status-publish","4":"has-post-thumbnail","6":"product_cat-alle-drones","7":"product_cat-alle-producten","8":"product_cat-consumer-drones","9":"product_cat-dji-inspire","10":"product_cat-dji-inspire-2","11":"product_cat-drones-met-certificaat","12":"product_shipping_class-outofstock","13":"pa_brand-dji","14":"pa_dronegrade-consumer","15":"pa_productfamily-drone","16":"pa_producttype-drone","17":"pa_series-inspire-2","18":"pa_vliegbewijs-a1-a3","20":"first","21":"outofstock","22":"taxable","23":"shipping-taxable","24":"product-type-simple"},"acf":[],"yoast_head":"<!-- This site is optimized with the Yoast SEO Premium plugin v27.2 (Yoast SEO v27.2) - https:\/\/yoast.com\/product\/yoast-seo-premium-wordpress\/ -->\n<title>DJI Inspire 2 X5s Standard Kit - koningdrone.be<\/title>\n<meta name=\"robots\" content=\"index, follow, max-snippet:-1, max-image-preview:large, max-video-preview:-1\" \/>\n<link rel=\"canonical\" href=\"https:\/\/koningdrone.be\/es\/producto\/dji-inspire-2-x5s-standard-kit\/\" \/>\n<meta property=\"og:locale\" content=\"es_ES\" \/>\n<meta property=\"og:type\" content=\"article\" \/>\n<meta property=\"og:title\" content=\"DJI Inspire 2 X5s Standard Kit\" \/>\n<meta property=\"og:description\" content=\"Inclusief Zenmuse X7 + 16mm lensIntelligent Flight BatteryTopsnelheid van 94 km\/uVliegtijd van max 25 - 27 minutenObstakeldetectie tot 30mDubbele batterij, zelfverhitting, batterijredundantie, 98 WhVisuele detectie, 2-assige FPV-camera, bereik van ondersteunde camera&#039;s.Bereik: 4,3km (7km).Volledige mogelijkheid om cameras op afstand te bedienen. Appgestuurde handmatige camera-instellingen\" \/>\n<meta property=\"og:url\" content=\"https:\/\/koningdrone.be\/es\/producto\/dji-inspire-2-x5s-standard-kit\/\" \/>\n<meta property=\"og:site_name\" content=\"koningdrone.be\" \/>\n<meta property=\"article:modified_time\" content=\"2026-04-29T11:10:56+00:00\" \/>\n<meta property=\"og:image\" content=\"https:\/\/koningdrone.be\/wp-content\/uploads\/sites\/13\/2025\/04\/Inspire-2-x7.png\" \/>\n\t<meta property=\"og:image:width\" content=\"720\" \/>\n\t<meta property=\"og:image:height\" content=\"480\" \/>\n\t<meta property=\"og:image:type\" content=\"image\/png\" \/>\n<meta name=\"twitter:card\" content=\"summary_large_image\" \/>\n<meta name=\"twitter:label1\" content=\"Tiempo de lectura\" \/>\n\t<meta name=\"twitter:data1\" content=\"1 minuto\" \/>\n<script type=\"application\/ld+json\" class=\"yoast-schema-graph\">{\"@context\":\"https:\/\/schema.org\",\"@graph\":[{\"@type\":\"WebPage\",\"@id\":\"https:\/\/koningdrone.be\/product\/dji-inspire-2-x5s-standard-kit\/\",\"url\":\"https:\/\/koningdrone.be\/product\/dji-inspire-2-x5s-standard-kit\/\",\"name\":\"DJI Inspire 2 X5s Standard Kit - koningdrone.be\",\"isPartOf\":{\"@id\":\"https:\/\/koningdrone.be\/#website\"},\"primaryImageOfPage\":{\"@id\":\"https:\/\/koningdrone.be\/product\/dji-inspire-2-x5s-standard-kit\/#primaryimage\"},\"image\":{\"@id\":\"https:\/\/koningdrone.be\/product\/dji-inspire-2-x5s-standard-kit\/#primaryimage\"},\"thumbnailUrl\":\"https:\/\/koningdrone.be\/wp-content\/uploads\/sites\/13\/2025\/04\/Inspire-2-x7.png\",\"datePublished\":\"2020-12-11T10:06:08+00:00\",\"dateModified\":\"2026-04-29T11:10:56+00:00\",\"breadcrumb\":{\"@id\":\"https:\/\/koningdrone.be\/product\/dji-inspire-2-x5s-standard-kit\/#breadcrumb\"},\"inLanguage\":\"es\",\"potentialAction\":[{\"@type\":\"ReadAction\",\"target\":[\"https:\/\/koningdrone.be\/product\/dji-inspire-2-x5s-standard-kit\/\"]}]},{\"@type\":\"ImageObject\",\"inLanguage\":\"es\",\"@id\":\"https:\/\/koningdrone.be\/product\/dji-inspire-2-x5s-standard-kit\/#primaryimage\",\"url\":\"https:\/\/koningdrone.be\/wp-content\/uploads\/sites\/13\/2025\/04\/Inspire-2-x7.png\",\"contentUrl\":\"https:\/\/koningdrone.be\/wp-content\/uploads\/sites\/13\/2025\/04\/Inspire-2-x7.png\",\"width\":720,\"height\":480},{\"@type\":\"BreadcrumbList\",\"@id\":\"https:\/\/koningdrone.be\/product\/dji-inspire-2-x5s-standard-kit\/#breadcrumb\",\"itemListElement\":[{\"@type\":\"ListItem\",\"position\":1,\"name\":\"Home\",\"item\":\"https:\/\/koningdrone.be\/\"},{\"@type\":\"ListItem\",\"position\":2,\"name\":\"AVSS Parachute Recovery System for DJI Matrice 300\/350\",\"item\":\"https:\/\/koningdrone.be\/product\/avss-parachute-recovery-system-for-dji-matrice-300-350\/\"},{\"@type\":\"ListItem\",\"position\":3,\"name\":\"Alle drones\",\"item\":\"https:\/\/koningdrone.be\/categorie\/alle-drones\/\"},{\"@type\":\"ListItem\",\"position\":4,\"name\":\"DJI Inspire 2 X5s Standard Kit\"}]},{\"@type\":\"WebSite\",\"@id\":\"https:\/\/koningdrone.be\/#website\",\"url\":\"https:\/\/koningdrone.be\/\",\"name\":\"Koningdrone.be - Uw online specialist in drones, gimbals, camera's en power stations.\",\"description\":\"De webshop in drones en gimbals\",\"publisher\":{\"@id\":\"https:\/\/koningdrone.be\/#organization\"},\"potentialAction\":[{\"@type\":\"SearchAction\",\"target\":{\"@type\":\"EntryPoint\",\"urlTemplate\":\"https:\/\/koningdrone.be\/?s={search_term_string}\"},\"query-input\":{\"@type\":\"PropertyValueSpecification\",\"valueRequired\":true,\"valueName\":\"search_term_string\"}}],\"inLanguage\":\"es\"},{\"@type\":\"Organization\",\"@id\":\"https:\/\/koningdrone.be\/#organization\",\"name\":\"Koningdrone.be\",\"url\":\"https:\/\/koningdrone.be\/\",\"logo\":{\"@type\":\"ImageObject\",\"inLanguage\":\"es\",\"@id\":\"https:\/\/koningdrone.be\/#\/schema\/logo\/image\/\",\"url\":\"https:\/\/koningdrone.be\/wp-content\/uploads\/sites\/13\/2025\/04\/koningdrone-copyright-logo.svg\",\"contentUrl\":\"https:\/\/koningdrone.be\/wp-content\/uploads\/sites\/13\/2025\/04\/koningdrone-copyright-logo.svg\",\"width\":227,\"height\":38,\"caption\":\"Koningdrone.be\"},\"image\":{\"@id\":\"https:\/\/koningdrone.be\/#\/schema\/logo\/image\/\"}}]}<\/script>\n<!-- \/ Yoast SEO Premium plugin. -->","yoast_head_json":{"title":"DJI Inspire 2 X5s Standard Kit - koningdrone.be","robots":{"index":"index","follow":"follow","max-snippet":"max-snippet:-1","max-image-preview":"max-image-preview:large","max-video-preview":"max-video-preview:-1"},"canonical":"https:\/\/koningdrone.be\/es\/producto\/dji-inspire-2-x5s-standard-kit\/","og_locale":"es_ES","og_type":"article","og_title":"DJI Inspire 2 X5s Standard Kit","og_description":"Inclusief Zenmuse X7 + 16mm lensIntelligent Flight BatteryTopsnelheid van 94 km\/uVliegtijd van max 25 - 27 minutenObstakeldetectie tot 30mDubbele batterij, zelfverhitting, batterijredundantie, 98 WhVisuele detectie, 2-assige FPV-camera, bereik van ondersteunde camera's.Bereik: 4,3km (7km).Volledige mogelijkheid om cameras op afstand te bedienen. Appgestuurde handmatige camera-instellingen","og_url":"https:\/\/koningdrone.be\/es\/producto\/dji-inspire-2-x5s-standard-kit\/","og_site_name":"koningdrone.be","article_modified_time":"2026-04-29T11:10:56+00:00","og_image":[{"width":720,"height":480,"url":"https:\/\/koningdrone.be\/wp-content\/uploads\/sites\/13\/2025\/04\/Inspire-2-x7.png","type":"image\/png"}],"twitter_card":"summary_large_image","twitter_misc":{"Tiempo de lectura":"1 minuto"},"schema":{"@context":"https:\/\/schema.org","@graph":[{"@type":"WebPage","@id":"https:\/\/koningdrone.be\/product\/dji-inspire-2-x5s-standard-kit\/","url":"https:\/\/koningdrone.be\/product\/dji-inspire-2-x5s-standard-kit\/","name":"DJI Inspire 2 X5s Standard Kit - koningdrone.be","isPartOf":{"@id":"https:\/\/koningdrone.be\/#website"},"primaryImageOfPage":{"@id":"https:\/\/koningdrone.be\/product\/dji-inspire-2-x5s-standard-kit\/#primaryimage"},"image":{"@id":"https:\/\/koningdrone.be\/product\/dji-inspire-2-x5s-standard-kit\/#primaryimage"},"thumbnailUrl":"https:\/\/koningdrone.be\/wp-content\/uploads\/sites\/13\/2025\/04\/Inspire-2-x7.png","datePublished":"2020-12-11T10:06:08+00:00","dateModified":"2026-04-29T11:10:56+00:00","breadcrumb":{"@id":"https:\/\/koningdrone.be\/product\/dji-inspire-2-x5s-standard-kit\/#breadcrumb"},"inLanguage":"es","potentialAction":[{"@type":"ReadAction","target":["https:\/\/koningdrone.be\/product\/dji-inspire-2-x5s-standard-kit\/"]}]},{"@type":"ImageObject","inLanguage":"es","@id":"https:\/\/koningdrone.be\/product\/dji-inspire-2-x5s-standard-kit\/#primaryimage","url":"https:\/\/koningdrone.be\/wp-content\/uploads\/sites\/13\/2025\/04\/Inspire-2-x7.png","contentUrl":"https:\/\/koningdrone.be\/wp-content\/uploads\/sites\/13\/2025\/04\/Inspire-2-x7.png","width":720,"height":480},{"@type":"BreadcrumbList","@id":"https:\/\/koningdrone.be\/product\/dji-inspire-2-x5s-standard-kit\/#breadcrumb","itemListElement":[{"@type":"ListItem","position":1,"name":"Home","item":"https:\/\/koningdrone.be\/"},{"@type":"ListItem","position":2,"name":"AVSS Parachute Recovery System for DJI Matrice 300\/350","item":"https:\/\/koningdrone.be\/product\/avss-parachute-recovery-system-for-dji-matrice-300-350\/"},{"@type":"ListItem","position":3,"name":"Alle drones","item":"https:\/\/koningdrone.be\/categorie\/alle-drones\/"},{"@type":"ListItem","position":4,"name":"DJI Inspire 2 X5s Standard Kit"}]},{"@type":"WebSite","@id":"https:\/\/koningdrone.be\/#website","url":"https:\/\/koningdrone.be\/","name":"Koningdrone.be - Su especialista en l\u00ednea en drones, cardanes, c\u00e1maras y centrales el\u00e9ctricas.","description":"La tienda virtual de drones y cardanes","publisher":{"@id":"https:\/\/koningdrone.be\/#organization"},"potentialAction":[{"@type":"SearchAction","target":{"@type":"EntryPoint","urlTemplate":"https:\/\/koningdrone.be\/?s={search_term_string}"},"query-input":{"@type":"PropertyValueSpecification","valueRequired":true,"valueName":"search_term_string"}}],"inLanguage":"es"},{"@type":"Organization","@id":"https:\/\/koningdrone.be\/#organization","name":"Kingdrone.es","url":"https:\/\/koningdrone.be\/","logo":{"@type":"ImageObject","inLanguage":"es","@id":"https:\/\/koningdrone.be\/#\/schema\/logo\/image\/","url":"https:\/\/koningdrone.be\/wp-content\/uploads\/sites\/13\/2025\/04\/koningdrone-copyright-logo.svg","contentUrl":"https:\/\/koningdrone.be\/wp-content\/uploads\/sites\/13\/2025\/04\/koningdrone-copyright-logo.svg","width":227,"height":38,"caption":"Koningdrone.be"},"image":{"@id":"https:\/\/koningdrone.be\/#\/schema\/logo\/image\/"}}]}},"df_price":"","df_sale_price":"","df_regular_price":"","df_image_link":"https:\/\/koningdrone.be\/wp-content\/uploads\/sites\/13\/2025\/04\/Inspire-2-x7-300x200.png","_links":{"self":[{"href":"https:\/\/koningdrone.be\/es\/wp-json\/wp\/v2\/product\/6904","targetHints":{"allow":["GET"]}}],"collection":[{"href":"https:\/\/koningdrone.be\/es\/wp-json\/wp\/v2\/product"}],"about":[{"href":"https:\/\/koningdrone.be\/es\/wp-json\/wp\/v2\/types\/product"}],"wp:featuredmedia":[{"embeddable":true,"href":"https:\/\/koningdrone.be\/es\/wp-json\/wp\/v2\/media\/6903"}],"wp:attachment":[{"href":"https:\/\/koningdrone.be\/es\/wp-json\/wp\/v2\/media?parent=6904"}],"wp:term":[{"taxonomy":"product_brand","embeddable":true,"href":"https:\/\/koningdrone.be\/es\/wp-json\/wp\/v2\/product_brand?post=6904"},{"taxonomy":"product_cat","embeddable":true,"href":"https:\/\/koningdrone.be\/es\/wp-json\/wp\/v2\/product_cat?post=6904"},{"taxonomy":"product_tag","embeddable":true,"href":"https:\/\/koningdrone.be\/es\/wp-json\/wp\/v2\/product_tag?post=6904"}],"curies":[{"name":"wp","href":"https:\/\/api.w.org\/{rel}","templated":true}]}}