{"id":6896,"date":"2020-12-11T13:00:08","date_gmt":"2020-12-11T12:00:08","guid":{"rendered":"https:\/\/koningdrone.nl\/kon\/product\/dji-pocket-2-do-it-all-handle\/"},"modified":"2026-04-29T15:01:10","modified_gmt":"2026-04-29T13:01:10","slug":"dji-pocket-2-do-it-all-handle","status":"publish","type":"product","link":"https:\/\/koningdrone.be\/es\/producto\/dji-pocket-2-do-it-all-handle\/","title":{"rendered":"Mango DJI Pocket 2 Do-It-All"},"content":{"rendered":"<p><strong>Confort y conectividad<\/strong><br \/>\n<br \/>\nEl mango DJI Pocket 2 Do-It-All est\u00e1 ingeniosamente dise\u00f1ado para facilitar su uso y cuenta con una gran variedad de funciones vers\u00e1tiles. Con su m\u00f3dulo Wi-Fi y Bluetooth integrado, proporciona una conectividad perfecta con tu smartphone a trav\u00e9s de la aplicaci\u00f3n DJI Mimo. Esta conectividad mejorada permite un control remoto sin esfuerzo de la Pocket 2, mejorando significativamente tu experiencia de filmaci\u00f3n con la comodidad a la vanguardia.<\/p>\n<p><strong>Compatibilidad con audio inal\u00e1mbrico<\/strong><br \/>\n<br \/>\nEsta empu\u00f1adura incorpora un receptor de micr\u00f3fono inal\u00e1mbrico y es compatible con el transmisor de micr\u00f3fono inal\u00e1mbrico de DJI, lo que permite realizar grabaciones de audio de alta calidad sin las limitaciones de los cables. Adem\u00e1s, para aquellos que prefieran utilizar auriculares o cascos externos, se incluye una cuidada conectividad mediante un adaptador de audio de 3,5 mm. Esta versatilidad en las opciones de grabaci\u00f3n y reproducci\u00f3n de audio garantiza que cada momento que captures vaya acompa\u00f1ado de un sonido n\u00edtido y claro.<\/p>\n<p><strong>Funci\u00f3n de reproducci\u00f3n directa<\/strong><br \/>\n<br \/>\nEquipada con un altavoz integrado, la DJI Pocket 2 Do-It-All Handle ofrece reproducci\u00f3n instant\u00e1nea de tus grabaciones, con sonido. Esta caracter\u00edstica es especialmente \u00fatil para los creadores de contenidos y cineastas que necesitan revisar sus grabaciones en el acto, asegur\u00e1ndose de que cada toma es perfecta.<\/p>\n<p><strong>Mayor compatibilidad y flexibilidad<\/strong><br \/>\n<br \/>\nEn la parte inferior de la empu\u00f1adura encontrar\u00e1s un orificio roscado de 1\/4\u2033, que la hace compatible con tr\u00edpodes y otros accesorios. Este detalle abre un mundo de flexibilidad a la hora de configurar tus tomas. Tanto si buscas un encuadre fijo y estable como si quieres perspectivas din\u00e1micas y en movimiento, esta funci\u00f3n satisfar\u00e1 todas tus necesidades creativas.<\/p>\n<p><strong>Resumen de prestaciones<\/strong><br \/>\n<br \/>\nLa empu\u00f1adura DJI Pocket 2 Do-It-All es un accesorio esencial tanto para entusiastas como para profesionales que buscan mejorar sus capacidades de filmaci\u00f3n. Su combinaci\u00f3n \u00fanica de comodidad, conectividad mejorada y versatilidad la convierten en una herramienta excepcional para capturar los momentos inolvidables de la vida.<\/p>\n<p>&nbsp;<\/p>","protected":false},"excerpt":{"rendered":"<ul>\n<li>C\u00f3modo de sujetar<\/li>\n<li>M\u00f3dulo Wi-Fi y Bluetooth integrado<\/li>\n<li>Receptor de micr\u00f3fono inal\u00e1mbrico incluido<\/li>\n<li>Orificio roscado de 1\/4\u2033 incorporado para accesorios<\/li>\n<li>Puede conectarse a la aplicaci\u00f3n DJI Mimo para su control<\/li>\n<li>Admite grabaci\u00f3n inal\u00e1mbrica de sonido<\/li>\n<li>Conectividad para auriculares externos mediante adaptador de 3,5 mm<\/li>\n<li>Incluye altavoz integrado para reproducci\u00f3n de audio<\/li>\n<li>Compatible con tr\u00edpodes y accesorios adicionales<\/li>\n<\/ul>","protected":false},"featured_media":6891,"template":"","meta":{"_acf_changed":false},"product_brand":[],"product_cat":[410,97,297,778,804],"product_tag":[],"class_list":{"0":"post-6896","1":"product","2":"type-product","3":"status-publish","4":"has-post-thumbnail","6":"product_cat-alle-handheld-gimbals","7":"product_cat-alle-producten","8":"product_cat-dji-osmo","9":"product_cat-dji-osmo-pocket","10":"product_cat-dji-pocket-2","11":"product_shipping_class-outofstock","12":"pa_brand-dji","13":"pa_productfamily-gimbal-accessoire","14":"pa_producttype-gimbal-accessoire","15":"pa_series-osmo-pocket","17":"first","18":"outofstock","19":"taxable","20":"shipping-taxable","21":"purchasable","22":"product-type-simple"},"acf":[],"yoast_head":"<!-- This site is optimized with the Yoast SEO Premium plugin v27.2 (Yoast SEO v27.2) - https:\/\/yoast.com\/product\/yoast-seo-premium-wordpress\/ -->\n<title>DJI Pocket 2 Do-It-All Handle - koningdrone.be<\/title>\n<meta name=\"robots\" content=\"index, follow, max-snippet:-1, max-image-preview:large, max-video-preview:-1\" \/>\n<link rel=\"canonical\" href=\"https:\/\/koningdrone.be\/es\/producto\/dji-pocket-2-do-it-all-handle\/\" \/>\n<meta property=\"og:locale\" content=\"es_ES\" \/>\n<meta property=\"og:type\" content=\"article\" \/>\n<meta property=\"og:title\" content=\"DJI Pocket 2 Do-It-All Handle\" \/>\n<meta property=\"og:description\" content=\"Comfortabel om vast te houden  Ge\u00efntegreerde Wi-Fi- en Bluetooth-module  Draadloze microfoonontvanger inbegrepen  Ingebouwd 1\/4&quot; schroefdraadgat voor accessoires  Kan worden aangesloten op de DJI Mimo-app voor bediening  Ondersteunt draadloze geluidsopname  Externe oortelefoon\/hoofdtelefoon-connectiviteit via 3,5 mm-adapter  Inclusief ingebouwde luidspreker voor het afspelen van audio  Compatibel met statieven en extra accessoires\" \/>\n<meta property=\"og:url\" content=\"https:\/\/koningdrone.be\/es\/producto\/dji-pocket-2-do-it-all-handle\/\" \/>\n<meta property=\"og:site_name\" content=\"koningdrone.be\" \/>\n<meta property=\"article:modified_time\" content=\"2026-04-29T13:01:10+00:00\" \/>\n<meta property=\"og:image\" content=\"https:\/\/koningdrone.be\/wp-content\/uploads\/sites\/13\/2025\/04\/932c3ad002b1c1103aca17b9cd72c613@ultra.png\" \/>\n\t<meta property=\"og:image:width\" content=\"1280\" \/>\n\t<meta property=\"og:image:height\" content=\"1280\" \/>\n\t<meta property=\"og:image:type\" content=\"image\/png\" \/>\n<meta name=\"twitter:card\" content=\"summary_large_image\" \/>\n<meta name=\"twitter:label1\" content=\"Tiempo de lectura\" \/>\n\t<meta name=\"twitter:data1\" content=\"1 minuto\" \/>\n<script type=\"application\/ld+json\" class=\"yoast-schema-graph\">{\"@context\":\"https:\/\/schema.org\",\"@graph\":[{\"@type\":\"WebPage\",\"@id\":\"https:\/\/koningdrone.be\/product\/dji-pocket-2-do-it-all-handle\/\",\"url\":\"https:\/\/koningdrone.be\/product\/dji-pocket-2-do-it-all-handle\/\",\"name\":\"DJI Pocket 2 Do-It-All Handle - koningdrone.be\",\"isPartOf\":{\"@id\":\"https:\/\/koningdrone.be\/#website\"},\"primaryImageOfPage\":{\"@id\":\"https:\/\/koningdrone.be\/product\/dji-pocket-2-do-it-all-handle\/#primaryimage\"},\"image\":{\"@id\":\"https:\/\/koningdrone.be\/product\/dji-pocket-2-do-it-all-handle\/#primaryimage\"},\"thumbnailUrl\":\"https:\/\/koningdrone.be\/wp-content\/uploads\/sites\/13\/2025\/04\/932c3ad002b1c1103aca17b9cd72c613@ultra.png\",\"datePublished\":\"2020-12-11T12:00:08+00:00\",\"dateModified\":\"2026-04-29T13:01:10+00:00\",\"breadcrumb\":{\"@id\":\"https:\/\/koningdrone.be\/product\/dji-pocket-2-do-it-all-handle\/#breadcrumb\"},\"inLanguage\":\"es\",\"potentialAction\":[{\"@type\":\"ReadAction\",\"target\":[\"https:\/\/koningdrone.be\/product\/dji-pocket-2-do-it-all-handle\/\"]}]},{\"@type\":\"ImageObject\",\"inLanguage\":\"es\",\"@id\":\"https:\/\/koningdrone.be\/product\/dji-pocket-2-do-it-all-handle\/#primaryimage\",\"url\":\"https:\/\/koningdrone.be\/wp-content\/uploads\/sites\/13\/2025\/04\/932c3ad002b1c1103aca17b9cd72c613@ultra.png\",\"contentUrl\":\"https:\/\/koningdrone.be\/wp-content\/uploads\/sites\/13\/2025\/04\/932c3ad002b1c1103aca17b9cd72c613@ultra.png\",\"width\":1280,\"height\":1280},{\"@type\":\"BreadcrumbList\",\"@id\":\"https:\/\/koningdrone.be\/product\/dji-pocket-2-do-it-all-handle\/#breadcrumb\",\"itemListElement\":[{\"@type\":\"ListItem\",\"position\":1,\"name\":\"Home\",\"item\":\"https:\/\/koningdrone.be\/\"},{\"@type\":\"ListItem\",\"position\":2,\"name\":\"AVSS Parachute Recovery System for DJI Matrice 300\/350\",\"item\":\"https:\/\/koningdrone.be\/product\/avss-parachute-recovery-system-for-dji-matrice-300-350\/\"},{\"@type\":\"ListItem\",\"position\":3,\"name\":\"Alle handheld gimbals\",\"item\":\"https:\/\/koningdrone.be\/categorie\/alle-handheld-gimbals\/\"},{\"@type\":\"ListItem\",\"position\":4,\"name\":\"DJI Pocket 2 Do-It-All Handle\"}]},{\"@type\":\"WebSite\",\"@id\":\"https:\/\/koningdrone.be\/#website\",\"url\":\"https:\/\/koningdrone.be\/\",\"name\":\"Koningdrone.be - Uw online specialist in drones, gimbals, camera's en power stations.\",\"description\":\"De webshop in drones en gimbals\",\"publisher\":{\"@id\":\"https:\/\/koningdrone.be\/#organization\"},\"potentialAction\":[{\"@type\":\"SearchAction\",\"target\":{\"@type\":\"EntryPoint\",\"urlTemplate\":\"https:\/\/koningdrone.be\/?s={search_term_string}\"},\"query-input\":{\"@type\":\"PropertyValueSpecification\",\"valueRequired\":true,\"valueName\":\"search_term_string\"}}],\"inLanguage\":\"es\"},{\"@type\":\"Organization\",\"@id\":\"https:\/\/koningdrone.be\/#organization\",\"name\":\"Koningdrone.be\",\"url\":\"https:\/\/koningdrone.be\/\",\"logo\":{\"@type\":\"ImageObject\",\"inLanguage\":\"es\",\"@id\":\"https:\/\/koningdrone.be\/#\/schema\/logo\/image\/\",\"url\":\"https:\/\/koningdrone.be\/wp-content\/uploads\/sites\/13\/2025\/04\/koningdrone-copyright-logo.svg\",\"contentUrl\":\"https:\/\/koningdrone.be\/wp-content\/uploads\/sites\/13\/2025\/04\/koningdrone-copyright-logo.svg\",\"width\":227,\"height\":38,\"caption\":\"Koningdrone.be\"},\"image\":{\"@id\":\"https:\/\/koningdrone.be\/#\/schema\/logo\/image\/\"}}]}<\/script>\n<!-- \/ Yoast SEO Premium plugin. -->","yoast_head_json":{"title":"DJI Pocket 2 Do-It-All Handle - koningdrone.be","robots":{"index":"index","follow":"follow","max-snippet":"max-snippet:-1","max-image-preview":"max-image-preview:large","max-video-preview":"max-video-preview:-1"},"canonical":"https:\/\/koningdrone.be\/es\/producto\/dji-pocket-2-do-it-all-handle\/","og_locale":"es_ES","og_type":"article","og_title":"DJI Pocket 2 Do-It-All Handle","og_description":"Comfortabel om vast te houden  Ge\u00efntegreerde Wi-Fi- en Bluetooth-module  Draadloze microfoonontvanger inbegrepen  Ingebouwd 1\/4\" schroefdraadgat voor accessoires  Kan worden aangesloten op de DJI Mimo-app voor bediening  Ondersteunt draadloze geluidsopname  Externe oortelefoon\/hoofdtelefoon-connectiviteit via 3,5 mm-adapter  Inclusief ingebouwde luidspreker voor het afspelen van audio  Compatibel met statieven en extra accessoires","og_url":"https:\/\/koningdrone.be\/es\/producto\/dji-pocket-2-do-it-all-handle\/","og_site_name":"koningdrone.be","article_modified_time":"2026-04-29T13:01:10+00:00","og_image":[{"width":1280,"height":1280,"url":"https:\/\/koningdrone.be\/wp-content\/uploads\/sites\/13\/2025\/04\/932c3ad002b1c1103aca17b9cd72c613@ultra.png","type":"image\/png"}],"twitter_card":"summary_large_image","twitter_misc":{"Tiempo de lectura":"1 minuto"},"schema":{"@context":"https:\/\/schema.org","@graph":[{"@type":"WebPage","@id":"https:\/\/koningdrone.be\/product\/dji-pocket-2-do-it-all-handle\/","url":"https:\/\/koningdrone.be\/product\/dji-pocket-2-do-it-all-handle\/","name":"DJI Pocket 2 Do-It-All Handle - koningdrone.be","isPartOf":{"@id":"https:\/\/koningdrone.be\/#website"},"primaryImageOfPage":{"@id":"https:\/\/koningdrone.be\/product\/dji-pocket-2-do-it-all-handle\/#primaryimage"},"image":{"@id":"https:\/\/koningdrone.be\/product\/dji-pocket-2-do-it-all-handle\/#primaryimage"},"thumbnailUrl":"https:\/\/koningdrone.be\/wp-content\/uploads\/sites\/13\/2025\/04\/932c3ad002b1c1103aca17b9cd72c613@ultra.png","datePublished":"2020-12-11T12:00:08+00:00","dateModified":"2026-04-29T13:01:10+00:00","breadcrumb":{"@id":"https:\/\/koningdrone.be\/product\/dji-pocket-2-do-it-all-handle\/#breadcrumb"},"inLanguage":"es","potentialAction":[{"@type":"ReadAction","target":["https:\/\/koningdrone.be\/product\/dji-pocket-2-do-it-all-handle\/"]}]},{"@type":"ImageObject","inLanguage":"es","@id":"https:\/\/koningdrone.be\/product\/dji-pocket-2-do-it-all-handle\/#primaryimage","url":"https:\/\/koningdrone.be\/wp-content\/uploads\/sites\/13\/2025\/04\/932c3ad002b1c1103aca17b9cd72c613@ultra.png","contentUrl":"https:\/\/koningdrone.be\/wp-content\/uploads\/sites\/13\/2025\/04\/932c3ad002b1c1103aca17b9cd72c613@ultra.png","width":1280,"height":1280},{"@type":"BreadcrumbList","@id":"https:\/\/koningdrone.be\/product\/dji-pocket-2-do-it-all-handle\/#breadcrumb","itemListElement":[{"@type":"ListItem","position":1,"name":"Home","item":"https:\/\/koningdrone.be\/"},{"@type":"ListItem","position":2,"name":"AVSS Parachute Recovery System for DJI Matrice 300\/350","item":"https:\/\/koningdrone.be\/product\/avss-parachute-recovery-system-for-dji-matrice-300-350\/"},{"@type":"ListItem","position":3,"name":"Alle handheld gimbals","item":"https:\/\/koningdrone.be\/categorie\/alle-handheld-gimbals\/"},{"@type":"ListItem","position":4,"name":"DJI Pocket 2 Do-It-All Handle"}]},{"@type":"WebSite","@id":"https:\/\/koningdrone.be\/#website","url":"https:\/\/koningdrone.be\/","name":"Koningdrone.be - Su especialista en l\u00ednea en drones, cardanes, c\u00e1maras y centrales el\u00e9ctricas.","description":"La tienda virtual de drones y cardanes","publisher":{"@id":"https:\/\/koningdrone.be\/#organization"},"potentialAction":[{"@type":"SearchAction","target":{"@type":"EntryPoint","urlTemplate":"https:\/\/koningdrone.be\/?s={search_term_string}"},"query-input":{"@type":"PropertyValueSpecification","valueRequired":true,"valueName":"search_term_string"}}],"inLanguage":"es"},{"@type":"Organization","@id":"https:\/\/koningdrone.be\/#organization","name":"Kingdrone.es","url":"https:\/\/koningdrone.be\/","logo":{"@type":"ImageObject","inLanguage":"es","@id":"https:\/\/koningdrone.be\/#\/schema\/logo\/image\/","url":"https:\/\/koningdrone.be\/wp-content\/uploads\/sites\/13\/2025\/04\/koningdrone-copyright-logo.svg","contentUrl":"https:\/\/koningdrone.be\/wp-content\/uploads\/sites\/13\/2025\/04\/koningdrone-copyright-logo.svg","width":227,"height":38,"caption":"Koningdrone.be"},"image":{"@id":"https:\/\/koningdrone.be\/#\/schema\/logo\/image\/"}}]}},"df_price":99,"df_sale_price":"","df_regular_price":99,"df_image_link":"https:\/\/koningdrone.be\/wp-content\/uploads\/sites\/13\/2025\/04\/932c3ad002b1c1103aca17b9cd72c613@ultra-300x300.png","_links":{"self":[{"href":"https:\/\/koningdrone.be\/es\/wp-json\/wp\/v2\/product\/6896","targetHints":{"allow":["GET"]}}],"collection":[{"href":"https:\/\/koningdrone.be\/es\/wp-json\/wp\/v2\/product"}],"about":[{"href":"https:\/\/koningdrone.be\/es\/wp-json\/wp\/v2\/types\/product"}],"wp:featuredmedia":[{"embeddable":true,"href":"https:\/\/koningdrone.be\/es\/wp-json\/wp\/v2\/media\/6891"}],"wp:attachment":[{"href":"https:\/\/koningdrone.be\/es\/wp-json\/wp\/v2\/media?parent=6896"}],"wp:term":[{"taxonomy":"product_brand","embeddable":true,"href":"https:\/\/koningdrone.be\/es\/wp-json\/wp\/v2\/product_brand?post=6896"},{"taxonomy":"product_cat","embeddable":true,"href":"https:\/\/koningdrone.be\/es\/wp-json\/wp\/v2\/product_cat?post=6896"},{"taxonomy":"product_tag","embeddable":true,"href":"https:\/\/koningdrone.be\/es\/wp-json\/wp\/v2\/product_tag?post=6896"}],"curies":[{"name":"wp","href":"https:\/\/api.w.org\/{rel}","templated":true}]}}