{"id":6867,"date":"2020-12-11T13:00:08","date_gmt":"2020-12-11T12:00:08","guid":{"rendered":"https:\/\/koningdrone.nl\/kon\/product\/dji-pocket-2-waterproof-case\/"},"modified":"2026-04-29T15:40:16","modified_gmt":"2026-04-29T13:40:16","slug":"dji-pocket-2-waterproof-case","status":"publish","type":"product","link":"https:\/\/koningdrone.be\/es\/producto\/dji-pocket-2-waterproof-case\/","title":{"rendered":"Funda impermeable DJI Pocket 2"},"content":{"rendered":"<p>La carcasa acu\u00e1tica DJI Pocket 2 es un accesorio premium dise\u00f1ado para fot\u00f3grafos y vide\u00f3grafos submarinos ambiciosos. Proporciona una protecci\u00f3n inigualable para tu c\u00e1mara Pocket 2 durante tus aventuras acu\u00e1ticas y garantiza su funcionalidad hasta 60 metros (unos 197 pies) bajo la superficie. Esta funda ampl\u00eda significativamente sus posibilidades de exploraci\u00f3n y narraci\u00f3n bajo el agua.<\/p>\n<p><strong>Dise\u00f1o de alta calidad<\/strong><\/p>\n<p>Fabricada pensando en la durabilidad y la claridad, esta carcasa estanca permite a su c\u00e1mara capturar im\u00e1genes vivas y n\u00edtidas sin sufrir reflejos ni distorsiones. Aborda los desaf\u00edos \u00fanicos de la fotograf\u00eda submarina, permitiendo que su Pocket 2 ofrezca el mejor rendimiento en entornos marinos.<\/p>\n<p><strong>Estabilidad y control<\/strong><\/p>\n<p>Para garantizar la m\u00e1xima calidad de sus im\u00e1genes subacu\u00e1ticas, la carcasa incorpora una abrazadera segura que mantiene estable la suspensi\u00f3n card\u00e1nica de la c\u00e1mara. Esta caracter\u00edstica es crucial para evitar movimientos no deseados que puedan desenfocar sus tomas. Adem\u00e1s, la carcasa incluye un bot\u00f3n externo de obturador\/grabaci\u00f3n, que permite manejar f\u00e1cilmente la c\u00e1mara sin tener que abrir la carcasa. Este ingenioso a\u00f1adido mejora su capacidad para capturar momentos sin interrupciones mientras bucea o practica snorkel.<\/p>\n<p><strong>Opciones de montaje<\/strong><\/p>\n<p>Pensando en la versatilidad, la carcasa acu\u00e1tica DJI Pocket 2 est\u00e1 equipada con dos soportes de montaje externos. Estos soportes te permiten acoplar sin esfuerzo la carcasa a otros equipos, lo que te ofrece flexibilidad a la hora de configurar tu equipo de grabaci\u00f3n subacu\u00e1tica. Tanto si la c\u00e1mara est\u00e1 sujeta a un casco para obtener una perspectiva en primera persona como si est\u00e1 montada en otro equipo de estabilizaci\u00f3n, estas opciones te permiten centrarte en capturar tus experiencias subacu\u00e1ticas de la forma m\u00e1s eficaz posible.<\/p>\n<p><strong>Ideal para aficionados y profesionales<\/strong><\/p>\n<p>Esta carcasa estanca es perfecta para cualquiera que desee sumergirse en la fotograf\u00eda o videograf\u00eda submarina con su DJI Pocket 2. Borra los l\u00edmites entre el mundo submarino y la expresi\u00f3n creativa, permitiendo tanto a principiantes como a profesionales experimentados capturar la belleza de las profundidades con una claridad asombrosa....<\/p>\n<p>&nbsp;<\/p>","protected":false},"excerpt":{"rendered":"<ul>\n<li>Sumergible hasta 60 metros<\/li>\n<li>Permite obtener im\u00e1genes submarinas de alta calidad<\/li>\n<li>Grabaci\u00f3n sin reflejos ni distorsiones<\/li>\n<li>La abrazadera interna fija el card\u00e1n<\/li>\n<li>Bot\u00f3n de disparo\/grabaci\u00f3n incluido<\/li>\n<li>Equipado con dos soportes de montaje<\/li>\n<li>Mejora la experiencia de tiro<\/li>\n<\/ul>","protected":false},"featured_media":6865,"template":"","meta":{"_acf_changed":false},"product_brand":[],"product_cat":[756,410,97,297,804],"product_tag":[],"class_list":{"0":"post-6867","1":"product","2":"type-product","3":"status-publish","4":"has-post-thumbnail","6":"product_cat-accessoires","7":"product_cat-alle-handheld-gimbals","8":"product_cat-alle-producten","9":"product_cat-dji-osmo","10":"product_cat-dji-pocket-2","11":"product_shipping_class-outofstock","12":"pa_brand-dji","13":"pa_productfamily-action-cam-accessoires","14":"pa_producttype-action-cam-accessoires","15":"pa_series-osmo-pocket","17":"first","18":"outofstock","19":"taxable","20":"shipping-taxable","21":"purchasable","22":"product-type-simple"},"acf":[],"yoast_head":"<!-- This site is optimized with the Yoast SEO Premium plugin v27.2 (Yoast SEO v27.2) - https:\/\/yoast.com\/product\/yoast-seo-premium-wordpress\/ -->\n<title>DJI Pocket 2 Waterproof Case - koningdrone.be<\/title>\n<meta name=\"robots\" content=\"index, follow, max-snippet:-1, max-image-preview:large, max-video-preview:-1\" \/>\n<link rel=\"canonical\" href=\"https:\/\/koningdrone.be\/es\/producto\/dji-pocket-2-waterproof-case\/\" \/>\n<meta property=\"og:locale\" content=\"es_ES\" \/>\n<meta property=\"og:type\" content=\"article\" \/>\n<meta property=\"og:title\" content=\"DJI Pocket 2 Waterproof Case\" \/>\n<meta property=\"og:description\" content=\"Waterdicht tot 60 meter  Maakt onderwaterbeelden van hoge kwaliteit mogelijk  Verblindings- en vervormingsvrije opname  Interne klem beveiligt de gimbal  Inclusief sluiter\/opnameknop  Voorzien van twee montagebeugels  Verbetert de schietervaring\" \/>\n<meta property=\"og:url\" content=\"https:\/\/koningdrone.be\/es\/producto\/dji-pocket-2-waterproof-case\/\" \/>\n<meta property=\"og:site_name\" content=\"koningdrone.be\" \/>\n<meta property=\"article:modified_time\" content=\"2026-04-29T13:40:16+00:00\" \/>\n<meta property=\"og:image\" content=\"https:\/\/koningdrone.be\/wp-content\/uploads\/sites\/13\/2025\/04\/18ee28ed5d1756a706f710eeaf634390@large.jpg\" \/>\n\t<meta property=\"og:image:width\" content=\"1200\" \/>\n\t<meta property=\"og:image:height\" content=\"800\" \/>\n\t<meta property=\"og:image:type\" content=\"image\/jpeg\" \/>\n<meta name=\"twitter:card\" content=\"summary_large_image\" \/>\n<meta name=\"twitter:label1\" content=\"Tiempo de lectura\" \/>\n\t<meta name=\"twitter:data1\" content=\"2 minutos\" \/>\n<script type=\"application\/ld+json\" class=\"yoast-schema-graph\">{\"@context\":\"https:\/\/schema.org\",\"@graph\":[{\"@type\":\"WebPage\",\"@id\":\"https:\/\/koningdrone.be\/product\/dji-pocket-2-waterproof-case\/\",\"url\":\"https:\/\/koningdrone.be\/product\/dji-pocket-2-waterproof-case\/\",\"name\":\"DJI Pocket 2 Waterproof Case - koningdrone.be\",\"isPartOf\":{\"@id\":\"https:\/\/koningdrone.be\/#website\"},\"primaryImageOfPage\":{\"@id\":\"https:\/\/koningdrone.be\/product\/dji-pocket-2-waterproof-case\/#primaryimage\"},\"image\":{\"@id\":\"https:\/\/koningdrone.be\/product\/dji-pocket-2-waterproof-case\/#primaryimage\"},\"thumbnailUrl\":\"https:\/\/koningdrone.be\/wp-content\/uploads\/sites\/13\/2025\/04\/18ee28ed5d1756a706f710eeaf634390@large.jpg\",\"datePublished\":\"2020-12-11T12:00:08+00:00\",\"dateModified\":\"2026-04-29T13:40:16+00:00\",\"breadcrumb\":{\"@id\":\"https:\/\/koningdrone.be\/product\/dji-pocket-2-waterproof-case\/#breadcrumb\"},\"inLanguage\":\"es\",\"potentialAction\":[{\"@type\":\"ReadAction\",\"target\":[\"https:\/\/koningdrone.be\/product\/dji-pocket-2-waterproof-case\/\"]}]},{\"@type\":\"ImageObject\",\"inLanguage\":\"es\",\"@id\":\"https:\/\/koningdrone.be\/product\/dji-pocket-2-waterproof-case\/#primaryimage\",\"url\":\"https:\/\/koningdrone.be\/wp-content\/uploads\/sites\/13\/2025\/04\/18ee28ed5d1756a706f710eeaf634390@large.jpg\",\"contentUrl\":\"https:\/\/koningdrone.be\/wp-content\/uploads\/sites\/13\/2025\/04\/18ee28ed5d1756a706f710eeaf634390@large.jpg\",\"width\":1200,\"height\":800},{\"@type\":\"BreadcrumbList\",\"@id\":\"https:\/\/koningdrone.be\/product\/dji-pocket-2-waterproof-case\/#breadcrumb\",\"itemListElement\":[{\"@type\":\"ListItem\",\"position\":1,\"name\":\"Home\",\"item\":\"https:\/\/koningdrone.be\/\"},{\"@type\":\"ListItem\",\"position\":2,\"name\":\"AVSS Parachute Recovery System for DJI Matrice 300\/350\",\"item\":\"https:\/\/koningdrone.be\/product\/avss-parachute-recovery-system-for-dji-matrice-300-350\/\"},{\"@type\":\"ListItem\",\"position\":3,\"name\":\"Accessoires\",\"item\":\"https:\/\/koningdrone.be\/categorie\/accessoires\/\"},{\"@type\":\"ListItem\",\"position\":4,\"name\":\"DJI Pocket 2 Waterproof Case\"}]},{\"@type\":\"WebSite\",\"@id\":\"https:\/\/koningdrone.be\/#website\",\"url\":\"https:\/\/koningdrone.be\/\",\"name\":\"Koningdrone.be - Uw online specialist in drones, gimbals, camera's en power stations.\",\"description\":\"De webshop in drones en gimbals\",\"publisher\":{\"@id\":\"https:\/\/koningdrone.be\/#organization\"},\"potentialAction\":[{\"@type\":\"SearchAction\",\"target\":{\"@type\":\"EntryPoint\",\"urlTemplate\":\"https:\/\/koningdrone.be\/?s={search_term_string}\"},\"query-input\":{\"@type\":\"PropertyValueSpecification\",\"valueRequired\":true,\"valueName\":\"search_term_string\"}}],\"inLanguage\":\"es\"},{\"@type\":\"Organization\",\"@id\":\"https:\/\/koningdrone.be\/#organization\",\"name\":\"Koningdrone.be\",\"url\":\"https:\/\/koningdrone.be\/\",\"logo\":{\"@type\":\"ImageObject\",\"inLanguage\":\"es\",\"@id\":\"https:\/\/koningdrone.be\/#\/schema\/logo\/image\/\",\"url\":\"https:\/\/koningdrone.be\/wp-content\/uploads\/sites\/13\/2025\/04\/koningdrone-copyright-logo.svg\",\"contentUrl\":\"https:\/\/koningdrone.be\/wp-content\/uploads\/sites\/13\/2025\/04\/koningdrone-copyright-logo.svg\",\"width\":227,\"height\":38,\"caption\":\"Koningdrone.be\"},\"image\":{\"@id\":\"https:\/\/koningdrone.be\/#\/schema\/logo\/image\/\"}}]}<\/script>\n<!-- \/ Yoast SEO Premium plugin. -->","yoast_head_json":{"title":"DJI Pocket 2 Waterproof Case - koningdrone.be","robots":{"index":"index","follow":"follow","max-snippet":"max-snippet:-1","max-image-preview":"max-image-preview:large","max-video-preview":"max-video-preview:-1"},"canonical":"https:\/\/koningdrone.be\/es\/producto\/dji-pocket-2-waterproof-case\/","og_locale":"es_ES","og_type":"article","og_title":"DJI Pocket 2 Waterproof Case","og_description":"Waterdicht tot 60 meter  Maakt onderwaterbeelden van hoge kwaliteit mogelijk  Verblindings- en vervormingsvrije opname  Interne klem beveiligt de gimbal  Inclusief sluiter\/opnameknop  Voorzien van twee montagebeugels  Verbetert de schietervaring","og_url":"https:\/\/koningdrone.be\/es\/producto\/dji-pocket-2-waterproof-case\/","og_site_name":"koningdrone.be","article_modified_time":"2026-04-29T13:40:16+00:00","og_image":[{"width":1200,"height":800,"url":"https:\/\/koningdrone.be\/wp-content\/uploads\/sites\/13\/2025\/04\/18ee28ed5d1756a706f710eeaf634390@large.jpg","type":"image\/jpeg"}],"twitter_card":"summary_large_image","twitter_misc":{"Tiempo de lectura":"2 minutos"},"schema":{"@context":"https:\/\/schema.org","@graph":[{"@type":"WebPage","@id":"https:\/\/koningdrone.be\/product\/dji-pocket-2-waterproof-case\/","url":"https:\/\/koningdrone.be\/product\/dji-pocket-2-waterproof-case\/","name":"DJI Pocket 2 Waterproof Case - koningdrone.be","isPartOf":{"@id":"https:\/\/koningdrone.be\/#website"},"primaryImageOfPage":{"@id":"https:\/\/koningdrone.be\/product\/dji-pocket-2-waterproof-case\/#primaryimage"},"image":{"@id":"https:\/\/koningdrone.be\/product\/dji-pocket-2-waterproof-case\/#primaryimage"},"thumbnailUrl":"https:\/\/koningdrone.be\/wp-content\/uploads\/sites\/13\/2025\/04\/18ee28ed5d1756a706f710eeaf634390@large.jpg","datePublished":"2020-12-11T12:00:08+00:00","dateModified":"2026-04-29T13:40:16+00:00","breadcrumb":{"@id":"https:\/\/koningdrone.be\/product\/dji-pocket-2-waterproof-case\/#breadcrumb"},"inLanguage":"es","potentialAction":[{"@type":"ReadAction","target":["https:\/\/koningdrone.be\/product\/dji-pocket-2-waterproof-case\/"]}]},{"@type":"ImageObject","inLanguage":"es","@id":"https:\/\/koningdrone.be\/product\/dji-pocket-2-waterproof-case\/#primaryimage","url":"https:\/\/koningdrone.be\/wp-content\/uploads\/sites\/13\/2025\/04\/18ee28ed5d1756a706f710eeaf634390@large.jpg","contentUrl":"https:\/\/koningdrone.be\/wp-content\/uploads\/sites\/13\/2025\/04\/18ee28ed5d1756a706f710eeaf634390@large.jpg","width":1200,"height":800},{"@type":"BreadcrumbList","@id":"https:\/\/koningdrone.be\/product\/dji-pocket-2-waterproof-case\/#breadcrumb","itemListElement":[{"@type":"ListItem","position":1,"name":"Home","item":"https:\/\/koningdrone.be\/"},{"@type":"ListItem","position":2,"name":"AVSS Parachute Recovery System for DJI Matrice 300\/350","item":"https:\/\/koningdrone.be\/product\/avss-parachute-recovery-system-for-dji-matrice-300-350\/"},{"@type":"ListItem","position":3,"name":"Accessoires","item":"https:\/\/koningdrone.be\/categorie\/accessoires\/"},{"@type":"ListItem","position":4,"name":"DJI Pocket 2 Waterproof Case"}]},{"@type":"WebSite","@id":"https:\/\/koningdrone.be\/#website","url":"https:\/\/koningdrone.be\/","name":"Koningdrone.be - Su especialista en l\u00ednea en drones, cardanes, c\u00e1maras y centrales el\u00e9ctricas.","description":"La tienda virtual de drones y cardanes","publisher":{"@id":"https:\/\/koningdrone.be\/#organization"},"potentialAction":[{"@type":"SearchAction","target":{"@type":"EntryPoint","urlTemplate":"https:\/\/koningdrone.be\/?s={search_term_string}"},"query-input":{"@type":"PropertyValueSpecification","valueRequired":true,"valueName":"search_term_string"}}],"inLanguage":"es"},{"@type":"Organization","@id":"https:\/\/koningdrone.be\/#organization","name":"Kingdrone.es","url":"https:\/\/koningdrone.be\/","logo":{"@type":"ImageObject","inLanguage":"es","@id":"https:\/\/koningdrone.be\/#\/schema\/logo\/image\/","url":"https:\/\/koningdrone.be\/wp-content\/uploads\/sites\/13\/2025\/04\/koningdrone-copyright-logo.svg","contentUrl":"https:\/\/koningdrone.be\/wp-content\/uploads\/sites\/13\/2025\/04\/koningdrone-copyright-logo.svg","width":227,"height":38,"caption":"Koningdrone.be"},"image":{"@id":"https:\/\/koningdrone.be\/#\/schema\/logo\/image\/"}}]}},"df_price":54.99,"df_sale_price":"","df_regular_price":54.99,"df_image_link":"https:\/\/koningdrone.be\/wp-content\/uploads\/sites\/13\/2025\/04\/18ee28ed5d1756a706f710eeaf634390@large-300x200.jpg","_links":{"self":[{"href":"https:\/\/koningdrone.be\/es\/wp-json\/wp\/v2\/product\/6867","targetHints":{"allow":["GET"]}}],"collection":[{"href":"https:\/\/koningdrone.be\/es\/wp-json\/wp\/v2\/product"}],"about":[{"href":"https:\/\/koningdrone.be\/es\/wp-json\/wp\/v2\/types\/product"}],"wp:featuredmedia":[{"embeddable":true,"href":"https:\/\/koningdrone.be\/es\/wp-json\/wp\/v2\/media\/6865"}],"wp:attachment":[{"href":"https:\/\/koningdrone.be\/es\/wp-json\/wp\/v2\/media?parent=6867"}],"wp:term":[{"taxonomy":"product_brand","embeddable":true,"href":"https:\/\/koningdrone.be\/es\/wp-json\/wp\/v2\/product_brand?post=6867"},{"taxonomy":"product_cat","embeddable":true,"href":"https:\/\/koningdrone.be\/es\/wp-json\/wp\/v2\/product_cat?post=6867"},{"taxonomy":"product_tag","embeddable":true,"href":"https:\/\/koningdrone.be\/es\/wp-json\/wp\/v2\/product_tag?post=6867"}],"curies":[{"name":"wp","href":"https:\/\/api.w.org\/{rel}","templated":true}]}}