{"id":6864,"date":"2020-12-11T13:00:08","date_gmt":"2020-12-11T12:00:08","guid":{"rendered":"https:\/\/koningdrone.nl\/kon\/product\/dji-pocket-2-phone-clip\/"},"modified":"2026-04-29T10:11:02","modified_gmt":"2026-04-29T08:11:02","slug":"dji-pocket-2-phone-clip","status":"publish","type":"product","link":"https:\/\/koningdrone.be\/es\/producto\/dji-pocket-2-phone-clip\/","title":{"rendered":"Clip para tel\u00e9fono DJI Pocket 2"},"content":{"rendered":"<p><strong>Experiencia cinematogr\u00e1fica mejorada<\/strong><\/p>\n<p> El clip para tel\u00e9fono DJI Pocket 2 est\u00e1 cuidadosamente dise\u00f1ado para mejorar tu experiencia de filmaci\u00f3n cuando utilizas un smartphone. Proporciona una conexi\u00f3n robusta y estable entre la DJI Pocket 2 y tu smartphone, lo que es esencial para capturar grabaciones fluidas y fiables. Esta perfecta integraci\u00f3n hace que la grabaci\u00f3n de v\u00eddeos con tu smartphone sea profesional y sin complicaciones.<\/p>\n<p><strong>Opciones de montaje vers\u00e1tiles<\/strong><\/p>\n<p> Equipado con una rosca de 1\/4 de pulgada y un soporte de zapata fr\u00eda, el clip para tel\u00e9fono DJI Pocket 2 ofrece una flexibilidad inigualable en tu configuraci\u00f3n de grabaci\u00f3n. Estas caracter\u00edsticas te permiten conectar varios accesorios, incluidos micr\u00f3fonos y luces, mejorando la calidad de tu contenido de v\u00eddeo. Tanto si quieres mejorar la calidad del sonido como la iluminaci\u00f3n, este clip para tel\u00e9fono ofrece la versatilidad necesaria para mejorar tus capacidades de filmaci\u00f3n.<\/p>\n<p><strong>Dise\u00f1ado para la comodidad<\/strong><\/p>\n<p> Adem\u00e1s de sus ventajas funcionales, el clip para tel\u00e9fono DJI Pocket 2 tambi\u00e9n se ha dise\u00f1ado pensando en la comodidad. Est\u00e1 hecho para que sea f\u00e1cil de sujetar, haciendo que las sesiones de grabaci\u00f3n m\u00e1s largas sean menos estresantes para tus manos. Este cuidado dise\u00f1o no s\u00f3lo hace hincapi\u00e9 en la calidad de las grabaciones, sino tambi\u00e9n en la comodidad del usuario, convirti\u00e9ndolo en un accesorio indispensable para los \u00e1vidos cineastas.<\/p>\n<p><strong>Accesorio indispensable para cineastas<\/strong><\/p>\n<p> En general, el clip para tel\u00e9fono DJI Pocket 2 es un accesorio crucial para cualquiera que busque ampliar sus capacidades de filmaci\u00f3n y conseguir contenidos de v\u00eddeo estables y de alta calidad con su smartphone. Su combinaci\u00f3n de estabilidad, flexibilidad y comodidad lo convierten en una valiosa herramienta para mejorar tu experiencia de filmaci\u00f3n.<\/p>\n<p><\/p>","protected":false},"excerpt":{"rendered":"<ul>\n<li>Garantiza una conexi\u00f3n estable con los smartphones<\/li>\n<li> Incluye rosca de 1\/4 para opciones de grabaci\u00f3n vers\u00e1tiles<\/li>\n<li> Equipada con zapata fr\u00eda para acoplar equipos adicionales<\/li>\n<li> Dise\u00f1ado para sujetarlo c\u00f3modamente<\/li>\n<li> Compatible con DJI Pocket 2<\/li>\n<\/ul>","protected":false},"featured_media":6862,"template":"","meta":{"_acf_changed":false},"product_brand":[],"product_cat":[268,410,97,297,804],"product_tag":[],"class_list":{"0":"post-6864","1":"product","2":"type-product","3":"status-publish","4":"has-post-thumbnail","6":"product_cat-alle-accessoires","7":"product_cat-alle-handheld-gimbals","8":"product_cat-alle-producten","9":"product_cat-dji-osmo","10":"product_cat-dji-pocket-2","11":"product_shipping_class-outofstock","12":"pa_brand-dji","13":"pa_productfamily-smartphone-accessoire","14":"pa_producttype-smartphone-accessoire","15":"pa_series-osmo-pocket","17":"first","18":"outofstock","19":"taxable","20":"shipping-taxable","21":"product-type-simple"},"acf":[],"yoast_head":"<!-- This site is optimized with the Yoast SEO Premium plugin v27.2 (Yoast SEO v27.2) - https:\/\/yoast.com\/product\/yoast-seo-premium-wordpress\/ -->\n<title>DJI Pocket 2 Phone Clip - koningdrone.be<\/title>\n<meta name=\"robots\" content=\"index, follow, max-snippet:-1, max-image-preview:large, max-video-preview:-1\" \/>\n<link rel=\"canonical\" href=\"https:\/\/koningdrone.be\/es\/producto\/dji-pocket-2-phone-clip\/\" \/>\n<meta property=\"og:locale\" content=\"es_ES\" \/>\n<meta property=\"og:type\" content=\"article\" \/>\n<meta property=\"og:title\" content=\"DJI Pocket 2 Phone Clip\" \/>\n<meta property=\"og:description\" content=\"Zorgt voor een stabiele verbinding met smartphones Inclusief 1\/4 draad voor veelzijdige opnamemogelijkheden Voorzien van cold shoe voor bevestiging van extra apparatuur Ontworpen voor handig vasthouden Compatibel met DJI Pocket 2\" \/>\n<meta property=\"og:url\" content=\"https:\/\/koningdrone.be\/es\/producto\/dji-pocket-2-phone-clip\/\" \/>\n<meta property=\"og:site_name\" content=\"koningdrone.be\" \/>\n<meta property=\"article:modified_time\" content=\"2026-04-29T08:11:02+00:00\" \/>\n<meta property=\"og:image\" content=\"https:\/\/koningdrone.be\/wp-content\/uploads\/sites\/13\/2025\/04\/9c910c45a076fa6baa0f1e1985083370@large.jpg\" \/>\n\t<meta property=\"og:image:width\" content=\"1200\" \/>\n\t<meta property=\"og:image:height\" content=\"800\" \/>\n\t<meta property=\"og:image:type\" content=\"image\/jpeg\" \/>\n<meta name=\"twitter:card\" content=\"summary_large_image\" \/>\n<meta name=\"twitter:label1\" content=\"Tiempo de lectura\" \/>\n\t<meta name=\"twitter:data1\" content=\"1 minuto\" \/>\n<script type=\"application\/ld+json\" class=\"yoast-schema-graph\">{\"@context\":\"https:\/\/schema.org\",\"@graph\":[{\"@type\":\"WebPage\",\"@id\":\"https:\/\/koningdrone.be\/product\/dji-pocket-2-phone-clip\/\",\"url\":\"https:\/\/koningdrone.be\/product\/dji-pocket-2-phone-clip\/\",\"name\":\"DJI Pocket 2 Phone Clip - koningdrone.be\",\"isPartOf\":{\"@id\":\"https:\/\/koningdrone.be\/#website\"},\"primaryImageOfPage\":{\"@id\":\"https:\/\/koningdrone.be\/product\/dji-pocket-2-phone-clip\/#primaryimage\"},\"image\":{\"@id\":\"https:\/\/koningdrone.be\/product\/dji-pocket-2-phone-clip\/#primaryimage\"},\"thumbnailUrl\":\"https:\/\/koningdrone.be\/wp-content\/uploads\/sites\/13\/2025\/04\/9c910c45a076fa6baa0f1e1985083370@large.jpg\",\"datePublished\":\"2020-12-11T12:00:08+00:00\",\"dateModified\":\"2026-04-29T08:11:02+00:00\",\"breadcrumb\":{\"@id\":\"https:\/\/koningdrone.be\/product\/dji-pocket-2-phone-clip\/#breadcrumb\"},\"inLanguage\":\"es\",\"potentialAction\":[{\"@type\":\"ReadAction\",\"target\":[\"https:\/\/koningdrone.be\/product\/dji-pocket-2-phone-clip\/\"]}]},{\"@type\":\"ImageObject\",\"inLanguage\":\"es\",\"@id\":\"https:\/\/koningdrone.be\/product\/dji-pocket-2-phone-clip\/#primaryimage\",\"url\":\"https:\/\/koningdrone.be\/wp-content\/uploads\/sites\/13\/2025\/04\/9c910c45a076fa6baa0f1e1985083370@large.jpg\",\"contentUrl\":\"https:\/\/koningdrone.be\/wp-content\/uploads\/sites\/13\/2025\/04\/9c910c45a076fa6baa0f1e1985083370@large.jpg\",\"width\":1200,\"height\":800},{\"@type\":\"BreadcrumbList\",\"@id\":\"https:\/\/koningdrone.be\/product\/dji-pocket-2-phone-clip\/#breadcrumb\",\"itemListElement\":[{\"@type\":\"ListItem\",\"position\":1,\"name\":\"Home\",\"item\":\"https:\/\/koningdrone.be\/\"},{\"@type\":\"ListItem\",\"position\":2,\"name\":\"AVSS Parachute Recovery System for DJI Matrice 300\/350\",\"item\":\"https:\/\/koningdrone.be\/product\/avss-parachute-recovery-system-for-dji-matrice-300-350\/\"},{\"@type\":\"ListItem\",\"position\":3,\"name\":\"Alle accessoires\",\"item\":\"https:\/\/koningdrone.be\/categorie\/alle-accessoires\/\"},{\"@type\":\"ListItem\",\"position\":4,\"name\":\"DJI Pocket 2 Phone Clip\"}]},{\"@type\":\"WebSite\",\"@id\":\"https:\/\/koningdrone.be\/#website\",\"url\":\"https:\/\/koningdrone.be\/\",\"name\":\"Koningdrone.be - Uw online specialist in drones, gimbals, camera's en power stations.\",\"description\":\"De webshop in drones en gimbals\",\"publisher\":{\"@id\":\"https:\/\/koningdrone.be\/#organization\"},\"potentialAction\":[{\"@type\":\"SearchAction\",\"target\":{\"@type\":\"EntryPoint\",\"urlTemplate\":\"https:\/\/koningdrone.be\/?s={search_term_string}\"},\"query-input\":{\"@type\":\"PropertyValueSpecification\",\"valueRequired\":true,\"valueName\":\"search_term_string\"}}],\"inLanguage\":\"es\"},{\"@type\":\"Organization\",\"@id\":\"https:\/\/koningdrone.be\/#organization\",\"name\":\"Koningdrone.be\",\"url\":\"https:\/\/koningdrone.be\/\",\"logo\":{\"@type\":\"ImageObject\",\"inLanguage\":\"es\",\"@id\":\"https:\/\/koningdrone.be\/#\/schema\/logo\/image\/\",\"url\":\"https:\/\/koningdrone.be\/wp-content\/uploads\/sites\/13\/2025\/04\/koningdrone-copyright-logo.svg\",\"contentUrl\":\"https:\/\/koningdrone.be\/wp-content\/uploads\/sites\/13\/2025\/04\/koningdrone-copyright-logo.svg\",\"width\":227,\"height\":38,\"caption\":\"Koningdrone.be\"},\"image\":{\"@id\":\"https:\/\/koningdrone.be\/#\/schema\/logo\/image\/\"}}]}<\/script>\n<!-- \/ Yoast SEO Premium plugin. -->","yoast_head_json":{"title":"DJI Pocket 2 Phone Clip - koningdrone.be","robots":{"index":"index","follow":"follow","max-snippet":"max-snippet:-1","max-image-preview":"max-image-preview:large","max-video-preview":"max-video-preview:-1"},"canonical":"https:\/\/koningdrone.be\/es\/producto\/dji-pocket-2-phone-clip\/","og_locale":"es_ES","og_type":"article","og_title":"DJI Pocket 2 Phone Clip","og_description":"Zorgt voor een stabiele verbinding met smartphones Inclusief 1\/4 draad voor veelzijdige opnamemogelijkheden Voorzien van cold shoe voor bevestiging van extra apparatuur Ontworpen voor handig vasthouden Compatibel met DJI Pocket 2","og_url":"https:\/\/koningdrone.be\/es\/producto\/dji-pocket-2-phone-clip\/","og_site_name":"koningdrone.be","article_modified_time":"2026-04-29T08:11:02+00:00","og_image":[{"width":1200,"height":800,"url":"https:\/\/koningdrone.be\/wp-content\/uploads\/sites\/13\/2025\/04\/9c910c45a076fa6baa0f1e1985083370@large.jpg","type":"image\/jpeg"}],"twitter_card":"summary_large_image","twitter_misc":{"Tiempo de lectura":"1 minuto"},"schema":{"@context":"https:\/\/schema.org","@graph":[{"@type":"WebPage","@id":"https:\/\/koningdrone.be\/product\/dji-pocket-2-phone-clip\/","url":"https:\/\/koningdrone.be\/product\/dji-pocket-2-phone-clip\/","name":"DJI Pocket 2 Phone Clip - koningdrone.be","isPartOf":{"@id":"https:\/\/koningdrone.be\/#website"},"primaryImageOfPage":{"@id":"https:\/\/koningdrone.be\/product\/dji-pocket-2-phone-clip\/#primaryimage"},"image":{"@id":"https:\/\/koningdrone.be\/product\/dji-pocket-2-phone-clip\/#primaryimage"},"thumbnailUrl":"https:\/\/koningdrone.be\/wp-content\/uploads\/sites\/13\/2025\/04\/9c910c45a076fa6baa0f1e1985083370@large.jpg","datePublished":"2020-12-11T12:00:08+00:00","dateModified":"2026-04-29T08:11:02+00:00","breadcrumb":{"@id":"https:\/\/koningdrone.be\/product\/dji-pocket-2-phone-clip\/#breadcrumb"},"inLanguage":"es","potentialAction":[{"@type":"ReadAction","target":["https:\/\/koningdrone.be\/product\/dji-pocket-2-phone-clip\/"]}]},{"@type":"ImageObject","inLanguage":"es","@id":"https:\/\/koningdrone.be\/product\/dji-pocket-2-phone-clip\/#primaryimage","url":"https:\/\/koningdrone.be\/wp-content\/uploads\/sites\/13\/2025\/04\/9c910c45a076fa6baa0f1e1985083370@large.jpg","contentUrl":"https:\/\/koningdrone.be\/wp-content\/uploads\/sites\/13\/2025\/04\/9c910c45a076fa6baa0f1e1985083370@large.jpg","width":1200,"height":800},{"@type":"BreadcrumbList","@id":"https:\/\/koningdrone.be\/product\/dji-pocket-2-phone-clip\/#breadcrumb","itemListElement":[{"@type":"ListItem","position":1,"name":"Home","item":"https:\/\/koningdrone.be\/"},{"@type":"ListItem","position":2,"name":"AVSS Parachute Recovery System for DJI Matrice 300\/350","item":"https:\/\/koningdrone.be\/product\/avss-parachute-recovery-system-for-dji-matrice-300-350\/"},{"@type":"ListItem","position":3,"name":"Alle accessoires","item":"https:\/\/koningdrone.be\/categorie\/alle-accessoires\/"},{"@type":"ListItem","position":4,"name":"DJI Pocket 2 Phone Clip"}]},{"@type":"WebSite","@id":"https:\/\/koningdrone.be\/#website","url":"https:\/\/koningdrone.be\/","name":"Koningdrone.be - Su especialista en l\u00ednea en drones, cardanes, c\u00e1maras y centrales el\u00e9ctricas.","description":"La tienda virtual de drones y cardanes","publisher":{"@id":"https:\/\/koningdrone.be\/#organization"},"potentialAction":[{"@type":"SearchAction","target":{"@type":"EntryPoint","urlTemplate":"https:\/\/koningdrone.be\/?s={search_term_string}"},"query-input":{"@type":"PropertyValueSpecification","valueRequired":true,"valueName":"search_term_string"}}],"inLanguage":"es"},{"@type":"Organization","@id":"https:\/\/koningdrone.be\/#organization","name":"Kingdrone.es","url":"https:\/\/koningdrone.be\/","logo":{"@type":"ImageObject","inLanguage":"es","@id":"https:\/\/koningdrone.be\/#\/schema\/logo\/image\/","url":"https:\/\/koningdrone.be\/wp-content\/uploads\/sites\/13\/2025\/04\/koningdrone-copyright-logo.svg","contentUrl":"https:\/\/koningdrone.be\/wp-content\/uploads\/sites\/13\/2025\/04\/koningdrone-copyright-logo.svg","width":227,"height":38,"caption":"Koningdrone.be"},"image":{"@id":"https:\/\/koningdrone.be\/#\/schema\/logo\/image\/"}}]}},"df_price":"","df_sale_price":"","df_regular_price":"","df_image_link":"https:\/\/koningdrone.be\/wp-content\/uploads\/sites\/13\/2025\/04\/9c910c45a076fa6baa0f1e1985083370@large-300x200.jpg","_links":{"self":[{"href":"https:\/\/koningdrone.be\/es\/wp-json\/wp\/v2\/product\/6864","targetHints":{"allow":["GET"]}}],"collection":[{"href":"https:\/\/koningdrone.be\/es\/wp-json\/wp\/v2\/product"}],"about":[{"href":"https:\/\/koningdrone.be\/es\/wp-json\/wp\/v2\/types\/product"}],"wp:featuredmedia":[{"embeddable":true,"href":"https:\/\/koningdrone.be\/es\/wp-json\/wp\/v2\/media\/6862"}],"wp:attachment":[{"href":"https:\/\/koningdrone.be\/es\/wp-json\/wp\/v2\/media?parent=6864"}],"wp:term":[{"taxonomy":"product_brand","embeddable":true,"href":"https:\/\/koningdrone.be\/es\/wp-json\/wp\/v2\/product_brand?post=6864"},{"taxonomy":"product_cat","embeddable":true,"href":"https:\/\/koningdrone.be\/es\/wp-json\/wp\/v2\/product_cat?post=6864"},{"taxonomy":"product_tag","embeddable":true,"href":"https:\/\/koningdrone.be\/es\/wp-json\/wp\/v2\/product_tag?post=6864"}],"curies":[{"name":"wp","href":"https:\/\/api.w.org\/{rel}","templated":true}]}}