{"id":6849,"date":"2021-01-26T14:12:15","date_gmt":"2021-01-26T13:12:15","guid":{"rendered":"https:\/\/koningdrone.nl\/kon\/product\/dji-rsc-2-pro-combo\/"},"modified":"2026-04-29T13:20:03","modified_gmt":"2026-04-29T11:20:03","slug":"dji-rsc-2-pro-combo","status":"publish","type":"product","link":"https:\/\/koningdrone.be\/es\/producto\/dji-rsc-2-pro-combo\/","title":{"rendered":"Combo DJI RSC 2 Pro"},"content":{"rendered":"<h1>Combo DJI RSC 2<\/h1>\n<p>El DJI Ronin-SC ha mejorado a su predecesor, el Ronin-S, en muchos aspectos. Este card\u00e1n de 3 ejes m\u00e1s peque\u00f1o y ligero est\u00e1 dise\u00f1ado para su uso con c\u00e1maras de sistema de hasta 2 kilogramos de peso. Aunque el Ronin-SC es m\u00e1s peque\u00f1o, cuenta con una gran cantidad de funciones, mejoras de dise\u00f1o y tecnolog\u00eda en un dise\u00f1o compacto. El estabilizador ofrece estabilizaci\u00f3n, control de giro, inclinaci\u00f3n y balanceo y giro continuo de 360 grados para obtener im\u00e1genes estables en movimiento 3D\/360 grados.<\/p>\n<p><strong>Ligero y compacto<\/strong><br \/>Dise\u00f1ado para su uso en pr\u00e1cticamente cualquier situaci\u00f3n, el Ronin-SC abre nuevas posibilidades a cineastas y creadores de contenidos. La construcci\u00f3n de magnesio y aluminio, junto con materiales compuestos de alta resistencia, garantizan un rendimiento robusto con un peso de s\u00f3lo 1,1 kilogramos. Gracias a su dise\u00f1o modular y a su r\u00e1pida configuraci\u00f3n, el Ronin-SC es adecuado para su uso en espacios reducidos y f\u00e1cil de transportar.<\/p>\n<p><strong>Mayor compatibilidad<\/strong><br \/>El Ronin-SC es compatible con una amplia gama de c\u00e1maras y objetivos de hasta 2 kilogramos de peso. Los controles de obturaci\u00f3n y enfoque, intuitivos y f\u00e1ciles de usar, tambi\u00e9n est\u00e1n disponibles para la mayor\u00eda de marcas de c\u00e1maras.<\/p>\n<p><strong>Estabilidad din\u00e1mica<\/strong><br \/>Incluso en escenas llenas de acci\u00f3n, el Ronin-SC garantiza tomas perfectamente estables. El modo Deportes mejora la sensibilidad de cada eje a la vez que mantiene la estabilizaci\u00f3n, lo que hace que el Ronin-SC sea m\u00e1s eficaz en seguimientos r\u00e1pidos, movimientos bruscos e incluso cambios completos de direcci\u00f3n.<\/p>\n<p><strong>Brazo del eje de rodillos sin obst\u00e1culos<\/strong><br \/>El innovador dise\u00f1o del estabilizador DJI Ronin-SC coloca la c\u00e1mara por encima del eje de balanceo, manteniendo la pantalla integrada de la c\u00e1mara libre de obst\u00e1culos.<\/p>\n<p><strong>Eje panor\u00e1mico ilimitado<\/strong><br \/>El eje panor\u00e1mico con movimiento continuo de 360 grados le permite realizar tomas ambiciosas y \u00fanicas.<\/p>\n<p><strong>Funcionamiento sencillo y c\u00f3modo<\/strong><br \/>Los botones y el disparador son f\u00e1cilmente accesibles para cualquier operaci\u00f3n esencial. La empu\u00f1adura con forma especial y antideslizante de la bater\u00eda facilita la sujeci\u00f3n prolongada, lo que permite capturar momentos durante todo el d\u00eda.<\/p>\n<p><strong>Funciones automatizadas<\/strong><br \/>El Ronin-SC ofrece una amplia gama de funciones de grabaci\u00f3n avanzadas como panor\u00e1mica, timelapse, motionlapse y control de movimiento para dejar volar tu imaginaci\u00f3n.<\/p>\n<p><strong>ActiveTrack 3.0<\/strong><br \/>Gracias a la tecnolog\u00eda Active-Track, un smartphone montado encima de la c\u00e1mara, la aplicaci\u00f3n Ronin y el Ronin-SC trabajan juntos a la perfecci\u00f3n para conseguir un movimiento del card\u00e1n siempre suave y preciso, para que puedas concentrarte en hacer tomas que se ajusten a tu visi\u00f3n.<\/p>\n<p><strong>Fuerza M\u00f3vil<\/strong><br \/>DJI presenta Force Mobile con el Ronin-SC, una versi\u00f3n basada en una aplicaci\u00f3n del sistema de control de movimiento de la c\u00e1mara Force Pro. Al inclinar y girar tu smartphone, mueves el card\u00e1n con un retardo ultrabajo, para conseguir tomas suaves y expresivas.<\/p>\n<p><strong>F\u00e1cil instalaci\u00f3n con funciones de seguridad<\/strong><br \/>El bloqueo de cada eje permite un almacenamiento m\u00e1s r\u00e1pido y un equilibrado individual de los ejes. La placa de liberaci\u00f3n r\u00e1pida incluye un bloque de posicionamiento para memorizar la posici\u00f3n perfecta de la c\u00e1mara y poder volver a montarla al instante. Cuando est\u00e1n apagados, los motores desconectan gradualmente el card\u00e1n, lo que garantiza la fiabilidad y una configuraci\u00f3n r\u00e1pida sin importar d\u00f3nde hagas tus tomas.<\/p>","protected":false},"excerpt":{"rendered":"<ul>\n<li>Dise\u00f1o plegable<\/li>\n<li>1,2 kg de peso \/ 3 kg de carga \u00fatil probada<\/li>\n<li>Cambio r\u00e1pido a grabaci\u00f3n vertical<\/li>\n<li>Pantalla OLED de 1<\/li>\n<li>M\u00e1ximo 14 horas Bater\u00edas de carga r\u00e1pida<\/li>\n<li>Algoritmo de estabilizaci\u00f3n del tempo Titan<\/li>\n<li>Dise\u00f1o plegable - Plegable, compacto, sorprendente<\/li>\n<\/ul>","protected":false},"featured_media":6845,"template":"","meta":{"_acf_changed":false},"product_brand":[],"product_cat":[315,410,97,265,1216],"product_tag":[],"class_list":{"0":"post-6849","1":"product","2":"type-product","3":"status-publish","4":"has-post-thumbnail","6":"product_cat-alle-gimbals-en-cameras","7":"product_cat-alle-handheld-gimbals","8":"product_cat-alle-producten","9":"product_cat-dji-ronin","10":"product_cat-dji-ronin-rsc-2","11":"product_shipping_class-outofstock","12":"pa_brand-dji","13":"pa_productfamily-gimbal","14":"pa_producttype-gimbal","15":"pa_series-ronin-rsc-2","17":"first","18":"outofstock","19":"taxable","20":"shipping-taxable","21":"product-type-simple"},"acf":[],"yoast_head":"<!-- This site is optimized with the Yoast SEO Premium plugin v27.2 (Yoast SEO v27.2) - https:\/\/yoast.com\/product\/yoast-seo-premium-wordpress\/ -->\n<title>DJI RSC 2 Pro Combo - koningdrone.be<\/title>\n<meta name=\"robots\" content=\"index, follow, max-snippet:-1, max-image-preview:large, max-video-preview:-1\" \/>\n<link rel=\"canonical\" href=\"https:\/\/koningdrone.be\/es\/producto\/dji-rsc-2-pro-combo\/\" \/>\n<meta property=\"og:locale\" content=\"es_ES\" \/>\n<meta property=\"og:type\" content=\"article\" \/>\n<meta property=\"og:title\" content=\"DJI RSC 2 Pro Combo\" \/>\n<meta property=\"og:description\" content=\"Opvouwbaar ontwerp1.2kg Gewicht \/ 3kg Getest PayloadQuick Overschakelen naar verticale opnamen1 &#039;&#039; OLED-schermMax 14 uur Fast-Charge BatterijenTitan tempostabilisatiealgoritmeOpvouwbaar Design - Opvouwbaar, Compact, Verbazend\" \/>\n<meta property=\"og:url\" content=\"https:\/\/koningdrone.be\/es\/producto\/dji-rsc-2-pro-combo\/\" \/>\n<meta property=\"og:site_name\" content=\"koningdrone.be\" \/>\n<meta property=\"article:modified_time\" content=\"2026-04-29T11:20:03+00:00\" \/>\n<meta property=\"og:image\" content=\"https:\/\/koningdrone.be\/wp-content\/uploads\/sites\/13\/2025\/04\/6941565903037-1.jpg\" \/>\n\t<meta property=\"og:image:width\" content=\"600\" \/>\n\t<meta property=\"og:image:height\" content=\"600\" \/>\n\t<meta property=\"og:image:type\" content=\"image\/jpeg\" \/>\n<meta name=\"twitter:card\" content=\"summary_large_image\" \/>\n<meta name=\"twitter:label1\" content=\"Tiempo de lectura\" \/>\n\t<meta name=\"twitter:data1\" content=\"2 minutos\" \/>\n<script type=\"application\/ld+json\" class=\"yoast-schema-graph\">{\"@context\":\"https:\/\/schema.org\",\"@graph\":[{\"@type\":\"WebPage\",\"@id\":\"https:\/\/koningdrone.be\/product\/dji-rsc-2-pro-combo\/\",\"url\":\"https:\/\/koningdrone.be\/product\/dji-rsc-2-pro-combo\/\",\"name\":\"DJI RSC 2 Pro Combo - koningdrone.be\",\"isPartOf\":{\"@id\":\"https:\/\/koningdrone.be\/#website\"},\"primaryImageOfPage\":{\"@id\":\"https:\/\/koningdrone.be\/product\/dji-rsc-2-pro-combo\/#primaryimage\"},\"image\":{\"@id\":\"https:\/\/koningdrone.be\/product\/dji-rsc-2-pro-combo\/#primaryimage\"},\"thumbnailUrl\":\"https:\/\/koningdrone.be\/wp-content\/uploads\/sites\/13\/2025\/04\/6941565903037-1.jpg\",\"datePublished\":\"2021-01-26T13:12:15+00:00\",\"dateModified\":\"2026-04-29T11:20:03+00:00\",\"breadcrumb\":{\"@id\":\"https:\/\/koningdrone.be\/product\/dji-rsc-2-pro-combo\/#breadcrumb\"},\"inLanguage\":\"es\",\"potentialAction\":[{\"@type\":\"ReadAction\",\"target\":[\"https:\/\/koningdrone.be\/product\/dji-rsc-2-pro-combo\/\"]}]},{\"@type\":\"ImageObject\",\"inLanguage\":\"es\",\"@id\":\"https:\/\/koningdrone.be\/product\/dji-rsc-2-pro-combo\/#primaryimage\",\"url\":\"https:\/\/koningdrone.be\/wp-content\/uploads\/sites\/13\/2025\/04\/6941565903037-1.jpg\",\"contentUrl\":\"https:\/\/koningdrone.be\/wp-content\/uploads\/sites\/13\/2025\/04\/6941565903037-1.jpg\",\"width\":600,\"height\":600},{\"@type\":\"BreadcrumbList\",\"@id\":\"https:\/\/koningdrone.be\/product\/dji-rsc-2-pro-combo\/#breadcrumb\",\"itemListElement\":[{\"@type\":\"ListItem\",\"position\":1,\"name\":\"Home\",\"item\":\"https:\/\/koningdrone.be\/\"},{\"@type\":\"ListItem\",\"position\":2,\"name\":\"AVSS Parachute Recovery System for DJI Matrice 300\/350\",\"item\":\"https:\/\/koningdrone.be\/product\/avss-parachute-recovery-system-for-dji-matrice-300-350\/\"},{\"@type\":\"ListItem\",\"position\":3,\"name\":\"Alle gimbals en cameras\",\"item\":\"https:\/\/koningdrone.be\/categorie\/alle-gimbals-en-cameras\/\"},{\"@type\":\"ListItem\",\"position\":4,\"name\":\"DJI RSC 2 Pro Combo\"}]},{\"@type\":\"WebSite\",\"@id\":\"https:\/\/koningdrone.be\/#website\",\"url\":\"https:\/\/koningdrone.be\/\",\"name\":\"Koningdrone.be - Uw online specialist in drones, gimbals, camera's en power stations.\",\"description\":\"De webshop in drones en gimbals\",\"publisher\":{\"@id\":\"https:\/\/koningdrone.be\/#organization\"},\"potentialAction\":[{\"@type\":\"SearchAction\",\"target\":{\"@type\":\"EntryPoint\",\"urlTemplate\":\"https:\/\/koningdrone.be\/?s={search_term_string}\"},\"query-input\":{\"@type\":\"PropertyValueSpecification\",\"valueRequired\":true,\"valueName\":\"search_term_string\"}}],\"inLanguage\":\"es\"},{\"@type\":\"Organization\",\"@id\":\"https:\/\/koningdrone.be\/#organization\",\"name\":\"Koningdrone.be\",\"url\":\"https:\/\/koningdrone.be\/\",\"logo\":{\"@type\":\"ImageObject\",\"inLanguage\":\"es\",\"@id\":\"https:\/\/koningdrone.be\/#\/schema\/logo\/image\/\",\"url\":\"https:\/\/koningdrone.be\/wp-content\/uploads\/sites\/13\/2025\/04\/koningdrone-copyright-logo.svg\",\"contentUrl\":\"https:\/\/koningdrone.be\/wp-content\/uploads\/sites\/13\/2025\/04\/koningdrone-copyright-logo.svg\",\"width\":227,\"height\":38,\"caption\":\"Koningdrone.be\"},\"image\":{\"@id\":\"https:\/\/koningdrone.be\/#\/schema\/logo\/image\/\"}}]}<\/script>\n<!-- \/ Yoast SEO Premium plugin. -->","yoast_head_json":{"title":"DJI RSC 2 Pro Combo - koningdrone.be","robots":{"index":"index","follow":"follow","max-snippet":"max-snippet:-1","max-image-preview":"max-image-preview:large","max-video-preview":"max-video-preview:-1"},"canonical":"https:\/\/koningdrone.be\/es\/producto\/dji-rsc-2-pro-combo\/","og_locale":"es_ES","og_type":"article","og_title":"DJI RSC 2 Pro Combo","og_description":"Opvouwbaar ontwerp1.2kg Gewicht \/ 3kg Getest PayloadQuick Overschakelen naar verticale opnamen1 '' OLED-schermMax 14 uur Fast-Charge BatterijenTitan tempostabilisatiealgoritmeOpvouwbaar Design - Opvouwbaar, Compact, Verbazend","og_url":"https:\/\/koningdrone.be\/es\/producto\/dji-rsc-2-pro-combo\/","og_site_name":"koningdrone.be","article_modified_time":"2026-04-29T11:20:03+00:00","og_image":[{"width":600,"height":600,"url":"https:\/\/koningdrone.be\/wp-content\/uploads\/sites\/13\/2025\/04\/6941565903037-1.jpg","type":"image\/jpeg"}],"twitter_card":"summary_large_image","twitter_misc":{"Tiempo de lectura":"2 minutos"},"schema":{"@context":"https:\/\/schema.org","@graph":[{"@type":"WebPage","@id":"https:\/\/koningdrone.be\/product\/dji-rsc-2-pro-combo\/","url":"https:\/\/koningdrone.be\/product\/dji-rsc-2-pro-combo\/","name":"DJI RSC 2 Pro Combo - koningdrone.be","isPartOf":{"@id":"https:\/\/koningdrone.be\/#website"},"primaryImageOfPage":{"@id":"https:\/\/koningdrone.be\/product\/dji-rsc-2-pro-combo\/#primaryimage"},"image":{"@id":"https:\/\/koningdrone.be\/product\/dji-rsc-2-pro-combo\/#primaryimage"},"thumbnailUrl":"https:\/\/koningdrone.be\/wp-content\/uploads\/sites\/13\/2025\/04\/6941565903037-1.jpg","datePublished":"2021-01-26T13:12:15+00:00","dateModified":"2026-04-29T11:20:03+00:00","breadcrumb":{"@id":"https:\/\/koningdrone.be\/product\/dji-rsc-2-pro-combo\/#breadcrumb"},"inLanguage":"es","potentialAction":[{"@type":"ReadAction","target":["https:\/\/koningdrone.be\/product\/dji-rsc-2-pro-combo\/"]}]},{"@type":"ImageObject","inLanguage":"es","@id":"https:\/\/koningdrone.be\/product\/dji-rsc-2-pro-combo\/#primaryimage","url":"https:\/\/koningdrone.be\/wp-content\/uploads\/sites\/13\/2025\/04\/6941565903037-1.jpg","contentUrl":"https:\/\/koningdrone.be\/wp-content\/uploads\/sites\/13\/2025\/04\/6941565903037-1.jpg","width":600,"height":600},{"@type":"BreadcrumbList","@id":"https:\/\/koningdrone.be\/product\/dji-rsc-2-pro-combo\/#breadcrumb","itemListElement":[{"@type":"ListItem","position":1,"name":"Home","item":"https:\/\/koningdrone.be\/"},{"@type":"ListItem","position":2,"name":"AVSS Parachute Recovery System for DJI Matrice 300\/350","item":"https:\/\/koningdrone.be\/product\/avss-parachute-recovery-system-for-dji-matrice-300-350\/"},{"@type":"ListItem","position":3,"name":"Alle gimbals en cameras","item":"https:\/\/koningdrone.be\/categorie\/alle-gimbals-en-cameras\/"},{"@type":"ListItem","position":4,"name":"DJI RSC 2 Pro Combo"}]},{"@type":"WebSite","@id":"https:\/\/koningdrone.be\/#website","url":"https:\/\/koningdrone.be\/","name":"Koningdrone.be - Su especialista en l\u00ednea en drones, cardanes, c\u00e1maras y centrales el\u00e9ctricas.","description":"La tienda virtual de drones y cardanes","publisher":{"@id":"https:\/\/koningdrone.be\/#organization"},"potentialAction":[{"@type":"SearchAction","target":{"@type":"EntryPoint","urlTemplate":"https:\/\/koningdrone.be\/?s={search_term_string}"},"query-input":{"@type":"PropertyValueSpecification","valueRequired":true,"valueName":"search_term_string"}}],"inLanguage":"es"},{"@type":"Organization","@id":"https:\/\/koningdrone.be\/#organization","name":"Kingdrone.es","url":"https:\/\/koningdrone.be\/","logo":{"@type":"ImageObject","inLanguage":"es","@id":"https:\/\/koningdrone.be\/#\/schema\/logo\/image\/","url":"https:\/\/koningdrone.be\/wp-content\/uploads\/sites\/13\/2025\/04\/koningdrone-copyright-logo.svg","contentUrl":"https:\/\/koningdrone.be\/wp-content\/uploads\/sites\/13\/2025\/04\/koningdrone-copyright-logo.svg","width":227,"height":38,"caption":"Koningdrone.be"},"image":{"@id":"https:\/\/koningdrone.be\/#\/schema\/logo\/image\/"}}]}},"df_price":"","df_sale_price":"","df_regular_price":"","df_image_link":"https:\/\/koningdrone.be\/wp-content\/uploads\/sites\/13\/2025\/04\/6941565903037-1-300x300.jpg","_links":{"self":[{"href":"https:\/\/koningdrone.be\/es\/wp-json\/wp\/v2\/product\/6849","targetHints":{"allow":["GET"]}}],"collection":[{"href":"https:\/\/koningdrone.be\/es\/wp-json\/wp\/v2\/product"}],"about":[{"href":"https:\/\/koningdrone.be\/es\/wp-json\/wp\/v2\/types\/product"}],"wp:featuredmedia":[{"embeddable":true,"href":"https:\/\/koningdrone.be\/es\/wp-json\/wp\/v2\/media\/6845"}],"wp:attachment":[{"href":"https:\/\/koningdrone.be\/es\/wp-json\/wp\/v2\/media?parent=6849"}],"wp:term":[{"taxonomy":"product_brand","embeddable":true,"href":"https:\/\/koningdrone.be\/es\/wp-json\/wp\/v2\/product_brand?post=6849"},{"taxonomy":"product_cat","embeddable":true,"href":"https:\/\/koningdrone.be\/es\/wp-json\/wp\/v2\/product_cat?post=6849"},{"taxonomy":"product_tag","embeddable":true,"href":"https:\/\/koningdrone.be\/es\/wp-json\/wp\/v2\/product_tag?post=6849"}],"curies":[{"name":"wp","href":"https:\/\/api.w.org\/{rel}","templated":true}]}}