{"id":6821,"date":"2021-03-21T10:54:31","date_gmt":"2021-03-21T09:54:31","guid":{"rendered":"https:\/\/koningdrone.nl\/kon\/product\/dji-fpv-combo\/"},"modified":"2026-04-29T13:20:35","modified_gmt":"2026-04-29T11:20:35","slug":"dji-fpv-combo","status":"publish","type":"product","link":"https:\/\/koningdrone.be\/es\/producto\/dji-fpv-combo\/","title":{"rendered":"DJI FPV Combo"},"content":{"rendered":"<p><strong>DJI FPV Combo: Experimenta el vuelo de una forma nueva<\/strong><br \/>\nExplora los cielos con el DJI FPV Combo y experimenta el vuelo como nunca antes. Este dron no solo ofrece una experiencia de vuelo envolvente con controles intuitivos, sino que tambi\u00e9n est\u00e1 equipado con funciones avanzadas como v\u00eddeo 4K\/60fps, transmisi\u00f3n HD de baja latencia y una funci\u00f3n de frenado y batida de emergencia para mayor seguridad. <\/p>\n<ul>\n<li>Experiencia de vuelo inmersiva con DJI FPV Goggles V2<\/li>\n<li>V\u00eddeo 4K \/ 60 fps para im\u00e1genes n\u00edtidas y detalladas<\/li>\n<li>Controlador de movimiento intuitivo para movimientos de vuelo naturales<\/li>\n<li>Freno de emergencia y funci\u00f3n de latigazo para mayor seguridad<\/li>\n<\/ul>\n<p><\/p>\n<p><strong>Optimizado para el rendimiento y la seguridad<\/strong><br \/>\nEl DJI FPV destaca por su forma elegante y aerodin\u00e1mica y su potente propulsi\u00f3n, que lo hacen capaz y visualmente impresionante. Funciones de seguridad como la detecci\u00f3n de obst\u00e1culos y ADS-B garantizan un vuelo fiable y seguro. Disfruta de una se\u00f1al de v\u00eddeo estable gracias a OcuSync 3.0, que cambia autom\u00e1ticamente entre las frecuencias de 2,4 y 5,8 GHz.<\/p>\n<ul>\n<li>Conmutaci\u00f3n autom\u00e1tica de frecuencia para una conexi\u00f3n estable<\/li>\n<li>Detecci\u00f3n de obst\u00e1culos y ADS-B para la seguridad<\/li>\n<li>Piezas modulares y DJI Care Refresh para facilitar el mantenimiento<\/li>\n<\/ul>\n<p>\nCon el DJI FPV Combo, listo para usar nada m\u00e1s sacarlo de la caja, estar\u00e1s inmediatamente preparado para surcar los cielos y explorar el mundo desde una nueva perspectiva.<\/p>","protected":false},"excerpt":{"rendered":"<ul>\n<li> El kit combinado del sistema DJI FPV incluye no s\u00f3lo un dron de alta velocidad con una excelente c\u00e1mara y gafas FPV de \u00faltima generaci\u00f3n, sino tambi\u00e9n equipamiento adicional. Ventajas de DJI FPV:<\/li>\n<li>Potente central el\u00e9ctrica.<\/li>\n<li>Nuevo sistema de transmisi\u00f3n de datos O3 (OcuSync 3.0).<\/li>\n<li>Grabaciones fotogr\u00e1ficas y de v\u00eddeo de alta calidad.<\/li>\n<li>Sistema de seguridad avanzado que sorprender\u00e1 no s\u00f3lo a los pilotos experimentados, sino tambi\u00e9n a los principiantes.<\/li>\n<li>Pilotos incre\u00edbles y acrobacias a\u00e9reas sin comprometer el rodaje.<\/li>\n<\/ul>","protected":false},"featured_media":6813,"template":"","meta":{"_acf_changed":false},"product_brand":[],"product_cat":[175,135,97,136,719,1283,99],"product_tag":[],"class_list":{"0":"post-6821","1":"product","2":"type-product","3":"status-publish","4":"has-post-thumbnail","6":"product_cat-alle-care-refresh","7":"product_cat-alle-drones","8":"product_cat-alle-producten","9":"product_cat-consumer-drones","10":"product_cat-dji-fpv","11":"product_cat-drone-of-camera-huren","12":"product_cat-drones-met-certificaat","13":"product_shipping_class-outofstock","14":"pa_brand-dji","15":"pa_dronegrade-consumer","16":"pa_productfamily-drone","17":"pa_producttype-drone","18":"pa_series-fpv","19":"pa_vliegbewijs-a1-a3-en-a2","21":"first","22":"outofstock","23":"taxable","24":"shipping-taxable","25":"product-type-simple"},"acf":[],"yoast_head":"<!-- This site is optimized with the Yoast SEO Premium plugin v27.2 (Yoast SEO v27.2) - https:\/\/yoast.com\/product\/yoast-seo-premium-wordpress\/ -->\n<title>DJI FPV Combo - koningdrone.be<\/title>\n<meta name=\"robots\" content=\"index, follow, max-snippet:-1, max-image-preview:large, max-video-preview:-1\" \/>\n<link rel=\"canonical\" href=\"https:\/\/koningdrone.be\/es\/producto\/dji-fpv-combo\/\" \/>\n<meta property=\"og:locale\" content=\"es_ES\" \/>\n<meta property=\"og:type\" content=\"article\" \/>\n<meta property=\"og:title\" content=\"DJI FPV Combo\" \/>\n<meta property=\"og:description\" content=\"DJI FPV-systeemcombo-kit bevat niet alleen een snelle drone met een uitstekende camera, een FPV-bril van de volgende generatie, maar ook extra apparatuur. Voordelen van DJI FPV:Krachtige energiecentrale.Nieuw O3-datatransmissiesysteem (OcuSync 3.0).Hoge kwaliteit foto- en video-opnamen.Geavanceerd veiligheidssysteem dat niet alleen ervaren piloten zal verrassen, maar ook beginners.Ongelooflijke piloten en luchtstunts zonder in te boeten aan schieten.\" \/>\n<meta property=\"og:url\" content=\"https:\/\/koningdrone.be\/es\/producto\/dji-fpv-combo\/\" \/>\n<meta property=\"og:site_name\" content=\"koningdrone.be\" \/>\n<meta property=\"article:modified_time\" content=\"2026-04-29T11:20:35+00:00\" \/>\n<meta property=\"og:image\" content=\"https:\/\/koningdrone.be\/wp-content\/uploads\/sites\/13\/2025\/04\/6941565903860-1.jpg\" \/>\n\t<meta property=\"og:image:width\" content=\"510\" \/>\n\t<meta property=\"og:image:height\" content=\"510\" \/>\n\t<meta property=\"og:image:type\" content=\"image\/jpeg\" \/>\n<meta name=\"twitter:card\" content=\"summary_large_image\" \/>\n<meta name=\"twitter:label1\" content=\"Tiempo de lectura\" \/>\n\t<meta name=\"twitter:data1\" content=\"1 minuto\" \/>\n<script type=\"application\/ld+json\" class=\"yoast-schema-graph\">{\"@context\":\"https:\/\/schema.org\",\"@graph\":[{\"@type\":\"WebPage\",\"@id\":\"https:\/\/koningdrone.be\/product\/dji-fpv-combo\/\",\"url\":\"https:\/\/koningdrone.be\/product\/dji-fpv-combo\/\",\"name\":\"DJI FPV Combo - koningdrone.be\",\"isPartOf\":{\"@id\":\"https:\/\/koningdrone.be\/#website\"},\"primaryImageOfPage\":{\"@id\":\"https:\/\/koningdrone.be\/product\/dji-fpv-combo\/#primaryimage\"},\"image\":{\"@id\":\"https:\/\/koningdrone.be\/product\/dji-fpv-combo\/#primaryimage\"},\"thumbnailUrl\":\"https:\/\/koningdrone.be\/wp-content\/uploads\/sites\/13\/2025\/04\/6941565903860-1.jpg\",\"datePublished\":\"2021-03-21T09:54:31+00:00\",\"dateModified\":\"2026-04-29T11:20:35+00:00\",\"breadcrumb\":{\"@id\":\"https:\/\/koningdrone.be\/product\/dji-fpv-combo\/#breadcrumb\"},\"inLanguage\":\"es\",\"potentialAction\":[{\"@type\":\"ReadAction\",\"target\":[\"https:\/\/koningdrone.be\/product\/dji-fpv-combo\/\"]}]},{\"@type\":\"ImageObject\",\"inLanguage\":\"es\",\"@id\":\"https:\/\/koningdrone.be\/product\/dji-fpv-combo\/#primaryimage\",\"url\":\"https:\/\/koningdrone.be\/wp-content\/uploads\/sites\/13\/2025\/04\/6941565903860-1.jpg\",\"contentUrl\":\"https:\/\/koningdrone.be\/wp-content\/uploads\/sites\/13\/2025\/04\/6941565903860-1.jpg\",\"width\":510,\"height\":510},{\"@type\":\"BreadcrumbList\",\"@id\":\"https:\/\/koningdrone.be\/product\/dji-fpv-combo\/#breadcrumb\",\"itemListElement\":[{\"@type\":\"ListItem\",\"position\":1,\"name\":\"Home\",\"item\":\"https:\/\/koningdrone.be\/\"},{\"@type\":\"ListItem\",\"position\":2,\"name\":\"AVSS Parachute Recovery System for DJI Matrice 300\/350\",\"item\":\"https:\/\/koningdrone.be\/product\/avss-parachute-recovery-system-for-dji-matrice-300-350\/\"},{\"@type\":\"ListItem\",\"position\":3,\"name\":\"Alle care refresh\",\"item\":\"https:\/\/koningdrone.be\/categorie\/alle-care-refresh\/\"},{\"@type\":\"ListItem\",\"position\":4,\"name\":\"DJI FPV Combo\"}]},{\"@type\":\"WebSite\",\"@id\":\"https:\/\/koningdrone.be\/#website\",\"url\":\"https:\/\/koningdrone.be\/\",\"name\":\"Koningdrone.be - Uw online specialist in drones, gimbals, camera's en power stations.\",\"description\":\"De webshop in drones en gimbals\",\"publisher\":{\"@id\":\"https:\/\/koningdrone.be\/#organization\"},\"potentialAction\":[{\"@type\":\"SearchAction\",\"target\":{\"@type\":\"EntryPoint\",\"urlTemplate\":\"https:\/\/koningdrone.be\/?s={search_term_string}\"},\"query-input\":{\"@type\":\"PropertyValueSpecification\",\"valueRequired\":true,\"valueName\":\"search_term_string\"}}],\"inLanguage\":\"es\"},{\"@type\":\"Organization\",\"@id\":\"https:\/\/koningdrone.be\/#organization\",\"name\":\"Koningdrone.be\",\"url\":\"https:\/\/koningdrone.be\/\",\"logo\":{\"@type\":\"ImageObject\",\"inLanguage\":\"es\",\"@id\":\"https:\/\/koningdrone.be\/#\/schema\/logo\/image\/\",\"url\":\"https:\/\/koningdrone.be\/wp-content\/uploads\/sites\/13\/2025\/04\/koningdrone-copyright-logo.svg\",\"contentUrl\":\"https:\/\/koningdrone.be\/wp-content\/uploads\/sites\/13\/2025\/04\/koningdrone-copyright-logo.svg\",\"width\":227,\"height\":38,\"caption\":\"Koningdrone.be\"},\"image\":{\"@id\":\"https:\/\/koningdrone.be\/#\/schema\/logo\/image\/\"}}]}<\/script>\n<!-- \/ Yoast SEO Premium plugin. -->","yoast_head_json":{"title":"DJI FPV Combo - koningdrone.be","robots":{"index":"index","follow":"follow","max-snippet":"max-snippet:-1","max-image-preview":"max-image-preview:large","max-video-preview":"max-video-preview:-1"},"canonical":"https:\/\/koningdrone.be\/es\/producto\/dji-fpv-combo\/","og_locale":"es_ES","og_type":"article","og_title":"DJI FPV Combo","og_description":"DJI FPV-systeemcombo-kit bevat niet alleen een snelle drone met een uitstekende camera, een FPV-bril van de volgende generatie, maar ook extra apparatuur. Voordelen van DJI FPV:Krachtige energiecentrale.Nieuw O3-datatransmissiesysteem (OcuSync 3.0).Hoge kwaliteit foto- en video-opnamen.Geavanceerd veiligheidssysteem dat niet alleen ervaren piloten zal verrassen, maar ook beginners.Ongelooflijke piloten en luchtstunts zonder in te boeten aan schieten.","og_url":"https:\/\/koningdrone.be\/es\/producto\/dji-fpv-combo\/","og_site_name":"koningdrone.be","article_modified_time":"2026-04-29T11:20:35+00:00","og_image":[{"width":510,"height":510,"url":"https:\/\/koningdrone.be\/wp-content\/uploads\/sites\/13\/2025\/04\/6941565903860-1.jpg","type":"image\/jpeg"}],"twitter_card":"summary_large_image","twitter_misc":{"Tiempo de lectura":"1 minuto"},"schema":{"@context":"https:\/\/schema.org","@graph":[{"@type":"WebPage","@id":"https:\/\/koningdrone.be\/product\/dji-fpv-combo\/","url":"https:\/\/koningdrone.be\/product\/dji-fpv-combo\/","name":"DJI FPV Combo - koningdrone.be","isPartOf":{"@id":"https:\/\/koningdrone.be\/#website"},"primaryImageOfPage":{"@id":"https:\/\/koningdrone.be\/product\/dji-fpv-combo\/#primaryimage"},"image":{"@id":"https:\/\/koningdrone.be\/product\/dji-fpv-combo\/#primaryimage"},"thumbnailUrl":"https:\/\/koningdrone.be\/wp-content\/uploads\/sites\/13\/2025\/04\/6941565903860-1.jpg","datePublished":"2021-03-21T09:54:31+00:00","dateModified":"2026-04-29T11:20:35+00:00","breadcrumb":{"@id":"https:\/\/koningdrone.be\/product\/dji-fpv-combo\/#breadcrumb"},"inLanguage":"es","potentialAction":[{"@type":"ReadAction","target":["https:\/\/koningdrone.be\/product\/dji-fpv-combo\/"]}]},{"@type":"ImageObject","inLanguage":"es","@id":"https:\/\/koningdrone.be\/product\/dji-fpv-combo\/#primaryimage","url":"https:\/\/koningdrone.be\/wp-content\/uploads\/sites\/13\/2025\/04\/6941565903860-1.jpg","contentUrl":"https:\/\/koningdrone.be\/wp-content\/uploads\/sites\/13\/2025\/04\/6941565903860-1.jpg","width":510,"height":510},{"@type":"BreadcrumbList","@id":"https:\/\/koningdrone.be\/product\/dji-fpv-combo\/#breadcrumb","itemListElement":[{"@type":"ListItem","position":1,"name":"Home","item":"https:\/\/koningdrone.be\/"},{"@type":"ListItem","position":2,"name":"AVSS Parachute Recovery System for DJI Matrice 300\/350","item":"https:\/\/koningdrone.be\/product\/avss-parachute-recovery-system-for-dji-matrice-300-350\/"},{"@type":"ListItem","position":3,"name":"Alle care refresh","item":"https:\/\/koningdrone.be\/categorie\/alle-care-refresh\/"},{"@type":"ListItem","position":4,"name":"DJI FPV Combo"}]},{"@type":"WebSite","@id":"https:\/\/koningdrone.be\/#website","url":"https:\/\/koningdrone.be\/","name":"Koningdrone.be - Su especialista en l\u00ednea en drones, cardanes, c\u00e1maras y centrales el\u00e9ctricas.","description":"La tienda virtual de drones y cardanes","publisher":{"@id":"https:\/\/koningdrone.be\/#organization"},"potentialAction":[{"@type":"SearchAction","target":{"@type":"EntryPoint","urlTemplate":"https:\/\/koningdrone.be\/?s={search_term_string}"},"query-input":{"@type":"PropertyValueSpecification","valueRequired":true,"valueName":"search_term_string"}}],"inLanguage":"es"},{"@type":"Organization","@id":"https:\/\/koningdrone.be\/#organization","name":"Kingdrone.es","url":"https:\/\/koningdrone.be\/","logo":{"@type":"ImageObject","inLanguage":"es","@id":"https:\/\/koningdrone.be\/#\/schema\/logo\/image\/","url":"https:\/\/koningdrone.be\/wp-content\/uploads\/sites\/13\/2025\/04\/koningdrone-copyright-logo.svg","contentUrl":"https:\/\/koningdrone.be\/wp-content\/uploads\/sites\/13\/2025\/04\/koningdrone-copyright-logo.svg","width":227,"height":38,"caption":"Koningdrone.be"},"image":{"@id":"https:\/\/koningdrone.be\/#\/schema\/logo\/image\/"}}]}},"df_price":"","df_sale_price":"","df_regular_price":"","df_image_link":"https:\/\/koningdrone.be\/wp-content\/uploads\/sites\/13\/2025\/04\/6941565903860-1-300x300.jpg","_links":{"self":[{"href":"https:\/\/koningdrone.be\/es\/wp-json\/wp\/v2\/product\/6821","targetHints":{"allow":["GET"]}}],"collection":[{"href":"https:\/\/koningdrone.be\/es\/wp-json\/wp\/v2\/product"}],"about":[{"href":"https:\/\/koningdrone.be\/es\/wp-json\/wp\/v2\/types\/product"}],"wp:featuredmedia":[{"embeddable":true,"href":"https:\/\/koningdrone.be\/es\/wp-json\/wp\/v2\/media\/6813"}],"wp:attachment":[{"href":"https:\/\/koningdrone.be\/es\/wp-json\/wp\/v2\/media?parent=6821"}],"wp:term":[{"taxonomy":"product_brand","embeddable":true,"href":"https:\/\/koningdrone.be\/es\/wp-json\/wp\/v2\/product_brand?post=6821"},{"taxonomy":"product_cat","embeddable":true,"href":"https:\/\/koningdrone.be\/es\/wp-json\/wp\/v2\/product_cat?post=6821"},{"taxonomy":"product_tag","embeddable":true,"href":"https:\/\/koningdrone.be\/es\/wp-json\/wp\/v2\/product_tag?post=6821"}],"curies":[{"name":"wp","href":"https:\/\/api.w.org\/{rel}","templated":true}]}}