{"id":6799,"date":"2021-03-21T10:54:31","date_gmt":"2021-03-21T09:54:31","guid":{"rendered":"https:\/\/koningdrone.nl\/kon\/product\/dji-fpv-joysticks\/"},"modified":"2026-04-29T09:10:25","modified_gmt":"2026-04-29T07:10:25","slug":"dji-fpv-joysticks","status":"publish","type":"product","link":"https:\/\/koningdrone.be\/es\/producto\/dji-fpv-joysticks\/","title":{"rendered":"Palos de control DJI FPV"},"content":{"rendered":"<p>Los palos de control FPV de DJI son un accesorio innovador hecho a medida para los entusiastas de los drones. Estos palos de control est\u00e1n dise\u00f1ados para ser desmontables, promoviendo la facilidad de uso y comodidad para el usuario. Su funci\u00f3n principal es mejorar la experiencia de vuelo ofreciendo un m\u00e9todo sencillo de controlar el dron. Basta con girarlos en su sitio en el mando a distancia para utilizarlos. Esta caracter\u00edstica hace que el uso de drones sea m\u00e1s f\u00e1cil, accesible y agradable tanto para principiantes como para pilotos experimentados.<br \/><strong>Dise\u00f1ado para la comodidad<\/strong><\/p>\n<p> Una de las caracter\u00edsticas destacadas de las DJI FPV Control Sticks es su naturaleza desmontable. Este aspecto es especialmente beneficioso para los usuarios que a menudo cambian entre usar su dron y su dispositivo m\u00f3vil con las pinzas desplegadas. Cuando no se utilizan, las palancas de control se pueden guardar f\u00e1cilmente en una ranura especialmente dise\u00f1ada en el mando a distancia. Esto no s\u00f3lo mejora la portabilidad del equipo al reducir el espacio que ocupa, sino que tambi\u00e9n garantiza que las palancas de control se guarden de forma segura, minimizando el riesgo de p\u00e9rdida o da\u00f1os.<\/p>\n<p><strong>Funci\u00f3n f\u00e1cil de usar<\/strong><\/p>\n<p> La accesibilidad y comodidad del dise\u00f1o desmontable de los DJI FPV Control Sticks los convierten en la opci\u00f3n ideal para una amplia gama de usuarios. Tanto si eres un principiante que aprecia las funcionalidades sencillas como un experto que aprecia la gesti\u00f3n eficiente del equipo, estas palancas de control est\u00e1n dise\u00f1adas para satisfacer tus necesidades. Su facilidad de uso y su capacidad de almacenamiento garantizan que su experiencia de vuelo con drones sea \u00e1gil y sin complicaciones, permiti\u00e9ndole centrarse m\u00e1s en disfrutar del vuelo y menos en la gesti\u00f3n del equipo.<\/p>\n<p><\/p>","protected":false},"excerpt":{"rendered":"<ul>\n<li>Dise\u00f1ado para DJI FPV<\/li>\n<li> Palancas de control extra\u00edbles<\/li>\n<li> F\u00e1cil de girar y fijar<\/li>\n<li> C\u00f3modo almacenamiento en ranura especial<\/li>\n<li> Compatible con pinzas desplegadas para dispositivos m\u00f3viles<\/li>\n<\/ul>","protected":false},"featured_media":6797,"template":"","meta":{"_acf_changed":false},"product_brand":[],"product_cat":[122,97,719],"product_tag":[],"class_list":{"0":"post-6799","1":"product","2":"type-product","3":"status-publish","4":"has-post-thumbnail","6":"product_cat-alle-afstandsbedieningen","7":"product_cat-alle-producten","8":"product_cat-dji-fpv","9":"product_shipping_class-outofstock","10":"pa_brand-dji","11":"pa_productfamily-joysticks","12":"pa_producttype-joysticks","13":"pa_series-fpv","15":"first","16":"outofstock","17":"taxable","18":"shipping-taxable","19":"product-type-simple"},"acf":[],"yoast_head":"<!-- This site is optimized with the Yoast SEO Premium plugin v27.2 (Yoast SEO v27.2) - https:\/\/yoast.com\/product\/yoast-seo-premium-wordpress\/ -->\n<title>DJI FPV Control Sticks - koningdrone.be<\/title>\n<meta name=\"robots\" content=\"index, follow, max-snippet:-1, max-image-preview:large, max-video-preview:-1\" \/>\n<link rel=\"canonical\" href=\"https:\/\/koningdrone.be\/es\/producto\/dji-fpv-joysticks\/\" \/>\n<meta property=\"og:locale\" content=\"es_ES\" \/>\n<meta property=\"og:type\" content=\"article\" \/>\n<meta property=\"og:title\" content=\"DJI FPV Control Sticks\" \/>\n<meta property=\"og:description\" content=\"Ontworpen voor DJI FPV Afneembare bedieningssticks Gemakkelijk te draaien en te bevestigen Handige opslag in speciale groef Compatibel met uitgevouwen klemmen voor mobiele apparaten\" \/>\n<meta property=\"og:url\" content=\"https:\/\/koningdrone.be\/es\/producto\/dji-fpv-joysticks\/\" \/>\n<meta property=\"og:site_name\" content=\"koningdrone.be\" \/>\n<meta property=\"article:modified_time\" content=\"2026-04-29T07:10:25+00:00\" \/>\n<meta property=\"og:image\" content=\"https:\/\/koningdrone.be\/wp-content\/uploads\/sites\/13\/2025\/04\/77139c5b0297b62eb59a2bc8ef4049cb@large.jpg\" \/>\n\t<meta property=\"og:image:width\" content=\"1200\" \/>\n\t<meta property=\"og:image:height\" content=\"800\" \/>\n\t<meta property=\"og:image:type\" content=\"image\/jpeg\" \/>\n<meta name=\"twitter:card\" content=\"summary_large_image\" \/>\n<meta name=\"twitter:label1\" content=\"Tiempo de lectura\" \/>\n\t<meta name=\"twitter:data1\" content=\"1 minuto\" \/>\n<script type=\"application\/ld+json\" class=\"yoast-schema-graph\">{\"@context\":\"https:\/\/schema.org\",\"@graph\":[{\"@type\":\"WebPage\",\"@id\":\"https:\/\/koningdrone.be\/product\/dji-fpv-joysticks\/\",\"url\":\"https:\/\/koningdrone.be\/product\/dji-fpv-joysticks\/\",\"name\":\"DJI FPV Control Sticks - koningdrone.be\",\"isPartOf\":{\"@id\":\"https:\/\/koningdrone.be\/#website\"},\"primaryImageOfPage\":{\"@id\":\"https:\/\/koningdrone.be\/product\/dji-fpv-joysticks\/#primaryimage\"},\"image\":{\"@id\":\"https:\/\/koningdrone.be\/product\/dji-fpv-joysticks\/#primaryimage\"},\"thumbnailUrl\":\"https:\/\/koningdrone.be\/wp-content\/uploads\/sites\/13\/2025\/04\/77139c5b0297b62eb59a2bc8ef4049cb@large.jpg\",\"datePublished\":\"2021-03-21T09:54:31+00:00\",\"dateModified\":\"2026-04-29T07:10:25+00:00\",\"breadcrumb\":{\"@id\":\"https:\/\/koningdrone.be\/product\/dji-fpv-joysticks\/#breadcrumb\"},\"inLanguage\":\"es\",\"potentialAction\":[{\"@type\":\"ReadAction\",\"target\":[\"https:\/\/koningdrone.be\/product\/dji-fpv-joysticks\/\"]}]},{\"@type\":\"ImageObject\",\"inLanguage\":\"es\",\"@id\":\"https:\/\/koningdrone.be\/product\/dji-fpv-joysticks\/#primaryimage\",\"url\":\"https:\/\/koningdrone.be\/wp-content\/uploads\/sites\/13\/2025\/04\/77139c5b0297b62eb59a2bc8ef4049cb@large.jpg\",\"contentUrl\":\"https:\/\/koningdrone.be\/wp-content\/uploads\/sites\/13\/2025\/04\/77139c5b0297b62eb59a2bc8ef4049cb@large.jpg\",\"width\":1200,\"height\":800},{\"@type\":\"BreadcrumbList\",\"@id\":\"https:\/\/koningdrone.be\/product\/dji-fpv-joysticks\/#breadcrumb\",\"itemListElement\":[{\"@type\":\"ListItem\",\"position\":1,\"name\":\"Home\",\"item\":\"https:\/\/koningdrone.be\/\"},{\"@type\":\"ListItem\",\"position\":2,\"name\":\"AVSS Parachute Recovery System for DJI Matrice 300\/350\",\"item\":\"https:\/\/koningdrone.be\/product\/avss-parachute-recovery-system-for-dji-matrice-300-350\/\"},{\"@type\":\"ListItem\",\"position\":3,\"name\":\"Alle afstandsbedieningen\",\"item\":\"https:\/\/koningdrone.be\/categorie\/alle-afstandsbedieningen\/\"},{\"@type\":\"ListItem\",\"position\":4,\"name\":\"DJI FPV Control Sticks\"}]},{\"@type\":\"WebSite\",\"@id\":\"https:\/\/koningdrone.be\/#website\",\"url\":\"https:\/\/koningdrone.be\/\",\"name\":\"Koningdrone.be - Uw online specialist in drones, gimbals, camera's en power stations.\",\"description\":\"De webshop in drones en gimbals\",\"publisher\":{\"@id\":\"https:\/\/koningdrone.be\/#organization\"},\"potentialAction\":[{\"@type\":\"SearchAction\",\"target\":{\"@type\":\"EntryPoint\",\"urlTemplate\":\"https:\/\/koningdrone.be\/?s={search_term_string}\"},\"query-input\":{\"@type\":\"PropertyValueSpecification\",\"valueRequired\":true,\"valueName\":\"search_term_string\"}}],\"inLanguage\":\"es\"},{\"@type\":\"Organization\",\"@id\":\"https:\/\/koningdrone.be\/#organization\",\"name\":\"Koningdrone.be\",\"url\":\"https:\/\/koningdrone.be\/\",\"logo\":{\"@type\":\"ImageObject\",\"inLanguage\":\"es\",\"@id\":\"https:\/\/koningdrone.be\/#\/schema\/logo\/image\/\",\"url\":\"https:\/\/koningdrone.be\/wp-content\/uploads\/sites\/13\/2025\/04\/koningdrone-copyright-logo.svg\",\"contentUrl\":\"https:\/\/koningdrone.be\/wp-content\/uploads\/sites\/13\/2025\/04\/koningdrone-copyright-logo.svg\",\"width\":227,\"height\":38,\"caption\":\"Koningdrone.be\"},\"image\":{\"@id\":\"https:\/\/koningdrone.be\/#\/schema\/logo\/image\/\"}}]}<\/script>\n<!-- \/ Yoast SEO Premium plugin. -->","yoast_head_json":{"title":"DJI FPV Control Sticks - koningdrone.be","robots":{"index":"index","follow":"follow","max-snippet":"max-snippet:-1","max-image-preview":"max-image-preview:large","max-video-preview":"max-video-preview:-1"},"canonical":"https:\/\/koningdrone.be\/es\/producto\/dji-fpv-joysticks\/","og_locale":"es_ES","og_type":"article","og_title":"DJI FPV Control Sticks","og_description":"Ontworpen voor DJI FPV Afneembare bedieningssticks Gemakkelijk te draaien en te bevestigen Handige opslag in speciale groef Compatibel met uitgevouwen klemmen voor mobiele apparaten","og_url":"https:\/\/koningdrone.be\/es\/producto\/dji-fpv-joysticks\/","og_site_name":"koningdrone.be","article_modified_time":"2026-04-29T07:10:25+00:00","og_image":[{"width":1200,"height":800,"url":"https:\/\/koningdrone.be\/wp-content\/uploads\/sites\/13\/2025\/04\/77139c5b0297b62eb59a2bc8ef4049cb@large.jpg","type":"image\/jpeg"}],"twitter_card":"summary_large_image","twitter_misc":{"Tiempo de lectura":"1 minuto"},"schema":{"@context":"https:\/\/schema.org","@graph":[{"@type":"WebPage","@id":"https:\/\/koningdrone.be\/product\/dji-fpv-joysticks\/","url":"https:\/\/koningdrone.be\/product\/dji-fpv-joysticks\/","name":"DJI FPV Control Sticks - koningdrone.be","isPartOf":{"@id":"https:\/\/koningdrone.be\/#website"},"primaryImageOfPage":{"@id":"https:\/\/koningdrone.be\/product\/dji-fpv-joysticks\/#primaryimage"},"image":{"@id":"https:\/\/koningdrone.be\/product\/dji-fpv-joysticks\/#primaryimage"},"thumbnailUrl":"https:\/\/koningdrone.be\/wp-content\/uploads\/sites\/13\/2025\/04\/77139c5b0297b62eb59a2bc8ef4049cb@large.jpg","datePublished":"2021-03-21T09:54:31+00:00","dateModified":"2026-04-29T07:10:25+00:00","breadcrumb":{"@id":"https:\/\/koningdrone.be\/product\/dji-fpv-joysticks\/#breadcrumb"},"inLanguage":"es","potentialAction":[{"@type":"ReadAction","target":["https:\/\/koningdrone.be\/product\/dji-fpv-joysticks\/"]}]},{"@type":"ImageObject","inLanguage":"es","@id":"https:\/\/koningdrone.be\/product\/dji-fpv-joysticks\/#primaryimage","url":"https:\/\/koningdrone.be\/wp-content\/uploads\/sites\/13\/2025\/04\/77139c5b0297b62eb59a2bc8ef4049cb@large.jpg","contentUrl":"https:\/\/koningdrone.be\/wp-content\/uploads\/sites\/13\/2025\/04\/77139c5b0297b62eb59a2bc8ef4049cb@large.jpg","width":1200,"height":800},{"@type":"BreadcrumbList","@id":"https:\/\/koningdrone.be\/product\/dji-fpv-joysticks\/#breadcrumb","itemListElement":[{"@type":"ListItem","position":1,"name":"Home","item":"https:\/\/koningdrone.be\/"},{"@type":"ListItem","position":2,"name":"AVSS Parachute Recovery System for DJI Matrice 300\/350","item":"https:\/\/koningdrone.be\/product\/avss-parachute-recovery-system-for-dji-matrice-300-350\/"},{"@type":"ListItem","position":3,"name":"Alle afstandsbedieningen","item":"https:\/\/koningdrone.be\/categorie\/alle-afstandsbedieningen\/"},{"@type":"ListItem","position":4,"name":"DJI FPV Control Sticks"}]},{"@type":"WebSite","@id":"https:\/\/koningdrone.be\/#website","url":"https:\/\/koningdrone.be\/","name":"Koningdrone.be - Su especialista en l\u00ednea en drones, cardanes, c\u00e1maras y centrales el\u00e9ctricas.","description":"La tienda virtual de drones y cardanes","publisher":{"@id":"https:\/\/koningdrone.be\/#organization"},"potentialAction":[{"@type":"SearchAction","target":{"@type":"EntryPoint","urlTemplate":"https:\/\/koningdrone.be\/?s={search_term_string}"},"query-input":{"@type":"PropertyValueSpecification","valueRequired":true,"valueName":"search_term_string"}}],"inLanguage":"es"},{"@type":"Organization","@id":"https:\/\/koningdrone.be\/#organization","name":"Kingdrone.es","url":"https:\/\/koningdrone.be\/","logo":{"@type":"ImageObject","inLanguage":"es","@id":"https:\/\/koningdrone.be\/#\/schema\/logo\/image\/","url":"https:\/\/koningdrone.be\/wp-content\/uploads\/sites\/13\/2025\/04\/koningdrone-copyright-logo.svg","contentUrl":"https:\/\/koningdrone.be\/wp-content\/uploads\/sites\/13\/2025\/04\/koningdrone-copyright-logo.svg","width":227,"height":38,"caption":"Koningdrone.be"},"image":{"@id":"https:\/\/koningdrone.be\/#\/schema\/logo\/image\/"}}]}},"df_price":"","df_sale_price":"","df_regular_price":"","df_image_link":"https:\/\/koningdrone.be\/wp-content\/uploads\/sites\/13\/2025\/04\/77139c5b0297b62eb59a2bc8ef4049cb@large-300x200.jpg","_links":{"self":[{"href":"https:\/\/koningdrone.be\/es\/wp-json\/wp\/v2\/product\/6799","targetHints":{"allow":["GET"]}}],"collection":[{"href":"https:\/\/koningdrone.be\/es\/wp-json\/wp\/v2\/product"}],"about":[{"href":"https:\/\/koningdrone.be\/es\/wp-json\/wp\/v2\/types\/product"}],"wp:featuredmedia":[{"embeddable":true,"href":"https:\/\/koningdrone.be\/es\/wp-json\/wp\/v2\/media\/6797"}],"wp:attachment":[{"href":"https:\/\/koningdrone.be\/es\/wp-json\/wp\/v2\/media?parent=6799"}],"wp:term":[{"taxonomy":"product_brand","embeddable":true,"href":"https:\/\/koningdrone.be\/es\/wp-json\/wp\/v2\/product_brand?post=6799"},{"taxonomy":"product_cat","embeddable":true,"href":"https:\/\/koningdrone.be\/es\/wp-json\/wp\/v2\/product_cat?post=6799"},{"taxonomy":"product_tag","embeddable":true,"href":"https:\/\/koningdrone.be\/es\/wp-json\/wp\/v2\/product_tag?post=6799"}],"curies":[{"name":"wp","href":"https:\/\/api.w.org\/{rel}","templated":true}]}}