{"id":6772,"date":"2021-03-21T10:54:31","date_gmt":"2021-03-21T09:54:31","guid":{"rendered":"https:\/\/koningdrone.nl\/kon\/product\/dji-fpv-fly-more-kit\/"},"modified":"2026-04-29T15:00:33","modified_gmt":"2026-04-29T13:00:33","slug":"dji-fpv-fly-more-kit","status":"publish","type":"product","link":"https:\/\/koningdrone.be\/es\/producto\/dji-fpv-fly-more-kit\/","title":{"rendered":"Kit DJI FPV Fly More"},"content":{"rendered":"<p><strong>Mejore su experiencia de vuelo<\/strong><\/p>\n<p> El kit DJI FPV Fly More est\u00e1 especialmente dise\u00f1ado para llevar tu experiencia de vuelo al siguiente nivel ampliando significativamente la duraci\u00f3n de tus sesiones de vuelo. Este completo kit te proporciona los accesorios esenciales para garantizar que pases m\u00e1s tiempo en el aire, captures vistas impresionantes y realices maniobras estimulantes sin preocuparte constantemente por quedarte sin bater\u00eda.<\/p>\n<p><strong>Mayor tiempo de vuelo con bater\u00edas inteligentes<\/strong><\/p>\n<p> Equipado con dos bater\u00edas de vuelo inteligente FPV de DJI, cada una con una capacidad de 44,4 Wh, el Fly More Kit te permite disfrutar de unos 20 minutos de vuelo con una sola carga. Estas bater\u00edas no son s\u00f3lo fuentes de energ\u00eda; vienen con un sistema de gesti\u00f3n inteligente de la bater\u00eda. Esta innovadora caracter\u00edstica monitoriza activamente el estado de la bater\u00eda en tiempo real, ofreciendo un vuelo m\u00e1s seguro y fiable al prevenir posibles problemas antes de que puedan afectar a tu experiencia de vuelo.<\/p>\n<p><strong>C\u00f3moda soluci\u00f3n de carga<\/strong><\/p>\n<p> La inclusi\u00f3n del DJI FPV Battery Charging Hub en este kit resuelve uno de los problemas m\u00e1s comunes a los que se enfrentan los entusiastas: el tiempo de inactividad entre vuelos. Este hub de carga est\u00e1 ingeniosamente dise\u00f1ado para cargar hasta tres bater\u00edas seguidas, minimizando las interrupciones en tus sesiones de vuelo. Con este hub, tienes garantizados periodos m\u00e1s largos de vuelo ininterrumpido, lo que te permite centrarte m\u00e1s en disfrutar de la experiencia y menos en esperar a que se carguen las bater\u00edas.<\/p>\n<p><strong>Kit esencial para los amantes del aire<\/strong><\/p>\n<p> Para los apasionados de los cielos, el DJI FPV Fly More Kit es un valioso complemento para tu kit. No s\u00f3lo maximiza tu tiempo en el aire, sino que tambi\u00e9n proporciona tranquilidad gracias a su sistema de gesti\u00f3n inteligente de la bater\u00eda. Tanto si est\u00e1s grabando hermosas secuencias a\u00e9reas como si simplemente disfrutas de la emoci\u00f3n de volar, este kit garantiza que tus aventuras no se vean truncadas por las limitaciones de la bater\u00eda.<\/p>\n<p><\/p>","protected":false},"excerpt":{"rendered":"<ul>\n<li>Incluye dos bater\u00edas DJI FPV Intelligent Flight<\/li>\n<li> Incluye un cargador de bater\u00edas DJI FPV<\/li>\n<li> Mayor tiempo de vuelo con bater\u00edas adicionales<\/li>\n<li> Capacidad nominal de 44,4 Wh por bater\u00eda<\/li>\n<li> Soporta unos 20 minutos de vuelo por bater\u00eda<\/li>\n<li> Sistema inteligente de gesti\u00f3n de la bater\u00eda integrado<\/li>\n<li> Control en tiempo real del estado de la bater\u00eda<\/li>\n<li> El concentrador de carga carga hasta tres bater\u00edas seguidas<\/li>\n<\/ul>","protected":false},"featured_media":6770,"template":"","meta":{"_acf_changed":false},"product_brand":[],"product_cat":[113,111,97,719],"product_tag":[],"class_list":{"0":"post-6772","1":"product","2":"type-product","3":"status-publish","4":"has-post-thumbnail","6":"product_cat-alle-batterijen","7":"product_cat-alle-opladers","8":"product_cat-alle-producten","9":"product_cat-dji-fpv","10":"product_shipping_class-outofstock","11":"pa_brand-dji","12":"pa_productfamily-flymore-pakket","13":"pa_producttype-flymore-pakket","14":"pa_series-fpv","16":"first","17":"outofstock","18":"taxable","19":"shipping-taxable","20":"purchasable","21":"product-type-simple"},"acf":[],"yoast_head":"<!-- This site is optimized with the Yoast SEO Premium plugin v27.2 (Yoast SEO v27.2) - https:\/\/yoast.com\/product\/yoast-seo-premium-wordpress\/ -->\n<title>DJI FPV Fly More Kit - koningdrone.be<\/title>\n<meta name=\"robots\" content=\"index, follow, max-snippet:-1, max-image-preview:large, max-video-preview:-1\" \/>\n<link rel=\"canonical\" href=\"https:\/\/koningdrone.be\/es\/producto\/dji-fpv-fly-more-kit\/\" \/>\n<meta property=\"og:locale\" content=\"es_ES\" \/>\n<meta property=\"og:type\" content=\"article\" \/>\n<meta property=\"og:title\" content=\"DJI FPV Fly More Kit\" \/>\n<meta property=\"og:description\" content=\"Inclusief twee DJI FPV Intelligent Flight-batterijen Inclusief een DJI FPV-batterijoplaadhub Verlengde vliegtijd met extra batterijen Nominale capaciteit van 44,4 Wh per batterij Ondersteunt ongeveer 20 minuten vliegen per batterij Ingebouwd intelligent batterijbeheersysteem Realtime monitoring van de batterijstatus De oplaadhub laadt maximaal drie batterijen achter elkaar op\" \/>\n<meta property=\"og:url\" content=\"https:\/\/koningdrone.be\/es\/producto\/dji-fpv-fly-more-kit\/\" \/>\n<meta property=\"og:site_name\" content=\"koningdrone.be\" \/>\n<meta property=\"article:modified_time\" content=\"2026-04-29T13:00:33+00:00\" \/>\n<meta property=\"og:image\" content=\"https:\/\/koningdrone.be\/wp-content\/uploads\/sites\/13\/2025\/04\/de91d95d8e1ec4e1429a73491b74cf80@large.jpg\" \/>\n\t<meta property=\"og:image:width\" content=\"1200\" \/>\n\t<meta property=\"og:image:height\" content=\"800\" \/>\n\t<meta property=\"og:image:type\" content=\"image\/jpeg\" \/>\n<meta name=\"twitter:card\" content=\"summary_large_image\" \/>\n<meta name=\"twitter:label1\" content=\"Tiempo de lectura\" \/>\n\t<meta name=\"twitter:data1\" content=\"2 minutos\" \/>\n<script type=\"application\/ld+json\" class=\"yoast-schema-graph\">{\"@context\":\"https:\/\/schema.org\",\"@graph\":[{\"@type\":\"WebPage\",\"@id\":\"https:\/\/koningdrone.be\/product\/dji-fpv-fly-more-kit\/\",\"url\":\"https:\/\/koningdrone.be\/product\/dji-fpv-fly-more-kit\/\",\"name\":\"DJI FPV Fly More Kit - koningdrone.be\",\"isPartOf\":{\"@id\":\"https:\/\/koningdrone.be\/#website\"},\"primaryImageOfPage\":{\"@id\":\"https:\/\/koningdrone.be\/product\/dji-fpv-fly-more-kit\/#primaryimage\"},\"image\":{\"@id\":\"https:\/\/koningdrone.be\/product\/dji-fpv-fly-more-kit\/#primaryimage\"},\"thumbnailUrl\":\"https:\/\/koningdrone.be\/wp-content\/uploads\/sites\/13\/2025\/04\/de91d95d8e1ec4e1429a73491b74cf80@large.jpg\",\"datePublished\":\"2021-03-21T09:54:31+00:00\",\"dateModified\":\"2026-04-29T13:00:33+00:00\",\"breadcrumb\":{\"@id\":\"https:\/\/koningdrone.be\/product\/dji-fpv-fly-more-kit\/#breadcrumb\"},\"inLanguage\":\"es\",\"potentialAction\":[{\"@type\":\"ReadAction\",\"target\":[\"https:\/\/koningdrone.be\/product\/dji-fpv-fly-more-kit\/\"]}]},{\"@type\":\"ImageObject\",\"inLanguage\":\"es\",\"@id\":\"https:\/\/koningdrone.be\/product\/dji-fpv-fly-more-kit\/#primaryimage\",\"url\":\"https:\/\/koningdrone.be\/wp-content\/uploads\/sites\/13\/2025\/04\/de91d95d8e1ec4e1429a73491b74cf80@large.jpg\",\"contentUrl\":\"https:\/\/koningdrone.be\/wp-content\/uploads\/sites\/13\/2025\/04\/de91d95d8e1ec4e1429a73491b74cf80@large.jpg\",\"width\":1200,\"height\":800},{\"@type\":\"BreadcrumbList\",\"@id\":\"https:\/\/koningdrone.be\/product\/dji-fpv-fly-more-kit\/#breadcrumb\",\"itemListElement\":[{\"@type\":\"ListItem\",\"position\":1,\"name\":\"Home\",\"item\":\"https:\/\/koningdrone.be\/\"},{\"@type\":\"ListItem\",\"position\":2,\"name\":\"AVSS Parachute Recovery System for DJI Matrice 300\/350\",\"item\":\"https:\/\/koningdrone.be\/product\/avss-parachute-recovery-system-for-dji-matrice-300-350\/\"},{\"@type\":\"ListItem\",\"position\":3,\"name\":\"Alle batterijen\",\"item\":\"https:\/\/koningdrone.be\/categorie\/alle-batterijen\/\"},{\"@type\":\"ListItem\",\"position\":4,\"name\":\"DJI FPV Fly More Kit\"}]},{\"@type\":\"WebSite\",\"@id\":\"https:\/\/koningdrone.be\/#website\",\"url\":\"https:\/\/koningdrone.be\/\",\"name\":\"Koningdrone.be - Uw online specialist in drones, gimbals, camera's en power stations.\",\"description\":\"De webshop in drones en gimbals\",\"publisher\":{\"@id\":\"https:\/\/koningdrone.be\/#organization\"},\"potentialAction\":[{\"@type\":\"SearchAction\",\"target\":{\"@type\":\"EntryPoint\",\"urlTemplate\":\"https:\/\/koningdrone.be\/?s={search_term_string}\"},\"query-input\":{\"@type\":\"PropertyValueSpecification\",\"valueRequired\":true,\"valueName\":\"search_term_string\"}}],\"inLanguage\":\"es\"},{\"@type\":\"Organization\",\"@id\":\"https:\/\/koningdrone.be\/#organization\",\"name\":\"Koningdrone.be\",\"url\":\"https:\/\/koningdrone.be\/\",\"logo\":{\"@type\":\"ImageObject\",\"inLanguage\":\"es\",\"@id\":\"https:\/\/koningdrone.be\/#\/schema\/logo\/image\/\",\"url\":\"https:\/\/koningdrone.be\/wp-content\/uploads\/sites\/13\/2025\/04\/koningdrone-copyright-logo.svg\",\"contentUrl\":\"https:\/\/koningdrone.be\/wp-content\/uploads\/sites\/13\/2025\/04\/koningdrone-copyright-logo.svg\",\"width\":227,\"height\":38,\"caption\":\"Koningdrone.be\"},\"image\":{\"@id\":\"https:\/\/koningdrone.be\/#\/schema\/logo\/image\/\"}}]}<\/script>\n<!-- \/ Yoast SEO Premium plugin. -->","yoast_head_json":{"title":"DJI FPV Fly More Kit - koningdrone.be","robots":{"index":"index","follow":"follow","max-snippet":"max-snippet:-1","max-image-preview":"max-image-preview:large","max-video-preview":"max-video-preview:-1"},"canonical":"https:\/\/koningdrone.be\/es\/producto\/dji-fpv-fly-more-kit\/","og_locale":"es_ES","og_type":"article","og_title":"DJI FPV Fly More Kit","og_description":"Inclusief twee DJI FPV Intelligent Flight-batterijen Inclusief een DJI FPV-batterijoplaadhub Verlengde vliegtijd met extra batterijen Nominale capaciteit van 44,4 Wh per batterij Ondersteunt ongeveer 20 minuten vliegen per batterij Ingebouwd intelligent batterijbeheersysteem Realtime monitoring van de batterijstatus De oplaadhub laadt maximaal drie batterijen achter elkaar op","og_url":"https:\/\/koningdrone.be\/es\/producto\/dji-fpv-fly-more-kit\/","og_site_name":"koningdrone.be","article_modified_time":"2026-04-29T13:00:33+00:00","og_image":[{"width":1200,"height":800,"url":"https:\/\/koningdrone.be\/wp-content\/uploads\/sites\/13\/2025\/04\/de91d95d8e1ec4e1429a73491b74cf80@large.jpg","type":"image\/jpeg"}],"twitter_card":"summary_large_image","twitter_misc":{"Tiempo de lectura":"2 minutos"},"schema":{"@context":"https:\/\/schema.org","@graph":[{"@type":"WebPage","@id":"https:\/\/koningdrone.be\/product\/dji-fpv-fly-more-kit\/","url":"https:\/\/koningdrone.be\/product\/dji-fpv-fly-more-kit\/","name":"DJI FPV Fly More Kit - koningdrone.be","isPartOf":{"@id":"https:\/\/koningdrone.be\/#website"},"primaryImageOfPage":{"@id":"https:\/\/koningdrone.be\/product\/dji-fpv-fly-more-kit\/#primaryimage"},"image":{"@id":"https:\/\/koningdrone.be\/product\/dji-fpv-fly-more-kit\/#primaryimage"},"thumbnailUrl":"https:\/\/koningdrone.be\/wp-content\/uploads\/sites\/13\/2025\/04\/de91d95d8e1ec4e1429a73491b74cf80@large.jpg","datePublished":"2021-03-21T09:54:31+00:00","dateModified":"2026-04-29T13:00:33+00:00","breadcrumb":{"@id":"https:\/\/koningdrone.be\/product\/dji-fpv-fly-more-kit\/#breadcrumb"},"inLanguage":"es","potentialAction":[{"@type":"ReadAction","target":["https:\/\/koningdrone.be\/product\/dji-fpv-fly-more-kit\/"]}]},{"@type":"ImageObject","inLanguage":"es","@id":"https:\/\/koningdrone.be\/product\/dji-fpv-fly-more-kit\/#primaryimage","url":"https:\/\/koningdrone.be\/wp-content\/uploads\/sites\/13\/2025\/04\/de91d95d8e1ec4e1429a73491b74cf80@large.jpg","contentUrl":"https:\/\/koningdrone.be\/wp-content\/uploads\/sites\/13\/2025\/04\/de91d95d8e1ec4e1429a73491b74cf80@large.jpg","width":1200,"height":800},{"@type":"BreadcrumbList","@id":"https:\/\/koningdrone.be\/product\/dji-fpv-fly-more-kit\/#breadcrumb","itemListElement":[{"@type":"ListItem","position":1,"name":"Home","item":"https:\/\/koningdrone.be\/"},{"@type":"ListItem","position":2,"name":"AVSS Parachute Recovery System for DJI Matrice 300\/350","item":"https:\/\/koningdrone.be\/product\/avss-parachute-recovery-system-for-dji-matrice-300-350\/"},{"@type":"ListItem","position":3,"name":"Alle batterijen","item":"https:\/\/koningdrone.be\/categorie\/alle-batterijen\/"},{"@type":"ListItem","position":4,"name":"DJI FPV Fly More Kit"}]},{"@type":"WebSite","@id":"https:\/\/koningdrone.be\/#website","url":"https:\/\/koningdrone.be\/","name":"Koningdrone.be - Su especialista en l\u00ednea en drones, cardanes, c\u00e1maras y centrales el\u00e9ctricas.","description":"La tienda virtual de drones y cardanes","publisher":{"@id":"https:\/\/koningdrone.be\/#organization"},"potentialAction":[{"@type":"SearchAction","target":{"@type":"EntryPoint","urlTemplate":"https:\/\/koningdrone.be\/?s={search_term_string}"},"query-input":{"@type":"PropertyValueSpecification","valueRequired":true,"valueName":"search_term_string"}}],"inLanguage":"es"},{"@type":"Organization","@id":"https:\/\/koningdrone.be\/#organization","name":"Kingdrone.es","url":"https:\/\/koningdrone.be\/","logo":{"@type":"ImageObject","inLanguage":"es","@id":"https:\/\/koningdrone.be\/#\/schema\/logo\/image\/","url":"https:\/\/koningdrone.be\/wp-content\/uploads\/sites\/13\/2025\/04\/koningdrone-copyright-logo.svg","contentUrl":"https:\/\/koningdrone.be\/wp-content\/uploads\/sites\/13\/2025\/04\/koningdrone-copyright-logo.svg","width":227,"height":38,"caption":"Koningdrone.be"},"image":{"@id":"https:\/\/koningdrone.be\/#\/schema\/logo\/image\/"}}]}},"df_price":279,"df_sale_price":"","df_regular_price":279,"df_image_link":"https:\/\/koningdrone.be\/wp-content\/uploads\/sites\/13\/2025\/04\/de91d95d8e1ec4e1429a73491b74cf80@large-300x200.jpg","_links":{"self":[{"href":"https:\/\/koningdrone.be\/es\/wp-json\/wp\/v2\/product\/6772","targetHints":{"allow":["GET"]}}],"collection":[{"href":"https:\/\/koningdrone.be\/es\/wp-json\/wp\/v2\/product"}],"about":[{"href":"https:\/\/koningdrone.be\/es\/wp-json\/wp\/v2\/types\/product"}],"wp:featuredmedia":[{"embeddable":true,"href":"https:\/\/koningdrone.be\/es\/wp-json\/wp\/v2\/media\/6770"}],"wp:attachment":[{"href":"https:\/\/koningdrone.be\/es\/wp-json\/wp\/v2\/media?parent=6772"}],"wp:term":[{"taxonomy":"product_brand","embeddable":true,"href":"https:\/\/koningdrone.be\/es\/wp-json\/wp\/v2\/product_brand?post=6772"},{"taxonomy":"product_cat","embeddable":true,"href":"https:\/\/koningdrone.be\/es\/wp-json\/wp\/v2\/product_cat?post=6772"},{"taxonomy":"product_tag","embeddable":true,"href":"https:\/\/koningdrone.be\/es\/wp-json\/wp\/v2\/product_tag?post=6772"}],"curies":[{"name":"wp","href":"https:\/\/api.w.org\/{rel}","templated":true}]}}