{"id":6759,"date":"2021-03-21T10:54:31","date_gmt":"2021-03-21T09:54:31","guid":{"rendered":"https:\/\/koningdrone.nl\/kon\/product\/dji-fpv-goggles-v2\/"},"modified":"2026-04-29T13:20:37","modified_gmt":"2026-04-29T11:20:37","slug":"dji-fpv-goggles-v2","status":"publish","type":"product","link":"https:\/\/koningdrone.be\/es\/producto\/dji-fpv-goggles-v2\/","title":{"rendered":"DJI FPV Gafas V2"},"content":{"rendered":"<h1>DJI FPV Gafas V2<\/h1>\n<p>Las DJI FPV Goggles V2 con transmisi\u00f3n de imagen DJI O3 ofrecen alta definici\u00f3n, baja latencia, transmisi\u00f3n de largo alcance y fuertes capacidades anti-interferencia. La bater\u00eda de las DJI FPV Goggles en la caja soporta hasta 110 minutos de vuelo cuando est\u00e1 completamente cargada.<\/p>\n<p><strong>Destacados<\/strong><br \/>Alta definici\u00f3n, baja latencia, gran inmersi\u00f3n, transmisi\u00f3n a larga distancia y gran capacidad antiinterferencias.<br \/>La bater\u00eda de la caja soporta hasta 110 minutos de vuelo cuando est\u00e1 totalmente cargada.<\/p>\n<p><strong>Especificaciones<\/strong><\/p>\n<p>Peso: aprox. 420 g (incluyendo diadema y antenas)<br \/>Dimensiones: 184 x 122 x 110 mm (sin antenas) &lt;br&gt; 202 x 126 x 110 mm (antenas incluidas)<br \/>Tama\u00f1o de pantalla: 2 pulgadas (\u00d7 2)<br \/>Frecuencia de refresco de la pantalla: 144 Hz<br \/>Frecuencia de comunicaci&oacute;n: 2,400-2,4835 GHz &lt;br&gt; 5,725-5,850 GHz<br \/>Potencia de transmisi&oacute;n (PIRE): 2,400-2,4835 GHz &lt;br&gt; FCC: &le; 28,5 dBm &lt;br&gt; CE: &le; 20 dBm &lt;br&gt; SRRC: &le; 20 dBm &lt;br&gt; MIC: &le; 20 dBm &lt;br&gt; &lt;br&gt; 5,725- 5,850 GHz &lt;br&gt;<br \/>FCC: &le; 31,5 dBm &lt;br&gt; CE: &le; 14 dBm &lt;br&gt; SRRC: &le; 19 dBm<br \/>Ancho de banda de comunicaci\u00f3n: 40 MHz (m\u00e1x.)<br \/>Modo Live view: modo de baja latencia: 810p \/ 120fps &le; 28ms * &lt;br&gt; Modo de alta calidad: 810p \/ 60fps &le; 40ms* &lt;br&gt;<br \/>* Se dispone de un \u00e1ngulo de visi\u00f3n de 150\u00b0 cuando se dispara a 50 o 100 fps. Para otras frecuencias de cuadro, el \u00e1ngulo de visi\u00f3n es de 142\u00b0. \"\"<br \/>M\u00e1x. Velocidad de bits de v\u00eddeo: 50 Mbps<br \/>Alcance de transmisi\u00f3n: 10 km (FCC), 6 km (CE), 6 km (SRRC), 6 km (MIC)<br \/>Formato de v\u00eddeo: MP4 (formato de v\u00eddeo: H.264)<br \/>Formatos de reproducci\u00f3n de v\u00eddeo y audio compatibles: MP4, MOV, MKV (formato de v\u00eddeo: H.264; formato de audio: AAC-LC, AAC-HE, AC-3, MP3)<br \/>Temperatura de funcionamiento: de 0 \u00b0C a 40 \u00b0C (de 32 \u00b0 a 104 \u00b0 F)<br \/>Entrada de alimentaci\u00f3n: bater\u00edas dedicadas DJI Goggles u otras bater\u00edas de 11,1 a 25,2 V.<br \/>FOV: 30\u00b0 a 54\u00b0; Tama\u00f1o de imagen: 50-100%<br \/>Distancia interpupilar: 58-70 mm<br \/>Tarjetas microSD compatibles: tarjetas microSD (hasta 256 GB)<\/p>\n<p><strong>Bater\u00eda de las DJI FPV Goggles<\/strong><\/p>\n<p>Capacidad: 1800 mAh<br \/>Tensi\u00f3n: 9 V (m\u00e1x.)<br \/>Tipo: LiPo 2S<br \/>Energ\u00eda: 18 Wh<br \/>Temperatura de carga: 0 \u00b0 a 45 \u00b0 C<br \/>Max. Potencia de carga: 10 W.<br \/>Duraci\u00f3n de la bater\u00eda: aprox. 110 minutos (medido en un entorno de 25\u00b0C a brillo m\u00e1ximo)<\/p>\n<p><strong>Compatibilidad<\/strong><\/p>\n<ul> <\/p>\n<li>Drone DJI FPV<\/li>\n<p> <\/p>\n<li>Mando a distancia DJI FPV 2<\/li>\n<p> <\/p>\n<li>Unidad DJI FPV Air<\/li>\n<p> <\/p>\n<li>Mando a distancia DJI FPV<\/li>\n<p><\/ul>\n<p><strong>Consejos<\/strong><\/p>\n<ol> <\/p>\n<li>No exponga el interior de las gafas a la luz solar directa.<\/li>\n<p> <\/p>\n<li>La doble frecuencia s\u00f3lo est\u00e1 disponible cuando se utiliza con el DJI FPV Drone.<\/li>\n<p> <\/p>\n<li>Cuando se utiliza con la unidad DJI FPV Air, s\u00f3lo es compatible con 5,8 GHz. Debido a las pol\u00edticas y regulaciones locales, la banda de frecuencia de 5,8 GHz no est\u00e1 disponible actualmente en algunos pa\u00edses, incluyendo (pero no limitado a) Jap\u00f3n, Rusia, Israel, Ucrania y Kazajst\u00e1n. Utilice la banda de frecuencia de 2,4 GHz cuando opere en estos lugares y compruebe siempre las normas y reglamentos locales de uso,<\/li>\n<p> <\/p>\n<li>La ley exige VLOS en algunas regiones y pa\u00edses, y siempre se recomienda utilizar un observador cuando no sea posible mantener VLOS.<\/li>\n<p><\/ol>\n<p><\/p>","protected":false},"excerpt":{"rendered":"<ul>\n<li>28 ms \/ 4 km de alcance m\u00e1ximo de transmisi\u00f3n y latencia de la transmisi\u00f3n de v\u00eddeo<\/li>\n<li>Retransmisi\u00f3n en directo a 720p \/ 120fps con las DJI Goggles<\/li>\n<li> puede<\/li>\n<li>8 drones para volar simult\u00e1neamente<\/li>\n<li>Grabaci\u00f3n de v\u00eddeo 1080p \/ 60 fps a trav\u00e9s de la unidad a\u00e9rea<\/li>\n<li>latencia m\u00ednima de<\/li>\n<li>7 ms entre el mando a distancia y la unidad de aire<\/li>\n<li>Mando 4 en 1 con respuesta del mando a distancia<\/li>\n<\/ul>","protected":false},"featured_media":6752,"template":"","meta":{"_acf_changed":false},"product_brand":[],"product_cat":[731,97,719,733],"product_tag":[],"class_list":{"0":"post-6759","1":"product","2":"type-product","3":"status-publish","4":"has-post-thumbnail","6":"product_cat-alle-goggles","7":"product_cat-alle-producten","8":"product_cat-dji-fpv","9":"product_cat-dji-goggles","10":"product_shipping_class-outofstock","11":"pa_brand-dji","12":"pa_dronegrade-consumer","13":"pa_productfamily-goggles","14":"pa_producttype-goggles","15":"pa_series-goggles-v2","16":"pa_vliegbewijs-a1-a3-en-a2","18":"first","19":"outofstock","20":"taxable","21":"shipping-taxable","22":"product-type-simple"},"acf":[],"yoast_head":"<!-- This site is optimized with the Yoast SEO Premium plugin v27.2 (Yoast SEO v27.2) - https:\/\/yoast.com\/product\/yoast-seo-premium-wordpress\/ -->\n<title>DJI FPV Goggles V2 - koningdrone.be<\/title>\n<meta name=\"robots\" content=\"index, follow, max-snippet:-1, max-image-preview:large, max-video-preview:-1\" \/>\n<link rel=\"canonical\" href=\"https:\/\/koningdrone.be\/es\/producto\/dji-fpv-goggles-v2\/\" \/>\n<meta property=\"og:locale\" content=\"es_ES\" \/>\n<meta property=\"og:type\" content=\"article\" \/>\n<meta property=\"og:title\" content=\"DJI FPV Goggles V2\" \/>\n<meta property=\"og:description\" content=\"28ms \/ 4km maximaal transmissiebereik en latentie van videotransmissie720p \/ 120fps live-uitzending met de DJI Goggles kunnen8 drones tegelijkertijd worden gevlogen1080p \/ 60fps video-opname via de luchteenheidnimale latentie van7 ms tussen de afstandsbediening en de luchtunit4-in-1 regeling met terugkoppeling voor afstandsbediening\" \/>\n<meta property=\"og:url\" content=\"https:\/\/koningdrone.be\/es\/producto\/dji-fpv-goggles-v2\/\" \/>\n<meta property=\"og:site_name\" content=\"koningdrone.be\" \/>\n<meta property=\"article:modified_time\" content=\"2026-04-29T11:20:37+00:00\" \/>\n<meta property=\"og:image\" content=\"https:\/\/koningdrone.be\/wp-content\/uploads\/sites\/13\/2025\/04\/6941565904003-1.jpg\" \/>\n\t<meta property=\"og:image:width\" content=\"510\" \/>\n\t<meta property=\"og:image:height\" content=\"510\" \/>\n\t<meta property=\"og:image:type\" content=\"image\/jpeg\" \/>\n<meta name=\"twitter:card\" content=\"summary_large_image\" \/>\n<meta name=\"twitter:label1\" content=\"Tiempo de lectura\" \/>\n\t<meta name=\"twitter:data1\" content=\"2 minutos\" \/>\n<script type=\"application\/ld+json\" class=\"yoast-schema-graph\">{\"@context\":\"https:\/\/schema.org\",\"@graph\":[{\"@type\":\"WebPage\",\"@id\":\"https:\/\/koningdrone.be\/product\/dji-fpv-goggles-v2\/\",\"url\":\"https:\/\/koningdrone.be\/product\/dji-fpv-goggles-v2\/\",\"name\":\"DJI FPV Goggles V2 - koningdrone.be\",\"isPartOf\":{\"@id\":\"https:\/\/koningdrone.be\/#website\"},\"primaryImageOfPage\":{\"@id\":\"https:\/\/koningdrone.be\/product\/dji-fpv-goggles-v2\/#primaryimage\"},\"image\":{\"@id\":\"https:\/\/koningdrone.be\/product\/dji-fpv-goggles-v2\/#primaryimage\"},\"thumbnailUrl\":\"https:\/\/koningdrone.be\/wp-content\/uploads\/sites\/13\/2025\/04\/6941565904003-1.jpg\",\"datePublished\":\"2021-03-21T09:54:31+00:00\",\"dateModified\":\"2026-04-29T11:20:37+00:00\",\"breadcrumb\":{\"@id\":\"https:\/\/koningdrone.be\/product\/dji-fpv-goggles-v2\/#breadcrumb\"},\"inLanguage\":\"es\",\"potentialAction\":[{\"@type\":\"ReadAction\",\"target\":[\"https:\/\/koningdrone.be\/product\/dji-fpv-goggles-v2\/\"]}]},{\"@type\":\"ImageObject\",\"inLanguage\":\"es\",\"@id\":\"https:\/\/koningdrone.be\/product\/dji-fpv-goggles-v2\/#primaryimage\",\"url\":\"https:\/\/koningdrone.be\/wp-content\/uploads\/sites\/13\/2025\/04\/6941565904003-1.jpg\",\"contentUrl\":\"https:\/\/koningdrone.be\/wp-content\/uploads\/sites\/13\/2025\/04\/6941565904003-1.jpg\",\"width\":510,\"height\":510},{\"@type\":\"BreadcrumbList\",\"@id\":\"https:\/\/koningdrone.be\/product\/dji-fpv-goggles-v2\/#breadcrumb\",\"itemListElement\":[{\"@type\":\"ListItem\",\"position\":1,\"name\":\"Home\",\"item\":\"https:\/\/koningdrone.be\/\"},{\"@type\":\"ListItem\",\"position\":2,\"name\":\"AVSS Parachute Recovery System for DJI Matrice 300\/350\",\"item\":\"https:\/\/koningdrone.be\/product\/avss-parachute-recovery-system-for-dji-matrice-300-350\/\"},{\"@type\":\"ListItem\",\"position\":3,\"name\":\"Alle goggles\",\"item\":\"https:\/\/koningdrone.be\/categorie\/alle-goggles\/\"},{\"@type\":\"ListItem\",\"position\":4,\"name\":\"DJI FPV Goggles V2\"}]},{\"@type\":\"WebSite\",\"@id\":\"https:\/\/koningdrone.be\/#website\",\"url\":\"https:\/\/koningdrone.be\/\",\"name\":\"Koningdrone.be - Uw online specialist in drones, gimbals, camera's en power stations.\",\"description\":\"De webshop in drones en gimbals\",\"publisher\":{\"@id\":\"https:\/\/koningdrone.be\/#organization\"},\"potentialAction\":[{\"@type\":\"SearchAction\",\"target\":{\"@type\":\"EntryPoint\",\"urlTemplate\":\"https:\/\/koningdrone.be\/?s={search_term_string}\"},\"query-input\":{\"@type\":\"PropertyValueSpecification\",\"valueRequired\":true,\"valueName\":\"search_term_string\"}}],\"inLanguage\":\"es\"},{\"@type\":\"Organization\",\"@id\":\"https:\/\/koningdrone.be\/#organization\",\"name\":\"Koningdrone.be\",\"url\":\"https:\/\/koningdrone.be\/\",\"logo\":{\"@type\":\"ImageObject\",\"inLanguage\":\"es\",\"@id\":\"https:\/\/koningdrone.be\/#\/schema\/logo\/image\/\",\"url\":\"https:\/\/koningdrone.be\/wp-content\/uploads\/sites\/13\/2025\/04\/koningdrone-copyright-logo.svg\",\"contentUrl\":\"https:\/\/koningdrone.be\/wp-content\/uploads\/sites\/13\/2025\/04\/koningdrone-copyright-logo.svg\",\"width\":227,\"height\":38,\"caption\":\"Koningdrone.be\"},\"image\":{\"@id\":\"https:\/\/koningdrone.be\/#\/schema\/logo\/image\/\"}}]}<\/script>\n<!-- \/ Yoast SEO Premium plugin. -->","yoast_head_json":{"title":"DJI FPV Goggles V2 - koningdrone.be","robots":{"index":"index","follow":"follow","max-snippet":"max-snippet:-1","max-image-preview":"max-image-preview:large","max-video-preview":"max-video-preview:-1"},"canonical":"https:\/\/koningdrone.be\/es\/producto\/dji-fpv-goggles-v2\/","og_locale":"es_ES","og_type":"article","og_title":"DJI FPV Goggles V2","og_description":"28ms \/ 4km maximaal transmissiebereik en latentie van videotransmissie720p \/ 120fps live-uitzending met de DJI Goggles kunnen8 drones tegelijkertijd worden gevlogen1080p \/ 60fps video-opname via de luchteenheidnimale latentie van7 ms tussen de afstandsbediening en de luchtunit4-in-1 regeling met terugkoppeling voor afstandsbediening","og_url":"https:\/\/koningdrone.be\/es\/producto\/dji-fpv-goggles-v2\/","og_site_name":"koningdrone.be","article_modified_time":"2026-04-29T11:20:37+00:00","og_image":[{"width":510,"height":510,"url":"https:\/\/koningdrone.be\/wp-content\/uploads\/sites\/13\/2025\/04\/6941565904003-1.jpg","type":"image\/jpeg"}],"twitter_card":"summary_large_image","twitter_misc":{"Tiempo de lectura":"2 minutos"},"schema":{"@context":"https:\/\/schema.org","@graph":[{"@type":"WebPage","@id":"https:\/\/koningdrone.be\/product\/dji-fpv-goggles-v2\/","url":"https:\/\/koningdrone.be\/product\/dji-fpv-goggles-v2\/","name":"DJI FPV Goggles V2 - koningdrone.be","isPartOf":{"@id":"https:\/\/koningdrone.be\/#website"},"primaryImageOfPage":{"@id":"https:\/\/koningdrone.be\/product\/dji-fpv-goggles-v2\/#primaryimage"},"image":{"@id":"https:\/\/koningdrone.be\/product\/dji-fpv-goggles-v2\/#primaryimage"},"thumbnailUrl":"https:\/\/koningdrone.be\/wp-content\/uploads\/sites\/13\/2025\/04\/6941565904003-1.jpg","datePublished":"2021-03-21T09:54:31+00:00","dateModified":"2026-04-29T11:20:37+00:00","breadcrumb":{"@id":"https:\/\/koningdrone.be\/product\/dji-fpv-goggles-v2\/#breadcrumb"},"inLanguage":"es","potentialAction":[{"@type":"ReadAction","target":["https:\/\/koningdrone.be\/product\/dji-fpv-goggles-v2\/"]}]},{"@type":"ImageObject","inLanguage":"es","@id":"https:\/\/koningdrone.be\/product\/dji-fpv-goggles-v2\/#primaryimage","url":"https:\/\/koningdrone.be\/wp-content\/uploads\/sites\/13\/2025\/04\/6941565904003-1.jpg","contentUrl":"https:\/\/koningdrone.be\/wp-content\/uploads\/sites\/13\/2025\/04\/6941565904003-1.jpg","width":510,"height":510},{"@type":"BreadcrumbList","@id":"https:\/\/koningdrone.be\/product\/dji-fpv-goggles-v2\/#breadcrumb","itemListElement":[{"@type":"ListItem","position":1,"name":"Home","item":"https:\/\/koningdrone.be\/"},{"@type":"ListItem","position":2,"name":"AVSS Parachute Recovery System for DJI Matrice 300\/350","item":"https:\/\/koningdrone.be\/product\/avss-parachute-recovery-system-for-dji-matrice-300-350\/"},{"@type":"ListItem","position":3,"name":"Alle goggles","item":"https:\/\/koningdrone.be\/categorie\/alle-goggles\/"},{"@type":"ListItem","position":4,"name":"DJI FPV Goggles V2"}]},{"@type":"WebSite","@id":"https:\/\/koningdrone.be\/#website","url":"https:\/\/koningdrone.be\/","name":"Koningdrone.be - Su especialista en l\u00ednea en drones, cardanes, c\u00e1maras y centrales el\u00e9ctricas.","description":"La tienda virtual de drones y cardanes","publisher":{"@id":"https:\/\/koningdrone.be\/#organization"},"potentialAction":[{"@type":"SearchAction","target":{"@type":"EntryPoint","urlTemplate":"https:\/\/koningdrone.be\/?s={search_term_string}"},"query-input":{"@type":"PropertyValueSpecification","valueRequired":true,"valueName":"search_term_string"}}],"inLanguage":"es"},{"@type":"Organization","@id":"https:\/\/koningdrone.be\/#organization","name":"Kingdrone.es","url":"https:\/\/koningdrone.be\/","logo":{"@type":"ImageObject","inLanguage":"es","@id":"https:\/\/koningdrone.be\/#\/schema\/logo\/image\/","url":"https:\/\/koningdrone.be\/wp-content\/uploads\/sites\/13\/2025\/04\/koningdrone-copyright-logo.svg","contentUrl":"https:\/\/koningdrone.be\/wp-content\/uploads\/sites\/13\/2025\/04\/koningdrone-copyright-logo.svg","width":227,"height":38,"caption":"Koningdrone.be"},"image":{"@id":"https:\/\/koningdrone.be\/#\/schema\/logo\/image\/"}}]}},"df_price":"","df_sale_price":"","df_regular_price":"","df_image_link":"https:\/\/koningdrone.be\/wp-content\/uploads\/sites\/13\/2025\/04\/6941565904003-1-300x300.jpg","_links":{"self":[{"href":"https:\/\/koningdrone.be\/es\/wp-json\/wp\/v2\/product\/6759","targetHints":{"allow":["GET"]}}],"collection":[{"href":"https:\/\/koningdrone.be\/es\/wp-json\/wp\/v2\/product"}],"about":[{"href":"https:\/\/koningdrone.be\/es\/wp-json\/wp\/v2\/types\/product"}],"wp:featuredmedia":[{"embeddable":true,"href":"https:\/\/koningdrone.be\/es\/wp-json\/wp\/v2\/media\/6752"}],"wp:attachment":[{"href":"https:\/\/koningdrone.be\/es\/wp-json\/wp\/v2\/media?parent=6759"}],"wp:term":[{"taxonomy":"product_brand","embeddable":true,"href":"https:\/\/koningdrone.be\/es\/wp-json\/wp\/v2\/product_brand?post=6759"},{"taxonomy":"product_cat","embeddable":true,"href":"https:\/\/koningdrone.be\/es\/wp-json\/wp\/v2\/product_cat?post=6759"},{"taxonomy":"product_tag","embeddable":true,"href":"https:\/\/koningdrone.be\/es\/wp-json\/wp\/v2\/product_tag?post=6759"}],"curies":[{"name":"wp","href":"https:\/\/api.w.org\/{rel}","templated":true}]}}