{"id":6714,"date":"2021-04-16T09:14:17","date_gmt":"2021-04-16T07:14:17","guid":{"rendered":"https:\/\/koningdrone.nl\/kon\/product\/dji-air-2s-low-noise-propellers-pair\/"},"modified":"2026-04-29T15:00:50","modified_gmt":"2026-04-29T13:00:50","slug":"dji-air-2s-low-noise-propellers-pair","status":"publish","type":"product","link":"https:\/\/koningdrone.be\/es\/producto\/dji-air-2s-low-noise-propellers-pair\/","title":{"rendered":"H\u00e9lices DJI Air 2S de bajo ruido"},"content":{"rendered":"<p><strong>Tecnolog\u00eda de alto rendimiento<\/strong><\/p>\n<p> Nuestras h\u00e9lices est\u00e1n dise\u00f1adas para garantizar el m\u00e1ximo rendimiento. Mediante meticulosas pruebas de equilibrio din\u00e1mico, cada pala se ajusta con precisi\u00f3n para reducir el ruido, mejorar la eficiencia aerodin\u00e1mica, reducir la cantidad de energ\u00eda que consume y prolongar su vida \u00fatil. Estas rigurosas pruebas garantizan que nuestras palas funcionen con suavidad y eficacia, lo que las hace ideales tanto para principiantes que buscan calidad y fiabilidad, como para expertos que exigen excelencia en todos los aspectos.<\/p>\n<p><\/p>","protected":false},"excerpt":{"rendered":"<ul>\n<li>Prueba de equilibrio din\u00e1mico preciso para cada cuchilla.<\/li>\n<li> Garantiza menos ruido durante el funcionamiento.<\/li>\n<li> Mejora significativamente la eficiencia aerodin\u00e1mica.<\/li>\n<li> Reduce eficazmente el consumo de energ\u00eda.<\/li>\n<li> Mejora significativamente la durabilidad del producto.<\/li>\n<\/ul>","protected":false},"featured_media":6711,"template":"","meta":{"_acf_changed":false},"product_brand":[],"product_cat":[97,128],"product_tag":[],"class_list":{"0":"post-6714","1":"product","2":"type-product","3":"status-publish","4":"has-post-thumbnail","6":"product_cat-alle-producten","7":"product_cat-alle-propellers","8":"product_shipping_class-outofstock","9":"pa_brand-dji","10":"pa_productfamily-propellers","11":"pa_producttype-propellers","12":"pa_series-air-2s","14":"first","15":"outofstock","16":"taxable","17":"shipping-taxable","18":"purchasable","19":"product-type-simple"},"acf":[],"yoast_head":"<!-- This site is optimized with the Yoast SEO Premium plugin v27.2 (Yoast SEO v27.2) - https:\/\/yoast.com\/product\/yoast-seo-premium-wordpress\/ -->\n<title>DJI Air 2S Low-Noise Propellers - koningdrone.be<\/title>\n<meta name=\"robots\" content=\"index, follow, max-snippet:-1, max-image-preview:large, max-video-preview:-1\" \/>\n<link rel=\"canonical\" href=\"https:\/\/koningdrone.be\/es\/producto\/dji-air-2s-low-noise-propellers-pair\/\" \/>\n<meta property=\"og:locale\" content=\"es_ES\" \/>\n<meta property=\"og:type\" content=\"article\" \/>\n<meta property=\"og:title\" content=\"DJI Air 2S Low-Noise Propellers\" \/>\n<meta property=\"og:description\" content=\"Nauwkeurige dynamische balanstest voor elk blad. Zorgt voor minder geluid tijdens het gebruik. Verbetert de aerodynamische effici\u00ebntie aanzienlijk. Verlaagt het stroomverbruik effectief. Verbetert de duurzaamheid van het product aanzienlijk.\" \/>\n<meta property=\"og:url\" content=\"https:\/\/koningdrone.be\/es\/producto\/dji-air-2s-low-noise-propellers-pair\/\" \/>\n<meta property=\"og:site_name\" content=\"koningdrone.be\" \/>\n<meta property=\"article:modified_time\" content=\"2026-04-29T13:00:50+00:00\" \/>\n<meta property=\"og:image\" content=\"https:\/\/koningdrone.be\/wp-content\/uploads\/sites\/13\/2025\/04\/9ba4e3698c7596a33a27ff8dab4bdb0a@large.jpg\" \/>\n\t<meta property=\"og:image:width\" content=\"1200\" \/>\n\t<meta property=\"og:image:height\" content=\"800\" \/>\n\t<meta property=\"og:image:type\" content=\"image\/jpeg\" \/>\n<meta name=\"twitter:card\" content=\"summary_large_image\" \/>\n<script type=\"application\/ld+json\" class=\"yoast-schema-graph\">{\"@context\":\"https:\/\/schema.org\",\"@graph\":[{\"@type\":\"WebPage\",\"@id\":\"https:\/\/koningdrone.be\/product\/dji-air-2s-low-noise-propellers-pair\/\",\"url\":\"https:\/\/koningdrone.be\/product\/dji-air-2s-low-noise-propellers-pair\/\",\"name\":\"DJI Air 2S Low-Noise Propellers - koningdrone.be\",\"isPartOf\":{\"@id\":\"https:\/\/koningdrone.be\/#website\"},\"primaryImageOfPage\":{\"@id\":\"https:\/\/koningdrone.be\/product\/dji-air-2s-low-noise-propellers-pair\/#primaryimage\"},\"image\":{\"@id\":\"https:\/\/koningdrone.be\/product\/dji-air-2s-low-noise-propellers-pair\/#primaryimage\"},\"thumbnailUrl\":\"https:\/\/koningdrone.be\/wp-content\/uploads\/sites\/13\/2025\/04\/9ba4e3698c7596a33a27ff8dab4bdb0a@large.jpg\",\"datePublished\":\"2021-04-16T07:14:17+00:00\",\"dateModified\":\"2026-04-29T13:00:50+00:00\",\"breadcrumb\":{\"@id\":\"https:\/\/koningdrone.be\/product\/dji-air-2s-low-noise-propellers-pair\/#breadcrumb\"},\"inLanguage\":\"es\",\"potentialAction\":[{\"@type\":\"ReadAction\",\"target\":[\"https:\/\/koningdrone.be\/product\/dji-air-2s-low-noise-propellers-pair\/\"]}]},{\"@type\":\"ImageObject\",\"inLanguage\":\"es\",\"@id\":\"https:\/\/koningdrone.be\/product\/dji-air-2s-low-noise-propellers-pair\/#primaryimage\",\"url\":\"https:\/\/koningdrone.be\/wp-content\/uploads\/sites\/13\/2025\/04\/9ba4e3698c7596a33a27ff8dab4bdb0a@large.jpg\",\"contentUrl\":\"https:\/\/koningdrone.be\/wp-content\/uploads\/sites\/13\/2025\/04\/9ba4e3698c7596a33a27ff8dab4bdb0a@large.jpg\",\"width\":1200,\"height\":800},{\"@type\":\"BreadcrumbList\",\"@id\":\"https:\/\/koningdrone.be\/product\/dji-air-2s-low-noise-propellers-pair\/#breadcrumb\",\"itemListElement\":[{\"@type\":\"ListItem\",\"position\":1,\"name\":\"Home\",\"item\":\"https:\/\/koningdrone.be\/\"},{\"@type\":\"ListItem\",\"position\":2,\"name\":\"AVSS Parachute Recovery System for DJI Matrice 300\/350\",\"item\":\"https:\/\/koningdrone.be\/product\/avss-parachute-recovery-system-for-dji-matrice-300-350\/\"},{\"@type\":\"ListItem\",\"position\":3,\"name\":\"Alle producten\",\"item\":\"https:\/\/koningdrone.be\/categorie\/alle-producten\/\"},{\"@type\":\"ListItem\",\"position\":4,\"name\":\"DJI Air 2S Low-Noise Propellers\"}]},{\"@type\":\"WebSite\",\"@id\":\"https:\/\/koningdrone.be\/#website\",\"url\":\"https:\/\/koningdrone.be\/\",\"name\":\"Koningdrone.be - Uw online specialist in drones, gimbals, camera's en power stations.\",\"description\":\"De webshop in drones en gimbals\",\"publisher\":{\"@id\":\"https:\/\/koningdrone.be\/#organization\"},\"potentialAction\":[{\"@type\":\"SearchAction\",\"target\":{\"@type\":\"EntryPoint\",\"urlTemplate\":\"https:\/\/koningdrone.be\/?s={search_term_string}\"},\"query-input\":{\"@type\":\"PropertyValueSpecification\",\"valueRequired\":true,\"valueName\":\"search_term_string\"}}],\"inLanguage\":\"es\"},{\"@type\":\"Organization\",\"@id\":\"https:\/\/koningdrone.be\/#organization\",\"name\":\"Koningdrone.be\",\"url\":\"https:\/\/koningdrone.be\/\",\"logo\":{\"@type\":\"ImageObject\",\"inLanguage\":\"es\",\"@id\":\"https:\/\/koningdrone.be\/#\/schema\/logo\/image\/\",\"url\":\"https:\/\/koningdrone.be\/wp-content\/uploads\/sites\/13\/2025\/04\/koningdrone-copyright-logo.svg\",\"contentUrl\":\"https:\/\/koningdrone.be\/wp-content\/uploads\/sites\/13\/2025\/04\/koningdrone-copyright-logo.svg\",\"width\":227,\"height\":38,\"caption\":\"Koningdrone.be\"},\"image\":{\"@id\":\"https:\/\/koningdrone.be\/#\/schema\/logo\/image\/\"}}]}<\/script>\n<!-- \/ Yoast SEO Premium plugin. -->","yoast_head_json":{"title":"DJI Air 2S Low-Noise Propellers - koningdrone.be","robots":{"index":"index","follow":"follow","max-snippet":"max-snippet:-1","max-image-preview":"max-image-preview:large","max-video-preview":"max-video-preview:-1"},"canonical":"https:\/\/koningdrone.be\/es\/producto\/dji-air-2s-low-noise-propellers-pair\/","og_locale":"es_ES","og_type":"article","og_title":"DJI Air 2S Low-Noise Propellers","og_description":"Nauwkeurige dynamische balanstest voor elk blad. Zorgt voor minder geluid tijdens het gebruik. Verbetert de aerodynamische effici\u00ebntie aanzienlijk. Verlaagt het stroomverbruik effectief. Verbetert de duurzaamheid van het product aanzienlijk.","og_url":"https:\/\/koningdrone.be\/es\/producto\/dji-air-2s-low-noise-propellers-pair\/","og_site_name":"koningdrone.be","article_modified_time":"2026-04-29T13:00:50+00:00","og_image":[{"width":1200,"height":800,"url":"https:\/\/koningdrone.be\/wp-content\/uploads\/sites\/13\/2025\/04\/9ba4e3698c7596a33a27ff8dab4bdb0a@large.jpg","type":"image\/jpeg"}],"twitter_card":"summary_large_image","schema":{"@context":"https:\/\/schema.org","@graph":[{"@type":"WebPage","@id":"https:\/\/koningdrone.be\/product\/dji-air-2s-low-noise-propellers-pair\/","url":"https:\/\/koningdrone.be\/product\/dji-air-2s-low-noise-propellers-pair\/","name":"DJI Air 2S Low-Noise Propellers - koningdrone.be","isPartOf":{"@id":"https:\/\/koningdrone.be\/#website"},"primaryImageOfPage":{"@id":"https:\/\/koningdrone.be\/product\/dji-air-2s-low-noise-propellers-pair\/#primaryimage"},"image":{"@id":"https:\/\/koningdrone.be\/product\/dji-air-2s-low-noise-propellers-pair\/#primaryimage"},"thumbnailUrl":"https:\/\/koningdrone.be\/wp-content\/uploads\/sites\/13\/2025\/04\/9ba4e3698c7596a33a27ff8dab4bdb0a@large.jpg","datePublished":"2021-04-16T07:14:17+00:00","dateModified":"2026-04-29T13:00:50+00:00","breadcrumb":{"@id":"https:\/\/koningdrone.be\/product\/dji-air-2s-low-noise-propellers-pair\/#breadcrumb"},"inLanguage":"es","potentialAction":[{"@type":"ReadAction","target":["https:\/\/koningdrone.be\/product\/dji-air-2s-low-noise-propellers-pair\/"]}]},{"@type":"ImageObject","inLanguage":"es","@id":"https:\/\/koningdrone.be\/product\/dji-air-2s-low-noise-propellers-pair\/#primaryimage","url":"https:\/\/koningdrone.be\/wp-content\/uploads\/sites\/13\/2025\/04\/9ba4e3698c7596a33a27ff8dab4bdb0a@large.jpg","contentUrl":"https:\/\/koningdrone.be\/wp-content\/uploads\/sites\/13\/2025\/04\/9ba4e3698c7596a33a27ff8dab4bdb0a@large.jpg","width":1200,"height":800},{"@type":"BreadcrumbList","@id":"https:\/\/koningdrone.be\/product\/dji-air-2s-low-noise-propellers-pair\/#breadcrumb","itemListElement":[{"@type":"ListItem","position":1,"name":"Home","item":"https:\/\/koningdrone.be\/"},{"@type":"ListItem","position":2,"name":"AVSS Parachute Recovery System for DJI Matrice 300\/350","item":"https:\/\/koningdrone.be\/product\/avss-parachute-recovery-system-for-dji-matrice-300-350\/"},{"@type":"ListItem","position":3,"name":"Alle producten","item":"https:\/\/koningdrone.be\/categorie\/alle-producten\/"},{"@type":"ListItem","position":4,"name":"DJI Air 2S Low-Noise Propellers"}]},{"@type":"WebSite","@id":"https:\/\/koningdrone.be\/#website","url":"https:\/\/koningdrone.be\/","name":"Koningdrone.be - Su especialista en l\u00ednea en drones, cardanes, c\u00e1maras y centrales el\u00e9ctricas.","description":"La tienda virtual de drones y cardanes","publisher":{"@id":"https:\/\/koningdrone.be\/#organization"},"potentialAction":[{"@type":"SearchAction","target":{"@type":"EntryPoint","urlTemplate":"https:\/\/koningdrone.be\/?s={search_term_string}"},"query-input":{"@type":"PropertyValueSpecification","valueRequired":true,"valueName":"search_term_string"}}],"inLanguage":"es"},{"@type":"Organization","@id":"https:\/\/koningdrone.be\/#organization","name":"Kingdrone.es","url":"https:\/\/koningdrone.be\/","logo":{"@type":"ImageObject","inLanguage":"es","@id":"https:\/\/koningdrone.be\/#\/schema\/logo\/image\/","url":"https:\/\/koningdrone.be\/wp-content\/uploads\/sites\/13\/2025\/04\/koningdrone-copyright-logo.svg","contentUrl":"https:\/\/koningdrone.be\/wp-content\/uploads\/sites\/13\/2025\/04\/koningdrone-copyright-logo.svg","width":227,"height":38,"caption":"Koningdrone.be"},"image":{"@id":"https:\/\/koningdrone.be\/#\/schema\/logo\/image\/"}}]}},"df_price":10,"df_sale_price":"","df_regular_price":10,"df_image_link":"https:\/\/koningdrone.be\/wp-content\/uploads\/sites\/13\/2025\/04\/9ba4e3698c7596a33a27ff8dab4bdb0a@large-300x200.jpg","_links":{"self":[{"href":"https:\/\/koningdrone.be\/es\/wp-json\/wp\/v2\/product\/6714","targetHints":{"allow":["GET"]}}],"collection":[{"href":"https:\/\/koningdrone.be\/es\/wp-json\/wp\/v2\/product"}],"about":[{"href":"https:\/\/koningdrone.be\/es\/wp-json\/wp\/v2\/types\/product"}],"wp:featuredmedia":[{"embeddable":true,"href":"https:\/\/koningdrone.be\/es\/wp-json\/wp\/v2\/media\/6711"}],"wp:attachment":[{"href":"https:\/\/koningdrone.be\/es\/wp-json\/wp\/v2\/media?parent=6714"}],"wp:term":[{"taxonomy":"product_brand","embeddable":true,"href":"https:\/\/koningdrone.be\/es\/wp-json\/wp\/v2\/product_brand?post=6714"},{"taxonomy":"product_cat","embeddable":true,"href":"https:\/\/koningdrone.be\/es\/wp-json\/wp\/v2\/product_cat?post=6714"},{"taxonomy":"product_tag","embeddable":true,"href":"https:\/\/koningdrone.be\/es\/wp-json\/wp\/v2\/product_tag?post=6714"}],"curies":[{"name":"wp","href":"https:\/\/api.w.org\/{rel}","templated":true}]}}