{"id":6701,"date":"2021-04-16T09:14:17","date_gmt":"2021-04-16T07:14:17","guid":{"rendered":"https:\/\/koningdrone.nl\/kon\/product\/dji-air-2s-nd-filters-set-nd4-8-16-32\/"},"modified":"2026-04-29T15:40:23","modified_gmt":"2026-04-29T13:40:23","slug":"dji-air-2s-nd-filters-set-nd4-8-16-32","status":"publish","type":"product","link":"https:\/\/koningdrone.be\/es\/producto\/dji-air-2s-nd-filters-set-nd4-8-16-32\/","title":{"rendered":"DJI Air 2S Juego de filtros ND (ND4\/8\/16\/32)"},"content":{"rendered":"<p>Este producto consiste en un conjunto especializado de filtros dise\u00f1ados para el dron DJI Air 2S, que incluye cuatro filtros de densidad neutra (ND): ND4, ND8, ND16 y ND32. Estos filtros son esenciales para los fot\u00f3grafos y vide\u00f3grafos de drones que buscan im\u00e1genes profesionales. Al reducir la cantidad de luz que llega al sensor de la c\u00e1mara, permiten un mayor control sobre la velocidad de obturaci\u00f3n de la c\u00e1mara, lo que permite capturar im\u00e1genes suaves y cinematogr\u00e1ficas incluso en entornos muy iluminados.<br \/><strong>Cumplimiento de 180\u00b0 de las normas de obturaci\u00f3n<\/strong><\/p>\n<p> En la grabaci\u00f3n de v\u00eddeo, seguir la regla del obturador de 180\u00b0 es crucial para conseguir un desenfoque de movimiento natural, lo que contribuye a un aspecto m\u00e1s cinematogr\u00e1fico. Esta regla sugiere que la velocidad de obturaci\u00f3n debe ser el doble de la frecuencia de imagen. Por ejemplo, si grabas a 24 fps, una velocidad de obturaci\u00f3n de 1\/48 segundos es \u00f3ptima. La inclusi\u00f3n de filtros ND en este set ayuda a los usuarios a seguir esta regla sin esfuerzo, sin tener que comprometer la calidad de la imagen cambiando los ajustes ISO del dron.<\/p>\n<p><strong>Construcci\u00f3n de alta calidad<\/strong><\/p>\n<p> Los filtros de este set est\u00e1n fabricados con materiales de alta calidad que no solo reducen eficazmente la luz entrante, sino que tambi\u00e9n mejoran la reproducci\u00f3n del color y el detalle tanto en condiciones de mucha luz como de poca. Su precisa ingenier\u00eda garantiza un ajuste seguro y ce\u00f1ido al dron DJI Air 2S, creando un sellado fiable alrededor del objetivo incluso durante el vuelo. Por lo tanto, este conjunto es una excelente adquisici\u00f3n para los entusiastas de los drones que buscan mejorar sus capacidades videogr\u00e1ficas y lograr im\u00e1genes a\u00e9reas impresionantes.<\/p>\n<p><\/p>","protected":false},"excerpt":{"rendered":"<ul>\n<li>Especialmente dise\u00f1ado para DJI Air 2S<\/li>\n<li> Filtros ND4, ND8, ND16 y ND32 incluidos<\/li>\n<li> Permite un control preciso de la velocidad de obturaci\u00f3n<\/li>\n<li> Garantiza im\u00e1genes n\u00edtidas con ISO bajo<\/li>\n<li> Fabricado con materiales reductores de luz de alta calidad<\/li>\n<li> Captura colores aut\u00e9nticos y reflejos detallados<\/li>\n<li> Dise\u00f1o mec\u00e1nico preciso para un sellado fiable de la lente<\/li>\n<\/ul>","protected":false},"featured_media":6698,"template":"","meta":{"_acf_changed":false},"product_brand":[],"product_cat":[172,97,1291,852],"product_tag":[],"class_list":{"0":"post-6701","1":"product","2":"type-product","3":"status-publish","4":"has-post-thumbnail","6":"product_cat-alle-nd-filters","7":"product_cat-alle-producten","8":"product_cat-dji-air-2s","9":"product_cat-nd-filters","10":"product_shipping_class-outofstock","11":"pa_brand-dji","12":"pa_productfamily-nd-filters","13":"pa_producttype-nd-filters","14":"pa_series-air-2s","16":"first","17":"outofstock","18":"taxable","19":"shipping-taxable","20":"purchasable","21":"product-type-simple"},"acf":[],"yoast_head":"<!-- This site is optimized with the Yoast SEO Premium plugin v27.2 (Yoast SEO v27.2) - https:\/\/yoast.com\/product\/yoast-seo-premium-wordpress\/ -->\n<title>DJI Air 2S ND Filters Set (ND4\/8\/16\/32) - koningdrone.be<\/title>\n<meta name=\"robots\" content=\"index, follow, max-snippet:-1, max-image-preview:large, max-video-preview:-1\" \/>\n<link rel=\"canonical\" href=\"https:\/\/koningdrone.be\/es\/producto\/dji-air-2s-nd-filters-set-nd4-8-16-32\/\" \/>\n<meta property=\"og:locale\" content=\"es_ES\" \/>\n<meta property=\"og:type\" content=\"article\" \/>\n<meta property=\"og:title\" content=\"DJI Air 2S ND Filters Set (ND4\/8\/16\/32)\" \/>\n<meta property=\"og:description\" content=\"Speciaal ontworpen voor DJI Air 2S Inclusief ND4-, ND8-, ND16- en ND32-filters Maakt nauwkeurige controle over de sluitertijd mogelijk Zorgt voor heldere beelden met een lage ISO Gemaakt van hoogwaardige lichtreductiematerialen Legt authentieke kleuren en gedetailleerde highlights vast Nauwkeurig mechanisch ontwerp voor betrouwbare lensafdichting\" \/>\n<meta property=\"og:url\" content=\"https:\/\/koningdrone.be\/es\/producto\/dji-air-2s-nd-filters-set-nd4-8-16-32\/\" \/>\n<meta property=\"og:site_name\" content=\"koningdrone.be\" \/>\n<meta property=\"article:modified_time\" content=\"2026-04-29T13:40:23+00:00\" \/>\n<meta property=\"og:image\" content=\"https:\/\/koningdrone.be\/wp-content\/uploads\/sites\/13\/2025\/04\/e9b98676af51fca2cbd807ab9576b9a7@large.jpg\" \/>\n\t<meta property=\"og:image:width\" content=\"1200\" \/>\n\t<meta property=\"og:image:height\" content=\"800\" \/>\n\t<meta property=\"og:image:type\" content=\"image\/jpeg\" \/>\n<meta name=\"twitter:card\" content=\"summary_large_image\" \/>\n<meta name=\"twitter:label1\" content=\"Tiempo de lectura\" \/>\n\t<meta name=\"twitter:data1\" content=\"1 minuto\" \/>\n<script type=\"application\/ld+json\" class=\"yoast-schema-graph\">{\"@context\":\"https:\/\/schema.org\",\"@graph\":[{\"@type\":\"WebPage\",\"@id\":\"https:\/\/koningdrone.be\/product\/dji-air-2s-nd-filters-set-nd4-8-16-32\/\",\"url\":\"https:\/\/koningdrone.be\/product\/dji-air-2s-nd-filters-set-nd4-8-16-32\/\",\"name\":\"DJI Air 2S ND Filters Set (ND4\/8\/16\/32) - koningdrone.be\",\"isPartOf\":{\"@id\":\"https:\/\/koningdrone.be\/#website\"},\"primaryImageOfPage\":{\"@id\":\"https:\/\/koningdrone.be\/product\/dji-air-2s-nd-filters-set-nd4-8-16-32\/#primaryimage\"},\"image\":{\"@id\":\"https:\/\/koningdrone.be\/product\/dji-air-2s-nd-filters-set-nd4-8-16-32\/#primaryimage\"},\"thumbnailUrl\":\"https:\/\/koningdrone.be\/wp-content\/uploads\/sites\/13\/2025\/04\/e9b98676af51fca2cbd807ab9576b9a7@large.jpg\",\"datePublished\":\"2021-04-16T07:14:17+00:00\",\"dateModified\":\"2026-04-29T13:40:23+00:00\",\"breadcrumb\":{\"@id\":\"https:\/\/koningdrone.be\/product\/dji-air-2s-nd-filters-set-nd4-8-16-32\/#breadcrumb\"},\"inLanguage\":\"es\",\"potentialAction\":[{\"@type\":\"ReadAction\",\"target\":[\"https:\/\/koningdrone.be\/product\/dji-air-2s-nd-filters-set-nd4-8-16-32\/\"]}]},{\"@type\":\"ImageObject\",\"inLanguage\":\"es\",\"@id\":\"https:\/\/koningdrone.be\/product\/dji-air-2s-nd-filters-set-nd4-8-16-32\/#primaryimage\",\"url\":\"https:\/\/koningdrone.be\/wp-content\/uploads\/sites\/13\/2025\/04\/e9b98676af51fca2cbd807ab9576b9a7@large.jpg\",\"contentUrl\":\"https:\/\/koningdrone.be\/wp-content\/uploads\/sites\/13\/2025\/04\/e9b98676af51fca2cbd807ab9576b9a7@large.jpg\",\"width\":1200,\"height\":800},{\"@type\":\"BreadcrumbList\",\"@id\":\"https:\/\/koningdrone.be\/product\/dji-air-2s-nd-filters-set-nd4-8-16-32\/#breadcrumb\",\"itemListElement\":[{\"@type\":\"ListItem\",\"position\":1,\"name\":\"Home\",\"item\":\"https:\/\/koningdrone.be\/\"},{\"@type\":\"ListItem\",\"position\":2,\"name\":\"AVSS Parachute Recovery System for DJI Matrice 300\/350\",\"item\":\"https:\/\/koningdrone.be\/product\/avss-parachute-recovery-system-for-dji-matrice-300-350\/\"},{\"@type\":\"ListItem\",\"position\":3,\"name\":\"Alle ND Filters\",\"item\":\"https:\/\/koningdrone.be\/categorie\/alle-nd-filters\/\"},{\"@type\":\"ListItem\",\"position\":4,\"name\":\"DJI Air 2S ND Filters Set (ND4\/8\/16\/32)\"}]},{\"@type\":\"WebSite\",\"@id\":\"https:\/\/koningdrone.be\/#website\",\"url\":\"https:\/\/koningdrone.be\/\",\"name\":\"Koningdrone.be - Uw online specialist in drones, gimbals, camera's en power stations.\",\"description\":\"De webshop in drones en gimbals\",\"publisher\":{\"@id\":\"https:\/\/koningdrone.be\/#organization\"},\"potentialAction\":[{\"@type\":\"SearchAction\",\"target\":{\"@type\":\"EntryPoint\",\"urlTemplate\":\"https:\/\/koningdrone.be\/?s={search_term_string}\"},\"query-input\":{\"@type\":\"PropertyValueSpecification\",\"valueRequired\":true,\"valueName\":\"search_term_string\"}}],\"inLanguage\":\"es\"},{\"@type\":\"Organization\",\"@id\":\"https:\/\/koningdrone.be\/#organization\",\"name\":\"Koningdrone.be\",\"url\":\"https:\/\/koningdrone.be\/\",\"logo\":{\"@type\":\"ImageObject\",\"inLanguage\":\"es\",\"@id\":\"https:\/\/koningdrone.be\/#\/schema\/logo\/image\/\",\"url\":\"https:\/\/koningdrone.be\/wp-content\/uploads\/sites\/13\/2025\/04\/koningdrone-copyright-logo.svg\",\"contentUrl\":\"https:\/\/koningdrone.be\/wp-content\/uploads\/sites\/13\/2025\/04\/koningdrone-copyright-logo.svg\",\"width\":227,\"height\":38,\"caption\":\"Koningdrone.be\"},\"image\":{\"@id\":\"https:\/\/koningdrone.be\/#\/schema\/logo\/image\/\"}}]}<\/script>\n<!-- \/ Yoast SEO Premium plugin. -->","yoast_head_json":{"title":"DJI Air 2S ND Filters Set (ND4\/8\/16\/32) - koningdrone.be","robots":{"index":"index","follow":"follow","max-snippet":"max-snippet:-1","max-image-preview":"max-image-preview:large","max-video-preview":"max-video-preview:-1"},"canonical":"https:\/\/koningdrone.be\/es\/producto\/dji-air-2s-nd-filters-set-nd4-8-16-32\/","og_locale":"es_ES","og_type":"article","og_title":"DJI Air 2S ND Filters Set (ND4\/8\/16\/32)","og_description":"Speciaal ontworpen voor DJI Air 2S Inclusief ND4-, ND8-, ND16- en ND32-filters Maakt nauwkeurige controle over de sluitertijd mogelijk Zorgt voor heldere beelden met een lage ISO Gemaakt van hoogwaardige lichtreductiematerialen Legt authentieke kleuren en gedetailleerde highlights vast Nauwkeurig mechanisch ontwerp voor betrouwbare lensafdichting","og_url":"https:\/\/koningdrone.be\/es\/producto\/dji-air-2s-nd-filters-set-nd4-8-16-32\/","og_site_name":"koningdrone.be","article_modified_time":"2026-04-29T13:40:23+00:00","og_image":[{"width":1200,"height":800,"url":"https:\/\/koningdrone.be\/wp-content\/uploads\/sites\/13\/2025\/04\/e9b98676af51fca2cbd807ab9576b9a7@large.jpg","type":"image\/jpeg"}],"twitter_card":"summary_large_image","twitter_misc":{"Tiempo de lectura":"1 minuto"},"schema":{"@context":"https:\/\/schema.org","@graph":[{"@type":"WebPage","@id":"https:\/\/koningdrone.be\/product\/dji-air-2s-nd-filters-set-nd4-8-16-32\/","url":"https:\/\/koningdrone.be\/product\/dji-air-2s-nd-filters-set-nd4-8-16-32\/","name":"DJI Air 2S ND Filters Set (ND4\/8\/16\/32) - koningdrone.be","isPartOf":{"@id":"https:\/\/koningdrone.be\/#website"},"primaryImageOfPage":{"@id":"https:\/\/koningdrone.be\/product\/dji-air-2s-nd-filters-set-nd4-8-16-32\/#primaryimage"},"image":{"@id":"https:\/\/koningdrone.be\/product\/dji-air-2s-nd-filters-set-nd4-8-16-32\/#primaryimage"},"thumbnailUrl":"https:\/\/koningdrone.be\/wp-content\/uploads\/sites\/13\/2025\/04\/e9b98676af51fca2cbd807ab9576b9a7@large.jpg","datePublished":"2021-04-16T07:14:17+00:00","dateModified":"2026-04-29T13:40:23+00:00","breadcrumb":{"@id":"https:\/\/koningdrone.be\/product\/dji-air-2s-nd-filters-set-nd4-8-16-32\/#breadcrumb"},"inLanguage":"es","potentialAction":[{"@type":"ReadAction","target":["https:\/\/koningdrone.be\/product\/dji-air-2s-nd-filters-set-nd4-8-16-32\/"]}]},{"@type":"ImageObject","inLanguage":"es","@id":"https:\/\/koningdrone.be\/product\/dji-air-2s-nd-filters-set-nd4-8-16-32\/#primaryimage","url":"https:\/\/koningdrone.be\/wp-content\/uploads\/sites\/13\/2025\/04\/e9b98676af51fca2cbd807ab9576b9a7@large.jpg","contentUrl":"https:\/\/koningdrone.be\/wp-content\/uploads\/sites\/13\/2025\/04\/e9b98676af51fca2cbd807ab9576b9a7@large.jpg","width":1200,"height":800},{"@type":"BreadcrumbList","@id":"https:\/\/koningdrone.be\/product\/dji-air-2s-nd-filters-set-nd4-8-16-32\/#breadcrumb","itemListElement":[{"@type":"ListItem","position":1,"name":"Home","item":"https:\/\/koningdrone.be\/"},{"@type":"ListItem","position":2,"name":"AVSS Parachute Recovery System for DJI Matrice 300\/350","item":"https:\/\/koningdrone.be\/product\/avss-parachute-recovery-system-for-dji-matrice-300-350\/"},{"@type":"ListItem","position":3,"name":"Alle ND Filters","item":"https:\/\/koningdrone.be\/categorie\/alle-nd-filters\/"},{"@type":"ListItem","position":4,"name":"DJI Air 2S ND Filters Set (ND4\/8\/16\/32)"}]},{"@type":"WebSite","@id":"https:\/\/koningdrone.be\/#website","url":"https:\/\/koningdrone.be\/","name":"Koningdrone.be - Su especialista en l\u00ednea en drones, cardanes, c\u00e1maras y centrales el\u00e9ctricas.","description":"La tienda virtual de drones y cardanes","publisher":{"@id":"https:\/\/koningdrone.be\/#organization"},"potentialAction":[{"@type":"SearchAction","target":{"@type":"EntryPoint","urlTemplate":"https:\/\/koningdrone.be\/?s={search_term_string}"},"query-input":{"@type":"PropertyValueSpecification","valueRequired":true,"valueName":"search_term_string"}}],"inLanguage":"es"},{"@type":"Organization","@id":"https:\/\/koningdrone.be\/#organization","name":"Kingdrone.es","url":"https:\/\/koningdrone.be\/","logo":{"@type":"ImageObject","inLanguage":"es","@id":"https:\/\/koningdrone.be\/#\/schema\/logo\/image\/","url":"https:\/\/koningdrone.be\/wp-content\/uploads\/sites\/13\/2025\/04\/koningdrone-copyright-logo.svg","contentUrl":"https:\/\/koningdrone.be\/wp-content\/uploads\/sites\/13\/2025\/04\/koningdrone-copyright-logo.svg","width":227,"height":38,"caption":"Koningdrone.be"},"image":{"@id":"https:\/\/koningdrone.be\/#\/schema\/logo\/image\/"}}]}},"df_price":79,"df_sale_price":"","df_regular_price":79,"df_image_link":"https:\/\/koningdrone.be\/wp-content\/uploads\/sites\/13\/2025\/04\/e9b98676af51fca2cbd807ab9576b9a7@large-300x200.jpg","_links":{"self":[{"href":"https:\/\/koningdrone.be\/es\/wp-json\/wp\/v2\/product\/6701","targetHints":{"allow":["GET"]}}],"collection":[{"href":"https:\/\/koningdrone.be\/es\/wp-json\/wp\/v2\/product"}],"about":[{"href":"https:\/\/koningdrone.be\/es\/wp-json\/wp\/v2\/types\/product"}],"wp:featuredmedia":[{"embeddable":true,"href":"https:\/\/koningdrone.be\/es\/wp-json\/wp\/v2\/media\/6698"}],"wp:attachment":[{"href":"https:\/\/koningdrone.be\/es\/wp-json\/wp\/v2\/media?parent=6701"}],"wp:term":[{"taxonomy":"product_brand","embeddable":true,"href":"https:\/\/koningdrone.be\/es\/wp-json\/wp\/v2\/product_brand?post=6701"},{"taxonomy":"product_cat","embeddable":true,"href":"https:\/\/koningdrone.be\/es\/wp-json\/wp\/v2\/product_cat?post=6701"},{"taxonomy":"product_tag","embeddable":true,"href":"https:\/\/koningdrone.be\/es\/wp-json\/wp\/v2\/product_tag?post=6701"}],"curies":[{"name":"wp","href":"https:\/\/api.w.org\/{rel}","templated":true}]}}