{"id":6697,"date":"2021-04-16T09:14:32","date_gmt":"2021-04-16T07:14:32","guid":{"rendered":"https:\/\/koningdrone.nl\/kon\/product\/flir-vue-tz20-60hz\/"},"modified":"2026-04-29T08:20:43","modified_gmt":"2026-04-29T06:20:43","slug":"flir-vue-tz20-60hz","status":"publish","type":"product","link":"https:\/\/koningdrone.be\/es\/producto\/flir-vue-tz20-60hz\/","title":{"rendered":"FLIR Vue TZ20"},"content":{"rendered":"<h1>FLIR VUE TZ20 60Hz<\/h1>\n<p>Dise\u00f1ada para mejorar el \u00e9xito de la misi\u00f3n, la carga \u00fatil plug-and-play dual-Boson\u00ae FLIR Vue\u00ae TZ20 est\u00e1 totalmente integrada con los fuselajes DJI V2 Matrice serie 200 y 300. Este sistema ofrece un amplio campo de visi\u00f3n de 95 grados para un m\u00e1ximo conocimiento del entorno y un estrecho campo de visi\u00f3n de 18 grados para colocar m\u00e1s p\u00edxeles en el objetivo si es necesario. Con capacidades de zoom 20x, el dron FLIR Vue TZ20 permite a los pilotos de los sectores de seguridad p\u00fablica e inspecci\u00f3n industrial ganar flexibilidad de campo de visi\u00f3n para mejorar el detalle y el aumento de la imagen para evaluar situaciones y tomar decisiones cruciales.<\/p>\n<p><strong>ZOOM T\u00c9RMICO 20X PARA FACILITAR EL CONOCIMIENTO DE LA SITUACI\u00d3N<\/strong><br \/>Dispone de un amplio campo de visi\u00f3n para cubrir grandes \u00e1reas en un solo vuelo o acotar un objetivo con un zoom de 2x a 20x para mejorar el detalle de la imagen<\/p>\n<p><strong>C\u00c1MARAS DUALES FLIR BOSON DE ALTA RESOLUCI\u00d3N<\/strong><br \/>C\u00e1maras t\u00e9rmicas duales Boson de 640 \u00d7 512 calibradas de f\u00e1brica y equipadas con transmisi\u00f3n de v\u00eddeo por infrarrojos ampliable a 30 Hz<\/p>\n<p><strong>Plug and Play\u00a0<\/strong><br \/>El modelo Plug and Play se conecta r\u00e1pidamente al card\u00e1n Skyport V2.0 y es compatible con los fuselajes DJI V2 serie M200 y M300<\/p>\n<p><strong>ELECTRICIDAD Y MEC\u00c1NICA<\/strong><br \/>Interfaz mec\u00e1nica Skyport 2.0<\/p>\n<p><strong>MEDIO AMBIENTE Y HOMOLOGACIONES<\/strong><br \/>Almacenamiento 2 tarjetas micro SD.<br \/>Temperatura de funcionamiento y almacenamiento -20 a 45\u00b0C (-4 a 113\u00b0F).<br \/>Rendimiento EMI probado -20 a 60\u00b0C (-4 a 140\u00b0F).<br \/>Estanqueidad ambiental IP44.<\/p>\n<p><strong>IMAGEN Y \u00d3PTICA<\/strong><br \/>Formato de matriz 2 Boson 640 \u00d7 512.<br \/>Streaming de v\u00eddeo 640 \u00d7 512 a 30 Hz.<br \/>C\u00e1mara IR \u00f3ptica Gran \u00e1ngulo de visi\u00f3n: 95\u00b0 HFOV, 4,9 mm EFL.<br \/>Campo de visi\u00f3n estrecho: 18\u00b0 HFOV, 24 mm EFL.<\/p>\n<p><strong>DATOS DEL CONTADOR<\/strong><br \/>Captura de im\u00e1genes fijas: TIFF.<br \/>V\u00eddeo: MPEG (igual que el streaming).<br \/>TIFF multip\u00e1gina: FOV ancho y estrecho.<\/p>\n<p><strong>POTENCIA<\/strong><br \/>Interfaz el\u00e9ctrica Skyport 2.0, 13,6 V \/ 4 A<\/p>\n<p> - Peso 640 gramos<br \/> - Zoom \u00f3ptico 5x (WFOV \/ NFOV), digital 4x<br \/> - Zoom efectivo: 1x (95\u00b0), 2x, 5x, 10x, 20x (4,5\u00b0)<br \/> - Control en tierra de la aplicaci\u00f3n DJI Pilot<br \/> - Capacidad Casco DJI V2 Matrice serie 200 y Matrice 300<\/p>","protected":false},"excerpt":{"rendered":"<ul>\n<li>Dimensiones de la carga \u00fatil: 75 \u00d7 70 \u00d7 55 mm<\/li>\n<li>Con suspensi\u00f3n card\u00e1nica: 128 \u00d7 154 \u00d7 141 mm<\/li>\n<li>Paso de p\u00edxel 12 \u00b5m LWIR<\/li>\n<li>Sensibilidad t\u00e9rmica 85 mK @ F \/ 1.0<\/li>\n<\/ul>","protected":false},"featured_media":6695,"template":"","meta":{"_acf_changed":false},"product_brand":[],"product_cat":[298,126,97,316],"product_tag":[],"class_list":{"0":"post-6697","1":"product","2":"type-product","3":"status-publish","4":"has-post-thumbnail","6":"product_cat-alle-industriele-camera","7":"product_cat-alle-payloads","8":"product_cat-alle-producten","9":"product_cat-dji-zenmuse","10":"product_shipping_class-outofstock","11":"pa_brand-flir","12":"pa_productfamily-warmtebeeldcamera","13":"pa_producttype-warmtebeeldcamera","14":"pa_series-tz20","16":"first","17":"outofstock","18":"taxable","19":"shipping-taxable","20":"product-type-simple"},"acf":[],"yoast_head":"<!-- This site is optimized with the Yoast SEO Premium plugin v27.2 (Yoast SEO v27.2) - https:\/\/yoast.com\/product\/yoast-seo-premium-wordpress\/ -->\n<title>FLIR Vue TZ20 - koningdrone.be<\/title>\n<meta name=\"robots\" content=\"index, follow, max-snippet:-1, max-image-preview:large, max-video-preview:-1\" \/>\n<link rel=\"canonical\" href=\"https:\/\/koningdrone.be\/es\/producto\/flir-vue-tz20-60hz\/\" \/>\n<meta property=\"og:locale\" content=\"es_ES\" \/>\n<meta property=\"og:type\" content=\"article\" \/>\n<meta property=\"og:title\" content=\"FLIR Vue TZ20\" \/>\n<meta property=\"og:description\" content=\"Afmetingen laadvermogen: 75 \u00d7 70 \u00d7 55 mmMet cardanische ophanging: 128 \u00d7 154 \u00d7 141 mmPixel Pitch 12 \u00b5m LWIRThermische gevoeligheid 85 mK @ F \/ 1.0\" \/>\n<meta property=\"og:url\" content=\"https:\/\/koningdrone.be\/es\/producto\/flir-vue-tz20-60hz\/\" \/>\n<meta property=\"og:site_name\" content=\"koningdrone.be\" \/>\n<meta property=\"article:modified_time\" content=\"2026-04-29T06:20:43+00:00\" \/>\n<meta property=\"og:image\" content=\"https:\/\/koningdrone.be\/wp-content\/uploads\/sites\/13\/2025\/04\/4251088413954-1.jpg\" \/>\n\t<meta property=\"og:image:width\" content=\"500\" \/>\n\t<meta property=\"og:image:height\" content=\"500\" \/>\n\t<meta property=\"og:image:type\" content=\"image\/jpeg\" \/>\n<meta name=\"twitter:card\" content=\"summary_large_image\" \/>\n<meta name=\"twitter:label1\" content=\"Tiempo de lectura\" \/>\n\t<meta name=\"twitter:data1\" content=\"1 minuto\" \/>\n<script type=\"application\/ld+json\" class=\"yoast-schema-graph\">{\"@context\":\"https:\/\/schema.org\",\"@graph\":[{\"@type\":\"WebPage\",\"@id\":\"https:\/\/koningdrone.be\/product\/flir-vue-tz20-60hz\/\",\"url\":\"https:\/\/koningdrone.be\/product\/flir-vue-tz20-60hz\/\",\"name\":\"FLIR Vue TZ20 - koningdrone.be\",\"isPartOf\":{\"@id\":\"https:\/\/koningdrone.be\/#website\"},\"primaryImageOfPage\":{\"@id\":\"https:\/\/koningdrone.be\/product\/flir-vue-tz20-60hz\/#primaryimage\"},\"image\":{\"@id\":\"https:\/\/koningdrone.be\/product\/flir-vue-tz20-60hz\/#primaryimage\"},\"thumbnailUrl\":\"https:\/\/koningdrone.be\/wp-content\/uploads\/sites\/13\/2025\/04\/4251088413954-1.jpg\",\"datePublished\":\"2021-04-16T07:14:32+00:00\",\"dateModified\":\"2026-04-29T06:20:43+00:00\",\"breadcrumb\":{\"@id\":\"https:\/\/koningdrone.be\/product\/flir-vue-tz20-60hz\/#breadcrumb\"},\"inLanguage\":\"es\",\"potentialAction\":[{\"@type\":\"ReadAction\",\"target\":[\"https:\/\/koningdrone.be\/product\/flir-vue-tz20-60hz\/\"]}]},{\"@type\":\"ImageObject\",\"inLanguage\":\"es\",\"@id\":\"https:\/\/koningdrone.be\/product\/flir-vue-tz20-60hz\/#primaryimage\",\"url\":\"https:\/\/koningdrone.be\/wp-content\/uploads\/sites\/13\/2025\/04\/4251088413954-1.jpg\",\"contentUrl\":\"https:\/\/koningdrone.be\/wp-content\/uploads\/sites\/13\/2025\/04\/4251088413954-1.jpg\",\"width\":500,\"height\":500},{\"@type\":\"BreadcrumbList\",\"@id\":\"https:\/\/koningdrone.be\/product\/flir-vue-tz20-60hz\/#breadcrumb\",\"itemListElement\":[{\"@type\":\"ListItem\",\"position\":1,\"name\":\"Home\",\"item\":\"https:\/\/koningdrone.be\/\"},{\"@type\":\"ListItem\",\"position\":2,\"name\":\"AVSS Parachute Recovery System for DJI Matrice 300\/350\",\"item\":\"https:\/\/koningdrone.be\/product\/avss-parachute-recovery-system-for-dji-matrice-300-350\/\"},{\"@type\":\"ListItem\",\"position\":3,\"name\":\"Alle industriele camera\",\"item\":\"https:\/\/koningdrone.be\/categorie\/alle-industriele-camera\/\"},{\"@type\":\"ListItem\",\"position\":4,\"name\":\"FLIR Vue TZ20\"}]},{\"@type\":\"WebSite\",\"@id\":\"https:\/\/koningdrone.be\/#website\",\"url\":\"https:\/\/koningdrone.be\/\",\"name\":\"Koningdrone.be - Uw online specialist in drones, gimbals, camera's en power stations.\",\"description\":\"De webshop in drones en gimbals\",\"publisher\":{\"@id\":\"https:\/\/koningdrone.be\/#organization\"},\"potentialAction\":[{\"@type\":\"SearchAction\",\"target\":{\"@type\":\"EntryPoint\",\"urlTemplate\":\"https:\/\/koningdrone.be\/?s={search_term_string}\"},\"query-input\":{\"@type\":\"PropertyValueSpecification\",\"valueRequired\":true,\"valueName\":\"search_term_string\"}}],\"inLanguage\":\"es\"},{\"@type\":\"Organization\",\"@id\":\"https:\/\/koningdrone.be\/#organization\",\"name\":\"Koningdrone.be\",\"url\":\"https:\/\/koningdrone.be\/\",\"logo\":{\"@type\":\"ImageObject\",\"inLanguage\":\"es\",\"@id\":\"https:\/\/koningdrone.be\/#\/schema\/logo\/image\/\",\"url\":\"https:\/\/koningdrone.be\/wp-content\/uploads\/sites\/13\/2025\/04\/koningdrone-copyright-logo.svg\",\"contentUrl\":\"https:\/\/koningdrone.be\/wp-content\/uploads\/sites\/13\/2025\/04\/koningdrone-copyright-logo.svg\",\"width\":227,\"height\":38,\"caption\":\"Koningdrone.be\"},\"image\":{\"@id\":\"https:\/\/koningdrone.be\/#\/schema\/logo\/image\/\"}}]}<\/script>\n<!-- \/ Yoast SEO Premium plugin. -->","yoast_head_json":{"title":"FLIR Vue TZ20 - koningdrone.be","robots":{"index":"index","follow":"follow","max-snippet":"max-snippet:-1","max-image-preview":"max-image-preview:large","max-video-preview":"max-video-preview:-1"},"canonical":"https:\/\/koningdrone.be\/es\/producto\/flir-vue-tz20-60hz\/","og_locale":"es_ES","og_type":"article","og_title":"FLIR Vue TZ20","og_description":"Afmetingen laadvermogen: 75 \u00d7 70 \u00d7 55 mmMet cardanische ophanging: 128 \u00d7 154 \u00d7 141 mmPixel Pitch 12 \u00b5m LWIRThermische gevoeligheid 85 mK @ F \/ 1.0","og_url":"https:\/\/koningdrone.be\/es\/producto\/flir-vue-tz20-60hz\/","og_site_name":"koningdrone.be","article_modified_time":"2026-04-29T06:20:43+00:00","og_image":[{"width":500,"height":500,"url":"https:\/\/koningdrone.be\/wp-content\/uploads\/sites\/13\/2025\/04\/4251088413954-1.jpg","type":"image\/jpeg"}],"twitter_card":"summary_large_image","twitter_misc":{"Tiempo de lectura":"1 minuto"},"schema":{"@context":"https:\/\/schema.org","@graph":[{"@type":"WebPage","@id":"https:\/\/koningdrone.be\/product\/flir-vue-tz20-60hz\/","url":"https:\/\/koningdrone.be\/product\/flir-vue-tz20-60hz\/","name":"FLIR Vue TZ20 - koningdrone.be","isPartOf":{"@id":"https:\/\/koningdrone.be\/#website"},"primaryImageOfPage":{"@id":"https:\/\/koningdrone.be\/product\/flir-vue-tz20-60hz\/#primaryimage"},"image":{"@id":"https:\/\/koningdrone.be\/product\/flir-vue-tz20-60hz\/#primaryimage"},"thumbnailUrl":"https:\/\/koningdrone.be\/wp-content\/uploads\/sites\/13\/2025\/04\/4251088413954-1.jpg","datePublished":"2021-04-16T07:14:32+00:00","dateModified":"2026-04-29T06:20:43+00:00","breadcrumb":{"@id":"https:\/\/koningdrone.be\/product\/flir-vue-tz20-60hz\/#breadcrumb"},"inLanguage":"es","potentialAction":[{"@type":"ReadAction","target":["https:\/\/koningdrone.be\/product\/flir-vue-tz20-60hz\/"]}]},{"@type":"ImageObject","inLanguage":"es","@id":"https:\/\/koningdrone.be\/product\/flir-vue-tz20-60hz\/#primaryimage","url":"https:\/\/koningdrone.be\/wp-content\/uploads\/sites\/13\/2025\/04\/4251088413954-1.jpg","contentUrl":"https:\/\/koningdrone.be\/wp-content\/uploads\/sites\/13\/2025\/04\/4251088413954-1.jpg","width":500,"height":500},{"@type":"BreadcrumbList","@id":"https:\/\/koningdrone.be\/product\/flir-vue-tz20-60hz\/#breadcrumb","itemListElement":[{"@type":"ListItem","position":1,"name":"Home","item":"https:\/\/koningdrone.be\/"},{"@type":"ListItem","position":2,"name":"AVSS Parachute Recovery System for DJI Matrice 300\/350","item":"https:\/\/koningdrone.be\/product\/avss-parachute-recovery-system-for-dji-matrice-300-350\/"},{"@type":"ListItem","position":3,"name":"Alle industriele camera","item":"https:\/\/koningdrone.be\/categorie\/alle-industriele-camera\/"},{"@type":"ListItem","position":4,"name":"FLIR Vue TZ20"}]},{"@type":"WebSite","@id":"https:\/\/koningdrone.be\/#website","url":"https:\/\/koningdrone.be\/","name":"Koningdrone.be - Su especialista en l\u00ednea en drones, cardanes, c\u00e1maras y centrales el\u00e9ctricas.","description":"La tienda virtual de drones y cardanes","publisher":{"@id":"https:\/\/koningdrone.be\/#organization"},"potentialAction":[{"@type":"SearchAction","target":{"@type":"EntryPoint","urlTemplate":"https:\/\/koningdrone.be\/?s={search_term_string}"},"query-input":{"@type":"PropertyValueSpecification","valueRequired":true,"valueName":"search_term_string"}}],"inLanguage":"es"},{"@type":"Organization","@id":"https:\/\/koningdrone.be\/#organization","name":"Kingdrone.es","url":"https:\/\/koningdrone.be\/","logo":{"@type":"ImageObject","inLanguage":"es","@id":"https:\/\/koningdrone.be\/#\/schema\/logo\/image\/","url":"https:\/\/koningdrone.be\/wp-content\/uploads\/sites\/13\/2025\/04\/koningdrone-copyright-logo.svg","contentUrl":"https:\/\/koningdrone.be\/wp-content\/uploads\/sites\/13\/2025\/04\/koningdrone-copyright-logo.svg","width":227,"height":38,"caption":"Koningdrone.be"},"image":{"@id":"https:\/\/koningdrone.be\/#\/schema\/logo\/image\/"}}]}},"df_price":"","df_sale_price":"","df_regular_price":"","df_image_link":"https:\/\/koningdrone.be\/wp-content\/uploads\/sites\/13\/2025\/04\/4251088413954-1-300x300.jpg","_links":{"self":[{"href":"https:\/\/koningdrone.be\/es\/wp-json\/wp\/v2\/product\/6697","targetHints":{"allow":["GET"]}}],"collection":[{"href":"https:\/\/koningdrone.be\/es\/wp-json\/wp\/v2\/product"}],"about":[{"href":"https:\/\/koningdrone.be\/es\/wp-json\/wp\/v2\/types\/product"}],"wp:featuredmedia":[{"embeddable":true,"href":"https:\/\/koningdrone.be\/es\/wp-json\/wp\/v2\/media\/6695"}],"wp:attachment":[{"href":"https:\/\/koningdrone.be\/es\/wp-json\/wp\/v2\/media?parent=6697"}],"wp:term":[{"taxonomy":"product_brand","embeddable":true,"href":"https:\/\/koningdrone.be\/es\/wp-json\/wp\/v2\/product_brand?post=6697"},{"taxonomy":"product_cat","embeddable":true,"href":"https:\/\/koningdrone.be\/es\/wp-json\/wp\/v2\/product_cat?post=6697"},{"taxonomy":"product_tag","embeddable":true,"href":"https:\/\/koningdrone.be\/es\/wp-json\/wp\/v2\/product_tag?post=6697"}],"curies":[{"name":"wp","href":"https:\/\/api.w.org\/{rel}","templated":true}]}}