{"id":6685,"date":"2021-04-16T09:14:32","date_gmt":"2021-04-16T07:14:32","guid":{"rendered":"https:\/\/koningdrone.nl\/kon\/product\/livox-mid-70-lidar\/"},"modified":"2026-04-29T08:20:25","modified_gmt":"2026-04-29T06:20:25","slug":"livox-mid-70-lidar","status":"publish","type":"product","link":"https:\/\/koningdrone.be\/es\/producto\/livox-mid-70-lidar\/","title":{"rendered":"LiDAR LIVOX Mid-70"},"content":{"rendered":"<h1>LiDAR LIVOX Mid-70<\/h1>\n<p>El Mid-70 es otro componente de nuestra cartera que mejora el atractivo global de Livox para el mercado mediante aplicaciones a medida como la conducci\u00f3n aut\u00f3noma a baja velocidad y la rob\u00f3tica m\u00f3vil. Al ampliar significativamente el \u00e1ngulo de visi\u00f3n vertical, reducir las zonas ciegas y aumentar la precisi\u00f3n de corto alcance, el Mid-70 proporciona una calidad de datos extremadamente completa para nubes de puntos que garantizan una autonom\u00eda m\u00e1s segura.<\/p>\n<p><strong>Mayor \u00e1ngulo de visi\u00f3n, menor zona ciega<\/strong><br \/>El campo de visi\u00f3n circular de Mid-70 alcanza los 70,4\u00b0 tanto en horizontal como en vertical, y el campo de visi\u00f3n m\u00ednimo se ha reducido a s\u00f3lo 5 cm. El mayor \u00e1ngulo de visi\u00f3n y la menor zona ciega permiten al sistema explorar mejor el entorno y reconocer y evitar eficazmente los objetos peque\u00f1os. Con estos avances en el aumento del \u00e1ngulo de visi\u00f3n y la reducci\u00f3n de la zona ciega, los sistemas de conducci\u00f3n aut\u00f3noma pueden utilizarse ahora con seguridad en numerosas aplicaciones y en una amplia variedad de lugares, como aeropuertos, centros comerciales, hospitales y otros entornos concurridos y complejos.<\/p>\n<p><strong>Rentabilidad<\/strong><br \/>En comparaci\u00f3n con el mercado actual, que utiliza principalmente emisores l\u00e1ser caros o esc\u00e1neres MEMS inmaduros, el Mid-70 emplea componentes semiconductores de bajo coste y alto rendimiento para la generaci\u00f3n y detecci\u00f3n de luz. Todo el sistema \u00f3ptico, incluidas las unidades de escaneado, utiliza componentes \u00f3pticos probados y f\u00e1cilmente disponibles, como los utilizados en la industria de lentes \u00f3pticas.<\/p>","protected":false},"excerpt":{"rendered":"<ul>\n<li>Campo de visi\u00f3n vertical de 70,4<\/li>\n<li>\u00c1rea de detecci\u00f3n m\u00ednima de 5 cm<\/li>\n<li>Precisi\u00f3n de alcance de 2 cm<\/li>\n<li>Precisi\u00f3n angular &lt;0,1<\/li>\n<\/ul>","protected":false},"featured_media":6682,"template":"","meta":{"_acf_changed":false},"product_brand":[],"product_cat":[187,97,751],"product_tag":[],"class_list":{"0":"post-6685","1":"product","2":"type-product","3":"status-publish","4":"has-post-thumbnail","6":"product_cat-alle-lidar","7":"product_cat-alle-producten","8":"product_cat-livox","9":"product_shipping_class-outofstock","10":"pa_brand-livox","11":"pa_productfamily-lidar-sensor","12":"pa_producttype-lidar-sensor","13":"pa_series-livox","15":"first","16":"outofstock","17":"taxable","18":"shipping-taxable","19":"product-type-simple"},"acf":[],"yoast_head":"<!-- This site is optimized with the Yoast SEO Premium plugin v27.2 (Yoast SEO v27.2) - https:\/\/yoast.com\/product\/yoast-seo-premium-wordpress\/ -->\n<title>LIVOX Mid-70 LiDAR - koningdrone.be<\/title>\n<meta name=\"robots\" content=\"index, follow, max-snippet:-1, max-image-preview:large, max-video-preview:-1\" \/>\n<link rel=\"canonical\" href=\"https:\/\/koningdrone.be\/es\/producto\/livox-mid-70-lidar\/\" \/>\n<meta property=\"og:locale\" content=\"es_ES\" \/>\n<meta property=\"og:type\" content=\"article\" \/>\n<meta property=\"og:title\" content=\"LIVOX Mid-70 LiDAR\" \/>\n<meta property=\"og:description\" content=\"70,4 \u00b0 verticaal gezichtsveld  Minimaal detectiegebied van 5 cm  2 cm bereik precisie  &lt;0,1 \u00b0 hoeknauwkeurigheid\" \/>\n<meta property=\"og:url\" content=\"https:\/\/koningdrone.be\/es\/producto\/livox-mid-70-lidar\/\" \/>\n<meta property=\"og:site_name\" content=\"koningdrone.be\" \/>\n<meta property=\"article:modified_time\" content=\"2026-04-29T06:20:25+00:00\" \/>\n<meta property=\"og:image\" content=\"https:\/\/koningdrone.be\/wp-content\/uploads\/sites\/13\/2025\/04\/6958265189791-1.jpg\" \/>\n\t<meta property=\"og:image:width\" content=\"1280\" \/>\n\t<meta property=\"og:image:height\" content=\"800\" \/>\n\t<meta property=\"og:image:type\" content=\"image\/jpeg\" \/>\n<meta name=\"twitter:card\" content=\"summary_large_image\" \/>\n<meta name=\"twitter:label1\" content=\"Tiempo de lectura\" \/>\n\t<meta name=\"twitter:data1\" content=\"1 minuto\" \/>\n<script type=\"application\/ld+json\" class=\"yoast-schema-graph\">{\"@context\":\"https:\/\/schema.org\",\"@graph\":[{\"@type\":\"WebPage\",\"@id\":\"https:\/\/koningdrone.be\/product\/livox-mid-70-lidar\/\",\"url\":\"https:\/\/koningdrone.be\/product\/livox-mid-70-lidar\/\",\"name\":\"LIVOX Mid-70 LiDAR - koningdrone.be\",\"isPartOf\":{\"@id\":\"https:\/\/koningdrone.be\/#website\"},\"primaryImageOfPage\":{\"@id\":\"https:\/\/koningdrone.be\/product\/livox-mid-70-lidar\/#primaryimage\"},\"image\":{\"@id\":\"https:\/\/koningdrone.be\/product\/livox-mid-70-lidar\/#primaryimage\"},\"thumbnailUrl\":\"https:\/\/koningdrone.be\/wp-content\/uploads\/sites\/13\/2025\/04\/6958265189791-1.jpg\",\"datePublished\":\"2021-04-16T07:14:32+00:00\",\"dateModified\":\"2026-04-29T06:20:25+00:00\",\"breadcrumb\":{\"@id\":\"https:\/\/koningdrone.be\/product\/livox-mid-70-lidar\/#breadcrumb\"},\"inLanguage\":\"es\",\"potentialAction\":[{\"@type\":\"ReadAction\",\"target\":[\"https:\/\/koningdrone.be\/product\/livox-mid-70-lidar\/\"]}]},{\"@type\":\"ImageObject\",\"inLanguage\":\"es\",\"@id\":\"https:\/\/koningdrone.be\/product\/livox-mid-70-lidar\/#primaryimage\",\"url\":\"https:\/\/koningdrone.be\/wp-content\/uploads\/sites\/13\/2025\/04\/6958265189791-1.jpg\",\"contentUrl\":\"https:\/\/koningdrone.be\/wp-content\/uploads\/sites\/13\/2025\/04\/6958265189791-1.jpg\",\"width\":1280,\"height\":800},{\"@type\":\"BreadcrumbList\",\"@id\":\"https:\/\/koningdrone.be\/product\/livox-mid-70-lidar\/#breadcrumb\",\"itemListElement\":[{\"@type\":\"ListItem\",\"position\":1,\"name\":\"Home\",\"item\":\"https:\/\/koningdrone.be\/\"},{\"@type\":\"ListItem\",\"position\":2,\"name\":\"AVSS Parachute Recovery System for DJI Matrice 300\/350\",\"item\":\"https:\/\/koningdrone.be\/product\/avss-parachute-recovery-system-for-dji-matrice-300-350\/\"},{\"@type\":\"ListItem\",\"position\":3,\"name\":\"Alle LiDaR\",\"item\":\"https:\/\/koningdrone.be\/categorie\/alle-lidar\/\"},{\"@type\":\"ListItem\",\"position\":4,\"name\":\"LIVOX Mid-70 LiDAR\"}]},{\"@type\":\"WebSite\",\"@id\":\"https:\/\/koningdrone.be\/#website\",\"url\":\"https:\/\/koningdrone.be\/\",\"name\":\"Koningdrone.be - Uw online specialist in drones, gimbals, camera's en power stations.\",\"description\":\"De webshop in drones en gimbals\",\"publisher\":{\"@id\":\"https:\/\/koningdrone.be\/#organization\"},\"potentialAction\":[{\"@type\":\"SearchAction\",\"target\":{\"@type\":\"EntryPoint\",\"urlTemplate\":\"https:\/\/koningdrone.be\/?s={search_term_string}\"},\"query-input\":{\"@type\":\"PropertyValueSpecification\",\"valueRequired\":true,\"valueName\":\"search_term_string\"}}],\"inLanguage\":\"es\"},{\"@type\":\"Organization\",\"@id\":\"https:\/\/koningdrone.be\/#organization\",\"name\":\"Koningdrone.be\",\"url\":\"https:\/\/koningdrone.be\/\",\"logo\":{\"@type\":\"ImageObject\",\"inLanguage\":\"es\",\"@id\":\"https:\/\/koningdrone.be\/#\/schema\/logo\/image\/\",\"url\":\"https:\/\/koningdrone.be\/wp-content\/uploads\/sites\/13\/2025\/04\/koningdrone-copyright-logo.svg\",\"contentUrl\":\"https:\/\/koningdrone.be\/wp-content\/uploads\/sites\/13\/2025\/04\/koningdrone-copyright-logo.svg\",\"width\":227,\"height\":38,\"caption\":\"Koningdrone.be\"},\"image\":{\"@id\":\"https:\/\/koningdrone.be\/#\/schema\/logo\/image\/\"}}]}<\/script>\n<!-- \/ Yoast SEO Premium plugin. -->","yoast_head_json":{"title":"LIVOX Mid-70 LiDAR - koningdrone.be","robots":{"index":"index","follow":"follow","max-snippet":"max-snippet:-1","max-image-preview":"max-image-preview:large","max-video-preview":"max-video-preview:-1"},"canonical":"https:\/\/koningdrone.be\/es\/producto\/livox-mid-70-lidar\/","og_locale":"es_ES","og_type":"article","og_title":"LIVOX Mid-70 LiDAR","og_description":"70,4 \u00b0 verticaal gezichtsveld  Minimaal detectiegebied van 5 cm  2 cm bereik precisie  &lt;0,1 \u00b0 hoeknauwkeurigheid","og_url":"https:\/\/koningdrone.be\/es\/producto\/livox-mid-70-lidar\/","og_site_name":"koningdrone.be","article_modified_time":"2026-04-29T06:20:25+00:00","og_image":[{"width":1280,"height":800,"url":"https:\/\/koningdrone.be\/wp-content\/uploads\/sites\/13\/2025\/04\/6958265189791-1.jpg","type":"image\/jpeg"}],"twitter_card":"summary_large_image","twitter_misc":{"Tiempo de lectura":"1 minuto"},"schema":{"@context":"https:\/\/schema.org","@graph":[{"@type":"WebPage","@id":"https:\/\/koningdrone.be\/product\/livox-mid-70-lidar\/","url":"https:\/\/koningdrone.be\/product\/livox-mid-70-lidar\/","name":"LIVOX Mid-70 LiDAR - koningdrone.be","isPartOf":{"@id":"https:\/\/koningdrone.be\/#website"},"primaryImageOfPage":{"@id":"https:\/\/koningdrone.be\/product\/livox-mid-70-lidar\/#primaryimage"},"image":{"@id":"https:\/\/koningdrone.be\/product\/livox-mid-70-lidar\/#primaryimage"},"thumbnailUrl":"https:\/\/koningdrone.be\/wp-content\/uploads\/sites\/13\/2025\/04\/6958265189791-1.jpg","datePublished":"2021-04-16T07:14:32+00:00","dateModified":"2026-04-29T06:20:25+00:00","breadcrumb":{"@id":"https:\/\/koningdrone.be\/product\/livox-mid-70-lidar\/#breadcrumb"},"inLanguage":"es","potentialAction":[{"@type":"ReadAction","target":["https:\/\/koningdrone.be\/product\/livox-mid-70-lidar\/"]}]},{"@type":"ImageObject","inLanguage":"es","@id":"https:\/\/koningdrone.be\/product\/livox-mid-70-lidar\/#primaryimage","url":"https:\/\/koningdrone.be\/wp-content\/uploads\/sites\/13\/2025\/04\/6958265189791-1.jpg","contentUrl":"https:\/\/koningdrone.be\/wp-content\/uploads\/sites\/13\/2025\/04\/6958265189791-1.jpg","width":1280,"height":800},{"@type":"BreadcrumbList","@id":"https:\/\/koningdrone.be\/product\/livox-mid-70-lidar\/#breadcrumb","itemListElement":[{"@type":"ListItem","position":1,"name":"Home","item":"https:\/\/koningdrone.be\/"},{"@type":"ListItem","position":2,"name":"AVSS Parachute Recovery System for DJI Matrice 300\/350","item":"https:\/\/koningdrone.be\/product\/avss-parachute-recovery-system-for-dji-matrice-300-350\/"},{"@type":"ListItem","position":3,"name":"Alle LiDaR","item":"https:\/\/koningdrone.be\/categorie\/alle-lidar\/"},{"@type":"ListItem","position":4,"name":"LIVOX Mid-70 LiDAR"}]},{"@type":"WebSite","@id":"https:\/\/koningdrone.be\/#website","url":"https:\/\/koningdrone.be\/","name":"Koningdrone.be - Su especialista en l\u00ednea en drones, cardanes, c\u00e1maras y centrales el\u00e9ctricas.","description":"La tienda virtual de drones y cardanes","publisher":{"@id":"https:\/\/koningdrone.be\/#organization"},"potentialAction":[{"@type":"SearchAction","target":{"@type":"EntryPoint","urlTemplate":"https:\/\/koningdrone.be\/?s={search_term_string}"},"query-input":{"@type":"PropertyValueSpecification","valueRequired":true,"valueName":"search_term_string"}}],"inLanguage":"es"},{"@type":"Organization","@id":"https:\/\/koningdrone.be\/#organization","name":"Kingdrone.es","url":"https:\/\/koningdrone.be\/","logo":{"@type":"ImageObject","inLanguage":"es","@id":"https:\/\/koningdrone.be\/#\/schema\/logo\/image\/","url":"https:\/\/koningdrone.be\/wp-content\/uploads\/sites\/13\/2025\/04\/koningdrone-copyright-logo.svg","contentUrl":"https:\/\/koningdrone.be\/wp-content\/uploads\/sites\/13\/2025\/04\/koningdrone-copyright-logo.svg","width":227,"height":38,"caption":"Koningdrone.be"},"image":{"@id":"https:\/\/koningdrone.be\/#\/schema\/logo\/image\/"}}]}},"df_price":"","df_sale_price":"","df_regular_price":"","df_image_link":"https:\/\/koningdrone.be\/wp-content\/uploads\/sites\/13\/2025\/04\/6958265189791-1-300x188.jpg","_links":{"self":[{"href":"https:\/\/koningdrone.be\/es\/wp-json\/wp\/v2\/product\/6685","targetHints":{"allow":["GET"]}}],"collection":[{"href":"https:\/\/koningdrone.be\/es\/wp-json\/wp\/v2\/product"}],"about":[{"href":"https:\/\/koningdrone.be\/es\/wp-json\/wp\/v2\/types\/product"}],"wp:featuredmedia":[{"embeddable":true,"href":"https:\/\/koningdrone.be\/es\/wp-json\/wp\/v2\/media\/6682"}],"wp:attachment":[{"href":"https:\/\/koningdrone.be\/es\/wp-json\/wp\/v2\/media?parent=6685"}],"wp:term":[{"taxonomy":"product_brand","embeddable":true,"href":"https:\/\/koningdrone.be\/es\/wp-json\/wp\/v2\/product_brand?post=6685"},{"taxonomy":"product_cat","embeddable":true,"href":"https:\/\/koningdrone.be\/es\/wp-json\/wp\/v2\/product_cat?post=6685"},{"taxonomy":"product_tag","embeddable":true,"href":"https:\/\/koningdrone.be\/es\/wp-json\/wp\/v2\/product_tag?post=6685"}],"curies":[{"name":"wp","href":"https:\/\/api.w.org\/{rel}","templated":true}]}}