{"id":6669,"date":"2021-04-16T09:15:06","date_gmt":"2021-04-16T07:15:06","guid":{"rendered":"https:\/\/koningdrone.nl\/kon\/product\/livox-tele-15-lidar\/"},"modified":"2026-04-29T08:20:41","modified_gmt":"2026-04-29T06:20:41","slug":"livox-tele-15-lidar","status":"publish","type":"product","link":"https:\/\/koningdrone.be\/es\/producto\/livox-tele-15-lidar\/","title":{"rendered":"LIVOX Tele-15 LiDAR"},"content":{"rendered":"<h1>LIVOX Tele-15 LiDAR<\/h1>\n<p>Especialmente dise\u00f1ado para medir distancias m\u00e1s largas, el Livox Tele-15 ofrece robustez, precisi\u00f3n y tama\u00f1o compacto. El sensor detecta objetos a grandes distancias y, por tanto, puede proporcionar datos en una fase temprana, incluso a altas velocidades, para activar las respuestas adecuadas.<\/p>\n<p><strong>Larga distancia<\/strong><br \/>El Tele-15 utiliza una lente asf\u00e9rica doble de gran di\u00e1metro y proporciona un alcance de detecci\u00f3n de hasta 500 m para evitar los problemas habituales de desenfoque a distancias de enfoque largas. Puede alcanzar un alcance de detecci\u00f3n de hasta 320 m incluso cuando la reflectividad del objeto objetivo es de s\u00f3lo 10%. Tele-15 admite firmware personalizado para aumentar el alcance permitido hasta 1000 m.<\/p>\n<p><strong>Alt\u00edsima precisi\u00f3n y densidad de las nubes de puntos<\/strong><br \/>Tele-15 tiene una precisi\u00f3n angular de 0,03\u00b0 y un \u00e1ngulo de divergencia del haz de 0,12\u00b0 (vertical) x 0,02\u00b0 (horizontal). La alt\u00edsima precisi\u00f3n de la nube de puntos permite al Tele-15 reconocer f\u00e1cilmente la posici\u00f3n y el contorno de los objetos objetivo, incluso si se encuentran lejos en el campo de visi\u00f3n. Tele-15 puede detectar objetos situados a una distancia de hasta 500 m con una reflectividad de 80%. En el caso de coches negros con menor reflectividad, Tele-15 puede capturar 14 puntos en s\u00f3lo 100 ms a una distancia de 500 m, cumpliendo los requisitos de datos de nubes de puntos de los algoritmos de conducci\u00f3n aut\u00f3noma.<\/p>\n<p><strong>Patrones de exploraci\u00f3n que no se repiten<\/strong><br \/>Mediante la emisi\u00f3n de l\u00e1seres multil\u00ednea y patrones de exploraci\u00f3n no repetitivos, Tele-15 puede distribuir hasta 240.000 puntos en su campo de visi\u00f3n de 15\u00b0. El Tele-15 puede capturar 99,8% del campo de visi\u00f3n en s\u00f3lo 100 ms. Esto lo hace m\u00e1s potente que los sensores LiDAR mec\u00e1nicos convencionales de 128 l\u00edneas. Esto significa que los veh\u00edculos aut\u00f3nomos pueden ver m\u00e1s lejos y con m\u00e1s detalle en la distancia.<\/p>\n<p><strong>Robustez y fiabilidad<\/strong><br \/>El Tele-15 presenta un innovador dise\u00f1o de sistema optoelectr\u00f3nico con componentes fotoel\u00e9ctricos sin rotaci\u00f3n, lo que se traduce en una mayor fiabilidad y vida \u00fatil. El dise\u00f1o presenta una gran resistencia a la deformaci\u00f3n t\u00e9rmica y cumple las normas de automoci\u00f3n VW80000 e ISO16750. El tiempo medio de inactividad es de 40.000 horas. En el caso de los veh\u00edculos, esto corresponde a una vida \u00fatil media de 10 a\u00f1os, seg\u00fan las normas de automoci\u00f3n aplicables. En general, la conducci\u00f3n aut\u00f3noma cumple los requisitos del nivel de autonom\u00eda 3\/4.<\/p>\n<p><strong>IMU integrada y SDK abierto<\/strong><br \/>Tele-15 lleva incorporada una BMI088-IMU que transmite datos a una frecuencia de 200 Hz, incluida la informaci\u00f3n de la marca de tiempo y el c\u00f3digo indicador de estado. Esto facilita la creaci\u00f3n de algoritmos de compensaci\u00f3n de movimiento y SLAM (localizaci\u00f3n y mapeo simult\u00e1neos).<\/p>\n<p><strong>SDK<\/strong><br \/>El SDK de Livox proporciona soporte para varios lenguajes de programaci\u00f3n, incluyendo C, C ++ y Python en diferentes plataformas como Linux, Windows y ROS - lo que facilita la integraci\u00f3n y prueba de los sensores LiDAR de Livox en cualquier entorno. Livox tambi\u00e9n proporciona algoritmos de uso com\u00fan como SLAM. La calibraci\u00f3n de par\u00e1metros externos ayuda a sacar el m\u00e1ximo provecho del sensor.<\/p>\n<p><strong>Excelente relaci\u00f3n calidad-precio<\/strong><br \/>Livox ofrece tecnolog\u00eda DL-Pack patentada, soluciones de sistemas fotoel\u00e9ctricos y un dise\u00f1o de producto altamente modular y automatizado. Estas caracter\u00edsticas minimizan el tedioso enfoque manual y otros procesos, mejoran el rendimiento y permiten la producci\u00f3n en serie y la aplicaci\u00f3n vers\u00e1til de la tecnolog\u00eda LiDAR.<\/p>\n<p><strong>Coste-beneficio<\/strong><br \/>Tele-15 utiliza componentes est\u00e1ndar probados para alcanzar su extraordinario rendimiento m\u00e1ximo. Su precio incre\u00edblemente bajo tambi\u00e9n contribuye a que la tecnolog\u00eda LiDAR sea accesible a un p\u00fablico m\u00e1s amplio.<\/p>\n<p><strong>Certificaci\u00f3n de seguridad T\u00dcV Rheinland<\/strong><br \/>El Tele-15 puede detectar objetos hasta una distancia de 500 metros mediante un sistema \u00f3ptico coaxial. El sistema l\u00e1ser est\u00e1 certificado por T\u00dcV Rheinland y cumple la clase 1 de la norma sobre l\u00e1seres IEC 60825-1: 2014. Esta clase es la m\u00e1s baja y segura de cualquier l\u00e1ser y, por tanto, es inofensiva para el ojo humano.<\/p>","protected":false},"excerpt":{"rendered":"<ul>\n<li>Densidad de nubes de puntos superior a 128 l\u00edneas<\/li>\n<li>Puede detectar objetos a una distancia de hasta 500 metros<\/li>\n<li>Nubes de puntos de alt\u00edsima precisi\u00f3n<\/li>\n<li>Estable y fiable<\/li>\n<\/ul>","protected":false},"featured_media":6667,"template":"","meta":{"_acf_changed":false},"product_brand":[],"product_cat":[187,97,751],"product_tag":[],"class_list":{"0":"post-6669","1":"product","2":"type-product","3":"status-publish","4":"has-post-thumbnail","6":"product_cat-alle-lidar","7":"product_cat-alle-producten","8":"product_cat-livox","9":"product_shipping_class-outofstock","10":"pa_brand-livox","11":"pa_productfamily-lidar-sensor","12":"pa_producttype-lidar-sensor","13":"pa_series-livox","15":"first","16":"outofstock","17":"taxable","18":"shipping-taxable","19":"product-type-simple"},"acf":[],"yoast_head":"<!-- This site is optimized with the Yoast SEO Premium plugin v27.2 (Yoast SEO v27.2) - https:\/\/yoast.com\/product\/yoast-seo-premium-wordpress\/ -->\n<title>LIVOX Tele-15 LiDAR - koningdrone.be<\/title>\n<meta name=\"robots\" content=\"index, follow, max-snippet:-1, max-image-preview:large, max-video-preview:-1\" \/>\n<link rel=\"canonical\" href=\"https:\/\/koningdrone.be\/es\/producto\/livox-tele-15-lidar\/\" \/>\n<meta property=\"og:locale\" content=\"es_ES\" \/>\n<meta property=\"og:type\" content=\"article\" \/>\n<meta property=\"og:title\" content=\"LIVOX Tele-15 LiDAR\" \/>\n<meta property=\"og:description\" content=\"Superieur aan 128-lijnen ultrahoge puntenwolkendichtheid  Kan objecten detecteren op een afstand van maximaal 500 meter  Ultrahoge precisie van puntenwolken  Stabiel en betrouwbaar\" \/>\n<meta property=\"og:url\" content=\"https:\/\/koningdrone.be\/es\/producto\/livox-tele-15-lidar\/\" \/>\n<meta property=\"og:site_name\" content=\"koningdrone.be\" \/>\n<meta property=\"article:modified_time\" content=\"2026-04-29T06:20:41+00:00\" \/>\n<meta property=\"og:image\" content=\"https:\/\/koningdrone.be\/wp-content\/uploads\/sites\/13\/2025\/04\/6941565907387-1.jpg\" \/>\n\t<meta property=\"og:image:width\" content=\"1280\" \/>\n\t<meta property=\"og:image:height\" content=\"800\" \/>\n\t<meta property=\"og:image:type\" content=\"image\/jpeg\" \/>\n<meta name=\"twitter:card\" content=\"summary_large_image\" \/>\n<meta name=\"twitter:label1\" content=\"Tiempo de lectura\" \/>\n\t<meta name=\"twitter:data1\" content=\"3 minutos\" \/>\n<script type=\"application\/ld+json\" class=\"yoast-schema-graph\">{\"@context\":\"https:\/\/schema.org\",\"@graph\":[{\"@type\":\"WebPage\",\"@id\":\"https:\/\/koningdrone.be\/product\/livox-tele-15-lidar\/\",\"url\":\"https:\/\/koningdrone.be\/product\/livox-tele-15-lidar\/\",\"name\":\"LIVOX Tele-15 LiDAR - koningdrone.be\",\"isPartOf\":{\"@id\":\"https:\/\/koningdrone.be\/#website\"},\"primaryImageOfPage\":{\"@id\":\"https:\/\/koningdrone.be\/product\/livox-tele-15-lidar\/#primaryimage\"},\"image\":{\"@id\":\"https:\/\/koningdrone.be\/product\/livox-tele-15-lidar\/#primaryimage\"},\"thumbnailUrl\":\"https:\/\/koningdrone.be\/wp-content\/uploads\/sites\/13\/2025\/04\/6941565907387-1.jpg\",\"datePublished\":\"2021-04-16T07:15:06+00:00\",\"dateModified\":\"2026-04-29T06:20:41+00:00\",\"breadcrumb\":{\"@id\":\"https:\/\/koningdrone.be\/product\/livox-tele-15-lidar\/#breadcrumb\"},\"inLanguage\":\"es\",\"potentialAction\":[{\"@type\":\"ReadAction\",\"target\":[\"https:\/\/koningdrone.be\/product\/livox-tele-15-lidar\/\"]}]},{\"@type\":\"ImageObject\",\"inLanguage\":\"es\",\"@id\":\"https:\/\/koningdrone.be\/product\/livox-tele-15-lidar\/#primaryimage\",\"url\":\"https:\/\/koningdrone.be\/wp-content\/uploads\/sites\/13\/2025\/04\/6941565907387-1.jpg\",\"contentUrl\":\"https:\/\/koningdrone.be\/wp-content\/uploads\/sites\/13\/2025\/04\/6941565907387-1.jpg\",\"width\":1280,\"height\":800},{\"@type\":\"BreadcrumbList\",\"@id\":\"https:\/\/koningdrone.be\/product\/livox-tele-15-lidar\/#breadcrumb\",\"itemListElement\":[{\"@type\":\"ListItem\",\"position\":1,\"name\":\"Home\",\"item\":\"https:\/\/koningdrone.be\/\"},{\"@type\":\"ListItem\",\"position\":2,\"name\":\"AVSS Parachute Recovery System for DJI Matrice 300\/350\",\"item\":\"https:\/\/koningdrone.be\/product\/avss-parachute-recovery-system-for-dji-matrice-300-350\/\"},{\"@type\":\"ListItem\",\"position\":3,\"name\":\"Alle LiDaR\",\"item\":\"https:\/\/koningdrone.be\/categorie\/alle-lidar\/\"},{\"@type\":\"ListItem\",\"position\":4,\"name\":\"LIVOX Tele-15 LiDAR\"}]},{\"@type\":\"WebSite\",\"@id\":\"https:\/\/koningdrone.be\/#website\",\"url\":\"https:\/\/koningdrone.be\/\",\"name\":\"Koningdrone.be - Uw online specialist in drones, gimbals, camera's en power stations.\",\"description\":\"De webshop in drones en gimbals\",\"publisher\":{\"@id\":\"https:\/\/koningdrone.be\/#organization\"},\"potentialAction\":[{\"@type\":\"SearchAction\",\"target\":{\"@type\":\"EntryPoint\",\"urlTemplate\":\"https:\/\/koningdrone.be\/?s={search_term_string}\"},\"query-input\":{\"@type\":\"PropertyValueSpecification\",\"valueRequired\":true,\"valueName\":\"search_term_string\"}}],\"inLanguage\":\"es\"},{\"@type\":\"Organization\",\"@id\":\"https:\/\/koningdrone.be\/#organization\",\"name\":\"Koningdrone.be\",\"url\":\"https:\/\/koningdrone.be\/\",\"logo\":{\"@type\":\"ImageObject\",\"inLanguage\":\"es\",\"@id\":\"https:\/\/koningdrone.be\/#\/schema\/logo\/image\/\",\"url\":\"https:\/\/koningdrone.be\/wp-content\/uploads\/sites\/13\/2025\/04\/koningdrone-copyright-logo.svg\",\"contentUrl\":\"https:\/\/koningdrone.be\/wp-content\/uploads\/sites\/13\/2025\/04\/koningdrone-copyright-logo.svg\",\"width\":227,\"height\":38,\"caption\":\"Koningdrone.be\"},\"image\":{\"@id\":\"https:\/\/koningdrone.be\/#\/schema\/logo\/image\/\"}}]}<\/script>\n<!-- \/ Yoast SEO Premium plugin. -->","yoast_head_json":{"title":"LIVOX Tele-15 LiDAR - koningdrone.be","robots":{"index":"index","follow":"follow","max-snippet":"max-snippet:-1","max-image-preview":"max-image-preview:large","max-video-preview":"max-video-preview:-1"},"canonical":"https:\/\/koningdrone.be\/es\/producto\/livox-tele-15-lidar\/","og_locale":"es_ES","og_type":"article","og_title":"LIVOX Tele-15 LiDAR","og_description":"Superieur aan 128-lijnen ultrahoge puntenwolkendichtheid  Kan objecten detecteren op een afstand van maximaal 500 meter  Ultrahoge precisie van puntenwolken  Stabiel en betrouwbaar","og_url":"https:\/\/koningdrone.be\/es\/producto\/livox-tele-15-lidar\/","og_site_name":"koningdrone.be","article_modified_time":"2026-04-29T06:20:41+00:00","og_image":[{"width":1280,"height":800,"url":"https:\/\/koningdrone.be\/wp-content\/uploads\/sites\/13\/2025\/04\/6941565907387-1.jpg","type":"image\/jpeg"}],"twitter_card":"summary_large_image","twitter_misc":{"Tiempo de lectura":"3 minutos"},"schema":{"@context":"https:\/\/schema.org","@graph":[{"@type":"WebPage","@id":"https:\/\/koningdrone.be\/product\/livox-tele-15-lidar\/","url":"https:\/\/koningdrone.be\/product\/livox-tele-15-lidar\/","name":"LIVOX Tele-15 LiDAR - koningdrone.be","isPartOf":{"@id":"https:\/\/koningdrone.be\/#website"},"primaryImageOfPage":{"@id":"https:\/\/koningdrone.be\/product\/livox-tele-15-lidar\/#primaryimage"},"image":{"@id":"https:\/\/koningdrone.be\/product\/livox-tele-15-lidar\/#primaryimage"},"thumbnailUrl":"https:\/\/koningdrone.be\/wp-content\/uploads\/sites\/13\/2025\/04\/6941565907387-1.jpg","datePublished":"2021-04-16T07:15:06+00:00","dateModified":"2026-04-29T06:20:41+00:00","breadcrumb":{"@id":"https:\/\/koningdrone.be\/product\/livox-tele-15-lidar\/#breadcrumb"},"inLanguage":"es","potentialAction":[{"@type":"ReadAction","target":["https:\/\/koningdrone.be\/product\/livox-tele-15-lidar\/"]}]},{"@type":"ImageObject","inLanguage":"es","@id":"https:\/\/koningdrone.be\/product\/livox-tele-15-lidar\/#primaryimage","url":"https:\/\/koningdrone.be\/wp-content\/uploads\/sites\/13\/2025\/04\/6941565907387-1.jpg","contentUrl":"https:\/\/koningdrone.be\/wp-content\/uploads\/sites\/13\/2025\/04\/6941565907387-1.jpg","width":1280,"height":800},{"@type":"BreadcrumbList","@id":"https:\/\/koningdrone.be\/product\/livox-tele-15-lidar\/#breadcrumb","itemListElement":[{"@type":"ListItem","position":1,"name":"Home","item":"https:\/\/koningdrone.be\/"},{"@type":"ListItem","position":2,"name":"AVSS Parachute Recovery System for DJI Matrice 300\/350","item":"https:\/\/koningdrone.be\/product\/avss-parachute-recovery-system-for-dji-matrice-300-350\/"},{"@type":"ListItem","position":3,"name":"Alle LiDaR","item":"https:\/\/koningdrone.be\/categorie\/alle-lidar\/"},{"@type":"ListItem","position":4,"name":"LIVOX Tele-15 LiDAR"}]},{"@type":"WebSite","@id":"https:\/\/koningdrone.be\/#website","url":"https:\/\/koningdrone.be\/","name":"Koningdrone.be - Su especialista en l\u00ednea en drones, cardanes, c\u00e1maras y centrales el\u00e9ctricas.","description":"La tienda virtual de drones y cardanes","publisher":{"@id":"https:\/\/koningdrone.be\/#organization"},"potentialAction":[{"@type":"SearchAction","target":{"@type":"EntryPoint","urlTemplate":"https:\/\/koningdrone.be\/?s={search_term_string}"},"query-input":{"@type":"PropertyValueSpecification","valueRequired":true,"valueName":"search_term_string"}}],"inLanguage":"es"},{"@type":"Organization","@id":"https:\/\/koningdrone.be\/#organization","name":"Kingdrone.es","url":"https:\/\/koningdrone.be\/","logo":{"@type":"ImageObject","inLanguage":"es","@id":"https:\/\/koningdrone.be\/#\/schema\/logo\/image\/","url":"https:\/\/koningdrone.be\/wp-content\/uploads\/sites\/13\/2025\/04\/koningdrone-copyright-logo.svg","contentUrl":"https:\/\/koningdrone.be\/wp-content\/uploads\/sites\/13\/2025\/04\/koningdrone-copyright-logo.svg","width":227,"height":38,"caption":"Koningdrone.be"},"image":{"@id":"https:\/\/koningdrone.be\/#\/schema\/logo\/image\/"}}]}},"df_price":"","df_sale_price":"","df_regular_price":"","df_image_link":"https:\/\/koningdrone.be\/wp-content\/uploads\/sites\/13\/2025\/04\/6941565907387-1-300x188.jpg","_links":{"self":[{"href":"https:\/\/koningdrone.be\/es\/wp-json\/wp\/v2\/product\/6669","targetHints":{"allow":["GET"]}}],"collection":[{"href":"https:\/\/koningdrone.be\/es\/wp-json\/wp\/v2\/product"}],"about":[{"href":"https:\/\/koningdrone.be\/es\/wp-json\/wp\/v2\/types\/product"}],"wp:featuredmedia":[{"embeddable":true,"href":"https:\/\/koningdrone.be\/es\/wp-json\/wp\/v2\/media\/6667"}],"wp:attachment":[{"href":"https:\/\/koningdrone.be\/es\/wp-json\/wp\/v2\/media?parent=6669"}],"wp:term":[{"taxonomy":"product_brand","embeddable":true,"href":"https:\/\/koningdrone.be\/es\/wp-json\/wp\/v2\/product_brand?post=6669"},{"taxonomy":"product_cat","embeddable":true,"href":"https:\/\/koningdrone.be\/es\/wp-json\/wp\/v2\/product_cat?post=6669"},{"taxonomy":"product_tag","embeddable":true,"href":"https:\/\/koningdrone.be\/es\/wp-json\/wp\/v2\/product_tag?post=6669"}],"curies":[{"name":"wp","href":"https:\/\/api.w.org\/{rel}","templated":true}]}}