{"id":6660,"date":"2021-04-16T09:15:06","date_gmt":"2021-04-16T07:15:06","guid":{"rendered":"https:\/\/koningdrone.nl\/kon\/product\/livox-horizon-lidar\/"},"modified":"2026-04-29T08:10:53","modified_gmt":"2026-04-29T06:10:53","slug":"livox-horizon-lidar","status":"publish","type":"product","link":"https:\/\/koningdrone.be\/es\/producto\/livox-horizon-lidar\/","title":{"rendered":"LIVOX Horizon LiDAR"},"content":{"rendered":"<h1>LIVOX Horizon LiDAR<\/h1>\n<p>Livox Horizon es un potente sensor LiDAR especialmente dise\u00f1ado para aplicaciones con niveles de autonom\u00eda 3 y 4. Ofrece una nube de puntos especialmente densa y, con un alcance de hasta 260 metros, est\u00e1 especialmente dise\u00f1ado para medir distancias m\u00e1s largas. Es tan compacto que puede integrarse f\u00e1cilmente en los veh\u00edculos. Con un coste de s\u00f3lo 1% en comparaci\u00f3n con los sensores LiDAR convencionales, tambi\u00e9n es excepcionalmente asequible. Livox Horizon est\u00e1 llamado a reinventar por completo la industria del LIDAR. Con \u00e9l, mediante el uso de tecnolog\u00edas innovadoras y un enorme ahorro de costes, la producci\u00f3n en serie de veh\u00edculos aut\u00f3nomos puede convertirse en una realidad.<\/p>\n<p><strong>AMPLIO CAMPO DE VISI\u00d3N PARA LA CONDUCCI\u00d3N AUT\u00d3NOMA<\/strong><br \/>El alcance de detecci\u00f3n suministrado y el campo de visi\u00f3n rectangular hacen de Livox Horizon el sensor ideal para aplicaciones de conducci\u00f3n aut\u00f3noma. El innovador patr\u00f3n de barrido proporciona un campo de visi\u00f3n de 81,7\u00b0 en horizontal y 25,1\u00b0 en vertical. S\u00f3lo cinco sensores Livox Horizon permiten una cobertura completa de 360\u00b0 del campo de visi\u00f3n.<\/p>\n<p><strong>LA ALTA COBERTURA ELIMINA LOS \u00c1NGULOS MUERTOS<\/strong><br \/>Livox Horizon ofrece el triple de cobertura de nubes de puntos que la serie Mid. Esto es posible gracias al patr\u00f3n de barrido horizontal no repetitivo con m\u00faltiples cabezales l\u00e1ser. El \u00edndice de cobertura de la nube de puntos alcanza casi 100% al poco tiempo. La nube de puntos supera con creces la densidad de un sensor LiDAR mec\u00e1nico de 64 l\u00edneas, lo que garantiza una conducci\u00f3n aut\u00f3noma segura y fiable. Adem\u00e1s, la distribuci\u00f3n m\u00e1s uniforme de la densidad en la nube de puntos garantiza la captura del espacio en el campo de visi\u00f3n sin puntos ciegos.<\/p>\n<p><strong>LIBERAR EL POTENCIAL<\/strong><br \/>El SDK Livox proporciona soporte para varios lenguajes de programaci\u00f3n, incluyendo C, C ++ y Python en diferentes plataformas como Linux, Windows y ROS - lo que facilita la integraci\u00f3n y prueba de los sensores LiDAR Livox en cualquier entorno. Livox tambi\u00e9n proporciona algoritmos de uso com\u00fan (como SLAM; Localizaci\u00f3n y mapeo simult\u00e1neos). La calibraci\u00f3n externa de par\u00e1metros ayuda a los usuarios a sacar el m\u00e1ximo partido del sensor.<\/p>\n<p><strong>INFORMACI\u00d3N CLASIFICADA<\/strong><br \/>Livox tambi\u00e9n proporciona datos clasificados de objetos comunes como veh\u00edculos, peatones o bicicletas. Esto permite a los desarrolladores verificar los algoritmos m\u00e1s r\u00e1pidamente y reducir los costes de aprendizaje. Esto aumenta la eficiencia y ofrece m\u00e1s ventajas cuando se utilizan sensores Livox LiDAR.<\/p>\n<p><strong>ROBUSTO Y FIABLE<\/strong><br \/>Los sensores LiDAR Horizon utilizan un innovador sistema optoelectr\u00f3nico y no tienen componentes mec\u00e1nicos ni giratorios. Esto hace que los sensores de Livox sean m\u00e1s fiables y robustos que los sensores LiDAR tradicionales con componentes optoelectr\u00f3nicos m\u00f3viles. Este dise\u00f1o evita los problemas que suelen asociarse a los LiDAR de estado s\u00f3lido, como el elevado coste, los cortos alcances de detecci\u00f3n y los fallos debidos a la inmadurez de la tecnolog\u00eda. Adem\u00e1s, el sensor LiDAR Livox Horizon est\u00e1 dise\u00f1ado para cumplir las normas para veh\u00edculos aut\u00f3nomos VW 80000 e ISO 16750 y satisfacer los requisitos en aplicaciones de producci\u00f3n en serie en los niveles 3 y 4 de conducci\u00f3n aut\u00f3noma.<\/p>\n<p><strong>PRODUCCI\u00d3N EN SERIE EN GRANDES CIFRAS<\/strong><br \/>Tradicionalmente, encontrar un sensor LiDAR barato, potente, fiable y listo para la producci\u00f3n en serie de grandes vol\u00famenes ha sido un gran reto. Los avances en \u00e1mbitos como la conducci\u00f3n aut\u00f3noma, la rob\u00f3tica, la log\u00edstica, la cartograf\u00eda o la seguridad se han visto limitados hasta ahora por factores como el elevado coste o la escasa disponibilidad de la tecnolog\u00eda LiDAR. Livox est\u00e1 preparada para revolucionar la industria LiDAR. Sus m\u00faltiples transceptores l\u00e1ser con unidades transmisoras y receptoras fiables, sus patrones de escaneado espec\u00edficos y un dise\u00f1o de producto modular adaptado espec\u00edficamente a la industria del autom\u00f3vil confieren a la tecnolog\u00eda LiDAR el potencial necesario para su producci\u00f3n y aplicaci\u00f3n en masa.<\/p>\n<p><strong>VENTAJAS ECON\u00d3MICAS<\/strong><br \/>Adem\u00e1s del exclusivo dise\u00f1o del producto, que permite la producci\u00f3n de grandes vol\u00famenes, el sistema \u00f3ptico de los sensores Horizon LiDAR utiliza componentes probados y f\u00e1cilmente disponibles. Garantizan un rendimiento excelente mediante transceptores de bajo coste y hacen que el sensor Horizon LiDAR sea especialmente asequible.<\/p>","protected":false},"excerpt":{"rendered":"<ul>\n<li>Alto rendimiento econ\u00f3mico<\/li>\n<li>Campo de visi\u00f3n m\u00e1s amplio y nube de puntos m\u00e1s densa<\/li>\n<li>Equivalente a efectos LiDAR de 64 l\u00edneas<\/li>\n<li>M\u00e9todo de escaneado m\u00e1s reconocible<\/li>\n<\/ul>","protected":false},"featured_media":6658,"template":"","meta":{"_acf_changed":false},"product_brand":[],"product_cat":[187,97,751],"product_tag":[],"class_list":{"0":"post-6660","1":"product","2":"type-product","3":"status-publish","4":"has-post-thumbnail","6":"product_cat-alle-lidar","7":"product_cat-alle-producten","8":"product_cat-livox","9":"product_shipping_class-outofstock","10":"pa_brand-livox","11":"pa_productfamily-lidar-sensor","12":"pa_producttype-lidar-sensor","13":"pa_series-livox","15":"first","16":"outofstock","17":"taxable","18":"shipping-taxable","19":"product-type-simple"},"acf":[],"yoast_head":"<!-- This site is optimized with the Yoast SEO Premium plugin v27.2 (Yoast SEO v27.2) - https:\/\/yoast.com\/product\/yoast-seo-premium-wordpress\/ -->\n<title>LIVOX Horizon LiDAR - koningdrone.be<\/title>\n<meta name=\"robots\" content=\"index, follow, max-snippet:-1, max-image-preview:large, max-video-preview:-1\" \/>\n<link rel=\"canonical\" href=\"https:\/\/koningdrone.be\/es\/producto\/livox-horizon-lidar\/\" \/>\n<meta property=\"og:locale\" content=\"es_ES\" \/>\n<meta property=\"og:type\" content=\"article\" \/>\n<meta property=\"og:title\" content=\"LIVOX Horizon LiDAR\" \/>\n<meta property=\"og:description\" content=\"Hoge kostenprestaties  Breder gezichtsveld en dichtere puntenwolk  Gelijk aan 64-regelige LiDAR-effecten  Meer herkenbare scanmethode\" \/>\n<meta property=\"og:url\" content=\"https:\/\/koningdrone.be\/es\/producto\/livox-horizon-lidar\/\" \/>\n<meta property=\"og:site_name\" content=\"koningdrone.be\" \/>\n<meta property=\"article:modified_time\" content=\"2026-04-29T06:10:53+00:00\" \/>\n<meta property=\"og:image\" content=\"https:\/\/koningdrone.be\/wp-content\/uploads\/sites\/13\/2025\/04\/6941565907394-1.jpg\" \/>\n\t<meta property=\"og:image:width\" content=\"1280\" \/>\n\t<meta property=\"og:image:height\" content=\"800\" \/>\n\t<meta property=\"og:image:type\" content=\"image\/jpeg\" \/>\n<meta name=\"twitter:card\" content=\"summary_large_image\" \/>\n<meta name=\"twitter:label1\" content=\"Tiempo de lectura\" \/>\n\t<meta name=\"twitter:data1\" content=\"3 minutos\" \/>\n<script type=\"application\/ld+json\" class=\"yoast-schema-graph\">{\"@context\":\"https:\/\/schema.org\",\"@graph\":[{\"@type\":\"WebPage\",\"@id\":\"https:\/\/koningdrone.be\/product\/livox-horizon-lidar\/\",\"url\":\"https:\/\/koningdrone.be\/product\/livox-horizon-lidar\/\",\"name\":\"LIVOX Horizon LiDAR - koningdrone.be\",\"isPartOf\":{\"@id\":\"https:\/\/koningdrone.be\/#website\"},\"primaryImageOfPage\":{\"@id\":\"https:\/\/koningdrone.be\/product\/livox-horizon-lidar\/#primaryimage\"},\"image\":{\"@id\":\"https:\/\/koningdrone.be\/product\/livox-horizon-lidar\/#primaryimage\"},\"thumbnailUrl\":\"https:\/\/koningdrone.be\/wp-content\/uploads\/sites\/13\/2025\/04\/6941565907394-1.jpg\",\"datePublished\":\"2021-04-16T07:15:06+00:00\",\"dateModified\":\"2026-04-29T06:10:53+00:00\",\"breadcrumb\":{\"@id\":\"https:\/\/koningdrone.be\/product\/livox-horizon-lidar\/#breadcrumb\"},\"inLanguage\":\"es\",\"potentialAction\":[{\"@type\":\"ReadAction\",\"target\":[\"https:\/\/koningdrone.be\/product\/livox-horizon-lidar\/\"]}]},{\"@type\":\"ImageObject\",\"inLanguage\":\"es\",\"@id\":\"https:\/\/koningdrone.be\/product\/livox-horizon-lidar\/#primaryimage\",\"url\":\"https:\/\/koningdrone.be\/wp-content\/uploads\/sites\/13\/2025\/04\/6941565907394-1.jpg\",\"contentUrl\":\"https:\/\/koningdrone.be\/wp-content\/uploads\/sites\/13\/2025\/04\/6941565907394-1.jpg\",\"width\":1280,\"height\":800},{\"@type\":\"BreadcrumbList\",\"@id\":\"https:\/\/koningdrone.be\/product\/livox-horizon-lidar\/#breadcrumb\",\"itemListElement\":[{\"@type\":\"ListItem\",\"position\":1,\"name\":\"Home\",\"item\":\"https:\/\/koningdrone.be\/\"},{\"@type\":\"ListItem\",\"position\":2,\"name\":\"AVSS Parachute Recovery System for DJI Matrice 300\/350\",\"item\":\"https:\/\/koningdrone.be\/product\/avss-parachute-recovery-system-for-dji-matrice-300-350\/\"},{\"@type\":\"ListItem\",\"position\":3,\"name\":\"Alle LiDaR\",\"item\":\"https:\/\/koningdrone.be\/categorie\/alle-lidar\/\"},{\"@type\":\"ListItem\",\"position\":4,\"name\":\"LIVOX Horizon LiDAR\"}]},{\"@type\":\"WebSite\",\"@id\":\"https:\/\/koningdrone.be\/#website\",\"url\":\"https:\/\/koningdrone.be\/\",\"name\":\"Koningdrone.be - Uw online specialist in drones, gimbals, camera's en power stations.\",\"description\":\"De webshop in drones en gimbals\",\"publisher\":{\"@id\":\"https:\/\/koningdrone.be\/#organization\"},\"potentialAction\":[{\"@type\":\"SearchAction\",\"target\":{\"@type\":\"EntryPoint\",\"urlTemplate\":\"https:\/\/koningdrone.be\/?s={search_term_string}\"},\"query-input\":{\"@type\":\"PropertyValueSpecification\",\"valueRequired\":true,\"valueName\":\"search_term_string\"}}],\"inLanguage\":\"es\"},{\"@type\":\"Organization\",\"@id\":\"https:\/\/koningdrone.be\/#organization\",\"name\":\"Koningdrone.be\",\"url\":\"https:\/\/koningdrone.be\/\",\"logo\":{\"@type\":\"ImageObject\",\"inLanguage\":\"es\",\"@id\":\"https:\/\/koningdrone.be\/#\/schema\/logo\/image\/\",\"url\":\"https:\/\/koningdrone.be\/wp-content\/uploads\/sites\/13\/2025\/04\/koningdrone-copyright-logo.svg\",\"contentUrl\":\"https:\/\/koningdrone.be\/wp-content\/uploads\/sites\/13\/2025\/04\/koningdrone-copyright-logo.svg\",\"width\":227,\"height\":38,\"caption\":\"Koningdrone.be\"},\"image\":{\"@id\":\"https:\/\/koningdrone.be\/#\/schema\/logo\/image\/\"}}]}<\/script>\n<!-- \/ Yoast SEO Premium plugin. -->","yoast_head_json":{"title":"LIVOX Horizon LiDAR - koningdrone.be","robots":{"index":"index","follow":"follow","max-snippet":"max-snippet:-1","max-image-preview":"max-image-preview:large","max-video-preview":"max-video-preview:-1"},"canonical":"https:\/\/koningdrone.be\/es\/producto\/livox-horizon-lidar\/","og_locale":"es_ES","og_type":"article","og_title":"LIVOX Horizon LiDAR","og_description":"Hoge kostenprestaties  Breder gezichtsveld en dichtere puntenwolk  Gelijk aan 64-regelige LiDAR-effecten  Meer herkenbare scanmethode","og_url":"https:\/\/koningdrone.be\/es\/producto\/livox-horizon-lidar\/","og_site_name":"koningdrone.be","article_modified_time":"2026-04-29T06:10:53+00:00","og_image":[{"width":1280,"height":800,"url":"https:\/\/koningdrone.be\/wp-content\/uploads\/sites\/13\/2025\/04\/6941565907394-1.jpg","type":"image\/jpeg"}],"twitter_card":"summary_large_image","twitter_misc":{"Tiempo de lectura":"3 minutos"},"schema":{"@context":"https:\/\/schema.org","@graph":[{"@type":"WebPage","@id":"https:\/\/koningdrone.be\/product\/livox-horizon-lidar\/","url":"https:\/\/koningdrone.be\/product\/livox-horizon-lidar\/","name":"LIVOX Horizon LiDAR - koningdrone.be","isPartOf":{"@id":"https:\/\/koningdrone.be\/#website"},"primaryImageOfPage":{"@id":"https:\/\/koningdrone.be\/product\/livox-horizon-lidar\/#primaryimage"},"image":{"@id":"https:\/\/koningdrone.be\/product\/livox-horizon-lidar\/#primaryimage"},"thumbnailUrl":"https:\/\/koningdrone.be\/wp-content\/uploads\/sites\/13\/2025\/04\/6941565907394-1.jpg","datePublished":"2021-04-16T07:15:06+00:00","dateModified":"2026-04-29T06:10:53+00:00","breadcrumb":{"@id":"https:\/\/koningdrone.be\/product\/livox-horizon-lidar\/#breadcrumb"},"inLanguage":"es","potentialAction":[{"@type":"ReadAction","target":["https:\/\/koningdrone.be\/product\/livox-horizon-lidar\/"]}]},{"@type":"ImageObject","inLanguage":"es","@id":"https:\/\/koningdrone.be\/product\/livox-horizon-lidar\/#primaryimage","url":"https:\/\/koningdrone.be\/wp-content\/uploads\/sites\/13\/2025\/04\/6941565907394-1.jpg","contentUrl":"https:\/\/koningdrone.be\/wp-content\/uploads\/sites\/13\/2025\/04\/6941565907394-1.jpg","width":1280,"height":800},{"@type":"BreadcrumbList","@id":"https:\/\/koningdrone.be\/product\/livox-horizon-lidar\/#breadcrumb","itemListElement":[{"@type":"ListItem","position":1,"name":"Home","item":"https:\/\/koningdrone.be\/"},{"@type":"ListItem","position":2,"name":"AVSS Parachute Recovery System for DJI Matrice 300\/350","item":"https:\/\/koningdrone.be\/product\/avss-parachute-recovery-system-for-dji-matrice-300-350\/"},{"@type":"ListItem","position":3,"name":"Alle LiDaR","item":"https:\/\/koningdrone.be\/categorie\/alle-lidar\/"},{"@type":"ListItem","position":4,"name":"LIVOX Horizon LiDAR"}]},{"@type":"WebSite","@id":"https:\/\/koningdrone.be\/#website","url":"https:\/\/koningdrone.be\/","name":"Koningdrone.be - Su especialista en l\u00ednea en drones, cardanes, c\u00e1maras y centrales el\u00e9ctricas.","description":"La tienda virtual de drones y cardanes","publisher":{"@id":"https:\/\/koningdrone.be\/#organization"},"potentialAction":[{"@type":"SearchAction","target":{"@type":"EntryPoint","urlTemplate":"https:\/\/koningdrone.be\/?s={search_term_string}"},"query-input":{"@type":"PropertyValueSpecification","valueRequired":true,"valueName":"search_term_string"}}],"inLanguage":"es"},{"@type":"Organization","@id":"https:\/\/koningdrone.be\/#organization","name":"Kingdrone.es","url":"https:\/\/koningdrone.be\/","logo":{"@type":"ImageObject","inLanguage":"es","@id":"https:\/\/koningdrone.be\/#\/schema\/logo\/image\/","url":"https:\/\/koningdrone.be\/wp-content\/uploads\/sites\/13\/2025\/04\/koningdrone-copyright-logo.svg","contentUrl":"https:\/\/koningdrone.be\/wp-content\/uploads\/sites\/13\/2025\/04\/koningdrone-copyright-logo.svg","width":227,"height":38,"caption":"Koningdrone.be"},"image":{"@id":"https:\/\/koningdrone.be\/#\/schema\/logo\/image\/"}}]}},"df_price":"","df_sale_price":"","df_regular_price":"","df_image_link":"https:\/\/koningdrone.be\/wp-content\/uploads\/sites\/13\/2025\/04\/6941565907394-1-300x188.jpg","_links":{"self":[{"href":"https:\/\/koningdrone.be\/es\/wp-json\/wp\/v2\/product\/6660","targetHints":{"allow":["GET"]}}],"collection":[{"href":"https:\/\/koningdrone.be\/es\/wp-json\/wp\/v2\/product"}],"about":[{"href":"https:\/\/koningdrone.be\/es\/wp-json\/wp\/v2\/types\/product"}],"wp:featuredmedia":[{"embeddable":true,"href":"https:\/\/koningdrone.be\/es\/wp-json\/wp\/v2\/media\/6658"}],"wp:attachment":[{"href":"https:\/\/koningdrone.be\/es\/wp-json\/wp\/v2\/media?parent=6660"}],"wp:term":[{"taxonomy":"product_brand","embeddable":true,"href":"https:\/\/koningdrone.be\/es\/wp-json\/wp\/v2\/product_brand?post=6660"},{"taxonomy":"product_cat","embeddable":true,"href":"https:\/\/koningdrone.be\/es\/wp-json\/wp\/v2\/product_cat?post=6660"},{"taxonomy":"product_tag","embeddable":true,"href":"https:\/\/koningdrone.be\/es\/wp-json\/wp\/v2\/product_tag?post=6660"}],"curies":[{"name":"wp","href":"https:\/\/api.w.org\/{rel}","templated":true}]}}