{"id":6616,"date":"2021-06-25T13:30:03","date_gmt":"2021-06-25T11:30:03","guid":{"rendered":"https:\/\/koningdrone.nl\/kon\/product\/parrot-anafi-usa-thermal-se\/"},"modified":"2025-06-12T08:35:30","modified_gmt":"2025-06-12T06:35:30","slug":"parrot-anafi-usa-thermal-se","status":"publish","type":"product","link":"https:\/\/koningdrone.be\/es\/producto\/parrot-anafi-usa-thermal-se\/","title":{"rendered":"Parrot Anafi USA T\u00e9rmica SE"},"content":{"rendered":"<p><strong>Descubra el vers\u00e1til dron ANAFI Thermal SE<\/strong><br \/>\nEl ANAFI Thermal SE est\u00e1 equipado con dos c\u00e1maras que capturan im\u00e1genes visibles y t\u00e9rmicas, que se fusionan directamente en la app FreeFlight 6 para un an\u00e1lisis detallado. Permite a los profesionales de sectores como la construcci\u00f3n, la seguridad civil, el suministro energ\u00e9tico y la conservaci\u00f3n realizar inspecciones y supervisar situaciones de forma eficiente sin presencia f\u00edsica, ahorrando tiempo y costes.<\/p>\n<p>Con la c\u00e1mara termogr\u00e1fica FLIR Lepton 3.5 integrada y una c\u00e1mara 4K HDR con sensor Sony de 21 MP, el ANAFI Thermal SE ofrece una calidad de imagen inigualable. El dron es ligero (315 g), ultracompacto y operativo en tres segundos. Su exclusivo dise\u00f1o plegable, combinado con un card\u00e1n de inclinaci\u00f3n vertical, permite realizar inspecciones detalladas desde todos los \u00e1ngulos. El dron es ideal tanto para identificar diferencias t\u00e9rmicas como para inspeccionar con precisi\u00f3n estructuras en alta resoluci\u00f3n.<\/p>","protected":false},"excerpt":{"rendered":"<ul>\n<li>Drone + doble sensor (t\u00e9rmico y RGB) + app para seguimiento y an\u00e1lisis<\/li>\n<li>S\u00f3lo 315 g y un dise\u00f1o plegable \u00fanico para que puedas llevarlo a cualquier parte;<\/li>\n<li>2 c\u00e1maras: FLIR\u00ae t\u00e9rmica y 4K HDR con sensor Sony de 21 MP. Estabilizaci\u00f3n de 3 ejes e inclinaci\u00f3n de +\/-90\u00b0 para observar justo debajo de estructuras;<\/li>\n<li>hasta 78 min de vuelo recogido (3 pilas);<\/li>\n<li>f\u00e1cil de usar gracias a la aplicaci\u00f3n FreeFlight 6.<\/li>\n<\/ul>","protected":false},"featured_media":6611,"template":"","meta":{"_acf_changed":false},"product_brand":[],"product_cat":[97,99,100,325,326],"product_tag":[],"class_list":{"0":"post-6616","1":"product","2":"type-product","3":"status-publish","4":"has-post-thumbnail","6":"product_cat-alle-producten","7":"product_cat-drones-met-certificaat","8":"product_cat-enterprise-drones","9":"product_cat-parrot","10":"product_cat-professionele-parrot-drones","11":"pa_brand-parrot","12":"pa_dronegrade-enterprise","13":"pa_productfamily-drone","14":"pa_producttype-drone","15":"pa_series-parrot-anafi-usa","17":"first","18":"outofstock","19":"taxable","20":"shipping-taxable","21":"product-type-simple"},"acf":[],"yoast_head":"<!-- This site is optimized with the Yoast SEO Premium plugin v27.2 (Yoast SEO v27.2) - https:\/\/yoast.com\/product\/yoast-seo-premium-wordpress\/ -->\n<title>Parrot Anafi USA Thermal SE - koningdrone.be<\/title>\n<meta name=\"robots\" content=\"index, follow, max-snippet:-1, max-image-preview:large, max-video-preview:-1\" \/>\n<link rel=\"canonical\" href=\"https:\/\/koningdrone.be\/es\/producto\/parrot-anafi-usa-thermal-se\/\" \/>\n<meta property=\"og:locale\" content=\"es_ES\" \/>\n<meta property=\"og:type\" content=\"article\" \/>\n<meta property=\"og:title\" content=\"Parrot Anafi USA Thermal SE\" \/>\n<meta property=\"og:description\" content=\"Drone + dubbele sensor (thermisch en RGB) + app voor controle en analyse  Slechts 315 g en een uniek opvouwbaar ontwerp zodat je hem overal mee naartoe kunt nemen;  2 camera&#039;s: thermische FLIR\u00ae en 4K HDR met 21 MP Sony-sensor. 3-assige stabilisatie en +\/-90\u00b0 kantelen om recht onder constructies te observeren;  tot 78 min verzamelde vlucht (3 batterijen);  gemakkelijk te gebruiken dankzij de FreeFlight 6-app.\" \/>\n<meta property=\"og:url\" content=\"https:\/\/koningdrone.be\/es\/producto\/parrot-anafi-usa-thermal-se\/\" \/>\n<meta property=\"og:site_name\" content=\"koningdrone.be\" \/>\n<meta property=\"article:modified_time\" content=\"2025-06-12T06:35:30+00:00\" \/>\n<meta property=\"og:image\" content=\"https:\/\/koningdrone.be\/wp-content\/uploads\/sites\/13\/2025\/04\/3520410049170-1.jpg\" \/>\n\t<meta property=\"og:image:width\" content=\"600\" \/>\n\t<meta property=\"og:image:height\" content=\"600\" \/>\n\t<meta property=\"og:image:type\" content=\"image\/jpeg\" \/>\n<meta name=\"twitter:card\" content=\"summary_large_image\" \/>\n<meta name=\"twitter:label1\" content=\"Tiempo de lectura\" \/>\n\t<meta name=\"twitter:data1\" content=\"1 minuto\" \/>\n<script type=\"application\/ld+json\" class=\"yoast-schema-graph\">{\"@context\":\"https:\/\/schema.org\",\"@graph\":[{\"@type\":\"WebPage\",\"@id\":\"https:\/\/koningdrone.be\/product\/parrot-anafi-usa-thermal-se\/\",\"url\":\"https:\/\/koningdrone.be\/product\/parrot-anafi-usa-thermal-se\/\",\"name\":\"Parrot Anafi USA Thermal SE - koningdrone.be\",\"isPartOf\":{\"@id\":\"https:\/\/koningdrone.be\/#website\"},\"primaryImageOfPage\":{\"@id\":\"https:\/\/koningdrone.be\/product\/parrot-anafi-usa-thermal-se\/#primaryimage\"},\"image\":{\"@id\":\"https:\/\/koningdrone.be\/product\/parrot-anafi-usa-thermal-se\/#primaryimage\"},\"thumbnailUrl\":\"https:\/\/koningdrone.be\/wp-content\/uploads\/sites\/13\/2025\/04\/3520410049170-1.jpg\",\"datePublished\":\"2021-06-25T11:30:03+00:00\",\"dateModified\":\"2025-06-12T06:35:30+00:00\",\"breadcrumb\":{\"@id\":\"https:\/\/koningdrone.be\/product\/parrot-anafi-usa-thermal-se\/#breadcrumb\"},\"inLanguage\":\"es\",\"potentialAction\":[{\"@type\":\"ReadAction\",\"target\":[\"https:\/\/koningdrone.be\/product\/parrot-anafi-usa-thermal-se\/\"]}]},{\"@type\":\"ImageObject\",\"inLanguage\":\"es\",\"@id\":\"https:\/\/koningdrone.be\/product\/parrot-anafi-usa-thermal-se\/#primaryimage\",\"url\":\"https:\/\/koningdrone.be\/wp-content\/uploads\/sites\/13\/2025\/04\/3520410049170-1.jpg\",\"contentUrl\":\"https:\/\/koningdrone.be\/wp-content\/uploads\/sites\/13\/2025\/04\/3520410049170-1.jpg\",\"width\":600,\"height\":600},{\"@type\":\"BreadcrumbList\",\"@id\":\"https:\/\/koningdrone.be\/product\/parrot-anafi-usa-thermal-se\/#breadcrumb\",\"itemListElement\":[{\"@type\":\"ListItem\",\"position\":1,\"name\":\"Home\",\"item\":\"https:\/\/koningdrone.be\/\"},{\"@type\":\"ListItem\",\"position\":2,\"name\":\"AVSS Parachute Recovery System for DJI Matrice 300\/350\",\"item\":\"https:\/\/koningdrone.be\/product\/avss-parachute-recovery-system-for-dji-matrice-300-350\/\"},{\"@type\":\"ListItem\",\"position\":3,\"name\":\"Alle producten\",\"item\":\"https:\/\/koningdrone.be\/categorie\/alle-producten\/\"},{\"@type\":\"ListItem\",\"position\":4,\"name\":\"Parrot Anafi USA Thermal SE\"}]},{\"@type\":\"WebSite\",\"@id\":\"https:\/\/koningdrone.be\/#website\",\"url\":\"https:\/\/koningdrone.be\/\",\"name\":\"Koningdrone.be - Uw online specialist in drones, gimbals, camera's en power stations.\",\"description\":\"De webshop in drones en gimbals\",\"publisher\":{\"@id\":\"https:\/\/koningdrone.be\/#organization\"},\"potentialAction\":[{\"@type\":\"SearchAction\",\"target\":{\"@type\":\"EntryPoint\",\"urlTemplate\":\"https:\/\/koningdrone.be\/?s={search_term_string}\"},\"query-input\":{\"@type\":\"PropertyValueSpecification\",\"valueRequired\":true,\"valueName\":\"search_term_string\"}}],\"inLanguage\":\"es\"},{\"@type\":\"Organization\",\"@id\":\"https:\/\/koningdrone.be\/#organization\",\"name\":\"Koningdrone.be\",\"url\":\"https:\/\/koningdrone.be\/\",\"logo\":{\"@type\":\"ImageObject\",\"inLanguage\":\"es\",\"@id\":\"https:\/\/koningdrone.be\/#\/schema\/logo\/image\/\",\"url\":\"https:\/\/koningdrone.be\/wp-content\/uploads\/sites\/13\/2025\/04\/koningdrone-copyright-logo.svg\",\"contentUrl\":\"https:\/\/koningdrone.be\/wp-content\/uploads\/sites\/13\/2025\/04\/koningdrone-copyright-logo.svg\",\"width\":227,\"height\":38,\"caption\":\"Koningdrone.be\"},\"image\":{\"@id\":\"https:\/\/koningdrone.be\/#\/schema\/logo\/image\/\"}}]}<\/script>\n<!-- \/ Yoast SEO Premium plugin. -->","yoast_head_json":{"title":"Parrot Anafi USA Thermal SE - koningdrone.be","robots":{"index":"index","follow":"follow","max-snippet":"max-snippet:-1","max-image-preview":"max-image-preview:large","max-video-preview":"max-video-preview:-1"},"canonical":"https:\/\/koningdrone.be\/es\/producto\/parrot-anafi-usa-thermal-se\/","og_locale":"es_ES","og_type":"article","og_title":"Parrot Anafi USA Thermal SE","og_description":"Drone + dubbele sensor (thermisch en RGB) + app voor controle en analyse  Slechts 315 g en een uniek opvouwbaar ontwerp zodat je hem overal mee naartoe kunt nemen;  2 camera's: thermische FLIR\u00ae en 4K HDR met 21 MP Sony-sensor. 3-assige stabilisatie en +\/-90\u00b0 kantelen om recht onder constructies te observeren;  tot 78 min verzamelde vlucht (3 batterijen);  gemakkelijk te gebruiken dankzij de FreeFlight 6-app.","og_url":"https:\/\/koningdrone.be\/es\/producto\/parrot-anafi-usa-thermal-se\/","og_site_name":"koningdrone.be","article_modified_time":"2025-06-12T06:35:30+00:00","og_image":[{"width":600,"height":600,"url":"https:\/\/koningdrone.be\/wp-content\/uploads\/sites\/13\/2025\/04\/3520410049170-1.jpg","type":"image\/jpeg"}],"twitter_card":"summary_large_image","twitter_misc":{"Tiempo de lectura":"1 minuto"},"schema":{"@context":"https:\/\/schema.org","@graph":[{"@type":"WebPage","@id":"https:\/\/koningdrone.be\/product\/parrot-anafi-usa-thermal-se\/","url":"https:\/\/koningdrone.be\/product\/parrot-anafi-usa-thermal-se\/","name":"Parrot Anafi USA Thermal SE - koningdrone.be","isPartOf":{"@id":"https:\/\/koningdrone.be\/#website"},"primaryImageOfPage":{"@id":"https:\/\/koningdrone.be\/product\/parrot-anafi-usa-thermal-se\/#primaryimage"},"image":{"@id":"https:\/\/koningdrone.be\/product\/parrot-anafi-usa-thermal-se\/#primaryimage"},"thumbnailUrl":"https:\/\/koningdrone.be\/wp-content\/uploads\/sites\/13\/2025\/04\/3520410049170-1.jpg","datePublished":"2021-06-25T11:30:03+00:00","dateModified":"2025-06-12T06:35:30+00:00","breadcrumb":{"@id":"https:\/\/koningdrone.be\/product\/parrot-anafi-usa-thermal-se\/#breadcrumb"},"inLanguage":"es","potentialAction":[{"@type":"ReadAction","target":["https:\/\/koningdrone.be\/product\/parrot-anafi-usa-thermal-se\/"]}]},{"@type":"ImageObject","inLanguage":"es","@id":"https:\/\/koningdrone.be\/product\/parrot-anafi-usa-thermal-se\/#primaryimage","url":"https:\/\/koningdrone.be\/wp-content\/uploads\/sites\/13\/2025\/04\/3520410049170-1.jpg","contentUrl":"https:\/\/koningdrone.be\/wp-content\/uploads\/sites\/13\/2025\/04\/3520410049170-1.jpg","width":600,"height":600},{"@type":"BreadcrumbList","@id":"https:\/\/koningdrone.be\/product\/parrot-anafi-usa-thermal-se\/#breadcrumb","itemListElement":[{"@type":"ListItem","position":1,"name":"Home","item":"https:\/\/koningdrone.be\/"},{"@type":"ListItem","position":2,"name":"AVSS Parachute Recovery System for DJI Matrice 300\/350","item":"https:\/\/koningdrone.be\/product\/avss-parachute-recovery-system-for-dji-matrice-300-350\/"},{"@type":"ListItem","position":3,"name":"Alle producten","item":"https:\/\/koningdrone.be\/categorie\/alle-producten\/"},{"@type":"ListItem","position":4,"name":"Parrot Anafi USA Thermal SE"}]},{"@type":"WebSite","@id":"https:\/\/koningdrone.be\/#website","url":"https:\/\/koningdrone.be\/","name":"Koningdrone.be - Su especialista en l\u00ednea en drones, cardanes, c\u00e1maras y centrales el\u00e9ctricas.","description":"La tienda virtual de drones y cardanes","publisher":{"@id":"https:\/\/koningdrone.be\/#organization"},"potentialAction":[{"@type":"SearchAction","target":{"@type":"EntryPoint","urlTemplate":"https:\/\/koningdrone.be\/?s={search_term_string}"},"query-input":{"@type":"PropertyValueSpecification","valueRequired":true,"valueName":"search_term_string"}}],"inLanguage":"es"},{"@type":"Organization","@id":"https:\/\/koningdrone.be\/#organization","name":"Kingdrone.es","url":"https:\/\/koningdrone.be\/","logo":{"@type":"ImageObject","inLanguage":"es","@id":"https:\/\/koningdrone.be\/#\/schema\/logo\/image\/","url":"https:\/\/koningdrone.be\/wp-content\/uploads\/sites\/13\/2025\/04\/koningdrone-copyright-logo.svg","contentUrl":"https:\/\/koningdrone.be\/wp-content\/uploads\/sites\/13\/2025\/04\/koningdrone-copyright-logo.svg","width":227,"height":38,"caption":"Koningdrone.be"},"image":{"@id":"https:\/\/koningdrone.be\/#\/schema\/logo\/image\/"}}]}},"df_price":"","df_sale_price":"","df_regular_price":"","df_image_link":"https:\/\/koningdrone.be\/wp-content\/uploads\/sites\/13\/2025\/04\/3520410049170-1-300x300.jpg","_links":{"self":[{"href":"https:\/\/koningdrone.be\/es\/wp-json\/wp\/v2\/product\/6616","targetHints":{"allow":["GET"]}}],"collection":[{"href":"https:\/\/koningdrone.be\/es\/wp-json\/wp\/v2\/product"}],"about":[{"href":"https:\/\/koningdrone.be\/es\/wp-json\/wp\/v2\/types\/product"}],"wp:featuredmedia":[{"embeddable":true,"href":"https:\/\/koningdrone.be\/es\/wp-json\/wp\/v2\/media\/6611"}],"wp:attachment":[{"href":"https:\/\/koningdrone.be\/es\/wp-json\/wp\/v2\/media?parent=6616"}],"wp:term":[{"taxonomy":"product_brand","embeddable":true,"href":"https:\/\/koningdrone.be\/es\/wp-json\/wp\/v2\/product_brand?post=6616"},{"taxonomy":"product_cat","embeddable":true,"href":"https:\/\/koningdrone.be\/es\/wp-json\/wp\/v2\/product_cat?post=6616"},{"taxonomy":"product_tag","embeddable":true,"href":"https:\/\/koningdrone.be\/es\/wp-json\/wp\/v2\/product_tag?post=6616"}],"curies":[{"name":"wp","href":"https:\/\/api.w.org\/{rel}","templated":true}]}}